{"id":6988,"date":"2025-09-17T13:06:12","date_gmt":"2025-09-17T16:06:12","guid":{"rendered":"https:\/\/www.legislapp.com.br\/index.php\/cam-legislativa-de-mg-pl-4174-2025\/"},"modified":"2025-09-17T13:06:12","modified_gmt":"2025-09-17T16:06:12","slug":"cam-legislativa-de-mg-pl-4174-2025","status":"publish","type":"page","link":"https:\/\/www.legislapp.com.br\/index.php\/cam-legislativa-de-mg-pl-4174-2025\/","title":{"rendered":"PL 4174\/2025 &#8211; Deputados"},"content":{"rendered":"<h1 style='text-align: center;'>C\u00e2m. Legislativa de MG &#8211; Autoria de Deputados<\/h3>\n<p><\/p>\n<article style='text-align: center'>Institui o Plano de Monitoramento e Avalia\u00e7\u00e3o da Lei Maria da Penha no<br \/>\n\u00e2mbito do Estado.<\/article>\n<p><\/p>\n<p style='text-align: center'><a href='https:\/\/app.legislapp.com.br\/#\/busca?termo='><\/a><\/p>\n<p><\/p>\n<article>Institui o Plano de Monitoramento e Avalia\u00e7\u00e3o da Lei Maria da Penha no \u00e2mbito do Estado de Minas Gerais.<br \/>\nA Assembleia Legislativa do Estado de Minas Gerais decreta:<br \/>\nArt. 1\u00ba \u2013 Fica institu\u00eddo o Plano de Monitoramento e Avalia\u00e7\u00e3o da Lei Maria da Penha no \u00e2mbito do Estado de Minas Gerais, com a finalidade de acompanhar e fiscalizar a aplica\u00e7\u00e3o da Lei Federal n\u00ba 11.340\/2006.<br \/>\nArt. 2\u00ba \u2013 O Plano de que trata o art. 1\u00ba tem por objetivos:<br \/>\nI \u2013 garantir a transpar\u00eancia e a publicidade das a\u00e7\u00f5es estaduais de combate \u00e0 viol\u00eancia dom\u00e9stica e familiar;<br \/>\nII \u2013 fornecer dados e informa\u00e7\u00f5es que subsidiem a elabora\u00e7\u00e3o de pol\u00edticas p\u00fablicas eficazes e baseadas em evid\u00eancias;<br \/>\nIII \u2013 avaliar o desempenho da rede de prote\u00e7\u00e3o \u00e0 mulher no Estado;<br \/>\nIV \u2013 incentivar a atua\u00e7\u00e3o integrada do Poder Executivo, do Poder Judici\u00e1rio, do Minist\u00e9rio P\u00fablico e da Defensoria P\u00fablica.<br \/>\nArt. 3\u00ba \u2013 O Poder Executivo, para a execu\u00e7\u00e3o do Plano, dever\u00e1 elaborar e publicar, anualmente, at\u00e9 o dia 31 de mar\u00e7o, um relat\u00f3rio detalhado com base em informa\u00e7\u00f5es fornecidas pelos \u00f3rg\u00e3os e institui\u00e7\u00f5es de que trata o art. 2\u00ba, contendo, no m\u00ednimo, os seguintes dados:<br \/>\nI \u2013 do \u00e2mbito da seguran\u00e7a p\u00fablica e prote\u00e7\u00e3o:<br \/>\na) n\u00famero de boletins de ocorr\u00eancia de viol\u00eancia dom\u00e9stica e familiar registrados; b) n\u00famero de medidas protetivas de urg\u00eancia solicitadas e concedidas, com o tempo m\u00e9dio de expedi\u00e7\u00e3o;<br \/>\nb) n\u00famero de descumprimentos de medidas protetivas registrados.<br \/>\nII \u2013 da rede de Apoio e Assist\u00eancia:<br \/>\na) n\u00famero de vagas e taxa de ocupa\u00e7\u00e3o das casas-abrigo e de outros servi\u00e7os de acolhimento;<br \/>\nb) n\u00famero de atendimentos psicossociais e jur\u00eddicos realizados pelos centros de refer\u00eancia;<br \/>\nc) dados sobre a oferta e a demanda de programas de qualifica\u00e7\u00e3o profissional para mulheres v\u00edtimas de viol\u00eancia.<br \/>\nIII \u2013 do Sistema de Justi\u00e7a:<br \/>\na) n\u00famero de inqu\u00e9ritos policiais instaurados e de den\u00fancias criminais oferecidas;<br \/>\nb) n\u00famero de senten\u00e7as proferidas e o tempo m\u00e9dio de tramita\u00e7\u00e3o dos processos;<br \/>\nc) n\u00famero de feminic\u00eddios e de feminic\u00eddios em que a v\u00edtima possu\u00eda medida protetiva vigente.<br \/>\nIV \u2013 do Or\u00e7amento do Estado:<br \/>\na) o valor total do or\u00e7amento estadual destinado \u00e0s pol\u00edticas de combate \u00e0 viol\u00eancia contra a mulher;<br \/>\nb) a discrimina\u00e7\u00e3o de como esses recursos foram aplicados nos diferentes programas e \u00f3rg\u00e3os.<br \/>\nArt. 4\u00ba \u2013 O Poder Executivo dever\u00e1 firmar conv\u00eanios e acordos de coopera\u00e7\u00e3o com o Poder Judici\u00e1rio, o Minist\u00e9rio P\u00fablico e a Defensoria P\u00fablica para o interc\u00e2mbio de dados necess\u00e1rios \u00e0 elabora\u00e7\u00e3o do relat\u00f3rio, respeitando a autonomia e a legisla\u00e7\u00e3o de cada institui\u00e7\u00e3o.<br \/>\nArt. 5\u00ba \u2013 O relat\u00f3rio anual dever\u00e1 ser amplamente divulgado em meios digitais oficiais, como o portal eletr\u00f4nico do Governo do Estado, e enviado \u00e0 Assembleia Legislativa de Minas Gerais para conhecimento e an\u00e1lise.<br \/>\nArt. 6\u00ba \u2013 Esta lei entra em vigor na data de sua publica\u00e7\u00e3o.<br \/>\nSala das Reuni\u00f5es, 8 de agosto de 2025.<br \/>\nMaria Clara Marra (PSDB), presidente da Comiss\u00e3o de Defesa dos Direitos da Pessoa com Defici\u00eancia.<br \/>\nJustifica\u00e7\u00e3o: A Lei Federal n\u00ba 11.340\/2006, conhecida como Lei Maria da Penha, representa um marco civilizat\u00f3rio na luta contra a viol\u00eancia dom\u00e9stica e familiar no Brasil. Contudo, a simples exist\u00eancia da lei n\u00e3o garante sua plena efetividade, sendo fundamental que o Estado promova um acompanhamento sistem\u00e1tico de sua aplica\u00e7\u00e3o para identificar gargalos, aprimorar pol\u00edticas p\u00fablicas e assegurar a prote\u00e7\u00e3o integral da mulher, notadamente na justa indica\u00e7\u00e3o de recursos p\u00fablicos que possam, de fato, mudar o cen\u00e1rio do estado de Minas Gerais.<br \/>\nO presente projeto de lei se alinha com o dever constitucional de fiscaliza\u00e7\u00e3o do Poder Legislativo sobre o Poder Executivo. Ao instituir o Plano de Monitoramento e Avalia\u00e7\u00e3o, esta proposi\u00e7\u00e3o n\u00e3o cria novas despesas diretas para o Estado ou invade a compet\u00eancia do Poder Executivo em sua gest\u00e3o administrativa. Pelo contr\u00e1rio, ela estabelece um mecanismo de transpar\u00eancia e presta\u00e7\u00e3o de contas que utiliza a estrutura e os dados j\u00e1 existentes nos \u00f3rg\u00e3os e institui\u00e7\u00f5es respons\u00e1veis pelo combate \u00e0 viol\u00eancia, como o Poder Judici\u00e1rio, o Minist\u00e9rio P\u00fablico, a Defensoria P\u00fablica e a pr\u00f3pria Secretaria de Estado de Desenvolvimento Social.<br \/>\nO objetivo \u00e9 fornecer \u00e0 sociedade e aos tomadores de decis\u00e3o um panorama claro e anual sobre a efic\u00e1cia das a\u00e7\u00f5es do Estado na prote\u00e7\u00e3o da mulher, permitindo que a atua\u00e7\u00e3o do Poder P\u00fablico seja orientada por evid\u00eancias e resultados, compartilhando os dados dos diversos \u00f3rg\u00e3os que atuam nessa seara, para melhor compreens\u00e3o do cen\u00e1rio e necessidades de corre\u00e7\u00e3o.<br \/>\nDessa forma, o projeto de lei contribui decisivamente para o fortalecimento da rede de prote\u00e7\u00e3o e para a preven\u00e7\u00e3o de novos casos de viol\u00eancia, proporcionando a\u00e7\u00f5es conjuntas mais assertivas, em conson\u00e2ncia com a urg\u00eancia e a relev\u00e2ncia do tema no cen\u00e1rio social de Minas Gerais.<br \/>\nPor isso, solicito o apoio dos meus pares para a aprova\u00e7\u00e3o desta proposi\u00e7\u00e3o.<br \/>\n\u2013 Semelhante proposi\u00e7\u00e3o foi apresentada anteriormente pela deputada Ana Paula Siqueira. Anexe-se ao Projeto de Lei n\u00ba 3.704\/2022, nos termos do \u00a7 2\u00ba do art. 173 do Regimento Interno.<\/article>\n<div style=\"text-align: center\">\n<div style=\"margin-bottom: 20px;\" class=\"et_pb_button_module_wrapper et_pb_button_5_tb_body_wrapper et_pb_button_alignment_center et_pb_module \">\n         <a class=\"et_pb_button et_pb_button_5_tb_body et_hover_enabled et_pb_bg_layout_dark\" style=\"width: 50%;background-color: black;\" href=\"https:\/\/app.legislapp.com.br\" target=\"_blank\" rel=\"noopener\">Visualizar completo na nossa plataforma (30 dias gr\u00e1tis)<\/a><\/p><\/div>\n<p>      <a href=\"https:\/\/play.google.com\/store\/apps\/details?id=br.com.legislapp\"><img decoding=\"async\" style=\"width: 15%; min-width: 130px;\" src=\"https:\/\/www.legislapp.com.br\/wp-content\/uploads\/google-play.png\"><\/a><br \/>\n      <a href=\"https:\/\/apps.apple.com\/us\/app\/legislapp\/id1568929859\"><img decoding=\"async\" style=\"width: 15%; min-width: 130px\" src=\"https:\/\/www.legislapp.com.br\/wp-content\/uploads\/apple-store.png\"><\/a>\n   <\/div>\n","protected":false},"excerpt":{"rendered":"<p>C\u00e2m. Legislativa de MG &#8211; Autoria de Deputados Institui o Plano de Monitoramento e Avalia\u00e7\u00e3o da Lei Maria da Penha no \u00e2mbito do Estado. Institui o Plano de Monitoramento e Avalia\u00e7\u00e3o da Lei Maria da Penha no \u00e2mbito do Estado de Minas Gerais. A Assembleia Legislativa do Estado de Minas Gerais decreta: Art. 1\u00ba \u2013 [&hellip;]<\/p>\n","protected":false},"author":1,"featured_media":0,"parent":0,"menu_order":0,"comment_status":"closed","ping_status":"closed","template":"page-template-blank.php","meta":{"_et_pb_use_builder":"","_et_pb_old_content":"","_et_gb_content_width":"1080","ngg_post_thumbnail":0,"footnotes":""},"class_list":["post-6988","page","type-page","status-publish","hentry"],"yoast_head":"<!-- This site is optimized with the Yoast SEO plugin v24.4 - https:\/\/yoast.com\/wordpress\/plugins\/seo\/ -->\n<title>PL 4174\/2025 - Deputados - Legislapp<\/title>\n<meta name=\"robots\" content=\"index, follow, max-snippet:-1, max-image-preview:large, max-video-preview:-1\" \/>\n<link rel=\"canonical\" href=\"https:\/\/www.legislapp.com.br\/index.php\/cam-legislativa-de-mg-pl-4174-2025\/\" \/>\n<meta property=\"og:locale\" content=\"pt_BR\" \/>\n<meta property=\"og:type\" content=\"article\" \/>\n<meta property=\"og:title\" content=\"PL 4174\/2025 - Deputados - Legislapp\" \/>\n<meta property=\"og:description\" content=\"C\u00e2m. Legislativa de MG &#8211; Autoria de Deputados Institui o Plano de Monitoramento e Avalia\u00e7\u00e3o da Lei Maria da Penha no \u00e2mbito do Estado. Institui o Plano de Monitoramento e Avalia\u00e7\u00e3o da Lei Maria da Penha no \u00e2mbito do Estado de Minas Gerais. A Assembleia Legislativa do Estado de Minas Gerais decreta: Art. 1\u00ba \u2013 [&hellip;]\" \/>\n<meta property=\"og:url\" content=\"https:\/\/www.legislapp.com.br\/index.php\/cam-legislativa-de-mg-pl-4174-2025\/\" \/>\n<meta property=\"og:site_name\" content=\"Legislapp\" \/>\n<meta property=\"article:publisher\" content=\"https:\/\/www.instagram.com\/legislapp\/\" \/>\n<meta property=\"og:image\" content=\"https:\/\/www.legislapp.com.br\/wp-content\/uploads\/google-play.png\" \/>\n<meta name=\"twitter:card\" content=\"summary_large_image\" \/>\n<meta name=\"twitter:label1\" content=\"Est. tempo de leitura\" \/>\n\t<meta name=\"twitter:data1\" content=\"5 minutos\" \/>\n<script type=\"application\/ld+json\" class=\"yoast-schema-graph\">{\"@context\":\"https:\/\/schema.org\",\"@graph\":[{\"@type\":\"WebPage\",\"@id\":\"https:\/\/www.legislapp.com.br\/index.php\/cam-legislativa-de-mg-pl-4174-2025\/\",\"url\":\"https:\/\/www.legislapp.com.br\/index.php\/cam-legislativa-de-mg-pl-4174-2025\/\",\"name\":\"PL 4174\/2025 - Deputados - Legislapp\",\"isPartOf\":{\"@id\":\"https:\/\/www.legislapp.com.br\/#website\"},\"primaryImageOfPage\":{\"@id\":\"https:\/\/www.legislapp.com.br\/index.php\/cam-legislativa-de-mg-pl-4174-2025\/#primaryimage\"},\"image\":{\"@id\":\"https:\/\/www.legislapp.com.br\/index.php\/cam-legislativa-de-mg-pl-4174-2025\/#primaryimage\"},\"thumbnailUrl\":\"https:\/\/www.legislapp.com.br\/wp-content\/uploads\/google-play.png\",\"datePublished\":\"2025-09-17T16:06:12+00:00\",\"breadcrumb\":{\"@id\":\"https:\/\/www.legislapp.com.br\/index.php\/cam-legislativa-de-mg-pl-4174-2025\/#breadcrumb\"},\"inLanguage\":\"pt-BR\",\"potentialAction\":[{\"@type\":\"ReadAction\",\"target\":[\"https:\/\/www.legislapp.com.br\/index.php\/cam-legislativa-de-mg-pl-4174-2025\/\"]}]},{\"@type\":\"ImageObject\",\"inLanguage\":\"pt-BR\",\"@id\":\"https:\/\/www.legislapp.com.br\/index.php\/cam-legislativa-de-mg-pl-4174-2025\/#primaryimage\",\"url\":\"https:\/\/www.legislapp.com.br\/wp-content\/uploads\/google-play.png\",\"contentUrl\":\"https:\/\/www.legislapp.com.br\/wp-content\/uploads\/google-play.png\",\"width\":564,\"height\":168},{\"@type\":\"BreadcrumbList\",\"@id\":\"https:\/\/www.legislapp.com.br\/index.php\/cam-legislativa-de-mg-pl-4174-2025\/#breadcrumb\",\"itemListElement\":[{\"@type\":\"ListItem\",\"position\":1,\"name\":\"In\u00edcio\",\"item\":\"https:\/\/www.legislapp.com.br\/\"},{\"@type\":\"ListItem\",\"position\":2,\"name\":\"PL 4174\/2025 &#8211; Deputados\"}]},{\"@type\":\"WebSite\",\"@id\":\"https:\/\/www.legislapp.com.br\/#website\",\"url\":\"https:\/\/www.legislapp.com.br\/\",\"name\":\"Legislapp\",\"description\":\"Intelig\u00eancia governamental em tempo real\",\"publisher\":{\"@id\":\"https:\/\/www.legislapp.com.br\/#organization\"},\"potentialAction\":[{\"@type\":\"SearchAction\",\"target\":{\"@type\":\"EntryPoint\",\"urlTemplate\":\"https:\/\/www.legislapp.com.br\/?s={search_term_string}\"},\"query-input\":{\"@type\":\"PropertyValueSpecification\",\"valueRequired\":true,\"valueName\":\"search_term_string\"}}],\"inLanguage\":\"pt-BR\"},{\"@type\":\"Organization\",\"@id\":\"https:\/\/www.legislapp.com.br\/#organization\",\"name\":\"Legislapp Monitoramento e Intelig\u00eancia Governamental\",\"url\":\"https:\/\/www.legislapp.com.br\/\",\"logo\":{\"@type\":\"ImageObject\",\"inLanguage\":\"pt-BR\",\"@id\":\"https:\/\/www.legislapp.com.br\/#\/schema\/logo\/image\/\",\"url\":\"https:\/\/www.legislapp.com.br\/wp-content\/uploads\/icon.png\",\"contentUrl\":\"https:\/\/www.legislapp.com.br\/wp-content\/uploads\/icon.png\",\"width\":1024,\"height\":1024,\"caption\":\"Legislapp Monitoramento e Intelig\u00eancia Governamental\"},\"image\":{\"@id\":\"https:\/\/www.legislapp.com.br\/#\/schema\/logo\/image\/\"},\"sameAs\":[\"https:\/\/www.instagram.com\/legislapp\/\"]}]}<\/script>\n<!-- \/ Yoast SEO plugin. -->","yoast_head_json":{"title":"PL 4174\/2025 - Deputados - Legislapp","robots":{"index":"index","follow":"follow","max-snippet":"max-snippet:-1","max-image-preview":"max-image-preview:large","max-video-preview":"max-video-preview:-1"},"canonical":"https:\/\/www.legislapp.com.br\/index.php\/cam-legislativa-de-mg-pl-4174-2025\/","og_locale":"pt_BR","og_type":"article","og_title":"PL 4174\/2025 - Deputados - Legislapp","og_description":"C\u00e2m. Legislativa de MG &#8211; Autoria de Deputados Institui o Plano de Monitoramento e Avalia\u00e7\u00e3o da Lei Maria da Penha no \u00e2mbito do Estado. Institui o Plano de Monitoramento e Avalia\u00e7\u00e3o da Lei Maria da Penha no \u00e2mbito do Estado de Minas Gerais. A Assembleia Legislativa do Estado de Minas Gerais decreta: Art. 1\u00ba \u2013 [&hellip;]","og_url":"https:\/\/www.legislapp.com.br\/index.php\/cam-legislativa-de-mg-pl-4174-2025\/","og_site_name":"Legislapp","article_publisher":"https:\/\/www.instagram.com\/legislapp\/","og_image":[{"url":"https:\/\/www.legislapp.com.br\/wp-content\/uploads\/google-play.png","type":"","width":"","height":""}],"twitter_card":"summary_large_image","twitter_misc":{"Est. tempo de leitura":"5 minutos"},"schema":{"@context":"https:\/\/schema.org","@graph":[{"@type":"WebPage","@id":"https:\/\/www.legislapp.com.br\/index.php\/cam-legislativa-de-mg-pl-4174-2025\/","url":"https:\/\/www.legislapp.com.br\/index.php\/cam-legislativa-de-mg-pl-4174-2025\/","name":"PL 4174\/2025 - Deputados - Legislapp","isPartOf":{"@id":"https:\/\/www.legislapp.com.br\/#website"},"primaryImageOfPage":{"@id":"https:\/\/www.legislapp.com.br\/index.php\/cam-legislativa-de-mg-pl-4174-2025\/#primaryimage"},"image":{"@id":"https:\/\/www.legislapp.com.br\/index.php\/cam-legislativa-de-mg-pl-4174-2025\/#primaryimage"},"thumbnailUrl":"https:\/\/www.legislapp.com.br\/wp-content\/uploads\/google-play.png","datePublished":"2025-09-17T16:06:12+00:00","breadcrumb":{"@id":"https:\/\/www.legislapp.com.br\/index.php\/cam-legislativa-de-mg-pl-4174-2025\/#breadcrumb"},"inLanguage":"pt-BR","potentialAction":[{"@type":"ReadAction","target":["https:\/\/www.legislapp.com.br\/index.php\/cam-legislativa-de-mg-pl-4174-2025\/"]}]},{"@type":"ImageObject","inLanguage":"pt-BR","@id":"https:\/\/www.legislapp.com.br\/index.php\/cam-legislativa-de-mg-pl-4174-2025\/#primaryimage","url":"https:\/\/www.legislapp.com.br\/wp-content\/uploads\/google-play.png","contentUrl":"https:\/\/www.legislapp.com.br\/wp-content\/uploads\/google-play.png","width":564,"height":168},{"@type":"BreadcrumbList","@id":"https:\/\/www.legislapp.com.br\/index.php\/cam-legislativa-de-mg-pl-4174-2025\/#breadcrumb","itemListElement":[{"@type":"ListItem","position":1,"name":"In\u00edcio","item":"https:\/\/www.legislapp.com.br\/"},{"@type":"ListItem","position":2,"name":"PL 4174\/2025 &#8211; Deputados"}]},{"@type":"WebSite","@id":"https:\/\/www.legislapp.com.br\/#website","url":"https:\/\/www.legislapp.com.br\/","name":"Legislapp","description":"Intelig\u00eancia governamental em tempo real","publisher":{"@id":"https:\/\/www.legislapp.com.br\/#organization"},"potentialAction":[{"@type":"SearchAction","target":{"@type":"EntryPoint","urlTemplate":"https:\/\/www.legislapp.com.br\/?s={search_term_string}"},"query-input":{"@type":"PropertyValueSpecification","valueRequired":true,"valueName":"search_term_string"}}],"inLanguage":"pt-BR"},{"@type":"Organization","@id":"https:\/\/www.legislapp.com.br\/#organization","name":"Legislapp Monitoramento e Intelig\u00eancia Governamental","url":"https:\/\/www.legislapp.com.br\/","logo":{"@type":"ImageObject","inLanguage":"pt-BR","@id":"https:\/\/www.legislapp.com.br\/#\/schema\/logo\/image\/","url":"https:\/\/www.legislapp.com.br\/wp-content\/uploads\/icon.png","contentUrl":"https:\/\/www.legislapp.com.br\/wp-content\/uploads\/icon.png","width":1024,"height":1024,"caption":"Legislapp Monitoramento e Intelig\u00eancia Governamental"},"image":{"@id":"https:\/\/www.legislapp.com.br\/#\/schema\/logo\/image\/"},"sameAs":["https:\/\/www.instagram.com\/legislapp\/"]}]}},"_links":{"self":[{"href":"https:\/\/www.legislapp.com.br\/index.php\/wp-json\/wp\/v2\/pages\/6988","targetHints":{"allow":["GET"]}}],"collection":[{"href":"https:\/\/www.legislapp.com.br\/index.php\/wp-json\/wp\/v2\/pages"}],"about":[{"href":"https:\/\/www.legislapp.com.br\/index.php\/wp-json\/wp\/v2\/types\/page"}],"author":[{"embeddable":true,"href":"https:\/\/www.legislapp.com.br\/index.php\/wp-json\/wp\/v2\/users\/1"}],"replies":[{"embeddable":true,"href":"https:\/\/www.legislapp.com.br\/index.php\/wp-json\/wp\/v2\/comments?post=6988"}],"version-history":[{"count":0,"href":"https:\/\/www.legislapp.com.br\/index.php\/wp-json\/wp\/v2\/pages\/6988\/revisions"}],"wp:attachment":[{"href":"https:\/\/www.legislapp.com.br\/index.php\/wp-json\/wp\/v2\/media?parent=6988"}],"curies":[{"name":"wp","href":"https:\/\/api.w.org\/{rel}","templated":true}]}}