{"id":6997,"date":"2025-09-17T13:06:41","date_gmt":"2025-09-17T16:06:41","guid":{"rendered":"https:\/\/www.legislapp.com.br\/index.php\/cam-legislativa-de-mg-pl-4171-2025\/"},"modified":"2025-09-17T13:06:41","modified_gmt":"2025-09-17T16:06:41","slug":"cam-legislativa-de-mg-pl-4171-2025","status":"publish","type":"page","link":"https:\/\/www.legislapp.com.br\/index.php\/cam-legislativa-de-mg-pl-4171-2025\/","title":{"rendered":"PL 4171\/2025 &#8211; Deputados"},"content":{"rendered":"<h1 style='text-align: center;'>C\u00e2m. Legislativa de MG &#8211; Autoria de Deputados<\/h3>\n<p><\/p>\n<article style='text-align: center'>Altera a Lei 15476, de 12 de abril de 2005, que determina a inclus\u00e3o<br \/>\nde conte\u00fados referentes \u00e0 cidadania nos curr\u00edculos das escolas de ensino<br \/>\nfundamental e m\u00e9dio.<\/article>\n<p><\/p>\n<p style='text-align: center'><a href='https:\/\/app.legislapp.com.br\/#\/busca?termo='><\/a><\/p>\n<p><\/p>\n<article>Altera a Lei n\u00ba 15.476, de 12 de abril de 2005, que determina a inclus\u00e3o de conte\u00fados referentes \u00e0 cidadania nos curr\u00edculos das escolas de ensino fundamental e m\u00e9dio, para incluir os direitos das mulheres e das pessoas com defici\u00eancia e para dispor sobre a inclus\u00e3o de no\u00e7\u00f5es de Libras na rede estadual de ensino.<br \/>\nA Assembleia Legislativa do Estado de Minas Gerais decreta:<br \/>\nArt. 1\u00ba \u2013 O art. 2\u00ba da Lei n\u00ba 15.476, de 12 de abril de 2005, passa a vigorar com os acrescidos dos seguintes incisos:<br \/>\n\u201cArt. 2\u00ba \u2013 (\u2026)<br \/>\nIX \u2013 direitos das mulheres e o combate \u00e0 viol\u00eancia dom\u00e9stica;<br \/>\nX \u2013 direitos das pessoas com defici\u00eancia.\u201d.<br \/>\nArt. 2\u00ba \u2013 O art. 2\u00ba da Lei n\u00ba 15.476, de 12 de abril de 2005, fica acrescido do seguinte \u00a7 2\u00ba, renumerando-se o par\u00e1grafo \u00fanico para \u00a7 1\u00ba:<br \/>\n\u201cArt. 2\u00ba \u2013 (\u2026)<br \/>\n\u00a7 2\u00ba \u2013 O Poder Executivo, no \u00e2mbito do disposto no inciso X, do caput deste artigo, dever\u00e1 adotar medidas para que as escolas da rede estadual de ensino contemplem em suas atividades pedag\u00f3gicas no\u00e7\u00f5es de Libras \u2013 L\u00edngua Brasileira de Sinais \u2013, com vistas \u00e0 promo\u00e7\u00e3o da inclus\u00e3o e do respeito \u00e0 diversidade.\u201d.<br \/>\nArt. 3\u00ba \u2013 Esta lei entra em vigor na data de sua publica\u00e7\u00e3o.<br \/>\nSala das Reuni\u00f5es, 8 de agosto de 2025.<br \/>\nMaria Clara Marra (PSDB), presidente da Comiss\u00e3o de Defesa dos Direitos da Pessoa com Defici\u00eancia.<br \/>\nJustifica\u00e7\u00e3o: A Lei n\u00ba 15.476, de 2005, que determina a inclus\u00e3o de conte\u00fados referentes \u00e0 cidadania nos curr\u00edculos escolares, desempenha um papel fundamental na forma\u00e7\u00e3o de cidad\u00e3os conscientes e participativos. O pr\u00f3prio texto da lei estabelece que o caminho para essa forma\u00e7\u00e3o c\u00edvica se d\u00e1, em grande parte, por meio da educa\u00e7\u00e3o e a legisla\u00e7\u00e3o, ao longo do tempo, precisa ser atualizada para refletir as novas demandas sociais e as discuss\u00f5es contempor\u00e2neas sobre o que significa ser um cidad\u00e3o completo no s\u00e9culo XXI.<br \/>\nO presente projeto de lei busca aprimorar essa legisla\u00e7\u00e3o, com a inclus\u00e3o dos \u201cdireitos das mulheres e combate \u00e0 viol\u00eancia dom\u00e9stica\u201d e dos \u201cdireitos das pessoas com defici\u00eancia\u201d como temas espec\u00edficos a serem contemplados no programa de educa\u00e7\u00e3o em cidadania. Com isso, visa dar visibilidade e centralidade a pautas que s\u00e3o essenciais para a dignidade humana e ainda pendentes de conscientiza\u00e7\u00e3o social. Ao educar sobre esses temas, o Estado age de forma preventiva, formando cidad\u00e3os mais respeitosos e menos propensos a cometer ou a tolerar atos de viol\u00eancia e discrimina\u00e7\u00e3o.<br \/>\nA proposi\u00e7\u00e3o, ainda, introduz um novo par\u00e1grafo ao artigo 2\u00ba, com o objetivo de promover a inclus\u00e3o da comunidade surda. A ado\u00e7\u00e3o de medidas para a inclus\u00e3o de no\u00e7\u00f5es de Libras contribui para a desconstru\u00e7\u00e3o de barreiras comunicacionais e para o fortalecimento de uma cultura de respeito e de diversidade, atributos essenciais \u00e0 cidadania plena.<br \/>\nAs medidas propostas ser\u00e3o implementadas no \u00e2mbito do programa j\u00e1 existente e sob a gest\u00e3o do Poder Executivo, que ter\u00e1 a responsabilidade de regulamentar e inserir os novos temas e conceitos de forma pedag\u00f3gica na rede de ensino. Assim, a proposi\u00e7\u00e3o se mostra constitucionalmente vi\u00e1vel e legal, ao aprimorar uma pol\u00edtica p\u00fablica essencial de maneira eficiente e alinhada com as necessidades da sociedade mineira.<br \/>\nAssim, solicito o apoio dos meus nobres colegas para aprova\u00e7\u00e3o da presente proposi\u00e7\u00e3o legislativa.<br \/>\n\u2013 Semelhante proposi\u00e7\u00e3o foi apresentada anteriormente pelo deputado Z\u00e9 Guilherme. Anexe-se ao Projeto de Lei n\u00ba 959\/2019, nos termos do \u00a7 2\u00ba do art. 173 do Regimento Interno.<\/article>\n<div style=\"text-align: center\">\n<div style=\"margin-bottom: 20px;\" class=\"et_pb_button_module_wrapper et_pb_button_5_tb_body_wrapper et_pb_button_alignment_center et_pb_module \">\n         <a class=\"et_pb_button et_pb_button_5_tb_body et_hover_enabled et_pb_bg_layout_dark\" style=\"width: 50%;background-color: black;\" href=\"https:\/\/app.legislapp.com.br\" target=\"_blank\" rel=\"noopener\">Visualizar completo na nossa plataforma (30 dias gr\u00e1tis)<\/a><\/p><\/div>\n<p>      <a href=\"https:\/\/play.google.com\/store\/apps\/details?id=br.com.legislapp\"><img decoding=\"async\" style=\"width: 15%; min-width: 130px;\" src=\"https:\/\/www.legislapp.com.br\/wp-content\/uploads\/google-play.png\"><\/a><br \/>\n      <a href=\"https:\/\/apps.apple.com\/us\/app\/legislapp\/id1568929859\"><img decoding=\"async\" style=\"width: 15%; min-width: 130px\" src=\"https:\/\/www.legislapp.com.br\/wp-content\/uploads\/apple-store.png\"><\/a>\n   <\/div>\n","protected":false},"excerpt":{"rendered":"<p>C\u00e2m. Legislativa de MG &#8211; Autoria de Deputados Altera a Lei 15476, de 12 de abril de 2005, que determina a inclus\u00e3o de conte\u00fados referentes \u00e0 cidadania nos curr\u00edculos das escolas de ensino fundamental e m\u00e9dio. Altera a Lei n\u00ba 15.476, de 12 de abril de 2005, que determina a inclus\u00e3o de conte\u00fados referentes \u00e0 [&hellip;]<\/p>\n","protected":false},"author":1,"featured_media":0,"parent":0,"menu_order":0,"comment_status":"closed","ping_status":"closed","template":"page-template-blank.php","meta":{"_et_pb_use_builder":"","_et_pb_old_content":"","_et_gb_content_width":"1080","ngg_post_thumbnail":0,"footnotes":""},"class_list":["post-6997","page","type-page","status-publish","hentry"],"yoast_head":"<!-- This site is optimized with the Yoast SEO plugin v24.4 - https:\/\/yoast.com\/wordpress\/plugins\/seo\/ -->\n<title>PL 4171\/2025 - Deputados - Legislapp<\/title>\n<meta name=\"robots\" content=\"index, follow, max-snippet:-1, max-image-preview:large, max-video-preview:-1\" \/>\n<link rel=\"canonical\" href=\"https:\/\/www.legislapp.com.br\/index.php\/cam-legislativa-de-mg-pl-4171-2025\/\" \/>\n<meta property=\"og:locale\" content=\"pt_BR\" \/>\n<meta property=\"og:type\" content=\"article\" \/>\n<meta property=\"og:title\" content=\"PL 4171\/2025 - Deputados - Legislapp\" \/>\n<meta property=\"og:description\" content=\"C\u00e2m. Legislativa de MG &#8211; Autoria de Deputados Altera a Lei 15476, de 12 de abril de 2005, que determina a inclus\u00e3o de conte\u00fados referentes \u00e0 cidadania nos curr\u00edculos das escolas de ensino fundamental e m\u00e9dio. Altera a Lei n\u00ba 15.476, de 12 de abril de 2005, que determina a inclus\u00e3o de conte\u00fados referentes \u00e0 [&hellip;]\" \/>\n<meta property=\"og:url\" content=\"https:\/\/www.legislapp.com.br\/index.php\/cam-legislativa-de-mg-pl-4171-2025\/\" \/>\n<meta property=\"og:site_name\" content=\"Legislapp\" \/>\n<meta property=\"article:publisher\" content=\"https:\/\/www.instagram.com\/legislapp\/\" \/>\n<meta property=\"og:image\" content=\"https:\/\/www.legislapp.com.br\/wp-content\/uploads\/google-play.png\" \/>\n<meta name=\"twitter:card\" content=\"summary_large_image\" \/>\n<meta name=\"twitter:label1\" content=\"Est. tempo de leitura\" \/>\n\t<meta name=\"twitter:data1\" content=\"3 minutos\" \/>\n<script type=\"application\/ld+json\" class=\"yoast-schema-graph\">{\"@context\":\"https:\/\/schema.org\",\"@graph\":[{\"@type\":\"WebPage\",\"@id\":\"https:\/\/www.legislapp.com.br\/index.php\/cam-legislativa-de-mg-pl-4171-2025\/\",\"url\":\"https:\/\/www.legislapp.com.br\/index.php\/cam-legislativa-de-mg-pl-4171-2025\/\",\"name\":\"PL 4171\/2025 - Deputados - Legislapp\",\"isPartOf\":{\"@id\":\"https:\/\/www.legislapp.com.br\/#website\"},\"primaryImageOfPage\":{\"@id\":\"https:\/\/www.legislapp.com.br\/index.php\/cam-legislativa-de-mg-pl-4171-2025\/#primaryimage\"},\"image\":{\"@id\":\"https:\/\/www.legislapp.com.br\/index.php\/cam-legislativa-de-mg-pl-4171-2025\/#primaryimage\"},\"thumbnailUrl\":\"https:\/\/www.legislapp.com.br\/wp-content\/uploads\/google-play.png\",\"datePublished\":\"2025-09-17T16:06:41+00:00\",\"breadcrumb\":{\"@id\":\"https:\/\/www.legislapp.com.br\/index.php\/cam-legislativa-de-mg-pl-4171-2025\/#breadcrumb\"},\"inLanguage\":\"pt-BR\",\"potentialAction\":[{\"@type\":\"ReadAction\",\"target\":[\"https:\/\/www.legislapp.com.br\/index.php\/cam-legislativa-de-mg-pl-4171-2025\/\"]}]},{\"@type\":\"ImageObject\",\"inLanguage\":\"pt-BR\",\"@id\":\"https:\/\/www.legislapp.com.br\/index.php\/cam-legislativa-de-mg-pl-4171-2025\/#primaryimage\",\"url\":\"https:\/\/www.legislapp.com.br\/wp-content\/uploads\/google-play.png\",\"contentUrl\":\"https:\/\/www.legislapp.com.br\/wp-content\/uploads\/google-play.png\",\"width\":564,\"height\":168},{\"@type\":\"BreadcrumbList\",\"@id\":\"https:\/\/www.legislapp.com.br\/index.php\/cam-legislativa-de-mg-pl-4171-2025\/#breadcrumb\",\"itemListElement\":[{\"@type\":\"ListItem\",\"position\":1,\"name\":\"In\u00edcio\",\"item\":\"https:\/\/www.legislapp.com.br\/\"},{\"@type\":\"ListItem\",\"position\":2,\"name\":\"PL 4171\/2025 &#8211; Deputados\"}]},{\"@type\":\"WebSite\",\"@id\":\"https:\/\/www.legislapp.com.br\/#website\",\"url\":\"https:\/\/www.legislapp.com.br\/\",\"name\":\"Legislapp\",\"description\":\"Intelig\u00eancia governamental em tempo real\",\"publisher\":{\"@id\":\"https:\/\/www.legislapp.com.br\/#organization\"},\"potentialAction\":[{\"@type\":\"SearchAction\",\"target\":{\"@type\":\"EntryPoint\",\"urlTemplate\":\"https:\/\/www.legislapp.com.br\/?s={search_term_string}\"},\"query-input\":{\"@type\":\"PropertyValueSpecification\",\"valueRequired\":true,\"valueName\":\"search_term_string\"}}],\"inLanguage\":\"pt-BR\"},{\"@type\":\"Organization\",\"@id\":\"https:\/\/www.legislapp.com.br\/#organization\",\"name\":\"Legislapp Monitoramento e Intelig\u00eancia Governamental\",\"url\":\"https:\/\/www.legislapp.com.br\/\",\"logo\":{\"@type\":\"ImageObject\",\"inLanguage\":\"pt-BR\",\"@id\":\"https:\/\/www.legislapp.com.br\/#\/schema\/logo\/image\/\",\"url\":\"https:\/\/www.legislapp.com.br\/wp-content\/uploads\/icon.png\",\"contentUrl\":\"https:\/\/www.legislapp.com.br\/wp-content\/uploads\/icon.png\",\"width\":1024,\"height\":1024,\"caption\":\"Legislapp Monitoramento e Intelig\u00eancia Governamental\"},\"image\":{\"@id\":\"https:\/\/www.legislapp.com.br\/#\/schema\/logo\/image\/\"},\"sameAs\":[\"https:\/\/www.instagram.com\/legislapp\/\"]}]}<\/script>\n<!-- \/ Yoast SEO plugin. -->","yoast_head_json":{"title":"PL 4171\/2025 - Deputados - Legislapp","robots":{"index":"index","follow":"follow","max-snippet":"max-snippet:-1","max-image-preview":"max-image-preview:large","max-video-preview":"max-video-preview:-1"},"canonical":"https:\/\/www.legislapp.com.br\/index.php\/cam-legislativa-de-mg-pl-4171-2025\/","og_locale":"pt_BR","og_type":"article","og_title":"PL 4171\/2025 - Deputados - Legislapp","og_description":"C\u00e2m. Legislativa de MG &#8211; Autoria de Deputados Altera a Lei 15476, de 12 de abril de 2005, que determina a inclus\u00e3o de conte\u00fados referentes \u00e0 cidadania nos curr\u00edculos das escolas de ensino fundamental e m\u00e9dio. Altera a Lei n\u00ba 15.476, de 12 de abril de 2005, que determina a inclus\u00e3o de conte\u00fados referentes \u00e0 [&hellip;]","og_url":"https:\/\/www.legislapp.com.br\/index.php\/cam-legislativa-de-mg-pl-4171-2025\/","og_site_name":"Legislapp","article_publisher":"https:\/\/www.instagram.com\/legislapp\/","og_image":[{"url":"https:\/\/www.legislapp.com.br\/wp-content\/uploads\/google-play.png","type":"","width":"","height":""}],"twitter_card":"summary_large_image","twitter_misc":{"Est. tempo de leitura":"3 minutos"},"schema":{"@context":"https:\/\/schema.org","@graph":[{"@type":"WebPage","@id":"https:\/\/www.legislapp.com.br\/index.php\/cam-legislativa-de-mg-pl-4171-2025\/","url":"https:\/\/www.legislapp.com.br\/index.php\/cam-legislativa-de-mg-pl-4171-2025\/","name":"PL 4171\/2025 - Deputados - Legislapp","isPartOf":{"@id":"https:\/\/www.legislapp.com.br\/#website"},"primaryImageOfPage":{"@id":"https:\/\/www.legislapp.com.br\/index.php\/cam-legislativa-de-mg-pl-4171-2025\/#primaryimage"},"image":{"@id":"https:\/\/www.legislapp.com.br\/index.php\/cam-legislativa-de-mg-pl-4171-2025\/#primaryimage"},"thumbnailUrl":"https:\/\/www.legislapp.com.br\/wp-content\/uploads\/google-play.png","datePublished":"2025-09-17T16:06:41+00:00","breadcrumb":{"@id":"https:\/\/www.legislapp.com.br\/index.php\/cam-legislativa-de-mg-pl-4171-2025\/#breadcrumb"},"inLanguage":"pt-BR","potentialAction":[{"@type":"ReadAction","target":["https:\/\/www.legislapp.com.br\/index.php\/cam-legislativa-de-mg-pl-4171-2025\/"]}]},{"@type":"ImageObject","inLanguage":"pt-BR","@id":"https:\/\/www.legislapp.com.br\/index.php\/cam-legislativa-de-mg-pl-4171-2025\/#primaryimage","url":"https:\/\/www.legislapp.com.br\/wp-content\/uploads\/google-play.png","contentUrl":"https:\/\/www.legislapp.com.br\/wp-content\/uploads\/google-play.png","width":564,"height":168},{"@type":"BreadcrumbList","@id":"https:\/\/www.legislapp.com.br\/index.php\/cam-legislativa-de-mg-pl-4171-2025\/#breadcrumb","itemListElement":[{"@type":"ListItem","position":1,"name":"In\u00edcio","item":"https:\/\/www.legislapp.com.br\/"},{"@type":"ListItem","position":2,"name":"PL 4171\/2025 &#8211; Deputados"}]},{"@type":"WebSite","@id":"https:\/\/www.legislapp.com.br\/#website","url":"https:\/\/www.legislapp.com.br\/","name":"Legislapp","description":"Intelig\u00eancia governamental em tempo real","publisher":{"@id":"https:\/\/www.legislapp.com.br\/#organization"},"potentialAction":[{"@type":"SearchAction","target":{"@type":"EntryPoint","urlTemplate":"https:\/\/www.legislapp.com.br\/?s={search_term_string}"},"query-input":{"@type":"PropertyValueSpecification","valueRequired":true,"valueName":"search_term_string"}}],"inLanguage":"pt-BR"},{"@type":"Organization","@id":"https:\/\/www.legislapp.com.br\/#organization","name":"Legislapp Monitoramento e Intelig\u00eancia Governamental","url":"https:\/\/www.legislapp.com.br\/","logo":{"@type":"ImageObject","inLanguage":"pt-BR","@id":"https:\/\/www.legislapp.com.br\/#\/schema\/logo\/image\/","url":"https:\/\/www.legislapp.com.br\/wp-content\/uploads\/icon.png","contentUrl":"https:\/\/www.legislapp.com.br\/wp-content\/uploads\/icon.png","width":1024,"height":1024,"caption":"Legislapp Monitoramento e Intelig\u00eancia Governamental"},"image":{"@id":"https:\/\/www.legislapp.com.br\/#\/schema\/logo\/image\/"},"sameAs":["https:\/\/www.instagram.com\/legislapp\/"]}]}},"_links":{"self":[{"href":"https:\/\/www.legislapp.com.br\/index.php\/wp-json\/wp\/v2\/pages\/6997","targetHints":{"allow":["GET"]}}],"collection":[{"href":"https:\/\/www.legislapp.com.br\/index.php\/wp-json\/wp\/v2\/pages"}],"about":[{"href":"https:\/\/www.legislapp.com.br\/index.php\/wp-json\/wp\/v2\/types\/page"}],"author":[{"embeddable":true,"href":"https:\/\/www.legislapp.com.br\/index.php\/wp-json\/wp\/v2\/users\/1"}],"replies":[{"embeddable":true,"href":"https:\/\/www.legislapp.com.br\/index.php\/wp-json\/wp\/v2\/comments?post=6997"}],"version-history":[{"count":0,"href":"https:\/\/www.legislapp.com.br\/index.php\/wp-json\/wp\/v2\/pages\/6997\/revisions"}],"wp:attachment":[{"href":"https:\/\/www.legislapp.com.br\/index.php\/wp-json\/wp\/v2\/media?parent=6997"}],"curies":[{"name":"wp","href":"https:\/\/api.w.org\/{rel}","templated":true}]}}