{"id":6998,"date":"2025-09-17T13:06:45","date_gmt":"2025-09-17T16:06:45","guid":{"rendered":"https:\/\/www.legislapp.com.br\/index.php\/cam-legislativa-de-mg-pl-4201-2025\/"},"modified":"2025-09-17T13:06:45","modified_gmt":"2025-09-17T16:06:45","slug":"cam-legislativa-de-mg-pl-4201-2025","status":"publish","type":"page","link":"https:\/\/www.legislapp.com.br\/index.php\/cam-legislativa-de-mg-pl-4201-2025\/","title":{"rendered":"PL 4201\/2025 &#8211; Deputados"},"content":{"rendered":"<h1 style='text-align: center;'>C\u00e2m. Legislativa de MG &#8211; Autoria de Deputados<\/h3>\n<p><\/p>\n<article style='text-align: center'>Disp\u00f5e sobre a responsabilidade do Estado pelo traslado do corpo de<br \/>\npessoa sob cust\u00f3dia ou acautelamento estatal, em caso de \u00f3bito, para sua<br \/>\ncidade de origem.<\/article>\n<p><\/p>\n<p style='text-align: center'><a href='https:\/\/app.legislapp.com.br\/#\/busca?termo='><\/a><\/p>\n<p><\/p>\n<article>Disp\u00f5e sobre a responsabilidade do Estado pelo traslado do corpo de pessoa sob cust\u00f3dia ou acautelamento estatal, em caso de \u00f3bito, para sua cidade de origem, e d\u00e1 outras provid\u00eancias.<br \/>\nA Assembleia Legislativa do Estado de Minas Gerais decreta:<br \/>\nArt. 1\u00ba \u2013 \u00c9 de responsabilidade do Estado custear e providenciar o traslado do corpo da pessoa sob cust\u00f3dia ou acautelamento estatal, em caso de \u00f3bito, at\u00e9 a sua cidade de origem, para sepultamento junto \u00e0 fam\u00edlia.<br \/>\n\u00a7 1\u00ba \u2013 O disposto no caput aplica-se aos custodiados ou adolescentes em cumprimento de medida socioeducativa que vierem a \u00f3bito:<br \/>\nI \u2013 no interior de unidades prisionais ou socioeducativas;<br \/>\nII \u2013 durante procedimentos de escolta ou deslocamento oficial;<br \/>\nIII \u2013 em unidades de sa\u00fade, quando internados ou sob responsabilidade do Estado;<br \/>\nIV \u2013 em qualquer outro local, enquanto vigente a cust\u00f3dia, o acautelamento ou a medida socioeducativa.<br \/>\n\u00a7 2\u00ba \u2013 Considera-se cidade de origem:<br \/>\nI \u2013 o munic\u00edpio de resid\u00eancia declarado no momento da entrada no sistema prisional ou socioeducativo; ou<br \/>\nII \u2013 o munic\u00edpio indicado por familiar ou respons\u00e1vel legal, desde que haja comprova\u00e7\u00e3o de v\u00ednculo.<br \/>\nArt. 2\u00ba \u2013 Caber\u00e1 \u00e0 Secretaria de Estado de Justi\u00e7a e Seguran\u00e7a P\u00fablica \u2013 Sejusp \u2013 adotar as medidas necess\u00e1rias para:<br \/>\nI \u2013 articular a libera\u00e7\u00e3o do corpo junto ao Instituto M\u00e9dico Legal \u2013 IML \u2013 e demais \u00f3rg\u00e3os competentes;<br \/>\nII \u2013 realizar, diretamente ou por meio de conv\u00eanios, o transporte at\u00e9 a cidade de origem;<br \/>\nIII \u2013 assegurar condi\u00e7\u00f5es dignas de traslado, preservando a integridade e o respeito ao falecido e \u00e0 fam\u00edlia.<br \/>\nArt. 3\u00ba \u2013 Na hip\u00f3tese de pessoa falecida ind\u00edgena, migrante, solicitante de ref\u00fagio ou refugiada, dever\u00e3o ser observados, al\u00e9m das disposi\u00e7\u00f5es desta lei, os protocolos espec\u00edficos de comunica\u00e7\u00e3o e traslado junto aos \u00f3rg\u00e3os federais e internacionais competentes.<br \/>\nArt. 4\u00ba \u2013 Na aus\u00eancia de familiares ou respons\u00e1veis, ou na hip\u00f3tese de recusa do recebimento do corpo, caber\u00e1 ao Estado providenciar o sepultamento digno no munic\u00edpio de \u00f3bito ou, quando poss\u00edvel, no munic\u00edpio de origem declarado.<br \/>\nArt. 5\u00ba \u2013 O Poder Executivo regulamentar\u00e1 esta lei no prazo de 90 (noventa) dias, podendo firmar conv\u00eanios com outros Poderes, munic\u00edpios, empresas funer\u00e1rias e entidades civis para garantir sua execu\u00e7\u00e3o.<br \/>\nArt. 6\u00ba \u2013 As despesas decorrentes da execu\u00e7\u00e3o desta lei correr\u00e3o por conta de dota\u00e7\u00f5es or\u00e7ament\u00e1rias pr\u00f3prias, suplementadas se necess\u00e1rio.<br \/>\nArt. 7\u00ba \u2013 Esta lei entra em vigor na data de sua publica\u00e7\u00e3o.<br \/>\nSala das Reuni\u00f5es, 11 de agosto de 2025.<br \/>\nAndr\u00e9ia de Jesus (PT), vice-presidenta da Comiss\u00e3o de Direitos Humanos e vice-presidenta da Comiss\u00e3o de Cultura.<br \/>\nJustifica\u00e7\u00e3o: O presente projeto tem por finalidade assegurar que o Estado assuma a responsabilidade pelo traslado do corpo de pessoa sob cust\u00f3dia ou acautelamento estatal, em caso de \u00f3bito, at\u00e9 sua cidade de origem, garantindo respeito \u00e0 dignidade humana, ao luto familiar e \u00e0 mem\u00f3ria da pessoa falecida.<br \/>\nNo \u00e2mbito federal, a Portaria DISPF\/DEPEN\/MJSP n\u00ba 6, de 21 de mar\u00e7o de 2022, que aprova o Manual de Assist\u00eancia do Sistema Penitenci\u00e1rio Federal, prev\u00ea, em seu art. 39, \u00a7 2\u00ba, que a divis\u00e3o administrativa dever\u00e1 providenciar os procedimentos necess\u00e1rios aos servi\u00e7os funer\u00e1rios e traslado do corpo \u00e0 cidade de origem do custodiado.<br \/>\nEm Minas Gerais, a Portaria Conjunta n\u00ba 48\/PR-TJMG\/2024 j\u00e1 estabelece, no \u00a7 1\u00ba do art. 5\u00ba, que a equipe t\u00e9cnica da unidade prisional ou socioeducativa deve orientar a fam\u00edlia quanto \u00e0 ado\u00e7\u00e3o de provid\u00eancias para o sepultamento, inclusive sobre a articula\u00e7\u00e3o da libera\u00e7\u00e3o do corpo e traslado para a cidade de origem, \u201cquando for o caso\u201d.<br \/>\nTodavia, o texto atual n\u00e3o define expressamente que essa responsabilidade cabe ao Estado, nem assegura cobertura integral dos custos, o que pode gerar dificuldades para fam\u00edlias em situa\u00e7\u00e3o de vulnerabilidade econ\u00f4mica e social.<br \/>\nEsse projeto tem por objetivo reduzir a desigualdade social no tratamento p\u00f3s-\u00f3bito de custodiados, especialmente de fam\u00edlias de baixa renda, que muitas vezes n\u00e3o t\u00eam condi\u00e7\u00f5es financeiras para arcar com o transporte do corpo. Al\u00e9m disso, visa assegurar respeito ao luto familiar, permitindo que a despedida ocorra no munic\u00edpio onde est\u00e3o os v\u00ednculos afetivos, culturais e comunit\u00e1rios da pessoa falecida.<br \/>\nA medida tamb\u00e9m evita o abandono funer\u00e1rio e a consequente viola\u00e7\u00e3o de direitos humanos b\u00e1sicos e refor\u00e7a a responsabilidade estatal sobre a integridade e a vida das pessoas sob cust\u00f3dia, que est\u00e3o sob sua guarda direta.<br \/>\nPortanto, ao estabelecer de forma expressa que o Estado custear\u00e1 e realizar\u00e1 o traslado do corpo, o projeto transforma em obriga\u00e7\u00e3o legal aquilo que hoje \u00e9 apenas uma recomenda\u00e7\u00e3o administrativa prevista em portaria, garantindo seguran\u00e7a jur\u00eddica, padroniza\u00e7\u00e3o de procedimentos e efetividade do direito.<br \/>\n\u2013 Publicado, vai o projeto \u00e0s Comiss\u00f5es de Justi\u00e7a, de Seguran\u00e7a P\u00fablica, de Direitos Humanos e de Fiscaliza\u00e7\u00e3o Financeira para parecer, nos termos do art. 188, c\/c o art. 102, do Regimento Interno.<\/article>\n<div style=\"text-align: center\">\n<div style=\"margin-bottom: 20px;\" class=\"et_pb_button_module_wrapper et_pb_button_5_tb_body_wrapper et_pb_button_alignment_center et_pb_module \">\n         <a class=\"et_pb_button et_pb_button_5_tb_body et_hover_enabled et_pb_bg_layout_dark\" style=\"width: 50%;background-color: black;\" href=\"https:\/\/app.legislapp.com.br\" target=\"_blank\" rel=\"noopener\">Visualizar completo na nossa plataforma (30 dias gr\u00e1tis)<\/a><\/p><\/div>\n<p>      <a href=\"https:\/\/play.google.com\/store\/apps\/details?id=br.com.legislapp\"><img decoding=\"async\" style=\"width: 15%; min-width: 130px;\" src=\"https:\/\/www.legislapp.com.br\/wp-content\/uploads\/google-play.png\"><\/a><br \/>\n      <a href=\"https:\/\/apps.apple.com\/us\/app\/legislapp\/id1568929859\"><img decoding=\"async\" style=\"width: 15%; min-width: 130px\" src=\"https:\/\/www.legislapp.com.br\/wp-content\/uploads\/apple-store.png\"><\/a>\n   <\/div>\n","protected":false},"excerpt":{"rendered":"<p>C\u00e2m. Legislativa de MG &#8211; Autoria de Deputados Disp\u00f5e sobre a responsabilidade do Estado pelo traslado do corpo de pessoa sob cust\u00f3dia ou acautelamento estatal, em caso de \u00f3bito, para sua cidade de origem. Disp\u00f5e sobre a responsabilidade do Estado pelo traslado do corpo de pessoa sob cust\u00f3dia ou acautelamento estatal, em caso de \u00f3bito, [&hellip;]<\/p>\n","protected":false},"author":1,"featured_media":0,"parent":0,"menu_order":0,"comment_status":"closed","ping_status":"closed","template":"page-template-blank.php","meta":{"_et_pb_use_builder":"","_et_pb_old_content":"","_et_gb_content_width":"1080","ngg_post_thumbnail":0,"footnotes":""},"class_list":["post-6998","page","type-page","status-publish","hentry"],"yoast_head":"<!-- This site is optimized with the Yoast SEO plugin v24.4 - https:\/\/yoast.com\/wordpress\/plugins\/seo\/ -->\n<title>PL 4201\/2025 - Deputados - Legislapp<\/title>\n<meta name=\"robots\" content=\"index, follow, max-snippet:-1, max-image-preview:large, max-video-preview:-1\" \/>\n<link rel=\"canonical\" href=\"https:\/\/www.legislapp.com.br\/index.php\/cam-legislativa-de-mg-pl-4201-2025\/\" \/>\n<meta property=\"og:locale\" content=\"pt_BR\" \/>\n<meta property=\"og:type\" content=\"article\" \/>\n<meta property=\"og:title\" content=\"PL 4201\/2025 - Deputados - Legislapp\" \/>\n<meta property=\"og:description\" content=\"C\u00e2m. Legislativa de MG &#8211; Autoria de Deputados Disp\u00f5e sobre a responsabilidade do Estado pelo traslado do corpo de pessoa sob cust\u00f3dia ou acautelamento estatal, em caso de \u00f3bito, para sua cidade de origem. Disp\u00f5e sobre a responsabilidade do Estado pelo traslado do corpo de pessoa sob cust\u00f3dia ou acautelamento estatal, em caso de \u00f3bito, [&hellip;]\" \/>\n<meta property=\"og:url\" content=\"https:\/\/www.legislapp.com.br\/index.php\/cam-legislativa-de-mg-pl-4201-2025\/\" \/>\n<meta property=\"og:site_name\" content=\"Legislapp\" \/>\n<meta property=\"article:publisher\" content=\"https:\/\/www.instagram.com\/legislapp\/\" \/>\n<meta property=\"og:image\" content=\"https:\/\/www.legislapp.com.br\/wp-content\/uploads\/google-play.png\" \/>\n<meta name=\"twitter:card\" content=\"summary_large_image\" \/>\n<meta name=\"twitter:label1\" content=\"Est. tempo de leitura\" \/>\n\t<meta name=\"twitter:data1\" content=\"4 minutos\" \/>\n<script type=\"application\/ld+json\" class=\"yoast-schema-graph\">{\"@context\":\"https:\/\/schema.org\",\"@graph\":[{\"@type\":\"WebPage\",\"@id\":\"https:\/\/www.legislapp.com.br\/index.php\/cam-legislativa-de-mg-pl-4201-2025\/\",\"url\":\"https:\/\/www.legislapp.com.br\/index.php\/cam-legislativa-de-mg-pl-4201-2025\/\",\"name\":\"PL 4201\/2025 - Deputados - Legislapp\",\"isPartOf\":{\"@id\":\"https:\/\/www.legislapp.com.br\/#website\"},\"primaryImageOfPage\":{\"@id\":\"https:\/\/www.legislapp.com.br\/index.php\/cam-legislativa-de-mg-pl-4201-2025\/#primaryimage\"},\"image\":{\"@id\":\"https:\/\/www.legislapp.com.br\/index.php\/cam-legislativa-de-mg-pl-4201-2025\/#primaryimage\"},\"thumbnailUrl\":\"https:\/\/www.legislapp.com.br\/wp-content\/uploads\/google-play.png\",\"datePublished\":\"2025-09-17T16:06:45+00:00\",\"breadcrumb\":{\"@id\":\"https:\/\/www.legislapp.com.br\/index.php\/cam-legislativa-de-mg-pl-4201-2025\/#breadcrumb\"},\"inLanguage\":\"pt-BR\",\"potentialAction\":[{\"@type\":\"ReadAction\",\"target\":[\"https:\/\/www.legislapp.com.br\/index.php\/cam-legislativa-de-mg-pl-4201-2025\/\"]}]},{\"@type\":\"ImageObject\",\"inLanguage\":\"pt-BR\",\"@id\":\"https:\/\/www.legislapp.com.br\/index.php\/cam-legislativa-de-mg-pl-4201-2025\/#primaryimage\",\"url\":\"https:\/\/www.legislapp.com.br\/wp-content\/uploads\/google-play.png\",\"contentUrl\":\"https:\/\/www.legislapp.com.br\/wp-content\/uploads\/google-play.png\",\"width\":564,\"height\":168},{\"@type\":\"BreadcrumbList\",\"@id\":\"https:\/\/www.legislapp.com.br\/index.php\/cam-legislativa-de-mg-pl-4201-2025\/#breadcrumb\",\"itemListElement\":[{\"@type\":\"ListItem\",\"position\":1,\"name\":\"In\u00edcio\",\"item\":\"https:\/\/www.legislapp.com.br\/\"},{\"@type\":\"ListItem\",\"position\":2,\"name\":\"PL 4201\/2025 &#8211; Deputados\"}]},{\"@type\":\"WebSite\",\"@id\":\"https:\/\/www.legislapp.com.br\/#website\",\"url\":\"https:\/\/www.legislapp.com.br\/\",\"name\":\"Legislapp\",\"description\":\"Intelig\u00eancia governamental em tempo real\",\"publisher\":{\"@id\":\"https:\/\/www.legislapp.com.br\/#organization\"},\"potentialAction\":[{\"@type\":\"SearchAction\",\"target\":{\"@type\":\"EntryPoint\",\"urlTemplate\":\"https:\/\/www.legislapp.com.br\/?s={search_term_string}\"},\"query-input\":{\"@type\":\"PropertyValueSpecification\",\"valueRequired\":true,\"valueName\":\"search_term_string\"}}],\"inLanguage\":\"pt-BR\"},{\"@type\":\"Organization\",\"@id\":\"https:\/\/www.legislapp.com.br\/#organization\",\"name\":\"Legislapp Monitoramento e Intelig\u00eancia Governamental\",\"url\":\"https:\/\/www.legislapp.com.br\/\",\"logo\":{\"@type\":\"ImageObject\",\"inLanguage\":\"pt-BR\",\"@id\":\"https:\/\/www.legislapp.com.br\/#\/schema\/logo\/image\/\",\"url\":\"https:\/\/www.legislapp.com.br\/wp-content\/uploads\/icon.png\",\"contentUrl\":\"https:\/\/www.legislapp.com.br\/wp-content\/uploads\/icon.png\",\"width\":1024,\"height\":1024,\"caption\":\"Legislapp Monitoramento e Intelig\u00eancia Governamental\"},\"image\":{\"@id\":\"https:\/\/www.legislapp.com.br\/#\/schema\/logo\/image\/\"},\"sameAs\":[\"https:\/\/www.instagram.com\/legislapp\/\"]}]}<\/script>\n<!-- \/ Yoast SEO plugin. -->","yoast_head_json":{"title":"PL 4201\/2025 - Deputados - Legislapp","robots":{"index":"index","follow":"follow","max-snippet":"max-snippet:-1","max-image-preview":"max-image-preview:large","max-video-preview":"max-video-preview:-1"},"canonical":"https:\/\/www.legislapp.com.br\/index.php\/cam-legislativa-de-mg-pl-4201-2025\/","og_locale":"pt_BR","og_type":"article","og_title":"PL 4201\/2025 - Deputados - Legislapp","og_description":"C\u00e2m. Legislativa de MG &#8211; Autoria de Deputados Disp\u00f5e sobre a responsabilidade do Estado pelo traslado do corpo de pessoa sob cust\u00f3dia ou acautelamento estatal, em caso de \u00f3bito, para sua cidade de origem. Disp\u00f5e sobre a responsabilidade do Estado pelo traslado do corpo de pessoa sob cust\u00f3dia ou acautelamento estatal, em caso de \u00f3bito, [&hellip;]","og_url":"https:\/\/www.legislapp.com.br\/index.php\/cam-legislativa-de-mg-pl-4201-2025\/","og_site_name":"Legislapp","article_publisher":"https:\/\/www.instagram.com\/legislapp\/","og_image":[{"url":"https:\/\/www.legislapp.com.br\/wp-content\/uploads\/google-play.png","type":"","width":"","height":""}],"twitter_card":"summary_large_image","twitter_misc":{"Est. tempo de leitura":"4 minutos"},"schema":{"@context":"https:\/\/schema.org","@graph":[{"@type":"WebPage","@id":"https:\/\/www.legislapp.com.br\/index.php\/cam-legislativa-de-mg-pl-4201-2025\/","url":"https:\/\/www.legislapp.com.br\/index.php\/cam-legislativa-de-mg-pl-4201-2025\/","name":"PL 4201\/2025 - Deputados - Legislapp","isPartOf":{"@id":"https:\/\/www.legislapp.com.br\/#website"},"primaryImageOfPage":{"@id":"https:\/\/www.legislapp.com.br\/index.php\/cam-legislativa-de-mg-pl-4201-2025\/#primaryimage"},"image":{"@id":"https:\/\/www.legislapp.com.br\/index.php\/cam-legislativa-de-mg-pl-4201-2025\/#primaryimage"},"thumbnailUrl":"https:\/\/www.legislapp.com.br\/wp-content\/uploads\/google-play.png","datePublished":"2025-09-17T16:06:45+00:00","breadcrumb":{"@id":"https:\/\/www.legislapp.com.br\/index.php\/cam-legislativa-de-mg-pl-4201-2025\/#breadcrumb"},"inLanguage":"pt-BR","potentialAction":[{"@type":"ReadAction","target":["https:\/\/www.legislapp.com.br\/index.php\/cam-legislativa-de-mg-pl-4201-2025\/"]}]},{"@type":"ImageObject","inLanguage":"pt-BR","@id":"https:\/\/www.legislapp.com.br\/index.php\/cam-legislativa-de-mg-pl-4201-2025\/#primaryimage","url":"https:\/\/www.legislapp.com.br\/wp-content\/uploads\/google-play.png","contentUrl":"https:\/\/www.legislapp.com.br\/wp-content\/uploads\/google-play.png","width":564,"height":168},{"@type":"BreadcrumbList","@id":"https:\/\/www.legislapp.com.br\/index.php\/cam-legislativa-de-mg-pl-4201-2025\/#breadcrumb","itemListElement":[{"@type":"ListItem","position":1,"name":"In\u00edcio","item":"https:\/\/www.legislapp.com.br\/"},{"@type":"ListItem","position":2,"name":"PL 4201\/2025 &#8211; Deputados"}]},{"@type":"WebSite","@id":"https:\/\/www.legislapp.com.br\/#website","url":"https:\/\/www.legislapp.com.br\/","name":"Legislapp","description":"Intelig\u00eancia governamental em tempo real","publisher":{"@id":"https:\/\/www.legislapp.com.br\/#organization"},"potentialAction":[{"@type":"SearchAction","target":{"@type":"EntryPoint","urlTemplate":"https:\/\/www.legislapp.com.br\/?s={search_term_string}"},"query-input":{"@type":"PropertyValueSpecification","valueRequired":true,"valueName":"search_term_string"}}],"inLanguage":"pt-BR"},{"@type":"Organization","@id":"https:\/\/www.legislapp.com.br\/#organization","name":"Legislapp Monitoramento e Intelig\u00eancia Governamental","url":"https:\/\/www.legislapp.com.br\/","logo":{"@type":"ImageObject","inLanguage":"pt-BR","@id":"https:\/\/www.legislapp.com.br\/#\/schema\/logo\/image\/","url":"https:\/\/www.legislapp.com.br\/wp-content\/uploads\/icon.png","contentUrl":"https:\/\/www.legislapp.com.br\/wp-content\/uploads\/icon.png","width":1024,"height":1024,"caption":"Legislapp Monitoramento e Intelig\u00eancia Governamental"},"image":{"@id":"https:\/\/www.legislapp.com.br\/#\/schema\/logo\/image\/"},"sameAs":["https:\/\/www.instagram.com\/legislapp\/"]}]}},"_links":{"self":[{"href":"https:\/\/www.legislapp.com.br\/index.php\/wp-json\/wp\/v2\/pages\/6998","targetHints":{"allow":["GET"]}}],"collection":[{"href":"https:\/\/www.legislapp.com.br\/index.php\/wp-json\/wp\/v2\/pages"}],"about":[{"href":"https:\/\/www.legislapp.com.br\/index.php\/wp-json\/wp\/v2\/types\/page"}],"author":[{"embeddable":true,"href":"https:\/\/www.legislapp.com.br\/index.php\/wp-json\/wp\/v2\/users\/1"}],"replies":[{"embeddable":true,"href":"https:\/\/www.legislapp.com.br\/index.php\/wp-json\/wp\/v2\/comments?post=6998"}],"version-history":[{"count":0,"href":"https:\/\/www.legislapp.com.br\/index.php\/wp-json\/wp\/v2\/pages\/6998\/revisions"}],"wp:attachment":[{"href":"https:\/\/www.legislapp.com.br\/index.php\/wp-json\/wp\/v2\/media?parent=6998"}],"curies":[{"name":"wp","href":"https:\/\/api.w.org\/{rel}","templated":true}]}}