{"id":7017,"date":"2025-09-17T13:07:48","date_gmt":"2025-09-17T16:07:48","guid":{"rendered":"https:\/\/www.legislapp.com.br\/index.php\/cam-legislativa-de-mg-req-3486-2025\/"},"modified":"2025-09-17T13:07:48","modified_gmt":"2025-09-17T16:07:48","slug":"cam-legislativa-de-mg-req-3486-2025","status":"publish","type":"page","link":"https:\/\/www.legislapp.com.br\/index.php\/cam-legislativa-de-mg-req-3486-2025\/","title":{"rendered":"REQ 3486\/2025 &#8211; Sargento Portugal"},"content":{"rendered":"<h1 style='text-align: center;'>C\u00e2m. Legislativa de MG &#8211; Autoria de Sargento Portugal<br \/><img src='https:\/\/www.camara.leg.br\/internet\/deputado\/bandep\/220618.jpg' alt='Sargento Portugal' \/><\/h3>\n<p><\/p>\n<article style='text-align: center'>Requer Mo\u00e7\u00e3o de Louvor e Regozijo a Subtenente BM Daiene Trugilho de Azevedo pelos excelentes servi\u00e7os prestados ao Estado do Rio de Janeiro, junto ao CBMERJ.<\/article>\n<p><\/p>\n<p style='text-align: center'><a href='https:\/\/app.legislapp.com.br\/#\/busca?termo='><\/a><\/p>\n<p><\/p>\n<article>Disp\u00f5e sobre reserva de espa\u00e7o para divulga\u00e7\u00e3o de mensagens de interesse p\u00fablico em ve\u00edculos de transporte coletivo intermunicipal e em boletos e extratos de concession\u00e1rias.<br \/>\nA Assembleia Legislativa do Estado de Minas Gerais decreta:<br \/>\nArt. 1\u00ba \u2013 Os contratos de concess\u00e3o de servi\u00e7o de transporte coletivo intermunicipal e dos demais servi\u00e7os p\u00fablicos conter\u00e3o cl\u00e1usula que torna obrigat\u00f3ria a reserva de espa\u00e7o, no interior dos ve\u00edculos de transporte coletivo intermunicipal e nos boletos e extratos das concession\u00e1rias de servi\u00e7os p\u00fablicos, para a afixa\u00e7\u00e3o de cartazes e a divulga\u00e7\u00e3o de fotos e contatos relativos a pessoas desaparecidas e para a divulga\u00e7\u00e3o de mensagens de interesse p\u00fablico.<br \/>\nPar\u00e1grafo \u00fanico \u2013 Os cartazes a que se refere o caput ser\u00e3o afixados no interior dos ve\u00edculos de transporte coletivo intermunicipal e nas \u00e1reas de acesso ao p\u00fablico nas reparti\u00e7\u00f5es administrativas das concession\u00e1rias, e a divulga\u00e7\u00e3o de fotos e formas de contato e de mensagens de interesse p\u00fablico dar-se-\u00e1 por meio de impress\u00e3o em boletos, extratos de contas e avisos enviados aos consumidores.<br \/>\nArt. 2\u00ba \u2013 Fica revogada a Lei n\u00ba 15.026, de 19 de janeiro de 2004.<br \/>\nSala das Reuni\u00f5es, 4 de fevereiro de 2019.<br \/>\nDeputado Arlen Santiago (PTB)<br \/>\nJustifica\u00e7\u00e3o: O n\u00famero de pessoas desaparecidas &#8211; crian\u00e7as, adultos, idosos ou pessoas portadoras de defici\u00eancias mentais e doen\u00e7as degenerativas &#8211; \u00e9 muito grande e causa muita apreens\u00e3o aos familiares. Portanto, todo meio de divulga\u00e7\u00e3o que atinja o territ\u00f3rio do Estado facilitar\u00e1 a divulga\u00e7\u00e3o e a forma de contato.<br \/>\nAssim, al\u00e9m dos ve\u00edculos de transporte coletivo intermunicipais, as empresas prestadoras de servi\u00e7os p\u00fablicos e as concession\u00e1rias contribuir\u00e3o para a veicula\u00e7\u00e3o e divulga\u00e7\u00e3o dos avisos, cumprindo fun\u00e7\u00e3o social de import\u00e2ncia relevante.<br \/>\nEsta proposta soma-se \u00e0s demais iniciativas existentes para aumentar a divulga\u00e7\u00e3o de fotos, telefones de contato e endere\u00e7os para ajudar as milhares de pessoas que sofrem o drama de ter familiares desaparecidos.<br \/>\nPelo exposto, apresentamos este projeto, na certeza de contar com o apoio dos nobres pares para a sua aprova\u00e7\u00e3o.<br \/>\n\u2013 Semelhante proposi\u00e7\u00e3o foi apresentada anteriormente pelo deputado Elismar Prado. Anexe-se ao Projeto de Lei n\u00ba 1.879\/2015, nos termos do \u00a7 2\u00ba do art. 173 do Regimento Interno.<\/article>\n<div style=\"text-align: center\">\n<div style=\"margin-bottom: 20px;\" class=\"et_pb_button_module_wrapper et_pb_button_5_tb_body_wrapper et_pb_button_alignment_center et_pb_module \">\n         <a class=\"et_pb_button et_pb_button_5_tb_body et_hover_enabled et_pb_bg_layout_dark\" style=\"width: 50%;background-color: black;\" href=\"https:\/\/app.legislapp.com.br\" target=\"_blank\" rel=\"noopener\">Visualizar completo na nossa plataforma (30 dias gr\u00e1tis)<\/a><\/p><\/div>\n<p>      <a href=\"https:\/\/play.google.com\/store\/apps\/details?id=br.com.legislapp\"><img decoding=\"async\" style=\"width: 15%; min-width: 130px;\" src=\"https:\/\/www.legislapp.com.br\/wp-content\/uploads\/google-play.png\"><\/a><br \/>\n      <a href=\"https:\/\/apps.apple.com\/us\/app\/legislapp\/id1568929859\"><img decoding=\"async\" style=\"width: 15%; min-width: 130px\" src=\"https:\/\/www.legislapp.com.br\/wp-content\/uploads\/apple-store.png\"><\/a>\n   <\/div>\n","protected":false},"excerpt":{"rendered":"<p>C\u00e2m. Legislativa de MG &#8211; Autoria de Sargento Portugal Requer Mo\u00e7\u00e3o de Louvor e Regozijo a Subtenente BM Daiene Trugilho de Azevedo pelos excelentes servi\u00e7os prestados ao Estado do Rio de Janeiro, junto ao CBMERJ. Disp\u00f5e sobre reserva de espa\u00e7o para divulga\u00e7\u00e3o de mensagens de interesse p\u00fablico em ve\u00edculos de transporte coletivo intermunicipal e em [&hellip;]<\/p>\n","protected":false},"author":1,"featured_media":0,"parent":0,"menu_order":0,"comment_status":"closed","ping_status":"closed","template":"page-template-blank.php","meta":{"_et_pb_use_builder":"","_et_pb_old_content":"","_et_gb_content_width":"1080","ngg_post_thumbnail":0,"footnotes":""},"class_list":["post-7017","page","type-page","status-publish","hentry"],"yoast_head":"<!-- This site is optimized with the Yoast SEO plugin v24.4 - https:\/\/yoast.com\/wordpress\/plugins\/seo\/ -->\n<title>REQ 3486\/2025 - Sargento Portugal - Legislapp<\/title>\n<meta name=\"robots\" content=\"index, follow, max-snippet:-1, max-image-preview:large, max-video-preview:-1\" \/>\n<link rel=\"canonical\" href=\"https:\/\/www.legislapp.com.br\/index.php\/cam-legislativa-de-mg-req-3486-2025\/\" \/>\n<meta property=\"og:locale\" content=\"pt_BR\" \/>\n<meta property=\"og:type\" content=\"article\" \/>\n<meta property=\"og:title\" content=\"REQ 3486\/2025 - Sargento Portugal - Legislapp\" \/>\n<meta property=\"og:description\" content=\"C\u00e2m. Legislativa de MG &#8211; Autoria de Sargento Portugal Requer Mo\u00e7\u00e3o de Louvor e Regozijo a Subtenente BM Daiene Trugilho de Azevedo pelos excelentes servi\u00e7os prestados ao Estado do Rio de Janeiro, junto ao CBMERJ. Disp\u00f5e sobre reserva de espa\u00e7o para divulga\u00e7\u00e3o de mensagens de interesse p\u00fablico em ve\u00edculos de transporte coletivo intermunicipal e em [&hellip;]\" \/>\n<meta property=\"og:url\" content=\"https:\/\/www.legislapp.com.br\/index.php\/cam-legislativa-de-mg-req-3486-2025\/\" \/>\n<meta property=\"og:site_name\" content=\"Legislapp\" \/>\n<meta property=\"article:publisher\" content=\"https:\/\/www.instagram.com\/legislapp\/\" \/>\n<meta property=\"og:image\" content=\"https:\/\/www.camara.leg.br\/internet\/deputado\/bandep\/220618.jpg\" \/>\n<meta name=\"twitter:card\" content=\"summary_large_image\" \/>\n<meta name=\"twitter:label1\" content=\"Est. tempo de leitura\" \/>\n\t<meta name=\"twitter:data1\" content=\"2 minutos\" \/>\n<script type=\"application\/ld+json\" class=\"yoast-schema-graph\">{\"@context\":\"https:\/\/schema.org\",\"@graph\":[{\"@type\":\"WebPage\",\"@id\":\"https:\/\/www.legislapp.com.br\/index.php\/cam-legislativa-de-mg-req-3486-2025\/\",\"url\":\"https:\/\/www.legislapp.com.br\/index.php\/cam-legislativa-de-mg-req-3486-2025\/\",\"name\":\"REQ 3486\/2025 - Sargento Portugal - Legislapp\",\"isPartOf\":{\"@id\":\"https:\/\/www.legislapp.com.br\/#website\"},\"primaryImageOfPage\":{\"@id\":\"https:\/\/www.legislapp.com.br\/index.php\/cam-legislativa-de-mg-req-3486-2025\/#primaryimage\"},\"image\":{\"@id\":\"https:\/\/www.legislapp.com.br\/index.php\/cam-legislativa-de-mg-req-3486-2025\/#primaryimage\"},\"thumbnailUrl\":\"https:\/\/www.camara.leg.br\/internet\/deputado\/bandep\/220618.jpg\",\"datePublished\":\"2025-09-17T16:07:48+00:00\",\"breadcrumb\":{\"@id\":\"https:\/\/www.legislapp.com.br\/index.php\/cam-legislativa-de-mg-req-3486-2025\/#breadcrumb\"},\"inLanguage\":\"pt-BR\",\"potentialAction\":[{\"@type\":\"ReadAction\",\"target\":[\"https:\/\/www.legislapp.com.br\/index.php\/cam-legislativa-de-mg-req-3486-2025\/\"]}]},{\"@type\":\"ImageObject\",\"inLanguage\":\"pt-BR\",\"@id\":\"https:\/\/www.legislapp.com.br\/index.php\/cam-legislativa-de-mg-req-3486-2025\/#primaryimage\",\"url\":\"https:\/\/www.camara.leg.br\/internet\/deputado\/bandep\/220618.jpg\",\"contentUrl\":\"https:\/\/www.camara.leg.br\/internet\/deputado\/bandep\/220618.jpg\"},{\"@type\":\"BreadcrumbList\",\"@id\":\"https:\/\/www.legislapp.com.br\/index.php\/cam-legislativa-de-mg-req-3486-2025\/#breadcrumb\",\"itemListElement\":[{\"@type\":\"ListItem\",\"position\":1,\"name\":\"In\u00edcio\",\"item\":\"https:\/\/www.legislapp.com.br\/\"},{\"@type\":\"ListItem\",\"position\":2,\"name\":\"REQ 3486\/2025 &#8211; Sargento Portugal\"}]},{\"@type\":\"WebSite\",\"@id\":\"https:\/\/www.legislapp.com.br\/#website\",\"url\":\"https:\/\/www.legislapp.com.br\/\",\"name\":\"Legislapp\",\"description\":\"Intelig\u00eancia governamental em tempo real\",\"publisher\":{\"@id\":\"https:\/\/www.legislapp.com.br\/#organization\"},\"potentialAction\":[{\"@type\":\"SearchAction\",\"target\":{\"@type\":\"EntryPoint\",\"urlTemplate\":\"https:\/\/www.legislapp.com.br\/?s={search_term_string}\"},\"query-input\":{\"@type\":\"PropertyValueSpecification\",\"valueRequired\":true,\"valueName\":\"search_term_string\"}}],\"inLanguage\":\"pt-BR\"},{\"@type\":\"Organization\",\"@id\":\"https:\/\/www.legislapp.com.br\/#organization\",\"name\":\"Legislapp Monitoramento e Intelig\u00eancia Governamental\",\"url\":\"https:\/\/www.legislapp.com.br\/\",\"logo\":{\"@type\":\"ImageObject\",\"inLanguage\":\"pt-BR\",\"@id\":\"https:\/\/www.legislapp.com.br\/#\/schema\/logo\/image\/\",\"url\":\"https:\/\/www.legislapp.com.br\/wp-content\/uploads\/icon.png\",\"contentUrl\":\"https:\/\/www.legislapp.com.br\/wp-content\/uploads\/icon.png\",\"width\":1024,\"height\":1024,\"caption\":\"Legislapp Monitoramento e Intelig\u00eancia Governamental\"},\"image\":{\"@id\":\"https:\/\/www.legislapp.com.br\/#\/schema\/logo\/image\/\"},\"sameAs\":[\"https:\/\/www.instagram.com\/legislapp\/\"]}]}<\/script>\n<!-- \/ Yoast SEO plugin. -->","yoast_head_json":{"title":"REQ 3486\/2025 - Sargento Portugal - Legislapp","robots":{"index":"index","follow":"follow","max-snippet":"max-snippet:-1","max-image-preview":"max-image-preview:large","max-video-preview":"max-video-preview:-1"},"canonical":"https:\/\/www.legislapp.com.br\/index.php\/cam-legislativa-de-mg-req-3486-2025\/","og_locale":"pt_BR","og_type":"article","og_title":"REQ 3486\/2025 - Sargento Portugal - Legislapp","og_description":"C\u00e2m. Legislativa de MG &#8211; Autoria de Sargento Portugal Requer Mo\u00e7\u00e3o de Louvor e Regozijo a Subtenente BM Daiene Trugilho de Azevedo pelos excelentes servi\u00e7os prestados ao Estado do Rio de Janeiro, junto ao CBMERJ. Disp\u00f5e sobre reserva de espa\u00e7o para divulga\u00e7\u00e3o de mensagens de interesse p\u00fablico em ve\u00edculos de transporte coletivo intermunicipal e em [&hellip;]","og_url":"https:\/\/www.legislapp.com.br\/index.php\/cam-legislativa-de-mg-req-3486-2025\/","og_site_name":"Legislapp","article_publisher":"https:\/\/www.instagram.com\/legislapp\/","og_image":[{"url":"https:\/\/www.camara.leg.br\/internet\/deputado\/bandep\/220618.jpg","type":"","width":"","height":""}],"twitter_card":"summary_large_image","twitter_misc":{"Est. tempo de leitura":"2 minutos"},"schema":{"@context":"https:\/\/schema.org","@graph":[{"@type":"WebPage","@id":"https:\/\/www.legislapp.com.br\/index.php\/cam-legislativa-de-mg-req-3486-2025\/","url":"https:\/\/www.legislapp.com.br\/index.php\/cam-legislativa-de-mg-req-3486-2025\/","name":"REQ 3486\/2025 - Sargento Portugal - Legislapp","isPartOf":{"@id":"https:\/\/www.legislapp.com.br\/#website"},"primaryImageOfPage":{"@id":"https:\/\/www.legislapp.com.br\/index.php\/cam-legislativa-de-mg-req-3486-2025\/#primaryimage"},"image":{"@id":"https:\/\/www.legislapp.com.br\/index.php\/cam-legislativa-de-mg-req-3486-2025\/#primaryimage"},"thumbnailUrl":"https:\/\/www.camara.leg.br\/internet\/deputado\/bandep\/220618.jpg","datePublished":"2025-09-17T16:07:48+00:00","breadcrumb":{"@id":"https:\/\/www.legislapp.com.br\/index.php\/cam-legislativa-de-mg-req-3486-2025\/#breadcrumb"},"inLanguage":"pt-BR","potentialAction":[{"@type":"ReadAction","target":["https:\/\/www.legislapp.com.br\/index.php\/cam-legislativa-de-mg-req-3486-2025\/"]}]},{"@type":"ImageObject","inLanguage":"pt-BR","@id":"https:\/\/www.legislapp.com.br\/index.php\/cam-legislativa-de-mg-req-3486-2025\/#primaryimage","url":"https:\/\/www.camara.leg.br\/internet\/deputado\/bandep\/220618.jpg","contentUrl":"https:\/\/www.camara.leg.br\/internet\/deputado\/bandep\/220618.jpg"},{"@type":"BreadcrumbList","@id":"https:\/\/www.legislapp.com.br\/index.php\/cam-legislativa-de-mg-req-3486-2025\/#breadcrumb","itemListElement":[{"@type":"ListItem","position":1,"name":"In\u00edcio","item":"https:\/\/www.legislapp.com.br\/"},{"@type":"ListItem","position":2,"name":"REQ 3486\/2025 &#8211; Sargento Portugal"}]},{"@type":"WebSite","@id":"https:\/\/www.legislapp.com.br\/#website","url":"https:\/\/www.legislapp.com.br\/","name":"Legislapp","description":"Intelig\u00eancia governamental em tempo real","publisher":{"@id":"https:\/\/www.legislapp.com.br\/#organization"},"potentialAction":[{"@type":"SearchAction","target":{"@type":"EntryPoint","urlTemplate":"https:\/\/www.legislapp.com.br\/?s={search_term_string}"},"query-input":{"@type":"PropertyValueSpecification","valueRequired":true,"valueName":"search_term_string"}}],"inLanguage":"pt-BR"},{"@type":"Organization","@id":"https:\/\/www.legislapp.com.br\/#organization","name":"Legislapp Monitoramento e Intelig\u00eancia Governamental","url":"https:\/\/www.legislapp.com.br\/","logo":{"@type":"ImageObject","inLanguage":"pt-BR","@id":"https:\/\/www.legislapp.com.br\/#\/schema\/logo\/image\/","url":"https:\/\/www.legislapp.com.br\/wp-content\/uploads\/icon.png","contentUrl":"https:\/\/www.legislapp.com.br\/wp-content\/uploads\/icon.png","width":1024,"height":1024,"caption":"Legislapp Monitoramento e Intelig\u00eancia Governamental"},"image":{"@id":"https:\/\/www.legislapp.com.br\/#\/schema\/logo\/image\/"},"sameAs":["https:\/\/www.instagram.com\/legislapp\/"]}]}},"_links":{"self":[{"href":"https:\/\/www.legislapp.com.br\/index.php\/wp-json\/wp\/v2\/pages\/7017","targetHints":{"allow":["GET"]}}],"collection":[{"href":"https:\/\/www.legislapp.com.br\/index.php\/wp-json\/wp\/v2\/pages"}],"about":[{"href":"https:\/\/www.legislapp.com.br\/index.php\/wp-json\/wp\/v2\/types\/page"}],"author":[{"embeddable":true,"href":"https:\/\/www.legislapp.com.br\/index.php\/wp-json\/wp\/v2\/users\/1"}],"replies":[{"embeddable":true,"href":"https:\/\/www.legislapp.com.br\/index.php\/wp-json\/wp\/v2\/comments?post=7017"}],"version-history":[{"count":0,"href":"https:\/\/www.legislapp.com.br\/index.php\/wp-json\/wp\/v2\/pages\/7017\/revisions"}],"wp:attachment":[{"href":"https:\/\/www.legislapp.com.br\/index.php\/wp-json\/wp\/v2\/media?parent=7017"}],"curies":[{"name":"wp","href":"https:\/\/api.w.org\/{rel}","templated":true}]}}