{"id":7020,"date":"2025-09-17T13:07:58","date_gmt":"2025-09-17T16:07:58","guid":{"rendered":"https:\/\/www.legislapp.com.br\/index.php\/cam-legislativa-de-sc-pl-0595-2025\/"},"modified":"2025-09-17T13:07:58","modified_gmt":"2025-09-17T16:07:58","slug":"cam-legislativa-de-sc-pl-0595-2025","status":"publish","type":"page","link":"https:\/\/www.legislapp.com.br\/index.php\/cam-legislativa-de-sc-pl-0595-2025\/","title":{"rendered":"PL.\/0595\/2025 &#8211; Dr. Vicente Caropreso"},"content":{"rendered":"<h1 style='text-align: center;'>C\u00e2m. Legislativa de SC &#8211; Autoria de Dr. Vicente Caropreso<\/h3>\n<p><\/p>\n<article style='text-align: center'>Declara de utilidade p\u00fablica o Instituto Catarina Brasilis, de Corup\u00e1 e Altera o Anexo \u00danico da Lei n\u00ba 18.278, de 2021, que &#8220;Consolida os atos normativos que concedem o T\u00edtulo de Utilidade P\u00fablica estadual no \u00e2mbito do Estado de Santa Catarina&#8221; para fazer constar nele o nome de tal entidade.<\/article>\n<p><\/p>\n<p style='text-align: center'><a href='https:\/\/app.legislapp.com.br\/#\/busca?termo='><\/a><\/p>\n<p><\/p>\n<article>ASSEMBLEIA LEGISLATIVA GABINETE DEPUTADO DR.<br \/>\nESTADO DE SANTA CATARINA VICENTE CAROPRESO<\/p>\n<p>PROJETO DE LEI <\/p>\n<p>Declara de utilidade p\u00fablica o Instituto Catarina Brasilis, de Corup\u00e1 e<br \/>\nAltera o Anexo \u00danico da Lei n\u00ba 18.278, de 2021, que &#8220;Consolida os atos<br \/>\nnormativos que concedem o T\u00edtulo de Utilidade P\u00fablica estadual no<br \/>\n\u00e2mbito do Estado de Santa Catarina&#8221; para fazer constar nele o nome de<br \/>\ntal entidade.<\/p>\n<p>Art. 1\u00ba Fica declarada(o) de utilidade p\u00fablica estadual o Instituto Catarina<br \/>\nBrasilis, com sede no Munic\u00edpio de Corup\u00e1.<\/p>\n<p>Art. 2\u00ba O Anexo \u00danico da Lei n\u00ba 18.278, de 20 de dezembro de 2021,<br \/>\npassa a vigorar com a altera\u00e7\u00e3o constante do Anexo \u00danico desta Lei.<\/p>\n<p>Art. 3\u00ba Esta Lei entra em vigor na data de sua publica\u00e7\u00e3o.<\/p>\n<p>Sala das Sess\u00f5es, <\/p>\n<p>Deputado Dr. Vicente Caropreso<\/p>\n<p>\u00daANEXO \u00daNICO<br \/>\n(ALTERA O ANEXO \u00daNICO DA LEI N\u00ba 18.278, DE 20 DE DEZEMBRO DE 2021)<\/p>\n<p>&#8220;ANEXO \u00daNICO<br \/>\nENTIDADES DECLARADAS DE UTILIDADE P\u00daBLICA<br \/>\n&#8230; &#8230;&#8230;&#8230;&#8230;&#8230;&#8230;&#8230;&#8230;&#8230;&#8230;&#8230;&#8230;&#8230;&#8230;&#8230;&#8230;&#8230;&#8230;&#8230;&#8230;&#8230;&#8230;&#8230;&#8230;&#8230;&#8230;&#8230;&#8230;&#8230;&#8230;&#8230;&#8230;&#8230;. &#8230;&#8230;&#8230;&#8230;&#8230;&#8230;&#8230;&#8230;&#8230;&#8230;&#8230;&#8230;&#8230;<br \/>\n CO RUP \u00c1 L E I S<br \/>\n&#8230; &#8230;&#8230;&#8230;&#8230;&#8230;&#8230;&#8230;&#8230;&#8230;&#8230;&#8230;&#8230;&#8230;&#8230;&#8230;&#8230;&#8230;&#8230;&#8230;&#8230;&#8230;&#8230;&#8230;&#8230;&#8230;&#8230;&#8230;&#8230;&#8230;&#8230;&#8230;&#8230;&#8230;. &#8230;&#8230;&#8230;&#8230;&#8230;&#8230;&#8230;&#8230;&#8230;&#8230;&#8230;&#8230;&#8230;<br \/>\n Instituto Catarina Brasilis<br \/>\n&#8230; &#8230;&#8230;&#8230;&#8230;&#8230;&#8230;&#8230;&#8230;&#8230;&#8230;&#8230;&#8230;&#8230;&#8230;&#8230;&#8230;&#8230;&#8230;&#8230;&#8230;&#8230;&#8230;&#8230;&#8230;&#8230;&#8230;&#8230;&#8230;&#8230;&#8230;&#8230;&#8230;&#8230;.. &#8230;&#8230;&#8230;&#8230;&#8230;&#8230;&#8230;&#8230;&#8230;&#8230;&#8230;&#8230;..<\/p>\n<p>  (NR)&#8221;<\/p>\n<p>Sala das Sess\u00f5es,<\/p>\n<p>Deputado Dr. Vicente Caropreso<br \/>\n J US T I F I CA\u00c7\u00c3O<\/p>\n<p>O Projeto de Lei que ora apresento tem por objetivo declarar de utilidade<br \/>\np\u00fablica estadual o Instituto Catarina Brasilis, tendo em vista que a referida entidade presta servi\u00e7os<br \/>\nde relevante interesse social \u00e0 comunidade. <\/p>\n<p>Nesse contexto, de acordo com seu Estatuto Social, o Instituto Catarina<br \/>\nBrasilis, tem por finalidade:<\/p>\n<p>I &#8211; Desenvolvimento, gest\u00e3o e coordena\u00e7\u00e3o de projetos e ou programas<br \/>\nvinculados \u00e0s \u00e1reas de assist\u00eancia social, sa\u00fade, cultura, esporte, educa\u00e7\u00e3o e desenvolvimento<br \/>\ninstitucional, em especial os com interesse p\u00fablico, quer se apoiados ou n\u00e3o por Leis de Incentivo<br \/>\nFiscal;<br \/>\nII &#8211; Defesa, preserva\u00e7\u00e3o e conserva\u00e7\u00e3o do meio ambiente e promo\u00e7\u00e3o do<br \/>\ndesenvolvimento sustent\u00e1vel;<br \/>\nIII &#8211; Promo\u00e7\u00e3o da cultura, defesa e conserva\u00e7\u00e3o do patrim\u00f4nio hist\u00f3rico e<br \/>\nart\u00edstico;<br \/>\nIV &#8211; Promo\u00e7\u00e3o do desenvolvimento econ\u00f4mico, social e combate a<br \/>\nmis\u00e9ria e a pobreza;<br \/>\nV &#8211; Elaborar estudos e projetos de inova\u00e7\u00e3o tecnol\u00f3gica visando<br \/>\npromover o desenvolvimento nacional e a qualidade de vida dos cidad\u00e3os;<br \/>\nVI &#8211; Promover o desenvolvimento do turismo sustent\u00e1vel nos munic\u00edpios<br \/>\nbrasileiros;<br \/>\nVII &#8211; Capacita\u00e7\u00e3o e treinamento de m\u00e3o-de-obra para adequa\u00e7\u00e3o da<br \/>\nmesma ao mercado de trabalho;<br \/>\nVIII &#8211;  Desenvolvimento, estudos, pesquisas, e projetos nas \u00e1reas de<br \/>\nhidrologia, hidrogeologia, geologia e climatologia;<br \/>\nIX &#8211; Promo\u00e7\u00e3o das aplica\u00e7\u00f5es de mecanismo de desenvolvimento limpo;<br \/>\nX &#8211; Elabora\u00e7\u00e3o e implanta\u00e7\u00e3o de estudos e projetos de biotecnologia,<br \/>\ntecnologia social, responsabilidade social, agroecologia e energia renov\u00e1veis.<br \/>\nXI &#8211; Desenvolvimento de gest\u00e3o eficiente de energia e \u00e1gua;<br \/>\nXII &#8211; Elabora\u00e7\u00e3o de projetos de gest\u00e3o ambiental e estudos para<br \/>\nlicenciamento ambiental;<br \/>\nXIII &#8211; Elabora\u00e7\u00e3o de projetos previdenci\u00e1rios e de recupera\u00e7\u00e3o tribut\u00e1ria,<br \/>\nincluindo compensa\u00e7\u00e3o previdenci\u00e1ria, levantamento e cobran\u00e7a de ISSQN em institui\u00e7\u00f5es<br \/>\nfinanceiras, recupera\u00e7\u00e3o de ICMS, cobran\u00e7a de d\u00edvida ativa, arrecada\u00e7\u00e3o tribut\u00e1ria e reformula\u00e7\u00e3o,<br \/>\nconsolida\u00e7\u00e3o de legisla\u00e7\u00e3o tribut\u00e1ria e refinanciamento de d\u00e9bitos fiscais;<br \/>\nXIV &#8211; Desenvolvimento de projetos de transforma\u00e7\u00e3o de passivos<br \/>\nambientais em ativos econ\u00f4micos;<br \/>\nXV &#8211; Celebrar conv\u00eanios com institui\u00e7\u00f5es internacionais para<br \/>\ndesenvolvimento de estudos e pesquisas;<br \/>\nXVI &#8211; Celebrar conv\u00eanios, termos de parceria, acordos, ajustes, contratos<br \/>\ne outros instrumentos jur\u00eddicos com pessoas jur\u00eddicas, de direito p\u00fablico ou privado, nacionais ou<br \/>\ninternacionais, al\u00e9m de institui\u00e7\u00f5es privadas sem fins lucrativos, com a finalidade de implementar<br \/>\nseus objetivos sociais;<br \/>\nXVII &#8211; Realizar cursos de especializa\u00e7\u00e3o, em conv\u00eanio com organismos<br \/>\nnacionais e Internacionais;<br \/>\nXVIII &#8211; Estudos e pesquisas, desenvolvimento de tecnologias alternativas,<br \/>\nprodu\u00e7\u00e3o e divulga\u00e7\u00e3o de informa\u00e7\u00f5es e conhecimentos t\u00e9cnicos e cient\u00edficos que digam respeito<br \/>\nas atividades supramencionadas;<br \/>\nXIX &#8211; Desenvolvimento de sistem\u00e1tica de implanta\u00e7\u00e3o de atividades de<br \/>\nregula\u00e7\u00e3o de decretos-lei, portarias, resolu\u00e7\u00f5es e instru\u00e7\u00f5es normativas, editadas por \u00f3rg\u00e3os<br \/>\ngovernamentais, bem como a regulamenta\u00e7\u00e3o de seus processos administrativos e operacionais;<br \/>\nXX &#8211; Desenvolvimento e execu\u00e7\u00e3o de projetos de administra\u00e7\u00e3o<br \/>\nhospitalar e hoteleira;<br \/>\nXXI &#8211; A preven\u00e7\u00e3o e o combate ao c\u00e2ncer, englobando: a promo\u00e7\u00e3o da<br \/>\ninforma\u00e7\u00e3o, a pesquisa, o rastreamento, o diagn\u00f3stico, o tratamento, os cuidados paliativos e \u00e0<br \/>\nreabilita\u00e7\u00e3o referentes \u00e0s neoplasias malignas e afec\u00e7\u00f5es correlatas;<br \/>\nXXII &#8211; Essas a\u00e7\u00f5es e os servi\u00e7os de aten\u00e7\u00e3o oncol\u00f3gica, compreendem:<\/p>\n<p>a) A presta\u00e7\u00e3o de servi\u00e7os m\u00e9dicos;<br \/>\nb) A forma\u00e7\u00e3o, o treinamento e o aperfei\u00e7oamento de recursos humanos<br \/>\nem todos os n\u00edveis;<br \/>\nc) A realiza\u00e7\u00e3o de pesquisas cl\u00ednicas, epidemiol\u00f3gicas e experimentais;<\/p>\n<p>XXIII &#8211; O est\u00edmulo e o desenvolvimento da preven\u00e7\u00e3o e a reabilita\u00e7\u00e3o da<br \/>\npessoa com defici\u00eancia, que compreendem a promo\u00e7\u00e3o, a preven\u00e7\u00e3o, o diagn\u00f3stico precoce, otratamento, a reabilita\u00e7\u00e3o e indica\u00e7\u00e3o e adapta\u00e7\u00e3o de \u00f3rteses, pr\u00f3teses e meios auxiliares de<br \/>\nlocomo\u00e7\u00e3o, em todo o ciclo de vida, por meio de a\u00e7\u00f5es e servi\u00e7os de reabilita\u00e7\u00e3o da pessoa com<br \/>\ndefici\u00eancia, que se destinam ao tratamento de defici\u00eancias f\u00edsicas, motoras auditivas, visuais,<br \/>\nmentais, intelectuais, m\u00faltiplas e de autismo, por meio de:<\/p>\n<p>a)  Presta\u00e7\u00e3o de servi\u00e7os m\u00e9dico-assistenciais;<br \/>\nb) Forma\u00e7\u00e3o, treinamento e aperfei\u00e7oamento de recursos humanos em<br \/>\ntodos os n\u00edveis;<br \/>\nc) E a Realiza\u00e7\u00e3o de pesquisas cl\u00ednicas, epidemiol\u00f3gicas e<br \/>\nexperimentais.<\/p>\n<p>XXIV &#8211; Desenvolvimento e execu\u00e7\u00e3o de projetos de realiza\u00e7\u00e3o de<br \/>\nconcursos p\u00fablicos;<br \/>\nXXV &#8211; Promo\u00e7\u00e3o e execu\u00e7\u00e3o de eventos culturais, esportivos, semin\u00e1rios,<br \/>\npalestras, campanhas, congressos e encontros de natureza t\u00e9cnica, cient\u00edfica, educacional, cultural,<br \/>\nesportiva, ecol\u00f3gica, da \u00e1rea de sa\u00fade, inclus\u00e3o social, inclus\u00e3o cultural, desenvolvimento<br \/>\ninstitucional e outros que visem consolidar e disseminar conhecimentos;<br \/>\nXXVI &#8211; Criar ambientes que favore\u00e7am a pr\u00e1tica esportiva para crian\u00e7as,<br \/>\njovens, adultos e idosos para a sa\u00fade e bem estar social por meio do esporte, seja educacional, de<br \/>\nrendimento ou de participa\u00e7\u00e3o;<br \/>\nXXVII &#8211; Contribuir na forma\u00e7\u00e3o de jovens esportistas, desenvolvendo<br \/>\nprojetos, captando recursos para patroc\u00ednio individual ou coletivo;<br \/>\nXXVIII &#8211; Promover a integra\u00e7\u00e3o social atrav\u00e9s do esporte da cultura;<br \/>\nXXIX &#8211; Desenvolver projetos na \u00e1rea do esporte e da cultura;<br \/>\nXXX &#8211; Buscar junto \u00e1s institui\u00e7\u00f5es p\u00fablicas e privadas oportunidades<br \/>\nprofissionais para as pessoas atendidas pelos projetos de cultura, esporte e lazer desenvolvidos<br \/>\npelo INSTITUTO CATARINA BRASILIS.<\/p>\n<p>Ante o exposto, conto com meus pares para a aprova\u00e7\u00e3o da mat\u00e9ria.<\/p>\n<p>Sala das Sess\u00f5es,<\/p>\n<p>Deputado Dr. Vicente Caropreso<\/p>\n<p>ELEGIS<br \/>\nDocumento assinado eletronicamente por Vicente Augusto Caropreso, em<br \/>\n25\/08\/2025, \u00e0s 17:13.<br \/>\nSistema de Processo<br \/>\nLegislativo Eletr\u00f4nico<\/article>\n<div style=\"text-align: center\">\n<div style=\"margin-bottom: 20px;\" class=\"et_pb_button_module_wrapper et_pb_button_5_tb_body_wrapper et_pb_button_alignment_center et_pb_module \">\n         <a class=\"et_pb_button et_pb_button_5_tb_body et_hover_enabled et_pb_bg_layout_dark\" style=\"width: 50%;background-color: black;\" href=\"https:\/\/app.legislapp.com.br\" target=\"_blank\" rel=\"noopener\">Visualizar completo na nossa plataforma (30 dias gr\u00e1tis)<\/a><\/p><\/div>\n<p>      <a href=\"https:\/\/play.google.com\/store\/apps\/details?id=br.com.legislapp\"><img decoding=\"async\" style=\"width: 15%; min-width: 130px;\" src=\"https:\/\/www.legislapp.com.br\/wp-content\/uploads\/google-play.png\"><\/a><br \/>\n      <a href=\"https:\/\/apps.apple.com\/us\/app\/legislapp\/id1568929859\"><img decoding=\"async\" style=\"width: 15%; min-width: 130px\" src=\"https:\/\/www.legislapp.com.br\/wp-content\/uploads\/apple-store.png\"><\/a>\n   <\/div>\n","protected":false},"excerpt":{"rendered":"<p>C\u00e2m. Legislativa de SC &#8211; Autoria de Dr. Vicente Caropreso Declara de utilidade p\u00fablica o Instituto Catarina Brasilis, de Corup\u00e1 e Altera o Anexo \u00danico da Lei n\u00ba 18.278, de 2021, que &#8220;Consolida os atos normativos que concedem o T\u00edtulo de Utilidade P\u00fablica estadual no \u00e2mbito do Estado de Santa Catarina&#8221; para fazer constar nele [&hellip;]<\/p>\n","protected":false},"author":1,"featured_media":0,"parent":0,"menu_order":0,"comment_status":"closed","ping_status":"closed","template":"page-template-blank.php","meta":{"_et_pb_use_builder":"","_et_pb_old_content":"","_et_gb_content_width":"1080","ngg_post_thumbnail":0,"footnotes":""},"class_list":["post-7020","page","type-page","status-publish","hentry"],"yoast_head":"<!-- This site is optimized with the Yoast SEO plugin v24.4 - https:\/\/yoast.com\/wordpress\/plugins\/seo\/ -->\n<title>PL.\/0595\/2025 - Dr. Vicente Caropreso - Legislapp<\/title>\n<meta name=\"robots\" content=\"index, follow, max-snippet:-1, max-image-preview:large, max-video-preview:-1\" \/>\n<link rel=\"canonical\" href=\"https:\/\/www.legislapp.com.br\/index.php\/cam-legislativa-de-sc-pl-0595-2025\/\" \/>\n<meta property=\"og:locale\" content=\"pt_BR\" \/>\n<meta property=\"og:type\" content=\"article\" \/>\n<meta property=\"og:title\" content=\"PL.\/0595\/2025 - Dr. Vicente Caropreso - Legislapp\" \/>\n<meta property=\"og:description\" content=\"C\u00e2m. Legislativa de SC &#8211; Autoria de Dr. Vicente Caropreso Declara de utilidade p\u00fablica o Instituto Catarina Brasilis, de Corup\u00e1 e Altera o Anexo \u00danico da Lei n\u00ba 18.278, de 2021, que &#8220;Consolida os atos normativos que concedem o T\u00edtulo de Utilidade P\u00fablica estadual no \u00e2mbito do Estado de Santa Catarina&#8221; para fazer constar nele [&hellip;]\" \/>\n<meta property=\"og:url\" content=\"https:\/\/www.legislapp.com.br\/index.php\/cam-legislativa-de-sc-pl-0595-2025\/\" \/>\n<meta property=\"og:site_name\" content=\"Legislapp\" \/>\n<meta property=\"article:publisher\" content=\"https:\/\/www.instagram.com\/legislapp\/\" \/>\n<meta property=\"og:image\" content=\"https:\/\/www.legislapp.com.br\/wp-content\/uploads\/google-play.png\" \/>\n<meta name=\"twitter:card\" content=\"summary_large_image\" \/>\n<meta name=\"twitter:label1\" content=\"Est. tempo de leitura\" \/>\n\t<meta name=\"twitter:data1\" content=\"6 minutos\" \/>\n<script type=\"application\/ld+json\" class=\"yoast-schema-graph\">{\"@context\":\"https:\/\/schema.org\",\"@graph\":[{\"@type\":\"WebPage\",\"@id\":\"https:\/\/www.legislapp.com.br\/index.php\/cam-legislativa-de-sc-pl-0595-2025\/\",\"url\":\"https:\/\/www.legislapp.com.br\/index.php\/cam-legislativa-de-sc-pl-0595-2025\/\",\"name\":\"PL.\/0595\/2025 - Dr. Vicente Caropreso - Legislapp\",\"isPartOf\":{\"@id\":\"https:\/\/www.legislapp.com.br\/#website\"},\"primaryImageOfPage\":{\"@id\":\"https:\/\/www.legislapp.com.br\/index.php\/cam-legislativa-de-sc-pl-0595-2025\/#primaryimage\"},\"image\":{\"@id\":\"https:\/\/www.legislapp.com.br\/index.php\/cam-legislativa-de-sc-pl-0595-2025\/#primaryimage\"},\"thumbnailUrl\":\"https:\/\/www.legislapp.com.br\/wp-content\/uploads\/google-play.png\",\"datePublished\":\"2025-09-17T16:07:58+00:00\",\"breadcrumb\":{\"@id\":\"https:\/\/www.legislapp.com.br\/index.php\/cam-legislativa-de-sc-pl-0595-2025\/#breadcrumb\"},\"inLanguage\":\"pt-BR\",\"potentialAction\":[{\"@type\":\"ReadAction\",\"target\":[\"https:\/\/www.legislapp.com.br\/index.php\/cam-legislativa-de-sc-pl-0595-2025\/\"]}]},{\"@type\":\"ImageObject\",\"inLanguage\":\"pt-BR\",\"@id\":\"https:\/\/www.legislapp.com.br\/index.php\/cam-legislativa-de-sc-pl-0595-2025\/#primaryimage\",\"url\":\"https:\/\/www.legislapp.com.br\/wp-content\/uploads\/google-play.png\",\"contentUrl\":\"https:\/\/www.legislapp.com.br\/wp-content\/uploads\/google-play.png\",\"width\":564,\"height\":168},{\"@type\":\"BreadcrumbList\",\"@id\":\"https:\/\/www.legislapp.com.br\/index.php\/cam-legislativa-de-sc-pl-0595-2025\/#breadcrumb\",\"itemListElement\":[{\"@type\":\"ListItem\",\"position\":1,\"name\":\"In\u00edcio\",\"item\":\"https:\/\/www.legislapp.com.br\/\"},{\"@type\":\"ListItem\",\"position\":2,\"name\":\"PL.\/0595\/2025 &#8211; Dr. Vicente Caropreso\"}]},{\"@type\":\"WebSite\",\"@id\":\"https:\/\/www.legislapp.com.br\/#website\",\"url\":\"https:\/\/www.legislapp.com.br\/\",\"name\":\"Legislapp\",\"description\":\"Intelig\u00eancia governamental em tempo real\",\"publisher\":{\"@id\":\"https:\/\/www.legislapp.com.br\/#organization\"},\"potentialAction\":[{\"@type\":\"SearchAction\",\"target\":{\"@type\":\"EntryPoint\",\"urlTemplate\":\"https:\/\/www.legislapp.com.br\/?s={search_term_string}\"},\"query-input\":{\"@type\":\"PropertyValueSpecification\",\"valueRequired\":true,\"valueName\":\"search_term_string\"}}],\"inLanguage\":\"pt-BR\"},{\"@type\":\"Organization\",\"@id\":\"https:\/\/www.legislapp.com.br\/#organization\",\"name\":\"Legislapp Monitoramento e Intelig\u00eancia Governamental\",\"url\":\"https:\/\/www.legislapp.com.br\/\",\"logo\":{\"@type\":\"ImageObject\",\"inLanguage\":\"pt-BR\",\"@id\":\"https:\/\/www.legislapp.com.br\/#\/schema\/logo\/image\/\",\"url\":\"https:\/\/www.legislapp.com.br\/wp-content\/uploads\/icon.png\",\"contentUrl\":\"https:\/\/www.legislapp.com.br\/wp-content\/uploads\/icon.png\",\"width\":1024,\"height\":1024,\"caption\":\"Legislapp Monitoramento e Intelig\u00eancia Governamental\"},\"image\":{\"@id\":\"https:\/\/www.legislapp.com.br\/#\/schema\/logo\/image\/\"},\"sameAs\":[\"https:\/\/www.instagram.com\/legislapp\/\"]}]}<\/script>\n<!-- \/ Yoast SEO plugin. -->","yoast_head_json":{"title":"PL.\/0595\/2025 - Dr. Vicente Caropreso - Legislapp","robots":{"index":"index","follow":"follow","max-snippet":"max-snippet:-1","max-image-preview":"max-image-preview:large","max-video-preview":"max-video-preview:-1"},"canonical":"https:\/\/www.legislapp.com.br\/index.php\/cam-legislativa-de-sc-pl-0595-2025\/","og_locale":"pt_BR","og_type":"article","og_title":"PL.\/0595\/2025 - Dr. Vicente Caropreso - Legislapp","og_description":"C\u00e2m. Legislativa de SC &#8211; Autoria de Dr. Vicente Caropreso Declara de utilidade p\u00fablica o Instituto Catarina Brasilis, de Corup\u00e1 e Altera o Anexo \u00danico da Lei n\u00ba 18.278, de 2021, que &#8220;Consolida os atos normativos que concedem o T\u00edtulo de Utilidade P\u00fablica estadual no \u00e2mbito do Estado de Santa Catarina&#8221; para fazer constar nele [&hellip;]","og_url":"https:\/\/www.legislapp.com.br\/index.php\/cam-legislativa-de-sc-pl-0595-2025\/","og_site_name":"Legislapp","article_publisher":"https:\/\/www.instagram.com\/legislapp\/","og_image":[{"url":"https:\/\/www.legislapp.com.br\/wp-content\/uploads\/google-play.png","type":"","width":"","height":""}],"twitter_card":"summary_large_image","twitter_misc":{"Est. tempo de leitura":"6 minutos"},"schema":{"@context":"https:\/\/schema.org","@graph":[{"@type":"WebPage","@id":"https:\/\/www.legislapp.com.br\/index.php\/cam-legislativa-de-sc-pl-0595-2025\/","url":"https:\/\/www.legislapp.com.br\/index.php\/cam-legislativa-de-sc-pl-0595-2025\/","name":"PL.\/0595\/2025 - Dr. Vicente Caropreso - Legislapp","isPartOf":{"@id":"https:\/\/www.legislapp.com.br\/#website"},"primaryImageOfPage":{"@id":"https:\/\/www.legislapp.com.br\/index.php\/cam-legislativa-de-sc-pl-0595-2025\/#primaryimage"},"image":{"@id":"https:\/\/www.legislapp.com.br\/index.php\/cam-legislativa-de-sc-pl-0595-2025\/#primaryimage"},"thumbnailUrl":"https:\/\/www.legislapp.com.br\/wp-content\/uploads\/google-play.png","datePublished":"2025-09-17T16:07:58+00:00","breadcrumb":{"@id":"https:\/\/www.legislapp.com.br\/index.php\/cam-legislativa-de-sc-pl-0595-2025\/#breadcrumb"},"inLanguage":"pt-BR","potentialAction":[{"@type":"ReadAction","target":["https:\/\/www.legislapp.com.br\/index.php\/cam-legislativa-de-sc-pl-0595-2025\/"]}]},{"@type":"ImageObject","inLanguage":"pt-BR","@id":"https:\/\/www.legislapp.com.br\/index.php\/cam-legislativa-de-sc-pl-0595-2025\/#primaryimage","url":"https:\/\/www.legislapp.com.br\/wp-content\/uploads\/google-play.png","contentUrl":"https:\/\/www.legislapp.com.br\/wp-content\/uploads\/google-play.png","width":564,"height":168},{"@type":"BreadcrumbList","@id":"https:\/\/www.legislapp.com.br\/index.php\/cam-legislativa-de-sc-pl-0595-2025\/#breadcrumb","itemListElement":[{"@type":"ListItem","position":1,"name":"In\u00edcio","item":"https:\/\/www.legislapp.com.br\/"},{"@type":"ListItem","position":2,"name":"PL.\/0595\/2025 &#8211; Dr. Vicente Caropreso"}]},{"@type":"WebSite","@id":"https:\/\/www.legislapp.com.br\/#website","url":"https:\/\/www.legislapp.com.br\/","name":"Legislapp","description":"Intelig\u00eancia governamental em tempo real","publisher":{"@id":"https:\/\/www.legislapp.com.br\/#organization"},"potentialAction":[{"@type":"SearchAction","target":{"@type":"EntryPoint","urlTemplate":"https:\/\/www.legislapp.com.br\/?s={search_term_string}"},"query-input":{"@type":"PropertyValueSpecification","valueRequired":true,"valueName":"search_term_string"}}],"inLanguage":"pt-BR"},{"@type":"Organization","@id":"https:\/\/www.legislapp.com.br\/#organization","name":"Legislapp Monitoramento e Intelig\u00eancia Governamental","url":"https:\/\/www.legislapp.com.br\/","logo":{"@type":"ImageObject","inLanguage":"pt-BR","@id":"https:\/\/www.legislapp.com.br\/#\/schema\/logo\/image\/","url":"https:\/\/www.legislapp.com.br\/wp-content\/uploads\/icon.png","contentUrl":"https:\/\/www.legislapp.com.br\/wp-content\/uploads\/icon.png","width":1024,"height":1024,"caption":"Legislapp Monitoramento e Intelig\u00eancia Governamental"},"image":{"@id":"https:\/\/www.legislapp.com.br\/#\/schema\/logo\/image\/"},"sameAs":["https:\/\/www.instagram.com\/legislapp\/"]}]}},"_links":{"self":[{"href":"https:\/\/www.legislapp.com.br\/index.php\/wp-json\/wp\/v2\/pages\/7020","targetHints":{"allow":["GET"]}}],"collection":[{"href":"https:\/\/www.legislapp.com.br\/index.php\/wp-json\/wp\/v2\/pages"}],"about":[{"href":"https:\/\/www.legislapp.com.br\/index.php\/wp-json\/wp\/v2\/types\/page"}],"author":[{"embeddable":true,"href":"https:\/\/www.legislapp.com.br\/index.php\/wp-json\/wp\/v2\/users\/1"}],"replies":[{"embeddable":true,"href":"https:\/\/www.legislapp.com.br\/index.php\/wp-json\/wp\/v2\/comments?post=7020"}],"version-history":[{"count":0,"href":"https:\/\/www.legislapp.com.br\/index.php\/wp-json\/wp\/v2\/pages\/7020\/revisions"}],"wp:attachment":[{"href":"https:\/\/www.legislapp.com.br\/index.php\/wp-json\/wp\/v2\/media?parent=7020"}],"curies":[{"name":"wp","href":"https:\/\/api.w.org\/{rel}","templated":true}]}}