{"id":7029,"date":"2025-09-17T13:08:28","date_gmt":"2025-09-17T16:08:28","guid":{"rendered":"https:\/\/www.legislapp.com.br\/index.php\/cam-legislativa-de-sc-prs-0008-2025\/"},"modified":"2025-09-17T13:08:28","modified_gmt":"2025-09-17T16:08:28","slug":"cam-legislativa-de-sc-prs-0008-2025","status":"publish","type":"page","link":"https:\/\/www.legislapp.com.br\/index.php\/cam-legislativa-de-sc-prs-0008-2025\/","title":{"rendered":"PRS\/0008\/2025 &#8211; MESA"},"content":{"rendered":"<h1 style='text-align: center;'>C\u00e2m. Legislativa de SC &#8211; Autoria de MESA<\/h3>\n<p><\/p>\n<article style='text-align: center'>Autoriza a Assembleia Legislativa do Estado de Santa Catarina, por meio da Mesa, a adotar as provid\u00eancias administrativas necess\u00e1rias \u00e0 premia\u00e7\u00e3o das escolas vencedoras do Pr\u00eamio Lume: Escola Refer\u00eancia.<\/article>\n<p><\/p>\n<p style='text-align: center'><a href='https:\/\/app.legislapp.com.br\/#\/busca?termo='><\/a><\/p>\n<p><\/p>\n<article>ASSEMBLEIA LEGISLATIVA<br \/>\nMESA<br \/>\nESTADO DE SANTA CATARINA<\/p>\n<p>PROJETO DE RESOLU\u00c7\u00c3O<\/p>\n<p>Autoriza a Assembleia Legislativa do Estado de Santa Catarina, por meio da Mesa,<br \/>\na adotar as provid\u00eancias administrativas necess\u00e1rias \u00e0 premia\u00e7\u00e3o das escolas<br \/>\nvencedoras do Pr\u00eamio Lume: Escola Refer\u00eancia..<\/p>\n<p>Art. 1\u00ba Fica autorizada a Assembleia Legislativa do Estado de Santa Catarina a<br \/>\nparticipar da premia\u00e7\u00e3o das escolas vencedoras do Pr\u00eamio Lume: Escola Refer\u00eancia.<\/p>\n<p>Art. 2\u00ba A Mesa adotar\u00e1 as provid\u00eancias administrativas necess\u00e1rias para a<br \/>\nconsecu\u00e7\u00e3o do disposto no art. 1\u00ba desta Resolu\u00e7\u00e3o.<\/p>\n<p>Art. 3\u00ba As despesas decorrentes da execu\u00e7\u00e3o desta Resolu\u00e7\u00e3o correr\u00e3o \u00e0 conta das<br \/>\ndota\u00e7\u00f5es or\u00e7ament\u00e1rias pr\u00f3prias consignadas ao or\u00e7amento da Assembleia Legislativa do Estado de Santa<br \/>\nCatarina.<\/p>\n<p>Art. 4\u00ba Esta Resolu\u00e7\u00e3o entra em vigor na data de sua publica\u00e7\u00e3o.<\/p>\n<p>Sala da Sess\u00f5es,     <\/p>\n<p>Deputado Julio Garcia<br \/>\nPresidente<\/p>\n<p>Deputado Fernando Krelling Deputado Padre Pedro Baldissera Deputada Ana Campagnolo<br \/>\n1\u00ba Vice-Presidente 2\u00ba Vice-Presidente 1\u00aa Secret\u00e1ria<\/p>\n<p>Deputado Marcos da Rosa Deputado Lucas Neves Deputado Oscar Gutz<br \/>\n2\u00ba Secret\u00e1rio 3\u00ba Secret\u00e1rio 4\u00ba Secret\u00e1rioJUSTIFICA\u00c7\u00c3O<\/p>\n<p>A presente proposi\u00e7\u00e3o visa autorizar a Mesa da Assembleia Legislativa do Estado<br \/>\nde Santa Catarina a adotar as provid\u00eancias administrativas necess\u00e1rias \u00e0 premia\u00e7\u00e3o das escolas vencedoras<br \/>\ndo Pr\u00eamio Lume: Escola Refer\u00eancia, no ano de 2025.<\/p>\n<p>A medida fundamenta-se no Acordo de Coopera\u00e7\u00e3o T\u00e9cnica n\u00ba 007\/2019,<br \/>\ncelebrado entre treze institui\u00e7\u00f5es catarinenses, entre as quais esta Assembleia Legislativa, com o prop\u00f3sito<br \/>\nde fortalecer a educa\u00e7\u00e3o p\u00fablica por meio do compartilhamento de informa\u00e7\u00f5es, da transpar\u00eancia na gest\u00e3o e<br \/>\ndo acompanhamento sistem\u00e1tico das metas previstas nos Planos Estadual e Municipais de Educa\u00e7\u00e3o. Esse<br \/>\narranjo interinstitucional constitui exemplo de coopera\u00e7\u00e3o em que diferentes \u00f3rg\u00e3os unem esfor\u00e7os em<br \/>\nbenef\u00edcio de uma causa estrat\u00e9gica: a forma\u00e7\u00e3o educacional da sociedade catarinense.<\/p>\n<p>O Pr\u00eamio Lume: Escola Refer\u00eancia, iniciativa decorrente desse pacto, constitui<br \/>\ninstrumento de valoriza\u00e7\u00e3o da qualidade educacional. Seus objetivos abrangem: incentivar pr\u00e1ticas<br \/>\npedag\u00f3gicas inovadoras e eficazes; consolidar a gest\u00e3o democr\u00e1tica e participativa nas escolas; aprimorar<br \/>\ncontinuamente a qualidade social da educa\u00e7\u00e3o; qualificar a gest\u00e3o de recursos f\u00edsicos, financeiros e humanos;<br \/>\ne estimular o protagonismo da comunidade escolar no processo de alfabetiza\u00e7\u00e3o na idade recomendada.<\/p>\n<p>Na edi\u00e7\u00e3o de 2025, o Pr\u00eamio reconhecer\u00e1 escolas p\u00fablicas estaduais e municipais<br \/>\nde todas as mesorregi\u00f5es do Estado, selecionadas mediante rigoroso processo de pr\u00e9-qualifica\u00e7\u00e3o, an\u00e1lise<br \/>\nde m\u00e9rito e valida\u00e7\u00e3o de pr\u00e1ticas. Trata-se, portanto, de a\u00e7\u00e3o que transcende o simples ato de premia\u00e7\u00e3o,<br \/>\npois simboliza o reconhecimento p\u00fablico da sociedade catarinense ao esfor\u00e7o de gestores, professores,<br \/>\nestudantes e comunidades na busca da excel\u00eancia educacional.<\/p>\n<p>A Assembleia Legislativa, enquanto signat\u00e1ria do Acordo e Casa de representa\u00e7\u00e3o<br \/>\npopular, reafirma, com esta Resolu\u00e7\u00e3o, seu compromisso de apoiar iniciativas que fortale\u00e7am a educa\u00e7\u00e3o e<br \/>\npromovam o desenvolvimento humano e social em Santa Catarina. O apoio institucional aqui proposto<br \/>\nconfigura um gesto de reconhecimento e est\u00edmulo \u00e0 dedica\u00e7\u00e3o de nossas escolas e \u00e0 import\u00e2ncia da<br \/>\neduca\u00e7\u00e3o como fundamento da cidadania e do progresso.<\/p>\n<p>Diante da relev\u00e2ncia e da oportunidade da mat\u00e9ria, contamos com o apoio dos<br \/>\nnobres Pares para a aprova\u00e7\u00e3o da presente Proposta de Resolu\u00e7\u00e3o.<br \/>\nELEGIS<br \/>\nDocumento assinado eletronicamente por Ana Caroline Campagnolo, em 25\/08\/2025, \u00e0s<br \/>\nSistema de Processo<br \/>\n16:32.<br \/>\nLegislativo Eletr\u00f4nico<br \/>\nELEGIS<br \/>\nDocumento assinado eletronicamente por Fernando Krelling, em 25\/08\/2025, \u00e0s 14:50.<br \/>\nSistema de Processo<br \/>\nLegislativo Eletr\u00f4nico<br \/>\nELEGIS<br \/>\nDocumento assinado eletronicamente por Padre Pedro Baldissera, em 26\/08\/2025, \u00e0s<br \/>\nSistema de Processo<br \/>\n09:24.<br \/>\nLegislativo Eletr\u00f4nico<br \/>\nELEGIS<br \/>\nDocumento assinado eletronicamente por Julio C\u00e9sar Garcia, em 25\/08\/2025, \u00e0s 11:29.<br \/>\nSistema de Processo<br \/>\nLegislativo Eletr\u00f4nico<br \/>\nELEGIS<br \/>\nDocumento assinado eletronicamente por Lucas Felipe Melo Neves, em 25\/08\/2025, \u00e0s<br \/>\nSistema de Processo 14:46.<br \/>\nLegislativo Eletr\u00f4nico<br \/>\nELEGIS<br \/>\nDocumento assinado eletronicamente por Marcos da Rosa, em 25\/08\/2025, \u00e0s 14:10.<br \/>\nSistema de Processo<br \/>\nLegislativo Eletr\u00f4nico<br \/>\nELEGIS<br \/>\nDocumento assinado eletronicamente por Oscar Gutz, em 25\/08\/2025, \u00e0s 13:26.<br \/>\nSistema de Processo<br \/>\nLegislativo Eletr\u00f4nico<\/article>\n<div style=\"text-align: center\">\n<div style=\"margin-bottom: 20px;\" class=\"et_pb_button_module_wrapper et_pb_button_5_tb_body_wrapper et_pb_button_alignment_center et_pb_module \">\n         <a class=\"et_pb_button et_pb_button_5_tb_body et_hover_enabled et_pb_bg_layout_dark\" style=\"width: 50%;background-color: black;\" href=\"https:\/\/app.legislapp.com.br\" target=\"_blank\" rel=\"noopener\">Visualizar completo na nossa plataforma (30 dias gr\u00e1tis)<\/a><\/p><\/div>\n<p>      <a href=\"https:\/\/play.google.com\/store\/apps\/details?id=br.com.legislapp\"><img decoding=\"async\" style=\"width: 15%; min-width: 130px;\" src=\"https:\/\/www.legislapp.com.br\/wp-content\/uploads\/google-play.png\"><\/a><br \/>\n      <a href=\"https:\/\/apps.apple.com\/us\/app\/legislapp\/id1568929859\"><img decoding=\"async\" style=\"width: 15%; min-width: 130px\" src=\"https:\/\/www.legislapp.com.br\/wp-content\/uploads\/apple-store.png\"><\/a>\n   <\/div>\n","protected":false},"excerpt":{"rendered":"<p>C\u00e2m. Legislativa de SC &#8211; Autoria de MESA Autoriza a Assembleia Legislativa do Estado de Santa Catarina, por meio da Mesa, a adotar as provid\u00eancias administrativas necess\u00e1rias \u00e0 premia\u00e7\u00e3o das escolas vencedoras do Pr\u00eamio Lume: Escola Refer\u00eancia. ASSEMBLEIA LEGISLATIVA MESA ESTADO DE SANTA CATARINA PROJETO DE RESOLU\u00c7\u00c3O Autoriza a Assembleia Legislativa do Estado de Santa [&hellip;]<\/p>\n","protected":false},"author":1,"featured_media":0,"parent":0,"menu_order":0,"comment_status":"closed","ping_status":"closed","template":"page-template-blank.php","meta":{"_et_pb_use_builder":"","_et_pb_old_content":"","_et_gb_content_width":"1080","ngg_post_thumbnail":0,"footnotes":""},"class_list":["post-7029","page","type-page","status-publish","hentry"],"yoast_head":"<!-- This site is optimized with the Yoast SEO plugin v24.4 - https:\/\/yoast.com\/wordpress\/plugins\/seo\/ -->\n<title>PRS\/0008\/2025 - MESA - Legislapp<\/title>\n<meta name=\"robots\" content=\"index, follow, max-snippet:-1, max-image-preview:large, max-video-preview:-1\" \/>\n<link rel=\"canonical\" href=\"https:\/\/www.legislapp.com.br\/index.php\/cam-legislativa-de-sc-prs-0008-2025\/\" \/>\n<meta property=\"og:locale\" content=\"pt_BR\" \/>\n<meta property=\"og:type\" content=\"article\" \/>\n<meta property=\"og:title\" content=\"PRS\/0008\/2025 - MESA - Legislapp\" \/>\n<meta property=\"og:description\" content=\"C\u00e2m. Legislativa de SC &#8211; Autoria de MESA Autoriza a Assembleia Legislativa do Estado de Santa Catarina, por meio da Mesa, a adotar as provid\u00eancias administrativas necess\u00e1rias \u00e0 premia\u00e7\u00e3o das escolas vencedoras do Pr\u00eamio Lume: Escola Refer\u00eancia. ASSEMBLEIA LEGISLATIVA MESA ESTADO DE SANTA CATARINA PROJETO DE RESOLU\u00c7\u00c3O Autoriza a Assembleia Legislativa do Estado de Santa [&hellip;]\" \/>\n<meta property=\"og:url\" content=\"https:\/\/www.legislapp.com.br\/index.php\/cam-legislativa-de-sc-prs-0008-2025\/\" \/>\n<meta property=\"og:site_name\" content=\"Legislapp\" \/>\n<meta property=\"article:publisher\" content=\"https:\/\/www.instagram.com\/legislapp\/\" \/>\n<meta property=\"og:image\" content=\"https:\/\/www.legislapp.com.br\/wp-content\/uploads\/google-play.png\" \/>\n<meta name=\"twitter:card\" content=\"summary_large_image\" \/>\n<meta name=\"twitter:label1\" content=\"Est. tempo de leitura\" \/>\n\t<meta name=\"twitter:data1\" content=\"4 minutos\" \/>\n<script type=\"application\/ld+json\" class=\"yoast-schema-graph\">{\"@context\":\"https:\/\/schema.org\",\"@graph\":[{\"@type\":\"WebPage\",\"@id\":\"https:\/\/www.legislapp.com.br\/index.php\/cam-legislativa-de-sc-prs-0008-2025\/\",\"url\":\"https:\/\/www.legislapp.com.br\/index.php\/cam-legislativa-de-sc-prs-0008-2025\/\",\"name\":\"PRS\/0008\/2025 - MESA - Legislapp\",\"isPartOf\":{\"@id\":\"https:\/\/www.legislapp.com.br\/#website\"},\"primaryImageOfPage\":{\"@id\":\"https:\/\/www.legislapp.com.br\/index.php\/cam-legislativa-de-sc-prs-0008-2025\/#primaryimage\"},\"image\":{\"@id\":\"https:\/\/www.legislapp.com.br\/index.php\/cam-legislativa-de-sc-prs-0008-2025\/#primaryimage\"},\"thumbnailUrl\":\"https:\/\/www.legislapp.com.br\/wp-content\/uploads\/google-play.png\",\"datePublished\":\"2025-09-17T16:08:28+00:00\",\"breadcrumb\":{\"@id\":\"https:\/\/www.legislapp.com.br\/index.php\/cam-legislativa-de-sc-prs-0008-2025\/#breadcrumb\"},\"inLanguage\":\"pt-BR\",\"potentialAction\":[{\"@type\":\"ReadAction\",\"target\":[\"https:\/\/www.legislapp.com.br\/index.php\/cam-legislativa-de-sc-prs-0008-2025\/\"]}]},{\"@type\":\"ImageObject\",\"inLanguage\":\"pt-BR\",\"@id\":\"https:\/\/www.legislapp.com.br\/index.php\/cam-legislativa-de-sc-prs-0008-2025\/#primaryimage\",\"url\":\"https:\/\/www.legislapp.com.br\/wp-content\/uploads\/google-play.png\",\"contentUrl\":\"https:\/\/www.legislapp.com.br\/wp-content\/uploads\/google-play.png\",\"width\":564,\"height\":168},{\"@type\":\"BreadcrumbList\",\"@id\":\"https:\/\/www.legislapp.com.br\/index.php\/cam-legislativa-de-sc-prs-0008-2025\/#breadcrumb\",\"itemListElement\":[{\"@type\":\"ListItem\",\"position\":1,\"name\":\"In\u00edcio\",\"item\":\"https:\/\/www.legislapp.com.br\/\"},{\"@type\":\"ListItem\",\"position\":2,\"name\":\"PRS\/0008\/2025 &#8211; MESA\"}]},{\"@type\":\"WebSite\",\"@id\":\"https:\/\/www.legislapp.com.br\/#website\",\"url\":\"https:\/\/www.legislapp.com.br\/\",\"name\":\"Legislapp\",\"description\":\"Intelig\u00eancia governamental em tempo real\",\"publisher\":{\"@id\":\"https:\/\/www.legislapp.com.br\/#organization\"},\"potentialAction\":[{\"@type\":\"SearchAction\",\"target\":{\"@type\":\"EntryPoint\",\"urlTemplate\":\"https:\/\/www.legislapp.com.br\/?s={search_term_string}\"},\"query-input\":{\"@type\":\"PropertyValueSpecification\",\"valueRequired\":true,\"valueName\":\"search_term_string\"}}],\"inLanguage\":\"pt-BR\"},{\"@type\":\"Organization\",\"@id\":\"https:\/\/www.legislapp.com.br\/#organization\",\"name\":\"Legislapp Monitoramento e Intelig\u00eancia Governamental\",\"url\":\"https:\/\/www.legislapp.com.br\/\",\"logo\":{\"@type\":\"ImageObject\",\"inLanguage\":\"pt-BR\",\"@id\":\"https:\/\/www.legislapp.com.br\/#\/schema\/logo\/image\/\",\"url\":\"https:\/\/www.legislapp.com.br\/wp-content\/uploads\/icon.png\",\"contentUrl\":\"https:\/\/www.legislapp.com.br\/wp-content\/uploads\/icon.png\",\"width\":1024,\"height\":1024,\"caption\":\"Legislapp Monitoramento e Intelig\u00eancia Governamental\"},\"image\":{\"@id\":\"https:\/\/www.legislapp.com.br\/#\/schema\/logo\/image\/\"},\"sameAs\":[\"https:\/\/www.instagram.com\/legislapp\/\"]}]}<\/script>\n<!-- \/ Yoast SEO plugin. -->","yoast_head_json":{"title":"PRS\/0008\/2025 - MESA - Legislapp","robots":{"index":"index","follow":"follow","max-snippet":"max-snippet:-1","max-image-preview":"max-image-preview:large","max-video-preview":"max-video-preview:-1"},"canonical":"https:\/\/www.legislapp.com.br\/index.php\/cam-legislativa-de-sc-prs-0008-2025\/","og_locale":"pt_BR","og_type":"article","og_title":"PRS\/0008\/2025 - MESA - Legislapp","og_description":"C\u00e2m. Legislativa de SC &#8211; Autoria de MESA Autoriza a Assembleia Legislativa do Estado de Santa Catarina, por meio da Mesa, a adotar as provid\u00eancias administrativas necess\u00e1rias \u00e0 premia\u00e7\u00e3o das escolas vencedoras do Pr\u00eamio Lume: Escola Refer\u00eancia. ASSEMBLEIA LEGISLATIVA MESA ESTADO DE SANTA CATARINA PROJETO DE RESOLU\u00c7\u00c3O Autoriza a Assembleia Legislativa do Estado de Santa [&hellip;]","og_url":"https:\/\/www.legislapp.com.br\/index.php\/cam-legislativa-de-sc-prs-0008-2025\/","og_site_name":"Legislapp","article_publisher":"https:\/\/www.instagram.com\/legislapp\/","og_image":[{"url":"https:\/\/www.legislapp.com.br\/wp-content\/uploads\/google-play.png","type":"","width":"","height":""}],"twitter_card":"summary_large_image","twitter_misc":{"Est. tempo de leitura":"4 minutos"},"schema":{"@context":"https:\/\/schema.org","@graph":[{"@type":"WebPage","@id":"https:\/\/www.legislapp.com.br\/index.php\/cam-legislativa-de-sc-prs-0008-2025\/","url":"https:\/\/www.legislapp.com.br\/index.php\/cam-legislativa-de-sc-prs-0008-2025\/","name":"PRS\/0008\/2025 - MESA - Legislapp","isPartOf":{"@id":"https:\/\/www.legislapp.com.br\/#website"},"primaryImageOfPage":{"@id":"https:\/\/www.legislapp.com.br\/index.php\/cam-legislativa-de-sc-prs-0008-2025\/#primaryimage"},"image":{"@id":"https:\/\/www.legislapp.com.br\/index.php\/cam-legislativa-de-sc-prs-0008-2025\/#primaryimage"},"thumbnailUrl":"https:\/\/www.legislapp.com.br\/wp-content\/uploads\/google-play.png","datePublished":"2025-09-17T16:08:28+00:00","breadcrumb":{"@id":"https:\/\/www.legislapp.com.br\/index.php\/cam-legislativa-de-sc-prs-0008-2025\/#breadcrumb"},"inLanguage":"pt-BR","potentialAction":[{"@type":"ReadAction","target":["https:\/\/www.legislapp.com.br\/index.php\/cam-legislativa-de-sc-prs-0008-2025\/"]}]},{"@type":"ImageObject","inLanguage":"pt-BR","@id":"https:\/\/www.legislapp.com.br\/index.php\/cam-legislativa-de-sc-prs-0008-2025\/#primaryimage","url":"https:\/\/www.legislapp.com.br\/wp-content\/uploads\/google-play.png","contentUrl":"https:\/\/www.legislapp.com.br\/wp-content\/uploads\/google-play.png","width":564,"height":168},{"@type":"BreadcrumbList","@id":"https:\/\/www.legislapp.com.br\/index.php\/cam-legislativa-de-sc-prs-0008-2025\/#breadcrumb","itemListElement":[{"@type":"ListItem","position":1,"name":"In\u00edcio","item":"https:\/\/www.legislapp.com.br\/"},{"@type":"ListItem","position":2,"name":"PRS\/0008\/2025 &#8211; MESA"}]},{"@type":"WebSite","@id":"https:\/\/www.legislapp.com.br\/#website","url":"https:\/\/www.legislapp.com.br\/","name":"Legislapp","description":"Intelig\u00eancia governamental em tempo real","publisher":{"@id":"https:\/\/www.legislapp.com.br\/#organization"},"potentialAction":[{"@type":"SearchAction","target":{"@type":"EntryPoint","urlTemplate":"https:\/\/www.legislapp.com.br\/?s={search_term_string}"},"query-input":{"@type":"PropertyValueSpecification","valueRequired":true,"valueName":"search_term_string"}}],"inLanguage":"pt-BR"},{"@type":"Organization","@id":"https:\/\/www.legislapp.com.br\/#organization","name":"Legislapp Monitoramento e Intelig\u00eancia Governamental","url":"https:\/\/www.legislapp.com.br\/","logo":{"@type":"ImageObject","inLanguage":"pt-BR","@id":"https:\/\/www.legislapp.com.br\/#\/schema\/logo\/image\/","url":"https:\/\/www.legislapp.com.br\/wp-content\/uploads\/icon.png","contentUrl":"https:\/\/www.legislapp.com.br\/wp-content\/uploads\/icon.png","width":1024,"height":1024,"caption":"Legislapp Monitoramento e Intelig\u00eancia Governamental"},"image":{"@id":"https:\/\/www.legislapp.com.br\/#\/schema\/logo\/image\/"},"sameAs":["https:\/\/www.instagram.com\/legislapp\/"]}]}},"_links":{"self":[{"href":"https:\/\/www.legislapp.com.br\/index.php\/wp-json\/wp\/v2\/pages\/7029","targetHints":{"allow":["GET"]}}],"collection":[{"href":"https:\/\/www.legislapp.com.br\/index.php\/wp-json\/wp\/v2\/pages"}],"about":[{"href":"https:\/\/www.legislapp.com.br\/index.php\/wp-json\/wp\/v2\/types\/page"}],"author":[{"embeddable":true,"href":"https:\/\/www.legislapp.com.br\/index.php\/wp-json\/wp\/v2\/users\/1"}],"replies":[{"embeddable":true,"href":"https:\/\/www.legislapp.com.br\/index.php\/wp-json\/wp\/v2\/comments?post=7029"}],"version-history":[{"count":0,"href":"https:\/\/www.legislapp.com.br\/index.php\/wp-json\/wp\/v2\/pages\/7029\/revisions"}],"wp:attachment":[{"href":"https:\/\/www.legislapp.com.br\/index.php\/wp-json\/wp\/v2\/media?parent=7029"}],"curies":[{"name":"wp","href":"https:\/\/api.w.org\/{rel}","templated":true}]}}