{"id":7041,"date":"2025-09-17T13:09:07","date_gmt":"2025-09-17T16:09:07","guid":{"rendered":"https:\/\/www.legislapp.com.br\/index.php\/cam-legislativa-de-sc-pl-0588-2025\/"},"modified":"2025-09-17T13:09:07","modified_gmt":"2025-09-17T16:09:07","slug":"cam-legislativa-de-sc-pl-0588-2025","status":"publish","type":"page","link":"https:\/\/www.legislapp.com.br\/index.php\/cam-legislativa-de-sc-pl-0588-2025\/","title":{"rendered":"PL.\/0588\/2025 &#8211; Paulinha"},"content":{"rendered":"<h1 style='text-align: center;'>C\u00e2m. Legislativa de SC &#8211; Autoria de Paulinha<\/h3>\n<p><\/p>\n<article style='text-align: center'>Institui a Carteira Digital de Identifica\u00e7\u00e3o da Pessoa com Doen\u00e7a Rara, no \u00e2mbito do Estado de Santa Catarina.<\/article>\n<p><\/p>\n<p style='text-align: center'><a href='https:\/\/app.legislapp.com.br\/#\/busca?termo='><\/a><\/p>\n<p><\/p>\n<article>ASSEMBLEIA LEGISLATIVA GABINETE DEPUTADA<br \/>\nESTADO DE SANTA CATARINA PAULINHA<\/p>\n<p>PROJETO DE LEI<\/p>\n<p>Institui a Carteira Digital de Identifica\u00e7\u00e3o da Pessoa com<br \/>\nDoen\u00e7a Rara, no \u00e2mbito do Estado de Santa Catarina.<br \/>\n.<\/p>\n<p>Art. 1\u00ba  Fica institu\u00edda, no \u00e2mbito do Estado de Santa<br \/>\nCatarina, a Carteira Digital de Identifica\u00e7\u00e3o da Pessoa com Doen\u00e7a Rara, com a<br \/>\nfinalidade de facilitar o acesso aos servi\u00e7os p\u00fablicos e ampliar as pol\u00edticas de aten\u00e7\u00e3o<br \/>\n\u00e0s pessoas diagnosticadas com doen\u00e7as raras.<\/p>\n<p>Art. 2\u00ba Considera-se doen\u00e7a rara aquela que afeta at\u00e9 65<br \/>\npessoas em cada 100.000 indiv\u00edduos, nos termos estabelecidos pelo Minist\u00e9rio da<br \/>\nSa\u00fade.<\/p>\n<p>Art. 3\u00ba A Carteira de Identifica\u00e7\u00e3o da Pessoa com Doen\u00e7a<br \/>\nRara ser\u00e1 emitida mediante requerimento do interessado ou de seu representante<br \/>\nlegal, acompanhado da documenta\u00e7\u00e3o comprobat\u00f3ria, conforme regulamenta\u00e7\u00e3o do<br \/>\nPoder Executivo.   <\/p>\n<p>Art. 4\u00ba Fica a crit\u00e9rio do Poder Executivo implementar a<br \/>\nCarteira Digital de Identifica\u00e7\u00e3o da Pessoa com Doen\u00e7a Rara , destinada a facilitar a<br \/>\nidentifica\u00e7\u00e3o e garantir aten\u00e7\u00e3o integral, pronto atendimento e prioridade no<br \/>\natendimento no acesso aos servi\u00e7os p\u00fablicos e privados, em especial na \u00e1rea da<br \/>\nSa\u00fade, Educa\u00e7\u00e3o e Assist\u00eancia Social, na forma prevista em decreto do Governador do<br \/>\nEstado.<\/p>\n<p>Art. 5\u00ba O Poder Executivo regulamentar\u00e1 esta Lei no prazo<br \/>\nde 90 (noventa) dias a contar de sua publica\u00e7\u00e3o.<\/p>\n<p>Art. 6\u00ba Esta Lei entra em vigor ap\u00f3s sua publica\u00e7\u00e3o.<\/p>\n<p>Sala da Sess\u00f5es,     <\/p>\n<p>Deputada PAULINHA<br \/>\n JUSTIFICA\u00c7\u00c3O<\/p>\n<p>A presente proposi\u00e7\u00e3o visa instituir a Carteira Digital de Identifica\u00e7\u00e3o da Pessoa<br \/>\ncom Doen\u00e7a Rara, no \u00e2mbito do Estado de Santa Catarina.<\/p>\n<p>Segundo estimativas do Minist\u00e9rio da Sa\u00fade, existem entre 6 mil e 8 mil doen\u00e7as<br \/>\nraras documentadas, em sua maioria de car\u00e1ter cr\u00f4nico, progressivo, degenerativo e<br \/>\nincapacitante, afetando de forma significativa a qualidade de vida dos pacientes e de<br \/>\nsuas fam\u00edlias. Ainda de acordo com dados nacionais, cerca de 95% dessas doen\u00e7as<br \/>\nn\u00e3o possuem tratamento espec\u00edfico, sendo imprescind\u00edveis pol\u00edticas p\u00fablicas de<br \/>\ndiagn\u00f3stico precoce, acompanhamento multidisciplinar, reabilita\u00e7\u00e3o e cuidados<br \/>\npaliativos.<\/p>\n<p>No Estado de Santa Catarina, milhares de pacientes est\u00e3o cadastrados com<br \/>\ndiagn\u00f3stico de doen\u00e7as raras, formando um grupo expressivo da popula\u00e7\u00e3o que<br \/>\ndemanda aten\u00e7\u00e3o especial. A institui\u00e7\u00e3o da Carteira de Identifica\u00e7\u00e3o tem por objetivo<br \/>\nfacilitar o acesso \u00e0s pol\u00edticas p\u00fablicas j\u00e1 existentes, promover maior efic\u00e1cia no<br \/>\ndiagn\u00f3stico, personalizar o tratamento m\u00e9dico e ampliar a inclus\u00e3o social,<br \/>\nassegurando visibilidade e reconhecimento formal dessa condi\u00e7\u00e3o de sa\u00fade.<\/p>\n<p>A proposta se inspira na experi\u00eancia exitosa j\u00e1 adotada em Santa Catarina, com a<br \/>\ncria\u00e7\u00e3o de carteiras de identifica\u00e7\u00e3o espec\u00edficas para pessoas com Transtorno do<br \/>\nEspectro Autista (Lei n\u00ba 17.754\/2019) e para pessoas com Fibromialgia (Lei n\u00ba<br \/>\n18.928\/2024), instrumentos que v\u00eam se mostrando eficazes na promo\u00e7\u00e3o da cidadania<br \/>\ne no fortalecimento de pol\u00edticas p\u00fablicas direcionadas.<\/p>\n<p>Assim, a Carteira Digital de Identifica\u00e7\u00e3o da Pessoa com Doen\u00e7a Rara representa um<br \/>\navan\u00e7o necess\u00e1rio, sem cria\u00e7\u00e3o de novas despesas diretas ao Estado, refor\u00e7ando a<br \/>\nrede de aten\u00e7\u00e3o j\u00e1 existente, garantindo maior inclus\u00e3o e qualidade de vida \u00e0s pessoas<br \/>\nacometidas por essas enfermidades e seus familiares.<br \/>\nDiante da relev\u00e2ncia da mat\u00e9ria e da urg\u00eancia em ampliar mecanismos de prote\u00e7\u00e3o,<br \/>\nsolicito o apoio dos nobres Pares para a aprova\u00e7\u00e3o desta proposi\u00e7\u00e3o.<br \/>\nELEGIS<br \/>\nDocumento assinado eletronicamente por Ana Paula da Silva,<br \/>\nSistema de Processo<br \/>\nem 21\/08\/2025, \u00e0s 12:04.<br \/>\nLegislativo Eletr\u00f4nico<\/article>\n<div style=\"text-align: center\">\n<div style=\"margin-bottom: 20px;\" class=\"et_pb_button_module_wrapper et_pb_button_5_tb_body_wrapper et_pb_button_alignment_center et_pb_module \">\n         <a class=\"et_pb_button et_pb_button_5_tb_body et_hover_enabled et_pb_bg_layout_dark\" style=\"width: 50%;background-color: black;\" href=\"https:\/\/app.legislapp.com.br\" target=\"_blank\" rel=\"noopener\">Visualizar completo na nossa plataforma (30 dias gr\u00e1tis)<\/a><\/p><\/div>\n<p>      <a href=\"https:\/\/play.google.com\/store\/apps\/details?id=br.com.legislapp\"><img decoding=\"async\" style=\"width: 15%; min-width: 130px;\" src=\"https:\/\/www.legislapp.com.br\/wp-content\/uploads\/google-play.png\"><\/a><br \/>\n      <a href=\"https:\/\/apps.apple.com\/us\/app\/legislapp\/id1568929859\"><img decoding=\"async\" style=\"width: 15%; min-width: 130px\" src=\"https:\/\/www.legislapp.com.br\/wp-content\/uploads\/apple-store.png\"><\/a>\n   <\/div>\n","protected":false},"excerpt":{"rendered":"<p>C\u00e2m. Legislativa de SC &#8211; Autoria de Paulinha Institui a Carteira Digital de Identifica\u00e7\u00e3o da Pessoa com Doen\u00e7a Rara, no \u00e2mbito do Estado de Santa Catarina. ASSEMBLEIA LEGISLATIVA GABINETE DEPUTADA ESTADO DE SANTA CATARINA PAULINHA PROJETO DE LEI Institui a Carteira Digital de Identifica\u00e7\u00e3o da Pessoa com Doen\u00e7a Rara, no \u00e2mbito do Estado de Santa [&hellip;]<\/p>\n","protected":false},"author":1,"featured_media":0,"parent":0,"menu_order":0,"comment_status":"closed","ping_status":"closed","template":"page-template-blank.php","meta":{"_et_pb_use_builder":"","_et_pb_old_content":"","_et_gb_content_width":"1080","ngg_post_thumbnail":0,"footnotes":""},"class_list":["post-7041","page","type-page","status-publish","hentry"],"yoast_head":"<!-- This site is optimized with the Yoast SEO plugin v24.4 - https:\/\/yoast.com\/wordpress\/plugins\/seo\/ -->\n<title>PL.\/0588\/2025 - Paulinha - Legislapp<\/title>\n<meta name=\"robots\" content=\"index, follow, max-snippet:-1, max-image-preview:large, max-video-preview:-1\" \/>\n<link rel=\"canonical\" href=\"https:\/\/www.legislapp.com.br\/index.php\/cam-legislativa-de-sc-pl-0588-2025\/\" \/>\n<meta property=\"og:locale\" content=\"pt_BR\" \/>\n<meta property=\"og:type\" content=\"article\" \/>\n<meta property=\"og:title\" content=\"PL.\/0588\/2025 - Paulinha - Legislapp\" \/>\n<meta property=\"og:description\" content=\"C\u00e2m. Legislativa de SC &#8211; Autoria de Paulinha Institui a Carteira Digital de Identifica\u00e7\u00e3o da Pessoa com Doen\u00e7a Rara, no \u00e2mbito do Estado de Santa Catarina. ASSEMBLEIA LEGISLATIVA GABINETE DEPUTADA ESTADO DE SANTA CATARINA PAULINHA PROJETO DE LEI Institui a Carteira Digital de Identifica\u00e7\u00e3o da Pessoa com Doen\u00e7a Rara, no \u00e2mbito do Estado de Santa [&hellip;]\" \/>\n<meta property=\"og:url\" content=\"https:\/\/www.legislapp.com.br\/index.php\/cam-legislativa-de-sc-pl-0588-2025\/\" \/>\n<meta property=\"og:site_name\" content=\"Legislapp\" \/>\n<meta property=\"article:publisher\" content=\"https:\/\/www.instagram.com\/legislapp\/\" \/>\n<meta property=\"og:image\" content=\"https:\/\/www.legislapp.com.br\/wp-content\/uploads\/google-play.png\" \/>\n<meta name=\"twitter:card\" content=\"summary_large_image\" \/>\n<meta name=\"twitter:label1\" content=\"Est. tempo de leitura\" \/>\n\t<meta name=\"twitter:data1\" content=\"3 minutos\" \/>\n<script type=\"application\/ld+json\" class=\"yoast-schema-graph\">{\"@context\":\"https:\/\/schema.org\",\"@graph\":[{\"@type\":\"WebPage\",\"@id\":\"https:\/\/www.legislapp.com.br\/index.php\/cam-legislativa-de-sc-pl-0588-2025\/\",\"url\":\"https:\/\/www.legislapp.com.br\/index.php\/cam-legislativa-de-sc-pl-0588-2025\/\",\"name\":\"PL.\/0588\/2025 - Paulinha - Legislapp\",\"isPartOf\":{\"@id\":\"https:\/\/www.legislapp.com.br\/#website\"},\"primaryImageOfPage\":{\"@id\":\"https:\/\/www.legislapp.com.br\/index.php\/cam-legislativa-de-sc-pl-0588-2025\/#primaryimage\"},\"image\":{\"@id\":\"https:\/\/www.legislapp.com.br\/index.php\/cam-legislativa-de-sc-pl-0588-2025\/#primaryimage\"},\"thumbnailUrl\":\"https:\/\/www.legislapp.com.br\/wp-content\/uploads\/google-play.png\",\"datePublished\":\"2025-09-17T16:09:07+00:00\",\"breadcrumb\":{\"@id\":\"https:\/\/www.legislapp.com.br\/index.php\/cam-legislativa-de-sc-pl-0588-2025\/#breadcrumb\"},\"inLanguage\":\"pt-BR\",\"potentialAction\":[{\"@type\":\"ReadAction\",\"target\":[\"https:\/\/www.legislapp.com.br\/index.php\/cam-legislativa-de-sc-pl-0588-2025\/\"]}]},{\"@type\":\"ImageObject\",\"inLanguage\":\"pt-BR\",\"@id\":\"https:\/\/www.legislapp.com.br\/index.php\/cam-legislativa-de-sc-pl-0588-2025\/#primaryimage\",\"url\":\"https:\/\/www.legislapp.com.br\/wp-content\/uploads\/google-play.png\",\"contentUrl\":\"https:\/\/www.legislapp.com.br\/wp-content\/uploads\/google-play.png\",\"width\":564,\"height\":168},{\"@type\":\"BreadcrumbList\",\"@id\":\"https:\/\/www.legislapp.com.br\/index.php\/cam-legislativa-de-sc-pl-0588-2025\/#breadcrumb\",\"itemListElement\":[{\"@type\":\"ListItem\",\"position\":1,\"name\":\"In\u00edcio\",\"item\":\"https:\/\/www.legislapp.com.br\/\"},{\"@type\":\"ListItem\",\"position\":2,\"name\":\"PL.\/0588\/2025 &#8211; Paulinha\"}]},{\"@type\":\"WebSite\",\"@id\":\"https:\/\/www.legislapp.com.br\/#website\",\"url\":\"https:\/\/www.legislapp.com.br\/\",\"name\":\"Legislapp\",\"description\":\"Intelig\u00eancia governamental em tempo real\",\"publisher\":{\"@id\":\"https:\/\/www.legislapp.com.br\/#organization\"},\"potentialAction\":[{\"@type\":\"SearchAction\",\"target\":{\"@type\":\"EntryPoint\",\"urlTemplate\":\"https:\/\/www.legislapp.com.br\/?s={search_term_string}\"},\"query-input\":{\"@type\":\"PropertyValueSpecification\",\"valueRequired\":true,\"valueName\":\"search_term_string\"}}],\"inLanguage\":\"pt-BR\"},{\"@type\":\"Organization\",\"@id\":\"https:\/\/www.legislapp.com.br\/#organization\",\"name\":\"Legislapp Monitoramento e Intelig\u00eancia Governamental\",\"url\":\"https:\/\/www.legislapp.com.br\/\",\"logo\":{\"@type\":\"ImageObject\",\"inLanguage\":\"pt-BR\",\"@id\":\"https:\/\/www.legislapp.com.br\/#\/schema\/logo\/image\/\",\"url\":\"https:\/\/www.legislapp.com.br\/wp-content\/uploads\/icon.png\",\"contentUrl\":\"https:\/\/www.legislapp.com.br\/wp-content\/uploads\/icon.png\",\"width\":1024,\"height\":1024,\"caption\":\"Legislapp Monitoramento e Intelig\u00eancia Governamental\"},\"image\":{\"@id\":\"https:\/\/www.legislapp.com.br\/#\/schema\/logo\/image\/\"},\"sameAs\":[\"https:\/\/www.instagram.com\/legislapp\/\"]}]}<\/script>\n<!-- \/ Yoast SEO plugin. -->","yoast_head_json":{"title":"PL.\/0588\/2025 - Paulinha - Legislapp","robots":{"index":"index","follow":"follow","max-snippet":"max-snippet:-1","max-image-preview":"max-image-preview:large","max-video-preview":"max-video-preview:-1"},"canonical":"https:\/\/www.legislapp.com.br\/index.php\/cam-legislativa-de-sc-pl-0588-2025\/","og_locale":"pt_BR","og_type":"article","og_title":"PL.\/0588\/2025 - Paulinha - Legislapp","og_description":"C\u00e2m. Legislativa de SC &#8211; Autoria de Paulinha Institui a Carteira Digital de Identifica\u00e7\u00e3o da Pessoa com Doen\u00e7a Rara, no \u00e2mbito do Estado de Santa Catarina. ASSEMBLEIA LEGISLATIVA GABINETE DEPUTADA ESTADO DE SANTA CATARINA PAULINHA PROJETO DE LEI Institui a Carteira Digital de Identifica\u00e7\u00e3o da Pessoa com Doen\u00e7a Rara, no \u00e2mbito do Estado de Santa [&hellip;]","og_url":"https:\/\/www.legislapp.com.br\/index.php\/cam-legislativa-de-sc-pl-0588-2025\/","og_site_name":"Legislapp","article_publisher":"https:\/\/www.instagram.com\/legislapp\/","og_image":[{"url":"https:\/\/www.legislapp.com.br\/wp-content\/uploads\/google-play.png","type":"","width":"","height":""}],"twitter_card":"summary_large_image","twitter_misc":{"Est. tempo de leitura":"3 minutos"},"schema":{"@context":"https:\/\/schema.org","@graph":[{"@type":"WebPage","@id":"https:\/\/www.legislapp.com.br\/index.php\/cam-legislativa-de-sc-pl-0588-2025\/","url":"https:\/\/www.legislapp.com.br\/index.php\/cam-legislativa-de-sc-pl-0588-2025\/","name":"PL.\/0588\/2025 - Paulinha - Legislapp","isPartOf":{"@id":"https:\/\/www.legislapp.com.br\/#website"},"primaryImageOfPage":{"@id":"https:\/\/www.legislapp.com.br\/index.php\/cam-legislativa-de-sc-pl-0588-2025\/#primaryimage"},"image":{"@id":"https:\/\/www.legislapp.com.br\/index.php\/cam-legislativa-de-sc-pl-0588-2025\/#primaryimage"},"thumbnailUrl":"https:\/\/www.legislapp.com.br\/wp-content\/uploads\/google-play.png","datePublished":"2025-09-17T16:09:07+00:00","breadcrumb":{"@id":"https:\/\/www.legislapp.com.br\/index.php\/cam-legislativa-de-sc-pl-0588-2025\/#breadcrumb"},"inLanguage":"pt-BR","potentialAction":[{"@type":"ReadAction","target":["https:\/\/www.legislapp.com.br\/index.php\/cam-legislativa-de-sc-pl-0588-2025\/"]}]},{"@type":"ImageObject","inLanguage":"pt-BR","@id":"https:\/\/www.legislapp.com.br\/index.php\/cam-legislativa-de-sc-pl-0588-2025\/#primaryimage","url":"https:\/\/www.legislapp.com.br\/wp-content\/uploads\/google-play.png","contentUrl":"https:\/\/www.legislapp.com.br\/wp-content\/uploads\/google-play.png","width":564,"height":168},{"@type":"BreadcrumbList","@id":"https:\/\/www.legislapp.com.br\/index.php\/cam-legislativa-de-sc-pl-0588-2025\/#breadcrumb","itemListElement":[{"@type":"ListItem","position":1,"name":"In\u00edcio","item":"https:\/\/www.legislapp.com.br\/"},{"@type":"ListItem","position":2,"name":"PL.\/0588\/2025 &#8211; Paulinha"}]},{"@type":"WebSite","@id":"https:\/\/www.legislapp.com.br\/#website","url":"https:\/\/www.legislapp.com.br\/","name":"Legislapp","description":"Intelig\u00eancia governamental em tempo real","publisher":{"@id":"https:\/\/www.legislapp.com.br\/#organization"},"potentialAction":[{"@type":"SearchAction","target":{"@type":"EntryPoint","urlTemplate":"https:\/\/www.legislapp.com.br\/?s={search_term_string}"},"query-input":{"@type":"PropertyValueSpecification","valueRequired":true,"valueName":"search_term_string"}}],"inLanguage":"pt-BR"},{"@type":"Organization","@id":"https:\/\/www.legislapp.com.br\/#organization","name":"Legislapp Monitoramento e Intelig\u00eancia Governamental","url":"https:\/\/www.legislapp.com.br\/","logo":{"@type":"ImageObject","inLanguage":"pt-BR","@id":"https:\/\/www.legislapp.com.br\/#\/schema\/logo\/image\/","url":"https:\/\/www.legislapp.com.br\/wp-content\/uploads\/icon.png","contentUrl":"https:\/\/www.legislapp.com.br\/wp-content\/uploads\/icon.png","width":1024,"height":1024,"caption":"Legislapp Monitoramento e Intelig\u00eancia Governamental"},"image":{"@id":"https:\/\/www.legislapp.com.br\/#\/schema\/logo\/image\/"},"sameAs":["https:\/\/www.instagram.com\/legislapp\/"]}]}},"_links":{"self":[{"href":"https:\/\/www.legislapp.com.br\/index.php\/wp-json\/wp\/v2\/pages\/7041","targetHints":{"allow":["GET"]}}],"collection":[{"href":"https:\/\/www.legislapp.com.br\/index.php\/wp-json\/wp\/v2\/pages"}],"about":[{"href":"https:\/\/www.legislapp.com.br\/index.php\/wp-json\/wp\/v2\/types\/page"}],"author":[{"embeddable":true,"href":"https:\/\/www.legislapp.com.br\/index.php\/wp-json\/wp\/v2\/users\/1"}],"replies":[{"embeddable":true,"href":"https:\/\/www.legislapp.com.br\/index.php\/wp-json\/wp\/v2\/comments?post=7041"}],"version-history":[{"count":0,"href":"https:\/\/www.legislapp.com.br\/index.php\/wp-json\/wp\/v2\/pages\/7041\/revisions"}],"wp:attachment":[{"href":"https:\/\/www.legislapp.com.br\/index.php\/wp-json\/wp\/v2\/media?parent=7041"}],"curies":[{"name":"wp","href":"https:\/\/api.w.org\/{rel}","templated":true}]}}