{"id":7050,"date":"2025-09-17T13:09:37","date_gmt":"2025-09-17T16:09:37","guid":{"rendered":"https:\/\/www.legislapp.com.br\/index.php\/cam-legislativa-de-sc-pl-0580-2025\/"},"modified":"2025-09-17T13:09:37","modified_gmt":"2025-09-17T16:09:37","slug":"cam-legislativa-de-sc-pl-0580-2025","status":"publish","type":"page","link":"https:\/\/www.legislapp.com.br\/index.php\/cam-legislativa-de-sc-pl-0580-2025\/","title":{"rendered":"PL.\/0580\/2025 &#8211; Fernando Krelling"},"content":{"rendered":"<h1 style='text-align: center;'>C\u00e2m. Legislativa de SC &#8211; Autoria de Fernando Krelling<\/h3>\n<p><\/p>\n<article style='text-align: center'>Declara de utilidade p\u00fablica o Movimento Reviva de Joinville (GERD &#8211; Instituto Reviva) e altera o Anexo \u00danico da Lei n\u00ba 18.278, de 2021, que &#8220;Consolida os atos normativos que concedem o T\u00edtulo de Utilidade P\u00fablica estadual no \u00e2mbito do Estado de Santa Catarina&#8221;.<\/article>\n<p><\/p>\n<p style='text-align: center'><a href='https:\/\/app.legislapp.com.br\/#\/busca?termo='><\/a><\/p>\n<p><\/p>\n<article>\n<p>PROJETO DE LEI  <\/p>\n<p>DDeeccllaarraa  ddee  uuttiilliiddaaddee  pp\u00fa\u00fabblliiccaa  oo  MMoovviimmeennttoo  RReevviivvaa  ddee  JJooiinnvviillllee<br \/>\n((GGEERRDD  \u2013 Instituto Reviva) ee  aalltteerraa  oo  AAnneexxoo  \u00da\u00danniiccoo  ddaa  LLeeii  nn\u00ba\u00ba<br \/>\n111888&#8230;222777888,,,   dddeee   222000222111,,,   qqquuueee   \u201c\u201c\u201cCCCooonnnsssooollliiidddaaa   ooosss   aaatttooosss   nnnooorrrmmmaaatttiiivvvooosss   qqquuueee<br \/>\ncccooonnnccceeedddeeemmm   ooo   TTT\u00ed\u00ed\u00edtttuuulllooo   dddeee   UUUtttiiillliiidddaaadddeee   PPP\u00fa\u00fa\u00fabbbllliiicccaaa   eeessstttaaaddduuuaaalll   nnnooo   \u00e2\u00e2\u00e2mmmbbbiiitttooo   dddooo<br \/>\nEEssttaaddoo  ddee  SSaannttaa  CCaattaarriinnaa\u201d\u201d..   <\/p>\n<p>AArrtt..  11\u00ba\u00ba  FFiiccaa  ddeeccllaarraaddo ddee  uuttiilliiddaaddee  pp\u00fa\u00fabblliiccaa  eessttaadduuaall  o<br \/>\nMovimento Reviva de Jooiinnvviillllee (GERD \u2013 Instituto Reviva), ccoomm  sseeddee  nnoo  MMuunniicc\u00ed\u00edppiioo  de<br \/>\nJoinville. <\/p>\n<p>AAArrrttt&#8230;   222\u00ba\u00ba\u00ba   OOO   AAAnnneeexxxooo   \u00da\u00da\u00dannniiicccooo   dddaaa   LLLeeeiii   nnn\u00ba\u00ba\u00ba   111888&#8230;222777888,,,   dddeee   222000   dddeee   dddeeezzzeeemmmbbbrrrooo   dddeee<br \/>\n222000222111,,,   pppaaassssssaaa   aaa   vvviiigggooorrraaarrr   cccooommm   aaa   aaalllttteeerrraaa\u00e7\u00e7\u00e7\u00e3\u00e3\u00e3ooo   cccooonnnssstttaaannnttteee   dddooo   AAAnnneeexxxooo   \u00da\u00da\u00dannniiicccooo   dddeeessstttaaa   LLLeeeiii&#8230; <\/p>\n<p>AAArrrttt&#8230;   333\u00ba\u00ba\u00ba   EEEssstttaaa   LLLeeeiii   eeennntttrrraaa   eeemmm   vvviiigggooorrr   nnnaaa   dddaaatttaaa   dddeee   sssuuuaaa   publica\u00e7\u00e3o. <\/p>\n<p>SSaallaa  ddaass  SSeessss\u00f5\u00f5eess,,   <\/p>\n<p>Deputado Fernando Krelling <\/p>\n<p>Pal\u00e1cio Barriga-Verde<br \/>\nRua Dr. Jorge Luz Fontes, 310 &#8211; GGaabbiinneettee  110011<br \/>\n88020-900 &#8211; Florian\u00f3polis \u2013 SC<br \/>\n(48) 3221.2650<br \/>\nffeerrnnaannddookkrreelllliinngg@@aalleesscc..sscc..ggoovv..bbrr  <\/p>\n<p>ANEXO \u00daNICO<br \/>\n(((AAAlllttteeerrraaa   ooo   AAAnnneeexxxooo   \u00da\u00da\u00dannniiicccooo   dddaaa   LLLeeeiii   nnn\u00ba\u00ba\u00ba   111888&#8230;222777888,,,   dddeee   222000   dddeee   dddeeezzzeeemmmbbbrrrooo   dddeee   222000222111))) <\/p>\n<p>\u201cANEXO \u00daNICO<br \/>\nEENNTTIIDDAADDEESS  DDEECCLLAARRAADDAASS DDEE  UUTTIILLIIDDAADDEE  PP\u00da\u00daBBLLIICCAA <\/p>\n<p>&#8230;&#8230;&#8230;&#8230;&#8230;&#8230;&#8230;&#8230;&#8230;&#8230;&#8230;&#8230;&#8230;&#8230;&#8230;&#8230;&#8230;&#8230;&#8230;&#8230;&#8230;&#8230;&#8230;&#8230;&#8230;&#8230;&#8230;&#8230;&#8230;&#8230;&#8230;&#8230;&#8230;&#8230;&#8230;&#8230;&#8230;&#8230;&#8230;&#8230;&#8230;&#8230;&#8230;&#8230;&#8230;&#8230;&#8230;&#8230;&#8230;&#8230;&#8230;&#8230;&#8230;&#8230;&#8230;&#8230;&#8230;&#8230;&#8230;&#8230;&#8230;&#8230;&#8230;&#8230;&#8230;&#8230;.. &#8230;&#8230;&#8230;&#8230;&#8230;&#8230;&#8230;&#8230;&#8230;&#8230;&#8230;&#8230;&#8230;&#8230;&#8230;&#8230;&#8230;&#8230;&#8230;&#8230;&#8230;&#8230;&#8230;&#8230;&#8230;&#8230;<br \/>\nJOINVILLE LEIS<br \/>\n&#8230;&#8230;&#8230;&#8230;&#8230;&#8230;&#8230;&#8230;&#8230;&#8230;&#8230;&#8230;&#8230;&#8230;&#8230;&#8230;&#8230;&#8230;&#8230;&#8230;&#8230;&#8230;&#8230;&#8230;&#8230;&#8230;&#8230;&#8230;&#8230;&#8230;&#8230;&#8230;&#8230;&#8230;&#8230;&#8230;&#8230;&#8230;&#8230;&#8230;&#8230;&#8230;&#8230;&#8230;&#8230;&#8230;&#8230;&#8230;&#8230;&#8230;&#8230;&#8230;&#8230;&#8230;&#8230;&#8230;&#8230;&#8230;&#8230;&#8230;&#8230;&#8230;&#8230;&#8230;&#8230;&#8230;.. &#8230;&#8230;&#8230;&#8230;&#8230;&#8230;&#8230;&#8230;&#8230;&#8230;&#8230;&#8230;&#8230;&#8230;&#8230;&#8230;&#8230;&#8230;&#8230;&#8230;&#8230;&#8230;&#8230;&#8230;&#8230;&#8230;<br \/>\nMMoovviimmeennttoo  RReevviivvaa  ddee  JJooiinnvviillllee(GERD \u2013 Instituto Reviva) <\/p>\n<p>&#8230;&#8230;&#8230;&#8230;&#8230;&#8230;&#8230;&#8230;&#8230;&#8230;&#8230;&#8230;&#8230;&#8230;&#8230;&#8230;&#8230;&#8230;&#8230;&#8230;&#8230;&#8230;&#8230;&#8230;&#8230;.<br \/>\n&#8230;&#8230;&#8230;&#8230;&#8230;&#8230;&#8230;&#8230;&#8230;&#8230;&#8230;&#8230;&#8230;&#8230;&#8230;&#8230;&#8230;&#8230;&#8230;&#8230;&#8230;&#8230;&#8230;&#8230;&#8230;&#8230;&#8230;&#8230;&#8230;&#8230;&#8230;&#8230;&#8230;&#8230;&#8230;&#8230;&#8230;&#8230;&#8230;&#8230;&#8230;&#8230;&#8230;&#8230;&#8230;&#8230;&#8230;&#8230;&#8230;&#8230;&#8230;&#8230;&#8230;&#8230;&#8230;&#8230;&#8230;&#8230;&#8230;&#8230;&#8230;&#8230;&#8230;&#8230;&#8230;&#8230;&#8230;.<br \/>\n   \u201d(NR) <\/p>\n<p>Pal\u00e1cio Barriga-Verde<br \/>\nRua Dr. Jorge Luz Fontes, 310 &#8211; GGaabbiinneettee  110011<br \/>\n88020-900 &#8211; Florian\u00f3polis \u2013 SC<br \/>\n(48) 3221.2650<br \/>\nffeerrnnaannddookkrreelllliinngg@@aalleesscc..sscc..ggoovv..bbrr  <\/p>\n<p>JUSTIFICA\u00c7\u00c3O <\/p>\n<p>OO  PPrroojjeettoo  ddee  LLeeii  tteemm  ppoorr  objetivo ddeeccllaarraarr  ddee  uuttiilliiddaaddee  pp\u00fa\u00fabblliiccaa<br \/>\nestadual o MMoovviimmeennttoo  RReevviivvaa  ddee  JJooiinnvviillllee (GERD \u2013 Institutoo  RReevviivvaa), com sede no<br \/>\nMunic\u00edpio de Joinville, tteennddoo  eemm  vviissttaa  qquueea referida entidade presta iimmppoorrttaannttee servi\u00e7o \u00e0<br \/>\ncomunidade,,  tteennddoo  ccoommoo  fins, conforme seu Estatuto Social, deeffeennddeerr  ooss  ddiirreeiittooss  ddooss<br \/>\njovens, das ccrriiaann\u00e7\u00e7aass,,  ddooss  eessttuuddaanntteess  ee  ddoo  bbeemm  ssoocciiaall; deeffeennddeerr  oo  ddiirreeiittoo  \u00e0\u00e0  eedduuccaa\u00e7\u00e7\u00e3\u00e3oo,,  \u00e0\u00e0<br \/>\npprr\u00e1\u00e1ttiiccaa  ddee  eessppoorrttee,,  \u00e0\u00e0  ccuullttuurraa  ee  aaoo  llaazzeerr; diivvuullggaarr  oo  MMoovviimmeennttoo  EEssttuuddaannttiill  nnaa  ssoocciieeddaaddee;<br \/>\npromover eee   pppaaarrrtttiiiccciiipppaaarrr   dddeee   eeevvveeennntttooosss   eeessspppooorrrtttiiivvvooosss,,,   cccuuullltttuuurrraaaiiisss,,,   dddeee   lllaaazzzeeerrr,,,   sssoooccciiiaaaiiisss,,,   dddeee   ccciiidddaaadddaaannniiiaaa   eee<br \/>\nsolidariedade; deeffeennddeerr  aa  NNaattuurreezzaa  ee  oo  MMeeiioo  AAmmbbiieennttee;; e inncceennttiivvaarr  aa  ppoolliittiizzaa\u00e7\u00e7\u00e3\u00e3oo  ddooss<br \/>\njovens, entre outros. <\/p>\n<p>Pelo eeexxxpppooossstttooo,,,   cccooonnntttooo   cccooommm   ooo   aaapppoooiiiooo   dddooosss   mmmeeeuuusss   PPPaaarrreeesss   pppaaarrraaa   aaa   aaappprrrooovvvaaa\u00e7\u00e7\u00e7\u00e3\u00e3\u00e3ooo<br \/>\nda presente mat\u00e9ria. <\/p>\n<p>Pal\u00e1cio Barriga-Verde<br \/>\nRua Dr. Jorge Luz Fontes, 310 &#8211; GGaabbiinneettee  110011<br \/>\n88020-900 &#8211; Florian\u00f3polis \u2013 SC<br \/>\n(48) 3221.2650<br \/>\nffeerrnnaannddookkrreelllliinngg@@aalleesscc..sscc..ggoovv..bbrr <\/article>\n<div style=\"text-align: center\">\n<div style=\"margin-bottom: 20px;\" class=\"et_pb_button_module_wrapper et_pb_button_5_tb_body_wrapper et_pb_button_alignment_center et_pb_module \">\n         <a class=\"et_pb_button et_pb_button_5_tb_body et_hover_enabled et_pb_bg_layout_dark\" style=\"width: 50%;background-color: black;\" href=\"https:\/\/app.legislapp.com.br\" target=\"_blank\" rel=\"noopener\">Visualizar completo na nossa plataforma (30 dias gr\u00e1tis)<\/a><\/p><\/div>\n<p>      <a href=\"https:\/\/play.google.com\/store\/apps\/details?id=br.com.legislapp\"><img decoding=\"async\" style=\"width: 15%; min-width: 130px;\" src=\"https:\/\/www.legislapp.com.br\/wp-content\/uploads\/google-play.png\"><\/a><br \/>\n      <a href=\"https:\/\/apps.apple.com\/us\/app\/legislapp\/id1568929859\"><img decoding=\"async\" style=\"width: 15%; min-width: 130px\" src=\"https:\/\/www.legislapp.com.br\/wp-content\/uploads\/apple-store.png\"><\/a>\n   <\/div>\n","protected":false},"excerpt":{"rendered":"<p>C\u00e2m. Legislativa de SC &#8211; Autoria de Fernando Krelling Declara de utilidade p\u00fablica o Movimento Reviva de Joinville (GERD &#8211; Instituto Reviva) e altera o Anexo \u00danico da Lei n\u00ba 18.278, de 2021, que &#8220;Consolida os atos normativos que concedem o T\u00edtulo de Utilidade P\u00fablica estadual no \u00e2mbito do Estado de Santa Catarina&#8221;. PROJETO DE [&hellip;]<\/p>\n","protected":false},"author":1,"featured_media":0,"parent":0,"menu_order":0,"comment_status":"closed","ping_status":"closed","template":"page-template-blank.php","meta":{"_et_pb_use_builder":"","_et_pb_old_content":"","_et_gb_content_width":"1080","ngg_post_thumbnail":0,"footnotes":""},"class_list":["post-7050","page","type-page","status-publish","hentry"],"yoast_head":"<!-- This site is optimized with the Yoast SEO plugin v24.4 - https:\/\/yoast.com\/wordpress\/plugins\/seo\/ -->\n<title>PL.\/0580\/2025 - Fernando Krelling - Legislapp<\/title>\n<meta name=\"robots\" content=\"index, follow, max-snippet:-1, max-image-preview:large, max-video-preview:-1\" \/>\n<link rel=\"canonical\" href=\"https:\/\/www.legislapp.com.br\/index.php\/cam-legislativa-de-sc-pl-0580-2025\/\" \/>\n<meta property=\"og:locale\" content=\"pt_BR\" \/>\n<meta property=\"og:type\" content=\"article\" \/>\n<meta property=\"og:title\" content=\"PL.\/0580\/2025 - Fernando Krelling - Legislapp\" \/>\n<meta property=\"og:description\" content=\"C\u00e2m. Legislativa de SC &#8211; Autoria de Fernando Krelling Declara de utilidade p\u00fablica o Movimento Reviva de Joinville (GERD &#8211; Instituto Reviva) e altera o Anexo \u00danico da Lei n\u00ba 18.278, de 2021, que &#8220;Consolida os atos normativos que concedem o T\u00edtulo de Utilidade P\u00fablica estadual no \u00e2mbito do Estado de Santa Catarina&#8221;. PROJETO DE [&hellip;]\" \/>\n<meta property=\"og:url\" content=\"https:\/\/www.legislapp.com.br\/index.php\/cam-legislativa-de-sc-pl-0580-2025\/\" \/>\n<meta property=\"og:site_name\" content=\"Legislapp\" \/>\n<meta property=\"article:publisher\" content=\"https:\/\/www.instagram.com\/legislapp\/\" \/>\n<meta property=\"og:image\" content=\"https:\/\/www.legislapp.com.br\/wp-content\/uploads\/google-play.png\" \/>\n<meta name=\"twitter:card\" content=\"summary_large_image\" \/>\n<meta name=\"twitter:label1\" content=\"Est. tempo de leitura\" \/>\n\t<meta name=\"twitter:data1\" content=\"2 minutos\" \/>\n<script type=\"application\/ld+json\" class=\"yoast-schema-graph\">{\"@context\":\"https:\/\/schema.org\",\"@graph\":[{\"@type\":\"WebPage\",\"@id\":\"https:\/\/www.legislapp.com.br\/index.php\/cam-legislativa-de-sc-pl-0580-2025\/\",\"url\":\"https:\/\/www.legislapp.com.br\/index.php\/cam-legislativa-de-sc-pl-0580-2025\/\",\"name\":\"PL.\/0580\/2025 - Fernando Krelling - Legislapp\",\"isPartOf\":{\"@id\":\"https:\/\/www.legislapp.com.br\/#website\"},\"primaryImageOfPage\":{\"@id\":\"https:\/\/www.legislapp.com.br\/index.php\/cam-legislativa-de-sc-pl-0580-2025\/#primaryimage\"},\"image\":{\"@id\":\"https:\/\/www.legislapp.com.br\/index.php\/cam-legislativa-de-sc-pl-0580-2025\/#primaryimage\"},\"thumbnailUrl\":\"https:\/\/www.legislapp.com.br\/wp-content\/uploads\/google-play.png\",\"datePublished\":\"2025-09-17T16:09:37+00:00\",\"breadcrumb\":{\"@id\":\"https:\/\/www.legislapp.com.br\/index.php\/cam-legislativa-de-sc-pl-0580-2025\/#breadcrumb\"},\"inLanguage\":\"pt-BR\",\"potentialAction\":[{\"@type\":\"ReadAction\",\"target\":[\"https:\/\/www.legislapp.com.br\/index.php\/cam-legislativa-de-sc-pl-0580-2025\/\"]}]},{\"@type\":\"ImageObject\",\"inLanguage\":\"pt-BR\",\"@id\":\"https:\/\/www.legislapp.com.br\/index.php\/cam-legislativa-de-sc-pl-0580-2025\/#primaryimage\",\"url\":\"https:\/\/www.legislapp.com.br\/wp-content\/uploads\/google-play.png\",\"contentUrl\":\"https:\/\/www.legislapp.com.br\/wp-content\/uploads\/google-play.png\",\"width\":564,\"height\":168},{\"@type\":\"BreadcrumbList\",\"@id\":\"https:\/\/www.legislapp.com.br\/index.php\/cam-legislativa-de-sc-pl-0580-2025\/#breadcrumb\",\"itemListElement\":[{\"@type\":\"ListItem\",\"position\":1,\"name\":\"In\u00edcio\",\"item\":\"https:\/\/www.legislapp.com.br\/\"},{\"@type\":\"ListItem\",\"position\":2,\"name\":\"PL.\/0580\/2025 &#8211; Fernando Krelling\"}]},{\"@type\":\"WebSite\",\"@id\":\"https:\/\/www.legislapp.com.br\/#website\",\"url\":\"https:\/\/www.legislapp.com.br\/\",\"name\":\"Legislapp\",\"description\":\"Intelig\u00eancia governamental em tempo real\",\"publisher\":{\"@id\":\"https:\/\/www.legislapp.com.br\/#organization\"},\"potentialAction\":[{\"@type\":\"SearchAction\",\"target\":{\"@type\":\"EntryPoint\",\"urlTemplate\":\"https:\/\/www.legislapp.com.br\/?s={search_term_string}\"},\"query-input\":{\"@type\":\"PropertyValueSpecification\",\"valueRequired\":true,\"valueName\":\"search_term_string\"}}],\"inLanguage\":\"pt-BR\"},{\"@type\":\"Organization\",\"@id\":\"https:\/\/www.legislapp.com.br\/#organization\",\"name\":\"Legislapp Monitoramento e Intelig\u00eancia Governamental\",\"url\":\"https:\/\/www.legislapp.com.br\/\",\"logo\":{\"@type\":\"ImageObject\",\"inLanguage\":\"pt-BR\",\"@id\":\"https:\/\/www.legislapp.com.br\/#\/schema\/logo\/image\/\",\"url\":\"https:\/\/www.legislapp.com.br\/wp-content\/uploads\/icon.png\",\"contentUrl\":\"https:\/\/www.legislapp.com.br\/wp-content\/uploads\/icon.png\",\"width\":1024,\"height\":1024,\"caption\":\"Legislapp Monitoramento e Intelig\u00eancia Governamental\"},\"image\":{\"@id\":\"https:\/\/www.legislapp.com.br\/#\/schema\/logo\/image\/\"},\"sameAs\":[\"https:\/\/www.instagram.com\/legislapp\/\"]}]}<\/script>\n<!-- \/ Yoast SEO plugin. -->","yoast_head_json":{"title":"PL.\/0580\/2025 - Fernando Krelling - Legislapp","robots":{"index":"index","follow":"follow","max-snippet":"max-snippet:-1","max-image-preview":"max-image-preview:large","max-video-preview":"max-video-preview:-1"},"canonical":"https:\/\/www.legislapp.com.br\/index.php\/cam-legislativa-de-sc-pl-0580-2025\/","og_locale":"pt_BR","og_type":"article","og_title":"PL.\/0580\/2025 - Fernando Krelling - Legislapp","og_description":"C\u00e2m. Legislativa de SC &#8211; Autoria de Fernando Krelling Declara de utilidade p\u00fablica o Movimento Reviva de Joinville (GERD &#8211; Instituto Reviva) e altera o Anexo \u00danico da Lei n\u00ba 18.278, de 2021, que &#8220;Consolida os atos normativos que concedem o T\u00edtulo de Utilidade P\u00fablica estadual no \u00e2mbito do Estado de Santa Catarina&#8221;. PROJETO DE [&hellip;]","og_url":"https:\/\/www.legislapp.com.br\/index.php\/cam-legislativa-de-sc-pl-0580-2025\/","og_site_name":"Legislapp","article_publisher":"https:\/\/www.instagram.com\/legislapp\/","og_image":[{"url":"https:\/\/www.legislapp.com.br\/wp-content\/uploads\/google-play.png","type":"","width":"","height":""}],"twitter_card":"summary_large_image","twitter_misc":{"Est. tempo de leitura":"2 minutos"},"schema":{"@context":"https:\/\/schema.org","@graph":[{"@type":"WebPage","@id":"https:\/\/www.legislapp.com.br\/index.php\/cam-legislativa-de-sc-pl-0580-2025\/","url":"https:\/\/www.legislapp.com.br\/index.php\/cam-legislativa-de-sc-pl-0580-2025\/","name":"PL.\/0580\/2025 - Fernando Krelling - Legislapp","isPartOf":{"@id":"https:\/\/www.legislapp.com.br\/#website"},"primaryImageOfPage":{"@id":"https:\/\/www.legislapp.com.br\/index.php\/cam-legislativa-de-sc-pl-0580-2025\/#primaryimage"},"image":{"@id":"https:\/\/www.legislapp.com.br\/index.php\/cam-legislativa-de-sc-pl-0580-2025\/#primaryimage"},"thumbnailUrl":"https:\/\/www.legislapp.com.br\/wp-content\/uploads\/google-play.png","datePublished":"2025-09-17T16:09:37+00:00","breadcrumb":{"@id":"https:\/\/www.legislapp.com.br\/index.php\/cam-legislativa-de-sc-pl-0580-2025\/#breadcrumb"},"inLanguage":"pt-BR","potentialAction":[{"@type":"ReadAction","target":["https:\/\/www.legislapp.com.br\/index.php\/cam-legislativa-de-sc-pl-0580-2025\/"]}]},{"@type":"ImageObject","inLanguage":"pt-BR","@id":"https:\/\/www.legislapp.com.br\/index.php\/cam-legislativa-de-sc-pl-0580-2025\/#primaryimage","url":"https:\/\/www.legislapp.com.br\/wp-content\/uploads\/google-play.png","contentUrl":"https:\/\/www.legislapp.com.br\/wp-content\/uploads\/google-play.png","width":564,"height":168},{"@type":"BreadcrumbList","@id":"https:\/\/www.legislapp.com.br\/index.php\/cam-legislativa-de-sc-pl-0580-2025\/#breadcrumb","itemListElement":[{"@type":"ListItem","position":1,"name":"In\u00edcio","item":"https:\/\/www.legislapp.com.br\/"},{"@type":"ListItem","position":2,"name":"PL.\/0580\/2025 &#8211; Fernando Krelling"}]},{"@type":"WebSite","@id":"https:\/\/www.legislapp.com.br\/#website","url":"https:\/\/www.legislapp.com.br\/","name":"Legislapp","description":"Intelig\u00eancia governamental em tempo real","publisher":{"@id":"https:\/\/www.legislapp.com.br\/#organization"},"potentialAction":[{"@type":"SearchAction","target":{"@type":"EntryPoint","urlTemplate":"https:\/\/www.legislapp.com.br\/?s={search_term_string}"},"query-input":{"@type":"PropertyValueSpecification","valueRequired":true,"valueName":"search_term_string"}}],"inLanguage":"pt-BR"},{"@type":"Organization","@id":"https:\/\/www.legislapp.com.br\/#organization","name":"Legislapp Monitoramento e Intelig\u00eancia Governamental","url":"https:\/\/www.legislapp.com.br\/","logo":{"@type":"ImageObject","inLanguage":"pt-BR","@id":"https:\/\/www.legislapp.com.br\/#\/schema\/logo\/image\/","url":"https:\/\/www.legislapp.com.br\/wp-content\/uploads\/icon.png","contentUrl":"https:\/\/www.legislapp.com.br\/wp-content\/uploads\/icon.png","width":1024,"height":1024,"caption":"Legislapp Monitoramento e Intelig\u00eancia Governamental"},"image":{"@id":"https:\/\/www.legislapp.com.br\/#\/schema\/logo\/image\/"},"sameAs":["https:\/\/www.instagram.com\/legislapp\/"]}]}},"_links":{"self":[{"href":"https:\/\/www.legislapp.com.br\/index.php\/wp-json\/wp\/v2\/pages\/7050","targetHints":{"allow":["GET"]}}],"collection":[{"href":"https:\/\/www.legislapp.com.br\/index.php\/wp-json\/wp\/v2\/pages"}],"about":[{"href":"https:\/\/www.legislapp.com.br\/index.php\/wp-json\/wp\/v2\/types\/page"}],"author":[{"embeddable":true,"href":"https:\/\/www.legislapp.com.br\/index.php\/wp-json\/wp\/v2\/users\/1"}],"replies":[{"embeddable":true,"href":"https:\/\/www.legislapp.com.br\/index.php\/wp-json\/wp\/v2\/comments?post=7050"}],"version-history":[{"count":0,"href":"https:\/\/www.legislapp.com.br\/index.php\/wp-json\/wp\/v2\/pages\/7050\/revisions"}],"wp:attachment":[{"href":"https:\/\/www.legislapp.com.br\/index.php\/wp-json\/wp\/v2\/media?parent=7050"}],"curies":[{"name":"wp","href":"https:\/\/api.w.org\/{rel}","templated":true}]}}