{"id":7052,"date":"2025-09-17T13:09:44","date_gmt":"2025-09-17T16:09:44","guid":{"rendered":"https:\/\/www.legislapp.com.br\/index.php\/cam-legislativa-de-sc-pl-0575-2025\/"},"modified":"2025-09-17T13:09:44","modified_gmt":"2025-09-17T16:09:44","slug":"cam-legislativa-de-sc-pl-0575-2025","status":"publish","type":"page","link":"https:\/\/www.legislapp.com.br\/index.php\/cam-legislativa-de-sc-pl-0575-2025\/","title":{"rendered":"PL.\/0575\/2025 &#8211; Sargento Lima"},"content":{"rendered":"<h1 style='text-align: center;'>C\u00e2m. Legislativa de SC &#8211; Autoria de Sargento Lima<\/h3>\n<p><\/p>\n<article style='text-align: center'>Institui o Dia Estadual do Veterano e altera o Anexo \u00danico da Lei n\u00ba 18.531, de 2022, que consolida as leis que instituem datas e eventos alusivos no \u00e2mbito do Estado de Santa Catarina e estabelece o Calend\u00e1rio Oficial do Estado para incluir referida data alusiva no Calend\u00e1rio Oficial do Estado de Santa Catarina.<\/article>\n<p><\/p>\n<p style='text-align: center'><a href='https:\/\/app.legislapp.com.br\/#\/busca?termo='><\/a><\/p>\n<p><\/p>\n<article>ASSEMBLEIA LEGISLATIVA GABINETE DEPUTADO<br \/>\nESTADO DE SANTA CATARINA SARGENTO LIMA<\/p>\n<p>PROJETO DE LEI <\/p>\n<p>Institui o Dia Estadual do Veterano e altera o Anexo \u00danico da<br \/>\nLei n\u00ba 18.531, de 2022, que consolida as leis que instituem<br \/>\ndatas e eventos alusivos no \u00e2mbito do Estado de Santa<br \/>\nCatarina e estabelece o Calend\u00e1rio Oficial do Estado para<br \/>\nincluir referida data alusiva no Calend\u00e1rio Oficial do Estado<br \/>\nde Santa Catarina.<\/p>\n<p>Art. 1\u00ba Fica institu\u00eddo, no \u00e2mbito do Estado de Santa Catarina,<br \/>\no Dia Estadual do Veterano, a ser celebrado anualmente em 18 de julho, destinado a<br \/>\nhomenagear e reconhecer todos os aposentados do Estado, civis ou militares, incluindo<br \/>\nos integrantes dos Corpos de Bombeiros Volunt\u00e1rios e demais profissionais que tenham<br \/>\nprestado relevantes servi\u00e7os \u00e0 sociedade catarinense.<\/p>\n<p>Par\u00e1grafo \u00fanico. O disposto no caput inclui a realiza\u00e7\u00e3o de<br \/>\neventos c\u00edvicos, culturais e educativos que ressaltem a import\u00e2ncia dos veteranos e<br \/>\nsuas contribui\u00e7\u00f5es hist\u00f3ricas, devendo contemplar a diversidade de representa\u00e7\u00f5es<br \/>\ncivis, militares e comunit\u00e1rias.<\/p>\n<p>Art. 2\u00ba O Anexo \u00danico da Lei n\u00ba 18.531, de 5 de dezembro de<br \/>\n2022, passa a vigorar com a altera\u00e7\u00e3o constante do Anexo \u00fanico desta Lei.<\/p>\n<p>Art. 3\u00ba Esta Lei entra em vigor na data de sua publica\u00e7\u00e3o.<\/p>\n<p>Sala das Sess\u00f5es,<\/p>\n<p>Deputado Sargento Lima<\/p>\n<p>ANEXO \u00daNICO<br \/>\n(Altera o Anexo \u00danico da Lei n\u00ba 18.531, de 5 de dezembro de 2022)<\/p>\n<p>ANEXO \u00daNICO<br \/>\nCALEND\u00c1RIO OFICIAL DO ESTADO DE SANTA CATARINA<br \/>\n&#8230;&#8230;&#8230;&#8230;&#8230;&#8230;&#8230;&#8230;&#8230;&#8230;&#8230;&#8230;&#8230;&#8230;&#8230;&#8230;&#8230;&#8230;&#8230;&#8230;&#8230;&#8230;&#8230;&#8230;&#8230;&#8230;&#8230;&#8230;&#8230;&#8230;&#8230;&#8230;&#8230;&#8230;&#8230;&#8230;&#8230;&#8230;&#8230;&#8230;&#8230;&#8230;&#8230;&#8230;&#8230;&#8230;&#8230;..<br \/>\nJULHO<br \/>\n18 \u2013 Dia Estadual do Veterano \u2013 Homenageia e reconhece todos os aposentados do<br \/>\nEstado, civis ou militares, incluindo os integrantes dos Corpos de Bombeiros Volunt\u00e1rios<br \/>\ne demais profissionais que tenham prestado relevantes servi\u00e7os \u00e0 sociedade<br \/>\ncatarinense.<br \/>\n&#8230;&#8230;&#8230;&#8230;&#8230;&#8230;&#8230;&#8230;&#8230;&#8230;&#8230;&#8230;&#8230;&#8230;&#8230;&#8230;&#8230;&#8230;&#8230;&#8230;&#8230;&#8230;&#8230;&#8230;&#8230;&#8230;&#8230;&#8230;&#8230;&#8230;&#8230;&#8230;&#8230;&#8230;&#8230;&#8230;&#8230;&#8230;&#8230;&#8230;&#8230;&#8230;.&#8221; (NR)<\/p>\n<p> JUSTIFICA\u00c7\u00c3O<\/p>\n<p>O presente Projeto de Lei tem como finalidade instituir, no<br \/>\nEstado de Santa Catarina, o \u201cDia do Veterano\u201d, a ser celebrado anualmente em 18 de<br \/>\njulho, prestando justa homenagem a todos os aposentados catarinenses, civis ou<br \/>\nmilitares, que dedicaram anos de suas vidas ao servi\u00e7o e ao desenvolvimento de nossa<br \/>\nsociedade.<\/p>\n<p>O termo \u201cveterano\u201d, para os fins desta Lei, \u00e9 empregado em<br \/>\nseu sentido mais amplo: abrange n\u00e3o apenas os integrantes das For\u00e7as Armadas e das<br \/>\ncorpora\u00e7\u00f5es militares estaduais, mas tamb\u00e9m servidores civis, trabalhadores da<br \/>\niniciativa privada e, com especial destaque, os integrantes e ex-integrantes dos Corpos<br \/>\nde Bombeiros Volunt\u00e1rios \u2014 institui\u00e7\u00f5es que, historicamente, representam o esp\u00edrito<br \/>\ncomunit\u00e1rio e o altru\u00edsmo do povo catarinense.<\/p>\n<p>Santa Catarina possui uma tradi\u00e7\u00e3o \u00fanica no Brasil com os<br \/>\nCorpos de Bombeiros Volunt\u00e1rios, cuja atua\u00e7\u00e3o \u00e9 marcada pelo comprometimento, pela<br \/>\nbravura e pelo car\u00e1ter inteiramente voltado \u00e0 prote\u00e7\u00e3o da vida e do patrim\u00f4nio. \u00c9<br \/>\nimprescind\u00edvel que esses cidad\u00e3os, muitas vezes invis\u00edveis aos olhos do Estado, sejam<br \/>\nreconhecidos como verdadeiros veteranos da nossa sociedade.<\/p>\n<p>A cria\u00e7\u00e3o do \u201cDia do Veterano\u201d n\u00e3o se limita a uma data<br \/>\ncomemorativa, mas prop\u00f5e um momento anual de reflex\u00e3o, integra\u00e7\u00e3o e valoriza\u00e7\u00e3o. A<br \/>\nrealiza\u00e7\u00e3o de eventos c\u00edvicos, culturais e educativos previstos no texto da Lei permitir\u00e1<br \/>\nresgatar mem\u00f3rias, transmitir valores c\u00edvicos \u00e0s novas gera\u00e7\u00f5es e reafirmar o<br \/>\ncompromisso com aqueles que j\u00e1 cumpriram seu ciclo ativo de trabalho, mas<br \/>\npermanecem como exemplos vivos de dedica\u00e7\u00e3o e servi\u00e7o.<\/p>\n<p>Al\u00e9m disso, a obrigatoriedade do convite \u00e0s For\u00e7as Armadas<br \/>\npara participa\u00e7\u00e3o nas celebra\u00e7\u00f5es refor\u00e7a a import\u00e2ncia da uni\u00e3o entre as institui\u00e7\u00f5es e<br \/>\na sociedade civil, fortalecendo la\u00e7os de respeito, reconhecimento e identidade nacional.<\/p>\n<p>Ao aprovar este Projeto de Lei, o Parlamento catarinense<br \/>\nestar\u00e1 n\u00e3o apenas instituindo uma data, mas consolidando um gesto concreto de<br \/>\ngratid\u00e3o e valoriza\u00e7\u00e3o, resgatando o respeito e a dignidade de todos aqueles que, com<br \/>\ncoragem e compromisso, ajudaram a construir a hist\u00f3ria de Santa Catarina.<\/p>\n<p>Sala das Sess\u00f5es,<\/p>\n<p>Deputado Sargento Lima<br \/>\nELEGIS<br \/>\nDocumento assinado eletronicamente por Carlos Henrique de<br \/>\nSistema de Processo<br \/>\nLima, em 15\/08\/2025, \u00e0s 09:34.<br \/>\nLegislativo Eletr\u00f4nico<\/article>\n<div style=\"text-align: center\">\n<div style=\"margin-bottom: 20px;\" class=\"et_pb_button_module_wrapper et_pb_button_5_tb_body_wrapper et_pb_button_alignment_center et_pb_module \">\n         <a class=\"et_pb_button et_pb_button_5_tb_body et_hover_enabled et_pb_bg_layout_dark\" style=\"width: 50%;background-color: black;\" href=\"https:\/\/app.legislapp.com.br\" target=\"_blank\" rel=\"noopener\">Visualizar completo na nossa plataforma (30 dias gr\u00e1tis)<\/a><\/p><\/div>\n<p>      <a href=\"https:\/\/play.google.com\/store\/apps\/details?id=br.com.legislapp\"><img decoding=\"async\" style=\"width: 15%; min-width: 130px;\" src=\"https:\/\/www.legislapp.com.br\/wp-content\/uploads\/google-play.png\"><\/a><br \/>\n      <a href=\"https:\/\/apps.apple.com\/us\/app\/legislapp\/id1568929859\"><img decoding=\"async\" style=\"width: 15%; min-width: 130px\" src=\"https:\/\/www.legislapp.com.br\/wp-content\/uploads\/apple-store.png\"><\/a>\n   <\/div>\n","protected":false},"excerpt":{"rendered":"<p>C\u00e2m. Legislativa de SC &#8211; Autoria de Sargento Lima Institui o Dia Estadual do Veterano e altera o Anexo \u00danico da Lei n\u00ba 18.531, de 2022, que consolida as leis que instituem datas e eventos alusivos no \u00e2mbito do Estado de Santa Catarina e estabelece o Calend\u00e1rio Oficial do Estado para incluir referida data alusiva [&hellip;]<\/p>\n","protected":false},"author":1,"featured_media":0,"parent":0,"menu_order":0,"comment_status":"closed","ping_status":"closed","template":"page-template-blank.php","meta":{"_et_pb_use_builder":"","_et_pb_old_content":"","_et_gb_content_width":"1080","ngg_post_thumbnail":0,"footnotes":""},"class_list":["post-7052","page","type-page","status-publish","hentry"],"yoast_head":"<!-- This site is optimized with the Yoast SEO plugin v24.4 - https:\/\/yoast.com\/wordpress\/plugins\/seo\/ -->\n<title>PL.\/0575\/2025 - Sargento Lima - Legislapp<\/title>\n<meta name=\"robots\" content=\"index, follow, max-snippet:-1, max-image-preview:large, max-video-preview:-1\" \/>\n<link rel=\"canonical\" href=\"https:\/\/www.legislapp.com.br\/index.php\/cam-legislativa-de-sc-pl-0575-2025\/\" \/>\n<meta property=\"og:locale\" content=\"pt_BR\" \/>\n<meta property=\"og:type\" content=\"article\" \/>\n<meta property=\"og:title\" content=\"PL.\/0575\/2025 - Sargento Lima - Legislapp\" \/>\n<meta property=\"og:description\" content=\"C\u00e2m. Legislativa de SC &#8211; Autoria de Sargento Lima Institui o Dia Estadual do Veterano e altera o Anexo \u00danico da Lei n\u00ba 18.531, de 2022, que consolida as leis que instituem datas e eventos alusivos no \u00e2mbito do Estado de Santa Catarina e estabelece o Calend\u00e1rio Oficial do Estado para incluir referida data alusiva [&hellip;]\" \/>\n<meta property=\"og:url\" content=\"https:\/\/www.legislapp.com.br\/index.php\/cam-legislativa-de-sc-pl-0575-2025\/\" \/>\n<meta property=\"og:site_name\" content=\"Legislapp\" \/>\n<meta property=\"article:publisher\" content=\"https:\/\/www.instagram.com\/legislapp\/\" \/>\n<meta property=\"og:image\" content=\"https:\/\/www.legislapp.com.br\/wp-content\/uploads\/google-play.png\" \/>\n<meta name=\"twitter:card\" content=\"summary_large_image\" \/>\n<meta name=\"twitter:label1\" content=\"Est. tempo de leitura\" \/>\n\t<meta name=\"twitter:data1\" content=\"4 minutos\" \/>\n<script type=\"application\/ld+json\" class=\"yoast-schema-graph\">{\"@context\":\"https:\/\/schema.org\",\"@graph\":[{\"@type\":\"WebPage\",\"@id\":\"https:\/\/www.legislapp.com.br\/index.php\/cam-legislativa-de-sc-pl-0575-2025\/\",\"url\":\"https:\/\/www.legislapp.com.br\/index.php\/cam-legislativa-de-sc-pl-0575-2025\/\",\"name\":\"PL.\/0575\/2025 - Sargento Lima - Legislapp\",\"isPartOf\":{\"@id\":\"https:\/\/www.legislapp.com.br\/#website\"},\"primaryImageOfPage\":{\"@id\":\"https:\/\/www.legislapp.com.br\/index.php\/cam-legislativa-de-sc-pl-0575-2025\/#primaryimage\"},\"image\":{\"@id\":\"https:\/\/www.legislapp.com.br\/index.php\/cam-legislativa-de-sc-pl-0575-2025\/#primaryimage\"},\"thumbnailUrl\":\"https:\/\/www.legislapp.com.br\/wp-content\/uploads\/google-play.png\",\"datePublished\":\"2025-09-17T16:09:44+00:00\",\"breadcrumb\":{\"@id\":\"https:\/\/www.legislapp.com.br\/index.php\/cam-legislativa-de-sc-pl-0575-2025\/#breadcrumb\"},\"inLanguage\":\"pt-BR\",\"potentialAction\":[{\"@type\":\"ReadAction\",\"target\":[\"https:\/\/www.legislapp.com.br\/index.php\/cam-legislativa-de-sc-pl-0575-2025\/\"]}]},{\"@type\":\"ImageObject\",\"inLanguage\":\"pt-BR\",\"@id\":\"https:\/\/www.legislapp.com.br\/index.php\/cam-legislativa-de-sc-pl-0575-2025\/#primaryimage\",\"url\":\"https:\/\/www.legislapp.com.br\/wp-content\/uploads\/google-play.png\",\"contentUrl\":\"https:\/\/www.legislapp.com.br\/wp-content\/uploads\/google-play.png\",\"width\":564,\"height\":168},{\"@type\":\"BreadcrumbList\",\"@id\":\"https:\/\/www.legislapp.com.br\/index.php\/cam-legislativa-de-sc-pl-0575-2025\/#breadcrumb\",\"itemListElement\":[{\"@type\":\"ListItem\",\"position\":1,\"name\":\"In\u00edcio\",\"item\":\"https:\/\/www.legislapp.com.br\/\"},{\"@type\":\"ListItem\",\"position\":2,\"name\":\"PL.\/0575\/2025 &#8211; Sargento Lima\"}]},{\"@type\":\"WebSite\",\"@id\":\"https:\/\/www.legislapp.com.br\/#website\",\"url\":\"https:\/\/www.legislapp.com.br\/\",\"name\":\"Legislapp\",\"description\":\"Intelig\u00eancia governamental em tempo real\",\"publisher\":{\"@id\":\"https:\/\/www.legislapp.com.br\/#organization\"},\"potentialAction\":[{\"@type\":\"SearchAction\",\"target\":{\"@type\":\"EntryPoint\",\"urlTemplate\":\"https:\/\/www.legislapp.com.br\/?s={search_term_string}\"},\"query-input\":{\"@type\":\"PropertyValueSpecification\",\"valueRequired\":true,\"valueName\":\"search_term_string\"}}],\"inLanguage\":\"pt-BR\"},{\"@type\":\"Organization\",\"@id\":\"https:\/\/www.legislapp.com.br\/#organization\",\"name\":\"Legislapp Monitoramento e Intelig\u00eancia Governamental\",\"url\":\"https:\/\/www.legislapp.com.br\/\",\"logo\":{\"@type\":\"ImageObject\",\"inLanguage\":\"pt-BR\",\"@id\":\"https:\/\/www.legislapp.com.br\/#\/schema\/logo\/image\/\",\"url\":\"https:\/\/www.legislapp.com.br\/wp-content\/uploads\/icon.png\",\"contentUrl\":\"https:\/\/www.legislapp.com.br\/wp-content\/uploads\/icon.png\",\"width\":1024,\"height\":1024,\"caption\":\"Legislapp Monitoramento e Intelig\u00eancia Governamental\"},\"image\":{\"@id\":\"https:\/\/www.legislapp.com.br\/#\/schema\/logo\/image\/\"},\"sameAs\":[\"https:\/\/www.instagram.com\/legislapp\/\"]}]}<\/script>\n<!-- \/ Yoast SEO plugin. -->","yoast_head_json":{"title":"PL.\/0575\/2025 - Sargento Lima - Legislapp","robots":{"index":"index","follow":"follow","max-snippet":"max-snippet:-1","max-image-preview":"max-image-preview:large","max-video-preview":"max-video-preview:-1"},"canonical":"https:\/\/www.legislapp.com.br\/index.php\/cam-legislativa-de-sc-pl-0575-2025\/","og_locale":"pt_BR","og_type":"article","og_title":"PL.\/0575\/2025 - Sargento Lima - Legislapp","og_description":"C\u00e2m. Legislativa de SC &#8211; Autoria de Sargento Lima Institui o Dia Estadual do Veterano e altera o Anexo \u00danico da Lei n\u00ba 18.531, de 2022, que consolida as leis que instituem datas e eventos alusivos no \u00e2mbito do Estado de Santa Catarina e estabelece o Calend\u00e1rio Oficial do Estado para incluir referida data alusiva [&hellip;]","og_url":"https:\/\/www.legislapp.com.br\/index.php\/cam-legislativa-de-sc-pl-0575-2025\/","og_site_name":"Legislapp","article_publisher":"https:\/\/www.instagram.com\/legislapp\/","og_image":[{"url":"https:\/\/www.legislapp.com.br\/wp-content\/uploads\/google-play.png","type":"","width":"","height":""}],"twitter_card":"summary_large_image","twitter_misc":{"Est. tempo de leitura":"4 minutos"},"schema":{"@context":"https:\/\/schema.org","@graph":[{"@type":"WebPage","@id":"https:\/\/www.legislapp.com.br\/index.php\/cam-legislativa-de-sc-pl-0575-2025\/","url":"https:\/\/www.legislapp.com.br\/index.php\/cam-legislativa-de-sc-pl-0575-2025\/","name":"PL.\/0575\/2025 - Sargento Lima - Legislapp","isPartOf":{"@id":"https:\/\/www.legislapp.com.br\/#website"},"primaryImageOfPage":{"@id":"https:\/\/www.legislapp.com.br\/index.php\/cam-legislativa-de-sc-pl-0575-2025\/#primaryimage"},"image":{"@id":"https:\/\/www.legislapp.com.br\/index.php\/cam-legislativa-de-sc-pl-0575-2025\/#primaryimage"},"thumbnailUrl":"https:\/\/www.legislapp.com.br\/wp-content\/uploads\/google-play.png","datePublished":"2025-09-17T16:09:44+00:00","breadcrumb":{"@id":"https:\/\/www.legislapp.com.br\/index.php\/cam-legislativa-de-sc-pl-0575-2025\/#breadcrumb"},"inLanguage":"pt-BR","potentialAction":[{"@type":"ReadAction","target":["https:\/\/www.legislapp.com.br\/index.php\/cam-legislativa-de-sc-pl-0575-2025\/"]}]},{"@type":"ImageObject","inLanguage":"pt-BR","@id":"https:\/\/www.legislapp.com.br\/index.php\/cam-legislativa-de-sc-pl-0575-2025\/#primaryimage","url":"https:\/\/www.legislapp.com.br\/wp-content\/uploads\/google-play.png","contentUrl":"https:\/\/www.legislapp.com.br\/wp-content\/uploads\/google-play.png","width":564,"height":168},{"@type":"BreadcrumbList","@id":"https:\/\/www.legislapp.com.br\/index.php\/cam-legislativa-de-sc-pl-0575-2025\/#breadcrumb","itemListElement":[{"@type":"ListItem","position":1,"name":"In\u00edcio","item":"https:\/\/www.legislapp.com.br\/"},{"@type":"ListItem","position":2,"name":"PL.\/0575\/2025 &#8211; Sargento Lima"}]},{"@type":"WebSite","@id":"https:\/\/www.legislapp.com.br\/#website","url":"https:\/\/www.legislapp.com.br\/","name":"Legislapp","description":"Intelig\u00eancia governamental em tempo real","publisher":{"@id":"https:\/\/www.legislapp.com.br\/#organization"},"potentialAction":[{"@type":"SearchAction","target":{"@type":"EntryPoint","urlTemplate":"https:\/\/www.legislapp.com.br\/?s={search_term_string}"},"query-input":{"@type":"PropertyValueSpecification","valueRequired":true,"valueName":"search_term_string"}}],"inLanguage":"pt-BR"},{"@type":"Organization","@id":"https:\/\/www.legislapp.com.br\/#organization","name":"Legislapp Monitoramento e Intelig\u00eancia Governamental","url":"https:\/\/www.legislapp.com.br\/","logo":{"@type":"ImageObject","inLanguage":"pt-BR","@id":"https:\/\/www.legislapp.com.br\/#\/schema\/logo\/image\/","url":"https:\/\/www.legislapp.com.br\/wp-content\/uploads\/icon.png","contentUrl":"https:\/\/www.legislapp.com.br\/wp-content\/uploads\/icon.png","width":1024,"height":1024,"caption":"Legislapp Monitoramento e Intelig\u00eancia Governamental"},"image":{"@id":"https:\/\/www.legislapp.com.br\/#\/schema\/logo\/image\/"},"sameAs":["https:\/\/www.instagram.com\/legislapp\/"]}]}},"_links":{"self":[{"href":"https:\/\/www.legislapp.com.br\/index.php\/wp-json\/wp\/v2\/pages\/7052","targetHints":{"allow":["GET"]}}],"collection":[{"href":"https:\/\/www.legislapp.com.br\/index.php\/wp-json\/wp\/v2\/pages"}],"about":[{"href":"https:\/\/www.legislapp.com.br\/index.php\/wp-json\/wp\/v2\/types\/page"}],"author":[{"embeddable":true,"href":"https:\/\/www.legislapp.com.br\/index.php\/wp-json\/wp\/v2\/users\/1"}],"replies":[{"embeddable":true,"href":"https:\/\/www.legislapp.com.br\/index.php\/wp-json\/wp\/v2\/comments?post=7052"}],"version-history":[{"count":0,"href":"https:\/\/www.legislapp.com.br\/index.php\/wp-json\/wp\/v2\/pages\/7052\/revisions"}],"wp:attachment":[{"href":"https:\/\/www.legislapp.com.br\/index.php\/wp-json\/wp\/v2\/media?parent=7052"}],"curies":[{"name":"wp","href":"https:\/\/api.w.org\/{rel}","templated":true}]}}