{"id":7065,"date":"2025-09-17T13:10:27","date_gmt":"2025-09-17T16:10:27","guid":{"rendered":"https:\/\/www.legislapp.com.br\/index.php\/cam-legislativa-de-mg-pl-4119-2025\/"},"modified":"2025-09-17T13:10:27","modified_gmt":"2025-09-17T16:10:27","slug":"cam-legislativa-de-mg-pl-4119-2025","status":"publish","type":"page","link":"https:\/\/www.legislapp.com.br\/index.php\/cam-legislativa-de-mg-pl-4119-2025\/","title":{"rendered":"PL 4119\/2025 &#8211; Deputados"},"content":{"rendered":"<h1 style='text-align: center;'>C\u00e2m. Legislativa de MG &#8211; Autoria de Deputados<\/h3>\n<p><\/p>\n<article style='text-align: center'>Torna obrigat\u00f3ria a assinatura f\u00edsica de pessoas idosas em contratos de<br \/>\nopera\u00e7\u00e3o de cr\u00e9dito firmados por meio eletr\u00f4nico ou telef\u00f4nico no Estado.<\/article>\n<p><\/p>\n<p style='text-align: center'><a href='https:\/\/app.legislapp.com.br\/#\/busca?termo='><\/a><\/p>\n<p><\/p>\n<article>Disp\u00f5e sobre a obrigatoriedade da assinatura f\u00edsica de pessoas idosas em contratos de opera\u00e7\u00e3o de cr\u00e9dito firmados por meio eletr\u00f4nico ou telef\u00f4nico no Estado de Minas Gerais.<br \/>\nA Assembleia Legislativa do Estado de Minas Gerais decreta:<br \/>\nArt. 1\u00ba \u2013 Fica obrigat\u00f3ria a assinatura f\u00edsica da pessoa idosa nos contratos de opera\u00e7\u00e3o de cr\u00e9dito firmados por meio eletr\u00f4nico ou telef\u00f4nico com institui\u00e7\u00f5es financeiras e de cr\u00e9dito que atuem no Estado de Minas Gerais.<br \/>\nPar\u00e1grafo \u00fanico \u2013 Para os fins desta lei, considera-se pessoa idosa aquela com idade igual ou superior a 60 (sessenta) anos, nos termos da Lei Federal n\u00ba 10.741, de 1\u00ba de outubro de 2003 \u2013 Estatuto do Idoso.<br \/>\nArt. 2\u00ba \u2013 Entende-se por opera\u00e7\u00e3o de cr\u00e9dito, na forma desta lei, qualquer contrato, servi\u00e7o ou produto financeiro na modalidade de consigna\u00e7\u00e3o com desconto em:<br \/>\nI \u2013 aposentadorias;<br \/>\nII \u2013 pens\u00f5es;<br \/>\nIII \u2013 pec\u00falios;<br \/>\nIV \u2013 contas-correntes;<br \/>\nV \u2013 poupan\u00e7as;<br \/>\nVI \u2013 incluindo, mas n\u00e3o se limitando a: empr\u00e9stimos, financiamentos, hipotecas, seguros e investimentos.<br \/>\nArt. 3\u00ba \u2013 As institui\u00e7\u00f5es financeiras e de cr\u00e9dito dever\u00e3o disponibilizar o contrato em meio f\u00edsico ao consumidor idoso, para conhecimento de suas cl\u00e1usulas e posterior assinatura.<br \/>\n\u00a7 1\u00ba \u2013 A aus\u00eancia de assinatura f\u00edsica acarretar\u00e1 a nulidade do contrato.<br \/>\n\u00a7 2\u00ba \u2013 Dever\u00e1 ser entregue ao contratante uma via f\u00edsica assinada do contrato, no momento da formaliza\u00e7\u00e3o da contrata\u00e7\u00e3o.<br \/>\nArt. 4\u00ba \u2013 O descumprimento ao disposto nesta lei sujeitar\u00e1 as institui\u00e7\u00f5es financeiras \u00e0s seguintes penalidades administrativas:<br \/>\nI \u2013 na primeira infra\u00e7\u00e3o: advert\u00eancia;<br \/>\nII \u2013 na segunda infra\u00e7\u00e3o: multa de R$20.000,00 (vinte mil reais);<br \/>\nIII \u2013 na terceira infra\u00e7\u00e3o: multa de R$60.000,00 (sessenta mil reais);<br \/>\nIV \u2013 a partir da quarta infra\u00e7\u00e3o: multa de R$120.000,00 (cento e vinte mil reais) por infra\u00e7\u00e3o adicional.<br \/>\nArt. 5\u00ba \u2013 A fiscaliza\u00e7\u00e3o desta lei caber\u00e1 aos \u00f3rg\u00e3os estaduais competentes, em especial o Procon-MG, a Defensoria P\u00fablica e a Secretaria de Estado de Desenvolvimento Social \u2013 Sedese \u2013, conforme suas atribui\u00e7\u00f5es legais.<br \/>\nPar\u00e1grafo \u00fanico \u2013 As penalidades ser\u00e3o aplicadas mediante processo administrativo, observando-se o contradit\u00f3rio e a ampla defesa.<br \/>\nArt. 6\u00ba \u2013 Os valores das multas previstas nesta lei ser\u00e3o atualizados anualmente, no m\u00eas de janeiro, de acordo com a varia\u00e7\u00e3o do \u00cdndice Nacional de Pre\u00e7os ao Consumidor Amplo \u2013 IPCA \u2013, apurado pelo IBGE.<br \/>\nSala das Reuni\u00f5es, 29 de julho de 2025.<br \/>\nLucas Lasmar (Rede), vice-l\u00edder do Bloco Democracia e Luta.<br \/>\nJustifica\u00e7\u00e3o: A presente proposi\u00e7\u00e3o visa garantir maior prote\u00e7\u00e3o \u00e0s pessoas idosas no Estado de Minas Gerais frente \u00e0s crescentes fraudes e abusos praticados em contrata\u00e7\u00f5es de cr\u00e9dito realizadas por meios digitais ou telef\u00f4nicos, especialmente na modalidade de cr\u00e9dito consignado.<br \/>\nO Supremo Tribunal Federal, no julgamento da ADI 7.027, reconheceu a constitucionalidade de lei estadual da Para\u00edba que exige a assinatura f\u00edsica dos idosos nesse tipo de contrata\u00e7\u00e3o. A decis\u00e3o firmou o entendimento de que tal exig\u00eancia n\u00e3o viola a isonomia, mas protege um grupo socialmente vulner\u00e1vel, com base no Estatuto do Idoso e no C\u00f3digo de Defesa do Consumidor.<br \/>\nConsiderando que muitos idosos n\u00e3o possuem familiaridade com meios digitais e frequentemente s\u00e3o v\u00edtimas de abordagens abusivas ou fraudulentas, \u00e9 dever do Estado adotar medidas que promovam a seguran\u00e7a jur\u00eddica e o pleno conhecimento do contrato.<br \/>\nTrata-se, portanto, de um passo importante para a preserva\u00e7\u00e3o da autonomia, da dignidade e dos direitos patrimoniais das pessoas idosas, que merecem prioridade absoluta nas pol\u00edticas p\u00fablicas, conforme preceitua o art. 230 da Constitui\u00e7\u00e3o Federal e o art. 203, inciso V.<br \/>\n\u2013 Semelhante proposi\u00e7\u00e3o foi apresentada anteriormente pelo deputado Alencar da Silveira Jr. Anexe-se ao Projeto de Lei n\u00ba 5.393\/2018, nos termos do \u00a7 2\u00ba do art. 173 do Regimento Interno.<\/article>\n<div style=\"text-align: center\">\n<div style=\"margin-bottom: 20px;\" class=\"et_pb_button_module_wrapper et_pb_button_5_tb_body_wrapper et_pb_button_alignment_center et_pb_module \">\n         <a class=\"et_pb_button et_pb_button_5_tb_body et_hover_enabled et_pb_bg_layout_dark\" style=\"width: 50%;background-color: black;\" href=\"https:\/\/app.legislapp.com.br\" target=\"_blank\" rel=\"noopener\">Visualizar completo na nossa plataforma (30 dias gr\u00e1tis)<\/a><\/p><\/div>\n<p>      <a href=\"https:\/\/play.google.com\/store\/apps\/details?id=br.com.legislapp\"><img decoding=\"async\" style=\"width: 15%; min-width: 130px;\" src=\"https:\/\/www.legislapp.com.br\/wp-content\/uploads\/google-play.png\"><\/a><br \/>\n      <a href=\"https:\/\/apps.apple.com\/us\/app\/legislapp\/id1568929859\"><img decoding=\"async\" style=\"width: 15%; min-width: 130px\" src=\"https:\/\/www.legislapp.com.br\/wp-content\/uploads\/apple-store.png\"><\/a>\n   <\/div>\n","protected":false},"excerpt":{"rendered":"<p>C\u00e2m. Legislativa de MG &#8211; Autoria de Deputados Torna obrigat\u00f3ria a assinatura f\u00edsica de pessoas idosas em contratos de opera\u00e7\u00e3o de cr\u00e9dito firmados por meio eletr\u00f4nico ou telef\u00f4nico no Estado. Disp\u00f5e sobre a obrigatoriedade da assinatura f\u00edsica de pessoas idosas em contratos de opera\u00e7\u00e3o de cr\u00e9dito firmados por meio eletr\u00f4nico ou telef\u00f4nico no Estado de [&hellip;]<\/p>\n","protected":false},"author":1,"featured_media":0,"parent":0,"menu_order":0,"comment_status":"closed","ping_status":"closed","template":"page-template-blank.php","meta":{"_et_pb_use_builder":"","_et_pb_old_content":"","_et_gb_content_width":"1080","ngg_post_thumbnail":0,"footnotes":""},"class_list":["post-7065","page","type-page","status-publish","hentry"],"yoast_head":"<!-- This site is optimized with the Yoast SEO plugin v24.4 - https:\/\/yoast.com\/wordpress\/plugins\/seo\/ -->\n<title>PL 4119\/2025 - Deputados - Legislapp<\/title>\n<meta name=\"robots\" content=\"index, follow, max-snippet:-1, max-image-preview:large, max-video-preview:-1\" \/>\n<link rel=\"canonical\" href=\"https:\/\/www.legislapp.com.br\/index.php\/cam-legislativa-de-mg-pl-4119-2025\/\" \/>\n<meta property=\"og:locale\" content=\"pt_BR\" \/>\n<meta property=\"og:type\" content=\"article\" \/>\n<meta property=\"og:title\" content=\"PL 4119\/2025 - Deputados - Legislapp\" \/>\n<meta property=\"og:description\" content=\"C\u00e2m. Legislativa de MG &#8211; Autoria de Deputados Torna obrigat\u00f3ria a assinatura f\u00edsica de pessoas idosas em contratos de opera\u00e7\u00e3o de cr\u00e9dito firmados por meio eletr\u00f4nico ou telef\u00f4nico no Estado. Disp\u00f5e sobre a obrigatoriedade da assinatura f\u00edsica de pessoas idosas em contratos de opera\u00e7\u00e3o de cr\u00e9dito firmados por meio eletr\u00f4nico ou telef\u00f4nico no Estado de [&hellip;]\" \/>\n<meta property=\"og:url\" content=\"https:\/\/www.legislapp.com.br\/index.php\/cam-legislativa-de-mg-pl-4119-2025\/\" \/>\n<meta property=\"og:site_name\" content=\"Legislapp\" \/>\n<meta property=\"article:publisher\" content=\"https:\/\/www.instagram.com\/legislapp\/\" \/>\n<meta property=\"og:image\" content=\"https:\/\/www.legislapp.com.br\/wp-content\/uploads\/google-play.png\" \/>\n<meta name=\"twitter:card\" content=\"summary_large_image\" \/>\n<meta name=\"twitter:label1\" content=\"Est. tempo de leitura\" \/>\n\t<meta name=\"twitter:data1\" content=\"3 minutos\" \/>\n<script type=\"application\/ld+json\" class=\"yoast-schema-graph\">{\"@context\":\"https:\/\/schema.org\",\"@graph\":[{\"@type\":\"WebPage\",\"@id\":\"https:\/\/www.legislapp.com.br\/index.php\/cam-legislativa-de-mg-pl-4119-2025\/\",\"url\":\"https:\/\/www.legislapp.com.br\/index.php\/cam-legislativa-de-mg-pl-4119-2025\/\",\"name\":\"PL 4119\/2025 - Deputados - Legislapp\",\"isPartOf\":{\"@id\":\"https:\/\/www.legislapp.com.br\/#website\"},\"primaryImageOfPage\":{\"@id\":\"https:\/\/www.legislapp.com.br\/index.php\/cam-legislativa-de-mg-pl-4119-2025\/#primaryimage\"},\"image\":{\"@id\":\"https:\/\/www.legislapp.com.br\/index.php\/cam-legislativa-de-mg-pl-4119-2025\/#primaryimage\"},\"thumbnailUrl\":\"https:\/\/www.legislapp.com.br\/wp-content\/uploads\/google-play.png\",\"datePublished\":\"2025-09-17T16:10:27+00:00\",\"breadcrumb\":{\"@id\":\"https:\/\/www.legislapp.com.br\/index.php\/cam-legislativa-de-mg-pl-4119-2025\/#breadcrumb\"},\"inLanguage\":\"pt-BR\",\"potentialAction\":[{\"@type\":\"ReadAction\",\"target\":[\"https:\/\/www.legislapp.com.br\/index.php\/cam-legislativa-de-mg-pl-4119-2025\/\"]}]},{\"@type\":\"ImageObject\",\"inLanguage\":\"pt-BR\",\"@id\":\"https:\/\/www.legislapp.com.br\/index.php\/cam-legislativa-de-mg-pl-4119-2025\/#primaryimage\",\"url\":\"https:\/\/www.legislapp.com.br\/wp-content\/uploads\/google-play.png\",\"contentUrl\":\"https:\/\/www.legislapp.com.br\/wp-content\/uploads\/google-play.png\",\"width\":564,\"height\":168},{\"@type\":\"BreadcrumbList\",\"@id\":\"https:\/\/www.legislapp.com.br\/index.php\/cam-legislativa-de-mg-pl-4119-2025\/#breadcrumb\",\"itemListElement\":[{\"@type\":\"ListItem\",\"position\":1,\"name\":\"In\u00edcio\",\"item\":\"https:\/\/www.legislapp.com.br\/\"},{\"@type\":\"ListItem\",\"position\":2,\"name\":\"PL 4119\/2025 &#8211; Deputados\"}]},{\"@type\":\"WebSite\",\"@id\":\"https:\/\/www.legislapp.com.br\/#website\",\"url\":\"https:\/\/www.legislapp.com.br\/\",\"name\":\"Legislapp\",\"description\":\"Intelig\u00eancia governamental em tempo real\",\"publisher\":{\"@id\":\"https:\/\/www.legislapp.com.br\/#organization\"},\"potentialAction\":[{\"@type\":\"SearchAction\",\"target\":{\"@type\":\"EntryPoint\",\"urlTemplate\":\"https:\/\/www.legislapp.com.br\/?s={search_term_string}\"},\"query-input\":{\"@type\":\"PropertyValueSpecification\",\"valueRequired\":true,\"valueName\":\"search_term_string\"}}],\"inLanguage\":\"pt-BR\"},{\"@type\":\"Organization\",\"@id\":\"https:\/\/www.legislapp.com.br\/#organization\",\"name\":\"Legislapp Monitoramento e Intelig\u00eancia Governamental\",\"url\":\"https:\/\/www.legislapp.com.br\/\",\"logo\":{\"@type\":\"ImageObject\",\"inLanguage\":\"pt-BR\",\"@id\":\"https:\/\/www.legislapp.com.br\/#\/schema\/logo\/image\/\",\"url\":\"https:\/\/www.legislapp.com.br\/wp-content\/uploads\/icon.png\",\"contentUrl\":\"https:\/\/www.legislapp.com.br\/wp-content\/uploads\/icon.png\",\"width\":1024,\"height\":1024,\"caption\":\"Legislapp Monitoramento e Intelig\u00eancia Governamental\"},\"image\":{\"@id\":\"https:\/\/www.legislapp.com.br\/#\/schema\/logo\/image\/\"},\"sameAs\":[\"https:\/\/www.instagram.com\/legislapp\/\"]}]}<\/script>\n<!-- \/ Yoast SEO plugin. -->","yoast_head_json":{"title":"PL 4119\/2025 - Deputados - Legislapp","robots":{"index":"index","follow":"follow","max-snippet":"max-snippet:-1","max-image-preview":"max-image-preview:large","max-video-preview":"max-video-preview:-1"},"canonical":"https:\/\/www.legislapp.com.br\/index.php\/cam-legislativa-de-mg-pl-4119-2025\/","og_locale":"pt_BR","og_type":"article","og_title":"PL 4119\/2025 - Deputados - Legislapp","og_description":"C\u00e2m. Legislativa de MG &#8211; Autoria de Deputados Torna obrigat\u00f3ria a assinatura f\u00edsica de pessoas idosas em contratos de opera\u00e7\u00e3o de cr\u00e9dito firmados por meio eletr\u00f4nico ou telef\u00f4nico no Estado. Disp\u00f5e sobre a obrigatoriedade da assinatura f\u00edsica de pessoas idosas em contratos de opera\u00e7\u00e3o de cr\u00e9dito firmados por meio eletr\u00f4nico ou telef\u00f4nico no Estado de [&hellip;]","og_url":"https:\/\/www.legislapp.com.br\/index.php\/cam-legislativa-de-mg-pl-4119-2025\/","og_site_name":"Legislapp","article_publisher":"https:\/\/www.instagram.com\/legislapp\/","og_image":[{"url":"https:\/\/www.legislapp.com.br\/wp-content\/uploads\/google-play.png","type":"","width":"","height":""}],"twitter_card":"summary_large_image","twitter_misc":{"Est. tempo de leitura":"3 minutos"},"schema":{"@context":"https:\/\/schema.org","@graph":[{"@type":"WebPage","@id":"https:\/\/www.legislapp.com.br\/index.php\/cam-legislativa-de-mg-pl-4119-2025\/","url":"https:\/\/www.legislapp.com.br\/index.php\/cam-legislativa-de-mg-pl-4119-2025\/","name":"PL 4119\/2025 - Deputados - Legislapp","isPartOf":{"@id":"https:\/\/www.legislapp.com.br\/#website"},"primaryImageOfPage":{"@id":"https:\/\/www.legislapp.com.br\/index.php\/cam-legislativa-de-mg-pl-4119-2025\/#primaryimage"},"image":{"@id":"https:\/\/www.legislapp.com.br\/index.php\/cam-legislativa-de-mg-pl-4119-2025\/#primaryimage"},"thumbnailUrl":"https:\/\/www.legislapp.com.br\/wp-content\/uploads\/google-play.png","datePublished":"2025-09-17T16:10:27+00:00","breadcrumb":{"@id":"https:\/\/www.legislapp.com.br\/index.php\/cam-legislativa-de-mg-pl-4119-2025\/#breadcrumb"},"inLanguage":"pt-BR","potentialAction":[{"@type":"ReadAction","target":["https:\/\/www.legislapp.com.br\/index.php\/cam-legislativa-de-mg-pl-4119-2025\/"]}]},{"@type":"ImageObject","inLanguage":"pt-BR","@id":"https:\/\/www.legislapp.com.br\/index.php\/cam-legislativa-de-mg-pl-4119-2025\/#primaryimage","url":"https:\/\/www.legislapp.com.br\/wp-content\/uploads\/google-play.png","contentUrl":"https:\/\/www.legislapp.com.br\/wp-content\/uploads\/google-play.png","width":564,"height":168},{"@type":"BreadcrumbList","@id":"https:\/\/www.legislapp.com.br\/index.php\/cam-legislativa-de-mg-pl-4119-2025\/#breadcrumb","itemListElement":[{"@type":"ListItem","position":1,"name":"In\u00edcio","item":"https:\/\/www.legislapp.com.br\/"},{"@type":"ListItem","position":2,"name":"PL 4119\/2025 &#8211; Deputados"}]},{"@type":"WebSite","@id":"https:\/\/www.legislapp.com.br\/#website","url":"https:\/\/www.legislapp.com.br\/","name":"Legislapp","description":"Intelig\u00eancia governamental em tempo real","publisher":{"@id":"https:\/\/www.legislapp.com.br\/#organization"},"potentialAction":[{"@type":"SearchAction","target":{"@type":"EntryPoint","urlTemplate":"https:\/\/www.legislapp.com.br\/?s={search_term_string}"},"query-input":{"@type":"PropertyValueSpecification","valueRequired":true,"valueName":"search_term_string"}}],"inLanguage":"pt-BR"},{"@type":"Organization","@id":"https:\/\/www.legislapp.com.br\/#organization","name":"Legislapp Monitoramento e Intelig\u00eancia Governamental","url":"https:\/\/www.legislapp.com.br\/","logo":{"@type":"ImageObject","inLanguage":"pt-BR","@id":"https:\/\/www.legislapp.com.br\/#\/schema\/logo\/image\/","url":"https:\/\/www.legislapp.com.br\/wp-content\/uploads\/icon.png","contentUrl":"https:\/\/www.legislapp.com.br\/wp-content\/uploads\/icon.png","width":1024,"height":1024,"caption":"Legislapp Monitoramento e Intelig\u00eancia Governamental"},"image":{"@id":"https:\/\/www.legislapp.com.br\/#\/schema\/logo\/image\/"},"sameAs":["https:\/\/www.instagram.com\/legislapp\/"]}]}},"_links":{"self":[{"href":"https:\/\/www.legislapp.com.br\/index.php\/wp-json\/wp\/v2\/pages\/7065","targetHints":{"allow":["GET"]}}],"collection":[{"href":"https:\/\/www.legislapp.com.br\/index.php\/wp-json\/wp\/v2\/pages"}],"about":[{"href":"https:\/\/www.legislapp.com.br\/index.php\/wp-json\/wp\/v2\/types\/page"}],"author":[{"embeddable":true,"href":"https:\/\/www.legislapp.com.br\/index.php\/wp-json\/wp\/v2\/users\/1"}],"replies":[{"embeddable":true,"href":"https:\/\/www.legislapp.com.br\/index.php\/wp-json\/wp\/v2\/comments?post=7065"}],"version-history":[{"count":0,"href":"https:\/\/www.legislapp.com.br\/index.php\/wp-json\/wp\/v2\/pages\/7065\/revisions"}],"wp:attachment":[{"href":"https:\/\/www.legislapp.com.br\/index.php\/wp-json\/wp\/v2\/media?parent=7065"}],"curies":[{"name":"wp","href":"https:\/\/api.w.org\/{rel}","templated":true}]}}