{"id":7078,"date":"2025-09-17T13:11:10","date_gmt":"2025-09-17T16:11:10","guid":{"rendered":"https:\/\/www.legislapp.com.br\/index.php\/cam-legislativa-de-sc-pl-0555-2025\/"},"modified":"2025-09-17T13:11:10","modified_gmt":"2025-09-17T16:11:10","slug":"cam-legislativa-de-sc-pl-0555-2025","status":"publish","type":"page","link":"https:\/\/www.legislapp.com.br\/index.php\/cam-legislativa-de-sc-pl-0555-2025\/","title":{"rendered":"PL.\/0555\/2025 &#8211; Adilson Girardi"},"content":{"rendered":"<h1 style='text-align: center;'>C\u00e2m. Legislativa de SC &#8211; Autoria de Adilson Girardi<\/h3>\n<p><\/p>\n<article style='text-align: center'>Institui a Semana Estadual da Agricultura Familiar e altera o Anexo \u00danico da Lei n\u00ba 18.531, de 2022, que Consolida as leis que instituem datas e eventos alusivos no \u00e2mbito do Estado de Santa Catarina e estabelece o Calend\u00e1rio Oficial do Estado para incluir referida data alusiva no Calend\u00e1rio Oficial do Estado de Santa Catarina.<\/article>\n<p><\/p>\n<p style='text-align: center'><a href='https:\/\/app.legislapp.com.br\/#\/busca?termo='><\/a><\/p>\n<p><\/p>\n<article>ASSEMBLEIA LEGISLATIVA GABINETE DEPUTADO<br \/>\nESTADO DE SANTA CATARINA ADILSON GIRARDI<\/p>\n<p>PROJETO DE LEI <\/p>\n<p>Institui a Semana Estadual da Agricultura Familiar e altera o<br \/>\nAnexo \u00danico da Lei n\u00ba 18.531, de 2022, que Consolida as leis<br \/>\nque instituem datas e eventos alusivos no \u00e2mbito do Estado<br \/>\nde Santa Catarina e estabelece o Calend\u00e1rio Oficial do<br \/>\nEstado para incluir referida data alusiva no Calend\u00e1rio Oficial<br \/>\ndo Estado de Santa Catarina.<\/p>\n<p>Art. 1\u00ba Fica institu\u00eddo, no \u00e2mbito do Estado de Santa Catarina,<br \/>\na Semana Estadual da Agricultura Familiar, a ser celebrada, anualmente, na semana do<br \/>\ndia 25 de julho, em refer\u00eancia ao Dia Internacional da Agricultura Familiar.<\/p>\n<p>Par\u00e1grafo \u00fanico. As comemora\u00e7\u00f5es referidas no caput deste<br \/>\nartigo compreender\u00e3o a\u00e7\u00f5es destinadas a:<\/p>\n<p>I \u2013 valorizar e reconhecer o papel social, econ\u00f4mico e<br \/>\nambiental dos agricultores familiares em Santa Catarina;<\/p>\n<p>II \u2013 incentivar, nesse per\u00edodo, a realiza\u00e7\u00e3o de a\u00e7\u00f5es p\u00fablicas<br \/>\nem parceria com entidades representativas, estimulando o fortalecimento da economia<br \/>\nrural;<\/p>\n<p>III \u2013 fomentar pol\u00edticas de perman\u00eancia no campo, prevenindo<br \/>\no \u00eaxodo rural; e,<\/p>\n<p>IV \u2013 promover o acesso a mercados, a forma\u00e7\u00e3o, a<br \/>\nassist\u00eancia t\u00e9cnica e incentivos sustent\u00e1veis.<\/p>\n<p>Art. 2\u00ba O Anexo \u00danico da Lei n\u00ba 18.531, de 5 de dezembro de<br \/>\n2022, passa a vigorar com a altera\u00e7\u00e3o constante do Anexo \u00fanico desta Lei.<\/p>\n<p>Art. 3\u00ba Esta Lei entra em vigor na data de sua publica\u00e7\u00e3o.<\/p>\n<p>Sala das Sess\u00f5es,<\/p>\n<p>Deputado Adilson Girardi<\/p>\n<p>JUSTIFICA\u00c7\u00c3O<\/p>\n<p>O presente Projeto de Lei Ordin\u00e1ria visa instituir a \u201cSemana<br \/>\nEstadual da Agricultura Familiar\u201d no Estado de Santa Catarina, a ser celebrada<br \/>\nanualmente na semana que compreende o dia 25 de julho.<br \/>\nA escolha dessa data se deve ao fato que 25 de julho \u00e9<br \/>\nreconhecido como o Dia Internacional da Agricultura Familiar pela FAO\/ONU.<br \/>\nA agricultura familiar caracteriza-se pela produ\u00e7\u00e3o agr\u00edcola<br \/>\nconduzida por pequenos propriet\u00e1rios que utilizam, principalmente, m\u00e3o de obra<br \/>\nfamiliar.<br \/>\nNo Brasil, existem aproximadamente 3,9 milh\u00f5es de<br \/>\nestabelecimentos rurais familiares, que respondem por 23% do valor bruto da produ\u00e7\u00e3o<br \/>\nagropecu\u00e1ria nacional, geram cerca de 10,1 milh\u00f5es de empregos no meio rural e<br \/>\ndinamizam a economia em 90% dos munic\u00edpios com at\u00e9 20 mil habitantes.<br \/>\nAl\u00e9m disso, segundo dados atualizados em 2025 pelo Ipea,<br \/>\nhouve uma queda de 35,9% no n\u00famero de agricultores familiares no pa\u00eds entre 2012 e<br \/>\no fim de 2023, representando a perda de aproximadamente 2,2 milh\u00f5es de postos de<br \/>\ntrabalho nessa categoria. Esses n\u00fameros refor\u00e7am a necessidade urgente de a\u00e7\u00f5es<br \/>\nque valorizem e fortale\u00e7am o setor.<br \/>\nAl\u00e9m disso, a agricultura familiar desempenha papel<br \/>\nfundamental na diversifica\u00e7\u00e3o e no desenvolvimento rural de Santa Catarina,<br \/>\nmobilizando milhares de fam\u00edlias e gerando renda em diferentes cadeias produtivas.<br \/>\nNeste contexto, a cria\u00e7\u00e3o da Semana Estadual da Agricultura<br \/>\nFamiliar visa: Valorizar e reconhecer o papel social, econ\u00f4mico e ambiental dos<br \/>\nagricultores familiares em Santa Catarina; Incentivar, nesse per\u00edodo, a realiza\u00e7\u00e3o de<br \/>\na\u00e7\u00f5es p\u00fablicas em parceria com entidades representativas, estimulando o<br \/>\nfortalecimento da economia rural e fomentar pol\u00edticas de perman\u00eancia no campo e<br \/>\nevitar o \u00eaxodo rural, promovendo acesso a mercados, forma\u00e7\u00e3o, assist\u00eancia t\u00e9cnica e<br \/>\nincentivos sustent\u00e1veis.<br \/>\nDiante da relev\u00e2ncia da iniciativa, esperamos a sua regular<br \/>\ntramita\u00e7\u00e3o, e, ao final, sua aprova\u00e7\u00e3o pelos nobres pares.<\/p>\n<p>Sala das Sess\u00f5es,<\/p>\n<p>Deputado Adilson Girardi<\/p>\n<p>ANEXO \u00daNICO<br \/>\n(Altera o Anexo \u00danico da Lei n\u00ba 18.531, de 5 de dezembro de 2022)<\/p>\n<p>ANEXO \u00daNICO<br \/>\nCALEND\u00c1RIO OFICIAL DO ESTADO DE SANTA CATARINA<br \/>\n&#8230;&#8230;&#8230;&#8230;&#8230;&#8230;&#8230;&#8230;&#8230;&#8230;&#8230;&#8230;&#8230;&#8230;&#8230;&#8230;&#8230;&#8230;&#8230;&#8230;&#8230;&#8230;&#8230;&#8230;&#8230;&#8230;&#8230;&#8230;&#8230;&#8230;&#8230;&#8230;&#8230;&#8230;&#8230;&#8230;&#8230;&#8230;&#8230;&#8230;&#8230;&#8230;&#8230;&#8230;&#8230;&#8230;&#8230;..<br \/>\nSemana do dia 25 de julho &#8211; Semana Estadual da Agricultura Familiar<br \/>\n&#8230;&#8230;&#8230;&#8230;&#8230;&#8230;&#8230;&#8230;&#8230;&#8230;&#8230;&#8230;&#8230;&#8230;&#8230;&#8230;&#8230;&#8230;&#8230;&#8230;&#8230;&#8230;&#8230;&#8230;&#8230;&#8230;&#8230;&#8230;&#8230;&#8230;&#8230;&#8230;&#8230;&#8230;&#8230;&#8230;&#8230;&#8230;&#8230;&#8230;&#8230;&#8230;.&#8221; (NR)<br \/>\nELEGIS<br \/>\nDocumento assinado eletronicamente por Adilson Luiz Girardi,<br \/>\nSistema de Processo<br \/>\nem 08\/08\/2025, \u00e0s 16:35.<br \/>\nLegislativo Eletr\u00f4nico<\/article>\n<div style=\"text-align: center\">\n<div style=\"margin-bottom: 20px;\" class=\"et_pb_button_module_wrapper et_pb_button_5_tb_body_wrapper et_pb_button_alignment_center et_pb_module \">\n         <a class=\"et_pb_button et_pb_button_5_tb_body et_hover_enabled et_pb_bg_layout_dark\" style=\"width: 50%;background-color: black;\" href=\"https:\/\/app.legislapp.com.br\" target=\"_blank\" rel=\"noopener\">Visualizar completo na nossa plataforma (30 dias gr\u00e1tis)<\/a><\/p><\/div>\n<p>      <a href=\"https:\/\/play.google.com\/store\/apps\/details?id=br.com.legislapp\"><img decoding=\"async\" style=\"width: 15%; min-width: 130px;\" src=\"https:\/\/www.legislapp.com.br\/wp-content\/uploads\/google-play.png\"><\/a><br \/>\n      <a href=\"https:\/\/apps.apple.com\/us\/app\/legislapp\/id1568929859\"><img decoding=\"async\" style=\"width: 15%; min-width: 130px\" src=\"https:\/\/www.legislapp.com.br\/wp-content\/uploads\/apple-store.png\"><\/a>\n   <\/div>\n","protected":false},"excerpt":{"rendered":"<p>C\u00e2m. Legislativa de SC &#8211; Autoria de Adilson Girardi Institui a Semana Estadual da Agricultura Familiar e altera o Anexo \u00danico da Lei n\u00ba 18.531, de 2022, que Consolida as leis que instituem datas e eventos alusivos no \u00e2mbito do Estado de Santa Catarina e estabelece o Calend\u00e1rio Oficial do Estado para incluir referida data [&hellip;]<\/p>\n","protected":false},"author":1,"featured_media":0,"parent":0,"menu_order":0,"comment_status":"closed","ping_status":"closed","template":"page-template-blank.php","meta":{"_et_pb_use_builder":"","_et_pb_old_content":"","_et_gb_content_width":"1080","ngg_post_thumbnail":0,"footnotes":""},"class_list":["post-7078","page","type-page","status-publish","hentry"],"yoast_head":"<!-- This site is optimized with the Yoast SEO plugin v24.4 - https:\/\/yoast.com\/wordpress\/plugins\/seo\/ -->\n<title>PL.\/0555\/2025 - Adilson Girardi - Legislapp<\/title>\n<meta name=\"robots\" content=\"index, follow, max-snippet:-1, max-image-preview:large, max-video-preview:-1\" \/>\n<link rel=\"canonical\" href=\"https:\/\/www.legislapp.com.br\/index.php\/cam-legislativa-de-sc-pl-0555-2025\/\" \/>\n<meta property=\"og:locale\" content=\"pt_BR\" \/>\n<meta property=\"og:type\" content=\"article\" \/>\n<meta property=\"og:title\" content=\"PL.\/0555\/2025 - Adilson Girardi - Legislapp\" \/>\n<meta property=\"og:description\" content=\"C\u00e2m. Legislativa de SC &#8211; Autoria de Adilson Girardi Institui a Semana Estadual da Agricultura Familiar e altera o Anexo \u00danico da Lei n\u00ba 18.531, de 2022, que Consolida as leis que instituem datas e eventos alusivos no \u00e2mbito do Estado de Santa Catarina e estabelece o Calend\u00e1rio Oficial do Estado para incluir referida data [&hellip;]\" \/>\n<meta property=\"og:url\" content=\"https:\/\/www.legislapp.com.br\/index.php\/cam-legislativa-de-sc-pl-0555-2025\/\" \/>\n<meta property=\"og:site_name\" content=\"Legislapp\" \/>\n<meta property=\"article:publisher\" content=\"https:\/\/www.instagram.com\/legislapp\/\" \/>\n<meta property=\"og:image\" content=\"https:\/\/www.legislapp.com.br\/wp-content\/uploads\/google-play.png\" \/>\n<meta name=\"twitter:card\" content=\"summary_large_image\" \/>\n<meta name=\"twitter:label1\" content=\"Est. tempo de leitura\" \/>\n\t<meta name=\"twitter:data1\" content=\"3 minutos\" \/>\n<script type=\"application\/ld+json\" class=\"yoast-schema-graph\">{\"@context\":\"https:\/\/schema.org\",\"@graph\":[{\"@type\":\"WebPage\",\"@id\":\"https:\/\/www.legislapp.com.br\/index.php\/cam-legislativa-de-sc-pl-0555-2025\/\",\"url\":\"https:\/\/www.legislapp.com.br\/index.php\/cam-legislativa-de-sc-pl-0555-2025\/\",\"name\":\"PL.\/0555\/2025 - Adilson Girardi - Legislapp\",\"isPartOf\":{\"@id\":\"https:\/\/www.legislapp.com.br\/#website\"},\"primaryImageOfPage\":{\"@id\":\"https:\/\/www.legislapp.com.br\/index.php\/cam-legislativa-de-sc-pl-0555-2025\/#primaryimage\"},\"image\":{\"@id\":\"https:\/\/www.legislapp.com.br\/index.php\/cam-legislativa-de-sc-pl-0555-2025\/#primaryimage\"},\"thumbnailUrl\":\"https:\/\/www.legislapp.com.br\/wp-content\/uploads\/google-play.png\",\"datePublished\":\"2025-09-17T16:11:10+00:00\",\"breadcrumb\":{\"@id\":\"https:\/\/www.legislapp.com.br\/index.php\/cam-legislativa-de-sc-pl-0555-2025\/#breadcrumb\"},\"inLanguage\":\"pt-BR\",\"potentialAction\":[{\"@type\":\"ReadAction\",\"target\":[\"https:\/\/www.legislapp.com.br\/index.php\/cam-legislativa-de-sc-pl-0555-2025\/\"]}]},{\"@type\":\"ImageObject\",\"inLanguage\":\"pt-BR\",\"@id\":\"https:\/\/www.legislapp.com.br\/index.php\/cam-legislativa-de-sc-pl-0555-2025\/#primaryimage\",\"url\":\"https:\/\/www.legislapp.com.br\/wp-content\/uploads\/google-play.png\",\"contentUrl\":\"https:\/\/www.legislapp.com.br\/wp-content\/uploads\/google-play.png\",\"width\":564,\"height\":168},{\"@type\":\"BreadcrumbList\",\"@id\":\"https:\/\/www.legislapp.com.br\/index.php\/cam-legislativa-de-sc-pl-0555-2025\/#breadcrumb\",\"itemListElement\":[{\"@type\":\"ListItem\",\"position\":1,\"name\":\"In\u00edcio\",\"item\":\"https:\/\/www.legislapp.com.br\/\"},{\"@type\":\"ListItem\",\"position\":2,\"name\":\"PL.\/0555\/2025 &#8211; Adilson Girardi\"}]},{\"@type\":\"WebSite\",\"@id\":\"https:\/\/www.legislapp.com.br\/#website\",\"url\":\"https:\/\/www.legislapp.com.br\/\",\"name\":\"Legislapp\",\"description\":\"Intelig\u00eancia governamental em tempo real\",\"publisher\":{\"@id\":\"https:\/\/www.legislapp.com.br\/#organization\"},\"potentialAction\":[{\"@type\":\"SearchAction\",\"target\":{\"@type\":\"EntryPoint\",\"urlTemplate\":\"https:\/\/www.legislapp.com.br\/?s={search_term_string}\"},\"query-input\":{\"@type\":\"PropertyValueSpecification\",\"valueRequired\":true,\"valueName\":\"search_term_string\"}}],\"inLanguage\":\"pt-BR\"},{\"@type\":\"Organization\",\"@id\":\"https:\/\/www.legislapp.com.br\/#organization\",\"name\":\"Legislapp Monitoramento e Intelig\u00eancia Governamental\",\"url\":\"https:\/\/www.legislapp.com.br\/\",\"logo\":{\"@type\":\"ImageObject\",\"inLanguage\":\"pt-BR\",\"@id\":\"https:\/\/www.legislapp.com.br\/#\/schema\/logo\/image\/\",\"url\":\"https:\/\/www.legislapp.com.br\/wp-content\/uploads\/icon.png\",\"contentUrl\":\"https:\/\/www.legislapp.com.br\/wp-content\/uploads\/icon.png\",\"width\":1024,\"height\":1024,\"caption\":\"Legislapp Monitoramento e Intelig\u00eancia Governamental\"},\"image\":{\"@id\":\"https:\/\/www.legislapp.com.br\/#\/schema\/logo\/image\/\"},\"sameAs\":[\"https:\/\/www.instagram.com\/legislapp\/\"]}]}<\/script>\n<!-- \/ Yoast SEO plugin. -->","yoast_head_json":{"title":"PL.\/0555\/2025 - Adilson Girardi - Legislapp","robots":{"index":"index","follow":"follow","max-snippet":"max-snippet:-1","max-image-preview":"max-image-preview:large","max-video-preview":"max-video-preview:-1"},"canonical":"https:\/\/www.legislapp.com.br\/index.php\/cam-legislativa-de-sc-pl-0555-2025\/","og_locale":"pt_BR","og_type":"article","og_title":"PL.\/0555\/2025 - Adilson Girardi - Legislapp","og_description":"C\u00e2m. Legislativa de SC &#8211; Autoria de Adilson Girardi Institui a Semana Estadual da Agricultura Familiar e altera o Anexo \u00danico da Lei n\u00ba 18.531, de 2022, que Consolida as leis que instituem datas e eventos alusivos no \u00e2mbito do Estado de Santa Catarina e estabelece o Calend\u00e1rio Oficial do Estado para incluir referida data [&hellip;]","og_url":"https:\/\/www.legislapp.com.br\/index.php\/cam-legislativa-de-sc-pl-0555-2025\/","og_site_name":"Legislapp","article_publisher":"https:\/\/www.instagram.com\/legislapp\/","og_image":[{"url":"https:\/\/www.legislapp.com.br\/wp-content\/uploads\/google-play.png","type":"","width":"","height":""}],"twitter_card":"summary_large_image","twitter_misc":{"Est. tempo de leitura":"3 minutos"},"schema":{"@context":"https:\/\/schema.org","@graph":[{"@type":"WebPage","@id":"https:\/\/www.legislapp.com.br\/index.php\/cam-legislativa-de-sc-pl-0555-2025\/","url":"https:\/\/www.legislapp.com.br\/index.php\/cam-legislativa-de-sc-pl-0555-2025\/","name":"PL.\/0555\/2025 - Adilson Girardi - Legislapp","isPartOf":{"@id":"https:\/\/www.legislapp.com.br\/#website"},"primaryImageOfPage":{"@id":"https:\/\/www.legislapp.com.br\/index.php\/cam-legislativa-de-sc-pl-0555-2025\/#primaryimage"},"image":{"@id":"https:\/\/www.legislapp.com.br\/index.php\/cam-legislativa-de-sc-pl-0555-2025\/#primaryimage"},"thumbnailUrl":"https:\/\/www.legislapp.com.br\/wp-content\/uploads\/google-play.png","datePublished":"2025-09-17T16:11:10+00:00","breadcrumb":{"@id":"https:\/\/www.legislapp.com.br\/index.php\/cam-legislativa-de-sc-pl-0555-2025\/#breadcrumb"},"inLanguage":"pt-BR","potentialAction":[{"@type":"ReadAction","target":["https:\/\/www.legislapp.com.br\/index.php\/cam-legislativa-de-sc-pl-0555-2025\/"]}]},{"@type":"ImageObject","inLanguage":"pt-BR","@id":"https:\/\/www.legislapp.com.br\/index.php\/cam-legislativa-de-sc-pl-0555-2025\/#primaryimage","url":"https:\/\/www.legislapp.com.br\/wp-content\/uploads\/google-play.png","contentUrl":"https:\/\/www.legislapp.com.br\/wp-content\/uploads\/google-play.png","width":564,"height":168},{"@type":"BreadcrumbList","@id":"https:\/\/www.legislapp.com.br\/index.php\/cam-legislativa-de-sc-pl-0555-2025\/#breadcrumb","itemListElement":[{"@type":"ListItem","position":1,"name":"In\u00edcio","item":"https:\/\/www.legislapp.com.br\/"},{"@type":"ListItem","position":2,"name":"PL.\/0555\/2025 &#8211; Adilson Girardi"}]},{"@type":"WebSite","@id":"https:\/\/www.legislapp.com.br\/#website","url":"https:\/\/www.legislapp.com.br\/","name":"Legislapp","description":"Intelig\u00eancia governamental em tempo real","publisher":{"@id":"https:\/\/www.legislapp.com.br\/#organization"},"potentialAction":[{"@type":"SearchAction","target":{"@type":"EntryPoint","urlTemplate":"https:\/\/www.legislapp.com.br\/?s={search_term_string}"},"query-input":{"@type":"PropertyValueSpecification","valueRequired":true,"valueName":"search_term_string"}}],"inLanguage":"pt-BR"},{"@type":"Organization","@id":"https:\/\/www.legislapp.com.br\/#organization","name":"Legislapp Monitoramento e Intelig\u00eancia Governamental","url":"https:\/\/www.legislapp.com.br\/","logo":{"@type":"ImageObject","inLanguage":"pt-BR","@id":"https:\/\/www.legislapp.com.br\/#\/schema\/logo\/image\/","url":"https:\/\/www.legislapp.com.br\/wp-content\/uploads\/icon.png","contentUrl":"https:\/\/www.legislapp.com.br\/wp-content\/uploads\/icon.png","width":1024,"height":1024,"caption":"Legislapp Monitoramento e Intelig\u00eancia Governamental"},"image":{"@id":"https:\/\/www.legislapp.com.br\/#\/schema\/logo\/image\/"},"sameAs":["https:\/\/www.instagram.com\/legislapp\/"]}]}},"_links":{"self":[{"href":"https:\/\/www.legislapp.com.br\/index.php\/wp-json\/wp\/v2\/pages\/7078","targetHints":{"allow":["GET"]}}],"collection":[{"href":"https:\/\/www.legislapp.com.br\/index.php\/wp-json\/wp\/v2\/pages"}],"about":[{"href":"https:\/\/www.legislapp.com.br\/index.php\/wp-json\/wp\/v2\/types\/page"}],"author":[{"embeddable":true,"href":"https:\/\/www.legislapp.com.br\/index.php\/wp-json\/wp\/v2\/users\/1"}],"replies":[{"embeddable":true,"href":"https:\/\/www.legislapp.com.br\/index.php\/wp-json\/wp\/v2\/comments?post=7078"}],"version-history":[{"count":0,"href":"https:\/\/www.legislapp.com.br\/index.php\/wp-json\/wp\/v2\/pages\/7078\/revisions"}],"wp:attachment":[{"href":"https:\/\/www.legislapp.com.br\/index.php\/wp-json\/wp\/v2\/media?parent=7078"}],"curies":[{"name":"wp","href":"https:\/\/api.w.org\/{rel}","templated":true}]}}