{"id":7103,"date":"2025-09-17T13:12:32","date_gmt":"2025-09-17T16:12:32","guid":{"rendered":"https:\/\/www.legislapp.com.br\/index.php\/cam-legislativa-de-mg-pl-4068-2025\/"},"modified":"2025-09-17T13:12:32","modified_gmt":"2025-09-17T16:12:32","slug":"cam-legislativa-de-mg-pl-4068-2025","status":"publish","type":"page","link":"https:\/\/www.legislapp.com.br\/index.php\/cam-legislativa-de-mg-pl-4068-2025\/","title":{"rendered":"PL 4068\/2025 &#8211; Deputados"},"content":{"rendered":"<h1 style='text-align: center;'>C\u00e2m. Legislativa de MG &#8211; Autoria de Deputados<\/h3>\n<p><\/p>\n<article style='text-align: center'>Disp\u00f5e sobre a desafeta\u00e7\u00e3o do trecho de rodovia que especifica e autoriza<br \/>\no Poder Executivo a do\u00e1-lo ao Munic\u00edpio de Juruaia.<\/article>\n<p><\/p>\n<p style='text-align: center'><a href='https:\/\/app.legislapp.com.br\/#\/busca?termo='><\/a><\/p>\n<p><\/p>\n<article>Disp\u00f5e sobre a desafeta\u00e7\u00e3o do trecho de rodovia que especifica e autoriza o Poder Executivo a do\u00e1-lo ao Munic\u00edpio de Juruaia \u2013 MG.<br \/>\nA Assembleia Legislativa do Estado de Minas Gerais decreta:<br \/>\nArt. 1\u00ba \u2013 Fica desafetado o trecho da Rodovia AMG-1530 compreendido entre o Km 6,5 e o Km 9, com extens\u00e3o de 2,5km (dois quil\u00f4metros e 500 metros), conforme coordenadas: ponto inicial, latitude 21\u00b016&#8217;7.68&#8243; S \u2013 longitude 46\u00b035&#8217;35.86&#8243; O e ponto final, latitude 21\u00b015&#8217;12.82&#8243; S \u2013 longitude 46\u00b034&#8217;50.69&#8243; O.<br \/>\nArt. 2\u00ba \u2013 Fica o Poder Executivo autorizado a doar ao Munic\u00edpio de Juruaia a \u00e1rea correspondente ao trecho de rodovia de que trata o art. 1\u00ba.<br \/>\nPar\u00e1grafo \u00fanico \u2013 A \u00e1rea a que se refere o caput integrar\u00e1 o per\u00edmetro urbano do munic\u00edpio e destina-se \u00e0 instala\u00e7\u00e3o de via urbana.<br \/>\nArt. 3\u00ba \u2013 A \u00e1rea objeto da doa\u00e7\u00e3o de que trata esta lei reverter\u00e1 ao patrim\u00f4nio do Estado, se findo o prazo de cinco anos contados da publica\u00e7\u00e3o desta lei, n\u00e3o lhe tiver sido dada a destina\u00e7\u00e3o prevista no par\u00e1grafo \u00fanico do art. 2\u00ba.<br \/>\nArt. 4\u00ba \u2013 Esta lei entra em vigor na data de sua publica\u00e7\u00e3o.<br \/>\nSala das Reuni\u00f5es, 9 de julho de 2025.<br \/>\nAntonio Carlos Arantes (PL)<br \/>\nJustifica\u00e7\u00e3o: O objetivo do presente projeto de lei \u00e9 transferir ao patrim\u00f4nio do munic\u00edpio de Juruaia o segmento da rodovia AMG-1530 compreendido entre o Km 6,5 e o Km 9, conforme coordenadas: Ponto Inicial, latitude 21\u00b016&#8217;7.68&#8243; S \u2013 longitude 46\u00b035&#8217;35.86&#8243; O. Ponto final, latitude 21\u00b015&#8217;12.82&#8243; S \u2013 longitude 46\u00b034&#8217;50.69&#8243; O.\u00a0<br \/>\nDesse modo o referido trecho passar\u00e1 a ser de jurisdi\u00e7\u00e3o municipal, cabendo totalmente ao Munic\u00edpio a responsabilidade sobre a manuten\u00e7\u00e3o, conserva\u00e7\u00e3o e assuntos relativos a essa faixa de dom\u00ednio desafetada, conforme autoriza\u00e7\u00e3o prevista no par\u00e1grafo \u00fanico do art. 1\u00ba da Lei Estadual n\u00ba 13.723\/2000.<br \/>\nTrata-se de um segmento vi\u00e1rio inserido no per\u00edmetro urbano da cidade, amplamente utilizado pela popula\u00e7\u00e3o local, incluindo moradores, trabalhadores e comerciantes. A perman\u00eancia do tr\u00e1fego pesado nessa regi\u00e3o tem gerado riscos constantes \u00e0 integridade f\u00edsica da comunidade, especialmente em raz\u00e3o dos recorrentes acidentes envolvendo caminh\u00f5es que descem a serra com falhas mec\u00e2nicas.<br \/>\nCom o intuito de mitigar esse problema, o Munic\u00edpio promoveu a constru\u00e7\u00e3o do Anel Vi\u00e1rio \u201cPrefeito \u00c1lvaro Mariano J\u00fanior\u201d, com 4,2 km de extens\u00e3o, justamente para desviar o fluxo de ve\u00edculos de grande porte. Para viabilizar essa nova rota, tamb\u00e9m foi constru\u00eddo o Trevo de Acesso \u201c\u00c1lvaro Mariano\u201d, conforme as exig\u00eancias t\u00e9cnicas do DER\/MG. No entanto, mesmo com a nova infraestrutura e sinaliza\u00e7\u00e3o, muitos condutores insistem em trafegar pela via urbana, desrespeitando as normas de tr\u00e2nsito e colocando em risco a vida da popula\u00e7\u00e3o.<br \/>\nPor essas raz\u00f5es, a presente iniciativa legislativa reveste-se de grande import\u00e2ncia. A municipaliza\u00e7\u00e3o do referido trecho, que na pr\u00e1tica j\u00e1 integra o per\u00edmetro urbano, torna-se medida necess\u00e1ria e urgente, permitindo que o Munic\u00edpio de Juruaia atue diretamente na gest\u00e3o, manuten\u00e7\u00e3o e fiscaliza\u00e7\u00e3o da via. Com isso, ser\u00e1 poss\u00edvel implementar medidas efetivas que promovam maior seguran\u00e7a \u00e0 popula\u00e7\u00e3o e\u00a0co\u00edbam a circula\u00e7\u00e3o inadequada de ve\u00edculos pesados.<br \/>\n\u2013 Publicado, vai o projeto \u00e0s Comiss\u00f5es de Justi\u00e7a, de Transporte e de Administra\u00e7\u00e3o P\u00fablica para parecer, nos termos do art. 188, c\/c o art. 102, do Regimento Interno.<\/article>\n<div style=\"text-align: center\">\n<div style=\"margin-bottom: 20px;\" class=\"et_pb_button_module_wrapper et_pb_button_5_tb_body_wrapper et_pb_button_alignment_center et_pb_module \">\n         <a class=\"et_pb_button et_pb_button_5_tb_body et_hover_enabled et_pb_bg_layout_dark\" style=\"width: 50%;background-color: black;\" href=\"https:\/\/app.legislapp.com.br\" target=\"_blank\" rel=\"noopener\">Visualizar completo na nossa plataforma (30 dias gr\u00e1tis)<\/a><\/p><\/div>\n<p>      <a href=\"https:\/\/play.google.com\/store\/apps\/details?id=br.com.legislapp\"><img decoding=\"async\" style=\"width: 15%; min-width: 130px;\" src=\"https:\/\/www.legislapp.com.br\/wp-content\/uploads\/google-play.png\"><\/a><br \/>\n      <a href=\"https:\/\/apps.apple.com\/us\/app\/legislapp\/id1568929859\"><img decoding=\"async\" style=\"width: 15%; min-width: 130px\" src=\"https:\/\/www.legislapp.com.br\/wp-content\/uploads\/apple-store.png\"><\/a>\n   <\/div>\n","protected":false},"excerpt":{"rendered":"<p>C\u00e2m. Legislativa de MG &#8211; Autoria de Deputados Disp\u00f5e sobre a desafeta\u00e7\u00e3o do trecho de rodovia que especifica e autoriza o Poder Executivo a do\u00e1-lo ao Munic\u00edpio de Juruaia. Disp\u00f5e sobre a desafeta\u00e7\u00e3o do trecho de rodovia que especifica e autoriza o Poder Executivo a do\u00e1-lo ao Munic\u00edpio de Juruaia \u2013 MG. A Assembleia Legislativa [&hellip;]<\/p>\n","protected":false},"author":1,"featured_media":0,"parent":0,"menu_order":0,"comment_status":"closed","ping_status":"closed","template":"page-template-blank.php","meta":{"_et_pb_use_builder":"","_et_pb_old_content":"","_et_gb_content_width":"1080","ngg_post_thumbnail":0,"footnotes":""},"class_list":["post-7103","page","type-page","status-publish","hentry"],"yoast_head":"<!-- This site is optimized with the Yoast SEO plugin v24.4 - https:\/\/yoast.com\/wordpress\/plugins\/seo\/ -->\n<title>PL 4068\/2025 - Deputados - Legislapp<\/title>\n<meta name=\"robots\" content=\"index, follow, max-snippet:-1, max-image-preview:large, max-video-preview:-1\" \/>\n<link rel=\"canonical\" href=\"https:\/\/www.legislapp.com.br\/index.php\/cam-legislativa-de-mg-pl-4068-2025\/\" \/>\n<meta property=\"og:locale\" content=\"pt_BR\" \/>\n<meta property=\"og:type\" content=\"article\" \/>\n<meta property=\"og:title\" content=\"PL 4068\/2025 - Deputados - Legislapp\" \/>\n<meta property=\"og:description\" content=\"C\u00e2m. Legislativa de MG &#8211; Autoria de Deputados Disp\u00f5e sobre a desafeta\u00e7\u00e3o do trecho de rodovia que especifica e autoriza o Poder Executivo a do\u00e1-lo ao Munic\u00edpio de Juruaia. Disp\u00f5e sobre a desafeta\u00e7\u00e3o do trecho de rodovia que especifica e autoriza o Poder Executivo a do\u00e1-lo ao Munic\u00edpio de Juruaia \u2013 MG. A Assembleia Legislativa [&hellip;]\" \/>\n<meta property=\"og:url\" content=\"https:\/\/www.legislapp.com.br\/index.php\/cam-legislativa-de-mg-pl-4068-2025\/\" \/>\n<meta property=\"og:site_name\" content=\"Legislapp\" \/>\n<meta property=\"article:publisher\" content=\"https:\/\/www.instagram.com\/legislapp\/\" \/>\n<meta property=\"og:image\" content=\"https:\/\/www.legislapp.com.br\/wp-content\/uploads\/google-play.png\" \/>\n<meta name=\"twitter:card\" content=\"summary_large_image\" \/>\n<meta name=\"twitter:label1\" content=\"Est. tempo de leitura\" \/>\n\t<meta name=\"twitter:data1\" content=\"3 minutos\" \/>\n<script type=\"application\/ld+json\" class=\"yoast-schema-graph\">{\"@context\":\"https:\/\/schema.org\",\"@graph\":[{\"@type\":\"WebPage\",\"@id\":\"https:\/\/www.legislapp.com.br\/index.php\/cam-legislativa-de-mg-pl-4068-2025\/\",\"url\":\"https:\/\/www.legislapp.com.br\/index.php\/cam-legislativa-de-mg-pl-4068-2025\/\",\"name\":\"PL 4068\/2025 - Deputados - Legislapp\",\"isPartOf\":{\"@id\":\"https:\/\/www.legislapp.com.br\/#website\"},\"primaryImageOfPage\":{\"@id\":\"https:\/\/www.legislapp.com.br\/index.php\/cam-legislativa-de-mg-pl-4068-2025\/#primaryimage\"},\"image\":{\"@id\":\"https:\/\/www.legislapp.com.br\/index.php\/cam-legislativa-de-mg-pl-4068-2025\/#primaryimage\"},\"thumbnailUrl\":\"https:\/\/www.legislapp.com.br\/wp-content\/uploads\/google-play.png\",\"datePublished\":\"2025-09-17T16:12:32+00:00\",\"breadcrumb\":{\"@id\":\"https:\/\/www.legislapp.com.br\/index.php\/cam-legislativa-de-mg-pl-4068-2025\/#breadcrumb\"},\"inLanguage\":\"pt-BR\",\"potentialAction\":[{\"@type\":\"ReadAction\",\"target\":[\"https:\/\/www.legislapp.com.br\/index.php\/cam-legislativa-de-mg-pl-4068-2025\/\"]}]},{\"@type\":\"ImageObject\",\"inLanguage\":\"pt-BR\",\"@id\":\"https:\/\/www.legislapp.com.br\/index.php\/cam-legislativa-de-mg-pl-4068-2025\/#primaryimage\",\"url\":\"https:\/\/www.legislapp.com.br\/wp-content\/uploads\/google-play.png\",\"contentUrl\":\"https:\/\/www.legislapp.com.br\/wp-content\/uploads\/google-play.png\",\"width\":564,\"height\":168},{\"@type\":\"BreadcrumbList\",\"@id\":\"https:\/\/www.legislapp.com.br\/index.php\/cam-legislativa-de-mg-pl-4068-2025\/#breadcrumb\",\"itemListElement\":[{\"@type\":\"ListItem\",\"position\":1,\"name\":\"In\u00edcio\",\"item\":\"https:\/\/www.legislapp.com.br\/\"},{\"@type\":\"ListItem\",\"position\":2,\"name\":\"PL 4068\/2025 &#8211; Deputados\"}]},{\"@type\":\"WebSite\",\"@id\":\"https:\/\/www.legislapp.com.br\/#website\",\"url\":\"https:\/\/www.legislapp.com.br\/\",\"name\":\"Legislapp\",\"description\":\"Intelig\u00eancia governamental em tempo real\",\"publisher\":{\"@id\":\"https:\/\/www.legislapp.com.br\/#organization\"},\"potentialAction\":[{\"@type\":\"SearchAction\",\"target\":{\"@type\":\"EntryPoint\",\"urlTemplate\":\"https:\/\/www.legislapp.com.br\/?s={search_term_string}\"},\"query-input\":{\"@type\":\"PropertyValueSpecification\",\"valueRequired\":true,\"valueName\":\"search_term_string\"}}],\"inLanguage\":\"pt-BR\"},{\"@type\":\"Organization\",\"@id\":\"https:\/\/www.legislapp.com.br\/#organization\",\"name\":\"Legislapp Monitoramento e Intelig\u00eancia Governamental\",\"url\":\"https:\/\/www.legislapp.com.br\/\",\"logo\":{\"@type\":\"ImageObject\",\"inLanguage\":\"pt-BR\",\"@id\":\"https:\/\/www.legislapp.com.br\/#\/schema\/logo\/image\/\",\"url\":\"https:\/\/www.legislapp.com.br\/wp-content\/uploads\/icon.png\",\"contentUrl\":\"https:\/\/www.legislapp.com.br\/wp-content\/uploads\/icon.png\",\"width\":1024,\"height\":1024,\"caption\":\"Legislapp Monitoramento e Intelig\u00eancia Governamental\"},\"image\":{\"@id\":\"https:\/\/www.legislapp.com.br\/#\/schema\/logo\/image\/\"},\"sameAs\":[\"https:\/\/www.instagram.com\/legislapp\/\"]}]}<\/script>\n<!-- \/ Yoast SEO plugin. -->","yoast_head_json":{"title":"PL 4068\/2025 - Deputados - Legislapp","robots":{"index":"index","follow":"follow","max-snippet":"max-snippet:-1","max-image-preview":"max-image-preview:large","max-video-preview":"max-video-preview:-1"},"canonical":"https:\/\/www.legislapp.com.br\/index.php\/cam-legislativa-de-mg-pl-4068-2025\/","og_locale":"pt_BR","og_type":"article","og_title":"PL 4068\/2025 - Deputados - Legislapp","og_description":"C\u00e2m. Legislativa de MG &#8211; Autoria de Deputados Disp\u00f5e sobre a desafeta\u00e7\u00e3o do trecho de rodovia que especifica e autoriza o Poder Executivo a do\u00e1-lo ao Munic\u00edpio de Juruaia. Disp\u00f5e sobre a desafeta\u00e7\u00e3o do trecho de rodovia que especifica e autoriza o Poder Executivo a do\u00e1-lo ao Munic\u00edpio de Juruaia \u2013 MG. A Assembleia Legislativa [&hellip;]","og_url":"https:\/\/www.legislapp.com.br\/index.php\/cam-legislativa-de-mg-pl-4068-2025\/","og_site_name":"Legislapp","article_publisher":"https:\/\/www.instagram.com\/legislapp\/","og_image":[{"url":"https:\/\/www.legislapp.com.br\/wp-content\/uploads\/google-play.png","type":"","width":"","height":""}],"twitter_card":"summary_large_image","twitter_misc":{"Est. tempo de leitura":"3 minutos"},"schema":{"@context":"https:\/\/schema.org","@graph":[{"@type":"WebPage","@id":"https:\/\/www.legislapp.com.br\/index.php\/cam-legislativa-de-mg-pl-4068-2025\/","url":"https:\/\/www.legislapp.com.br\/index.php\/cam-legislativa-de-mg-pl-4068-2025\/","name":"PL 4068\/2025 - Deputados - Legislapp","isPartOf":{"@id":"https:\/\/www.legislapp.com.br\/#website"},"primaryImageOfPage":{"@id":"https:\/\/www.legislapp.com.br\/index.php\/cam-legislativa-de-mg-pl-4068-2025\/#primaryimage"},"image":{"@id":"https:\/\/www.legislapp.com.br\/index.php\/cam-legislativa-de-mg-pl-4068-2025\/#primaryimage"},"thumbnailUrl":"https:\/\/www.legislapp.com.br\/wp-content\/uploads\/google-play.png","datePublished":"2025-09-17T16:12:32+00:00","breadcrumb":{"@id":"https:\/\/www.legislapp.com.br\/index.php\/cam-legislativa-de-mg-pl-4068-2025\/#breadcrumb"},"inLanguage":"pt-BR","potentialAction":[{"@type":"ReadAction","target":["https:\/\/www.legislapp.com.br\/index.php\/cam-legislativa-de-mg-pl-4068-2025\/"]}]},{"@type":"ImageObject","inLanguage":"pt-BR","@id":"https:\/\/www.legislapp.com.br\/index.php\/cam-legislativa-de-mg-pl-4068-2025\/#primaryimage","url":"https:\/\/www.legislapp.com.br\/wp-content\/uploads\/google-play.png","contentUrl":"https:\/\/www.legislapp.com.br\/wp-content\/uploads\/google-play.png","width":564,"height":168},{"@type":"BreadcrumbList","@id":"https:\/\/www.legislapp.com.br\/index.php\/cam-legislativa-de-mg-pl-4068-2025\/#breadcrumb","itemListElement":[{"@type":"ListItem","position":1,"name":"In\u00edcio","item":"https:\/\/www.legislapp.com.br\/"},{"@type":"ListItem","position":2,"name":"PL 4068\/2025 &#8211; Deputados"}]},{"@type":"WebSite","@id":"https:\/\/www.legislapp.com.br\/#website","url":"https:\/\/www.legislapp.com.br\/","name":"Legislapp","description":"Intelig\u00eancia governamental em tempo real","publisher":{"@id":"https:\/\/www.legislapp.com.br\/#organization"},"potentialAction":[{"@type":"SearchAction","target":{"@type":"EntryPoint","urlTemplate":"https:\/\/www.legislapp.com.br\/?s={search_term_string}"},"query-input":{"@type":"PropertyValueSpecification","valueRequired":true,"valueName":"search_term_string"}}],"inLanguage":"pt-BR"},{"@type":"Organization","@id":"https:\/\/www.legislapp.com.br\/#organization","name":"Legislapp Monitoramento e Intelig\u00eancia Governamental","url":"https:\/\/www.legislapp.com.br\/","logo":{"@type":"ImageObject","inLanguage":"pt-BR","@id":"https:\/\/www.legislapp.com.br\/#\/schema\/logo\/image\/","url":"https:\/\/www.legislapp.com.br\/wp-content\/uploads\/icon.png","contentUrl":"https:\/\/www.legislapp.com.br\/wp-content\/uploads\/icon.png","width":1024,"height":1024,"caption":"Legislapp Monitoramento e Intelig\u00eancia Governamental"},"image":{"@id":"https:\/\/www.legislapp.com.br\/#\/schema\/logo\/image\/"},"sameAs":["https:\/\/www.instagram.com\/legislapp\/"]}]}},"_links":{"self":[{"href":"https:\/\/www.legislapp.com.br\/index.php\/wp-json\/wp\/v2\/pages\/7103","targetHints":{"allow":["GET"]}}],"collection":[{"href":"https:\/\/www.legislapp.com.br\/index.php\/wp-json\/wp\/v2\/pages"}],"about":[{"href":"https:\/\/www.legislapp.com.br\/index.php\/wp-json\/wp\/v2\/types\/page"}],"author":[{"embeddable":true,"href":"https:\/\/www.legislapp.com.br\/index.php\/wp-json\/wp\/v2\/users\/1"}],"replies":[{"embeddable":true,"href":"https:\/\/www.legislapp.com.br\/index.php\/wp-json\/wp\/v2\/comments?post=7103"}],"version-history":[{"count":0,"href":"https:\/\/www.legislapp.com.br\/index.php\/wp-json\/wp\/v2\/pages\/7103\/revisions"}],"wp:attachment":[{"href":"https:\/\/www.legislapp.com.br\/index.php\/wp-json\/wp\/v2\/media?parent=7103"}],"curies":[{"name":"wp","href":"https:\/\/api.w.org\/{rel}","templated":true}]}}