{"id":7114,"date":"2025-09-17T13:13:08","date_gmt":"2025-09-17T16:13:08","guid":{"rendered":"https:\/\/www.legislapp.com.br\/index.php\/cam-legislativa-de-mg-pl-4077-2025\/"},"modified":"2025-09-17T13:13:08","modified_gmt":"2025-09-17T16:13:08","slug":"cam-legislativa-de-mg-pl-4077-2025","status":"publish","type":"page","link":"https:\/\/www.legislapp.com.br\/index.php\/cam-legislativa-de-mg-pl-4077-2025\/","title":{"rendered":"PL 4077\/2025 &#8211; Deputados"},"content":{"rendered":"<h1 style='text-align: center;'>C\u00e2m. Legislativa de MG &#8211; Autoria de Deputados<\/h3>\n<p><\/p>\n<article style='text-align: center'>Confere ao Munic\u00edpio de Cana Verde o t\u00edtulo de Hollywood Caipira do<br \/>\nEstado.<\/article>\n<p><\/p>\n<p style='text-align: center'><a href='https:\/\/app.legislapp.com.br\/#\/busca?termo='><\/a><\/p>\n<p><\/p>\n<article>Confere ao Munic\u00edpio de Cana Verde o t\u00edtulo de Hollywood Caipira do Estado de Minas Gerais.<br \/>\nA Assembleia Legislativa do Estado de Minas Gerais decreta:<br \/>\nArt. 1\u00ba \u2013 Fica conferido ao Munic\u00edpio de Cana Verde o t\u00edtulo de Hollywood Caipira do Estado de Minas Gerais.<br \/>\nArt. 2\u00ba \u2013 Esta lei entra em vigor na data de sua publica\u00e7\u00e3o.<br \/>\nSala das Reuni\u00f5es, 14 de julho de 2025.<br \/>\nDuarte Bechir (PSD), 2\u00ba-vice-presidente.<br \/>\nJustifica\u00e7\u00e3o: A presente proposi\u00e7\u00e3o tem como objetivo conceder ao munic\u00edpio de Cana Verde o t\u00edtulo de Hollywood Caipira.<br \/>\nA hist\u00f3ria de Cana Verde remonta ao final do s\u00e9culo XVIII, quando a regi\u00e3o em que se encontra o munic\u00edpio era explorada pelo minerador Rom\u00e3o Fagundes do Amaral, que se fixou no local por causa da extra\u00e7\u00e3o do ouro e pela procura de outros min\u00e9rios. O local ficou conhecido como Matozinhos do Jacar\u00e9, pela proximidade do Rio Jacar\u00e9.<br \/>\nCom o passar do tempo, Dona Maria do Ros\u00e1rio da Concei\u00e7\u00e3o, matriarca de uma das fam\u00edlias pioneiras, mandou construir uma capela na parte mais alta da regi\u00e3o, onde havia uma planta\u00e7\u00e3o de canas-verdes, o que deu origem ao nome do arraial.<br \/>\nA partir de 1858, a regi\u00e3o de Matozinhos do Jacar\u00e9 passou a ser um Distrito com o nome de Senhor Bom Jesus da Canna Verde pertencendo ao Munic\u00edpio de Oliveira. Em 1874 o distrito foi elevado a categoria de Freguesia, passando a pertencer ao Munic\u00edpio de Lavras. Dez anos depois, em 1884, foi elevado a categoria de Vila e passando a ser jurisdicionada pelo Munic\u00edpio de Campo Belo. Em 7 de Setembro de 1923, passa a pertencer ao munic\u00edpio de Perd\u00f5es, com a denomina\u00e7\u00e3o de Cana Verde. No dia 30 de dezembro de 1962, por meio do decreto n\u00ba 2764, \u00e9 criado o munic\u00edpio de Cana Verde, cuja instala\u00e7\u00e3o \u00e9 formalizada em 1\u00ba de Mar\u00e7o de 1963 com a posse do Intendente Municipal Sr. Ant\u00f4nio Bastos Garcia, que permaneceu at\u00e9 31 de agosto de 1963.<br \/>\nCana Verde se destaca por seu ambiente acolhedor, paisagens naturais, tradi\u00e7\u00f5es culturais e uma popula\u00e7\u00e3o que, mesmo diante dos desafios t\u00edpicos das pequenas cidades, se mostra incrivelmente criativa e resiliente.<br \/>\nA economia local \u00e9 voltada principalmente para a agricultura familiar, a pecu\u00e1ria e o pequeno com\u00e9rcio. Por\u00e9m, \u00e9 na criatividade do povo canaverdense que mora um dos maiores tesouros da cidade. Seja nas festas populares, no artesanato, nas receitas t\u00edpicas ou nas solu\u00e7\u00f5es engenhosas do dia a dia, a popula\u00e7\u00e3o mostra talento e originalidade em tudo que faz.<br \/>\nAs festas tradicionais, como o Festa de S\u00e3o Jo\u00e3o, Congado e os encontros de Folia de Reis, revelam a inventividade dos moradores na confec\u00e7\u00e3o de trajes, decora\u00e7\u00e3o e apresenta\u00e7\u00f5es culturais. No artesanato, \u00e9 comum encontrar pe\u00e7as feitas com materiais recicl\u00e1veis, madeira, tecido e barro, demonstrando cuidado com o meio ambiente e uma vis\u00e3o art\u00edstica \u00fanica.<br \/>\nEm Cana Verde, a simplicidade n\u00e3o \u00e9 sin\u00f4nimo de limita\u00e7\u00e3o, mas de autenticidade. A criatividade do seu povo \u00e9 reflexo de uma cultura viva, que valoriza as ra\u00edzes sem medo de se reinventar.<br \/>\nNesse sentido, a juventude tamb\u00e9m tem se destacado, com iniciativas empreendedoras ligadas \u00e0 internet, \u00e0 m\u00fasica e \u00e0 produ\u00e7\u00e3o rural inovadora. Muitos jovens est\u00e3o transformando pr\u00e1ticas tradicionais em novos neg\u00f3cios criativos, unindo o saber popular com novas tecnologias.<br \/>\n\u00c9 exatamente esse potencial que foi demonstrado aos mineiros e a todo o Brasil a partir do momento em que o programa Fant\u00e1stico, da Rede Globo, foi at\u00e9 Cana Verde, conhecer o trio de canaverdenses que, juntos, acumulam mais 20 milh\u00f5es de seguidores (Instagram) nas redes sociais! Como marca, as postagens retratam o estilo caipira e o bom humor.<br \/>\nS\u00e3o eles: Gustavo Almeida Freire, o Gustavo Tubar\u00e3o, que tem mais de 12 milh\u00f5es e 500 mil seguidores; Sebasti\u00e3o Fernandes Filho, o Ti\u00e3o Bruto Sistem\u00e1tico, tem 71 anos e quase 3 milh\u00f5es e 500 mil seguidores, e; Isaac Duarte Ferreira, o Isaac Amendoim, tem 11 anos e 4 milh\u00f5es e 200 mil seguidores.<br \/>\nFormado em direito e em teatro, Gustavo Tubar\u00e3o come\u00e7ou a ganhar fama em 2017, quando usou a internet como terapia. Ele afirma que jamais imaginou que pudesse cair nas gra\u00e7as do p\u00fablico e que \u201ctanta gente iria se identificar com o sotaque caipira\u201d.<br \/>\nAl\u00e9m de compartilhar o cotidiano, Gustavo mostra tamb\u00e9m a conviv\u00eancia com a av\u00f3, que cai nas brincadeiras e provoca\u00e7\u00f5es do neto. Ele tamb\u00e9m faz quest\u00e3o de promover outros moradores de Cana Verde.<br \/>\nO sucesso \u00e9 tamanho que o influencer j\u00e1 viajou para It\u00e1lia, Estados Unidos e Chile, entre outros pa\u00edses, para gravar v\u00eddeos \u2013 todos compartilhados com os seguidores.<br \/>\nEx-trabalhador rural, Sebasti\u00e3o Fernandes Filho cuida do mesmo bar h\u00e1 43 anos. Com os v\u00eddeos na internet, virou astro e protagonizou recente campanha da Pol\u00edcia Militar de Minas Gerais alertando sobre golpes na internet.<br \/>\nJ\u00e1 o pequeno Isaac Amendoim ficou t\u00e3o famoso que j\u00e1 participou do Programa Crian\u00e7a Esperan\u00e7a. Ele tamb\u00e9m foi escolhido para atuar como o famoso personagem Chico Bento, de Maur\u00edcio de Sousa, no filme que estreou neste ano, e agora est\u00e1 no elenco da novela da Rede Globo \u00cata mundo melhor.<br \/>\nDiante do sucesso que projeta o munic\u00edpio de Cana Verde para al\u00e9m fronteiras, n\u00e3o restam d\u00favidas que conceder ao munic\u00edpio o t\u00edtulo de Hollywood Caipira \u00e9 uma forma de valorizar a capacidade criadora local (cerca de nove influenciadores, Merson, Leticia caminhoneira, Thaissinho, Nicoli Raiane, Atila e Rafael Alegria), promover o turismo criativo e fomentar o desenvolvimento sustent\u00e1vel do munic\u00edpio e da regi\u00e3o. O t\u00edtulo tamb\u00e9m contribui para fortalecer a cultura mineira, refor\u00e7ando o protagonismo das pequenas cidades no cen\u00e1rio estadual, raz\u00e3o porque solicito dos nobres pares aprova\u00e7\u00e3o ao presente projeto de lei.<br \/>\n\u2013 Publicado, vai o projeto \u00e0s Comiss\u00f5es de Justi\u00e7a e de Cultura para parecer, nos termos do art. 188, c\/c o art. 102, do Regimento Interno.<\/article>\n<div style=\"text-align: center\">\n<div style=\"margin-bottom: 20px;\" class=\"et_pb_button_module_wrapper et_pb_button_5_tb_body_wrapper et_pb_button_alignment_center et_pb_module \">\n         <a class=\"et_pb_button et_pb_button_5_tb_body et_hover_enabled et_pb_bg_layout_dark\" style=\"width: 50%;background-color: black;\" href=\"https:\/\/app.legislapp.com.br\" target=\"_blank\" rel=\"noopener\">Visualizar completo na nossa plataforma (30 dias gr\u00e1tis)<\/a><\/p><\/div>\n<p>      <a href=\"https:\/\/play.google.com\/store\/apps\/details?id=br.com.legislapp\"><img decoding=\"async\" style=\"width: 15%; min-width: 130px;\" src=\"https:\/\/www.legislapp.com.br\/wp-content\/uploads\/google-play.png\"><\/a><br \/>\n      <a href=\"https:\/\/apps.apple.com\/us\/app\/legislapp\/id1568929859\"><img decoding=\"async\" style=\"width: 15%; min-width: 130px\" src=\"https:\/\/www.legislapp.com.br\/wp-content\/uploads\/apple-store.png\"><\/a>\n   <\/div>\n","protected":false},"excerpt":{"rendered":"<p>C\u00e2m. Legislativa de MG &#8211; Autoria de Deputados Confere ao Munic\u00edpio de Cana Verde o t\u00edtulo de Hollywood Caipira do Estado. Confere ao Munic\u00edpio de Cana Verde o t\u00edtulo de Hollywood Caipira do Estado de Minas Gerais. A Assembleia Legislativa do Estado de Minas Gerais decreta: Art. 1\u00ba \u2013 Fica conferido ao Munic\u00edpio de Cana [&hellip;]<\/p>\n","protected":false},"author":1,"featured_media":0,"parent":0,"menu_order":0,"comment_status":"closed","ping_status":"closed","template":"page-template-blank.php","meta":{"_et_pb_use_builder":"","_et_pb_old_content":"","_et_gb_content_width":"1080","ngg_post_thumbnail":0,"footnotes":""},"class_list":["post-7114","page","type-page","status-publish","hentry"],"yoast_head":"<!-- This site is optimized with the Yoast SEO plugin v24.4 - https:\/\/yoast.com\/wordpress\/plugins\/seo\/ -->\n<title>PL 4077\/2025 - Deputados - Legislapp<\/title>\n<meta name=\"robots\" content=\"index, follow, max-snippet:-1, max-image-preview:large, max-video-preview:-1\" \/>\n<link rel=\"canonical\" href=\"https:\/\/www.legislapp.com.br\/index.php\/cam-legislativa-de-mg-pl-4077-2025\/\" \/>\n<meta property=\"og:locale\" content=\"pt_BR\" \/>\n<meta property=\"og:type\" content=\"article\" \/>\n<meta property=\"og:title\" content=\"PL 4077\/2025 - Deputados - Legislapp\" \/>\n<meta property=\"og:description\" content=\"C\u00e2m. Legislativa de MG &#8211; Autoria de Deputados Confere ao Munic\u00edpio de Cana Verde o t\u00edtulo de Hollywood Caipira do Estado. Confere ao Munic\u00edpio de Cana Verde o t\u00edtulo de Hollywood Caipira do Estado de Minas Gerais. A Assembleia Legislativa do Estado de Minas Gerais decreta: Art. 1\u00ba \u2013 Fica conferido ao Munic\u00edpio de Cana [&hellip;]\" \/>\n<meta property=\"og:url\" content=\"https:\/\/www.legislapp.com.br\/index.php\/cam-legislativa-de-mg-pl-4077-2025\/\" \/>\n<meta property=\"og:site_name\" content=\"Legislapp\" \/>\n<meta property=\"article:publisher\" content=\"https:\/\/www.instagram.com\/legislapp\/\" \/>\n<meta property=\"og:image\" content=\"https:\/\/www.legislapp.com.br\/wp-content\/uploads\/google-play.png\" \/>\n<meta name=\"twitter:card\" content=\"summary_large_image\" \/>\n<meta name=\"twitter:label1\" content=\"Est. tempo de leitura\" \/>\n\t<meta name=\"twitter:data1\" content=\"5 minutos\" \/>\n<script type=\"application\/ld+json\" class=\"yoast-schema-graph\">{\"@context\":\"https:\/\/schema.org\",\"@graph\":[{\"@type\":\"WebPage\",\"@id\":\"https:\/\/www.legislapp.com.br\/index.php\/cam-legislativa-de-mg-pl-4077-2025\/\",\"url\":\"https:\/\/www.legislapp.com.br\/index.php\/cam-legislativa-de-mg-pl-4077-2025\/\",\"name\":\"PL 4077\/2025 - Deputados - Legislapp\",\"isPartOf\":{\"@id\":\"https:\/\/www.legislapp.com.br\/#website\"},\"primaryImageOfPage\":{\"@id\":\"https:\/\/www.legislapp.com.br\/index.php\/cam-legislativa-de-mg-pl-4077-2025\/#primaryimage\"},\"image\":{\"@id\":\"https:\/\/www.legislapp.com.br\/index.php\/cam-legislativa-de-mg-pl-4077-2025\/#primaryimage\"},\"thumbnailUrl\":\"https:\/\/www.legislapp.com.br\/wp-content\/uploads\/google-play.png\",\"datePublished\":\"2025-09-17T16:13:08+00:00\",\"breadcrumb\":{\"@id\":\"https:\/\/www.legislapp.com.br\/index.php\/cam-legislativa-de-mg-pl-4077-2025\/#breadcrumb\"},\"inLanguage\":\"pt-BR\",\"potentialAction\":[{\"@type\":\"ReadAction\",\"target\":[\"https:\/\/www.legislapp.com.br\/index.php\/cam-legislativa-de-mg-pl-4077-2025\/\"]}]},{\"@type\":\"ImageObject\",\"inLanguage\":\"pt-BR\",\"@id\":\"https:\/\/www.legislapp.com.br\/index.php\/cam-legislativa-de-mg-pl-4077-2025\/#primaryimage\",\"url\":\"https:\/\/www.legislapp.com.br\/wp-content\/uploads\/google-play.png\",\"contentUrl\":\"https:\/\/www.legislapp.com.br\/wp-content\/uploads\/google-play.png\",\"width\":564,\"height\":168},{\"@type\":\"BreadcrumbList\",\"@id\":\"https:\/\/www.legislapp.com.br\/index.php\/cam-legislativa-de-mg-pl-4077-2025\/#breadcrumb\",\"itemListElement\":[{\"@type\":\"ListItem\",\"position\":1,\"name\":\"In\u00edcio\",\"item\":\"https:\/\/www.legislapp.com.br\/\"},{\"@type\":\"ListItem\",\"position\":2,\"name\":\"PL 4077\/2025 &#8211; Deputados\"}]},{\"@type\":\"WebSite\",\"@id\":\"https:\/\/www.legislapp.com.br\/#website\",\"url\":\"https:\/\/www.legislapp.com.br\/\",\"name\":\"Legislapp\",\"description\":\"Intelig\u00eancia governamental em tempo real\",\"publisher\":{\"@id\":\"https:\/\/www.legislapp.com.br\/#organization\"},\"potentialAction\":[{\"@type\":\"SearchAction\",\"target\":{\"@type\":\"EntryPoint\",\"urlTemplate\":\"https:\/\/www.legislapp.com.br\/?s={search_term_string}\"},\"query-input\":{\"@type\":\"PropertyValueSpecification\",\"valueRequired\":true,\"valueName\":\"search_term_string\"}}],\"inLanguage\":\"pt-BR\"},{\"@type\":\"Organization\",\"@id\":\"https:\/\/www.legislapp.com.br\/#organization\",\"name\":\"Legislapp Monitoramento e Intelig\u00eancia Governamental\",\"url\":\"https:\/\/www.legislapp.com.br\/\",\"logo\":{\"@type\":\"ImageObject\",\"inLanguage\":\"pt-BR\",\"@id\":\"https:\/\/www.legislapp.com.br\/#\/schema\/logo\/image\/\",\"url\":\"https:\/\/www.legislapp.com.br\/wp-content\/uploads\/icon.png\",\"contentUrl\":\"https:\/\/www.legislapp.com.br\/wp-content\/uploads\/icon.png\",\"width\":1024,\"height\":1024,\"caption\":\"Legislapp Monitoramento e Intelig\u00eancia Governamental\"},\"image\":{\"@id\":\"https:\/\/www.legislapp.com.br\/#\/schema\/logo\/image\/\"},\"sameAs\":[\"https:\/\/www.instagram.com\/legislapp\/\"]}]}<\/script>\n<!-- \/ Yoast SEO plugin. -->","yoast_head_json":{"title":"PL 4077\/2025 - Deputados - Legislapp","robots":{"index":"index","follow":"follow","max-snippet":"max-snippet:-1","max-image-preview":"max-image-preview:large","max-video-preview":"max-video-preview:-1"},"canonical":"https:\/\/www.legislapp.com.br\/index.php\/cam-legislativa-de-mg-pl-4077-2025\/","og_locale":"pt_BR","og_type":"article","og_title":"PL 4077\/2025 - Deputados - Legislapp","og_description":"C\u00e2m. Legislativa de MG &#8211; Autoria de Deputados Confere ao Munic\u00edpio de Cana Verde o t\u00edtulo de Hollywood Caipira do Estado. Confere ao Munic\u00edpio de Cana Verde o t\u00edtulo de Hollywood Caipira do Estado de Minas Gerais. A Assembleia Legislativa do Estado de Minas Gerais decreta: Art. 1\u00ba \u2013 Fica conferido ao Munic\u00edpio de Cana [&hellip;]","og_url":"https:\/\/www.legislapp.com.br\/index.php\/cam-legislativa-de-mg-pl-4077-2025\/","og_site_name":"Legislapp","article_publisher":"https:\/\/www.instagram.com\/legislapp\/","og_image":[{"url":"https:\/\/www.legislapp.com.br\/wp-content\/uploads\/google-play.png","type":"","width":"","height":""}],"twitter_card":"summary_large_image","twitter_misc":{"Est. tempo de leitura":"5 minutos"},"schema":{"@context":"https:\/\/schema.org","@graph":[{"@type":"WebPage","@id":"https:\/\/www.legislapp.com.br\/index.php\/cam-legislativa-de-mg-pl-4077-2025\/","url":"https:\/\/www.legislapp.com.br\/index.php\/cam-legislativa-de-mg-pl-4077-2025\/","name":"PL 4077\/2025 - Deputados - Legislapp","isPartOf":{"@id":"https:\/\/www.legislapp.com.br\/#website"},"primaryImageOfPage":{"@id":"https:\/\/www.legislapp.com.br\/index.php\/cam-legislativa-de-mg-pl-4077-2025\/#primaryimage"},"image":{"@id":"https:\/\/www.legislapp.com.br\/index.php\/cam-legislativa-de-mg-pl-4077-2025\/#primaryimage"},"thumbnailUrl":"https:\/\/www.legislapp.com.br\/wp-content\/uploads\/google-play.png","datePublished":"2025-09-17T16:13:08+00:00","breadcrumb":{"@id":"https:\/\/www.legislapp.com.br\/index.php\/cam-legislativa-de-mg-pl-4077-2025\/#breadcrumb"},"inLanguage":"pt-BR","potentialAction":[{"@type":"ReadAction","target":["https:\/\/www.legislapp.com.br\/index.php\/cam-legislativa-de-mg-pl-4077-2025\/"]}]},{"@type":"ImageObject","inLanguage":"pt-BR","@id":"https:\/\/www.legislapp.com.br\/index.php\/cam-legislativa-de-mg-pl-4077-2025\/#primaryimage","url":"https:\/\/www.legislapp.com.br\/wp-content\/uploads\/google-play.png","contentUrl":"https:\/\/www.legislapp.com.br\/wp-content\/uploads\/google-play.png","width":564,"height":168},{"@type":"BreadcrumbList","@id":"https:\/\/www.legislapp.com.br\/index.php\/cam-legislativa-de-mg-pl-4077-2025\/#breadcrumb","itemListElement":[{"@type":"ListItem","position":1,"name":"In\u00edcio","item":"https:\/\/www.legislapp.com.br\/"},{"@type":"ListItem","position":2,"name":"PL 4077\/2025 &#8211; Deputados"}]},{"@type":"WebSite","@id":"https:\/\/www.legislapp.com.br\/#website","url":"https:\/\/www.legislapp.com.br\/","name":"Legislapp","description":"Intelig\u00eancia governamental em tempo real","publisher":{"@id":"https:\/\/www.legislapp.com.br\/#organization"},"potentialAction":[{"@type":"SearchAction","target":{"@type":"EntryPoint","urlTemplate":"https:\/\/www.legislapp.com.br\/?s={search_term_string}"},"query-input":{"@type":"PropertyValueSpecification","valueRequired":true,"valueName":"search_term_string"}}],"inLanguage":"pt-BR"},{"@type":"Organization","@id":"https:\/\/www.legislapp.com.br\/#organization","name":"Legislapp Monitoramento e Intelig\u00eancia Governamental","url":"https:\/\/www.legislapp.com.br\/","logo":{"@type":"ImageObject","inLanguage":"pt-BR","@id":"https:\/\/www.legislapp.com.br\/#\/schema\/logo\/image\/","url":"https:\/\/www.legislapp.com.br\/wp-content\/uploads\/icon.png","contentUrl":"https:\/\/www.legislapp.com.br\/wp-content\/uploads\/icon.png","width":1024,"height":1024,"caption":"Legislapp Monitoramento e Intelig\u00eancia Governamental"},"image":{"@id":"https:\/\/www.legislapp.com.br\/#\/schema\/logo\/image\/"},"sameAs":["https:\/\/www.instagram.com\/legislapp\/"]}]}},"_links":{"self":[{"href":"https:\/\/www.legislapp.com.br\/index.php\/wp-json\/wp\/v2\/pages\/7114","targetHints":{"allow":["GET"]}}],"collection":[{"href":"https:\/\/www.legislapp.com.br\/index.php\/wp-json\/wp\/v2\/pages"}],"about":[{"href":"https:\/\/www.legislapp.com.br\/index.php\/wp-json\/wp\/v2\/types\/page"}],"author":[{"embeddable":true,"href":"https:\/\/www.legislapp.com.br\/index.php\/wp-json\/wp\/v2\/users\/1"}],"replies":[{"embeddable":true,"href":"https:\/\/www.legislapp.com.br\/index.php\/wp-json\/wp\/v2\/comments?post=7114"}],"version-history":[{"count":0,"href":"https:\/\/www.legislapp.com.br\/index.php\/wp-json\/wp\/v2\/pages\/7114\/revisions"}],"wp:attachment":[{"href":"https:\/\/www.legislapp.com.br\/index.php\/wp-json\/wp\/v2\/media?parent=7114"}],"curies":[{"name":"wp","href":"https:\/\/api.w.org\/{rel}","templated":true}]}}