{"id":7117,"date":"2025-09-17T13:13:17","date_gmt":"2025-09-17T16:13:17","guid":{"rendered":"https:\/\/www.legislapp.com.br\/index.php\/cam-legislativa-de-mg-pl-3994-2025\/"},"modified":"2025-09-17T13:13:17","modified_gmt":"2025-09-17T16:13:17","slug":"cam-legislativa-de-mg-pl-3994-2025","status":"publish","type":"page","link":"https:\/\/www.legislapp.com.br\/index.php\/cam-legislativa-de-mg-pl-3994-2025\/","title":{"rendered":"PL 3994\/2025 &#8211; Deputados"},"content":{"rendered":"<h1 style='text-align: center;'>C\u00e2m. Legislativa de MG &#8211; Autoria de Deputados<\/h3>\n<p><\/p>\n<article style='text-align: center'>Institui a pol\u00edtica estadual de preven\u00e7\u00e3o \u00e0s les\u00f5es por esfor\u00e7os<br \/>\nrepetitivos ou dist\u00farbios osteomusculares relacionados ao trabalho.<\/article>\n<p><\/p>\n<p style='text-align: center'><a href='https:\/\/app.legislapp.com.br\/#\/busca?termo='><\/a><\/p>\n<p><\/p>\n<article>Institui a Pol\u00edtica Estadual de Preven\u00e7\u00e3o \u00e0s Les\u00f5es por Esfor\u00e7os Repetitivos \u2013 LER \u2013 ou Dist\u00farbios Osteomusculares Relacionados ao Trabalho \u2013 Dort.<br \/>\nA Assembleia Legislativa do Estado de Minas Gerais decreta:<br \/>\nArt. 1\u00ba \u2013 Fica institu\u00edda a Pol\u00edtica Estadual de Preven\u00e7\u00e3o \u00e0s Les\u00f5es por Esfor\u00e7os Repetitivos \u2013 LER \u2013 ou Dist\u00farbios Osteomusculares Relacionados ao Trabalho \u2013 Dort \u2013, para estimular a promo\u00e7\u00e3o da sa\u00fade dos trabalhadores expostos aos fatores de risco existentes no ambiente de trabalho.<br \/>\n\u00a7 1\u00ba \u2013 Para efeitos desta Lei, consideram-se Les\u00e3o por Esfor\u00e7os Repetitivos \u2013 LER \u2013 ou Dist\u00farbio Osteomuscular Relacionado ao Trabalho \u2013 Dort \u2013 a s\u00edndrome caracterizada pela ocorr\u00eancia de v\u00e1rios sintomas concomitantes ou n\u00e3o, decorrentes das atividades desenvolvidas pelo trabalhador nos processos produtivos, bem assim, da sua cont\u00ednua exposi\u00e7\u00e3o aos fatores de risco existentes no meio ambiente do trabalho.<br \/>\n\u00a7 2\u00ba \u2013 O desenvolvimento das LER\/Dort \u00e9 multicausal, sendo importante a an\u00e1lise dos fatores de risco de incid\u00eancia direta ou indireta, dentre eles, se observa:<br \/>\nI \u2013 a regi\u00e3o anat\u00f4mica exposta aos fatores de risco;<br \/>\nII \u2013 a intensidade dos fatores de risco;<br \/>\nIII \u2013 o tempo de exposi\u00e7\u00e3o aos fatores de risco;<br \/>\nIV \u2013 a organiza\u00e7\u00e3o do trabalho, as tarefas repetitivas e mon\u00f3tonas, a obriga\u00e7\u00e3o de manter ritmo acelerado de trabalho, o excesso de horas trabalhadas e a aus\u00eancia de pausas;<br \/>\nV \u2013 o ambiente de trabalho, os mobili\u00e1rios e equipamentos que obrigam a ado\u00e7\u00e3o de posturas incorretas durante a jornada;<br \/>\nVI \u2013 as condi\u00e7\u00f5es ambientais de trabalho impr\u00f3prias, de m\u00e1 ilumina\u00e7\u00e3o, temperatura inadequada, ru\u00eddos e vibra\u00e7\u00f5es;<br \/>\nVII \u2013 o estresse no ambiente de trabalho, decorrente de condi\u00e7\u00f5es inadequadas para o desenvolvimento das atividades de produ\u00e7\u00e3o;<br \/>\nVIII \u2013 o estresse no ambiente de trabalho, decorrente de condi\u00e7\u00f5es inadequadas para o desenvolvimento das atividades de produ\u00e7\u00e3o;<br \/>\nIX \u2013 as posturas inadequadas;<br \/>\nX \u2013 as cargas osteomusculares din\u00e2micas e est\u00e1ticas;<br \/>\nXI \u2013  Quaisquer outros fatores de risco identific\u00e1veis.<br \/>\nArt. 2\u00ba \u2013 A Pol\u00edtica de que trata esta Lei tem como objetivos:<br \/>\nI \u2013 levantar quais as atividades desenvolvidas no Estado de Minas Gerais, por entidades p\u00fablicas e privadas, com indica\u00e7\u00e3o dos fatores de riscos ocupacionais que possam gerar ao trabalhador as LER\/Dort;<br \/>\nII \u2013 capacitar pessoas para a realiza\u00e7\u00e3o das a\u00e7\u00f5es relacionadas \u00e0 preven\u00e7\u00e3o e gerenciamento dos fatores de risco das LER\/Dort;<br \/>\nIII \u2013 promover a\u00e7\u00f5es e campanhas de divulga\u00e7\u00e3o sobre as medidas dispon\u00edveis para preven\u00e7\u00e3o das LER\/Dort;<br \/>\nIV \u2013 fiscalizar o cumprimento das normas j\u00e1 existentes relativas \u00e0s condi\u00e7\u00f5es de trabalho e \u00e0 sa\u00fade do trabalhador, visando prevenir o desenvolvimento das LER\/Dort.<br \/>\nPar\u00e1grafo \u00fanico \u2013 Os procedimentos de an\u00e1lise e conduta com rela\u00e7\u00e3o \u00e0 organiza\u00e7\u00e3o do trabalho, mobili\u00e1rios e equipamentos, ter\u00e3o como refer\u00eancia as normas t\u00e9cnicas regulamentadoras no Brasil e aquelas adotadas por entidades de refer\u00eancia internacional, bem como as existentes nas leis que disp\u00f5em sobre o tema.<br \/>\nArt. 3\u00ba \u2013 O descumprimento do disposto nesta Lei sujeitar\u00e1 o infrator \u00e0s penalidades previstas no respectivo estatuto ou regulamento.<br \/>\nI \u2013 quando se tratar de estabelecimento sob a responsabilidade de \u00f3rg\u00e3o ou entidade p\u00fablica, o seu respons\u00e1vel estar\u00e1 sujeito \u00e0s penalidades previstas no respectivo estatuto ou regulamento;<br \/>\nII \u2013 quando se tratar de estabelecimento privado, o respons\u00e1vel pelo estabelecimento estar\u00e1 sujeito \u00e0 multa pecuni\u00e1ria de 5 (cinco) a 10 (dez) Unidades Fiscais de Minas Gerais \u2013 Ufemg \u2013, proporcional \u00e0 gravidade da infra\u00e7\u00e3o.<br \/>\nPar\u00e1grafo \u00fanico \u2013 Em caso de reincid\u00eancia espec\u00edfica, a multa pecuni\u00e1ria de que trata o inciso II deste artigo ser\u00e1 aplicada em dobro.<br \/>\nArt. 4\u00ba \u2013 Fica institu\u00edda a notifica\u00e7\u00e3o obrigat\u00f3ria ao \u00f3rg\u00e3o de sa\u00fade competente, nos casos de Les\u00f5es por Esfor\u00e7os Repetitivos ou Dist\u00farbios Osteomusculares Relacionados ao Trabalho, diagnosticados por m\u00e9dicos do Trabalho vinculados \u00e0s empresas ou aos servi\u00e7os privados de sa\u00fade.<br \/>\nArt. 5\u00ba \u2013 Esta lei entra em vigor na data de sua publica\u00e7\u00e3o.<br \/>\nSala das Reuni\u00f5es, 25 de junho de 2025.<br \/>\nDr. Maur\u00edcio (Novo), vice-presidente da Comiss\u00e3o de Agropecu\u00e1ria e Agroind\u00fastria e vice-l\u00edder do Bloco Minas em Frente.<br \/>\nJustifica\u00e7\u00e3o: As Les\u00f5es por Esfor\u00e7os Repetitivos \u2013 LER \u2013 ou Dist\u00farbios Osteomusculares Relacionados ao Trabalho \u2013 Dort \u2013, representam um dos principais problemas de sa\u00fade que acometem trabalhadores nas \u00faltimas d\u00e9cadas.<br \/>\n\u00c9 um grave problema de sa\u00fade p\u00fablica, principalmente em um Estado com baixo \u00edndice de desemprego como Minas Gerais. Alguns estudos confirmam que, no Brasil, os Dort ocupam o primeiro lugar entre as doen\u00e7as ocupacionais, seguindo uma tend\u00eancia mundial de aumento na incid\u00eancia desses dist\u00farbios.<br \/>\nEsses dist\u00farbios afetam trabalhadores de qualquer idade, a maioria numa faixa economicamente ativa, muitos pacientes s\u00e3o acometidos antes dos 40 anos. Essa condi\u00e7\u00e3o \u00e9 fator de preocupa\u00e7\u00e3o, pois, al\u00e9m de causar incapacidade precocemente, gera altos custos para institui\u00e7\u00f5es de sa\u00fade e governamentais.<br \/>\n\u00c9 nesse contexto que apresentamos o Projeto de Lei em tela, visando \u00e0 institui\u00e7\u00e3o de uma Pol\u00edtica P\u00fablica espec\u00edfica voltada \u00e0 preven\u00e7\u00e3o das LER\/Dort. \u00c9 importante direcionar a\u00e7\u00f5es de preven\u00e7\u00e3o, promo\u00e7\u00e3o, recupera\u00e7\u00e3o e reabilita\u00e7\u00e3o da sa\u00fade, visando minimizar a exposi\u00e7\u00e3o dos trabalhadores aos riscos e a ocorr\u00eancias de novos casos, al\u00e9m de proporcionar um poss\u00edvel retorno \u00e0s atividades laborais \u00e0queles acometidos pela doen\u00e7a.<br \/>\nConforme o exposto, entendemos como de fundamental import\u00e2ncia, submetemos aos nobres pares a presente proposta, a qual solicitamos o devido apoio para sua an\u00e1lise e aprova\u00e7\u00e3o.<br \/>\n\u2013 Publicado, vai o projeto \u00e0s Comiss\u00f5es de Justi\u00e7a, do Trabalho, de Desenvolvimento Econ\u00f4mico e de Fiscaliza\u00e7\u00e3o Financeira para parecer, nos termos do art. 188, c\/c o art. 102, do Regimento Interno.<\/article>\n<div style=\"text-align: center\">\n<div style=\"margin-bottom: 20px;\" class=\"et_pb_button_module_wrapper et_pb_button_5_tb_body_wrapper et_pb_button_alignment_center et_pb_module \">\n         <a class=\"et_pb_button et_pb_button_5_tb_body et_hover_enabled et_pb_bg_layout_dark\" style=\"width: 50%;background-color: black;\" href=\"https:\/\/app.legislapp.com.br\" target=\"_blank\" rel=\"noopener\">Visualizar completo na nossa plataforma (30 dias gr\u00e1tis)<\/a><\/p><\/div>\n<p>      <a href=\"https:\/\/play.google.com\/store\/apps\/details?id=br.com.legislapp\"><img decoding=\"async\" style=\"width: 15%; min-width: 130px;\" src=\"https:\/\/www.legislapp.com.br\/wp-content\/uploads\/google-play.png\"><\/a><br \/>\n      <a href=\"https:\/\/apps.apple.com\/us\/app\/legislapp\/id1568929859\"><img decoding=\"async\" style=\"width: 15%; min-width: 130px\" src=\"https:\/\/www.legislapp.com.br\/wp-content\/uploads\/apple-store.png\"><\/a>\n   <\/div>\n","protected":false},"excerpt":{"rendered":"<p>C\u00e2m. Legislativa de MG &#8211; Autoria de Deputados Institui a pol\u00edtica estadual de preven\u00e7\u00e3o \u00e0s les\u00f5es por esfor\u00e7os repetitivos ou dist\u00farbios osteomusculares relacionados ao trabalho. Institui a Pol\u00edtica Estadual de Preven\u00e7\u00e3o \u00e0s Les\u00f5es por Esfor\u00e7os Repetitivos \u2013 LER \u2013 ou Dist\u00farbios Osteomusculares Relacionados ao Trabalho \u2013 Dort. A Assembleia Legislativa do Estado de Minas Gerais [&hellip;]<\/p>\n","protected":false},"author":1,"featured_media":0,"parent":0,"menu_order":0,"comment_status":"closed","ping_status":"closed","template":"page-template-blank.php","meta":{"_et_pb_use_builder":"","_et_pb_old_content":"","_et_gb_content_width":"1080","ngg_post_thumbnail":0,"footnotes":""},"class_list":["post-7117","page","type-page","status-publish","hentry"],"yoast_head":"<!-- This site is optimized with the Yoast SEO plugin v24.4 - https:\/\/yoast.com\/wordpress\/plugins\/seo\/ -->\n<title>PL 3994\/2025 - Deputados - Legislapp<\/title>\n<meta name=\"robots\" content=\"index, follow, max-snippet:-1, max-image-preview:large, max-video-preview:-1\" \/>\n<link rel=\"canonical\" href=\"https:\/\/www.legislapp.com.br\/index.php\/cam-legislativa-de-mg-pl-3994-2025\/\" \/>\n<meta property=\"og:locale\" content=\"pt_BR\" \/>\n<meta property=\"og:type\" content=\"article\" \/>\n<meta property=\"og:title\" content=\"PL 3994\/2025 - Deputados - Legislapp\" \/>\n<meta property=\"og:description\" content=\"C\u00e2m. Legislativa de MG &#8211; Autoria de Deputados Institui a pol\u00edtica estadual de preven\u00e7\u00e3o \u00e0s les\u00f5es por esfor\u00e7os repetitivos ou dist\u00farbios osteomusculares relacionados ao trabalho. Institui a Pol\u00edtica Estadual de Preven\u00e7\u00e3o \u00e0s Les\u00f5es por Esfor\u00e7os Repetitivos \u2013 LER \u2013 ou Dist\u00farbios Osteomusculares Relacionados ao Trabalho \u2013 Dort. A Assembleia Legislativa do Estado de Minas Gerais [&hellip;]\" \/>\n<meta property=\"og:url\" content=\"https:\/\/www.legislapp.com.br\/index.php\/cam-legislativa-de-mg-pl-3994-2025\/\" \/>\n<meta property=\"og:site_name\" content=\"Legislapp\" \/>\n<meta property=\"article:publisher\" content=\"https:\/\/www.instagram.com\/legislapp\/\" \/>\n<meta property=\"og:image\" content=\"https:\/\/www.legislapp.com.br\/wp-content\/uploads\/google-play.png\" \/>\n<meta name=\"twitter:card\" content=\"summary_large_image\" \/>\n<meta name=\"twitter:label1\" content=\"Est. tempo de leitura\" \/>\n\t<meta name=\"twitter:data1\" content=\"5 minutos\" \/>\n<script type=\"application\/ld+json\" class=\"yoast-schema-graph\">{\"@context\":\"https:\/\/schema.org\",\"@graph\":[{\"@type\":\"WebPage\",\"@id\":\"https:\/\/www.legislapp.com.br\/index.php\/cam-legislativa-de-mg-pl-3994-2025\/\",\"url\":\"https:\/\/www.legislapp.com.br\/index.php\/cam-legislativa-de-mg-pl-3994-2025\/\",\"name\":\"PL 3994\/2025 - Deputados - Legislapp\",\"isPartOf\":{\"@id\":\"https:\/\/www.legislapp.com.br\/#website\"},\"primaryImageOfPage\":{\"@id\":\"https:\/\/www.legislapp.com.br\/index.php\/cam-legislativa-de-mg-pl-3994-2025\/#primaryimage\"},\"image\":{\"@id\":\"https:\/\/www.legislapp.com.br\/index.php\/cam-legislativa-de-mg-pl-3994-2025\/#primaryimage\"},\"thumbnailUrl\":\"https:\/\/www.legislapp.com.br\/wp-content\/uploads\/google-play.png\",\"datePublished\":\"2025-09-17T16:13:17+00:00\",\"breadcrumb\":{\"@id\":\"https:\/\/www.legislapp.com.br\/index.php\/cam-legislativa-de-mg-pl-3994-2025\/#breadcrumb\"},\"inLanguage\":\"pt-BR\",\"potentialAction\":[{\"@type\":\"ReadAction\",\"target\":[\"https:\/\/www.legislapp.com.br\/index.php\/cam-legislativa-de-mg-pl-3994-2025\/\"]}]},{\"@type\":\"ImageObject\",\"inLanguage\":\"pt-BR\",\"@id\":\"https:\/\/www.legislapp.com.br\/index.php\/cam-legislativa-de-mg-pl-3994-2025\/#primaryimage\",\"url\":\"https:\/\/www.legislapp.com.br\/wp-content\/uploads\/google-play.png\",\"contentUrl\":\"https:\/\/www.legislapp.com.br\/wp-content\/uploads\/google-play.png\",\"width\":564,\"height\":168},{\"@type\":\"BreadcrumbList\",\"@id\":\"https:\/\/www.legislapp.com.br\/index.php\/cam-legislativa-de-mg-pl-3994-2025\/#breadcrumb\",\"itemListElement\":[{\"@type\":\"ListItem\",\"position\":1,\"name\":\"In\u00edcio\",\"item\":\"https:\/\/www.legislapp.com.br\/\"},{\"@type\":\"ListItem\",\"position\":2,\"name\":\"PL 3994\/2025 &#8211; Deputados\"}]},{\"@type\":\"WebSite\",\"@id\":\"https:\/\/www.legislapp.com.br\/#website\",\"url\":\"https:\/\/www.legislapp.com.br\/\",\"name\":\"Legislapp\",\"description\":\"Intelig\u00eancia governamental em tempo real\",\"publisher\":{\"@id\":\"https:\/\/www.legislapp.com.br\/#organization\"},\"potentialAction\":[{\"@type\":\"SearchAction\",\"target\":{\"@type\":\"EntryPoint\",\"urlTemplate\":\"https:\/\/www.legislapp.com.br\/?s={search_term_string}\"},\"query-input\":{\"@type\":\"PropertyValueSpecification\",\"valueRequired\":true,\"valueName\":\"search_term_string\"}}],\"inLanguage\":\"pt-BR\"},{\"@type\":\"Organization\",\"@id\":\"https:\/\/www.legislapp.com.br\/#organization\",\"name\":\"Legislapp Monitoramento e Intelig\u00eancia Governamental\",\"url\":\"https:\/\/www.legislapp.com.br\/\",\"logo\":{\"@type\":\"ImageObject\",\"inLanguage\":\"pt-BR\",\"@id\":\"https:\/\/www.legislapp.com.br\/#\/schema\/logo\/image\/\",\"url\":\"https:\/\/www.legislapp.com.br\/wp-content\/uploads\/icon.png\",\"contentUrl\":\"https:\/\/www.legislapp.com.br\/wp-content\/uploads\/icon.png\",\"width\":1024,\"height\":1024,\"caption\":\"Legislapp Monitoramento e Intelig\u00eancia Governamental\"},\"image\":{\"@id\":\"https:\/\/www.legislapp.com.br\/#\/schema\/logo\/image\/\"},\"sameAs\":[\"https:\/\/www.instagram.com\/legislapp\/\"]}]}<\/script>\n<!-- \/ Yoast SEO plugin. -->","yoast_head_json":{"title":"PL 3994\/2025 - Deputados - Legislapp","robots":{"index":"index","follow":"follow","max-snippet":"max-snippet:-1","max-image-preview":"max-image-preview:large","max-video-preview":"max-video-preview:-1"},"canonical":"https:\/\/www.legislapp.com.br\/index.php\/cam-legislativa-de-mg-pl-3994-2025\/","og_locale":"pt_BR","og_type":"article","og_title":"PL 3994\/2025 - Deputados - Legislapp","og_description":"C\u00e2m. Legislativa de MG &#8211; Autoria de Deputados Institui a pol\u00edtica estadual de preven\u00e7\u00e3o \u00e0s les\u00f5es por esfor\u00e7os repetitivos ou dist\u00farbios osteomusculares relacionados ao trabalho. Institui a Pol\u00edtica Estadual de Preven\u00e7\u00e3o \u00e0s Les\u00f5es por Esfor\u00e7os Repetitivos \u2013 LER \u2013 ou Dist\u00farbios Osteomusculares Relacionados ao Trabalho \u2013 Dort. A Assembleia Legislativa do Estado de Minas Gerais [&hellip;]","og_url":"https:\/\/www.legislapp.com.br\/index.php\/cam-legislativa-de-mg-pl-3994-2025\/","og_site_name":"Legislapp","article_publisher":"https:\/\/www.instagram.com\/legislapp\/","og_image":[{"url":"https:\/\/www.legislapp.com.br\/wp-content\/uploads\/google-play.png","type":"","width":"","height":""}],"twitter_card":"summary_large_image","twitter_misc":{"Est. tempo de leitura":"5 minutos"},"schema":{"@context":"https:\/\/schema.org","@graph":[{"@type":"WebPage","@id":"https:\/\/www.legislapp.com.br\/index.php\/cam-legislativa-de-mg-pl-3994-2025\/","url":"https:\/\/www.legislapp.com.br\/index.php\/cam-legislativa-de-mg-pl-3994-2025\/","name":"PL 3994\/2025 - Deputados - Legislapp","isPartOf":{"@id":"https:\/\/www.legislapp.com.br\/#website"},"primaryImageOfPage":{"@id":"https:\/\/www.legislapp.com.br\/index.php\/cam-legislativa-de-mg-pl-3994-2025\/#primaryimage"},"image":{"@id":"https:\/\/www.legislapp.com.br\/index.php\/cam-legislativa-de-mg-pl-3994-2025\/#primaryimage"},"thumbnailUrl":"https:\/\/www.legislapp.com.br\/wp-content\/uploads\/google-play.png","datePublished":"2025-09-17T16:13:17+00:00","breadcrumb":{"@id":"https:\/\/www.legislapp.com.br\/index.php\/cam-legislativa-de-mg-pl-3994-2025\/#breadcrumb"},"inLanguage":"pt-BR","potentialAction":[{"@type":"ReadAction","target":["https:\/\/www.legislapp.com.br\/index.php\/cam-legislativa-de-mg-pl-3994-2025\/"]}]},{"@type":"ImageObject","inLanguage":"pt-BR","@id":"https:\/\/www.legislapp.com.br\/index.php\/cam-legislativa-de-mg-pl-3994-2025\/#primaryimage","url":"https:\/\/www.legislapp.com.br\/wp-content\/uploads\/google-play.png","contentUrl":"https:\/\/www.legislapp.com.br\/wp-content\/uploads\/google-play.png","width":564,"height":168},{"@type":"BreadcrumbList","@id":"https:\/\/www.legislapp.com.br\/index.php\/cam-legislativa-de-mg-pl-3994-2025\/#breadcrumb","itemListElement":[{"@type":"ListItem","position":1,"name":"In\u00edcio","item":"https:\/\/www.legislapp.com.br\/"},{"@type":"ListItem","position":2,"name":"PL 3994\/2025 &#8211; Deputados"}]},{"@type":"WebSite","@id":"https:\/\/www.legislapp.com.br\/#website","url":"https:\/\/www.legislapp.com.br\/","name":"Legislapp","description":"Intelig\u00eancia governamental em tempo real","publisher":{"@id":"https:\/\/www.legislapp.com.br\/#organization"},"potentialAction":[{"@type":"SearchAction","target":{"@type":"EntryPoint","urlTemplate":"https:\/\/www.legislapp.com.br\/?s={search_term_string}"},"query-input":{"@type":"PropertyValueSpecification","valueRequired":true,"valueName":"search_term_string"}}],"inLanguage":"pt-BR"},{"@type":"Organization","@id":"https:\/\/www.legislapp.com.br\/#organization","name":"Legislapp Monitoramento e Intelig\u00eancia Governamental","url":"https:\/\/www.legislapp.com.br\/","logo":{"@type":"ImageObject","inLanguage":"pt-BR","@id":"https:\/\/www.legislapp.com.br\/#\/schema\/logo\/image\/","url":"https:\/\/www.legislapp.com.br\/wp-content\/uploads\/icon.png","contentUrl":"https:\/\/www.legislapp.com.br\/wp-content\/uploads\/icon.png","width":1024,"height":1024,"caption":"Legislapp Monitoramento e Intelig\u00eancia Governamental"},"image":{"@id":"https:\/\/www.legislapp.com.br\/#\/schema\/logo\/image\/"},"sameAs":["https:\/\/www.instagram.com\/legislapp\/"]}]}},"_links":{"self":[{"href":"https:\/\/www.legislapp.com.br\/index.php\/wp-json\/wp\/v2\/pages\/7117","targetHints":{"allow":["GET"]}}],"collection":[{"href":"https:\/\/www.legislapp.com.br\/index.php\/wp-json\/wp\/v2\/pages"}],"about":[{"href":"https:\/\/www.legislapp.com.br\/index.php\/wp-json\/wp\/v2\/types\/page"}],"author":[{"embeddable":true,"href":"https:\/\/www.legislapp.com.br\/index.php\/wp-json\/wp\/v2\/users\/1"}],"replies":[{"embeddable":true,"href":"https:\/\/www.legislapp.com.br\/index.php\/wp-json\/wp\/v2\/comments?post=7117"}],"version-history":[{"count":0,"href":"https:\/\/www.legislapp.com.br\/index.php\/wp-json\/wp\/v2\/pages\/7117\/revisions"}],"wp:attachment":[{"href":"https:\/\/www.legislapp.com.br\/index.php\/wp-json\/wp\/v2\/media?parent=7117"}],"curies":[{"name":"wp","href":"https:\/\/api.w.org\/{rel}","templated":true}]}}