{"id":7159,"date":"2025-09-17T13:15:39","date_gmt":"2025-09-17T16:15:39","guid":{"rendered":"https:\/\/www.legislapp.com.br\/index.php\/cam-legislativa-de-sc-pl-0494-2025\/"},"modified":"2025-09-17T13:15:39","modified_gmt":"2025-09-17T16:15:39","slug":"cam-legislativa-de-sc-pl-0494-2025","status":"publish","type":"page","link":"https:\/\/www.legislapp.com.br\/index.php\/cam-legislativa-de-sc-pl-0494-2025\/","title":{"rendered":"PL.\/0494\/2025 &#8211; Julio Garcia"},"content":{"rendered":"<h1 style='text-align: center;'>C\u00e2m. Legislativa de SC &#8211; Autoria de Julio Garcia<\/h3>\n<p><\/p>\n<article style='text-align: center'>Estabelece regras para instala\u00e7\u00e3o, funcionamento e fiscaliza\u00e7\u00e3o dos Residenciais Terap\u00eauticos Privados no Estado de Santa Catarina e adota outras provid\u00eancias.<\/article>\n<p><\/p>\n<p style='text-align: center'><a href='https:\/\/app.legislapp.com.br\/#\/busca?termo='><\/a><\/p>\n<p><\/p>\n<article>ASSEMBLEIA LEGISLATIVA GABINETE DEPUTADO<br \/>\nESTADO DE SANTA CATARINA JULIO GARCIA<br \/>\n                                           PROJETO DE LEI<\/p>\n<p>Estabelece regras para instala\u00e7\u00e3o, funcionamento e<br \/>\nfiscaliza\u00e7\u00e3o dos Residenciais Terap\u00eauticos Privados no<br \/>\nEstado de Santa Catarina e adota outras provid\u00eancias. <\/p>\n<p>Art. 1\u00ba Esta Lei estabelece as regras para a instala\u00e7\u00e3o, o funcionamento e a<br \/>\nfiscaliza\u00e7\u00e3o dos Residenciais Terap\u00eauticos Privados no Estado de Santa Catarina,<br \/>\ndestinados \u00e0 moradia de pessoas com transtornos mentais, em conformidade com a<br \/>\nLei federal n\u00ba 10.216, de 6 de abril de 2001, e a legisla\u00e7\u00e3o vigente.<\/p>\n<p>Art. 2\u00ba Para os efeitos desta Lei, considera-se Residencial Terap\u00eautico Privado o<br \/>\nespa\u00e7o de moradia inserido na comunidade, destinado a acolher pessoas com<br \/>\ntranstornos mentais, a partir de 18 (dezoito) anos de idade, visando \u00e0 reabilita\u00e7\u00e3o<br \/>\npsicossocial e \u00e0 promo\u00e7\u00e3o da autonomia.<\/p>\n<p>Art. 3\u00ba Os Residenciais Terap\u00eauticos Privados devem: <\/p>\n<p>I \u2013 estar localizados em \u00e1reas urbanas e inseridos na comunidade local;<\/p>\n<p>II \u2013 possuir unidades com capacidade m\u00e1xima de 8 (oito) moradores;<\/p>\n<p>III \u2013 disponibilizar estrutura f\u00edsica adequada, incluindo dormit\u00f3rios, banheiros, cozinha,<br \/>\n\u00e1rea de conviv\u00eancia e acessibilidade; <\/p>\n<p>IV \u2013 elaborar e implementar Projeto Terap\u00eautico Institucional, com foco na reabilita\u00e7\u00e3o<br \/>\npsicossocial dos residentes;<\/p>\n<p>V \u2013 manter equipe t\u00e9cnica m\u00ednima composta por 01 (um) profissional com forma\u00e7\u00e3o em<br \/>\nn\u00edvel superior e 02 (dois) profissionais com forma\u00e7\u00e3o em n\u00edvel m\u00e9dio na \u00e1rea de sa\u00fade<br \/>\nmental; <\/p>\n<p>VI \u2013 estar vinculado \u00e0 unidade do Centro de Aten\u00e7\u00e3o Psicossocial ou servi\u00e7o<br \/>\nequivalente, que ser\u00e1 respons\u00e1vel pela supervis\u00e3o t\u00e9cnica; e<\/p>\n<p>VII \u2013 celebrar contrato formal de presta\u00e7\u00e3o de servi\u00e7o com o morador ou seu<br \/>\nrespons\u00e1vel legal, especificando o tipo de servi\u00e7o prestado e os direitos e deveres de<br \/>\nambas as partes.<\/p>\n<p>Art. 4\u00ba A instala\u00e7\u00e3o e o funcionamento dos Residenciais Terap\u00eauticos Privados<br \/>\ncondiciona-se a:<\/p>\n<p>I \u2013 licenciamento sanit\u00e1rio emitido pela Vigil\u00e2ncia Sanit\u00e1ria competente;<\/p>\n<p>II \u2013 alvar\u00e1 de funcionamento expedido pela autoridade municipal; e<\/p>\n<p>III \u2013 cadastro no Sistema de Cadastro Nacional de Estabelecimentos de Sa\u00fade.<\/p>\n<p>Art. 5\u00ba A fiscaliza\u00e7\u00e3o dos Residenciais Terap\u00eauticos Privados ser\u00e1 realizada pela<br \/>\nSecretaria de Estado da Sa\u00fade, em conjunto com os \u00f3rg\u00e3os municipais competentes,<br \/>\nobservando-se:<br \/>\n I \u2013 as condi\u00e7\u00f5es sanit\u00e1rias e de seguran\u00e7a;<\/p>\n<p>II \u2013 a adequa\u00e7\u00e3o e a implementa\u00e7\u00e3o do Projeto Terap\u00eautico Institucional;<\/p>\n<p>III \u2013 a qualifica\u00e7\u00e3o da equipe t\u00e9cnica;<\/p>\n<p>IV \u2013 o acompanhamento terap\u00eautico dos moradores; e<\/p>\n<p>V \u2013 o respeito aos direitos dos moradores previstos no art. 2\u00ba da Lei federal n\u00ba 10.216,<br \/>\nde 2001.<\/p>\n<p>Art. 6\u00ba O descumprimento das disposi\u00e7\u00f5es desta Lei sujeitar\u00e1 o respons\u00e1vel pelo<br \/>\nResidencial Terap\u00eautico Privado \u00e0s seguintes penalidades, cumuladas \u00e0s demais<br \/>\nsan\u00e7\u00f5es previstas na legisla\u00e7\u00e3o vigente: <\/p>\n<p>I \u2013 advert\u00eancia;<\/p>\n<p>II \u2013 multa um (01) a cinco sal\u00e1rios m\u00ednimos, dependendo da gravidade da a\u00e7\u00e3o ou<br \/>\nomiss\u00e3o; e<\/p>\n<p>III \u2013 suspens\u00e3o ou cassa\u00e7\u00e3o do alvar\u00e1 de funcionamento.<\/p>\n<p>Art. 7\u00ba Esta Lei entra em vigor na data de sua publica\u00e7\u00e3o.<\/p>\n<p>Sala das Sess\u00f5es, <\/p>\n<p>Deputado Julio Garcia   <\/p>\n<p>J US T I F I CA\u00c7\u00c3O<\/p>\n<p>A presente proposi\u00e7\u00e3o legislativa visa regulamentar a instala\u00e7\u00e3o, o funcionamento e a<br \/>\nfiscaliza\u00e7\u00e3o dos Residenciais Terap\u00eauticos Privados no Estado de Santa Catarina,<br \/>\ndestinados \u00e0 moradia de pessoas com transtornos mentais, em conformidade com a<br \/>\nLei federal n\u00ba 10.216, de 2001, e demais normas correlatas.<\/p>\n<p>Considera-se Residencial Terap\u00eautico Privado o espa\u00e7o de moradia inserido na<br \/>\ncomunidade, destinado ao acolhimento de pessoas com transtornos mentais que n\u00e3o<br \/>\ndisp\u00f5em de suporte familiar ou social, com o objetivo de promover a reabilita\u00e7\u00e3o<br \/>\npsicossocial e a conquista da autonomia.<\/p>\n<p>Trata-se de modelo de cuidado em sa\u00fade mental que busca equilibrar acolhimento,<br \/>\nautonomia e dignidade. Esses espa\u00e7os surgem como uma alternativa \u00e0<br \/>\ninstitucionaliza\u00e7\u00e3o prolongada e buscam romper com pr\u00e1ticas manicomiais,<br \/>\npromovendo uma vida em comunidade para pessoas com transtornos mentais que<br \/>\nperderam seus v\u00ednculos familiares ou sociais.<\/p>\n<p>A finalidade central desses locais \u00e9 ajudar o indiv\u00edduo a reconstruir sua vida, retomando<br \/>\nsua hist\u00f3ria e independ\u00eancia. Esse rein\u00edcio exige mais do que uma moradia, mas<br \/>\ntamb\u00e9m acesso \u00e0 sa\u00fade, educa\u00e7\u00e3o, cultura, trabalho, lazer e conviv\u00eancia comunit\u00e1ria.<\/p>\n<p>Nesse sentido, faz-se necess\u00e1rio que os residenciais terap\u00eauticos atendam a normas<br \/>\nespec\u00edficas de sa\u00fade, assist\u00eancia social e direitos humanos. Para al\u00e9m disso, a<br \/>\nfiscaliza\u00e7\u00e3o \u00e9 essencial para que n\u00e3o ocorram pr\u00e1ticas de neglig\u00eancia, abandono ou<br \/>\nviola\u00e7\u00f5es de direitos \u2014 algo infelizmente comum em institui\u00e7\u00f5es de longa perman\u00eancia.<\/p>\n<p>A regulamenta\u00e7\u00e3o dos Residenciais Terap\u00eauticos Privados \u00e9 fundamental para garantir<br \/>\nque esses servi\u00e7os operem de maneira \u00e9tica, segura e alinhada aos princ\u00edpios da<br \/>\naten\u00e7\u00e3o psicossocial, vez que, na aus\u00eancia de uma normatiza\u00e7\u00e3o clara, os moradores<br \/>\nficam vulner\u00e1veis a pr\u00e1ticas de neglig\u00eancia, abandono ou mesmo a viola\u00e7\u00f5es de seus<br \/>\ndireitos b\u00e1sicos. <\/p>\n<p>Al\u00e9m disso, \u00e9 necess\u00e1rio estabelecer crit\u00e9rios espec\u00edficos para a estrutura f\u00edsica, a<br \/>\ncapacidade m\u00e1xima de moradores, o perfil e a qualifica\u00e7\u00e3o das equipes profissionais, o<br \/>\ndesenvolvimento do plano terap\u00eautico e os protocolos de cuidados relativos \u00e0s pessoas<br \/>\ncom transtornos mentais. Esses par\u00e2metros s\u00e3o essenciais para que os residenciais<br \/>\nterap\u00eauticos desempenhem sua fun\u00e7\u00e3o social com qualidade, responsabilidade e<br \/>\nseguran\u00e7a, prevenindo atua\u00e7\u00f5es que possam comprometer a sa\u00fade e a dignidade dos<br \/>\nresidentes. <\/p>\n<p>Assim, solicito o apoio dos demais Parlamentares desta Casa Legislativa para a<br \/>\naprova\u00e7\u00e3o deste importante Projeto de Lei, que tem potencial significativo para<br \/>\ncontribuir com o bem-estar da sociedade.   <\/p>\n<p>Sala de Sess\u00f5es,<\/p>\n<p>Deputado Julio Garcia<br \/>\nELEGIS<br \/>\nDocumento assinado eletronicamente por Julio C\u00e9sar Garcia,<br \/>\nSistema de Processo<br \/>\nem 15\/07\/2025, \u00e0s 16:41.<br \/>\nLegislativo Eletr\u00f4nico<\/article>\n<div style=\"text-align: center\">\n<div style=\"margin-bottom: 20px;\" class=\"et_pb_button_module_wrapper et_pb_button_5_tb_body_wrapper et_pb_button_alignment_center et_pb_module \">\n         <a class=\"et_pb_button et_pb_button_5_tb_body et_hover_enabled et_pb_bg_layout_dark\" style=\"width: 50%;background-color: black;\" href=\"https:\/\/app.legislapp.com.br\" target=\"_blank\" rel=\"noopener\">Visualizar completo na nossa plataforma (30 dias gr\u00e1tis)<\/a><\/p><\/div>\n<p>      <a href=\"https:\/\/play.google.com\/store\/apps\/details?id=br.com.legislapp\"><img decoding=\"async\" style=\"width: 15%; min-width: 130px;\" src=\"https:\/\/www.legislapp.com.br\/wp-content\/uploads\/google-play.png\"><\/a><br \/>\n      <a href=\"https:\/\/apps.apple.com\/us\/app\/legislapp\/id1568929859\"><img decoding=\"async\" style=\"width: 15%; min-width: 130px\" src=\"https:\/\/www.legislapp.com.br\/wp-content\/uploads\/apple-store.png\"><\/a>\n   <\/div>\n","protected":false},"excerpt":{"rendered":"<p>C\u00e2m. Legislativa de SC &#8211; Autoria de Julio Garcia Estabelece regras para instala\u00e7\u00e3o, funcionamento e fiscaliza\u00e7\u00e3o dos Residenciais Terap\u00eauticos Privados no Estado de Santa Catarina e adota outras provid\u00eancias. ASSEMBLEIA LEGISLATIVA GABINETE DEPUTADO ESTADO DE SANTA CATARINA JULIO GARCIA PROJETO DE LEI Estabelece regras para instala\u00e7\u00e3o, funcionamento e fiscaliza\u00e7\u00e3o dos Residenciais Terap\u00eauticos Privados no Estado [&hellip;]<\/p>\n","protected":false},"author":1,"featured_media":0,"parent":0,"menu_order":0,"comment_status":"closed","ping_status":"closed","template":"page-template-blank.php","meta":{"_et_pb_use_builder":"","_et_pb_old_content":"","_et_gb_content_width":"1080","ngg_post_thumbnail":0,"footnotes":""},"class_list":["post-7159","page","type-page","status-publish","hentry"],"yoast_head":"<!-- This site is optimized with the Yoast SEO plugin v24.4 - https:\/\/yoast.com\/wordpress\/plugins\/seo\/ -->\n<title>PL.\/0494\/2025 - Julio Garcia - Legislapp<\/title>\n<meta name=\"robots\" content=\"index, follow, max-snippet:-1, max-image-preview:large, max-video-preview:-1\" \/>\n<link rel=\"canonical\" href=\"https:\/\/www.legislapp.com.br\/index.php\/cam-legislativa-de-sc-pl-0494-2025\/\" \/>\n<meta property=\"og:locale\" content=\"pt_BR\" \/>\n<meta property=\"og:type\" content=\"article\" \/>\n<meta property=\"og:title\" content=\"PL.\/0494\/2025 - Julio Garcia - Legislapp\" \/>\n<meta property=\"og:description\" content=\"C\u00e2m. Legislativa de SC &#8211; Autoria de Julio Garcia Estabelece regras para instala\u00e7\u00e3o, funcionamento e fiscaliza\u00e7\u00e3o dos Residenciais Terap\u00eauticos Privados no Estado de Santa Catarina e adota outras provid\u00eancias. ASSEMBLEIA LEGISLATIVA GABINETE DEPUTADO ESTADO DE SANTA CATARINA JULIO GARCIA PROJETO DE LEI Estabelece regras para instala\u00e7\u00e3o, funcionamento e fiscaliza\u00e7\u00e3o dos Residenciais Terap\u00eauticos Privados no Estado [&hellip;]\" \/>\n<meta property=\"og:url\" content=\"https:\/\/www.legislapp.com.br\/index.php\/cam-legislativa-de-sc-pl-0494-2025\/\" \/>\n<meta property=\"og:site_name\" content=\"Legislapp\" \/>\n<meta property=\"article:publisher\" content=\"https:\/\/www.instagram.com\/legislapp\/\" \/>\n<meta property=\"og:image\" content=\"https:\/\/www.legislapp.com.br\/wp-content\/uploads\/google-play.png\" \/>\n<meta name=\"twitter:card\" content=\"summary_large_image\" \/>\n<meta name=\"twitter:label1\" content=\"Est. tempo de leitura\" \/>\n\t<meta name=\"twitter:data1\" content=\"5 minutos\" \/>\n<script type=\"application\/ld+json\" class=\"yoast-schema-graph\">{\"@context\":\"https:\/\/schema.org\",\"@graph\":[{\"@type\":\"WebPage\",\"@id\":\"https:\/\/www.legislapp.com.br\/index.php\/cam-legislativa-de-sc-pl-0494-2025\/\",\"url\":\"https:\/\/www.legislapp.com.br\/index.php\/cam-legislativa-de-sc-pl-0494-2025\/\",\"name\":\"PL.\/0494\/2025 - Julio Garcia - Legislapp\",\"isPartOf\":{\"@id\":\"https:\/\/www.legislapp.com.br\/#website\"},\"primaryImageOfPage\":{\"@id\":\"https:\/\/www.legislapp.com.br\/index.php\/cam-legislativa-de-sc-pl-0494-2025\/#primaryimage\"},\"image\":{\"@id\":\"https:\/\/www.legislapp.com.br\/index.php\/cam-legislativa-de-sc-pl-0494-2025\/#primaryimage\"},\"thumbnailUrl\":\"https:\/\/www.legislapp.com.br\/wp-content\/uploads\/google-play.png\",\"datePublished\":\"2025-09-17T16:15:39+00:00\",\"breadcrumb\":{\"@id\":\"https:\/\/www.legislapp.com.br\/index.php\/cam-legislativa-de-sc-pl-0494-2025\/#breadcrumb\"},\"inLanguage\":\"pt-BR\",\"potentialAction\":[{\"@type\":\"ReadAction\",\"target\":[\"https:\/\/www.legislapp.com.br\/index.php\/cam-legislativa-de-sc-pl-0494-2025\/\"]}]},{\"@type\":\"ImageObject\",\"inLanguage\":\"pt-BR\",\"@id\":\"https:\/\/www.legislapp.com.br\/index.php\/cam-legislativa-de-sc-pl-0494-2025\/#primaryimage\",\"url\":\"https:\/\/www.legislapp.com.br\/wp-content\/uploads\/google-play.png\",\"contentUrl\":\"https:\/\/www.legislapp.com.br\/wp-content\/uploads\/google-play.png\",\"width\":564,\"height\":168},{\"@type\":\"BreadcrumbList\",\"@id\":\"https:\/\/www.legislapp.com.br\/index.php\/cam-legislativa-de-sc-pl-0494-2025\/#breadcrumb\",\"itemListElement\":[{\"@type\":\"ListItem\",\"position\":1,\"name\":\"In\u00edcio\",\"item\":\"https:\/\/www.legislapp.com.br\/\"},{\"@type\":\"ListItem\",\"position\":2,\"name\":\"PL.\/0494\/2025 &#8211; Julio Garcia\"}]},{\"@type\":\"WebSite\",\"@id\":\"https:\/\/www.legislapp.com.br\/#website\",\"url\":\"https:\/\/www.legislapp.com.br\/\",\"name\":\"Legislapp\",\"description\":\"Intelig\u00eancia governamental em tempo real\",\"publisher\":{\"@id\":\"https:\/\/www.legislapp.com.br\/#organization\"},\"potentialAction\":[{\"@type\":\"SearchAction\",\"target\":{\"@type\":\"EntryPoint\",\"urlTemplate\":\"https:\/\/www.legislapp.com.br\/?s={search_term_string}\"},\"query-input\":{\"@type\":\"PropertyValueSpecification\",\"valueRequired\":true,\"valueName\":\"search_term_string\"}}],\"inLanguage\":\"pt-BR\"},{\"@type\":\"Organization\",\"@id\":\"https:\/\/www.legislapp.com.br\/#organization\",\"name\":\"Legislapp Monitoramento e Intelig\u00eancia Governamental\",\"url\":\"https:\/\/www.legislapp.com.br\/\",\"logo\":{\"@type\":\"ImageObject\",\"inLanguage\":\"pt-BR\",\"@id\":\"https:\/\/www.legislapp.com.br\/#\/schema\/logo\/image\/\",\"url\":\"https:\/\/www.legislapp.com.br\/wp-content\/uploads\/icon.png\",\"contentUrl\":\"https:\/\/www.legislapp.com.br\/wp-content\/uploads\/icon.png\",\"width\":1024,\"height\":1024,\"caption\":\"Legislapp Monitoramento e Intelig\u00eancia Governamental\"},\"image\":{\"@id\":\"https:\/\/www.legislapp.com.br\/#\/schema\/logo\/image\/\"},\"sameAs\":[\"https:\/\/www.instagram.com\/legislapp\/\"]}]}<\/script>\n<!-- \/ Yoast SEO plugin. -->","yoast_head_json":{"title":"PL.\/0494\/2025 - Julio Garcia - Legislapp","robots":{"index":"index","follow":"follow","max-snippet":"max-snippet:-1","max-image-preview":"max-image-preview:large","max-video-preview":"max-video-preview:-1"},"canonical":"https:\/\/www.legislapp.com.br\/index.php\/cam-legislativa-de-sc-pl-0494-2025\/","og_locale":"pt_BR","og_type":"article","og_title":"PL.\/0494\/2025 - Julio Garcia - Legislapp","og_description":"C\u00e2m. Legislativa de SC &#8211; Autoria de Julio Garcia Estabelece regras para instala\u00e7\u00e3o, funcionamento e fiscaliza\u00e7\u00e3o dos Residenciais Terap\u00eauticos Privados no Estado de Santa Catarina e adota outras provid\u00eancias. ASSEMBLEIA LEGISLATIVA GABINETE DEPUTADO ESTADO DE SANTA CATARINA JULIO GARCIA PROJETO DE LEI Estabelece regras para instala\u00e7\u00e3o, funcionamento e fiscaliza\u00e7\u00e3o dos Residenciais Terap\u00eauticos Privados no Estado [&hellip;]","og_url":"https:\/\/www.legislapp.com.br\/index.php\/cam-legislativa-de-sc-pl-0494-2025\/","og_site_name":"Legislapp","article_publisher":"https:\/\/www.instagram.com\/legislapp\/","og_image":[{"url":"https:\/\/www.legislapp.com.br\/wp-content\/uploads\/google-play.png","type":"","width":"","height":""}],"twitter_card":"summary_large_image","twitter_misc":{"Est. tempo de leitura":"5 minutos"},"schema":{"@context":"https:\/\/schema.org","@graph":[{"@type":"WebPage","@id":"https:\/\/www.legislapp.com.br\/index.php\/cam-legislativa-de-sc-pl-0494-2025\/","url":"https:\/\/www.legislapp.com.br\/index.php\/cam-legislativa-de-sc-pl-0494-2025\/","name":"PL.\/0494\/2025 - Julio Garcia - Legislapp","isPartOf":{"@id":"https:\/\/www.legislapp.com.br\/#website"},"primaryImageOfPage":{"@id":"https:\/\/www.legislapp.com.br\/index.php\/cam-legislativa-de-sc-pl-0494-2025\/#primaryimage"},"image":{"@id":"https:\/\/www.legislapp.com.br\/index.php\/cam-legislativa-de-sc-pl-0494-2025\/#primaryimage"},"thumbnailUrl":"https:\/\/www.legislapp.com.br\/wp-content\/uploads\/google-play.png","datePublished":"2025-09-17T16:15:39+00:00","breadcrumb":{"@id":"https:\/\/www.legislapp.com.br\/index.php\/cam-legislativa-de-sc-pl-0494-2025\/#breadcrumb"},"inLanguage":"pt-BR","potentialAction":[{"@type":"ReadAction","target":["https:\/\/www.legislapp.com.br\/index.php\/cam-legislativa-de-sc-pl-0494-2025\/"]}]},{"@type":"ImageObject","inLanguage":"pt-BR","@id":"https:\/\/www.legislapp.com.br\/index.php\/cam-legislativa-de-sc-pl-0494-2025\/#primaryimage","url":"https:\/\/www.legislapp.com.br\/wp-content\/uploads\/google-play.png","contentUrl":"https:\/\/www.legislapp.com.br\/wp-content\/uploads\/google-play.png","width":564,"height":168},{"@type":"BreadcrumbList","@id":"https:\/\/www.legislapp.com.br\/index.php\/cam-legislativa-de-sc-pl-0494-2025\/#breadcrumb","itemListElement":[{"@type":"ListItem","position":1,"name":"In\u00edcio","item":"https:\/\/www.legislapp.com.br\/"},{"@type":"ListItem","position":2,"name":"PL.\/0494\/2025 &#8211; Julio Garcia"}]},{"@type":"WebSite","@id":"https:\/\/www.legislapp.com.br\/#website","url":"https:\/\/www.legislapp.com.br\/","name":"Legislapp","description":"Intelig\u00eancia governamental em tempo real","publisher":{"@id":"https:\/\/www.legislapp.com.br\/#organization"},"potentialAction":[{"@type":"SearchAction","target":{"@type":"EntryPoint","urlTemplate":"https:\/\/www.legislapp.com.br\/?s={search_term_string}"},"query-input":{"@type":"PropertyValueSpecification","valueRequired":true,"valueName":"search_term_string"}}],"inLanguage":"pt-BR"},{"@type":"Organization","@id":"https:\/\/www.legislapp.com.br\/#organization","name":"Legislapp Monitoramento e Intelig\u00eancia Governamental","url":"https:\/\/www.legislapp.com.br\/","logo":{"@type":"ImageObject","inLanguage":"pt-BR","@id":"https:\/\/www.legislapp.com.br\/#\/schema\/logo\/image\/","url":"https:\/\/www.legislapp.com.br\/wp-content\/uploads\/icon.png","contentUrl":"https:\/\/www.legislapp.com.br\/wp-content\/uploads\/icon.png","width":1024,"height":1024,"caption":"Legislapp Monitoramento e Intelig\u00eancia Governamental"},"image":{"@id":"https:\/\/www.legislapp.com.br\/#\/schema\/logo\/image\/"},"sameAs":["https:\/\/www.instagram.com\/legislapp\/"]}]}},"_links":{"self":[{"href":"https:\/\/www.legislapp.com.br\/index.php\/wp-json\/wp\/v2\/pages\/7159","targetHints":{"allow":["GET"]}}],"collection":[{"href":"https:\/\/www.legislapp.com.br\/index.php\/wp-json\/wp\/v2\/pages"}],"about":[{"href":"https:\/\/www.legislapp.com.br\/index.php\/wp-json\/wp\/v2\/types\/page"}],"author":[{"embeddable":true,"href":"https:\/\/www.legislapp.com.br\/index.php\/wp-json\/wp\/v2\/users\/1"}],"replies":[{"embeddable":true,"href":"https:\/\/www.legislapp.com.br\/index.php\/wp-json\/wp\/v2\/comments?post=7159"}],"version-history":[{"count":0,"href":"https:\/\/www.legislapp.com.br\/index.php\/wp-json\/wp\/v2\/pages\/7159\/revisions"}],"wp:attachment":[{"href":"https:\/\/www.legislapp.com.br\/index.php\/wp-json\/wp\/v2\/media?parent=7159"}],"curies":[{"name":"wp","href":"https:\/\/api.w.org\/{rel}","templated":true}]}}