{"id":7165,"date":"2025-09-17T13:15:59","date_gmt":"2025-09-17T16:15:59","guid":{"rendered":"https:\/\/www.legislapp.com.br\/index.php\/cam-legislativa-de-sc-pl-0493-2025\/"},"modified":"2025-09-17T13:15:59","modified_gmt":"2025-09-17T16:15:59","slug":"cam-legislativa-de-sc-pl-0493-2025","status":"publish","type":"page","link":"https:\/\/www.legislapp.com.br\/index.php\/cam-legislativa-de-sc-pl-0493-2025\/","title":{"rendered":"PL.\/0493\/2025 &#8211; Fabiano da Luz"},"content":{"rendered":"<h1 style='text-align: center;'>C\u00e2m. Legislativa de SC &#8211; Autoria de Fabiano da Luz<\/h3>\n<p><\/p>\n<article style='text-align: center'>Altera o Art. 5\u00ba da Lei n\u00ba 7.543, de 30 de dezembro de 1988, que institui o imposto sobre a propriedade de ve\u00edculos automotores &#8211; IPVA e d\u00e1 outras provid\u00eancias.<\/article>\n<p><\/p>\n<p style='text-align: center'><a href='https:\/\/app.legislapp.com.br\/#\/busca?termo='><\/a><\/p>\n<p><\/p>\n<article>ASSEMBLEIA LEGISLATIVA GABINETE DEPUTADO<br \/>\nESTADO DE SANTA CATARINA FABIANO DA LUZ<\/p>\n<p>PROJETO DE LEI<\/p>\n<p>Altera o Art. 5\u00ba da Lei n\u00ba 7.543, de<br \/>\n30 de dezembro de 1988, que<br \/>\ninstitui o imposto sobre a<br \/>\npropriedade de ve\u00edculos<br \/>\nautomotores &#8211; IPVA e d\u00e1 outras<br \/>\nprovid\u00eancias<\/p>\n<p>Art. 1\u00ba O art. 5\u00ba da Lei n\u00ba 7.543, de 30 de dezembro de 1988,<br \/>\npassa a vigorar com a seguinte reda\u00e7\u00e3o:<\/p>\n<p>\u201cArt. 5\u00ba (&#8230;) <\/p>\n<p>(&#8230;)<\/p>\n<p>\u00a7 3\u00ba Os ve\u00edculos terrestres de passeio e utilit\u00e1rios, nacionais<br \/>\nou estrangeiros, quando movidos a G\u00e1s Natural Veicular (GNV), ter\u00e3o direito a<br \/>\ndesconto de 50% (cinquenta por cento) no valor do IPVA, desde que o pagamento seja<br \/>\nrealizado at\u00e9 a data de vencimento estabelecida pela autoridade fazend\u00e1ria.\u201d (NR)<\/p>\n<p>Art. 2\u00ba Esta lei entra em vigor na data de sua publica\u00e7\u00e3o.<\/p>\n<p>Sala das Sess\u00f5es, em <\/p>\n<p>Deputado Fabiano da Luz<\/p>\n<p> JUSTIFICATIVA<\/p>\n<p>Senhor Presidente,<br \/>\nSenhoras e Senhores Deputados,<br \/>\nApresentamos este Projeto de Lei com o objetivo de<br \/>\nconceder desconto de 50% (cinquenta por cento) no IPVA para ve\u00edculos de passeio e<br \/>\nutilit\u00e1rios movidos a G\u00e1s Natural Veicular (GNV), desde que o pagamento do imposto<br \/>\nseja efetuado at\u00e9 a data do vencimento.<br \/>\nEssa proposta visa incentivar o uso de combust\u00edveis mais<br \/>\nlimpos e ambientalmente sustent\u00e1veis, como o GNV, que emite significativamente<br \/>\nmenos gases poluentes em compara\u00e7\u00e3o \u00e0 gasolina e ao diesel. Tal medida est\u00e1<br \/>\nalinhada com os compromissos globais de redu\u00e7\u00e3o das emiss\u00f5es de gases de efeito<br \/>\nestufa, al\u00e9m de contribuir para a melhoria da qualidade do ar nas cidades catarinenses.<br \/>\nDestaca-se que, a partir de hoje, entrou em vigor no Brasil a<br \/>\nisen\u00e7\u00e3o do Imposto sobre Produtos Industrializados (IPI) para ve\u00edculos convertidos<br \/>\nou originalmente movidos a GNV. Essa nova pol\u00edtica federal fortalece ainda mais a<br \/>\nviabilidade econ\u00f4mica e ambiental da ado\u00e7\u00e3o do GNV, e torna ainda mais pertinente a<br \/>\nconcess\u00e3o de benef\u00edcios tamb\u00e9m no \u00e2mbito estadual, como o presente desconto no<br \/>\nIPVA.<br \/>\nExperi\u00eancias j\u00e1 adotadas por outros estados da Federa\u00e7\u00e3o<br \/>\ndemonstram o acerto dessa pol\u00edtica p\u00fablica:<br \/>\nAlagoas: al\u00edquota de IPVA reduzida de 3,5% para 1,5%;<\/p>\n<p>Mato Grosso do Sul: isen\u00e7\u00e3o total do IPVA para ve\u00edculos a<br \/>\nGNV;<\/p>\n<p>Minas Gerais: isen\u00e7\u00e3o no ano da aquisi\u00e7\u00e3o e no ano<br \/>\nseguinte para ve\u00edculos zero quil\u00f4metro com kit GNV instalado;<\/p>\n<p>Paran\u00e1: al\u00edquota reduzida para 1%;<br \/>\nRio de Janeiro: redu\u00e7\u00e3o de 4% para 1,5%.<br \/>\nA medida proposta tamb\u00e9m atende aos requisitos da Lei de<br \/>\nResponsabilidade Fiscal (LRF), uma vez que:<br \/>\nHaver\u00e1 aumento na arrecada\u00e7\u00e3o de ICMS com a expans\u00e3o<br \/>\nda venda de kits de convers\u00e3o para GNV;<br \/>\nEspera-se redu\u00e7\u00e3o da inadimpl\u00eancia do IPVA, visto que o<br \/>\ndesconto est\u00e1 condicionado ao pagamento em dia.<br \/>\nAl\u00e9m disso, pol\u00edticas p\u00fablicas que incentivam pr\u00e1ticas<br \/>\nsustent\u00e1veis, como esta, t\u00eam impacto positivo na redu\u00e7\u00e3o de desastres ambientais e<br \/>\nseus custos socioecon\u00f4micos, promovendo mais seguran\u00e7a e qualidade de vida para a<br \/>\npopula\u00e7\u00e3o.<br \/>\nPortanto, transpostos os requisitos legais, n\u00e3o h\u00e1<br \/>\nimpedimentos para a aprova\u00e7\u00e3o deste projeto, que est\u00e1 em conson\u00e2ncia com os<br \/>\ninteresses ambientais, econ\u00f4micos e sociais de Santa Catarina.<br \/>\nSubmeto, assim, este Projeto de Lei \u00e0 aprecia\u00e7\u00e3o dos nobres<br \/>\nDeputados, na certeza de sua import\u00e2ncia para o desenvolvimento sustent\u00e1vel do<br \/>\nnosso Estado.<br \/>\nSala das Sess\u00f5es, em <\/p>\n<p>Deputado Fabiano da Luz<br \/>\n ELEGIS<br \/>\nDocumento assinado eletronicamente por Fabiano da Luz, em<br \/>\nSistema de Processo<br \/>\n15\/07\/2025, \u00e0s 16:36.<br \/>\nLegislativo Eletr\u00f4nico<\/article>\n<div style=\"text-align: center\">\n<div style=\"margin-bottom: 20px;\" class=\"et_pb_button_module_wrapper et_pb_button_5_tb_body_wrapper et_pb_button_alignment_center et_pb_module \">\n         <a class=\"et_pb_button et_pb_button_5_tb_body et_hover_enabled et_pb_bg_layout_dark\" style=\"width: 50%;background-color: black;\" href=\"https:\/\/app.legislapp.com.br\" target=\"_blank\" rel=\"noopener\">Visualizar completo na nossa plataforma (30 dias gr\u00e1tis)<\/a><\/p><\/div>\n<p>      <a href=\"https:\/\/play.google.com\/store\/apps\/details?id=br.com.legislapp\"><img decoding=\"async\" style=\"width: 15%; min-width: 130px;\" src=\"https:\/\/www.legislapp.com.br\/wp-content\/uploads\/google-play.png\"><\/a><br \/>\n      <a href=\"https:\/\/apps.apple.com\/us\/app\/legislapp\/id1568929859\"><img decoding=\"async\" style=\"width: 15%; min-width: 130px\" src=\"https:\/\/www.legislapp.com.br\/wp-content\/uploads\/apple-store.png\"><\/a>\n   <\/div>\n","protected":false},"excerpt":{"rendered":"<p>C\u00e2m. Legislativa de SC &#8211; Autoria de Fabiano da Luz Altera o Art. 5\u00ba da Lei n\u00ba 7.543, de 30 de dezembro de 1988, que institui o imposto sobre a propriedade de ve\u00edculos automotores &#8211; IPVA e d\u00e1 outras provid\u00eancias. ASSEMBLEIA LEGISLATIVA GABINETE DEPUTADO ESTADO DE SANTA CATARINA FABIANO DA LUZ PROJETO DE LEI Altera [&hellip;]<\/p>\n","protected":false},"author":1,"featured_media":0,"parent":0,"menu_order":0,"comment_status":"closed","ping_status":"closed","template":"page-template-blank.php","meta":{"_et_pb_use_builder":"","_et_pb_old_content":"","_et_gb_content_width":"1080","ngg_post_thumbnail":0,"footnotes":""},"class_list":["post-7165","page","type-page","status-publish","hentry"],"yoast_head":"<!-- This site is optimized with the Yoast SEO plugin v24.4 - https:\/\/yoast.com\/wordpress\/plugins\/seo\/ -->\n<title>PL.\/0493\/2025 - Fabiano da Luz - Legislapp<\/title>\n<meta name=\"robots\" content=\"index, follow, max-snippet:-1, max-image-preview:large, max-video-preview:-1\" \/>\n<link rel=\"canonical\" href=\"https:\/\/www.legislapp.com.br\/index.php\/cam-legislativa-de-sc-pl-0493-2025\/\" \/>\n<meta property=\"og:locale\" content=\"pt_BR\" \/>\n<meta property=\"og:type\" content=\"article\" \/>\n<meta property=\"og:title\" content=\"PL.\/0493\/2025 - Fabiano da Luz - Legislapp\" \/>\n<meta property=\"og:description\" content=\"C\u00e2m. Legislativa de SC &#8211; Autoria de Fabiano da Luz Altera o Art. 5\u00ba da Lei n\u00ba 7.543, de 30 de dezembro de 1988, que institui o imposto sobre a propriedade de ve\u00edculos automotores &#8211; IPVA e d\u00e1 outras provid\u00eancias. ASSEMBLEIA LEGISLATIVA GABINETE DEPUTADO ESTADO DE SANTA CATARINA FABIANO DA LUZ PROJETO DE LEI Altera [&hellip;]\" \/>\n<meta property=\"og:url\" content=\"https:\/\/www.legislapp.com.br\/index.php\/cam-legislativa-de-sc-pl-0493-2025\/\" \/>\n<meta property=\"og:site_name\" content=\"Legislapp\" \/>\n<meta property=\"article:publisher\" content=\"https:\/\/www.instagram.com\/legislapp\/\" \/>\n<meta property=\"og:image\" content=\"https:\/\/www.legislapp.com.br\/wp-content\/uploads\/google-play.png\" \/>\n<meta name=\"twitter:card\" content=\"summary_large_image\" \/>\n<meta name=\"twitter:label1\" content=\"Est. tempo de leitura\" \/>\n\t<meta name=\"twitter:data1\" content=\"3 minutos\" \/>\n<script type=\"application\/ld+json\" class=\"yoast-schema-graph\">{\"@context\":\"https:\/\/schema.org\",\"@graph\":[{\"@type\":\"WebPage\",\"@id\":\"https:\/\/www.legislapp.com.br\/index.php\/cam-legislativa-de-sc-pl-0493-2025\/\",\"url\":\"https:\/\/www.legislapp.com.br\/index.php\/cam-legislativa-de-sc-pl-0493-2025\/\",\"name\":\"PL.\/0493\/2025 - Fabiano da Luz - Legislapp\",\"isPartOf\":{\"@id\":\"https:\/\/www.legislapp.com.br\/#website\"},\"primaryImageOfPage\":{\"@id\":\"https:\/\/www.legislapp.com.br\/index.php\/cam-legislativa-de-sc-pl-0493-2025\/#primaryimage\"},\"image\":{\"@id\":\"https:\/\/www.legislapp.com.br\/index.php\/cam-legislativa-de-sc-pl-0493-2025\/#primaryimage\"},\"thumbnailUrl\":\"https:\/\/www.legislapp.com.br\/wp-content\/uploads\/google-play.png\",\"datePublished\":\"2025-09-17T16:15:59+00:00\",\"breadcrumb\":{\"@id\":\"https:\/\/www.legislapp.com.br\/index.php\/cam-legislativa-de-sc-pl-0493-2025\/#breadcrumb\"},\"inLanguage\":\"pt-BR\",\"potentialAction\":[{\"@type\":\"ReadAction\",\"target\":[\"https:\/\/www.legislapp.com.br\/index.php\/cam-legislativa-de-sc-pl-0493-2025\/\"]}]},{\"@type\":\"ImageObject\",\"inLanguage\":\"pt-BR\",\"@id\":\"https:\/\/www.legislapp.com.br\/index.php\/cam-legislativa-de-sc-pl-0493-2025\/#primaryimage\",\"url\":\"https:\/\/www.legislapp.com.br\/wp-content\/uploads\/google-play.png\",\"contentUrl\":\"https:\/\/www.legislapp.com.br\/wp-content\/uploads\/google-play.png\",\"width\":564,\"height\":168},{\"@type\":\"BreadcrumbList\",\"@id\":\"https:\/\/www.legislapp.com.br\/index.php\/cam-legislativa-de-sc-pl-0493-2025\/#breadcrumb\",\"itemListElement\":[{\"@type\":\"ListItem\",\"position\":1,\"name\":\"In\u00edcio\",\"item\":\"https:\/\/www.legislapp.com.br\/\"},{\"@type\":\"ListItem\",\"position\":2,\"name\":\"PL.\/0493\/2025 &#8211; Fabiano da Luz\"}]},{\"@type\":\"WebSite\",\"@id\":\"https:\/\/www.legislapp.com.br\/#website\",\"url\":\"https:\/\/www.legislapp.com.br\/\",\"name\":\"Legislapp\",\"description\":\"Intelig\u00eancia governamental em tempo real\",\"publisher\":{\"@id\":\"https:\/\/www.legislapp.com.br\/#organization\"},\"potentialAction\":[{\"@type\":\"SearchAction\",\"target\":{\"@type\":\"EntryPoint\",\"urlTemplate\":\"https:\/\/www.legislapp.com.br\/?s={search_term_string}\"},\"query-input\":{\"@type\":\"PropertyValueSpecification\",\"valueRequired\":true,\"valueName\":\"search_term_string\"}}],\"inLanguage\":\"pt-BR\"},{\"@type\":\"Organization\",\"@id\":\"https:\/\/www.legislapp.com.br\/#organization\",\"name\":\"Legislapp Monitoramento e Intelig\u00eancia Governamental\",\"url\":\"https:\/\/www.legislapp.com.br\/\",\"logo\":{\"@type\":\"ImageObject\",\"inLanguage\":\"pt-BR\",\"@id\":\"https:\/\/www.legislapp.com.br\/#\/schema\/logo\/image\/\",\"url\":\"https:\/\/www.legislapp.com.br\/wp-content\/uploads\/icon.png\",\"contentUrl\":\"https:\/\/www.legislapp.com.br\/wp-content\/uploads\/icon.png\",\"width\":1024,\"height\":1024,\"caption\":\"Legislapp Monitoramento e Intelig\u00eancia Governamental\"},\"image\":{\"@id\":\"https:\/\/www.legislapp.com.br\/#\/schema\/logo\/image\/\"},\"sameAs\":[\"https:\/\/www.instagram.com\/legislapp\/\"]}]}<\/script>\n<!-- \/ Yoast SEO plugin. -->","yoast_head_json":{"title":"PL.\/0493\/2025 - Fabiano da Luz - Legislapp","robots":{"index":"index","follow":"follow","max-snippet":"max-snippet:-1","max-image-preview":"max-image-preview:large","max-video-preview":"max-video-preview:-1"},"canonical":"https:\/\/www.legislapp.com.br\/index.php\/cam-legislativa-de-sc-pl-0493-2025\/","og_locale":"pt_BR","og_type":"article","og_title":"PL.\/0493\/2025 - Fabiano da Luz - Legislapp","og_description":"C\u00e2m. Legislativa de SC &#8211; Autoria de Fabiano da Luz Altera o Art. 5\u00ba da Lei n\u00ba 7.543, de 30 de dezembro de 1988, que institui o imposto sobre a propriedade de ve\u00edculos automotores &#8211; IPVA e d\u00e1 outras provid\u00eancias. ASSEMBLEIA LEGISLATIVA GABINETE DEPUTADO ESTADO DE SANTA CATARINA FABIANO DA LUZ PROJETO DE LEI Altera [&hellip;]","og_url":"https:\/\/www.legislapp.com.br\/index.php\/cam-legislativa-de-sc-pl-0493-2025\/","og_site_name":"Legislapp","article_publisher":"https:\/\/www.instagram.com\/legislapp\/","og_image":[{"url":"https:\/\/www.legislapp.com.br\/wp-content\/uploads\/google-play.png","type":"","width":"","height":""}],"twitter_card":"summary_large_image","twitter_misc":{"Est. tempo de leitura":"3 minutos"},"schema":{"@context":"https:\/\/schema.org","@graph":[{"@type":"WebPage","@id":"https:\/\/www.legislapp.com.br\/index.php\/cam-legislativa-de-sc-pl-0493-2025\/","url":"https:\/\/www.legislapp.com.br\/index.php\/cam-legislativa-de-sc-pl-0493-2025\/","name":"PL.\/0493\/2025 - Fabiano da Luz - Legislapp","isPartOf":{"@id":"https:\/\/www.legislapp.com.br\/#website"},"primaryImageOfPage":{"@id":"https:\/\/www.legislapp.com.br\/index.php\/cam-legislativa-de-sc-pl-0493-2025\/#primaryimage"},"image":{"@id":"https:\/\/www.legislapp.com.br\/index.php\/cam-legislativa-de-sc-pl-0493-2025\/#primaryimage"},"thumbnailUrl":"https:\/\/www.legislapp.com.br\/wp-content\/uploads\/google-play.png","datePublished":"2025-09-17T16:15:59+00:00","breadcrumb":{"@id":"https:\/\/www.legislapp.com.br\/index.php\/cam-legislativa-de-sc-pl-0493-2025\/#breadcrumb"},"inLanguage":"pt-BR","potentialAction":[{"@type":"ReadAction","target":["https:\/\/www.legislapp.com.br\/index.php\/cam-legislativa-de-sc-pl-0493-2025\/"]}]},{"@type":"ImageObject","inLanguage":"pt-BR","@id":"https:\/\/www.legislapp.com.br\/index.php\/cam-legislativa-de-sc-pl-0493-2025\/#primaryimage","url":"https:\/\/www.legislapp.com.br\/wp-content\/uploads\/google-play.png","contentUrl":"https:\/\/www.legislapp.com.br\/wp-content\/uploads\/google-play.png","width":564,"height":168},{"@type":"BreadcrumbList","@id":"https:\/\/www.legislapp.com.br\/index.php\/cam-legislativa-de-sc-pl-0493-2025\/#breadcrumb","itemListElement":[{"@type":"ListItem","position":1,"name":"In\u00edcio","item":"https:\/\/www.legislapp.com.br\/"},{"@type":"ListItem","position":2,"name":"PL.\/0493\/2025 &#8211; Fabiano da Luz"}]},{"@type":"WebSite","@id":"https:\/\/www.legislapp.com.br\/#website","url":"https:\/\/www.legislapp.com.br\/","name":"Legislapp","description":"Intelig\u00eancia governamental em tempo real","publisher":{"@id":"https:\/\/www.legislapp.com.br\/#organization"},"potentialAction":[{"@type":"SearchAction","target":{"@type":"EntryPoint","urlTemplate":"https:\/\/www.legislapp.com.br\/?s={search_term_string}"},"query-input":{"@type":"PropertyValueSpecification","valueRequired":true,"valueName":"search_term_string"}}],"inLanguage":"pt-BR"},{"@type":"Organization","@id":"https:\/\/www.legislapp.com.br\/#organization","name":"Legislapp Monitoramento e Intelig\u00eancia Governamental","url":"https:\/\/www.legislapp.com.br\/","logo":{"@type":"ImageObject","inLanguage":"pt-BR","@id":"https:\/\/www.legislapp.com.br\/#\/schema\/logo\/image\/","url":"https:\/\/www.legislapp.com.br\/wp-content\/uploads\/icon.png","contentUrl":"https:\/\/www.legislapp.com.br\/wp-content\/uploads\/icon.png","width":1024,"height":1024,"caption":"Legislapp Monitoramento e Intelig\u00eancia Governamental"},"image":{"@id":"https:\/\/www.legislapp.com.br\/#\/schema\/logo\/image\/"},"sameAs":["https:\/\/www.instagram.com\/legislapp\/"]}]}},"_links":{"self":[{"href":"https:\/\/www.legislapp.com.br\/index.php\/wp-json\/wp\/v2\/pages\/7165","targetHints":{"allow":["GET"]}}],"collection":[{"href":"https:\/\/www.legislapp.com.br\/index.php\/wp-json\/wp\/v2\/pages"}],"about":[{"href":"https:\/\/www.legislapp.com.br\/index.php\/wp-json\/wp\/v2\/types\/page"}],"author":[{"embeddable":true,"href":"https:\/\/www.legislapp.com.br\/index.php\/wp-json\/wp\/v2\/users\/1"}],"replies":[{"embeddable":true,"href":"https:\/\/www.legislapp.com.br\/index.php\/wp-json\/wp\/v2\/comments?post=7165"}],"version-history":[{"count":0,"href":"https:\/\/www.legislapp.com.br\/index.php\/wp-json\/wp\/v2\/pages\/7165\/revisions"}],"wp:attachment":[{"href":"https:\/\/www.legislapp.com.br\/index.php\/wp-json\/wp\/v2\/media?parent=7165"}],"curies":[{"name":"wp","href":"https:\/\/api.w.org\/{rel}","templated":true}]}}