{"id":7175,"date":"2025-09-17T13:16:31","date_gmt":"2025-09-17T16:16:31","guid":{"rendered":"https:\/\/www.legislapp.com.br\/index.php\/cam-legislativa-de-mg-pl-4006-2025\/"},"modified":"2025-09-17T13:16:31","modified_gmt":"2025-09-17T16:16:31","slug":"cam-legislativa-de-mg-pl-4006-2025","status":"publish","type":"page","link":"https:\/\/www.legislapp.com.br\/index.php\/cam-legislativa-de-mg-pl-4006-2025\/","title":{"rendered":"PL 4006\/2025 &#8211; Deputados"},"content":{"rendered":"<h1 style='text-align: center;'>C\u00e2m. Legislativa de MG &#8211; Autoria de Deputados<\/h3>\n<p><\/p>\n<article style='text-align: center'>Disp\u00f5e sobre a desobriga\u00e7\u00e3o de pagamento da tarifa de ped\u00e1gio para<br \/>\npacientes em tratamento m\u00e9dico-hospitalar fora do munic\u00edpio de<br \/>\nresid\u00eancia, nas rodovias estaduais do Estado de Minas Gerais, incluindo<br \/>\naquelas administradas sob regime de concess\u00e3o.<\/article>\n<p><\/p>\n<p style='text-align: center'><a href='https:\/\/app.legislapp.com.br\/#\/busca?termo='><\/a><\/p>\n<p><\/p>\n<article>Disp\u00f5e sobre a desobriga\u00e7\u00e3o de pagamento da tarifa de ped\u00e1gio para pacientes em tratamento m\u00e9dico-hospitalar fora do munic\u00edpio de resid\u00eancia, nas rodovias estaduais do Estado de Minas Gerais, incluindo aquelas administradas sob regime de concess\u00e3o.<br \/>\nA Assembleia Legislativa do Estado de Minas Gerais decreta:<br \/>\nArt. 1\u00ba \u2013 Fica institu\u00edda a desobriga\u00e7\u00e3o do pagamento de tarifa de ped\u00e1gio nas rodovias estaduais do Estado de Minas Gerais, inclusive nas administradas por regime de concess\u00e3o, aos ve\u00edculos utilizados no transporte de pacientes que realizem tratamento m\u00e9dico-hospitalar fora do munic\u00edpio de resid\u00eancia.<br \/>\nArt. 2\u00ba \u2013 Para usufruir da desobriga\u00e7\u00e3o, dever\u00e1 ser comprovado:<br \/>\nI \u2013 o agendamento de consulta, procedimento ou sess\u00e3o de tratamento cont\u00ednuo fora do munic\u00edpio de resid\u00eancia do paciente, mediante apresenta\u00e7\u00e3o de declara\u00e7\u00e3o ou laudo m\u00e9dico com data e local do atendimento;<br \/>\nII \u2013 a resid\u00eancia do paciente em munic\u00edpio distinto do local de tratamento, por meio de comprovante de endere\u00e7o;<br \/>\nIII \u2013 a vincula\u00e7\u00e3o do ve\u00edculo \u00e0 condu\u00e7\u00e3o do paciente seja por propriedade, loca\u00e7\u00e3o, conv\u00eanio com o sistema p\u00fablico de sa\u00fade, ambul\u00e2ncia ou entidade assistencial cadastrada.<br \/>\nIV \u2013 inscri\u00e7\u00e3o ativa no Cadastro \u00danico para Programas Sociais do Governo Federal \u2013 Cad\u00danico \u2013, nos termos estabelecidos em regulamenta\u00e7\u00e3o pr\u00f3pria.<br \/>\nArt. 3\u00ba \u2013 O Poder Executivo regulamentar\u00e1 a forma de cadastramento dos benefici\u00e1rios, inclusive quanto \u00e0 integra\u00e7\u00e3o com os sistemas de cobran\u00e7a manual, eletr\u00f4nica por tags e por livre passagem (free flow), entre outros utilizados, para fins de reconhecimento autom\u00e1tico do benefici\u00e1rio.<br \/>\nArt. 4\u00ba \u2013 Esta lei entra em vigor ap\u00f3s 180 (cento e oitenta) dias da data de sua publica\u00e7\u00e3o.<br \/>\nSala das Reuni\u00f5es, 26 de junho de 2025.<br \/>\nDr. Maur\u00edcio (Novo), vice-presidente da Comiss\u00e3o de Agropecu\u00e1ria e Agroind\u00fastria e vice-l\u00edder do Bloco Minas em Frente.<br \/>\nJustifica\u00e7\u00e3o: O presente projeto de lei visa ampliar e fortalecer as pol\u00edticas p\u00fablicas de prote\u00e7\u00e3o \u00e0 sa\u00fade e assist\u00eancia social dos cidad\u00e3os mineiros, assegurando-lhes o direito de acesso ao tratamento m\u00e9dico-hospitalar, mesmo quando esse atendimento ocorre fora do munic\u00edpio de resid\u00eancia.<br \/>\nEm muitos casos, pacientes com doen\u00e7as cr\u00f4nicas, em tratamento oncol\u00f3gico, hemodi\u00e1lise, reabilita\u00e7\u00e3o intensiva ou em situa\u00e7\u00e3o de urg\u00eancia m\u00e9dica s\u00e3o obrigados a se deslocar com frequ\u00eancia a outros munic\u00edpios, especialmente quando residem em regi\u00f5es com menor oferta de servi\u00e7os de sa\u00fade especializada. Nesses deslocamentos, o custo com tarifas de ped\u00e1gio nas rodovias estaduais, incluindo\u00a0as concedidas \u00e0 iniciativa privada, representa um \u00f4nus significativo para fam\u00edlias j\u00e1 impactadas emocional e financeiramente.<br \/>\nEmbora a legisla\u00e7\u00e3o nacional trate de garantias espec\u00edficas no transporte coletivo p\u00fablico, h\u00e1 uma lacuna normativa quando se trata do deslocamento individualizado, volunt\u00e1rio ou institucional, para tratamentos de sa\u00fade fora da cidade de origem, especialmente em ve\u00edculos particulares, ambul\u00e2ncias ou de entidades assistenciais.<br \/>\nDiante disso, esta proposi\u00e7\u00e3o busca assegurar a desobriga\u00e7\u00e3o do pagamento da tarifa de ped\u00e1gio a ve\u00edculos devidamente identificados, utilizados para o transporte de pacientes em tratamento m\u00e9dico-hospitalar, mediante crit\u00e9rios objetivos e possibilidade de cadastramento junto aos \u00f3rg\u00e3os competentes. A medida prop\u00f5e um tratamento digno, justo e humanizado, especialmente para os mais vulner\u00e1veis, e contribui para o fortalecimento da cidadania, a promo\u00e7\u00e3o do acesso ao SUS e a redu\u00e7\u00e3o das desigualdades regionais em sa\u00fade.<br \/>\n\u2013 Semelhante proposi\u00e7\u00e3o foi apresentada anteriormente pelo deputado Noraldino J\u00fanior. Anexe-se ao Projeto de Lei n\u00ba 3.220\/2016, nos termos do \u00a7 2\u00ba do art. 173 do Regimento Interno.<\/article>\n<div style=\"text-align: center\">\n<div style=\"margin-bottom: 20px;\" class=\"et_pb_button_module_wrapper et_pb_button_5_tb_body_wrapper et_pb_button_alignment_center et_pb_module \">\n         <a class=\"et_pb_button et_pb_button_5_tb_body et_hover_enabled et_pb_bg_layout_dark\" style=\"width: 50%;background-color: black;\" href=\"https:\/\/app.legislapp.com.br\" target=\"_blank\" rel=\"noopener\">Visualizar completo na nossa plataforma (30 dias gr\u00e1tis)<\/a><\/p><\/div>\n<p>      <a href=\"https:\/\/play.google.com\/store\/apps\/details?id=br.com.legislapp\"><img decoding=\"async\" style=\"width: 15%; min-width: 130px;\" src=\"https:\/\/www.legislapp.com.br\/wp-content\/uploads\/google-play.png\"><\/a><br \/>\n      <a href=\"https:\/\/apps.apple.com\/us\/app\/legislapp\/id1568929859\"><img decoding=\"async\" style=\"width: 15%; min-width: 130px\" src=\"https:\/\/www.legislapp.com.br\/wp-content\/uploads\/apple-store.png\"><\/a>\n   <\/div>\n","protected":false},"excerpt":{"rendered":"<p>C\u00e2m. Legislativa de MG &#8211; Autoria de Deputados Disp\u00f5e sobre a desobriga\u00e7\u00e3o de pagamento da tarifa de ped\u00e1gio para pacientes em tratamento m\u00e9dico-hospitalar fora do munic\u00edpio de resid\u00eancia, nas rodovias estaduais do Estado de Minas Gerais, incluindo aquelas administradas sob regime de concess\u00e3o. Disp\u00f5e sobre a desobriga\u00e7\u00e3o de pagamento da tarifa de ped\u00e1gio para pacientes [&hellip;]<\/p>\n","protected":false},"author":1,"featured_media":0,"parent":0,"menu_order":0,"comment_status":"closed","ping_status":"closed","template":"page-template-blank.php","meta":{"_et_pb_use_builder":"","_et_pb_old_content":"","_et_gb_content_width":"1080","ngg_post_thumbnail":0,"footnotes":""},"class_list":["post-7175","page","type-page","status-publish","hentry"],"yoast_head":"<!-- This site is optimized with the Yoast SEO plugin v24.4 - https:\/\/yoast.com\/wordpress\/plugins\/seo\/ -->\n<title>PL 4006\/2025 - Deputados - Legislapp<\/title>\n<meta name=\"robots\" content=\"index, follow, max-snippet:-1, max-image-preview:large, max-video-preview:-1\" \/>\n<link rel=\"canonical\" href=\"https:\/\/www.legislapp.com.br\/index.php\/cam-legislativa-de-mg-pl-4006-2025\/\" \/>\n<meta property=\"og:locale\" content=\"pt_BR\" \/>\n<meta property=\"og:type\" content=\"article\" \/>\n<meta property=\"og:title\" content=\"PL 4006\/2025 - Deputados - Legislapp\" \/>\n<meta property=\"og:description\" content=\"C\u00e2m. Legislativa de MG &#8211; Autoria de Deputados Disp\u00f5e sobre a desobriga\u00e7\u00e3o de pagamento da tarifa de ped\u00e1gio para pacientes em tratamento m\u00e9dico-hospitalar fora do munic\u00edpio de resid\u00eancia, nas rodovias estaduais do Estado de Minas Gerais, incluindo aquelas administradas sob regime de concess\u00e3o. Disp\u00f5e sobre a desobriga\u00e7\u00e3o de pagamento da tarifa de ped\u00e1gio para pacientes [&hellip;]\" \/>\n<meta property=\"og:url\" content=\"https:\/\/www.legislapp.com.br\/index.php\/cam-legislativa-de-mg-pl-4006-2025\/\" \/>\n<meta property=\"og:site_name\" content=\"Legislapp\" \/>\n<meta property=\"article:publisher\" content=\"https:\/\/www.instagram.com\/legislapp\/\" \/>\n<meta property=\"og:image\" content=\"https:\/\/www.legislapp.com.br\/wp-content\/uploads\/google-play.png\" \/>\n<meta name=\"twitter:card\" content=\"summary_large_image\" \/>\n<meta name=\"twitter:label1\" content=\"Est. tempo de leitura\" \/>\n\t<meta name=\"twitter:data1\" content=\"3 minutos\" \/>\n<script type=\"application\/ld+json\" class=\"yoast-schema-graph\">{\"@context\":\"https:\/\/schema.org\",\"@graph\":[{\"@type\":\"WebPage\",\"@id\":\"https:\/\/www.legislapp.com.br\/index.php\/cam-legislativa-de-mg-pl-4006-2025\/\",\"url\":\"https:\/\/www.legislapp.com.br\/index.php\/cam-legislativa-de-mg-pl-4006-2025\/\",\"name\":\"PL 4006\/2025 - Deputados - Legislapp\",\"isPartOf\":{\"@id\":\"https:\/\/www.legislapp.com.br\/#website\"},\"primaryImageOfPage\":{\"@id\":\"https:\/\/www.legislapp.com.br\/index.php\/cam-legislativa-de-mg-pl-4006-2025\/#primaryimage\"},\"image\":{\"@id\":\"https:\/\/www.legislapp.com.br\/index.php\/cam-legislativa-de-mg-pl-4006-2025\/#primaryimage\"},\"thumbnailUrl\":\"https:\/\/www.legislapp.com.br\/wp-content\/uploads\/google-play.png\",\"datePublished\":\"2025-09-17T16:16:31+00:00\",\"breadcrumb\":{\"@id\":\"https:\/\/www.legislapp.com.br\/index.php\/cam-legislativa-de-mg-pl-4006-2025\/#breadcrumb\"},\"inLanguage\":\"pt-BR\",\"potentialAction\":[{\"@type\":\"ReadAction\",\"target\":[\"https:\/\/www.legislapp.com.br\/index.php\/cam-legislativa-de-mg-pl-4006-2025\/\"]}]},{\"@type\":\"ImageObject\",\"inLanguage\":\"pt-BR\",\"@id\":\"https:\/\/www.legislapp.com.br\/index.php\/cam-legislativa-de-mg-pl-4006-2025\/#primaryimage\",\"url\":\"https:\/\/www.legislapp.com.br\/wp-content\/uploads\/google-play.png\",\"contentUrl\":\"https:\/\/www.legislapp.com.br\/wp-content\/uploads\/google-play.png\",\"width\":564,\"height\":168},{\"@type\":\"BreadcrumbList\",\"@id\":\"https:\/\/www.legislapp.com.br\/index.php\/cam-legislativa-de-mg-pl-4006-2025\/#breadcrumb\",\"itemListElement\":[{\"@type\":\"ListItem\",\"position\":1,\"name\":\"In\u00edcio\",\"item\":\"https:\/\/www.legislapp.com.br\/\"},{\"@type\":\"ListItem\",\"position\":2,\"name\":\"PL 4006\/2025 &#8211; Deputados\"}]},{\"@type\":\"WebSite\",\"@id\":\"https:\/\/www.legislapp.com.br\/#website\",\"url\":\"https:\/\/www.legislapp.com.br\/\",\"name\":\"Legislapp\",\"description\":\"Intelig\u00eancia governamental em tempo real\",\"publisher\":{\"@id\":\"https:\/\/www.legislapp.com.br\/#organization\"},\"potentialAction\":[{\"@type\":\"SearchAction\",\"target\":{\"@type\":\"EntryPoint\",\"urlTemplate\":\"https:\/\/www.legislapp.com.br\/?s={search_term_string}\"},\"query-input\":{\"@type\":\"PropertyValueSpecification\",\"valueRequired\":true,\"valueName\":\"search_term_string\"}}],\"inLanguage\":\"pt-BR\"},{\"@type\":\"Organization\",\"@id\":\"https:\/\/www.legislapp.com.br\/#organization\",\"name\":\"Legislapp Monitoramento e Intelig\u00eancia Governamental\",\"url\":\"https:\/\/www.legislapp.com.br\/\",\"logo\":{\"@type\":\"ImageObject\",\"inLanguage\":\"pt-BR\",\"@id\":\"https:\/\/www.legislapp.com.br\/#\/schema\/logo\/image\/\",\"url\":\"https:\/\/www.legislapp.com.br\/wp-content\/uploads\/icon.png\",\"contentUrl\":\"https:\/\/www.legislapp.com.br\/wp-content\/uploads\/icon.png\",\"width\":1024,\"height\":1024,\"caption\":\"Legislapp Monitoramento e Intelig\u00eancia Governamental\"},\"image\":{\"@id\":\"https:\/\/www.legislapp.com.br\/#\/schema\/logo\/image\/\"},\"sameAs\":[\"https:\/\/www.instagram.com\/legislapp\/\"]}]}<\/script>\n<!-- \/ Yoast SEO plugin. -->","yoast_head_json":{"title":"PL 4006\/2025 - Deputados - Legislapp","robots":{"index":"index","follow":"follow","max-snippet":"max-snippet:-1","max-image-preview":"max-image-preview:large","max-video-preview":"max-video-preview:-1"},"canonical":"https:\/\/www.legislapp.com.br\/index.php\/cam-legislativa-de-mg-pl-4006-2025\/","og_locale":"pt_BR","og_type":"article","og_title":"PL 4006\/2025 - Deputados - Legislapp","og_description":"C\u00e2m. Legislativa de MG &#8211; Autoria de Deputados Disp\u00f5e sobre a desobriga\u00e7\u00e3o de pagamento da tarifa de ped\u00e1gio para pacientes em tratamento m\u00e9dico-hospitalar fora do munic\u00edpio de resid\u00eancia, nas rodovias estaduais do Estado de Minas Gerais, incluindo aquelas administradas sob regime de concess\u00e3o. Disp\u00f5e sobre a desobriga\u00e7\u00e3o de pagamento da tarifa de ped\u00e1gio para pacientes [&hellip;]","og_url":"https:\/\/www.legislapp.com.br\/index.php\/cam-legislativa-de-mg-pl-4006-2025\/","og_site_name":"Legislapp","article_publisher":"https:\/\/www.instagram.com\/legislapp\/","og_image":[{"url":"https:\/\/www.legislapp.com.br\/wp-content\/uploads\/google-play.png","type":"","width":"","height":""}],"twitter_card":"summary_large_image","twitter_misc":{"Est. tempo de leitura":"3 minutos"},"schema":{"@context":"https:\/\/schema.org","@graph":[{"@type":"WebPage","@id":"https:\/\/www.legislapp.com.br\/index.php\/cam-legislativa-de-mg-pl-4006-2025\/","url":"https:\/\/www.legislapp.com.br\/index.php\/cam-legislativa-de-mg-pl-4006-2025\/","name":"PL 4006\/2025 - Deputados - Legislapp","isPartOf":{"@id":"https:\/\/www.legislapp.com.br\/#website"},"primaryImageOfPage":{"@id":"https:\/\/www.legislapp.com.br\/index.php\/cam-legislativa-de-mg-pl-4006-2025\/#primaryimage"},"image":{"@id":"https:\/\/www.legislapp.com.br\/index.php\/cam-legislativa-de-mg-pl-4006-2025\/#primaryimage"},"thumbnailUrl":"https:\/\/www.legislapp.com.br\/wp-content\/uploads\/google-play.png","datePublished":"2025-09-17T16:16:31+00:00","breadcrumb":{"@id":"https:\/\/www.legislapp.com.br\/index.php\/cam-legislativa-de-mg-pl-4006-2025\/#breadcrumb"},"inLanguage":"pt-BR","potentialAction":[{"@type":"ReadAction","target":["https:\/\/www.legislapp.com.br\/index.php\/cam-legislativa-de-mg-pl-4006-2025\/"]}]},{"@type":"ImageObject","inLanguage":"pt-BR","@id":"https:\/\/www.legislapp.com.br\/index.php\/cam-legislativa-de-mg-pl-4006-2025\/#primaryimage","url":"https:\/\/www.legislapp.com.br\/wp-content\/uploads\/google-play.png","contentUrl":"https:\/\/www.legislapp.com.br\/wp-content\/uploads\/google-play.png","width":564,"height":168},{"@type":"BreadcrumbList","@id":"https:\/\/www.legislapp.com.br\/index.php\/cam-legislativa-de-mg-pl-4006-2025\/#breadcrumb","itemListElement":[{"@type":"ListItem","position":1,"name":"In\u00edcio","item":"https:\/\/www.legislapp.com.br\/"},{"@type":"ListItem","position":2,"name":"PL 4006\/2025 &#8211; Deputados"}]},{"@type":"WebSite","@id":"https:\/\/www.legislapp.com.br\/#website","url":"https:\/\/www.legislapp.com.br\/","name":"Legislapp","description":"Intelig\u00eancia governamental em tempo real","publisher":{"@id":"https:\/\/www.legislapp.com.br\/#organization"},"potentialAction":[{"@type":"SearchAction","target":{"@type":"EntryPoint","urlTemplate":"https:\/\/www.legislapp.com.br\/?s={search_term_string}"},"query-input":{"@type":"PropertyValueSpecification","valueRequired":true,"valueName":"search_term_string"}}],"inLanguage":"pt-BR"},{"@type":"Organization","@id":"https:\/\/www.legislapp.com.br\/#organization","name":"Legislapp Monitoramento e Intelig\u00eancia Governamental","url":"https:\/\/www.legislapp.com.br\/","logo":{"@type":"ImageObject","inLanguage":"pt-BR","@id":"https:\/\/www.legislapp.com.br\/#\/schema\/logo\/image\/","url":"https:\/\/www.legislapp.com.br\/wp-content\/uploads\/icon.png","contentUrl":"https:\/\/www.legislapp.com.br\/wp-content\/uploads\/icon.png","width":1024,"height":1024,"caption":"Legislapp Monitoramento e Intelig\u00eancia Governamental"},"image":{"@id":"https:\/\/www.legislapp.com.br\/#\/schema\/logo\/image\/"},"sameAs":["https:\/\/www.instagram.com\/legislapp\/"]}]}},"_links":{"self":[{"href":"https:\/\/www.legislapp.com.br\/index.php\/wp-json\/wp\/v2\/pages\/7175","targetHints":{"allow":["GET"]}}],"collection":[{"href":"https:\/\/www.legislapp.com.br\/index.php\/wp-json\/wp\/v2\/pages"}],"about":[{"href":"https:\/\/www.legislapp.com.br\/index.php\/wp-json\/wp\/v2\/types\/page"}],"author":[{"embeddable":true,"href":"https:\/\/www.legislapp.com.br\/index.php\/wp-json\/wp\/v2\/users\/1"}],"replies":[{"embeddable":true,"href":"https:\/\/www.legislapp.com.br\/index.php\/wp-json\/wp\/v2\/comments?post=7175"}],"version-history":[{"count":0,"href":"https:\/\/www.legislapp.com.br\/index.php\/wp-json\/wp\/v2\/pages\/7175\/revisions"}],"wp:attachment":[{"href":"https:\/\/www.legislapp.com.br\/index.php\/wp-json\/wp\/v2\/media?parent=7175"}],"curies":[{"name":"wp","href":"https:\/\/api.w.org\/{rel}","templated":true}]}}