{"id":7181,"date":"2025-09-17T13:16:51","date_gmt":"2025-09-17T16:16:51","guid":{"rendered":"https:\/\/www.legislapp.com.br\/index.php\/cam-legislativa-de-mg-pl-3973-2025\/"},"modified":"2025-09-17T13:16:51","modified_gmt":"2025-09-17T16:16:51","slug":"cam-legislativa-de-mg-pl-3973-2025","status":"publish","type":"page","link":"https:\/\/www.legislapp.com.br\/index.php\/cam-legislativa-de-mg-pl-3973-2025\/","title":{"rendered":"PL 3973\/2025 &#8211; Deputados"},"content":{"rendered":"<h1 style='text-align: center;'>C\u00e2m. Legislativa de MG &#8211; Autoria de Deputados<\/h3>\n<p><\/p>\n<article style='text-align: center'>Disp\u00f5e sobre a obrigatoriedade de fixa\u00e7\u00e3o de cartazes em<br \/>\nestabelecimentos, reparti\u00e7\u00f5es e \u00f3rg\u00e3os p\u00fablicos contendo informa\u00e7\u00f5es<br \/>\nsobre a disponibilidade de profissional ou de tecnologias de acesso que<br \/>\npossam auxiliar na interpreta\u00e7\u00e3o da l\u00edngua brasileira de sinais \u2013 Libras.<\/article>\n<p><\/p>\n<p style='text-align: center'><a href='https:\/\/app.legislapp.com.br\/#\/busca?termo='><\/a><\/p>\n<p><\/p>\n<article>Obriga a fixa\u00e7\u00e3o de\u00a0\u00a0cartazes em local de f\u00e1cil acesso e visibilidade\u00a0 nas escolas, unidades de sa\u00fade, seguran\u00e7a p\u00fablica e demais \u00f3rg\u00e3os p\u00fablicos do Estado, contendo informa\u00e7\u00f5es sobre a disponibilidade de profissional ou meios de acesso aos dispositivos f\u00edsicos ou digitais pass\u00edvel de auxiliar os servidores e cidad\u00e3o na interpreta\u00e7\u00e3o da L\u00edngua Brasileira de Sinais \u2013 Libras.<br \/>\nA Assembleia Legislativa do Estado de Minas Gerais decreta:<br \/>\nArt. 1\u00ba \u2013 Ficam os estabelecimentos de ensino p\u00fablico, unidades de sa\u00fade, seguran\u00e7a p\u00fablica e demais \u00f3rg\u00e3os\u00a0 do estado de Minas Gerais que realizam atendimento p\u00fablico, obrigados a fixar cartazes\u00a0 informando a disponibilidade de profissional ou meios de acesso aos dispositivos f\u00edsicos ou digitais pass\u00edveis de auxiliar os servidores e cidad\u00e3o\u00a0 na\u00a0 interpreta\u00e7\u00e3o da linguagem de libras no momento do atendimento.<br \/>\nArt. 2\u00ba \u2013 Os cartazes devem ser disponibilizados em L\u00edngua Brasileira de Sinais, em local de f\u00e1cil acesso e visibilidade.<br \/>\nArt. 3\u00ba \u2013 O Estado dever\u00e1 promover anualmente campanha para a qualifica\u00e7\u00e3o em libras dos profissionais que atuam no atendimento ao cidad\u00e3o.<br \/>\nArt. 4\u00ba \u2013 Esta lei entra em vigor na data de sua publica\u00e7\u00e3o.<br \/>\nSala das Reuni\u00f5es, 24 de junho de 2025.<br \/>\nMauro Tramonte (Republicanos), presidente da Comiss\u00e3o Extraordin\u00e1ria de Turismo e Gastronomia.<br \/>\nJustifica\u00e7\u00e3o: Em audi\u00eancia p\u00fablica realizada no dia 13 de junho do presente ano, na Comiss\u00e3o de Sa\u00fade em conjunto \u00e0 Comiss\u00e3o de Defesa da Pessoa com Defici\u00eancia, este parlamento teve a oportunidade de conhecer as dificuldades de comunica\u00e7\u00e3o dos cidad\u00e3os que apresentam defici\u00eancia auditiva, para acesso ao atendimento p\u00fablico em geral.<br \/>\nNaquela oportunidade os representantes do Corpo de Bombeiros Militar e Pol\u00edcia Civil informaram os dispositivos digitais e tecnol\u00f3gicos j\u00e1 existentes no Estado de Minas\u00a0 Gerais\u00a0 para a interpreta\u00e7\u00e3o da L\u00edngua Brasileira de Sinais \u2013 Libras, um deles o Emerg\u00eancia MG, que pode auxiliar aos cidad\u00e3os e servidores  quando necess\u00e1rio o atendimento ao deficiente auditivo.<br \/>\nAdemais, foram apresentados um\u00a0 aplicativo\u00a0 denominado Socorro com as m\u00e3os, que realiza essa interpreta\u00e7\u00e3o de forma mais assertiva, promovendo a\u00a0 devida universalidade do atendimento com a necess\u00e1ria inclus\u00e3o.<br \/>\nTodavia muitos dos deficientes auditivos que participaram da reuni\u00e3o, desconheciam tais sistemas e relataram dificuldades de interpreta\u00e7\u00e3o da linguagem quando do atendimento de emerg\u00eancia em sa\u00fade e seguran\u00e7a p\u00fablica.<br \/>\nPor essa raz\u00e3o \u00e9 necess\u00e1rio que tais dispositivos sejam amplamente divulgados e essas informa\u00e7\u00f5es estejam pr\u00f3ximas aos balc\u00f5es de atendimento, para auxiliar n\u00e3o s\u00f3 o deficiente auditivo, assim como o servidor, que tamb\u00e9m poder\u00e1 ter\u00a0 acesso \u00e0 qualifica\u00e7\u00e3o para tais fins.\u00a0<br \/>\nDiante disso, requer apoio dos E. pares para a aprova\u00e7\u00e3o deste projeto de lei.<br \/>\n\u2013 Publicado, vai o projeto \u00e0s Comiss\u00f5es de Justi\u00e7a, da Pessoa com Defici\u00eancia e de Fiscaliza\u00e7\u00e3o Financeira para parecer, nos termos do art. 188, c\/c o art. 102, do Regimento Interno.<\/article>\n<div style=\"text-align: center\">\n<div style=\"margin-bottom: 20px;\" class=\"et_pb_button_module_wrapper et_pb_button_5_tb_body_wrapper et_pb_button_alignment_center et_pb_module \">\n         <a class=\"et_pb_button et_pb_button_5_tb_body et_hover_enabled et_pb_bg_layout_dark\" style=\"width: 50%;background-color: black;\" href=\"https:\/\/app.legislapp.com.br\" target=\"_blank\" rel=\"noopener\">Visualizar completo na nossa plataforma (30 dias gr\u00e1tis)<\/a><\/p><\/div>\n<p>      <a href=\"https:\/\/play.google.com\/store\/apps\/details?id=br.com.legislapp\"><img decoding=\"async\" style=\"width: 15%; min-width: 130px;\" src=\"https:\/\/www.legislapp.com.br\/wp-content\/uploads\/google-play.png\"><\/a><br \/>\n      <a href=\"https:\/\/apps.apple.com\/us\/app\/legislapp\/id1568929859\"><img decoding=\"async\" style=\"width: 15%; min-width: 130px\" src=\"https:\/\/www.legislapp.com.br\/wp-content\/uploads\/apple-store.png\"><\/a>\n   <\/div>\n","protected":false},"excerpt":{"rendered":"<p>C\u00e2m. Legislativa de MG &#8211; Autoria de Deputados Disp\u00f5e sobre a obrigatoriedade de fixa\u00e7\u00e3o de cartazes em estabelecimentos, reparti\u00e7\u00f5es e \u00f3rg\u00e3os p\u00fablicos contendo informa\u00e7\u00f5es sobre a disponibilidade de profissional ou de tecnologias de acesso que possam auxiliar na interpreta\u00e7\u00e3o da l\u00edngua brasileira de sinais \u2013 Libras. Obriga a fixa\u00e7\u00e3o de\u00a0\u00a0cartazes em local de f\u00e1cil acesso [&hellip;]<\/p>\n","protected":false},"author":1,"featured_media":0,"parent":0,"menu_order":0,"comment_status":"closed","ping_status":"closed","template":"page-template-blank.php","meta":{"_et_pb_use_builder":"","_et_pb_old_content":"","_et_gb_content_width":"1080","ngg_post_thumbnail":0,"footnotes":""},"class_list":["post-7181","page","type-page","status-publish","hentry"],"yoast_head":"<!-- This site is optimized with the Yoast SEO plugin v24.4 - https:\/\/yoast.com\/wordpress\/plugins\/seo\/ -->\n<title>PL 3973\/2025 - Deputados - Legislapp<\/title>\n<meta name=\"robots\" content=\"index, follow, max-snippet:-1, max-image-preview:large, max-video-preview:-1\" \/>\n<link rel=\"canonical\" href=\"https:\/\/www.legislapp.com.br\/index.php\/cam-legislativa-de-mg-pl-3973-2025\/\" \/>\n<meta property=\"og:locale\" content=\"pt_BR\" \/>\n<meta property=\"og:type\" content=\"article\" \/>\n<meta property=\"og:title\" content=\"PL 3973\/2025 - Deputados - Legislapp\" \/>\n<meta property=\"og:description\" content=\"C\u00e2m. Legislativa de MG &#8211; Autoria de Deputados Disp\u00f5e sobre a obrigatoriedade de fixa\u00e7\u00e3o de cartazes em estabelecimentos, reparti\u00e7\u00f5es e \u00f3rg\u00e3os p\u00fablicos contendo informa\u00e7\u00f5es sobre a disponibilidade de profissional ou de tecnologias de acesso que possam auxiliar na interpreta\u00e7\u00e3o da l\u00edngua brasileira de sinais \u2013 Libras. Obriga a fixa\u00e7\u00e3o de\u00a0\u00a0cartazes em local de f\u00e1cil acesso [&hellip;]\" \/>\n<meta property=\"og:url\" content=\"https:\/\/www.legislapp.com.br\/index.php\/cam-legislativa-de-mg-pl-3973-2025\/\" \/>\n<meta property=\"og:site_name\" content=\"Legislapp\" \/>\n<meta property=\"article:publisher\" content=\"https:\/\/www.instagram.com\/legislapp\/\" \/>\n<meta property=\"og:image\" content=\"https:\/\/www.legislapp.com.br\/wp-content\/uploads\/google-play.png\" \/>\n<meta name=\"twitter:card\" content=\"summary_large_image\" \/>\n<meta name=\"twitter:label1\" content=\"Est. tempo de leitura\" \/>\n\t<meta name=\"twitter:data1\" content=\"3 minutos\" \/>\n<script type=\"application\/ld+json\" class=\"yoast-schema-graph\">{\"@context\":\"https:\/\/schema.org\",\"@graph\":[{\"@type\":\"WebPage\",\"@id\":\"https:\/\/www.legislapp.com.br\/index.php\/cam-legislativa-de-mg-pl-3973-2025\/\",\"url\":\"https:\/\/www.legislapp.com.br\/index.php\/cam-legislativa-de-mg-pl-3973-2025\/\",\"name\":\"PL 3973\/2025 - Deputados - Legislapp\",\"isPartOf\":{\"@id\":\"https:\/\/www.legislapp.com.br\/#website\"},\"primaryImageOfPage\":{\"@id\":\"https:\/\/www.legislapp.com.br\/index.php\/cam-legislativa-de-mg-pl-3973-2025\/#primaryimage\"},\"image\":{\"@id\":\"https:\/\/www.legislapp.com.br\/index.php\/cam-legislativa-de-mg-pl-3973-2025\/#primaryimage\"},\"thumbnailUrl\":\"https:\/\/www.legislapp.com.br\/wp-content\/uploads\/google-play.png\",\"datePublished\":\"2025-09-17T16:16:51+00:00\",\"breadcrumb\":{\"@id\":\"https:\/\/www.legislapp.com.br\/index.php\/cam-legislativa-de-mg-pl-3973-2025\/#breadcrumb\"},\"inLanguage\":\"pt-BR\",\"potentialAction\":[{\"@type\":\"ReadAction\",\"target\":[\"https:\/\/www.legislapp.com.br\/index.php\/cam-legislativa-de-mg-pl-3973-2025\/\"]}]},{\"@type\":\"ImageObject\",\"inLanguage\":\"pt-BR\",\"@id\":\"https:\/\/www.legislapp.com.br\/index.php\/cam-legislativa-de-mg-pl-3973-2025\/#primaryimage\",\"url\":\"https:\/\/www.legislapp.com.br\/wp-content\/uploads\/google-play.png\",\"contentUrl\":\"https:\/\/www.legislapp.com.br\/wp-content\/uploads\/google-play.png\",\"width\":564,\"height\":168},{\"@type\":\"BreadcrumbList\",\"@id\":\"https:\/\/www.legislapp.com.br\/index.php\/cam-legislativa-de-mg-pl-3973-2025\/#breadcrumb\",\"itemListElement\":[{\"@type\":\"ListItem\",\"position\":1,\"name\":\"In\u00edcio\",\"item\":\"https:\/\/www.legislapp.com.br\/\"},{\"@type\":\"ListItem\",\"position\":2,\"name\":\"PL 3973\/2025 &#8211; Deputados\"}]},{\"@type\":\"WebSite\",\"@id\":\"https:\/\/www.legislapp.com.br\/#website\",\"url\":\"https:\/\/www.legislapp.com.br\/\",\"name\":\"Legislapp\",\"description\":\"Intelig\u00eancia governamental em tempo real\",\"publisher\":{\"@id\":\"https:\/\/www.legislapp.com.br\/#organization\"},\"potentialAction\":[{\"@type\":\"SearchAction\",\"target\":{\"@type\":\"EntryPoint\",\"urlTemplate\":\"https:\/\/www.legislapp.com.br\/?s={search_term_string}\"},\"query-input\":{\"@type\":\"PropertyValueSpecification\",\"valueRequired\":true,\"valueName\":\"search_term_string\"}}],\"inLanguage\":\"pt-BR\"},{\"@type\":\"Organization\",\"@id\":\"https:\/\/www.legislapp.com.br\/#organization\",\"name\":\"Legislapp Monitoramento e Intelig\u00eancia Governamental\",\"url\":\"https:\/\/www.legislapp.com.br\/\",\"logo\":{\"@type\":\"ImageObject\",\"inLanguage\":\"pt-BR\",\"@id\":\"https:\/\/www.legislapp.com.br\/#\/schema\/logo\/image\/\",\"url\":\"https:\/\/www.legislapp.com.br\/wp-content\/uploads\/icon.png\",\"contentUrl\":\"https:\/\/www.legislapp.com.br\/wp-content\/uploads\/icon.png\",\"width\":1024,\"height\":1024,\"caption\":\"Legislapp Monitoramento e Intelig\u00eancia Governamental\"},\"image\":{\"@id\":\"https:\/\/www.legislapp.com.br\/#\/schema\/logo\/image\/\"},\"sameAs\":[\"https:\/\/www.instagram.com\/legislapp\/\"]}]}<\/script>\n<!-- \/ Yoast SEO plugin. -->","yoast_head_json":{"title":"PL 3973\/2025 - Deputados - Legislapp","robots":{"index":"index","follow":"follow","max-snippet":"max-snippet:-1","max-image-preview":"max-image-preview:large","max-video-preview":"max-video-preview:-1"},"canonical":"https:\/\/www.legislapp.com.br\/index.php\/cam-legislativa-de-mg-pl-3973-2025\/","og_locale":"pt_BR","og_type":"article","og_title":"PL 3973\/2025 - Deputados - Legislapp","og_description":"C\u00e2m. Legislativa de MG &#8211; Autoria de Deputados Disp\u00f5e sobre a obrigatoriedade de fixa\u00e7\u00e3o de cartazes em estabelecimentos, reparti\u00e7\u00f5es e \u00f3rg\u00e3os p\u00fablicos contendo informa\u00e7\u00f5es sobre a disponibilidade de profissional ou de tecnologias de acesso que possam auxiliar na interpreta\u00e7\u00e3o da l\u00edngua brasileira de sinais \u2013 Libras. Obriga a fixa\u00e7\u00e3o de\u00a0\u00a0cartazes em local de f\u00e1cil acesso [&hellip;]","og_url":"https:\/\/www.legislapp.com.br\/index.php\/cam-legislativa-de-mg-pl-3973-2025\/","og_site_name":"Legislapp","article_publisher":"https:\/\/www.instagram.com\/legislapp\/","og_image":[{"url":"https:\/\/www.legislapp.com.br\/wp-content\/uploads\/google-play.png","type":"","width":"","height":""}],"twitter_card":"summary_large_image","twitter_misc":{"Est. tempo de leitura":"3 minutos"},"schema":{"@context":"https:\/\/schema.org","@graph":[{"@type":"WebPage","@id":"https:\/\/www.legislapp.com.br\/index.php\/cam-legislativa-de-mg-pl-3973-2025\/","url":"https:\/\/www.legislapp.com.br\/index.php\/cam-legislativa-de-mg-pl-3973-2025\/","name":"PL 3973\/2025 - Deputados - Legislapp","isPartOf":{"@id":"https:\/\/www.legislapp.com.br\/#website"},"primaryImageOfPage":{"@id":"https:\/\/www.legislapp.com.br\/index.php\/cam-legislativa-de-mg-pl-3973-2025\/#primaryimage"},"image":{"@id":"https:\/\/www.legislapp.com.br\/index.php\/cam-legislativa-de-mg-pl-3973-2025\/#primaryimage"},"thumbnailUrl":"https:\/\/www.legislapp.com.br\/wp-content\/uploads\/google-play.png","datePublished":"2025-09-17T16:16:51+00:00","breadcrumb":{"@id":"https:\/\/www.legislapp.com.br\/index.php\/cam-legislativa-de-mg-pl-3973-2025\/#breadcrumb"},"inLanguage":"pt-BR","potentialAction":[{"@type":"ReadAction","target":["https:\/\/www.legislapp.com.br\/index.php\/cam-legislativa-de-mg-pl-3973-2025\/"]}]},{"@type":"ImageObject","inLanguage":"pt-BR","@id":"https:\/\/www.legislapp.com.br\/index.php\/cam-legislativa-de-mg-pl-3973-2025\/#primaryimage","url":"https:\/\/www.legislapp.com.br\/wp-content\/uploads\/google-play.png","contentUrl":"https:\/\/www.legislapp.com.br\/wp-content\/uploads\/google-play.png","width":564,"height":168},{"@type":"BreadcrumbList","@id":"https:\/\/www.legislapp.com.br\/index.php\/cam-legislativa-de-mg-pl-3973-2025\/#breadcrumb","itemListElement":[{"@type":"ListItem","position":1,"name":"In\u00edcio","item":"https:\/\/www.legislapp.com.br\/"},{"@type":"ListItem","position":2,"name":"PL 3973\/2025 &#8211; Deputados"}]},{"@type":"WebSite","@id":"https:\/\/www.legislapp.com.br\/#website","url":"https:\/\/www.legislapp.com.br\/","name":"Legislapp","description":"Intelig\u00eancia governamental em tempo real","publisher":{"@id":"https:\/\/www.legislapp.com.br\/#organization"},"potentialAction":[{"@type":"SearchAction","target":{"@type":"EntryPoint","urlTemplate":"https:\/\/www.legislapp.com.br\/?s={search_term_string}"},"query-input":{"@type":"PropertyValueSpecification","valueRequired":true,"valueName":"search_term_string"}}],"inLanguage":"pt-BR"},{"@type":"Organization","@id":"https:\/\/www.legislapp.com.br\/#organization","name":"Legislapp Monitoramento e Intelig\u00eancia Governamental","url":"https:\/\/www.legislapp.com.br\/","logo":{"@type":"ImageObject","inLanguage":"pt-BR","@id":"https:\/\/www.legislapp.com.br\/#\/schema\/logo\/image\/","url":"https:\/\/www.legislapp.com.br\/wp-content\/uploads\/icon.png","contentUrl":"https:\/\/www.legislapp.com.br\/wp-content\/uploads\/icon.png","width":1024,"height":1024,"caption":"Legislapp Monitoramento e Intelig\u00eancia Governamental"},"image":{"@id":"https:\/\/www.legislapp.com.br\/#\/schema\/logo\/image\/"},"sameAs":["https:\/\/www.instagram.com\/legislapp\/"]}]}},"_links":{"self":[{"href":"https:\/\/www.legislapp.com.br\/index.php\/wp-json\/wp\/v2\/pages\/7181","targetHints":{"allow":["GET"]}}],"collection":[{"href":"https:\/\/www.legislapp.com.br\/index.php\/wp-json\/wp\/v2\/pages"}],"about":[{"href":"https:\/\/www.legislapp.com.br\/index.php\/wp-json\/wp\/v2\/types\/page"}],"author":[{"embeddable":true,"href":"https:\/\/www.legislapp.com.br\/index.php\/wp-json\/wp\/v2\/users\/1"}],"replies":[{"embeddable":true,"href":"https:\/\/www.legislapp.com.br\/index.php\/wp-json\/wp\/v2\/comments?post=7181"}],"version-history":[{"count":0,"href":"https:\/\/www.legislapp.com.br\/index.php\/wp-json\/wp\/v2\/pages\/7181\/revisions"}],"wp:attachment":[{"href":"https:\/\/www.legislapp.com.br\/index.php\/wp-json\/wp\/v2\/media?parent=7181"}],"curies":[{"name":"wp","href":"https:\/\/api.w.org\/{rel}","templated":true}]}}