{"id":7221,"date":"2025-09-17T13:19:05","date_gmt":"2025-09-17T16:19:05","guid":{"rendered":"https:\/\/www.legislapp.com.br\/index.php\/cam-legislativa-de-sc-pl-0416-2025\/"},"modified":"2025-09-17T13:19:05","modified_gmt":"2025-09-17T16:19:05","slug":"cam-legislativa-de-sc-pl-0416-2025","status":"publish","type":"page","link":"https:\/\/www.legislapp.com.br\/index.php\/cam-legislativa-de-sc-pl-0416-2025\/","title":{"rendered":"PL.\/0416\/2025 &#8211; Governador do Estado"},"content":{"rendered":"<h1 style='text-align: center;'>C\u00e2m. Legislativa de SC &#8211; Autoria de Governador do Estado<\/h3>\n<p><\/p>\n<article style='text-align: center'>Altera o art. 2\u00ba da Lei n\u00ba 16.446, de 2014, que fixa o valor unit\u00e1rio do aux\u00edlio-alimenta\u00e7\u00e3o dos servidores da Funda\u00e7\u00e3o Universidade do Estado de Santa Catarina (UDESC) e estabelece outras provid\u00eancias.<\/article>\n<p><\/p>\n<p style='text-align: center'><a href='https:\/\/app.legislapp.com.br\/#\/busca?termo='><\/a><\/p>\n<p><\/p>\n<article>ESTADO DE SANTA CATARINA<br \/>\nGABINETE DO GOVERNADOR  <\/p>\n<p>MENSAGEM N\u00ba 1046 <\/p>\n<p>EXCELENT\u00cdSSIMO SENHOR PRESIDENTE, SENHORAS<br \/>\nDEPUTADAS E SENHORES DEPUTADOS DA ASSEMBLEIA<br \/>\nLEGISLATIVA DO ESTADO <\/p>\n<p>Nos termos do art. 50 da Constitui\u00e7\u00e3o do Estado, submeto \u00e0<br \/>\nelevada delibera\u00e7\u00e3o dessa augusta Casa Legislativa, acompanhado de exposi\u00e7\u00e3o de<br \/>\nmotivos da Secretaria de Estado da Educa\u00e7\u00e3o, o projeto de lei que \u201cAltera o art. 2\u00ba da Lei<br \/>\nn\u00ba 16.446, de 2014, que fixa o valor unit\u00e1rio do aux\u00edlio-alimenta\u00e7\u00e3o dos servidores da<br \/>\nFunda\u00e7\u00e3o Universidade do Estado de Santa Catarina (UDESC) e estabelece outras<br \/>\nprovid\u00eancias\u201d. <\/p>\n<p>Florian\u00f3polis, 1\u00ba de julho de 2025. <\/p>\n<p>JORGINHO MELLO<br \/>\nGovernador do Estado<br \/>\nmsl_PJ_227<br \/>\n77<br \/>\nP\u00e1g. 01 de 01 &#8211; Documento assinado digitalmente. Para confer\u00eancia, acesse o site https:\/\/portal.sgpe.sea.sc.gov.br\/portal-externo e informe o processo UDESC 00038564\/2024 e o c\u00f3digo 1OEX2Q85.Assinaturas do documento<\/p>\n<p>C\u00f3digo para verifica\u00e7\u00e3o: 1OEX2Q85<\/p>\n<p>Este documento foi assinado digitalmente pelos seguintes signat\u00e1rios nas datas indicadas:<\/p>\n<p>JORGINHO DOS SANTOS MELLO (CPF: 250.XXX.199-XX) em 01\/07\/2025 \u00e0s 19:07:25<br \/>\nEmitido por: &#8220;SGP-e&#8221;, emitido em 14\/04\/2023 &#8211; 11:54:30 e v\u00e1lido at\u00e9 14\/04\/2123 &#8211; 11:54:30.<br \/>\n(Assinatura do sistema)<\/p>\n<p>Para verificar a autenticidade desta c\u00f3pia, acesse o link https:\/\/portal.sgpe.sea.sc.gov.br\/portal-externo\/conferencia-<br \/>\ndocumento\/VURFU0NfMTIwMjJfMDAwMzg1NjRfMzg2MDdfMjAyNF8xT0VYMlE4NQ== ou o site<br \/>\nhttps:\/\/portal.sgpe.sea.sc.gov.br\/portal-externo e informe o processo UDESC 00038564\/2024 e o c\u00f3digo<br \/>\n1OEX2Q85 ou aponte a c\u00e2mera para o QR Code presente nesta p\u00e1gina para realizar a confer\u00eancia.<\/p>\n<p>                               ESTADO DE SANTA CATARINA<br \/>\n                         SECRETARIA DE ESTADO DA EDUCA\u00c7\u00c3O<br \/>\n                         GABINETE DO SECRET\u00c1RIO<\/p>\n<p>Exposi\u00e7\u00e3o de Motivos n\u00ba 043\/2025                                               Florian\u00f3polis, 26 de maio de 2025.<br \/>\nRefer\u00eancia: Processo UDESC 38564\/2024<br \/>\nSenhor Governador,<br \/>\nSubmetemos a aprecia\u00e7\u00e3o de Vossa Excel\u00eancia o Anteprojeto de Lei, que \u201cAltera o art. 2\u00ba<br \/>\nda Lei n\u00ba 16.446\/2014, que fixa o valor unit\u00e1rio do aux\u00edlio alimenta\u00e7\u00e3o dos servidores, por dia<br \/>\ntrabalhado, da Funda\u00e7\u00e3o Universidade do Estado de Santa Catarina (UDESC) e estabelece outras<br \/>\nprovid\u00eancias\u201d.<br \/>\nO Conselho Universit\u00e1rio (Consuni) da UDESC aprovou, em 04 de julho de 2024, com<br \/>\nbase em estudos da Pr\u00f3-Reitoria de Planejamento (PROPLAN) da institui\u00e7\u00e3o, a revis\u00e3o do aux\u00edlio<br \/>\nalimenta\u00e7\u00e3o dos servidores da Funda\u00e7\u00e3o Universidade do Estado de Santa Catarina (UDESC),<br \/>\ndefinindo um valor de R$ 44,90 (quarenta e quatro reais e noventa centavos) por dia trabalhado.<br \/>\nO valor atual do aux\u00edlio-alimenta\u00e7\u00e3o de R$ 40,82 (quarenta reais e oitenta e dois<br \/>\ncentavos) \u00e9 regrado por meio da Lei Ordin\u00e1ria n\u00ba 18.887, de 12 de abril de 2024. Esclarecemos<br \/>\nque o valor do aux\u00edlio-alimenta\u00e7\u00e3o era de R$ 18,18, em 2000, conforme o Decreto n\u00ba 1989, de 29<br \/>\nde dezembro de 2000, passou para R$ 19,50, conforme a Lei n\u00ba 16.446, de 7 de agosto de 2014,<br \/>\ne, em seguida, para R$ 29,25, conforme a Lei n\u00ba 17.011, de 24 de outubro de 2016. Ap\u00f3s oito<br \/>\nanos sem recomposi\u00e7\u00f5es, passou para R$ 40,82, conforme a Lei n\u00ba 18.887, de 12 de abril de<br \/>\n2024.<br \/>\nSalientamos ainda que as despesas com Aux\u00edlio Alimenta\u00e7\u00e3o dos servidores da UDESC<br \/>\nn\u00e3o causam impacto para fins da an\u00e1lise dos limites de despesas com pessoal da Lei<br \/>\nComplementar n\u00ba 101\/2000 \u2013 Lei de Responsabilidade Fiscal, bem como da Lei Complementar n\u00ba<br \/>\n345\/2006, por\u00e9m representam impacto or\u00e7ament\u00e1rio e financeiro para a Universidade. Portanto,<br \/>\nesclarecemos que as despesas decorrentes da atualiza\u00e7\u00e3o do Aux\u00edlio Alimenta\u00e7\u00e3o, aprovada pelo<br \/>\nConselho Universit\u00e1rio, ocorrer\u00e3o por conta de dota\u00e7\u00e3o or\u00e7ament\u00e1ria pr\u00f3pria do or\u00e7amento da<br \/>\nUDESC.<br \/>\nPelo exposto e certos da compreens\u00e3o de Vossa Excel\u00eancia, aguardamos parecer<br \/>\nfavor\u00e1vel ao Anteprojeto de Lei ora apresentado.<br \/>\nRespeitosamente,<br \/>\nLuciane Bisognin Ceretta<br \/>\nSecret\u00e1ria de Estado da Educa\u00e7\u00e3o<br \/>\n(assinado digitalmente)<br \/>\n48<br \/>\nP\u00e1g. 01 de 01 &#8211; Documento assinado digitalmente. Para confer\u00eancia, acesse o site https:\/\/portal.sgpe.sea.sc.gov.br\/portal-externo e informe o processo UDESC 00038564\/2024 e o c\u00f3digo 5I57ZL5T.Assinaturas do documento<\/p>\n<p>C\u00f3digo para verifica\u00e7\u00e3o: 5I57ZL5T<\/p>\n<p>Este documento foi assinado digitalmente pelos seguintes signat\u00e1rios nas datas indicadas:<\/p>\n<p>LUCIANE BISOGNIN CERETTA (CPF: 490.XXX.110-XX) em 30\/05\/2025 \u00e0s 12:43:07<br \/>\nEmitido por: &#8220;SGP-e&#8221;, emitido em 04\/08\/2022 &#8211; 17:13:56 e v\u00e1lido at\u00e9 04\/08\/2122 &#8211; 17:13:56.<br \/>\n(Assinatura do sistema)<\/p>\n<p>Para verificar a autenticidade desta c\u00f3pia, acesse o link https:\/\/portal.sgpe.sea.sc.gov.br\/portal-externo\/conferencia-<br \/>\ndocumento\/VURFU0NfMTIwMjJfMDAwMzg1NjRfMzg2MDdfMjAyNF81STU3Wkw1VA== ou o site<br \/>\nhttps:\/\/portal.sgpe.sea.sc.gov.br\/portal-externo e informe o processo UDESC 00038564\/2024 e o c\u00f3digo 5I57ZL5T<br \/>\nou aponte a c\u00e2mera para o QR Code presente nesta p\u00e1gina para realizar a confer\u00eancia.<br \/>\nESTADO DE SANTA CATARINA <\/p>\n<p>PROJETO DE LEI N\u00ba <\/p>\n<p>Altera o art. 2\u00ba da Lei n\u00ba 16.446, de 2014, que fixa o valor unit\u00e1rio<br \/>\ndo aux\u00edlio-alimenta\u00e7\u00e3o dos servidores da Funda\u00e7\u00e3o<br \/>\nUniversidade do Estado de Santa Catarina (UDESC) e<br \/>\nestabelece outras provid\u00eancias. <\/p>\n<p>O GOVERNADOR DO ESTADO DE SANTA CATARINA<br \/>\nFa\u00e7o saber a todos os habitantes deste Estado que a<br \/>\nAssembleia Legislativa decreta e eu sanciono a seguinte Lei: <\/p>\n<p>Art. 1\u00ba O art. 2\u00ba da Lei n\u00ba 16.446, de 7 de agosto de 2014, passa<br \/>\na vigorar com a seguinte reda\u00e7\u00e3o: <\/p>\n<p>\u201cArt. 2\u00ba Fica fixado em R$ 44,90 (quarenta e quatro reais e<br \/>\nnoventa centavos) o valor unit\u00e1rio do aux\u00edlio-alimenta\u00e7\u00e3o dos servidores da Funda\u00e7\u00e3o<br \/>\nUniversidade do Estado de Santa Catarina (UDESC), por dia trabalhado.\u201d (NR) <\/p>\n<p>Art. 2\u00ba As despesas decorrentes da execu\u00e7\u00e3o desta Lei correr\u00e3o<br \/>\n\u00e0 conta da dota\u00e7\u00e3o or\u00e7ament\u00e1ria pr\u00f3pria da Funda\u00e7\u00e3o Universidade do Estado de Santa<br \/>\nCatarina (UDESC). <\/p>\n<p>Art. 3\u00ba Esta Lei entra em vigor na data de sua publica\u00e7\u00e3o. <\/p>\n<p>Florian\u00f3polis, <\/p>\n<p>JORGINHO MELLO<br \/>\nGovernador do Estado<br \/>\nPJ_227  UDESC 38564\/2024<br \/>\n76<br \/>\nP\u00e1g. 01 de 01 &#8211; Documento assinado digitalmente. Para confer\u00eancia, acesse o site https:\/\/portal.sgpe.sea.sc.gov.br\/portal-externo e informe o processo UDESC 00038564\/2024 e o c\u00f3digo B40Y3D6E.Assinaturas do documento<\/p>\n<p>C\u00f3digo para verifica\u00e7\u00e3o: B40Y3D6E<\/p>\n<p>Este documento foi assinado digitalmente pelos seguintes signat\u00e1rios nas datas indicadas:<\/p>\n<p>JORGINHO DOS SANTOS MELLO (CPF: 250.XXX.199-XX) em 01\/07\/2025 \u00e0s 19:07:25<br \/>\nEmitido por: &#8220;SGP-e&#8221;, emitido em 14\/04\/2023 &#8211; 11:54:30 e v\u00e1lido at\u00e9 14\/04\/2123 &#8211; 11:54:30.<br \/>\n(Assinatura do sistema)<\/p>\n<p>Para verificar a autenticidade desta c\u00f3pia, acesse o link https:\/\/portal.sgpe.sea.sc.gov.br\/portal-externo\/conferencia-<br \/>\ndocumento\/VURFU0NfMTIwMjJfMDAwMzg1NjRfMzg2MDdfMjAyNF9CNDBZM0Q2RQ== ou o site<br \/>\nhttps:\/\/portal.sgpe.sea.sc.gov.br\/portal-externo e informe o processo UDESC 00038564\/2024 e o c\u00f3digo<br \/>\nB40Y3D6E ou aponte a c\u00e2mera para o QR Code presente nesta p\u00e1gina para realizar a confer\u00eancia.<br \/>\n<\/article>\n<div style=\"text-align: center\">\n<div style=\"margin-bottom: 20px;\" class=\"et_pb_button_module_wrapper et_pb_button_5_tb_body_wrapper et_pb_button_alignment_center et_pb_module \">\n         <a class=\"et_pb_button et_pb_button_5_tb_body et_hover_enabled et_pb_bg_layout_dark\" style=\"width: 50%;background-color: black;\" href=\"https:\/\/app.legislapp.com.br\" target=\"_blank\" rel=\"noopener\">Visualizar completo na nossa plataforma (30 dias gr\u00e1tis)<\/a><\/p><\/div>\n<p>      <a href=\"https:\/\/play.google.com\/store\/apps\/details?id=br.com.legislapp\"><img decoding=\"async\" style=\"width: 15%; min-width: 130px;\" src=\"https:\/\/www.legislapp.com.br\/wp-content\/uploads\/google-play.png\"><\/a><br \/>\n      <a href=\"https:\/\/apps.apple.com\/us\/app\/legislapp\/id1568929859\"><img decoding=\"async\" style=\"width: 15%; min-width: 130px\" src=\"https:\/\/www.legislapp.com.br\/wp-content\/uploads\/apple-store.png\"><\/a>\n   <\/div>\n","protected":false},"excerpt":{"rendered":"<p>C\u00e2m. Legislativa de SC &#8211; Autoria de Governador do Estado Altera o art. 2\u00ba da Lei n\u00ba 16.446, de 2014, que fixa o valor unit\u00e1rio do aux\u00edlio-alimenta\u00e7\u00e3o dos servidores da Funda\u00e7\u00e3o Universidade do Estado de Santa Catarina (UDESC) e estabelece outras provid\u00eancias. ESTADO DE SANTA CATARINA GABINETE DO GOVERNADOR MENSAGEM N\u00ba 1046 EXCELENT\u00cdSSIMO SENHOR PRESIDENTE, [&hellip;]<\/p>\n","protected":false},"author":1,"featured_media":0,"parent":0,"menu_order":0,"comment_status":"closed","ping_status":"closed","template":"page-template-blank.php","meta":{"_et_pb_use_builder":"","_et_pb_old_content":"","_et_gb_content_width":"1080","ngg_post_thumbnail":0,"footnotes":""},"class_list":["post-7221","page","type-page","status-publish","hentry"],"yoast_head":"<!-- This site is optimized with the Yoast SEO plugin v24.4 - https:\/\/yoast.com\/wordpress\/plugins\/seo\/ -->\n<title>PL.\/0416\/2025 - Governador do Estado - Legislapp<\/title>\n<meta name=\"robots\" content=\"index, follow, max-snippet:-1, max-image-preview:large, max-video-preview:-1\" \/>\n<link rel=\"canonical\" href=\"https:\/\/www.legislapp.com.br\/index.php\/cam-legislativa-de-sc-pl-0416-2025\/\" \/>\n<meta property=\"og:locale\" content=\"pt_BR\" \/>\n<meta property=\"og:type\" content=\"article\" \/>\n<meta property=\"og:title\" content=\"PL.\/0416\/2025 - Governador do Estado - Legislapp\" \/>\n<meta property=\"og:description\" content=\"C\u00e2m. Legislativa de SC &#8211; Autoria de Governador do Estado Altera o art. 2\u00ba da Lei n\u00ba 16.446, de 2014, que fixa o valor unit\u00e1rio do aux\u00edlio-alimenta\u00e7\u00e3o dos servidores da Funda\u00e7\u00e3o Universidade do Estado de Santa Catarina (UDESC) e estabelece outras provid\u00eancias. ESTADO DE SANTA CATARINA GABINETE DO GOVERNADOR MENSAGEM N\u00ba 1046 EXCELENT\u00cdSSIMO SENHOR PRESIDENTE, [&hellip;]\" \/>\n<meta property=\"og:url\" content=\"https:\/\/www.legislapp.com.br\/index.php\/cam-legislativa-de-sc-pl-0416-2025\/\" \/>\n<meta property=\"og:site_name\" content=\"Legislapp\" \/>\n<meta property=\"article:publisher\" content=\"https:\/\/www.instagram.com\/legislapp\/\" \/>\n<meta property=\"og:image\" content=\"https:\/\/www.legislapp.com.br\/wp-content\/uploads\/google-play.png\" \/>\n<meta name=\"twitter:card\" content=\"summary_large_image\" \/>\n<meta name=\"twitter:label1\" content=\"Est. tempo de leitura\" \/>\n\t<meta name=\"twitter:data1\" content=\"6 minutos\" \/>\n<script type=\"application\/ld+json\" class=\"yoast-schema-graph\">{\"@context\":\"https:\/\/schema.org\",\"@graph\":[{\"@type\":\"WebPage\",\"@id\":\"https:\/\/www.legislapp.com.br\/index.php\/cam-legislativa-de-sc-pl-0416-2025\/\",\"url\":\"https:\/\/www.legislapp.com.br\/index.php\/cam-legislativa-de-sc-pl-0416-2025\/\",\"name\":\"PL.\/0416\/2025 - Governador do Estado - Legislapp\",\"isPartOf\":{\"@id\":\"https:\/\/www.legislapp.com.br\/#website\"},\"primaryImageOfPage\":{\"@id\":\"https:\/\/www.legislapp.com.br\/index.php\/cam-legislativa-de-sc-pl-0416-2025\/#primaryimage\"},\"image\":{\"@id\":\"https:\/\/www.legislapp.com.br\/index.php\/cam-legislativa-de-sc-pl-0416-2025\/#primaryimage\"},\"thumbnailUrl\":\"https:\/\/www.legislapp.com.br\/wp-content\/uploads\/google-play.png\",\"datePublished\":\"2025-09-17T16:19:05+00:00\",\"breadcrumb\":{\"@id\":\"https:\/\/www.legislapp.com.br\/index.php\/cam-legislativa-de-sc-pl-0416-2025\/#breadcrumb\"},\"inLanguage\":\"pt-BR\",\"potentialAction\":[{\"@type\":\"ReadAction\",\"target\":[\"https:\/\/www.legislapp.com.br\/index.php\/cam-legislativa-de-sc-pl-0416-2025\/\"]}]},{\"@type\":\"ImageObject\",\"inLanguage\":\"pt-BR\",\"@id\":\"https:\/\/www.legislapp.com.br\/index.php\/cam-legislativa-de-sc-pl-0416-2025\/#primaryimage\",\"url\":\"https:\/\/www.legislapp.com.br\/wp-content\/uploads\/google-play.png\",\"contentUrl\":\"https:\/\/www.legislapp.com.br\/wp-content\/uploads\/google-play.png\",\"width\":564,\"height\":168},{\"@type\":\"BreadcrumbList\",\"@id\":\"https:\/\/www.legislapp.com.br\/index.php\/cam-legislativa-de-sc-pl-0416-2025\/#breadcrumb\",\"itemListElement\":[{\"@type\":\"ListItem\",\"position\":1,\"name\":\"In\u00edcio\",\"item\":\"https:\/\/www.legislapp.com.br\/\"},{\"@type\":\"ListItem\",\"position\":2,\"name\":\"PL.\/0416\/2025 &#8211; Governador do Estado\"}]},{\"@type\":\"WebSite\",\"@id\":\"https:\/\/www.legislapp.com.br\/#website\",\"url\":\"https:\/\/www.legislapp.com.br\/\",\"name\":\"Legislapp\",\"description\":\"Intelig\u00eancia governamental em tempo real\",\"publisher\":{\"@id\":\"https:\/\/www.legislapp.com.br\/#organization\"},\"potentialAction\":[{\"@type\":\"SearchAction\",\"target\":{\"@type\":\"EntryPoint\",\"urlTemplate\":\"https:\/\/www.legislapp.com.br\/?s={search_term_string}\"},\"query-input\":{\"@type\":\"PropertyValueSpecification\",\"valueRequired\":true,\"valueName\":\"search_term_string\"}}],\"inLanguage\":\"pt-BR\"},{\"@type\":\"Organization\",\"@id\":\"https:\/\/www.legislapp.com.br\/#organization\",\"name\":\"Legislapp Monitoramento e Intelig\u00eancia Governamental\",\"url\":\"https:\/\/www.legislapp.com.br\/\",\"logo\":{\"@type\":\"ImageObject\",\"inLanguage\":\"pt-BR\",\"@id\":\"https:\/\/www.legislapp.com.br\/#\/schema\/logo\/image\/\",\"url\":\"https:\/\/www.legislapp.com.br\/wp-content\/uploads\/icon.png\",\"contentUrl\":\"https:\/\/www.legislapp.com.br\/wp-content\/uploads\/icon.png\",\"width\":1024,\"height\":1024,\"caption\":\"Legislapp Monitoramento e Intelig\u00eancia Governamental\"},\"image\":{\"@id\":\"https:\/\/www.legislapp.com.br\/#\/schema\/logo\/image\/\"},\"sameAs\":[\"https:\/\/www.instagram.com\/legislapp\/\"]}]}<\/script>\n<!-- \/ Yoast SEO plugin. -->","yoast_head_json":{"title":"PL.\/0416\/2025 - Governador do Estado - Legislapp","robots":{"index":"index","follow":"follow","max-snippet":"max-snippet:-1","max-image-preview":"max-image-preview:large","max-video-preview":"max-video-preview:-1"},"canonical":"https:\/\/www.legislapp.com.br\/index.php\/cam-legislativa-de-sc-pl-0416-2025\/","og_locale":"pt_BR","og_type":"article","og_title":"PL.\/0416\/2025 - Governador do Estado - Legislapp","og_description":"C\u00e2m. Legislativa de SC &#8211; Autoria de Governador do Estado Altera o art. 2\u00ba da Lei n\u00ba 16.446, de 2014, que fixa o valor unit\u00e1rio do aux\u00edlio-alimenta\u00e7\u00e3o dos servidores da Funda\u00e7\u00e3o Universidade do Estado de Santa Catarina (UDESC) e estabelece outras provid\u00eancias. ESTADO DE SANTA CATARINA GABINETE DO GOVERNADOR MENSAGEM N\u00ba 1046 EXCELENT\u00cdSSIMO SENHOR PRESIDENTE, [&hellip;]","og_url":"https:\/\/www.legislapp.com.br\/index.php\/cam-legislativa-de-sc-pl-0416-2025\/","og_site_name":"Legislapp","article_publisher":"https:\/\/www.instagram.com\/legislapp\/","og_image":[{"url":"https:\/\/www.legislapp.com.br\/wp-content\/uploads\/google-play.png","type":"","width":"","height":""}],"twitter_card":"summary_large_image","twitter_misc":{"Est. tempo de leitura":"6 minutos"},"schema":{"@context":"https:\/\/schema.org","@graph":[{"@type":"WebPage","@id":"https:\/\/www.legislapp.com.br\/index.php\/cam-legislativa-de-sc-pl-0416-2025\/","url":"https:\/\/www.legislapp.com.br\/index.php\/cam-legislativa-de-sc-pl-0416-2025\/","name":"PL.\/0416\/2025 - Governador do Estado - Legislapp","isPartOf":{"@id":"https:\/\/www.legislapp.com.br\/#website"},"primaryImageOfPage":{"@id":"https:\/\/www.legislapp.com.br\/index.php\/cam-legislativa-de-sc-pl-0416-2025\/#primaryimage"},"image":{"@id":"https:\/\/www.legislapp.com.br\/index.php\/cam-legislativa-de-sc-pl-0416-2025\/#primaryimage"},"thumbnailUrl":"https:\/\/www.legislapp.com.br\/wp-content\/uploads\/google-play.png","datePublished":"2025-09-17T16:19:05+00:00","breadcrumb":{"@id":"https:\/\/www.legislapp.com.br\/index.php\/cam-legislativa-de-sc-pl-0416-2025\/#breadcrumb"},"inLanguage":"pt-BR","potentialAction":[{"@type":"ReadAction","target":["https:\/\/www.legislapp.com.br\/index.php\/cam-legislativa-de-sc-pl-0416-2025\/"]}]},{"@type":"ImageObject","inLanguage":"pt-BR","@id":"https:\/\/www.legislapp.com.br\/index.php\/cam-legislativa-de-sc-pl-0416-2025\/#primaryimage","url":"https:\/\/www.legislapp.com.br\/wp-content\/uploads\/google-play.png","contentUrl":"https:\/\/www.legislapp.com.br\/wp-content\/uploads\/google-play.png","width":564,"height":168},{"@type":"BreadcrumbList","@id":"https:\/\/www.legislapp.com.br\/index.php\/cam-legislativa-de-sc-pl-0416-2025\/#breadcrumb","itemListElement":[{"@type":"ListItem","position":1,"name":"In\u00edcio","item":"https:\/\/www.legislapp.com.br\/"},{"@type":"ListItem","position":2,"name":"PL.\/0416\/2025 &#8211; Governador do Estado"}]},{"@type":"WebSite","@id":"https:\/\/www.legislapp.com.br\/#website","url":"https:\/\/www.legislapp.com.br\/","name":"Legislapp","description":"Intelig\u00eancia governamental em tempo real","publisher":{"@id":"https:\/\/www.legislapp.com.br\/#organization"},"potentialAction":[{"@type":"SearchAction","target":{"@type":"EntryPoint","urlTemplate":"https:\/\/www.legislapp.com.br\/?s={search_term_string}"},"query-input":{"@type":"PropertyValueSpecification","valueRequired":true,"valueName":"search_term_string"}}],"inLanguage":"pt-BR"},{"@type":"Organization","@id":"https:\/\/www.legislapp.com.br\/#organization","name":"Legislapp Monitoramento e Intelig\u00eancia Governamental","url":"https:\/\/www.legislapp.com.br\/","logo":{"@type":"ImageObject","inLanguage":"pt-BR","@id":"https:\/\/www.legislapp.com.br\/#\/schema\/logo\/image\/","url":"https:\/\/www.legislapp.com.br\/wp-content\/uploads\/icon.png","contentUrl":"https:\/\/www.legislapp.com.br\/wp-content\/uploads\/icon.png","width":1024,"height":1024,"caption":"Legislapp Monitoramento e Intelig\u00eancia Governamental"},"image":{"@id":"https:\/\/www.legislapp.com.br\/#\/schema\/logo\/image\/"},"sameAs":["https:\/\/www.instagram.com\/legislapp\/"]}]}},"_links":{"self":[{"href":"https:\/\/www.legislapp.com.br\/index.php\/wp-json\/wp\/v2\/pages\/7221","targetHints":{"allow":["GET"]}}],"collection":[{"href":"https:\/\/www.legislapp.com.br\/index.php\/wp-json\/wp\/v2\/pages"}],"about":[{"href":"https:\/\/www.legislapp.com.br\/index.php\/wp-json\/wp\/v2\/types\/page"}],"author":[{"embeddable":true,"href":"https:\/\/www.legislapp.com.br\/index.php\/wp-json\/wp\/v2\/users\/1"}],"replies":[{"embeddable":true,"href":"https:\/\/www.legislapp.com.br\/index.php\/wp-json\/wp\/v2\/comments?post=7221"}],"version-history":[{"count":0,"href":"https:\/\/www.legislapp.com.br\/index.php\/wp-json\/wp\/v2\/pages\/7221\/revisions"}],"wp:attachment":[{"href":"https:\/\/www.legislapp.com.br\/index.php\/wp-json\/wp\/v2\/media?parent=7221"}],"curies":[{"name":"wp","href":"https:\/\/api.w.org\/{rel}","templated":true}]}}