{"id":7259,"date":"2025-09-17T13:21:11","date_gmt":"2025-09-17T16:21:11","guid":{"rendered":"https:\/\/www.legislapp.com.br\/index.php\/cam-legislativa-de-mg-pl-3956-2025\/"},"modified":"2025-09-17T13:21:11","modified_gmt":"2025-09-17T16:21:11","slug":"cam-legislativa-de-mg-pl-3956-2025","status":"publish","type":"page","link":"https:\/\/www.legislapp.com.br\/index.php\/cam-legislativa-de-mg-pl-3956-2025\/","title":{"rendered":"PL 3956\/2025 &#8211; Deputados"},"content":{"rendered":"<h1 style='text-align: center;'>C\u00e2m. Legislativa de MG &#8211; Autoria de Deputados<\/h3>\n<p><\/p>\n<article style='text-align: center'>Cria o Programa de Preven\u00e7\u00e3o \u00e0 Censura a Arte e a Cultura no Estado.<\/article>\n<p><\/p>\n<p style='text-align: center'><a href='https:\/\/app.legislapp.com.br\/#\/busca?termo='><\/a><\/p>\n<p><\/p>\n<article>Cria o Programa de Preven\u00e7\u00e3o \u00e0 Censura a Arte e a Cultura no Estado de Minas Gerais.<br \/>\nA Assembleia Legislativa do Estado de Minas Gerais decreta:<br \/>\nArt. 1\u00ba \u2013 Fica institu\u00eddo o Programa de Preven\u00e7\u00e3o \u00e0 censura a arte e cultura no Estado de Minas Gerais.<br \/>\nArt. 2\u00ba \u2013 O Programa de Preven\u00e7\u00e3o a Censura \u00e0 Arte e Cultura destina-se a prevenir mecanismos que dificultem o acesso da popula\u00e7\u00e3o \u00e0 Cultura Popular, em especial as que tenham liga\u00e7\u00e3o com as comunidades perif\u00e9ricas.<br \/>\nArt. 3\u00ba \u2013 S\u00e3o objetivos do Programa de Preven\u00e7\u00e3o \u00e0 Censura a Arte e Cultura:<br \/>\nI \u2013 estabelecer mecanismos que impe\u00e7am a censura a artistas;<br \/>\nII \u2013 garantir o respeito \u00e0 liberdade de express\u00e3o e exposi\u00e7\u00e3o da realidade atrav\u00e9s da arte;<br \/>\nIII \u2013 incentivar a produ\u00e7\u00e3o da cultura popular nas periferias;<br \/>\nIV \u2013 estimular incentivos p\u00fablicos \u00e0 cultura favelada e perif\u00e9rica;<br \/>\nV \u2013 combater o preconceito \u00e0s manifesta\u00e7\u00f5es art\u00edsticas vindas das favelas e periferias.<br \/>\nArt. 4\u00ba \u2013 Fica autorizado o poder p\u00fablico a contratar shows, artistas e eventos que levem a arte e cultura favelada e perif\u00e9rica \u00e0 popula\u00e7\u00e3o.<br \/>\nPar\u00e1grafo \u00fanico \u2013 Fica vedada a censura a artistas que em letras exponham a realidade das favelas e periferias.<br \/>\nArt. 5\u00ba \u2013 A administra\u00e7\u00e3o p\u00fablica no bojo das contrata\u00e7\u00f5es e fomentos fica impedida de avaliar o m\u00e9rito das composi\u00e7\u00f5es art\u00edsticas e culturais como crit\u00e9rio para o acesso ao recurso p\u00fablico.<br \/>\nPar\u00e1grafo \u00fanico \u2013 A an\u00e1lise para acesso ao recurso p\u00fablico deve se ater a quest\u00f5es t\u00e9cnicas e formais, observadas a legisla\u00e7\u00e3o vigente.<br \/>\nArt. 6\u00ba \u2013 Esta lei entra em vigor na data de sua publica\u00e7\u00e3o.<br \/>\nSala das Reuni\u00f5es, 18 de junho de 2025.<br \/>\nBella Gon\u00e7alves (Psol), presidenta da Comiss\u00e3o de Direitos Humanos.<br \/>\nJustifica\u00e7\u00e3o: O presente projeto de lei tem como objetivo impedir a censura a arte e a cultura. Desde 2024 temos acompanhado intensa movimenta\u00e7\u00e3o de grupos pol\u00edticos com intuito de cercear o acesso de artistas brasileiros a recursos p\u00fablicos, em especial artistas que produzam ritmos perif\u00e9ricos da Cultura Popular Brasileira, em especial negros vindos das periferias das metr\u00f3poles de nosso pa\u00eds.<br \/>\nO hist\u00f3rico de luta da cultura perif\u00e9rica brasileira \u00e9 extenso e passa por diversos momentos de repress\u00e3o e criminaliza\u00e7\u00e3o, vinda do poder p\u00fablico ou por parte significativa da popula\u00e7\u00e3o que n\u00e3o aceita a cultura popular. Na legisla\u00e7\u00e3o brasileira, em tempos passados j\u00e1 tivemos legisla\u00e7\u00f5es que restringiam ritmos populares e, especialmente entre a negritude, essa persegui\u00e7\u00e3o infelizmente se d\u00e1 at\u00e9 os dias de hoje. O samba no fim do s\u00e9culo XIX e in\u00edcio do s\u00e9culo XX foi criminalizado e considerado crime de \u201cvadiagem\u201d, onde os artistas eram considerados vadios e at\u00e9 presos apenas por expor sua arte, ou seja, essa persegui\u00e7\u00e3o foi e ainda \u00e9 recorrente.<br \/>\nSe antes criminalizaram o samba, a partir dos anos 90 e 2000 vimos o rap e o funk tamb\u00e9m sofrerem persegui\u00e7\u00f5es, hoje vemos esses mesmos ritmos e o Trap, vertente do Rap que encanta a juventude atualmente, tem sido o maior alvo de ataques. H\u00e1 padr\u00f5es nessas movimenta\u00e7\u00f5es e vale citar que se trata sempre de ritmos perif\u00e9ricos, fundamentalmente expressos pela popula\u00e7\u00e3o negra, que movimentam multid\u00f5es e que o poder p\u00fablico acha v\u00e1lido descredibilizar, s\u00e3o in\u00fameros os casos de artistas de funk nos anos 2000 acusados de apologia ao crime e associa\u00e7\u00e3o ao tr\u00e1fico, baseada unicamente em suas m\u00fasicas. Um dos casos mais emblem\u00e1ticos foi do DJ Rennan da Penha que foi preso em 2019 acusado de ser olheiro do tr\u00e1fico, enquanto o mesmo trabalhava como DJ e organizava um baile funk em sua comunidade. Rennan foi absolvido no ano de 2023 por falta de provas que sustentassem a acusa\u00e7\u00e3o.<br \/>\nDo final do ano de 2024 para o ano presente, grupos pol\u00edticos come\u00e7aram a se movimentar de maneira ampla para criminalizar artistas e ritmos musicais, principalmente com o intuito de impedir a contrata\u00e7\u00e3o de artistas desses ritmos para shows e apresenta\u00e7\u00f5es pelo poder p\u00fablico. A\u00e7\u00e3o racista que n\u00e3o passa de uma tentativa de censura a cultura popular e perif\u00e9rica. Com a justificativa de que as letras s\u00e3o vulgares ou que fazem apologia a a\u00e7\u00f5es il\u00edcitas, mas n\u00e3o vemos a mesma movimenta\u00e7\u00e3o contra artistas de outros ritmos que cantam letras de teor parecido. A cultura \u00e9 uma arma importante para disputar a mente da juventude das periferias, por\u00e9m, o que vemos \u00e9 a criminaliza\u00e7\u00e3o desta arma, a arte e a cultura salvam vidas e censurar o funk, o rap e o trap vai n\u00e3o s\u00f3 restringir o acesso e as oportunidades que a cultura gera, mas trazer um d\u00e9ficit a cultura produzida pela juventude como um todo.<br \/>\nNos sobram exemplos de artistas hoje renomados que a arte e a cultura foram as armas que deram oportunidade de constru\u00edrem suas hist\u00f3rias e tir\u00e1-los de outros caminhos. Poze do Rodo e Oruam, por exemplo, jovens negros vindos de comunidades do Rio de Janeiro e que poderiam hoje estar envolvidos com o crime organizado, s\u00e3o refer\u00eancia para a juventude negra favelada atrav\u00e9s de sua arte. A cultura \u00e9 salva\u00e7\u00e3o e n\u00e3o deve ser criminalizada.<br \/>\nPor esses motivos, e diante da urg\u00eancia garantir o direito de se expressar culturalmente, submeto este projeto e rogo aprecia\u00e7\u00e3o desta Casa Legislativa.<br \/>\n\u2013 Semelhante proposi\u00e7\u00e3o foi apresentada anteriormente pela deputada Amanda Teixeira Dias. Anexe-se ao Projeto de Lei n\u00ba 3.254\/2025, nos termos do \u00a7 2\u00ba do art. 173 do Regimento Interno.<\/article>\n<div style=\"text-align: center\">\n<div style=\"margin-bottom: 20px;\" class=\"et_pb_button_module_wrapper et_pb_button_5_tb_body_wrapper et_pb_button_alignment_center et_pb_module \">\n         <a class=\"et_pb_button et_pb_button_5_tb_body et_hover_enabled et_pb_bg_layout_dark\" style=\"width: 50%;background-color: black;\" href=\"https:\/\/app.legislapp.com.br\" target=\"_blank\" rel=\"noopener\">Visualizar completo na nossa plataforma (30 dias gr\u00e1tis)<\/a><\/p><\/div>\n<p>      <a href=\"https:\/\/play.google.com\/store\/apps\/details?id=br.com.legislapp\"><img decoding=\"async\" style=\"width: 15%; min-width: 130px;\" src=\"https:\/\/www.legislapp.com.br\/wp-content\/uploads\/google-play.png\"><\/a><br \/>\n      <a href=\"https:\/\/apps.apple.com\/us\/app\/legislapp\/id1568929859\"><img decoding=\"async\" style=\"width: 15%; min-width: 130px\" src=\"https:\/\/www.legislapp.com.br\/wp-content\/uploads\/apple-store.png\"><\/a>\n   <\/div>\n","protected":false},"excerpt":{"rendered":"<p>C\u00e2m. Legislativa de MG &#8211; Autoria de Deputados Cria o Programa de Preven\u00e7\u00e3o \u00e0 Censura a Arte e a Cultura no Estado. Cria o Programa de Preven\u00e7\u00e3o \u00e0 Censura a Arte e a Cultura no Estado de Minas Gerais. A Assembleia Legislativa do Estado de Minas Gerais decreta: Art. 1\u00ba \u2013 Fica institu\u00eddo o Programa [&hellip;]<\/p>\n","protected":false},"author":1,"featured_media":0,"parent":0,"menu_order":0,"comment_status":"closed","ping_status":"closed","template":"page-template-blank.php","meta":{"_et_pb_use_builder":"","_et_pb_old_content":"","_et_gb_content_width":"1080","ngg_post_thumbnail":0,"footnotes":""},"class_list":["post-7259","page","type-page","status-publish","hentry"],"yoast_head":"<!-- This site is optimized with the Yoast SEO plugin v24.4 - https:\/\/yoast.com\/wordpress\/plugins\/seo\/ -->\n<title>PL 3956\/2025 - Deputados - Legislapp<\/title>\n<meta name=\"robots\" content=\"index, follow, max-snippet:-1, max-image-preview:large, max-video-preview:-1\" \/>\n<link rel=\"canonical\" href=\"https:\/\/www.legislapp.com.br\/index.php\/cam-legislativa-de-mg-pl-3956-2025\/\" \/>\n<meta property=\"og:locale\" content=\"pt_BR\" \/>\n<meta property=\"og:type\" content=\"article\" \/>\n<meta property=\"og:title\" content=\"PL 3956\/2025 - Deputados - Legislapp\" \/>\n<meta property=\"og:description\" content=\"C\u00e2m. Legislativa de MG &#8211; Autoria de Deputados Cria o Programa de Preven\u00e7\u00e3o \u00e0 Censura a Arte e a Cultura no Estado. Cria o Programa de Preven\u00e7\u00e3o \u00e0 Censura a Arte e a Cultura no Estado de Minas Gerais. A Assembleia Legislativa do Estado de Minas Gerais decreta: Art. 1\u00ba \u2013 Fica institu\u00eddo o Programa [&hellip;]\" \/>\n<meta property=\"og:url\" content=\"https:\/\/www.legislapp.com.br\/index.php\/cam-legislativa-de-mg-pl-3956-2025\/\" \/>\n<meta property=\"og:site_name\" content=\"Legislapp\" \/>\n<meta property=\"article:publisher\" content=\"https:\/\/www.instagram.com\/legislapp\/\" \/>\n<meta property=\"og:image\" content=\"https:\/\/www.legislapp.com.br\/wp-content\/uploads\/google-play.png\" \/>\n<meta name=\"twitter:card\" content=\"summary_large_image\" \/>\n<meta name=\"twitter:label1\" content=\"Est. tempo de leitura\" \/>\n\t<meta name=\"twitter:data1\" content=\"5 minutos\" \/>\n<script type=\"application\/ld+json\" class=\"yoast-schema-graph\">{\"@context\":\"https:\/\/schema.org\",\"@graph\":[{\"@type\":\"WebPage\",\"@id\":\"https:\/\/www.legislapp.com.br\/index.php\/cam-legislativa-de-mg-pl-3956-2025\/\",\"url\":\"https:\/\/www.legislapp.com.br\/index.php\/cam-legislativa-de-mg-pl-3956-2025\/\",\"name\":\"PL 3956\/2025 - Deputados - Legislapp\",\"isPartOf\":{\"@id\":\"https:\/\/www.legislapp.com.br\/#website\"},\"primaryImageOfPage\":{\"@id\":\"https:\/\/www.legislapp.com.br\/index.php\/cam-legislativa-de-mg-pl-3956-2025\/#primaryimage\"},\"image\":{\"@id\":\"https:\/\/www.legislapp.com.br\/index.php\/cam-legislativa-de-mg-pl-3956-2025\/#primaryimage\"},\"thumbnailUrl\":\"https:\/\/www.legislapp.com.br\/wp-content\/uploads\/google-play.png\",\"datePublished\":\"2025-09-17T16:21:11+00:00\",\"breadcrumb\":{\"@id\":\"https:\/\/www.legislapp.com.br\/index.php\/cam-legislativa-de-mg-pl-3956-2025\/#breadcrumb\"},\"inLanguage\":\"pt-BR\",\"potentialAction\":[{\"@type\":\"ReadAction\",\"target\":[\"https:\/\/www.legislapp.com.br\/index.php\/cam-legislativa-de-mg-pl-3956-2025\/\"]}]},{\"@type\":\"ImageObject\",\"inLanguage\":\"pt-BR\",\"@id\":\"https:\/\/www.legislapp.com.br\/index.php\/cam-legislativa-de-mg-pl-3956-2025\/#primaryimage\",\"url\":\"https:\/\/www.legislapp.com.br\/wp-content\/uploads\/google-play.png\",\"contentUrl\":\"https:\/\/www.legislapp.com.br\/wp-content\/uploads\/google-play.png\",\"width\":564,\"height\":168},{\"@type\":\"BreadcrumbList\",\"@id\":\"https:\/\/www.legislapp.com.br\/index.php\/cam-legislativa-de-mg-pl-3956-2025\/#breadcrumb\",\"itemListElement\":[{\"@type\":\"ListItem\",\"position\":1,\"name\":\"In\u00edcio\",\"item\":\"https:\/\/www.legislapp.com.br\/\"},{\"@type\":\"ListItem\",\"position\":2,\"name\":\"PL 3956\/2025 &#8211; Deputados\"}]},{\"@type\":\"WebSite\",\"@id\":\"https:\/\/www.legislapp.com.br\/#website\",\"url\":\"https:\/\/www.legislapp.com.br\/\",\"name\":\"Legislapp\",\"description\":\"Intelig\u00eancia governamental em tempo real\",\"publisher\":{\"@id\":\"https:\/\/www.legislapp.com.br\/#organization\"},\"potentialAction\":[{\"@type\":\"SearchAction\",\"target\":{\"@type\":\"EntryPoint\",\"urlTemplate\":\"https:\/\/www.legislapp.com.br\/?s={search_term_string}\"},\"query-input\":{\"@type\":\"PropertyValueSpecification\",\"valueRequired\":true,\"valueName\":\"search_term_string\"}}],\"inLanguage\":\"pt-BR\"},{\"@type\":\"Organization\",\"@id\":\"https:\/\/www.legislapp.com.br\/#organization\",\"name\":\"Legislapp Monitoramento e Intelig\u00eancia Governamental\",\"url\":\"https:\/\/www.legislapp.com.br\/\",\"logo\":{\"@type\":\"ImageObject\",\"inLanguage\":\"pt-BR\",\"@id\":\"https:\/\/www.legislapp.com.br\/#\/schema\/logo\/image\/\",\"url\":\"https:\/\/www.legislapp.com.br\/wp-content\/uploads\/icon.png\",\"contentUrl\":\"https:\/\/www.legislapp.com.br\/wp-content\/uploads\/icon.png\",\"width\":1024,\"height\":1024,\"caption\":\"Legislapp Monitoramento e Intelig\u00eancia Governamental\"},\"image\":{\"@id\":\"https:\/\/www.legislapp.com.br\/#\/schema\/logo\/image\/\"},\"sameAs\":[\"https:\/\/www.instagram.com\/legislapp\/\"]}]}<\/script>\n<!-- \/ Yoast SEO plugin. -->","yoast_head_json":{"title":"PL 3956\/2025 - Deputados - Legislapp","robots":{"index":"index","follow":"follow","max-snippet":"max-snippet:-1","max-image-preview":"max-image-preview:large","max-video-preview":"max-video-preview:-1"},"canonical":"https:\/\/www.legislapp.com.br\/index.php\/cam-legislativa-de-mg-pl-3956-2025\/","og_locale":"pt_BR","og_type":"article","og_title":"PL 3956\/2025 - Deputados - Legislapp","og_description":"C\u00e2m. Legislativa de MG &#8211; Autoria de Deputados Cria o Programa de Preven\u00e7\u00e3o \u00e0 Censura a Arte e a Cultura no Estado. Cria o Programa de Preven\u00e7\u00e3o \u00e0 Censura a Arte e a Cultura no Estado de Minas Gerais. A Assembleia Legislativa do Estado de Minas Gerais decreta: Art. 1\u00ba \u2013 Fica institu\u00eddo o Programa [&hellip;]","og_url":"https:\/\/www.legislapp.com.br\/index.php\/cam-legislativa-de-mg-pl-3956-2025\/","og_site_name":"Legislapp","article_publisher":"https:\/\/www.instagram.com\/legislapp\/","og_image":[{"url":"https:\/\/www.legislapp.com.br\/wp-content\/uploads\/google-play.png","type":"","width":"","height":""}],"twitter_card":"summary_large_image","twitter_misc":{"Est. tempo de leitura":"5 minutos"},"schema":{"@context":"https:\/\/schema.org","@graph":[{"@type":"WebPage","@id":"https:\/\/www.legislapp.com.br\/index.php\/cam-legislativa-de-mg-pl-3956-2025\/","url":"https:\/\/www.legislapp.com.br\/index.php\/cam-legislativa-de-mg-pl-3956-2025\/","name":"PL 3956\/2025 - Deputados - Legislapp","isPartOf":{"@id":"https:\/\/www.legislapp.com.br\/#website"},"primaryImageOfPage":{"@id":"https:\/\/www.legislapp.com.br\/index.php\/cam-legislativa-de-mg-pl-3956-2025\/#primaryimage"},"image":{"@id":"https:\/\/www.legislapp.com.br\/index.php\/cam-legislativa-de-mg-pl-3956-2025\/#primaryimage"},"thumbnailUrl":"https:\/\/www.legislapp.com.br\/wp-content\/uploads\/google-play.png","datePublished":"2025-09-17T16:21:11+00:00","breadcrumb":{"@id":"https:\/\/www.legislapp.com.br\/index.php\/cam-legislativa-de-mg-pl-3956-2025\/#breadcrumb"},"inLanguage":"pt-BR","potentialAction":[{"@type":"ReadAction","target":["https:\/\/www.legislapp.com.br\/index.php\/cam-legislativa-de-mg-pl-3956-2025\/"]}]},{"@type":"ImageObject","inLanguage":"pt-BR","@id":"https:\/\/www.legislapp.com.br\/index.php\/cam-legislativa-de-mg-pl-3956-2025\/#primaryimage","url":"https:\/\/www.legislapp.com.br\/wp-content\/uploads\/google-play.png","contentUrl":"https:\/\/www.legislapp.com.br\/wp-content\/uploads\/google-play.png","width":564,"height":168},{"@type":"BreadcrumbList","@id":"https:\/\/www.legislapp.com.br\/index.php\/cam-legislativa-de-mg-pl-3956-2025\/#breadcrumb","itemListElement":[{"@type":"ListItem","position":1,"name":"In\u00edcio","item":"https:\/\/www.legislapp.com.br\/"},{"@type":"ListItem","position":2,"name":"PL 3956\/2025 &#8211; Deputados"}]},{"@type":"WebSite","@id":"https:\/\/www.legislapp.com.br\/#website","url":"https:\/\/www.legislapp.com.br\/","name":"Legislapp","description":"Intelig\u00eancia governamental em tempo real","publisher":{"@id":"https:\/\/www.legislapp.com.br\/#organization"},"potentialAction":[{"@type":"SearchAction","target":{"@type":"EntryPoint","urlTemplate":"https:\/\/www.legislapp.com.br\/?s={search_term_string}"},"query-input":{"@type":"PropertyValueSpecification","valueRequired":true,"valueName":"search_term_string"}}],"inLanguage":"pt-BR"},{"@type":"Organization","@id":"https:\/\/www.legislapp.com.br\/#organization","name":"Legislapp Monitoramento e Intelig\u00eancia Governamental","url":"https:\/\/www.legislapp.com.br\/","logo":{"@type":"ImageObject","inLanguage":"pt-BR","@id":"https:\/\/www.legislapp.com.br\/#\/schema\/logo\/image\/","url":"https:\/\/www.legislapp.com.br\/wp-content\/uploads\/icon.png","contentUrl":"https:\/\/www.legislapp.com.br\/wp-content\/uploads\/icon.png","width":1024,"height":1024,"caption":"Legislapp Monitoramento e Intelig\u00eancia Governamental"},"image":{"@id":"https:\/\/www.legislapp.com.br\/#\/schema\/logo\/image\/"},"sameAs":["https:\/\/www.instagram.com\/legislapp\/"]}]}},"_links":{"self":[{"href":"https:\/\/www.legislapp.com.br\/index.php\/wp-json\/wp\/v2\/pages\/7259","targetHints":{"allow":["GET"]}}],"collection":[{"href":"https:\/\/www.legislapp.com.br\/index.php\/wp-json\/wp\/v2\/pages"}],"about":[{"href":"https:\/\/www.legislapp.com.br\/index.php\/wp-json\/wp\/v2\/types\/page"}],"author":[{"embeddable":true,"href":"https:\/\/www.legislapp.com.br\/index.php\/wp-json\/wp\/v2\/users\/1"}],"replies":[{"embeddable":true,"href":"https:\/\/www.legislapp.com.br\/index.php\/wp-json\/wp\/v2\/comments?post=7259"}],"version-history":[{"count":0,"href":"https:\/\/www.legislapp.com.br\/index.php\/wp-json\/wp\/v2\/pages\/7259\/revisions"}],"wp:attachment":[{"href":"https:\/\/www.legislapp.com.br\/index.php\/wp-json\/wp\/v2\/media?parent=7259"}],"curies":[{"name":"wp","href":"https:\/\/api.w.org\/{rel}","templated":true}]}}