{"id":7265,"date":"2025-09-17T13:21:31","date_gmt":"2025-09-17T16:21:31","guid":{"rendered":"https:\/\/www.legislapp.com.br\/index.php\/cam-legislativa-de-sc-pl-0440-2025\/"},"modified":"2025-09-17T13:21:31","modified_gmt":"2025-09-17T16:21:31","slug":"cam-legislativa-de-sc-pl-0440-2025","status":"publish","type":"page","link":"https:\/\/www.legislapp.com.br\/index.php\/cam-legislativa-de-sc-pl-0440-2025\/","title":{"rendered":"PL.\/0440\/2025 &#8211; Governador do Estado"},"content":{"rendered":"<h1 style='text-align: center;'>C\u00e2m. Legislativa de SC &#8211; Autoria de Governador do Estado<\/h3>\n<p><\/p>\n<article style='text-align: center'>Autoriza as cess\u00f5es de uso de im\u00f3vel no Munic\u00edpio de Ararangu\u00e1.<\/article>\n<p><\/p>\n<p style='text-align: center'><a href='https:\/\/app.legislapp.com.br\/#\/busca?termo='><\/a><\/p>\n<p><\/p>\n<article>ESTADO DE SANTA CATARINA<br \/>\nGABINETE DO GOVERNADOR  <\/p>\n<p>MENSAGEM N\u00ba 1055 <\/p>\n<p>EXCELENT\u00cdSSIMO SENHOR PRESIDENTE, SENHORAS<br \/>\nDEPUTADAS E SENHORES DEPUTADOS DA ASSEMBLEIA<br \/>\nLEGISLATIVA DO ESTADO <\/p>\n<p>Nos termos do art. 50 da Constitui\u00e7\u00e3o do Estado, submeto \u00e0<br \/>\nelevada delibera\u00e7\u00e3o dessa augusta Casa Legislativa, acompanhado de exposi\u00e7\u00e3o de<br \/>\nmotivos da Secretaria de Estado da Administra\u00e7\u00e3o, o projeto de lei que \u201cAutoriza as<br \/>\ncess\u00f5es de uso de im\u00f3vel no Munic\u00edpio de Ararangu\u00e1\u201d. <\/p>\n<p>Florian\u00f3polis, 1\u00ba de julho de 2025. <\/p>\n<p>JORGINHO MELLO<br \/>\nGovernador do Estado<br \/>\nmsl_PJ_177<br \/>\n111<br \/>\nP\u00e1g. 01 de 01 &#8211; Documento assinado digitalmente. Para confer\u00eancia, acesse o site https:\/\/portal.sgpe.sea.sc.gov.br\/portal-externo e informe o processo SED 00113405\/2022 e o c\u00f3digo 3H71IC1K.Assinaturas do documento<\/p>\n<p>C\u00f3digo para verifica\u00e7\u00e3o: 3H71IC1K<\/p>\n<p>Este documento foi assinado digitalmente pelos seguintes signat\u00e1rios nas datas indicadas:<\/p>\n<p>JORGINHO DOS SANTOS MELLO (CPF: 250.XXX.199-XX) em 01\/07\/2025 \u00e0s 19:00:32<br \/>\nEmitido por: &#8220;SGP-e&#8221;, emitido em 14\/04\/2023 &#8211; 11:54:30 e v\u00e1lido at\u00e9 14\/04\/2123 &#8211; 11:54:30.<br \/>\n(Assinatura do sistema)<\/p>\n<p>Para verificar a autenticidade desta c\u00f3pia, acesse o link https:\/\/portal.sgpe.sea.sc.gov.br\/portal-externo\/conferencia-<br \/>\ndocumento\/U0VEXzcwNTRfMDAxMTM0MDVfMTEzNDgyXzIwMjJfM0g3MUlDMUs= ou o site<br \/>\nhttps:\/\/portal.sgpe.sea.sc.gov.br\/portal-externo e informe o processo SED 00113405\/2022 e o c\u00f3digo 3H71IC1K<br \/>\nou aponte a c\u00e2mera para o QR Code presente nesta p\u00e1gina para realizar a confer\u00eancia.<br \/>\nESTADO DE SANTA CATARINA<br \/>\nSECRETARIA DE ESTADO DA ADMINISTRA\u00c7\u00c3O<br \/>\nDIRETORIA DE GEST\u00c3O PATRIMONIAL<br \/>\nEM n\u00ba 001\/2025\/SEA                                          Florian\u00f3polis, data da assinatura digital<br \/>\nSenhor Governador,<br \/>\nSubmeto \u00e0 aprecia\u00e7\u00e3o de Vossa Excel\u00eancia o Projeto de Lei que autoriza a<br \/>\ncess\u00e3o de uso, pelo prazo de 10 (dez) anos, das seguintes \u00e1reas integrantes do<br \/>\nim\u00f3vel com \u00e1rea total de 1.125,00 m\u00b2 (mil, cento e vinte e cinco metros quadrados),<br \/>\no<br \/>\ncom benfeitoria averbada, matriculado sob o n 3.409, no 1\u00ba Of\u00edcio de Registro de<br \/>\nIm\u00f3veis da Comarca de Ararangu\u00e1, e cadastrado sob o n\u00ba 1.612 no Sistema de<br \/>\nGest\u00e3o Patrimonial da Secretaria de Estado da Administra\u00e7\u00e3o (SEA), no Munic\u00edpio de<br \/>\nArarangu\u00e1:<br \/>\nI \u2013 uma \u00e1rea de 1.116,00 m\u00b2 (mil, cento e dezesseis metros quadrados) ao<br \/>\nMunic\u00edpio, tendo por finalidade o desenvolvimento de atividades de educacionais pelo<br \/>\nMunic\u00edpio; e<br \/>\nII \u2013 uma \u00e1rea de 9,00 m\u00b2 (nove metros quadrados) ao Servi\u00e7o Aut\u00f4nomo<br \/>\nMunicipal de \u00c1gua e Esgoto de Ararangu\u00e1 \u2013 SAMAE, tendo por finalidade a instala\u00e7\u00e3o<br \/>\nde um booster, com o objetivo de fornecer mais press\u00e3o na rede de \u00e1gua.<br \/>\nContudo \u00e0 considera\u00e7\u00e3o de Vossa Excel\u00eancia.<br \/>\nRespeitosamente,<br \/>\nV\u00e2nio Boing<br \/>\nSecret\u00e1rio de Estado da Administra\u00e7\u00e3o<br \/>\n(assinado digitalmente)<br \/>\n90<br \/>\nP\u00e1g. 01 de 01 &#8211; Documento assinado digitalmente. Para confer\u00eancia, acesse o site https:\/\/portal.sgpe.sea.sc.gov.br\/portal-externo e informe o processo SED 00113405\/2022 e o c\u00f3digo W6RG38A9.Assinaturas do documento<\/p>\n<p>C\u00f3digo para verifica\u00e7\u00e3o: W6RG38A9<\/p>\n<p>Este documento foi assinado digitalmente pelos seguintes signat\u00e1rios nas datas indicadas:<\/p>\n<p>VANIO BOING (CPF: 433.XXX.709-XX) em 08\/01\/2025 \u00e0s 16:14:23<br \/>\nEmitido por: &#8220;SGP-e&#8221;, emitido em 23\/01\/2023 &#8211; 15:09:49 e v\u00e1lido at\u00e9 23\/01\/2123 &#8211; 15:09:49.<br \/>\n(Assinatura do sistema)<\/p>\n<p>Para verificar a autenticidade desta c\u00f3pia, acesse o link https:\/\/portal.sgpe.sea.sc.gov.br\/portal-externo\/conferencia-<br \/>\ndocumento\/U0VEXzcwNTRfMDAxMTM0MDVfMTEzNDgyXzIwMjJfVzZSRzM4QTk= ou o site<br \/>\nhttps:\/\/portal.sgpe.sea.sc.gov.br\/portal-externo e informe o processo SED 00113405\/2022 e o c\u00f3digo W6RG38A9<br \/>\nou aponte a c\u00e2mera para o QR Code presente nesta p\u00e1gina para realizar a confer\u00eancia.<br \/>\nESTADO DE SANTA CATARINA <\/p>\n<p>PROJETO DE LEI N\u00ba <\/p>\n<p>Autoriza as cess\u00f5es de uso de im\u00f3vel no Munic\u00edpio de<br \/>\nArarangu\u00e1. <\/p>\n<p>O GOVERNADOR DO ESTADO DE SANTA CATARINA<br \/>\nFa\u00e7o saber a todos os habitantes deste Estado que a<br \/>\nAssembleia Legislativa decreta e eu sanciono a seguinte Lei: <\/p>\n<p>Art. 1\u00ba Fica o Poder Executivo autorizado a desafetar e ceder de<br \/>\nforma n\u00e3o remunerada: <\/p>\n<p>I \u2013 ao Munic\u00edpio de Ararangu\u00e1 o uso de uma \u00e1rea de 1.116,00 m\u00b2<br \/>\n(mil, cento e dezesseis metros quadrados), parte integrante do im\u00f3vel com \u00e1rea<br \/>\nde 1.125,00 m\u00b2 (mil, cento e vinte e cinco metros quadrados), com benfeitoria, matriculado<br \/>\nsob o n\u00ba 3.409 no Of\u00edcio de Registro de Im\u00f3veis da Comarca de Ararangu\u00e1 e cadastrado<br \/>\nsob o n\u00ba 01612 no Sistema de Gest\u00e3o Patrimonial da Secretaria de Estado da<br \/>\nAdministra\u00e7\u00e3o (SEA); e <\/p>\n<p>II \u2013 ao Servi\u00e7o Aut\u00f4nomo Municipal de \u00c1gua e Esgotos (SAMAE)<br \/>\nde Ararangu\u00e1 o uso de uma \u00e1rea de 9,00 m\u00b2 (nove metros quadrados), parte integrante do<br \/>\nim\u00f3vel descrito no inciso I do caput deste artigo. <\/p>\n<p>Par\u00e1grafo \u00fanico. O prazo das cess\u00f5es de uso de que trata esta<br \/>\nLei \u00e9 de 10 (dez) anos, a contar da data de publica\u00e7\u00e3o desta Lei. <\/p>\n<p>Art. 2\u00ba As cess\u00f5es de uso de que trata esta Lei t\u00eam por<br \/>\nfinalidades e encargos: <\/p>\n<p>I \u2013 na \u00e1rea de que trata o inciso I do caput do art. 1\u00ba desta Lei, o<br \/>\ndesenvolvimento de atividades educacionais por parte do Munic\u00edpio; e <\/p>\n<p>II \u2013 na \u00e1rea de que trata o inciso II do caput do art. 1\u00ba desta Lei,<br \/>\na instala\u00e7\u00e3o de um booster por parte do SAMAE, com o objetivo de fornecer mais press\u00e3o<br \/>\nna rede de \u00e1gua. <\/p>\n<p>Art. 3\u00ba Os cession\u00e1rios, sob pena de rescis\u00e3o antecipada,<br \/>\nn\u00e3o poder\u00e3o: <\/p>\n<p>I \u2013 transferir, parcial ou totalmente, direitos adquiridos com as<br \/>\ncess\u00f5es de uso de que trata esta Lei; <\/p>\n<p>II \u2013 oferecer o im\u00f3vel como garantia de obriga\u00e7\u00e3o; <\/p>\n<p>III \u2013 desviar as finalidades das cess\u00f5es de uso, deixando de<br \/>\ncumprir os encargos de que trata o art. 2\u00ba desta Lei; ou <\/p>\n<p>IV \u2013 executar atividades contr\u00e1rias ao interesse p\u00fablico.<br \/>\nPJ_177 1 SED 113405\/2022<br \/>\n109<br \/>\nP\u00e1g. 01 de 02 &#8211; Documento assinado digitalmente. Para confer\u00eancia, acesse o site https:\/\/portal.sgpe.sea.sc.gov.br\/portal-externo e informe o processo SED 00113405\/2022 e o c\u00f3digo NG267K2P.ESTADO DE SANTA CATARINA <\/p>\n<p>Art. 4\u00ba O Estado retomar\u00e1 a posse do im\u00f3vel nos casos em que: <\/p>\n<p>I \u2013 ocorrer uma das hip\u00f3teses previstas no art. 3\u00ba desta Lei; <\/p>\n<p>II \u2013 findarem as raz\u00f5es que justificaram as cess\u00f5es de uso; <\/p>\n<p>III \u2013 findar o prazo concedido para as cess\u00f5es de uso; <\/p>\n<p>IV \u2013 necessitar do im\u00f3vel para uso pr\u00f3prio; <\/p>\n<p>V \u2013 houver desist\u00eancia por parte dos cession\u00e1rios; ou <\/p>\n<p>VI \u2013 houver descumprimento do disposto no art. 5\u00ba desta Lei. <\/p>\n<p>Par\u00e1grafo \u00fanico. Ficam incorporadas ao patrim\u00f4nio do Estado<br \/>\ntodas as benfeitorias realizadas no im\u00f3vel pelos cession\u00e1rios, sem que eles tenham direito<br \/>\na indeniza\u00e7\u00e3o, caso ocorra qualquer uma das situa\u00e7\u00f5es constantes deste artigo. <\/p>\n<p>Art. 5\u00ba Ser\u00e3o de responsabilidade dos cession\u00e1rios os custos, as<br \/>\nobras e os riscos inerentes aos investimentos necess\u00e1rios \u00e0 execu\u00e7\u00e3o dos objetivos desta<br \/>\nLei, inclusive os de conserva\u00e7\u00e3o, seguran\u00e7a, impostos e taxas incidentes, bem como<br \/>\nquaisquer outras despesas decorrentes das cess\u00f5es de uso, observado o disposto no<br \/>\npar\u00e1grafo \u00fanico do art. 4\u00ba desta Lei. <\/p>\n<p>Art. 6\u00ba Enquanto durar as cess\u00f5es de uso, os cession\u00e1rios<br \/>\ndefender\u00e3o o im\u00f3vel contra esbulhos, invas\u00f5es e outros usos desautorizados pelo cedente,<br \/>\nsob pena de indeniza\u00e7\u00e3o dos danos, sem preju\u00edzo do estabelecido no art. 103 da<br \/>\nConstitui\u00e7\u00e3o do Estado. <\/p>\n<p>Art. 7\u00ba Ap\u00f3s a publica\u00e7\u00e3o desta Lei, cedente e cession\u00e1rios<br \/>\nfirmar\u00e3o termos de cess\u00e3o de uso para estabelecer os seus direitos e as suas obriga\u00e7\u00f5es. <\/p>\n<p>Art. 8\u00ba O Estado ser\u00e1 representado nos atos das cess\u00f5es de uso<br \/>\npelo Secret\u00e1rio de Estado da Administra\u00e7\u00e3o ou por quem for legalmente constitu\u00eddo. <\/p>\n<p>Art. 9\u00ba Esta Lei entra em vigor na data de sua publica\u00e7\u00e3o. <\/p>\n<p>Florian\u00f3polis, <\/p>\n<p>JORGINHO MELLO<br \/>\nGovernador do Estado<br \/>\nPJ_177 2 SED 113405\/2022<br \/>\n110<br \/>\nP\u00e1g. 02 de 02 &#8211; Documento assinado digitalmente. Para confer\u00eancia, acesse o site https:\/\/portal.sgpe.sea.sc.gov.br\/portal-externo e informe o processo SED 00113405\/2022 e o c\u00f3digo NG267K2P.Assinaturas do documento<\/p>\n<p>C\u00f3digo para verifica\u00e7\u00e3o: NG267K2P<\/p>\n<p>Este documento foi assinado digitalmente pelos seguintes signat\u00e1rios nas datas indicadas:<\/p>\n<p>JORGINHO DOS SANTOS MELLO (CPF: 250.XXX.199-XX) em 01\/07\/2025 \u00e0s 19:00:32<br \/>\nEmitido por: &#8220;SGP-e&#8221;, emitido em 14\/04\/2023 &#8211; 11:54:30 e v\u00e1lido at\u00e9 14\/04\/2123 &#8211; 11:54:30.<br \/>\n(Assinatura do sistema)<\/p>\n<p>Para verificar a autenticidade desta c\u00f3pia, acesse o link https:\/\/portal.sgpe.sea.sc.gov.br\/portal-externo\/conferencia-<br \/>\ndocumento\/U0VEXzcwNTRfMDAxMTM0MDVfMTEzNDgyXzIwMjJfTkcyNjdLMlA= ou o site<br \/>\nhttps:\/\/portal.sgpe.sea.sc.gov.br\/portal-externo e informe o processo SED 00113405\/2022 e o c\u00f3digo NG267K2P<br \/>\nou aponte a c\u00e2mera para o QR Code presente nesta p\u00e1gina para realizar a confer\u00eancia.<br \/>\n<\/article>\n<div style=\"text-align: center\">\n<div style=\"margin-bottom: 20px;\" class=\"et_pb_button_module_wrapper et_pb_button_5_tb_body_wrapper et_pb_button_alignment_center et_pb_module \">\n         <a class=\"et_pb_button et_pb_button_5_tb_body et_hover_enabled et_pb_bg_layout_dark\" style=\"width: 50%;background-color: black;\" href=\"https:\/\/app.legislapp.com.br\" target=\"_blank\" rel=\"noopener\">Visualizar completo na nossa plataforma (30 dias gr\u00e1tis)<\/a><\/p><\/div>\n<p>      <a href=\"https:\/\/play.google.com\/store\/apps\/details?id=br.com.legislapp\"><img decoding=\"async\" style=\"width: 15%; min-width: 130px;\" src=\"https:\/\/www.legislapp.com.br\/wp-content\/uploads\/google-play.png\"><\/a><br \/>\n      <a href=\"https:\/\/apps.apple.com\/us\/app\/legislapp\/id1568929859\"><img decoding=\"async\" style=\"width: 15%; min-width: 130px\" src=\"https:\/\/www.legislapp.com.br\/wp-content\/uploads\/apple-store.png\"><\/a>\n   <\/div>\n","protected":false},"excerpt":{"rendered":"<p>C\u00e2m. Legislativa de SC &#8211; Autoria de Governador do Estado Autoriza as cess\u00f5es de uso de im\u00f3vel no Munic\u00edpio de Ararangu\u00e1. ESTADO DE SANTA CATARINA GABINETE DO GOVERNADOR MENSAGEM N\u00ba 1055 EXCELENT\u00cdSSIMO SENHOR PRESIDENTE, SENHORAS DEPUTADAS E SENHORES DEPUTADOS DA ASSEMBLEIA LEGISLATIVA DO ESTADO Nos termos do art. 50 da Constitui\u00e7\u00e3o do Estado, submeto \u00e0 [&hellip;]<\/p>\n","protected":false},"author":1,"featured_media":0,"parent":0,"menu_order":0,"comment_status":"closed","ping_status":"closed","template":"page-template-blank.php","meta":{"_et_pb_use_builder":"","_et_pb_old_content":"","_et_gb_content_width":"1080","ngg_post_thumbnail":0,"footnotes":""},"class_list":["post-7265","page","type-page","status-publish","hentry"],"yoast_head":"<!-- This site is optimized with the Yoast SEO plugin v24.4 - https:\/\/yoast.com\/wordpress\/plugins\/seo\/ -->\n<title>PL.\/0440\/2025 - Governador do Estado - Legislapp<\/title>\n<meta name=\"robots\" content=\"index, follow, max-snippet:-1, max-image-preview:large, max-video-preview:-1\" \/>\n<link rel=\"canonical\" href=\"https:\/\/www.legislapp.com.br\/index.php\/cam-legislativa-de-sc-pl-0440-2025\/\" \/>\n<meta property=\"og:locale\" content=\"pt_BR\" \/>\n<meta property=\"og:type\" content=\"article\" \/>\n<meta property=\"og:title\" content=\"PL.\/0440\/2025 - Governador do Estado - Legislapp\" \/>\n<meta property=\"og:description\" content=\"C\u00e2m. Legislativa de SC &#8211; Autoria de Governador do Estado Autoriza as cess\u00f5es de uso de im\u00f3vel no Munic\u00edpio de Ararangu\u00e1. ESTADO DE SANTA CATARINA GABINETE DO GOVERNADOR MENSAGEM N\u00ba 1055 EXCELENT\u00cdSSIMO SENHOR PRESIDENTE, SENHORAS DEPUTADAS E SENHORES DEPUTADOS DA ASSEMBLEIA LEGISLATIVA DO ESTADO Nos termos do art. 50 da Constitui\u00e7\u00e3o do Estado, submeto \u00e0 [&hellip;]\" \/>\n<meta property=\"og:url\" content=\"https:\/\/www.legislapp.com.br\/index.php\/cam-legislativa-de-sc-pl-0440-2025\/\" \/>\n<meta property=\"og:site_name\" content=\"Legislapp\" \/>\n<meta property=\"article:publisher\" content=\"https:\/\/www.instagram.com\/legislapp\/\" \/>\n<meta property=\"og:image\" content=\"https:\/\/www.legislapp.com.br\/wp-content\/uploads\/google-play.png\" \/>\n<meta name=\"twitter:card\" content=\"summary_large_image\" \/>\n<meta name=\"twitter:label1\" content=\"Est. tempo de leitura\" \/>\n\t<meta name=\"twitter:data1\" content=\"7 minutos\" \/>\n<script type=\"application\/ld+json\" class=\"yoast-schema-graph\">{\"@context\":\"https:\/\/schema.org\",\"@graph\":[{\"@type\":\"WebPage\",\"@id\":\"https:\/\/www.legislapp.com.br\/index.php\/cam-legislativa-de-sc-pl-0440-2025\/\",\"url\":\"https:\/\/www.legislapp.com.br\/index.php\/cam-legislativa-de-sc-pl-0440-2025\/\",\"name\":\"PL.\/0440\/2025 - Governador do Estado - Legislapp\",\"isPartOf\":{\"@id\":\"https:\/\/www.legislapp.com.br\/#website\"},\"primaryImageOfPage\":{\"@id\":\"https:\/\/www.legislapp.com.br\/index.php\/cam-legislativa-de-sc-pl-0440-2025\/#primaryimage\"},\"image\":{\"@id\":\"https:\/\/www.legislapp.com.br\/index.php\/cam-legislativa-de-sc-pl-0440-2025\/#primaryimage\"},\"thumbnailUrl\":\"https:\/\/www.legislapp.com.br\/wp-content\/uploads\/google-play.png\",\"datePublished\":\"2025-09-17T16:21:31+00:00\",\"breadcrumb\":{\"@id\":\"https:\/\/www.legislapp.com.br\/index.php\/cam-legislativa-de-sc-pl-0440-2025\/#breadcrumb\"},\"inLanguage\":\"pt-BR\",\"potentialAction\":[{\"@type\":\"ReadAction\",\"target\":[\"https:\/\/www.legislapp.com.br\/index.php\/cam-legislativa-de-sc-pl-0440-2025\/\"]}]},{\"@type\":\"ImageObject\",\"inLanguage\":\"pt-BR\",\"@id\":\"https:\/\/www.legislapp.com.br\/index.php\/cam-legislativa-de-sc-pl-0440-2025\/#primaryimage\",\"url\":\"https:\/\/www.legislapp.com.br\/wp-content\/uploads\/google-play.png\",\"contentUrl\":\"https:\/\/www.legislapp.com.br\/wp-content\/uploads\/google-play.png\",\"width\":564,\"height\":168},{\"@type\":\"BreadcrumbList\",\"@id\":\"https:\/\/www.legislapp.com.br\/index.php\/cam-legislativa-de-sc-pl-0440-2025\/#breadcrumb\",\"itemListElement\":[{\"@type\":\"ListItem\",\"position\":1,\"name\":\"In\u00edcio\",\"item\":\"https:\/\/www.legislapp.com.br\/\"},{\"@type\":\"ListItem\",\"position\":2,\"name\":\"PL.\/0440\/2025 &#8211; Governador do Estado\"}]},{\"@type\":\"WebSite\",\"@id\":\"https:\/\/www.legislapp.com.br\/#website\",\"url\":\"https:\/\/www.legislapp.com.br\/\",\"name\":\"Legislapp\",\"description\":\"Intelig\u00eancia governamental em tempo real\",\"publisher\":{\"@id\":\"https:\/\/www.legislapp.com.br\/#organization\"},\"potentialAction\":[{\"@type\":\"SearchAction\",\"target\":{\"@type\":\"EntryPoint\",\"urlTemplate\":\"https:\/\/www.legislapp.com.br\/?s={search_term_string}\"},\"query-input\":{\"@type\":\"PropertyValueSpecification\",\"valueRequired\":true,\"valueName\":\"search_term_string\"}}],\"inLanguage\":\"pt-BR\"},{\"@type\":\"Organization\",\"@id\":\"https:\/\/www.legislapp.com.br\/#organization\",\"name\":\"Legislapp Monitoramento e Intelig\u00eancia Governamental\",\"url\":\"https:\/\/www.legislapp.com.br\/\",\"logo\":{\"@type\":\"ImageObject\",\"inLanguage\":\"pt-BR\",\"@id\":\"https:\/\/www.legislapp.com.br\/#\/schema\/logo\/image\/\",\"url\":\"https:\/\/www.legislapp.com.br\/wp-content\/uploads\/icon.png\",\"contentUrl\":\"https:\/\/www.legislapp.com.br\/wp-content\/uploads\/icon.png\",\"width\":1024,\"height\":1024,\"caption\":\"Legislapp Monitoramento e Intelig\u00eancia Governamental\"},\"image\":{\"@id\":\"https:\/\/www.legislapp.com.br\/#\/schema\/logo\/image\/\"},\"sameAs\":[\"https:\/\/www.instagram.com\/legislapp\/\"]}]}<\/script>\n<!-- \/ Yoast SEO plugin. -->","yoast_head_json":{"title":"PL.\/0440\/2025 - Governador do Estado - Legislapp","robots":{"index":"index","follow":"follow","max-snippet":"max-snippet:-1","max-image-preview":"max-image-preview:large","max-video-preview":"max-video-preview:-1"},"canonical":"https:\/\/www.legislapp.com.br\/index.php\/cam-legislativa-de-sc-pl-0440-2025\/","og_locale":"pt_BR","og_type":"article","og_title":"PL.\/0440\/2025 - Governador do Estado - Legislapp","og_description":"C\u00e2m. Legislativa de SC &#8211; Autoria de Governador do Estado Autoriza as cess\u00f5es de uso de im\u00f3vel no Munic\u00edpio de Ararangu\u00e1. ESTADO DE SANTA CATARINA GABINETE DO GOVERNADOR MENSAGEM N\u00ba 1055 EXCELENT\u00cdSSIMO SENHOR PRESIDENTE, SENHORAS DEPUTADAS E SENHORES DEPUTADOS DA ASSEMBLEIA LEGISLATIVA DO ESTADO Nos termos do art. 50 da Constitui\u00e7\u00e3o do Estado, submeto \u00e0 [&hellip;]","og_url":"https:\/\/www.legislapp.com.br\/index.php\/cam-legislativa-de-sc-pl-0440-2025\/","og_site_name":"Legislapp","article_publisher":"https:\/\/www.instagram.com\/legislapp\/","og_image":[{"url":"https:\/\/www.legislapp.com.br\/wp-content\/uploads\/google-play.png","type":"","width":"","height":""}],"twitter_card":"summary_large_image","twitter_misc":{"Est. tempo de leitura":"7 minutos"},"schema":{"@context":"https:\/\/schema.org","@graph":[{"@type":"WebPage","@id":"https:\/\/www.legislapp.com.br\/index.php\/cam-legislativa-de-sc-pl-0440-2025\/","url":"https:\/\/www.legislapp.com.br\/index.php\/cam-legislativa-de-sc-pl-0440-2025\/","name":"PL.\/0440\/2025 - Governador do Estado - Legislapp","isPartOf":{"@id":"https:\/\/www.legislapp.com.br\/#website"},"primaryImageOfPage":{"@id":"https:\/\/www.legislapp.com.br\/index.php\/cam-legislativa-de-sc-pl-0440-2025\/#primaryimage"},"image":{"@id":"https:\/\/www.legislapp.com.br\/index.php\/cam-legislativa-de-sc-pl-0440-2025\/#primaryimage"},"thumbnailUrl":"https:\/\/www.legislapp.com.br\/wp-content\/uploads\/google-play.png","datePublished":"2025-09-17T16:21:31+00:00","breadcrumb":{"@id":"https:\/\/www.legislapp.com.br\/index.php\/cam-legislativa-de-sc-pl-0440-2025\/#breadcrumb"},"inLanguage":"pt-BR","potentialAction":[{"@type":"ReadAction","target":["https:\/\/www.legislapp.com.br\/index.php\/cam-legislativa-de-sc-pl-0440-2025\/"]}]},{"@type":"ImageObject","inLanguage":"pt-BR","@id":"https:\/\/www.legislapp.com.br\/index.php\/cam-legislativa-de-sc-pl-0440-2025\/#primaryimage","url":"https:\/\/www.legislapp.com.br\/wp-content\/uploads\/google-play.png","contentUrl":"https:\/\/www.legislapp.com.br\/wp-content\/uploads\/google-play.png","width":564,"height":168},{"@type":"BreadcrumbList","@id":"https:\/\/www.legislapp.com.br\/index.php\/cam-legislativa-de-sc-pl-0440-2025\/#breadcrumb","itemListElement":[{"@type":"ListItem","position":1,"name":"In\u00edcio","item":"https:\/\/www.legislapp.com.br\/"},{"@type":"ListItem","position":2,"name":"PL.\/0440\/2025 &#8211; Governador do Estado"}]},{"@type":"WebSite","@id":"https:\/\/www.legislapp.com.br\/#website","url":"https:\/\/www.legislapp.com.br\/","name":"Legislapp","description":"Intelig\u00eancia governamental em tempo real","publisher":{"@id":"https:\/\/www.legislapp.com.br\/#organization"},"potentialAction":[{"@type":"SearchAction","target":{"@type":"EntryPoint","urlTemplate":"https:\/\/www.legislapp.com.br\/?s={search_term_string}"},"query-input":{"@type":"PropertyValueSpecification","valueRequired":true,"valueName":"search_term_string"}}],"inLanguage":"pt-BR"},{"@type":"Organization","@id":"https:\/\/www.legislapp.com.br\/#organization","name":"Legislapp Monitoramento e Intelig\u00eancia Governamental","url":"https:\/\/www.legislapp.com.br\/","logo":{"@type":"ImageObject","inLanguage":"pt-BR","@id":"https:\/\/www.legislapp.com.br\/#\/schema\/logo\/image\/","url":"https:\/\/www.legislapp.com.br\/wp-content\/uploads\/icon.png","contentUrl":"https:\/\/www.legislapp.com.br\/wp-content\/uploads\/icon.png","width":1024,"height":1024,"caption":"Legislapp Monitoramento e Intelig\u00eancia Governamental"},"image":{"@id":"https:\/\/www.legislapp.com.br\/#\/schema\/logo\/image\/"},"sameAs":["https:\/\/www.instagram.com\/legislapp\/"]}]}},"_links":{"self":[{"href":"https:\/\/www.legislapp.com.br\/index.php\/wp-json\/wp\/v2\/pages\/7265","targetHints":{"allow":["GET"]}}],"collection":[{"href":"https:\/\/www.legislapp.com.br\/index.php\/wp-json\/wp\/v2\/pages"}],"about":[{"href":"https:\/\/www.legislapp.com.br\/index.php\/wp-json\/wp\/v2\/types\/page"}],"author":[{"embeddable":true,"href":"https:\/\/www.legislapp.com.br\/index.php\/wp-json\/wp\/v2\/users\/1"}],"replies":[{"embeddable":true,"href":"https:\/\/www.legislapp.com.br\/index.php\/wp-json\/wp\/v2\/comments?post=7265"}],"version-history":[{"count":0,"href":"https:\/\/www.legislapp.com.br\/index.php\/wp-json\/wp\/v2\/pages\/7265\/revisions"}],"wp:attachment":[{"href":"https:\/\/www.legislapp.com.br\/index.php\/wp-json\/wp\/v2\/media?parent=7265"}],"curies":[{"name":"wp","href":"https:\/\/api.w.org\/{rel}","templated":true}]}}