{"id":7267,"date":"2025-09-17T13:21:38","date_gmt":"2025-09-17T16:21:38","guid":{"rendered":"https:\/\/www.legislapp.com.br\/index.php\/cam-legislativa-de-sc-pl-0432-2025\/"},"modified":"2025-09-17T13:21:38","modified_gmt":"2025-09-17T16:21:38","slug":"cam-legislativa-de-sc-pl-0432-2025","status":"publish","type":"page","link":"https:\/\/www.legislapp.com.br\/index.php\/cam-legislativa-de-sc-pl-0432-2025\/","title":{"rendered":"PL.\/0432\/2025 &#8211; Governador do Estado"},"content":{"rendered":"<h1 style='text-align: center;'>C\u00e2m. Legislativa de SC &#8211; Autoria de Governador do Estado<\/h3>\n<p><\/p>\n<article style='text-align: center'>Reajusta o subs\u00eddio da carreira de Auditor do Estado, integrante do Quadro de Pessoal da Secretaria de Estado da Fazenda (SEF) de que trata a Lei Complementar n\u00ba 687, de 2016.<\/article>\n<p><\/p>\n<p style='text-align: center'><a href='https:\/\/app.legislapp.com.br\/#\/busca?termo='><\/a><\/p>\n<p><\/p>\n<article>ESTADO DE SANTA CATARINA<br \/>\nGABINETE DO GOVERNADOR  <\/p>\n<p>MENSAGEM N\u00ba 1090 <\/p>\n<p>EXCELENT\u00cdSSIMO SENHOR PRESIDENTE, SENHORAS<br \/>\nDEPUTADAS E SENHORES DEPUTADOS DA ASSEMBLEIA<br \/>\nLEGISLATIVA DO ESTADO <\/p>\n<p>Nos termos do art. 50 da Constitui\u00e7\u00e3o do Estado, submeto \u00e0<br \/>\nelevada delibera\u00e7\u00e3o dessa augusta Casa Legislativa, acompanhado de exposi\u00e7\u00e3o de<br \/>\nmotivos conjunta da Controladoria-Geral do Estado e da Secretaria de Estado da Fazenda,<br \/>\no projeto de lei que \u201cReajusta o subs\u00eddio da carreira de Auditor do Estado, integrante do<br \/>\nQuadro de Pessoal da Secretaria de Estado da Fazenda (SEF) de que trata a Lei<br \/>\nComplementar n\u00ba 687, de 2016\u201d. <\/p>\n<p>Florian\u00f3polis, 2 de julho de 2025. <\/p>\n<p>JORGINHO MELLO<br \/>\nGovernador do Estado<br \/>\nmsl_PJ_269<br \/>\n39<br \/>\nP\u00e1g. 01 de 01 &#8211; Documento assinado digitalmente. Para confer\u00eancia, acesse o site https:\/\/portal.sgpe.sea.sc.gov.br\/portal-externo e informe o processo CGE 00000646\/2025 e o c\u00f3digo TC4S21C5.Assinaturas do documento<\/p>\n<p>C\u00f3digo para verifica\u00e7\u00e3o: TC4S21C5<\/p>\n<p>Este documento foi assinado digitalmente pelos seguintes signat\u00e1rios nas datas indicadas:<\/p>\n<p>JORGINHO DOS SANTOS MELLO (CPF: 250.XXX.199-XX) em 02\/07\/2025 \u00e0s 18:53:16<br \/>\nEmitido por: &#8220;SGP-e&#8221;, emitido em 14\/04\/2023 &#8211; 11:54:30 e v\u00e1lido at\u00e9 14\/04\/2123 &#8211; 11:54:30.<br \/>\n(Assinatura do sistema)<\/p>\n<p>Para verificar a autenticidade desta c\u00f3pia, acesse o link https:\/\/portal.sgpe.sea.sc.gov.br\/portal-externo\/conferencia-<br \/>\ndocumento\/Q0dFXzE4MTM5XzAwMDAwNjQ2XzY1OF8yMDI1X1RDNFMyMUM1 ou o site<br \/>\nhttps:\/\/portal.sgpe.sea.sc.gov.br\/portal-externo e informe o processo CGE 00000646\/2025 e o c\u00f3digo TC4S21C5<br \/>\nou aponte a c\u00e2mera para o QR Code presente nesta p\u00e1gina para realizar a confer\u00eancia.<br \/>\nESTADO DE SANTA CATARINA<br \/>\nCONTROLADORIA-GERAL DO ESTADO<br \/>\nGABINTE DO CONTROLADOR-GERAL DO ESTADO<br \/>\nExposi\u00e7\u00e3o de Motivos CGE n.\u00ba 003\/2025                         Florian\u00f3polis, data da assinatura digital.<br \/>\nRefer\u00eancia: Exposi\u00e7\u00e3o de Motivos da minuta de lei<br \/>\nque trata do reajuste do subs\u00eddio da carreira de<br \/>\nAuditor do Estado. Processo CGE 646\/2025.<br \/>\nExcelent\u00edssimo Senhor Governador do Estado,<br \/>\nApresentamos respeitosamente a Vossa Excel\u00eancia minuta de anteprojeto de Lei que<br \/>\ncontempla proposta de reajuste do subs\u00eddio mensal da carreira de Auditor do Estado, integrante do<br \/>\nQuadro de Pessoal da Secretaria de Estado da Fazenda (SEF), de que trata a Lei n\u00b0 18.316\/2021,<br \/>\nde 2021.<br \/>\nO cargo de provimento efetivo de Auditor do Estado constitui carreira essencial e exclusiva<br \/>\nde Estado, inerente ao desenvolvimento privativo de atribui\u00e7\u00f5es t\u00e9cnicas de auditoria, competindo-<br \/>\nlhe privativamente as atribui\u00e7\u00f5es relacionadas ao sistema administrativo de controle interno do<br \/>\nPoder Executivo, estabelecidas nos arts. 58 e 62 da Constitui\u00e7\u00e3o do Estado.<br \/>\nOs Auditores do Estado exercem suas atribui\u00e7\u00f5es na Controladoria-Geral do Estado<br \/>\n(CGE), \u00f3rg\u00e3o central do Sistema Administrativo de Controle Interno e Ouvidoria, conforme art. 25<br \/>\nda Lei Complementar 741, de 2019.<br \/>\nDestaca-se que os Auditores do Estado desempenham papel fundamental na<br \/>\nAdministra\u00e7\u00e3o P\u00fablica, visando garantir que os recursos p\u00fablicos sejam bem aplicados. Al\u00e9m disso,<br \/>\natuam no assessoramento do gestor visando o aprimoramento da gest\u00e3o, a preven\u00e7\u00e3o de erros, a<br \/>\nqualifica\u00e7\u00e3o do gasto p\u00fablico e a melhoria dos servi\u00e7os prestados \u00e0 sociedade catarinense.<br \/>\nPara desempenharem este papel importante, esses profissionais devem possuir<br \/>\nconhecimento multidisciplinar, atuando, dentre outras, em \u00e1reas essenciais como sa\u00fade, educa\u00e7\u00e3o,<br \/>\nseguran\u00e7a e infraestrutura.<br \/>\nCom o advento da Lei n\u00ba 18.316, de 2021, que instituiu o regime de subs\u00eddio como forma<br \/>\nde remunera\u00e7\u00e3o, a carreira permanece com seus vencimentos mantidos nos mesmos patamares<br \/>\ndesde janeiro de 2022, sem qualquer reajuste ou atualiza\u00e7\u00e3o monet\u00e1ria.<br \/>\nA valoriza\u00e7\u00e3o desses profissionais por meio de uma pol\u00edtica salarial justa, com a<br \/>\nrecomposi\u00e7\u00e3o parcial da infla\u00e7\u00e3o acumulada dos \u00faltimos anos, \u00e9 essencial para garantir a melhoria<br \/>\nda gest\u00e3o p\u00fablica, a racionaliza\u00e7\u00e3o dos processos, a redu\u00e7\u00e3o da despesa p\u00fablica, bem como<br \/>\ngarantir a perman\u00eancia destes profissionais de alta qualifica\u00e7\u00e3o nos quadros do Estado.<br \/>\nEm Santa Catarina, um Estado reconhecido nacionalmente por sua gest\u00e3o de excel\u00eancia,<br \/>\na valoriza\u00e7\u00e3o dos Auditores do Estado mediante  os  termos  do  anteprojeto  de  Lei  que<br \/>\nsubmetemos \u00e0 Vossa  Excel\u00eancia,  garantir\u00e1 uma atua\u00e7\u00e3o cont\u00ednua e especializada, que ir\u00e1 resultar<br \/>\nna melhoria dos programas e servi\u00e7os entregues aos catarinenses.<br \/>\nRod. Jos\u00e9 Carlos Daux, 5500 &#8211; Saco Grande, Florian\u00f3polis &#8211; SC, 88032-005<br \/>\nSC 401 Square Corporate \u2013 CFL \u2013 Torre Campeche B, 3\u00ba andar, sala 323<br \/>\nFone: (48) 3664-5720 &#8211; E-mail: cgesc@cge.sc.gov.br<br \/>\nP\u00e1gina 1 de 2<br \/>\n2<br \/>\nP\u00e1g. 01 de 02 &#8211; Documento assinado digitalmente. Para confer\u00eancia, acesse o site https:\/\/portal.sgpe.sea.sc.gov.br\/portal-externo e informe o processo CGE 00000646\/2025 e o c\u00f3digo G0RB2Q06.ESTADO DE SANTA CATARINA<br \/>\nCONTROLADORIA-GERAL DO ESTADO<br \/>\nGABINTE DO CONTROLADOR-GERAL DO ESTADO<br \/>\nS\u00e3o essas, Senhor Governador, as raz\u00f5es que nos levam a submeter a Vossa Excel\u00eancia<br \/>\na proposta, \u00e0 luz dos benef\u00edcios que seguramente tal medida trar\u00e1 ao Estado de Santa Catarina.<br \/>\nRespeitosamente,<br \/>\nFreibergue Rubem do Nascimento Cleverson Siewert<br \/>\nControlador-Geral do Estado Secret\u00e1rio de Estado da Fazenda<br \/>\nRod. Jos\u00e9 Carlos Daux, 5500 &#8211; Saco Grande, Florian\u00f3polis &#8211; SC, 88032-005<br \/>\nSC 401 Square Corporate \u2013 CFL \u2013 Torre Campeche B, 3\u00ba andar, sala 323<br \/>\nFone: (48) 3664-5720 &#8211; E-mail: cgesc@cge.sc.gov.br<br \/>\nP\u00e1gina 2 de 2<br \/>\n3<br \/>\nP\u00e1g. 02 de 02 &#8211; Documento assinado digitalmente. Para confer\u00eancia, acesse o site https:\/\/portal.sgpe.sea.sc.gov.br\/portal-externo e informe o processo CGE 00000646\/2025 e o c\u00f3digo G0RB2Q06.Assinaturas do documento<\/p>\n<p>C\u00f3digo para verifica\u00e7\u00e3o: G0RB2Q06<\/p>\n<p>Este documento foi assinado digitalmente pelos seguintes signat\u00e1rios nas datas indicadas:<\/p>\n<p>FREIBERGUE RUBEM DO NASCIMENTO (CPF: 063.XXX.228-XX) em 23\/06\/2025 \u00e0s 16:46:27<br \/>\nEmitido por: &#8220;SGP-e&#8221;, emitido em 17\/04\/2023 &#8211; 15:59:11 e v\u00e1lido at\u00e9 17\/04\/2123 &#8211; 15:59:11.<br \/>\n(Assinatura do sistema)<\/p>\n<p>CLEVERSON SIEWERT (CPF: 017.XXX.629-XX) em 23\/06\/2025 \u00e0s 22:54:12<br \/>\nEmitido por: &#8220;SGP-e&#8221;, emitido em 02\/01\/2023 &#8211; 18:34:16 e v\u00e1lido at\u00e9 02\/01\/2123 &#8211; 18:34:16.<br \/>\n(Assinatura do sistema)<\/p>\n<p>Para verificar a autenticidade desta c\u00f3pia, acesse o link https:\/\/portal.sgpe.sea.sc.gov.br\/portal-externo\/conferencia-<br \/>\ndocumento\/Q0dFXzE4MTM5XzAwMDAwNjQ2XzY1OF8yMDI1X0cwUkIyUTA2 ou o site<br \/>\nhttps:\/\/portal.sgpe.sea.sc.gov.br\/portal-externo e informe o processo CGE 00000646\/2025 e o c\u00f3digo G0RB2Q06<br \/>\nou aponte a c\u00e2mera para o QR Code presente nesta p\u00e1gina para realizar a confer\u00eancia.<br \/>\nESTADO DE SANTA CATARINA <\/p>\n<p>PROJETO DE LEI N\u00ba <\/p>\n<p>Reajusta o subs\u00eddio da carreira de Auditor do Estado, integrante<br \/>\ndo Quadro de Pessoal da Secretaria de Estado da Fazenda<br \/>\n(SEF) de que trata a Lei Complementar n\u00ba 687, de 2016. <\/p>\n<p>O GOVERNADOR DO ESTADO DE SANTA CATARINA<br \/>\nFa\u00e7o saber a todos os habitantes deste Estado que a<br \/>\nAssembleia Legislativa decreta e eu sanciono a seguinte Lei: <\/p>\n<p>Art. 1\u00ba Fica reajustado em 20% (vinte por cento) o subs\u00eddio da<br \/>\ncarreira de Auditor do Estado, integrante do Quadro de Pessoal da Secretaria de Estado<br \/>\nda Fazenda (SEF) de que trata a Lei Complementar n\u00ba 687, de 21 de dezembro de 2016. <\/p>\n<p>Art. 2\u00ba Para a implementa\u00e7\u00e3o do disposto no art. 1\u00ba desta Lei, o<br \/>\nvalor do subs\u00eddio de que trata o caput do art. 38 da Lei n\u00ba 18.316, de 29 de dezembro de<br \/>\n2021, ser\u00e1 reajustado nos percentuais e nas datas seguintes: <\/p>\n<p>I \u2013 10% (dez por cento), a contar de 1\u00ba de setembro de 2025; e <\/p>\n<p>II \u2013 10% (dez por cento), a contar de 1\u00ba de dezembro de 2025. <\/p>\n<p>Par\u00e1grafo \u00fanico. Para a aplica\u00e7\u00e3o dos percentuais de que tratam<br \/>\nos incisos do caput deste artigo, ser\u00e3o adotados como base de c\u00e1lculo os subs\u00eddios<br \/>\nvigentes em junho de 2025. <\/p>\n<p>Art. 3\u00ba Aplica-se o disposto nesta Lei aos Auditores do Estado<br \/>\ninativos e aos respectivos pensionistas com direito \u00e0 paridade em seus benef\u00edcios, nos<br \/>\ntermos da Constitui\u00e7\u00e3o da Rep\u00fablica. <\/p>\n<p>Art. 4\u00ba As despesas decorrentes da execu\u00e7\u00e3o desta Lei correr\u00e3o<br \/>\n\u00e0 conta das dota\u00e7\u00f5es or\u00e7ament\u00e1rias pr\u00f3prias do Or\u00e7amento Geral do Estado. <\/p>\n<p>Art. 5\u00ba Fica o Governador do Estado autorizado a promover as<br \/>\nadequa\u00e7\u00f5es necess\u00e1rias na Lei Or\u00e7ament\u00e1ria Anual para o exerc\u00edcio de 2025 (LOA 2025)<br \/>\ne no Plano Plurianual para o quadri\u00eanio 2024-2027 (PPA 2024-2027) para atender ao<br \/>\ndisposto nesta Lei. <\/p>\n<p>Art. 6\u00ba Esta Lei entra em vigor na data de sua publica\u00e7\u00e3o. <\/p>\n<p>Florian\u00f3polis, <\/p>\n<p>JORGINHO MELLO<br \/>\nGovernador do Estado<br \/>\nPJ_269  CGE 0646\/2025<br \/>\n38<br \/>\nP\u00e1g. 01 de 01 &#8211; Documento assinado digitalmente. Para confer\u00eancia, acesse o site https:\/\/portal.sgpe.sea.sc.gov.br\/portal-externo e informe o processo CGE 00000646\/2025 e o c\u00f3digo KH4T35B0.Assinaturas do documento<\/p>\n<p>C\u00f3digo para verifica\u00e7\u00e3o: KH4T35B0<\/p>\n<p>Este documento foi assinado digitalmente pelos seguintes signat\u00e1rios nas datas indicadas:<\/p>\n<p>JORGINHO DOS SANTOS MELLO (CPF: 250.XXX.199-XX) em 02\/07\/2025 \u00e0s 18:53:16<br \/>\nEmitido por: &#8220;SGP-e&#8221;, emitido em 14\/04\/2023 &#8211; 11:54:30 e v\u00e1lido at\u00e9 14\/04\/2123 &#8211; 11:54:30.<br \/>\n(Assinatura do sistema)<\/p>\n<p>Para verificar a autenticidade desta c\u00f3pia, acesse o link https:\/\/portal.sgpe.sea.sc.gov.br\/portal-externo\/conferencia-<br \/>\ndocumento\/Q0dFXzE4MTM5XzAwMDAwNjQ2XzY1OF8yMDI1X0tINFQzNUIw ou o site<br \/>\nhttps:\/\/portal.sgpe.sea.sc.gov.br\/portal-externo e informe o processo CGE 00000646\/2025 e o c\u00f3digo KH4T35B0<br \/>\nou aponte a c\u00e2mera para o QR Code presente nesta p\u00e1gina para realizar a confer\u00eancia.<br \/>\n<\/article>\n<div style=\"text-align: center\">\n<div style=\"margin-bottom: 20px;\" class=\"et_pb_button_module_wrapper et_pb_button_5_tb_body_wrapper et_pb_button_alignment_center et_pb_module \">\n         <a class=\"et_pb_button et_pb_button_5_tb_body et_hover_enabled et_pb_bg_layout_dark\" style=\"width: 50%;background-color: black;\" href=\"https:\/\/app.legislapp.com.br\" target=\"_blank\" rel=\"noopener\">Visualizar completo na nossa plataforma (30 dias gr\u00e1tis)<\/a><\/p><\/div>\n<p>      <a href=\"https:\/\/play.google.com\/store\/apps\/details?id=br.com.legislapp\"><img decoding=\"async\" style=\"width: 15%; min-width: 130px;\" src=\"https:\/\/www.legislapp.com.br\/wp-content\/uploads\/google-play.png\"><\/a><br \/>\n      <a href=\"https:\/\/apps.apple.com\/us\/app\/legislapp\/id1568929859\"><img decoding=\"async\" style=\"width: 15%; min-width: 130px\" src=\"https:\/\/www.legislapp.com.br\/wp-content\/uploads\/apple-store.png\"><\/a>\n   <\/div>\n","protected":false},"excerpt":{"rendered":"<p>C\u00e2m. Legislativa de SC &#8211; Autoria de Governador do Estado Reajusta o subs\u00eddio da carreira de Auditor do Estado, integrante do Quadro de Pessoal da Secretaria de Estado da Fazenda (SEF) de que trata a Lei Complementar n\u00ba 687, de 2016. ESTADO DE SANTA CATARINA GABINETE DO GOVERNADOR MENSAGEM N\u00ba 1090 EXCELENT\u00cdSSIMO SENHOR PRESIDENTE, SENHORAS [&hellip;]<\/p>\n","protected":false},"author":1,"featured_media":0,"parent":0,"menu_order":0,"comment_status":"closed","ping_status":"closed","template":"page-template-blank.php","meta":{"_et_pb_use_builder":"","_et_pb_old_content":"","_et_gb_content_width":"1080","ngg_post_thumbnail":0,"footnotes":""},"class_list":["post-7267","page","type-page","status-publish","hentry"],"yoast_head":"<!-- This site is optimized with the Yoast SEO plugin v24.4 - https:\/\/yoast.com\/wordpress\/plugins\/seo\/ -->\n<title>PL.\/0432\/2025 - Governador do Estado - Legislapp<\/title>\n<meta name=\"robots\" content=\"index, follow, max-snippet:-1, max-image-preview:large, max-video-preview:-1\" \/>\n<link rel=\"canonical\" href=\"https:\/\/www.legislapp.com.br\/index.php\/cam-legislativa-de-sc-pl-0432-2025\/\" \/>\n<meta property=\"og:locale\" content=\"pt_BR\" \/>\n<meta property=\"og:type\" content=\"article\" \/>\n<meta property=\"og:title\" content=\"PL.\/0432\/2025 - Governador do Estado - Legislapp\" \/>\n<meta property=\"og:description\" content=\"C\u00e2m. Legislativa de SC &#8211; Autoria de Governador do Estado Reajusta o subs\u00eddio da carreira de Auditor do Estado, integrante do Quadro de Pessoal da Secretaria de Estado da Fazenda (SEF) de que trata a Lei Complementar n\u00ba 687, de 2016. ESTADO DE SANTA CATARINA GABINETE DO GOVERNADOR MENSAGEM N\u00ba 1090 EXCELENT\u00cdSSIMO SENHOR PRESIDENTE, SENHORAS [&hellip;]\" \/>\n<meta property=\"og:url\" content=\"https:\/\/www.legislapp.com.br\/index.php\/cam-legislativa-de-sc-pl-0432-2025\/\" \/>\n<meta property=\"og:site_name\" content=\"Legislapp\" \/>\n<meta property=\"article:publisher\" content=\"https:\/\/www.instagram.com\/legislapp\/\" \/>\n<meta property=\"og:image\" content=\"https:\/\/www.legislapp.com.br\/wp-content\/uploads\/google-play.png\" \/>\n<meta name=\"twitter:card\" content=\"summary_large_image\" \/>\n<meta name=\"twitter:label1\" content=\"Est. tempo de leitura\" \/>\n\t<meta name=\"twitter:data1\" content=\"8 minutos\" \/>\n<script type=\"application\/ld+json\" class=\"yoast-schema-graph\">{\"@context\":\"https:\/\/schema.org\",\"@graph\":[{\"@type\":\"WebPage\",\"@id\":\"https:\/\/www.legislapp.com.br\/index.php\/cam-legislativa-de-sc-pl-0432-2025\/\",\"url\":\"https:\/\/www.legislapp.com.br\/index.php\/cam-legislativa-de-sc-pl-0432-2025\/\",\"name\":\"PL.\/0432\/2025 - Governador do Estado - Legislapp\",\"isPartOf\":{\"@id\":\"https:\/\/www.legislapp.com.br\/#website\"},\"primaryImageOfPage\":{\"@id\":\"https:\/\/www.legislapp.com.br\/index.php\/cam-legislativa-de-sc-pl-0432-2025\/#primaryimage\"},\"image\":{\"@id\":\"https:\/\/www.legislapp.com.br\/index.php\/cam-legislativa-de-sc-pl-0432-2025\/#primaryimage\"},\"thumbnailUrl\":\"https:\/\/www.legislapp.com.br\/wp-content\/uploads\/google-play.png\",\"datePublished\":\"2025-09-17T16:21:38+00:00\",\"breadcrumb\":{\"@id\":\"https:\/\/www.legislapp.com.br\/index.php\/cam-legislativa-de-sc-pl-0432-2025\/#breadcrumb\"},\"inLanguage\":\"pt-BR\",\"potentialAction\":[{\"@type\":\"ReadAction\",\"target\":[\"https:\/\/www.legislapp.com.br\/index.php\/cam-legislativa-de-sc-pl-0432-2025\/\"]}]},{\"@type\":\"ImageObject\",\"inLanguage\":\"pt-BR\",\"@id\":\"https:\/\/www.legislapp.com.br\/index.php\/cam-legislativa-de-sc-pl-0432-2025\/#primaryimage\",\"url\":\"https:\/\/www.legislapp.com.br\/wp-content\/uploads\/google-play.png\",\"contentUrl\":\"https:\/\/www.legislapp.com.br\/wp-content\/uploads\/google-play.png\",\"width\":564,\"height\":168},{\"@type\":\"BreadcrumbList\",\"@id\":\"https:\/\/www.legislapp.com.br\/index.php\/cam-legislativa-de-sc-pl-0432-2025\/#breadcrumb\",\"itemListElement\":[{\"@type\":\"ListItem\",\"position\":1,\"name\":\"In\u00edcio\",\"item\":\"https:\/\/www.legislapp.com.br\/\"},{\"@type\":\"ListItem\",\"position\":2,\"name\":\"PL.\/0432\/2025 &#8211; Governador do Estado\"}]},{\"@type\":\"WebSite\",\"@id\":\"https:\/\/www.legislapp.com.br\/#website\",\"url\":\"https:\/\/www.legislapp.com.br\/\",\"name\":\"Legislapp\",\"description\":\"Intelig\u00eancia governamental em tempo real\",\"publisher\":{\"@id\":\"https:\/\/www.legislapp.com.br\/#organization\"},\"potentialAction\":[{\"@type\":\"SearchAction\",\"target\":{\"@type\":\"EntryPoint\",\"urlTemplate\":\"https:\/\/www.legislapp.com.br\/?s={search_term_string}\"},\"query-input\":{\"@type\":\"PropertyValueSpecification\",\"valueRequired\":true,\"valueName\":\"search_term_string\"}}],\"inLanguage\":\"pt-BR\"},{\"@type\":\"Organization\",\"@id\":\"https:\/\/www.legislapp.com.br\/#organization\",\"name\":\"Legislapp Monitoramento e Intelig\u00eancia Governamental\",\"url\":\"https:\/\/www.legislapp.com.br\/\",\"logo\":{\"@type\":\"ImageObject\",\"inLanguage\":\"pt-BR\",\"@id\":\"https:\/\/www.legislapp.com.br\/#\/schema\/logo\/image\/\",\"url\":\"https:\/\/www.legislapp.com.br\/wp-content\/uploads\/icon.png\",\"contentUrl\":\"https:\/\/www.legislapp.com.br\/wp-content\/uploads\/icon.png\",\"width\":1024,\"height\":1024,\"caption\":\"Legislapp Monitoramento e Intelig\u00eancia Governamental\"},\"image\":{\"@id\":\"https:\/\/www.legislapp.com.br\/#\/schema\/logo\/image\/\"},\"sameAs\":[\"https:\/\/www.instagram.com\/legislapp\/\"]}]}<\/script>\n<!-- \/ Yoast SEO plugin. -->","yoast_head_json":{"title":"PL.\/0432\/2025 - Governador do Estado - Legislapp","robots":{"index":"index","follow":"follow","max-snippet":"max-snippet:-1","max-image-preview":"max-image-preview:large","max-video-preview":"max-video-preview:-1"},"canonical":"https:\/\/www.legislapp.com.br\/index.php\/cam-legislativa-de-sc-pl-0432-2025\/","og_locale":"pt_BR","og_type":"article","og_title":"PL.\/0432\/2025 - Governador do Estado - Legislapp","og_description":"C\u00e2m. Legislativa de SC &#8211; Autoria de Governador do Estado Reajusta o subs\u00eddio da carreira de Auditor do Estado, integrante do Quadro de Pessoal da Secretaria de Estado da Fazenda (SEF) de que trata a Lei Complementar n\u00ba 687, de 2016. ESTADO DE SANTA CATARINA GABINETE DO GOVERNADOR MENSAGEM N\u00ba 1090 EXCELENT\u00cdSSIMO SENHOR PRESIDENTE, SENHORAS [&hellip;]","og_url":"https:\/\/www.legislapp.com.br\/index.php\/cam-legislativa-de-sc-pl-0432-2025\/","og_site_name":"Legislapp","article_publisher":"https:\/\/www.instagram.com\/legislapp\/","og_image":[{"url":"https:\/\/www.legislapp.com.br\/wp-content\/uploads\/google-play.png","type":"","width":"","height":""}],"twitter_card":"summary_large_image","twitter_misc":{"Est. tempo de leitura":"8 minutos"},"schema":{"@context":"https:\/\/schema.org","@graph":[{"@type":"WebPage","@id":"https:\/\/www.legislapp.com.br\/index.php\/cam-legislativa-de-sc-pl-0432-2025\/","url":"https:\/\/www.legislapp.com.br\/index.php\/cam-legislativa-de-sc-pl-0432-2025\/","name":"PL.\/0432\/2025 - Governador do Estado - Legislapp","isPartOf":{"@id":"https:\/\/www.legislapp.com.br\/#website"},"primaryImageOfPage":{"@id":"https:\/\/www.legislapp.com.br\/index.php\/cam-legislativa-de-sc-pl-0432-2025\/#primaryimage"},"image":{"@id":"https:\/\/www.legislapp.com.br\/index.php\/cam-legislativa-de-sc-pl-0432-2025\/#primaryimage"},"thumbnailUrl":"https:\/\/www.legislapp.com.br\/wp-content\/uploads\/google-play.png","datePublished":"2025-09-17T16:21:38+00:00","breadcrumb":{"@id":"https:\/\/www.legislapp.com.br\/index.php\/cam-legislativa-de-sc-pl-0432-2025\/#breadcrumb"},"inLanguage":"pt-BR","potentialAction":[{"@type":"ReadAction","target":["https:\/\/www.legislapp.com.br\/index.php\/cam-legislativa-de-sc-pl-0432-2025\/"]}]},{"@type":"ImageObject","inLanguage":"pt-BR","@id":"https:\/\/www.legislapp.com.br\/index.php\/cam-legislativa-de-sc-pl-0432-2025\/#primaryimage","url":"https:\/\/www.legislapp.com.br\/wp-content\/uploads\/google-play.png","contentUrl":"https:\/\/www.legislapp.com.br\/wp-content\/uploads\/google-play.png","width":564,"height":168},{"@type":"BreadcrumbList","@id":"https:\/\/www.legislapp.com.br\/index.php\/cam-legislativa-de-sc-pl-0432-2025\/#breadcrumb","itemListElement":[{"@type":"ListItem","position":1,"name":"In\u00edcio","item":"https:\/\/www.legislapp.com.br\/"},{"@type":"ListItem","position":2,"name":"PL.\/0432\/2025 &#8211; Governador do Estado"}]},{"@type":"WebSite","@id":"https:\/\/www.legislapp.com.br\/#website","url":"https:\/\/www.legislapp.com.br\/","name":"Legislapp","description":"Intelig\u00eancia governamental em tempo real","publisher":{"@id":"https:\/\/www.legislapp.com.br\/#organization"},"potentialAction":[{"@type":"SearchAction","target":{"@type":"EntryPoint","urlTemplate":"https:\/\/www.legislapp.com.br\/?s={search_term_string}"},"query-input":{"@type":"PropertyValueSpecification","valueRequired":true,"valueName":"search_term_string"}}],"inLanguage":"pt-BR"},{"@type":"Organization","@id":"https:\/\/www.legislapp.com.br\/#organization","name":"Legislapp Monitoramento e Intelig\u00eancia Governamental","url":"https:\/\/www.legislapp.com.br\/","logo":{"@type":"ImageObject","inLanguage":"pt-BR","@id":"https:\/\/www.legislapp.com.br\/#\/schema\/logo\/image\/","url":"https:\/\/www.legislapp.com.br\/wp-content\/uploads\/icon.png","contentUrl":"https:\/\/www.legislapp.com.br\/wp-content\/uploads\/icon.png","width":1024,"height":1024,"caption":"Legislapp Monitoramento e Intelig\u00eancia Governamental"},"image":{"@id":"https:\/\/www.legislapp.com.br\/#\/schema\/logo\/image\/"},"sameAs":["https:\/\/www.instagram.com\/legislapp\/"]}]}},"_links":{"self":[{"href":"https:\/\/www.legislapp.com.br\/index.php\/wp-json\/wp\/v2\/pages\/7267","targetHints":{"allow":["GET"]}}],"collection":[{"href":"https:\/\/www.legislapp.com.br\/index.php\/wp-json\/wp\/v2\/pages"}],"about":[{"href":"https:\/\/www.legislapp.com.br\/index.php\/wp-json\/wp\/v2\/types\/page"}],"author":[{"embeddable":true,"href":"https:\/\/www.legislapp.com.br\/index.php\/wp-json\/wp\/v2\/users\/1"}],"replies":[{"embeddable":true,"href":"https:\/\/www.legislapp.com.br\/index.php\/wp-json\/wp\/v2\/comments?post=7267"}],"version-history":[{"count":0,"href":"https:\/\/www.legislapp.com.br\/index.php\/wp-json\/wp\/v2\/pages\/7267\/revisions"}],"wp:attachment":[{"href":"https:\/\/www.legislapp.com.br\/index.php\/wp-json\/wp\/v2\/media?parent=7267"}],"curies":[{"name":"wp","href":"https:\/\/api.w.org\/{rel}","templated":true}]}}