{"id":7269,"date":"2025-09-17T13:21:45","date_gmt":"2025-09-17T16:21:45","guid":{"rendered":"https:\/\/www.legislapp.com.br\/index.php\/cam-legislativa-de-sc-pl-0430-2025\/"},"modified":"2025-09-17T13:21:45","modified_gmt":"2025-09-17T16:21:45","slug":"cam-legislativa-de-sc-pl-0430-2025","status":"publish","type":"page","link":"https:\/\/www.legislapp.com.br\/index.php\/cam-legislativa-de-sc-pl-0430-2025\/","title":{"rendered":"PL.\/0430\/2025 &#8211; Governador do Estado"},"content":{"rendered":"<h1 style='text-align: center;'>C\u00e2m. Legislativa de SC &#8211; Autoria de Governador do Estado<\/h3>\n<p><\/p>\n<article style='text-align: center'>Altera o art. 8\u00ba da Lei n\u00ba 16.465, de 2014, que institui retribui\u00e7\u00f5es financeiras por desempenho de atividades final\u00edsticas, e estabelece outras provid\u00eancias.<\/article>\n<p><\/p>\n<p style='text-align: center'><a href='https:\/\/app.legislapp.com.br\/#\/busca?termo='><\/a><\/p>\n<p><\/p>\n<article>ESTADO DE SANTA CATARINA<br \/>\nGABINETE DO GOVERNADOR  <\/p>\n<p>MENSAGEM N\u00ba 1087 <\/p>\n<p>EXCELENT\u00cdSSIMO SENHOR PRESIDENTE, SENHORAS<br \/>\nDEPUTADAS E SENHORES DEPUTADOS DA ASSEMBLEIA<br \/>\nLEGISLATIVA DO ESTADO <\/p>\n<p>Nos termos do art. 50 da Constitui\u00e7\u00e3o do Estado, submeto \u00e0<br \/>\nelevada delibera\u00e7\u00e3o dessa augusta Casa Legislativa, acompanhado de exposi\u00e7\u00e3o de<br \/>\nmotivos conjunta da Funda\u00e7\u00e3o Catarinense de Educa\u00e7\u00e3o Especial e da Secretaria de<br \/>\nEstado da Administra\u00e7\u00e3o, o projeto de lei que \u201cAltera o art. 8\u00ba da Lei n\u00ba 16.465, de 2014,<br \/>\nque institui retribui\u00e7\u00f5es financeiras por desempenho de atividades final\u00edsticas, e estabelece<br \/>\noutras provid\u00eancias\u201d. <\/p>\n<p>Florian\u00f3polis, 1\u00ba de julho de 2025. <\/p>\n<p>JORGINHO MELLO<br \/>\nGovernador do Estado<br \/>\nmsl_PJ_267<br \/>\n31<br \/>\nP\u00e1g. 01 de 01 &#8211; Documento assinado digitalmente. Para confer\u00eancia, acesse o site https:\/\/portal.sgpe.sea.sc.gov.br\/portal-externo e informe o processo FCEE 00002840\/2025 e o c\u00f3digo NP23Y6Z2.Assinaturas do documento<\/p>\n<p>C\u00f3digo para verifica\u00e7\u00e3o: NP23Y6Z2<\/p>\n<p>Este documento foi assinado digitalmente pelos seguintes signat\u00e1rios nas datas indicadas:<\/p>\n<p>JORGINHO DOS SANTOS MELLO (CPF: 250.XXX.199-XX) em 02\/07\/2025 \u00e0s 13:23:48<br \/>\nEmitido por: &#8220;SGP-e&#8221;, emitido em 14\/04\/2023 &#8211; 11:54:30 e v\u00e1lido at\u00e9 14\/04\/2123 &#8211; 11:54:30.<br \/>\n(Assinatura do sistema)<\/p>\n<p>Para verificar a autenticidade desta c\u00f3pia, acesse o link https:\/\/portal.sgpe.sea.sc.gov.br\/portal-externo\/conferencia-<br \/>\ndocumento\/RkNFRV80MjY3XzAwMDAyODQwXzI4NDFfMjAyNV9OUDIzWTZaMg== ou o site<br \/>\nhttps:\/\/portal.sgpe.sea.sc.gov.br\/portal-externo e informe o processo FCEE 00002840\/2025 e o c\u00f3digo NP23Y6Z2<br \/>\nou aponte a c\u00e2mera para o QR Code presente nesta p\u00e1gina para realizar a confer\u00eancia.<\/p>\n<p>ESTADO DE SANTA CATARINA<br \/>\n SECRETARIA DE ESTADO DA ADMINISTRA\u00c7\u00c3O<br \/>\n SECRETARIA DE ESTADO DA SA\u00daDE<br \/>\nExposi\u00e7\u00e3o de Motivos Conjunta n. 88\/2025\/SEA<br \/>\nRef. Processo FCEE \/2025<br \/>\nSenhor Governador,<br \/>\n Submetemos \u00e0 elevada considera\u00e7\u00e3o de Vossa Excel\u00eancia proposta de<br \/>\nanteprojeto de Lei que \u201cAltera a Lei n\u00ba 16.465, de 2014, que institui<br \/>\nretribui\u00e7\u00f5es financeiras por desempenho de atividades final\u00edsticas, e<br \/>\nestabelece outras provid\u00eancias\u201d.<br \/>\nA proposta tem como \u00fanico objetivo autorizar os servidores admitidos<br \/>\nem car\u00e1ter tempor\u00e1rio na Funda\u00e7\u00e3o Catarinense de Educa\u00e7\u00e3o Especial (FCEE),<br \/>\ncom base na Lei Complementar n. 260, de 2004, a receber a vantagem<br \/>\nprevista na Lei n. 16.465, de 2014.<br \/>\nA altera\u00e7\u00e3o se faz necess\u00e1ria para que a Funda\u00e7\u00e3o consiga contratar<br \/>\nservidores tempor\u00e1rios para atendimento \u00e0s demandas urgentes<br \/>\nrelacionadas, principalmente, \u00e0s \u00e1reas m\u00e9dica e de engenharia.<br \/>\nImportante esclarecer que a dificuldade na contrata\u00e7\u00e3o \u00e9 reflexo direto<br \/>\ndos valores atualmente ofertados aos servidores tempor\u00e1rios, raz\u00e3o pela<br \/>\nqual ora se prop\u00f5e que a remunera\u00e7\u00e3o seja equiparada \u00e0quela devida aos<br \/>\nservidores efetivos da entidade.<br \/>\nAnte o exposto, certos de que o presente projeto se constitui em<br \/>\nmedida de valoriza\u00e7\u00e3o dos servidores, que desempenham um relevante<br \/>\npapel \u00e0 sociedade catarinense, \u00e9 que submetemos \u00e0 aprecia\u00e7\u00e3o de Vossa<br \/>\nExcel\u00eancia a minuta de Projeto de Lei que \u201cAltera a Lei n\u00ba 16.465, de 2014,<br \/>\n7<br \/>\nP\u00e1g. 01 de 02 &#8211; Documento assinado digitalmente. Para confer\u00eancia, acesse o site https:\/\/portal.sgpe.sea.sc.gov.br\/portal-externo e informe o processo FCEE 00002840\/2025 e o c\u00f3digo 4XU1L1E0.<br \/>\nESTADO DE SANTA CATARINA<br \/>\n SECRETARIA DE ESTADO DA ADMINISTRA\u00c7\u00c3O<br \/>\n SECRETARIA DE ESTADO DA SA\u00daDE<br \/>\nque institui retribui\u00e7\u00f5es financeiras por desempenho de atividades<br \/>\nfinal\u00edsticas, e estabelece outras provid\u00eancias.\u201d<br \/>\nRespeitosamente,<br \/>\nJEANE RAUH PROBST LEITE<br \/>\nPresidente da FCEE<br \/>\nV\u00c2NIO BOING<br \/>\nSecret\u00e1rio de Estado da Administra\u00e7\u00e3o<br \/>\n8<br \/>\nP\u00e1g. 02 de 02 &#8211; Documento assinado digitalmente. Para confer\u00eancia, acesse o site https:\/\/portal.sgpe.sea.sc.gov.br\/portal-externo e informe o processo FCEE 00002840\/2025 e o c\u00f3digo 4XU1L1E0.Assinaturas do documento<\/p>\n<p>C\u00f3digo para verifica\u00e7\u00e3o: 4XU1L1E0<\/p>\n<p>Este documento foi assinado digitalmente pelos seguintes signat\u00e1rios nas datas indicadas:<\/p>\n<p>VANIO BOING (CPF: 433.XXX.709-XX) em 17\/06\/2025 \u00e0s 13:52:52<br \/>\nEmitido por: &#8220;SGP-e&#8221;, emitido em 23\/01\/2023 &#8211; 15:09:49 e v\u00e1lido at\u00e9 23\/01\/2123 &#8211; 15:09:49.<br \/>\n(Assinatura do sistema)<\/p>\n<p>JEANE RAUH PROBST LEITE (CPF: 020.XXX.369-XX) em 17\/06\/2025 \u00e0s 14:46:48<br \/>\nEmitido por: &#8220;SGP-e&#8221;, emitido em 13\/07\/2018 &#8211; 14:08:14 e v\u00e1lido at\u00e9 13\/07\/2118 &#8211; 14:08:14.<br \/>\n(Assinatura do sistema)<\/p>\n<p>Para verificar a autenticidade desta c\u00f3pia, acesse o link https:\/\/portal.sgpe.sea.sc.gov.br\/portal-externo\/conferencia-<br \/>\ndocumento\/RkNFRV80MjY3XzAwMDAyODQwXzI4NDFfMjAyNV80WFUxTDFFMA== ou o site<br \/>\nhttps:\/\/portal.sgpe.sea.sc.gov.br\/portal-externo e informe o processo FCEE 00002840\/2025 e o c\u00f3digo 4XU1L1E0<br \/>\nou aponte a c\u00e2mera para o QR Code presente nesta p\u00e1gina para realizar a confer\u00eancia.<br \/>\nESTADO DE SANTA CATARINA <\/p>\n<p>PROJETO DE LEI N\u00ba <\/p>\n<p>Altera o art. 8\u00ba da Lei n\u00ba 16.465, de 2014, que institui retribui\u00e7\u00f5es<br \/>\nfinanceiras por desempenho de atividades final\u00edsticas, e<br \/>\nestabelece outras provid\u00eancias. <\/p>\n<p>O GOVERNADOR DO ESTADO DE SANTA CATARINA<br \/>\nFa\u00e7o saber a todos os habitantes deste Estado que a<br \/>\nAssembleia Legislativa decreta e eu sanciono a seguinte Lei: <\/p>\n<p>Art. 1\u00ba O art. 8\u00ba da Lei n\u00ba 16.465, de 27 de agosto de 2014,<br \/>\npassa a vigorar com a seguinte reda\u00e7\u00e3o: <\/p>\n<p>\u201cArt. 8\u00ba &#8230;&#8230;&#8230;&#8230;&#8230;&#8230;&#8230;&#8230;&#8230;&#8230;&#8230;&#8230;&#8230;&#8230;&#8230;&#8230;&#8230;&#8230;&#8230;&#8230;&#8230;&#8230;&#8230;&#8230;&#8230;&#8230;&#8230;&#8230;&#8230;&#8230; <\/p>\n<p>&#8230;&#8230;&#8230;&#8230;&#8230;&#8230;&#8230;&#8230;&#8230;&#8230;&#8230;&#8230;&#8230;&#8230;&#8230;&#8230;&#8230;&#8230;&#8230;&#8230;&#8230;&#8230;&#8230;&#8230;&#8230;&#8230;&#8230;&#8230;&#8230;&#8230;&#8230;&#8230;&#8230;&#8230; <\/p>\n<p>\u00a7 8\u00ba Al\u00e9m das veda\u00e7\u00f5es estabelecidas nos \u00a7\u00a7 5\u00ba e 6\u00ba<br \/>\ndeste artigo, fica vedada a percep\u00e7\u00e3o das gratifica\u00e7\u00f5es de que tratam os arts. 6\u00ba-C, 6\u00ba-E,<br \/>\n6\u00ba-F, 6\u00ba-G, 6\u00ba-H, 6\u00ba-I, 6\u00ba-J, 6\u00ba-K, 6\u00ba-L, 6\u00ba-M, 6\u00ba-N e 6\u00ba-O desta Lei pelos servidores<br \/>\ncontratados para atender a necessidade tempor\u00e1ria de excepcional interesse p\u00fablico.\u201d (NR) <\/p>\n<p>Art. 2\u00ba As despesas decorrentes da execu\u00e7\u00e3o desta Lei correr\u00e3o<br \/>\n\u00e0 conta das dota\u00e7\u00f5es or\u00e7ament\u00e1rias pr\u00f3prias do Or\u00e7amento Geral do Estado. <\/p>\n<p>Art. 3\u00ba Fica o Governador do Estado autorizado a promover as<br \/>\nadequa\u00e7\u00f5es necess\u00e1rias na Lei Or\u00e7ament\u00e1ria Anual para o exerc\u00edcio de 2025 (LOA 2025)<br \/>\ne no Plano Plurianual para o quadri\u00eanio 2024-2027 (PPA 2024-2027) para atender ao<br \/>\ndisposto nesta Lei. <\/p>\n<p>Art. 4\u00ba Esta Lei entra em vigor na data de sua publica\u00e7\u00e3o,<br \/>\nproduzindo efeitos a contar de 1\u00ba de julho de 2025. <\/p>\n<p>Florian\u00f3polis, <\/p>\n<p>JORGINHO MELLO<br \/>\nGovernador do Estado<br \/>\nPJ_267  FCEE 2840\/2025<br \/>\n30<br \/>\nP\u00e1g. 01 de 01 &#8211; Documento assinado digitalmente. Para confer\u00eancia, acesse o site https:\/\/portal.sgpe.sea.sc.gov.br\/portal-externo e informe o processo FCEE 00002840\/2025 e o c\u00f3digo W5A55M0O.Assinaturas do documento<\/p>\n<p>C\u00f3digo para verifica\u00e7\u00e3o: W5A55M0O<\/p>\n<p>Este documento foi assinado digitalmente pelos seguintes signat\u00e1rios nas datas indicadas:<\/p>\n<p>JORGINHO DOS SANTOS MELLO (CPF: 250.XXX.199-XX) em 02\/07\/2025 \u00e0s 13:23:48<br \/>\nEmitido por: &#8220;SGP-e&#8221;, emitido em 14\/04\/2023 &#8211; 11:54:30 e v\u00e1lido at\u00e9 14\/04\/2123 &#8211; 11:54:30.<br \/>\n(Assinatura do sistema)<\/p>\n<p>Para verificar a autenticidade desta c\u00f3pia, acesse o link https:\/\/portal.sgpe.sea.sc.gov.br\/portal-externo\/conferencia-<br \/>\ndocumento\/RkNFRV80MjY3XzAwMDAyODQwXzI4NDFfMjAyNV9XNUE1NU0wTw== ou o site<br \/>\nhttps:\/\/portal.sgpe.sea.sc.gov.br\/portal-externo e informe o processo FCEE 00002840\/2025 e o c\u00f3digo<br \/>\nW5A55M0O ou aponte a c\u00e2mera para o QR Code presente nesta p\u00e1gina para realizar a confer\u00eancia.<br \/>\n<\/article>\n<div style=\"text-align: center\">\n<div style=\"margin-bottom: 20px;\" class=\"et_pb_button_module_wrapper et_pb_button_5_tb_body_wrapper et_pb_button_alignment_center et_pb_module \">\n         <a class=\"et_pb_button et_pb_button_5_tb_body et_hover_enabled et_pb_bg_layout_dark\" style=\"width: 50%;background-color: black;\" href=\"https:\/\/app.legislapp.com.br\" target=\"_blank\" rel=\"noopener\">Visualizar completo na nossa plataforma (30 dias gr\u00e1tis)<\/a><\/p><\/div>\n<p>      <a href=\"https:\/\/play.google.com\/store\/apps\/details?id=br.com.legislapp\"><img decoding=\"async\" style=\"width: 15%; min-width: 130px;\" src=\"https:\/\/www.legislapp.com.br\/wp-content\/uploads\/google-play.png\"><\/a><br \/>\n      <a href=\"https:\/\/apps.apple.com\/us\/app\/legislapp\/id1568929859\"><img decoding=\"async\" style=\"width: 15%; min-width: 130px\" src=\"https:\/\/www.legislapp.com.br\/wp-content\/uploads\/apple-store.png\"><\/a>\n   <\/div>\n","protected":false},"excerpt":{"rendered":"<p>C\u00e2m. Legislativa de SC &#8211; Autoria de Governador do Estado Altera o art. 8\u00ba da Lei n\u00ba 16.465, de 2014, que institui retribui\u00e7\u00f5es financeiras por desempenho de atividades final\u00edsticas, e estabelece outras provid\u00eancias. ESTADO DE SANTA CATARINA GABINETE DO GOVERNADOR MENSAGEM N\u00ba 1087 EXCELENT\u00cdSSIMO SENHOR PRESIDENTE, SENHORAS DEPUTADAS E SENHORES DEPUTADOS DA ASSEMBLEIA LEGISLATIVA DO [&hellip;]<\/p>\n","protected":false},"author":1,"featured_media":0,"parent":0,"menu_order":0,"comment_status":"closed","ping_status":"closed","template":"page-template-blank.php","meta":{"_et_pb_use_builder":"","_et_pb_old_content":"","_et_gb_content_width":"1080","ngg_post_thumbnail":0,"footnotes":""},"class_list":["post-7269","page","type-page","status-publish","hentry"],"yoast_head":"<!-- This site is optimized with the Yoast SEO plugin v24.4 - https:\/\/yoast.com\/wordpress\/plugins\/seo\/ -->\n<title>PL.\/0430\/2025 - Governador do Estado - Legislapp<\/title>\n<meta name=\"robots\" content=\"index, follow, max-snippet:-1, max-image-preview:large, max-video-preview:-1\" \/>\n<link rel=\"canonical\" href=\"https:\/\/www.legislapp.com.br\/index.php\/cam-legislativa-de-sc-pl-0430-2025\/\" \/>\n<meta property=\"og:locale\" content=\"pt_BR\" \/>\n<meta property=\"og:type\" content=\"article\" \/>\n<meta property=\"og:title\" content=\"PL.\/0430\/2025 - Governador do Estado - Legislapp\" \/>\n<meta property=\"og:description\" content=\"C\u00e2m. Legislativa de SC &#8211; Autoria de Governador do Estado Altera o art. 8\u00ba da Lei n\u00ba 16.465, de 2014, que institui retribui\u00e7\u00f5es financeiras por desempenho de atividades final\u00edsticas, e estabelece outras provid\u00eancias. ESTADO DE SANTA CATARINA GABINETE DO GOVERNADOR MENSAGEM N\u00ba 1087 EXCELENT\u00cdSSIMO SENHOR PRESIDENTE, SENHORAS DEPUTADAS E SENHORES DEPUTADOS DA ASSEMBLEIA LEGISLATIVA DO [&hellip;]\" \/>\n<meta property=\"og:url\" content=\"https:\/\/www.legislapp.com.br\/index.php\/cam-legislativa-de-sc-pl-0430-2025\/\" \/>\n<meta property=\"og:site_name\" content=\"Legislapp\" \/>\n<meta property=\"article:publisher\" content=\"https:\/\/www.instagram.com\/legislapp\/\" \/>\n<meta property=\"og:image\" content=\"https:\/\/www.legislapp.com.br\/wp-content\/uploads\/google-play.png\" \/>\n<meta name=\"twitter:card\" content=\"summary_large_image\" \/>\n<meta name=\"twitter:label1\" content=\"Est. tempo de leitura\" \/>\n\t<meta name=\"twitter:data1\" content=\"6 minutos\" \/>\n<script type=\"application\/ld+json\" class=\"yoast-schema-graph\">{\"@context\":\"https:\/\/schema.org\",\"@graph\":[{\"@type\":\"WebPage\",\"@id\":\"https:\/\/www.legislapp.com.br\/index.php\/cam-legislativa-de-sc-pl-0430-2025\/\",\"url\":\"https:\/\/www.legislapp.com.br\/index.php\/cam-legislativa-de-sc-pl-0430-2025\/\",\"name\":\"PL.\/0430\/2025 - Governador do Estado - Legislapp\",\"isPartOf\":{\"@id\":\"https:\/\/www.legislapp.com.br\/#website\"},\"primaryImageOfPage\":{\"@id\":\"https:\/\/www.legislapp.com.br\/index.php\/cam-legislativa-de-sc-pl-0430-2025\/#primaryimage\"},\"image\":{\"@id\":\"https:\/\/www.legislapp.com.br\/index.php\/cam-legislativa-de-sc-pl-0430-2025\/#primaryimage\"},\"thumbnailUrl\":\"https:\/\/www.legislapp.com.br\/wp-content\/uploads\/google-play.png\",\"datePublished\":\"2025-09-17T16:21:45+00:00\",\"breadcrumb\":{\"@id\":\"https:\/\/www.legislapp.com.br\/index.php\/cam-legislativa-de-sc-pl-0430-2025\/#breadcrumb\"},\"inLanguage\":\"pt-BR\",\"potentialAction\":[{\"@type\":\"ReadAction\",\"target\":[\"https:\/\/www.legislapp.com.br\/index.php\/cam-legislativa-de-sc-pl-0430-2025\/\"]}]},{\"@type\":\"ImageObject\",\"inLanguage\":\"pt-BR\",\"@id\":\"https:\/\/www.legislapp.com.br\/index.php\/cam-legislativa-de-sc-pl-0430-2025\/#primaryimage\",\"url\":\"https:\/\/www.legislapp.com.br\/wp-content\/uploads\/google-play.png\",\"contentUrl\":\"https:\/\/www.legislapp.com.br\/wp-content\/uploads\/google-play.png\",\"width\":564,\"height\":168},{\"@type\":\"BreadcrumbList\",\"@id\":\"https:\/\/www.legislapp.com.br\/index.php\/cam-legislativa-de-sc-pl-0430-2025\/#breadcrumb\",\"itemListElement\":[{\"@type\":\"ListItem\",\"position\":1,\"name\":\"In\u00edcio\",\"item\":\"https:\/\/www.legislapp.com.br\/\"},{\"@type\":\"ListItem\",\"position\":2,\"name\":\"PL.\/0430\/2025 &#8211; Governador do Estado\"}]},{\"@type\":\"WebSite\",\"@id\":\"https:\/\/www.legislapp.com.br\/#website\",\"url\":\"https:\/\/www.legislapp.com.br\/\",\"name\":\"Legislapp\",\"description\":\"Intelig\u00eancia governamental em tempo real\",\"publisher\":{\"@id\":\"https:\/\/www.legislapp.com.br\/#organization\"},\"potentialAction\":[{\"@type\":\"SearchAction\",\"target\":{\"@type\":\"EntryPoint\",\"urlTemplate\":\"https:\/\/www.legislapp.com.br\/?s={search_term_string}\"},\"query-input\":{\"@type\":\"PropertyValueSpecification\",\"valueRequired\":true,\"valueName\":\"search_term_string\"}}],\"inLanguage\":\"pt-BR\"},{\"@type\":\"Organization\",\"@id\":\"https:\/\/www.legislapp.com.br\/#organization\",\"name\":\"Legislapp Monitoramento e Intelig\u00eancia Governamental\",\"url\":\"https:\/\/www.legislapp.com.br\/\",\"logo\":{\"@type\":\"ImageObject\",\"inLanguage\":\"pt-BR\",\"@id\":\"https:\/\/www.legislapp.com.br\/#\/schema\/logo\/image\/\",\"url\":\"https:\/\/www.legislapp.com.br\/wp-content\/uploads\/icon.png\",\"contentUrl\":\"https:\/\/www.legislapp.com.br\/wp-content\/uploads\/icon.png\",\"width\":1024,\"height\":1024,\"caption\":\"Legislapp Monitoramento e Intelig\u00eancia Governamental\"},\"image\":{\"@id\":\"https:\/\/www.legislapp.com.br\/#\/schema\/logo\/image\/\"},\"sameAs\":[\"https:\/\/www.instagram.com\/legislapp\/\"]}]}<\/script>\n<!-- \/ Yoast SEO plugin. -->","yoast_head_json":{"title":"PL.\/0430\/2025 - Governador do Estado - Legislapp","robots":{"index":"index","follow":"follow","max-snippet":"max-snippet:-1","max-image-preview":"max-image-preview:large","max-video-preview":"max-video-preview:-1"},"canonical":"https:\/\/www.legislapp.com.br\/index.php\/cam-legislativa-de-sc-pl-0430-2025\/","og_locale":"pt_BR","og_type":"article","og_title":"PL.\/0430\/2025 - Governador do Estado - Legislapp","og_description":"C\u00e2m. Legislativa de SC &#8211; Autoria de Governador do Estado Altera o art. 8\u00ba da Lei n\u00ba 16.465, de 2014, que institui retribui\u00e7\u00f5es financeiras por desempenho de atividades final\u00edsticas, e estabelece outras provid\u00eancias. ESTADO DE SANTA CATARINA GABINETE DO GOVERNADOR MENSAGEM N\u00ba 1087 EXCELENT\u00cdSSIMO SENHOR PRESIDENTE, SENHORAS DEPUTADAS E SENHORES DEPUTADOS DA ASSEMBLEIA LEGISLATIVA DO [&hellip;]","og_url":"https:\/\/www.legislapp.com.br\/index.php\/cam-legislativa-de-sc-pl-0430-2025\/","og_site_name":"Legislapp","article_publisher":"https:\/\/www.instagram.com\/legislapp\/","og_image":[{"url":"https:\/\/www.legislapp.com.br\/wp-content\/uploads\/google-play.png","type":"","width":"","height":""}],"twitter_card":"summary_large_image","twitter_misc":{"Est. tempo de leitura":"6 minutos"},"schema":{"@context":"https:\/\/schema.org","@graph":[{"@type":"WebPage","@id":"https:\/\/www.legislapp.com.br\/index.php\/cam-legislativa-de-sc-pl-0430-2025\/","url":"https:\/\/www.legislapp.com.br\/index.php\/cam-legislativa-de-sc-pl-0430-2025\/","name":"PL.\/0430\/2025 - Governador do Estado - Legislapp","isPartOf":{"@id":"https:\/\/www.legislapp.com.br\/#website"},"primaryImageOfPage":{"@id":"https:\/\/www.legislapp.com.br\/index.php\/cam-legislativa-de-sc-pl-0430-2025\/#primaryimage"},"image":{"@id":"https:\/\/www.legislapp.com.br\/index.php\/cam-legislativa-de-sc-pl-0430-2025\/#primaryimage"},"thumbnailUrl":"https:\/\/www.legislapp.com.br\/wp-content\/uploads\/google-play.png","datePublished":"2025-09-17T16:21:45+00:00","breadcrumb":{"@id":"https:\/\/www.legislapp.com.br\/index.php\/cam-legislativa-de-sc-pl-0430-2025\/#breadcrumb"},"inLanguage":"pt-BR","potentialAction":[{"@type":"ReadAction","target":["https:\/\/www.legislapp.com.br\/index.php\/cam-legislativa-de-sc-pl-0430-2025\/"]}]},{"@type":"ImageObject","inLanguage":"pt-BR","@id":"https:\/\/www.legislapp.com.br\/index.php\/cam-legislativa-de-sc-pl-0430-2025\/#primaryimage","url":"https:\/\/www.legislapp.com.br\/wp-content\/uploads\/google-play.png","contentUrl":"https:\/\/www.legislapp.com.br\/wp-content\/uploads\/google-play.png","width":564,"height":168},{"@type":"BreadcrumbList","@id":"https:\/\/www.legislapp.com.br\/index.php\/cam-legislativa-de-sc-pl-0430-2025\/#breadcrumb","itemListElement":[{"@type":"ListItem","position":1,"name":"In\u00edcio","item":"https:\/\/www.legislapp.com.br\/"},{"@type":"ListItem","position":2,"name":"PL.\/0430\/2025 &#8211; Governador do Estado"}]},{"@type":"WebSite","@id":"https:\/\/www.legislapp.com.br\/#website","url":"https:\/\/www.legislapp.com.br\/","name":"Legislapp","description":"Intelig\u00eancia governamental em tempo real","publisher":{"@id":"https:\/\/www.legislapp.com.br\/#organization"},"potentialAction":[{"@type":"SearchAction","target":{"@type":"EntryPoint","urlTemplate":"https:\/\/www.legislapp.com.br\/?s={search_term_string}"},"query-input":{"@type":"PropertyValueSpecification","valueRequired":true,"valueName":"search_term_string"}}],"inLanguage":"pt-BR"},{"@type":"Organization","@id":"https:\/\/www.legislapp.com.br\/#organization","name":"Legislapp Monitoramento e Intelig\u00eancia Governamental","url":"https:\/\/www.legislapp.com.br\/","logo":{"@type":"ImageObject","inLanguage":"pt-BR","@id":"https:\/\/www.legislapp.com.br\/#\/schema\/logo\/image\/","url":"https:\/\/www.legislapp.com.br\/wp-content\/uploads\/icon.png","contentUrl":"https:\/\/www.legislapp.com.br\/wp-content\/uploads\/icon.png","width":1024,"height":1024,"caption":"Legislapp Monitoramento e Intelig\u00eancia Governamental"},"image":{"@id":"https:\/\/www.legislapp.com.br\/#\/schema\/logo\/image\/"},"sameAs":["https:\/\/www.instagram.com\/legislapp\/"]}]}},"_links":{"self":[{"href":"https:\/\/www.legislapp.com.br\/index.php\/wp-json\/wp\/v2\/pages\/7269","targetHints":{"allow":["GET"]}}],"collection":[{"href":"https:\/\/www.legislapp.com.br\/index.php\/wp-json\/wp\/v2\/pages"}],"about":[{"href":"https:\/\/www.legislapp.com.br\/index.php\/wp-json\/wp\/v2\/types\/page"}],"author":[{"embeddable":true,"href":"https:\/\/www.legislapp.com.br\/index.php\/wp-json\/wp\/v2\/users\/1"}],"replies":[{"embeddable":true,"href":"https:\/\/www.legislapp.com.br\/index.php\/wp-json\/wp\/v2\/comments?post=7269"}],"version-history":[{"count":0,"href":"https:\/\/www.legislapp.com.br\/index.php\/wp-json\/wp\/v2\/pages\/7269\/revisions"}],"wp:attachment":[{"href":"https:\/\/www.legislapp.com.br\/index.php\/wp-json\/wp\/v2\/media?parent=7269"}],"curies":[{"name":"wp","href":"https:\/\/api.w.org\/{rel}","templated":true}]}}