{"id":7318,"date":"2025-09-17T13:24:28","date_gmt":"2025-09-17T16:24:28","guid":{"rendered":"https:\/\/www.legislapp.com.br\/index.php\/cam-legislativa-de-sc-pl-0389-2025\/"},"modified":"2025-09-17T13:24:28","modified_gmt":"2025-09-17T16:24:28","slug":"cam-legislativa-de-sc-pl-0389-2025","status":"publish","type":"page","link":"https:\/\/www.legislapp.com.br\/index.php\/cam-legislativa-de-sc-pl-0389-2025\/","title":{"rendered":"PL.\/0389\/2025 &#8211; Paulinha"},"content":{"rendered":"<h1 style='text-align: center;'>C\u00e2m. Legislativa de SC &#8211; Autoria de Paulinha<\/h3>\n<p><\/p>\n<article style='text-align: center'>Altera a Lei n\u00ba 18.888, de 19 de abril de 2024, que &#8220;institui o Programa de Prote\u00e7\u00e3o \u00e0 Mulher Gestante das For\u00e7as de Seguran\u00e7a P\u00fablica do Estado de Santa Catarina&#8221;, para incluir a categoria de Agente de Seguran\u00e7a Socioeducativo.<\/article>\n<p><\/p>\n<p style='text-align: center'><a href='https:\/\/app.legislapp.com.br\/#\/busca?termo='><\/a><\/p>\n<p><\/p>\n<article>ASSEMBLEIA LEGISLATIVA GABINETE DEPUTADA<br \/>\nESTADO DE SANTA CATARINA PAULINHA<\/p>\n<p>PROJETO DE LEI<\/p>\n<p>Altera a Lei n\u00ba 18.888, de 19 de abril de 2024, que \u201cinstitui o<br \/>\nPrograma de Prote\u00e7\u00e3o \u00e0 Mulher Gestante das For\u00e7as de<br \/>\nSeguran\u00e7a P\u00fablica do Estado de Santa Catarina\u201d, para incluir<br \/>\na categoria de Agente de Seguran\u00e7a Socioeducativo.<\/p>\n<p>Art. 1\u00ba &#8211; A Lei n\u00ba 18.888, de 19 de abril de 2024, passa a<br \/>\nvigorar seguinte reda\u00e7\u00e3o:<\/p>\n<p>\u201c Art. 1\u00ba: Fica institu\u00eddo o Programa de Prote\u00e7\u00e3o \u00e0 Mulher<br \/>\nGestante das For\u00e7as de Seguran\u00e7a P\u00fablica do Estado de Santa Catarina, com o<br \/>\nobjetivo de salvaguardar o direito a uma gesta\u00e7\u00e3o saud\u00e1vel e o retorno da servidora<br \/>\np\u00fablica Policial Civil, Policial Militar, Bombeira Militar, Policial Penal, Agente do Instituto-<br \/>\nGeral de Per\u00edcia e Agente de Seguran\u00e7a Socioeducativo, \u00e0 ativa, terminado o per\u00edodo<br \/>\nde licen\u00e7a-maternidade.\u201d<br \/>\nArt. 2\u00b0 Esta Lei entra em vigor na data de sua publica\u00e7\u00e3o.<\/p>\n<p>Sala da Sess\u00f5es,     <\/p>\n<p>Deputada PAULINHA<br \/>\n JUSTIFICA\u00c7\u00c3O<\/p>\n<p>A presente proposta de altera\u00e7\u00e3o visa incluir expressamente a categoria de Agente de<br \/>\nSeguran\u00e7a Socioeducativo no \u00e2mbito de prote\u00e7\u00e3o conferido pela Lei n\u00ba 18.888, de 19<br \/>\nde abril de 2024, que institui o Programa de Prote\u00e7\u00e3o \u00e0 Mulher Gestante das For\u00e7as de<br \/>\nSeguran\u00e7a P\u00fablica do Estado de Santa Catarina.<\/p>\n<p>Os Agentes de Seguran\u00e7a Socioeducativos desempenham fun\u00e7\u00e3o essencial \u00e0<br \/>\nseguran\u00e7a p\u00fablica, atuando diretamente na execu\u00e7\u00e3o das medidas socioeducativas<br \/>\naplicadas a adolescentes em conflito com a lei. Trata-se de uma atividade que, al\u00e9m de<br \/>\nexigir preparo t\u00e9cnico e emocional, envolve exposi\u00e7\u00e3o a riscos e situa\u00e7\u00f5es que podem<br \/>\ncomprometer a sa\u00fade e o bem-estar das profissionais, especialmente no per\u00edodo<br \/>\ngestacional.<\/p>\n<p>Assim como as demais servidoras p\u00fablicas mencionadas na lei \u2014 Policiais Civis,<br \/>\nMilitares, Bombeiras Militares, Policiais Penais e Agentes do Instituto-Geral de Per\u00edcias<br \/>\n\u2014, as Agentes de Seguran\u00e7a Socioeducativas devem ter garantido o direito \u00e0 prote\u00e7\u00e3o<br \/>\nintegral durante a gesta\u00e7\u00e3o, bem como a seguran\u00e7a no retorno ao exerc\u00edcio de suas<br \/>\nfun\u00e7\u00f5es ap\u00f3s a licen\u00e7a-maternidade.<\/p>\n<p>A altera\u00e7\u00e3o proposta visa, portanto, corrigir uma omiss\u00e3o e garantir tratamento<br \/>\nison\u00f4mico a todas as servidoras que, no exerc\u00edcio de suas atribui\u00e7\u00f5es, contribuem para<br \/>\na seguran\u00e7a p\u00fablica e a promo\u00e7\u00e3o dos direitos fundamentais em nosso Estado.<\/p>\n<p>Diante disso, solicitamos o apoio dos nobres parlamentares para a aprova\u00e7\u00e3o desta<br \/>\nimportante medida de prote\u00e7\u00e3o e valoriza\u00e7\u00e3o das servidoras p\u00fablicas que atuam no<br \/>\nSistema de Atendimento Socioeducativo de Santa Catarina.<br \/>\nELEGIS<br \/>\nDocumento assinado eletronicamente por Ana Paula da Silva,<br \/>\nSistema de Processo<br \/>\nem 26\/06\/2025, \u00e0s 13:20.<br \/>\nLegislativo Eletr\u00f4nico<\/article>\n<div style=\"text-align: center\">\n<div style=\"margin-bottom: 20px;\" class=\"et_pb_button_module_wrapper et_pb_button_5_tb_body_wrapper et_pb_button_alignment_center et_pb_module \">\n         <a class=\"et_pb_button et_pb_button_5_tb_body et_hover_enabled et_pb_bg_layout_dark\" style=\"width: 50%;background-color: black;\" href=\"https:\/\/app.legislapp.com.br\" target=\"_blank\" rel=\"noopener\">Visualizar completo na nossa plataforma (30 dias gr\u00e1tis)<\/a><\/p><\/div>\n<p>      <a href=\"https:\/\/play.google.com\/store\/apps\/details?id=br.com.legislapp\"><img decoding=\"async\" style=\"width: 15%; min-width: 130px;\" src=\"https:\/\/www.legislapp.com.br\/wp-content\/uploads\/google-play.png\"><\/a><br \/>\n      <a href=\"https:\/\/apps.apple.com\/us\/app\/legislapp\/id1568929859\"><img decoding=\"async\" style=\"width: 15%; min-width: 130px\" src=\"https:\/\/www.legislapp.com.br\/wp-content\/uploads\/apple-store.png\"><\/a>\n   <\/div>\n","protected":false},"excerpt":{"rendered":"<p>C\u00e2m. Legislativa de SC &#8211; Autoria de Paulinha Altera a Lei n\u00ba 18.888, de 19 de abril de 2024, que &#8220;institui o Programa de Prote\u00e7\u00e3o \u00e0 Mulher Gestante das For\u00e7as de Seguran\u00e7a P\u00fablica do Estado de Santa Catarina&#8221;, para incluir a categoria de Agente de Seguran\u00e7a Socioeducativo. ASSEMBLEIA LEGISLATIVA GABINETE DEPUTADA ESTADO DE SANTA CATARINA [&hellip;]<\/p>\n","protected":false},"author":1,"featured_media":0,"parent":0,"menu_order":0,"comment_status":"closed","ping_status":"closed","template":"page-template-blank.php","meta":{"_et_pb_use_builder":"","_et_pb_old_content":"","_et_gb_content_width":"1080","ngg_post_thumbnail":0,"footnotes":""},"class_list":["post-7318","page","type-page","status-publish","hentry"],"yoast_head":"<!-- This site is optimized with the Yoast SEO plugin v24.4 - https:\/\/yoast.com\/wordpress\/plugins\/seo\/ -->\n<title>PL.\/0389\/2025 - Paulinha - Legislapp<\/title>\n<meta name=\"robots\" content=\"index, follow, max-snippet:-1, max-image-preview:large, max-video-preview:-1\" \/>\n<link rel=\"canonical\" href=\"https:\/\/www.legislapp.com.br\/index.php\/cam-legislativa-de-sc-pl-0389-2025\/\" \/>\n<meta property=\"og:locale\" content=\"pt_BR\" \/>\n<meta property=\"og:type\" content=\"article\" \/>\n<meta property=\"og:title\" content=\"PL.\/0389\/2025 - Paulinha - Legislapp\" \/>\n<meta property=\"og:description\" content=\"C\u00e2m. Legislativa de SC &#8211; Autoria de Paulinha Altera a Lei n\u00ba 18.888, de 19 de abril de 2024, que &#8220;institui o Programa de Prote\u00e7\u00e3o \u00e0 Mulher Gestante das For\u00e7as de Seguran\u00e7a P\u00fablica do Estado de Santa Catarina&#8221;, para incluir a categoria de Agente de Seguran\u00e7a Socioeducativo. ASSEMBLEIA LEGISLATIVA GABINETE DEPUTADA ESTADO DE SANTA CATARINA [&hellip;]\" \/>\n<meta property=\"og:url\" content=\"https:\/\/www.legislapp.com.br\/index.php\/cam-legislativa-de-sc-pl-0389-2025\/\" \/>\n<meta property=\"og:site_name\" content=\"Legislapp\" \/>\n<meta property=\"article:publisher\" content=\"https:\/\/www.instagram.com\/legislapp\/\" \/>\n<meta property=\"og:image\" content=\"https:\/\/www.legislapp.com.br\/wp-content\/uploads\/google-play.png\" \/>\n<meta name=\"twitter:card\" content=\"summary_large_image\" \/>\n<meta name=\"twitter:label1\" content=\"Est. tempo de leitura\" \/>\n\t<meta name=\"twitter:data1\" content=\"2 minutos\" \/>\n<script type=\"application\/ld+json\" class=\"yoast-schema-graph\">{\"@context\":\"https:\/\/schema.org\",\"@graph\":[{\"@type\":\"WebPage\",\"@id\":\"https:\/\/www.legislapp.com.br\/index.php\/cam-legislativa-de-sc-pl-0389-2025\/\",\"url\":\"https:\/\/www.legislapp.com.br\/index.php\/cam-legislativa-de-sc-pl-0389-2025\/\",\"name\":\"PL.\/0389\/2025 - Paulinha - Legislapp\",\"isPartOf\":{\"@id\":\"https:\/\/www.legislapp.com.br\/#website\"},\"primaryImageOfPage\":{\"@id\":\"https:\/\/www.legislapp.com.br\/index.php\/cam-legislativa-de-sc-pl-0389-2025\/#primaryimage\"},\"image\":{\"@id\":\"https:\/\/www.legislapp.com.br\/index.php\/cam-legislativa-de-sc-pl-0389-2025\/#primaryimage\"},\"thumbnailUrl\":\"https:\/\/www.legislapp.com.br\/wp-content\/uploads\/google-play.png\",\"datePublished\":\"2025-09-17T16:24:28+00:00\",\"breadcrumb\":{\"@id\":\"https:\/\/www.legislapp.com.br\/index.php\/cam-legislativa-de-sc-pl-0389-2025\/#breadcrumb\"},\"inLanguage\":\"pt-BR\",\"potentialAction\":[{\"@type\":\"ReadAction\",\"target\":[\"https:\/\/www.legislapp.com.br\/index.php\/cam-legislativa-de-sc-pl-0389-2025\/\"]}]},{\"@type\":\"ImageObject\",\"inLanguage\":\"pt-BR\",\"@id\":\"https:\/\/www.legislapp.com.br\/index.php\/cam-legislativa-de-sc-pl-0389-2025\/#primaryimage\",\"url\":\"https:\/\/www.legislapp.com.br\/wp-content\/uploads\/google-play.png\",\"contentUrl\":\"https:\/\/www.legislapp.com.br\/wp-content\/uploads\/google-play.png\",\"width\":564,\"height\":168},{\"@type\":\"BreadcrumbList\",\"@id\":\"https:\/\/www.legislapp.com.br\/index.php\/cam-legislativa-de-sc-pl-0389-2025\/#breadcrumb\",\"itemListElement\":[{\"@type\":\"ListItem\",\"position\":1,\"name\":\"In\u00edcio\",\"item\":\"https:\/\/www.legislapp.com.br\/\"},{\"@type\":\"ListItem\",\"position\":2,\"name\":\"PL.\/0389\/2025 &#8211; Paulinha\"}]},{\"@type\":\"WebSite\",\"@id\":\"https:\/\/www.legislapp.com.br\/#website\",\"url\":\"https:\/\/www.legislapp.com.br\/\",\"name\":\"Legislapp\",\"description\":\"Intelig\u00eancia governamental em tempo real\",\"publisher\":{\"@id\":\"https:\/\/www.legislapp.com.br\/#organization\"},\"potentialAction\":[{\"@type\":\"SearchAction\",\"target\":{\"@type\":\"EntryPoint\",\"urlTemplate\":\"https:\/\/www.legislapp.com.br\/?s={search_term_string}\"},\"query-input\":{\"@type\":\"PropertyValueSpecification\",\"valueRequired\":true,\"valueName\":\"search_term_string\"}}],\"inLanguage\":\"pt-BR\"},{\"@type\":\"Organization\",\"@id\":\"https:\/\/www.legislapp.com.br\/#organization\",\"name\":\"Legislapp Monitoramento e Intelig\u00eancia Governamental\",\"url\":\"https:\/\/www.legislapp.com.br\/\",\"logo\":{\"@type\":\"ImageObject\",\"inLanguage\":\"pt-BR\",\"@id\":\"https:\/\/www.legislapp.com.br\/#\/schema\/logo\/image\/\",\"url\":\"https:\/\/www.legislapp.com.br\/wp-content\/uploads\/icon.png\",\"contentUrl\":\"https:\/\/www.legislapp.com.br\/wp-content\/uploads\/icon.png\",\"width\":1024,\"height\":1024,\"caption\":\"Legislapp Monitoramento e Intelig\u00eancia Governamental\"},\"image\":{\"@id\":\"https:\/\/www.legislapp.com.br\/#\/schema\/logo\/image\/\"},\"sameAs\":[\"https:\/\/www.instagram.com\/legislapp\/\"]}]}<\/script>\n<!-- \/ Yoast SEO plugin. -->","yoast_head_json":{"title":"PL.\/0389\/2025 - Paulinha - Legislapp","robots":{"index":"index","follow":"follow","max-snippet":"max-snippet:-1","max-image-preview":"max-image-preview:large","max-video-preview":"max-video-preview:-1"},"canonical":"https:\/\/www.legislapp.com.br\/index.php\/cam-legislativa-de-sc-pl-0389-2025\/","og_locale":"pt_BR","og_type":"article","og_title":"PL.\/0389\/2025 - Paulinha - Legislapp","og_description":"C\u00e2m. Legislativa de SC &#8211; Autoria de Paulinha Altera a Lei n\u00ba 18.888, de 19 de abril de 2024, que &#8220;institui o Programa de Prote\u00e7\u00e3o \u00e0 Mulher Gestante das For\u00e7as de Seguran\u00e7a P\u00fablica do Estado de Santa Catarina&#8221;, para incluir a categoria de Agente de Seguran\u00e7a Socioeducativo. ASSEMBLEIA LEGISLATIVA GABINETE DEPUTADA ESTADO DE SANTA CATARINA [&hellip;]","og_url":"https:\/\/www.legislapp.com.br\/index.php\/cam-legislativa-de-sc-pl-0389-2025\/","og_site_name":"Legislapp","article_publisher":"https:\/\/www.instagram.com\/legislapp\/","og_image":[{"url":"https:\/\/www.legislapp.com.br\/wp-content\/uploads\/google-play.png","type":"","width":"","height":""}],"twitter_card":"summary_large_image","twitter_misc":{"Est. tempo de leitura":"2 minutos"},"schema":{"@context":"https:\/\/schema.org","@graph":[{"@type":"WebPage","@id":"https:\/\/www.legislapp.com.br\/index.php\/cam-legislativa-de-sc-pl-0389-2025\/","url":"https:\/\/www.legislapp.com.br\/index.php\/cam-legislativa-de-sc-pl-0389-2025\/","name":"PL.\/0389\/2025 - Paulinha - Legislapp","isPartOf":{"@id":"https:\/\/www.legislapp.com.br\/#website"},"primaryImageOfPage":{"@id":"https:\/\/www.legislapp.com.br\/index.php\/cam-legislativa-de-sc-pl-0389-2025\/#primaryimage"},"image":{"@id":"https:\/\/www.legislapp.com.br\/index.php\/cam-legislativa-de-sc-pl-0389-2025\/#primaryimage"},"thumbnailUrl":"https:\/\/www.legislapp.com.br\/wp-content\/uploads\/google-play.png","datePublished":"2025-09-17T16:24:28+00:00","breadcrumb":{"@id":"https:\/\/www.legislapp.com.br\/index.php\/cam-legislativa-de-sc-pl-0389-2025\/#breadcrumb"},"inLanguage":"pt-BR","potentialAction":[{"@type":"ReadAction","target":["https:\/\/www.legislapp.com.br\/index.php\/cam-legislativa-de-sc-pl-0389-2025\/"]}]},{"@type":"ImageObject","inLanguage":"pt-BR","@id":"https:\/\/www.legislapp.com.br\/index.php\/cam-legislativa-de-sc-pl-0389-2025\/#primaryimage","url":"https:\/\/www.legislapp.com.br\/wp-content\/uploads\/google-play.png","contentUrl":"https:\/\/www.legislapp.com.br\/wp-content\/uploads\/google-play.png","width":564,"height":168},{"@type":"BreadcrumbList","@id":"https:\/\/www.legislapp.com.br\/index.php\/cam-legislativa-de-sc-pl-0389-2025\/#breadcrumb","itemListElement":[{"@type":"ListItem","position":1,"name":"In\u00edcio","item":"https:\/\/www.legislapp.com.br\/"},{"@type":"ListItem","position":2,"name":"PL.\/0389\/2025 &#8211; Paulinha"}]},{"@type":"WebSite","@id":"https:\/\/www.legislapp.com.br\/#website","url":"https:\/\/www.legislapp.com.br\/","name":"Legislapp","description":"Intelig\u00eancia governamental em tempo real","publisher":{"@id":"https:\/\/www.legislapp.com.br\/#organization"},"potentialAction":[{"@type":"SearchAction","target":{"@type":"EntryPoint","urlTemplate":"https:\/\/www.legislapp.com.br\/?s={search_term_string}"},"query-input":{"@type":"PropertyValueSpecification","valueRequired":true,"valueName":"search_term_string"}}],"inLanguage":"pt-BR"},{"@type":"Organization","@id":"https:\/\/www.legislapp.com.br\/#organization","name":"Legislapp Monitoramento e Intelig\u00eancia Governamental","url":"https:\/\/www.legislapp.com.br\/","logo":{"@type":"ImageObject","inLanguage":"pt-BR","@id":"https:\/\/www.legislapp.com.br\/#\/schema\/logo\/image\/","url":"https:\/\/www.legislapp.com.br\/wp-content\/uploads\/icon.png","contentUrl":"https:\/\/www.legislapp.com.br\/wp-content\/uploads\/icon.png","width":1024,"height":1024,"caption":"Legislapp Monitoramento e Intelig\u00eancia Governamental"},"image":{"@id":"https:\/\/www.legislapp.com.br\/#\/schema\/logo\/image\/"},"sameAs":["https:\/\/www.instagram.com\/legislapp\/"]}]}},"_links":{"self":[{"href":"https:\/\/www.legislapp.com.br\/index.php\/wp-json\/wp\/v2\/pages\/7318","targetHints":{"allow":["GET"]}}],"collection":[{"href":"https:\/\/www.legislapp.com.br\/index.php\/wp-json\/wp\/v2\/pages"}],"about":[{"href":"https:\/\/www.legislapp.com.br\/index.php\/wp-json\/wp\/v2\/types\/page"}],"author":[{"embeddable":true,"href":"https:\/\/www.legislapp.com.br\/index.php\/wp-json\/wp\/v2\/users\/1"}],"replies":[{"embeddable":true,"href":"https:\/\/www.legislapp.com.br\/index.php\/wp-json\/wp\/v2\/comments?post=7318"}],"version-history":[{"count":0,"href":"https:\/\/www.legislapp.com.br\/index.php\/wp-json\/wp\/v2\/pages\/7318\/revisions"}],"wp:attachment":[{"href":"https:\/\/www.legislapp.com.br\/index.php\/wp-json\/wp\/v2\/media?parent=7318"}],"curies":[{"name":"wp","href":"https:\/\/api.w.org\/{rel}","templated":true}]}}