{"id":7355,"date":"2025-09-17T13:26:30","date_gmt":"2025-09-17T16:26:30","guid":{"rendered":"https:\/\/www.legislapp.com.br\/index.php\/cam-legislativa-de-mg-pl-3933-2025-2\/"},"modified":"2025-09-17T13:26:30","modified_gmt":"2025-09-17T16:26:30","slug":"cam-legislativa-de-mg-pl-3933-2025-2","status":"publish","type":"page","link":"https:\/\/www.legislapp.com.br\/index.php\/cam-legislativa-de-mg-pl-3933-2025-2\/","title":{"rendered":"PL 3933\/2025 &#8211; Deputados"},"content":{"rendered":"<h1 style='text-align: center;'>C\u00e2m. Legislativa de MG &#8211; Autoria de Deputados<\/h3>\n<p><\/p>\n<article style='text-align: center'>Institui a Semana Estadual do Outubrinho Rosa.<\/article>\n<p><\/p>\n<p style='text-align: center'><a href='https:\/\/app.legislapp.com.br\/#\/busca?termo='><\/a><\/p>\n<p><\/p>\n<article>Institui a Semana Estadual do Outubrinho Rosa e d\u00e1 outras provid\u00eancias.<br \/>\nA Assembleia Legislativa do Estado de Minas Gerais decreta:<br \/>\nArt. 1\u00ba \u2013 Fica institu\u00edda a Semana Estadual do Outubrinho Rosa, a ser comemorada, anualmente, na \u00faltima quinzena de outubro.<br \/>\nArt. 2\u00ba \u2013 A Semana Estadual do Outubrinho Rosa ter\u00e1 como objetivos:<br \/>\nI \u2013 a promo\u00e7\u00e3o de discuss\u00e3o de especialistas acerca das medidas de preven\u00e7\u00e3o, para meninas de at\u00e9 quinze anos, de condi\u00e7\u00f5es que possam ser diagnosticadas e tratadas precocemente, nos termos de regulamento;<br \/>\nII \u2013 a realiza\u00e7\u00e3o de campanhas de conscientiza\u00e7\u00e3o, com distribui\u00e7\u00e3o de material informativo, sobre a import\u00e2ncia de:<br \/>\na) ado\u00e7\u00e3o de h\u00e1bitos saud\u00e1veis para a preven\u00e7\u00e3o de doen\u00e7as;<br \/>\nb) diagn\u00f3stico e tratamento precoces de condi\u00e7\u00f5es de sa\u00fade de meninas de at\u00e9 quinze anos, nos termos de regulamento;<br \/>\nc) vacina contra o papilomav\u00edrus humano (Human Papillomavirus \u2013 HPV);<br \/>\nIII \u2013 a capacita\u00e7\u00e3o dos gestores locais do Sistema \u00danico de Sa\u00fade \u2013 SUS \u2013 acerca da import\u00e2ncia da eficiente disponibiliza\u00e7\u00e3o a meninas de at\u00e9 quinze anos de servi\u00e7os e procedimentos ligados \u00e0 preven\u00e7\u00e3o de condi\u00e7\u00f5es que sejam fatores de risco para doen\u00e7as na vida adulta;<br \/>\nIV \u2013 a forma\u00e7\u00e3o e a capacita\u00e7\u00e3o cont\u00ednuas dos recursos humanos em sa\u00fade que lidam com meninas de at\u00e9 quinze anos.<br \/>\nArt. 3\u00ba \u2013 A\u00a0Semana Estadual do Outubrinho Rosa ser\u00e1 celebrada durante a Campanha Outubro Rosa, divulgada anualmente pelo Governo Federal.<br \/>\nArt. 4\u00ba \u2013 Esta lei entra em vigor na data da sua publica\u00e7\u00e3o.<br \/>\nSala das Reuni\u00f5es, 11 de junho de 2025.<br \/>\nAna Paula Siqueira (Rede), vice-l\u00edder da Bancada Feminina e presidenta da Comiss\u00e3o de Defesa dos Direitos da Mulher.<br \/>\nJustifica\u00e7\u00e3o: A cria\u00e7\u00e3o da Semana Estadual do Outubrinho Rosa \u00e9 uma medida estrat\u00e9gica para promover a sa\u00fade integral de meninas de at\u00e9 15 anos em Minas Gerais, com foco na preven\u00e7\u00e3o de doen\u00e7as e na forma\u00e7\u00e3o de h\u00e1bitos que garantir\u00e3o uma vida adulta mais saud\u00e1vel. Embora a campanha \u201cOutubro Rosa\u201d seja amplamente conhecida por sua import\u00e2ncia na preven\u00e7\u00e3o do c\u00e2ncer de mama em mulheres adultas, existe uma lacuna na conscientiza\u00e7\u00e3o sobre os cuidados que devem come\u00e7ar na inf\u00e2ncia e na adolesc\u00eancia. Condi\u00e7\u00f5es de sa\u00fade diagnosticadas e tratadas tardiamente e a desinforma\u00e7\u00e3o sobre a vacina\u00e7\u00e3o contra o HPV representam fatores de risco significativos para o desenvolvimento de doen\u00e7as graves no futuro. A adolesc\u00eancia \u00e9 uma fase de transi\u00e7\u00e3o e vulnerabilidade. Dados do Censo 2022, divulgado pelo Instituto Brasileiro de Geografia e Estat\u00edstica, indicam que o Brasil possui mais de 13,7 milh\u00f5es de meninas entre 10 e 19 anos. Historicamente, a sa\u00fade ginecol\u00f3gica e preventiva nesta faixa et\u00e1ria \u00e9 cercada por tabus, que dificultam o acesso \u00e0 informa\u00e7\u00e3o e aos servi\u00e7os de sa\u00fade.<br \/>\nRegistre-se que, instituir a Semana do Outubrinho Rosa no Estado, alinhada \u00e0s diretrizes do Minist\u00e9rio da Sa\u00fade e da Organiza\u00e7\u00e3o das Na\u00e7\u00f5es Unidas \u2013 ONU \u2013, fortalece as pol\u00edticas p\u00fablicas de maneira integral. A iniciativa foca na antecipa\u00e7\u00e3o do cuidado, ao educar meninas e fam\u00edlias sobre a import\u00e2ncia de h\u00e1bitos saud\u00e1veis, do diagn\u00f3stico precoce e da vacina\u00e7\u00e3o. Ao mesmo tempo, busca qualificar a rede de sa\u00fade por meio da capacita\u00e7\u00e3o cont\u00ednua de profissionais e gestores do SUS para oferecer um atendimento humanizado e adequado \u00e0s especificidades da faixa et\u00e1ria. Dessa forma, o projeto materializa a garantia de direitos, assegurando que meninas e adolescentes sejam vistas como prioridade e tenham acesso \u00e0 informa\u00e7\u00e3o necess\u00e1ria para um desenvolvimento pleno e saud\u00e1vel.<br \/>\nEste projeto de lei, portanto, n\u00e3o apenas cria uma campanha, mas investe diretamente no futuro da sa\u00fade das mulheres mineiras, quebrando ciclos de desinforma\u00e7\u00e3o e prevenindo doen\u00e7as de forma eficaz e planejada.<br \/>\n\u2013 Publicado, vai o projeto \u00e0s Comiss\u00f5es de Justi\u00e7a, de Sa\u00fade, dos Direitos da Mulher e de Fiscaliza\u00e7\u00e3o Financeira para parecer, nos termos do art. 188, c\/c o art. 102, do Regimento Interno.<\/article>\n<div style=\"text-align: center\">\n<div style=\"margin-bottom: 20px;\" class=\"et_pb_button_module_wrapper et_pb_button_5_tb_body_wrapper et_pb_button_alignment_center et_pb_module \">\n         <a class=\"et_pb_button et_pb_button_5_tb_body et_hover_enabled et_pb_bg_layout_dark\" style=\"width: 50%;background-color: black;\" href=\"https:\/\/app.legislapp.com.br\" target=\"_blank\" rel=\"noopener\">Visualizar completo na nossa plataforma (30 dias gr\u00e1tis)<\/a><\/p><\/div>\n<p>      <a href=\"https:\/\/play.google.com\/store\/apps\/details?id=br.com.legislapp\"><img decoding=\"async\" style=\"width: 15%; min-width: 130px;\" src=\"https:\/\/www.legislapp.com.br\/wp-content\/uploads\/google-play.png\"><\/a><br \/>\n      <a href=\"https:\/\/apps.apple.com\/us\/app\/legislapp\/id1568929859\"><img decoding=\"async\" style=\"width: 15%; min-width: 130px\" src=\"https:\/\/www.legislapp.com.br\/wp-content\/uploads\/apple-store.png\"><\/a>\n   <\/div>\n","protected":false},"excerpt":{"rendered":"<p>C\u00e2m. Legislativa de MG &#8211; Autoria de Deputados Institui a Semana Estadual do Outubrinho Rosa. Institui a Semana Estadual do Outubrinho Rosa e d\u00e1 outras provid\u00eancias. A Assembleia Legislativa do Estado de Minas Gerais decreta: Art. 1\u00ba \u2013 Fica institu\u00edda a Semana Estadual do Outubrinho Rosa, a ser comemorada, anualmente, na \u00faltima quinzena de outubro. [&hellip;]<\/p>\n","protected":false},"author":1,"featured_media":0,"parent":0,"menu_order":0,"comment_status":"closed","ping_status":"closed","template":"page-template-blank.php","meta":{"_et_pb_use_builder":"","_et_pb_old_content":"","_et_gb_content_width":"1080","ngg_post_thumbnail":0,"footnotes":""},"class_list":["post-7355","page","type-page","status-publish","hentry"],"yoast_head":"<!-- This site is optimized with the Yoast SEO plugin v24.4 - https:\/\/yoast.com\/wordpress\/plugins\/seo\/ -->\n<title>PL 3933\/2025 - Deputados - Legislapp<\/title>\n<meta name=\"robots\" content=\"index, follow, max-snippet:-1, max-image-preview:large, max-video-preview:-1\" \/>\n<link rel=\"canonical\" href=\"https:\/\/www.legislapp.com.br\/index.php\/cam-legislativa-de-mg-pl-3933-2025-2\/\" \/>\n<meta property=\"og:locale\" content=\"pt_BR\" \/>\n<meta property=\"og:type\" content=\"article\" \/>\n<meta property=\"og:title\" content=\"PL 3933\/2025 - Deputados - Legislapp\" \/>\n<meta property=\"og:description\" content=\"C\u00e2m. Legislativa de MG &#8211; Autoria de Deputados Institui a Semana Estadual do Outubrinho Rosa. Institui a Semana Estadual do Outubrinho Rosa e d\u00e1 outras provid\u00eancias. A Assembleia Legislativa do Estado de Minas Gerais decreta: Art. 1\u00ba \u2013 Fica institu\u00edda a Semana Estadual do Outubrinho Rosa, a ser comemorada, anualmente, na \u00faltima quinzena de outubro. [&hellip;]\" \/>\n<meta property=\"og:url\" content=\"https:\/\/www.legislapp.com.br\/index.php\/cam-legislativa-de-mg-pl-3933-2025-2\/\" \/>\n<meta property=\"og:site_name\" content=\"Legislapp\" \/>\n<meta property=\"article:publisher\" content=\"https:\/\/www.instagram.com\/legislapp\/\" \/>\n<meta property=\"og:image\" content=\"https:\/\/www.legislapp.com.br\/wp-content\/uploads\/google-play.png\" \/>\n<meta name=\"twitter:card\" content=\"summary_large_image\" \/>\n<meta name=\"twitter:label1\" content=\"Est. tempo de leitura\" \/>\n\t<meta name=\"twitter:data1\" content=\"4 minutos\" \/>\n<script type=\"application\/ld+json\" class=\"yoast-schema-graph\">{\"@context\":\"https:\/\/schema.org\",\"@graph\":[{\"@type\":\"WebPage\",\"@id\":\"https:\/\/www.legislapp.com.br\/index.php\/cam-legislativa-de-mg-pl-3933-2025-2\/\",\"url\":\"https:\/\/www.legislapp.com.br\/index.php\/cam-legislativa-de-mg-pl-3933-2025-2\/\",\"name\":\"PL 3933\/2025 - Deputados - Legislapp\",\"isPartOf\":{\"@id\":\"https:\/\/www.legislapp.com.br\/#website\"},\"primaryImageOfPage\":{\"@id\":\"https:\/\/www.legislapp.com.br\/index.php\/cam-legislativa-de-mg-pl-3933-2025-2\/#primaryimage\"},\"image\":{\"@id\":\"https:\/\/www.legislapp.com.br\/index.php\/cam-legislativa-de-mg-pl-3933-2025-2\/#primaryimage\"},\"thumbnailUrl\":\"https:\/\/www.legislapp.com.br\/wp-content\/uploads\/google-play.png\",\"datePublished\":\"2025-09-17T16:26:30+00:00\",\"breadcrumb\":{\"@id\":\"https:\/\/www.legislapp.com.br\/index.php\/cam-legislativa-de-mg-pl-3933-2025-2\/#breadcrumb\"},\"inLanguage\":\"pt-BR\",\"potentialAction\":[{\"@type\":\"ReadAction\",\"target\":[\"https:\/\/www.legislapp.com.br\/index.php\/cam-legislativa-de-mg-pl-3933-2025-2\/\"]}]},{\"@type\":\"ImageObject\",\"inLanguage\":\"pt-BR\",\"@id\":\"https:\/\/www.legislapp.com.br\/index.php\/cam-legislativa-de-mg-pl-3933-2025-2\/#primaryimage\",\"url\":\"https:\/\/www.legislapp.com.br\/wp-content\/uploads\/google-play.png\",\"contentUrl\":\"https:\/\/www.legislapp.com.br\/wp-content\/uploads\/google-play.png\",\"width\":564,\"height\":168},{\"@type\":\"BreadcrumbList\",\"@id\":\"https:\/\/www.legislapp.com.br\/index.php\/cam-legislativa-de-mg-pl-3933-2025-2\/#breadcrumb\",\"itemListElement\":[{\"@type\":\"ListItem\",\"position\":1,\"name\":\"In\u00edcio\",\"item\":\"https:\/\/www.legislapp.com.br\/\"},{\"@type\":\"ListItem\",\"position\":2,\"name\":\"PL 3933\/2025 &#8211; Deputados\"}]},{\"@type\":\"WebSite\",\"@id\":\"https:\/\/www.legislapp.com.br\/#website\",\"url\":\"https:\/\/www.legislapp.com.br\/\",\"name\":\"Legislapp\",\"description\":\"Intelig\u00eancia governamental em tempo real\",\"publisher\":{\"@id\":\"https:\/\/www.legislapp.com.br\/#organization\"},\"potentialAction\":[{\"@type\":\"SearchAction\",\"target\":{\"@type\":\"EntryPoint\",\"urlTemplate\":\"https:\/\/www.legislapp.com.br\/?s={search_term_string}\"},\"query-input\":{\"@type\":\"PropertyValueSpecification\",\"valueRequired\":true,\"valueName\":\"search_term_string\"}}],\"inLanguage\":\"pt-BR\"},{\"@type\":\"Organization\",\"@id\":\"https:\/\/www.legislapp.com.br\/#organization\",\"name\":\"Legislapp Monitoramento e Intelig\u00eancia Governamental\",\"url\":\"https:\/\/www.legislapp.com.br\/\",\"logo\":{\"@type\":\"ImageObject\",\"inLanguage\":\"pt-BR\",\"@id\":\"https:\/\/www.legislapp.com.br\/#\/schema\/logo\/image\/\",\"url\":\"https:\/\/www.legislapp.com.br\/wp-content\/uploads\/icon.png\",\"contentUrl\":\"https:\/\/www.legislapp.com.br\/wp-content\/uploads\/icon.png\",\"width\":1024,\"height\":1024,\"caption\":\"Legislapp Monitoramento e Intelig\u00eancia Governamental\"},\"image\":{\"@id\":\"https:\/\/www.legislapp.com.br\/#\/schema\/logo\/image\/\"},\"sameAs\":[\"https:\/\/www.instagram.com\/legislapp\/\"]}]}<\/script>\n<!-- \/ Yoast SEO plugin. -->","yoast_head_json":{"title":"PL 3933\/2025 - Deputados - Legislapp","robots":{"index":"index","follow":"follow","max-snippet":"max-snippet:-1","max-image-preview":"max-image-preview:large","max-video-preview":"max-video-preview:-1"},"canonical":"https:\/\/www.legislapp.com.br\/index.php\/cam-legislativa-de-mg-pl-3933-2025-2\/","og_locale":"pt_BR","og_type":"article","og_title":"PL 3933\/2025 - Deputados - Legislapp","og_description":"C\u00e2m. Legislativa de MG &#8211; Autoria de Deputados Institui a Semana Estadual do Outubrinho Rosa. Institui a Semana Estadual do Outubrinho Rosa e d\u00e1 outras provid\u00eancias. A Assembleia Legislativa do Estado de Minas Gerais decreta: Art. 1\u00ba \u2013 Fica institu\u00edda a Semana Estadual do Outubrinho Rosa, a ser comemorada, anualmente, na \u00faltima quinzena de outubro. [&hellip;]","og_url":"https:\/\/www.legislapp.com.br\/index.php\/cam-legislativa-de-mg-pl-3933-2025-2\/","og_site_name":"Legislapp","article_publisher":"https:\/\/www.instagram.com\/legislapp\/","og_image":[{"url":"https:\/\/www.legislapp.com.br\/wp-content\/uploads\/google-play.png","type":"","width":"","height":""}],"twitter_card":"summary_large_image","twitter_misc":{"Est. tempo de leitura":"4 minutos"},"schema":{"@context":"https:\/\/schema.org","@graph":[{"@type":"WebPage","@id":"https:\/\/www.legislapp.com.br\/index.php\/cam-legislativa-de-mg-pl-3933-2025-2\/","url":"https:\/\/www.legislapp.com.br\/index.php\/cam-legislativa-de-mg-pl-3933-2025-2\/","name":"PL 3933\/2025 - Deputados - Legislapp","isPartOf":{"@id":"https:\/\/www.legislapp.com.br\/#website"},"primaryImageOfPage":{"@id":"https:\/\/www.legislapp.com.br\/index.php\/cam-legislativa-de-mg-pl-3933-2025-2\/#primaryimage"},"image":{"@id":"https:\/\/www.legislapp.com.br\/index.php\/cam-legislativa-de-mg-pl-3933-2025-2\/#primaryimage"},"thumbnailUrl":"https:\/\/www.legislapp.com.br\/wp-content\/uploads\/google-play.png","datePublished":"2025-09-17T16:26:30+00:00","breadcrumb":{"@id":"https:\/\/www.legislapp.com.br\/index.php\/cam-legislativa-de-mg-pl-3933-2025-2\/#breadcrumb"},"inLanguage":"pt-BR","potentialAction":[{"@type":"ReadAction","target":["https:\/\/www.legislapp.com.br\/index.php\/cam-legislativa-de-mg-pl-3933-2025-2\/"]}]},{"@type":"ImageObject","inLanguage":"pt-BR","@id":"https:\/\/www.legislapp.com.br\/index.php\/cam-legislativa-de-mg-pl-3933-2025-2\/#primaryimage","url":"https:\/\/www.legislapp.com.br\/wp-content\/uploads\/google-play.png","contentUrl":"https:\/\/www.legislapp.com.br\/wp-content\/uploads\/google-play.png","width":564,"height":168},{"@type":"BreadcrumbList","@id":"https:\/\/www.legislapp.com.br\/index.php\/cam-legislativa-de-mg-pl-3933-2025-2\/#breadcrumb","itemListElement":[{"@type":"ListItem","position":1,"name":"In\u00edcio","item":"https:\/\/www.legislapp.com.br\/"},{"@type":"ListItem","position":2,"name":"PL 3933\/2025 &#8211; Deputados"}]},{"@type":"WebSite","@id":"https:\/\/www.legislapp.com.br\/#website","url":"https:\/\/www.legislapp.com.br\/","name":"Legislapp","description":"Intelig\u00eancia governamental em tempo real","publisher":{"@id":"https:\/\/www.legislapp.com.br\/#organization"},"potentialAction":[{"@type":"SearchAction","target":{"@type":"EntryPoint","urlTemplate":"https:\/\/www.legislapp.com.br\/?s={search_term_string}"},"query-input":{"@type":"PropertyValueSpecification","valueRequired":true,"valueName":"search_term_string"}}],"inLanguage":"pt-BR"},{"@type":"Organization","@id":"https:\/\/www.legislapp.com.br\/#organization","name":"Legislapp Monitoramento e Intelig\u00eancia Governamental","url":"https:\/\/www.legislapp.com.br\/","logo":{"@type":"ImageObject","inLanguage":"pt-BR","@id":"https:\/\/www.legislapp.com.br\/#\/schema\/logo\/image\/","url":"https:\/\/www.legislapp.com.br\/wp-content\/uploads\/icon.png","contentUrl":"https:\/\/www.legislapp.com.br\/wp-content\/uploads\/icon.png","width":1024,"height":1024,"caption":"Legislapp Monitoramento e Intelig\u00eancia Governamental"},"image":{"@id":"https:\/\/www.legislapp.com.br\/#\/schema\/logo\/image\/"},"sameAs":["https:\/\/www.instagram.com\/legislapp\/"]}]}},"_links":{"self":[{"href":"https:\/\/www.legislapp.com.br\/index.php\/wp-json\/wp\/v2\/pages\/7355","targetHints":{"allow":["GET"]}}],"collection":[{"href":"https:\/\/www.legislapp.com.br\/index.php\/wp-json\/wp\/v2\/pages"}],"about":[{"href":"https:\/\/www.legislapp.com.br\/index.php\/wp-json\/wp\/v2\/types\/page"}],"author":[{"embeddable":true,"href":"https:\/\/www.legislapp.com.br\/index.php\/wp-json\/wp\/v2\/users\/1"}],"replies":[{"embeddable":true,"href":"https:\/\/www.legislapp.com.br\/index.php\/wp-json\/wp\/v2\/comments?post=7355"}],"version-history":[{"count":0,"href":"https:\/\/www.legislapp.com.br\/index.php\/wp-json\/wp\/v2\/pages\/7355\/revisions"}],"wp:attachment":[{"href":"https:\/\/www.legislapp.com.br\/index.php\/wp-json\/wp\/v2\/media?parent=7355"}],"curies":[{"name":"wp","href":"https:\/\/api.w.org\/{rel}","templated":true}]}}