{"id":7384,"date":"2025-09-17T13:28:06","date_gmt":"2025-09-17T16:28:06","guid":{"rendered":"https:\/\/www.legislapp.com.br\/index.php\/cam-legislativa-de-sc-pl-0361-2025-2\/"},"modified":"2025-09-17T13:28:06","modified_gmt":"2025-09-17T16:28:06","slug":"cam-legislativa-de-sc-pl-0361-2025-2","status":"publish","type":"page","link":"https:\/\/www.legislapp.com.br\/index.php\/cam-legislativa-de-sc-pl-0361-2025-2\/","title":{"rendered":"PL.\/0361\/2025 &#8211; Matheus Cadorin"},"content":{"rendered":"<h1 style='text-align: center;'>C\u00e2m. Legislativa de SC &#8211; Autoria de Matheus Cadorin<\/h3>\n<p><\/p>\n<article style='text-align: center'>Disp\u00f5e sobre os Distritos Tur\u00edsticos no Estado de Santa Catarina e adota outras provid\u00eancias.<\/article>\n<p><\/p>\n<p style='text-align: center'><a href='https:\/\/app.legislapp.com.br\/#\/busca?termo='><\/a><\/p>\n<p><\/p>\n<article>ASSEMBLEIA LEGISLATIVA GABINETE DEPUTADO<br \/>\nESTADO DE SANTA CATARINA MATHEUS CADORIN<\/p>\n<p>PROJETO DE LEI<\/p>\n<p>Disp\u00f5e sobre os Distritos Tur\u00edsticos no Estado de<br \/>\nSanta Catarina e adota outras provid\u00eancias.<\/p>\n<p>Art. 1\u00ba Fica institu\u00eddo o instituto dos Distritos Tur\u00edsticos no<br \/>\n\u00e2mbito do Estado de Santa Catarina, com a finalidade de promover a integra\u00e7\u00e3o<br \/>\nregional, o desenvolvimento sustent\u00e1vel do turismo, a gera\u00e7\u00e3o de emprego e renda,<br \/>\nbem como a valoriza\u00e7\u00e3o dos atrativos naturais, culturais e hist\u00f3ricos das regi\u00f5es do<br \/>\nEstado.<\/p>\n<p>Par\u00e1grafo \u00fanico. Para fins desta Lei, considera-se Distrito<br \/>\nTur\u00edstico a \u00e1rea geograficamente delimitada, no \u00e2mbito de bairro, distrito municipal,<br \/>\nmunic\u00edpio ou regi\u00e3o composta por mais de um munic\u00edpio, que possua caracter\u00edsticas<br \/>\ntur\u00edsticas relevantes e voca\u00e7\u00e3o para o desenvolvimento integrado do setor.<\/p>\n<p>Art. 2\u00ba Os Distritos Tur\u00edsticos poder\u00e3o ter recorte territorial:<\/p>\n<p>I \u2013 municipal, abrangendo a totalidade ou parte do territ\u00f3rio de um munic\u00edpio;<br \/>\nII \u2013 intermunicipal, abrangendo \u00e1reas que envolvam dois ou mais munic\u00edpios com<br \/>\nintegra\u00e7\u00e3o tur\u00edstica comprovada.<\/p>\n<p>Art. 3\u00ba S\u00e3o condi\u00e7\u00f5es indispens\u00e1veis e cumulativas para a<br \/>\ncria\u00e7\u00e3o de um Distrito Tur\u00edstico:<\/p>\n<p>I \u2013 exist\u00eancia de atrativos tur\u00edsticos naturais, culturais, hist\u00f3ricos, arquitet\u00f4nicos ou de<br \/>\nlazer com potencial reconhecido;<br \/>\nII \u2013 disponibilidade ou planejamento para a implanta\u00e7\u00e3o de infraestrutura b\u00e1sica<br \/>\nadequada ao turismo;<br \/>\nIII \u2013 potencial de gera\u00e7\u00e3o de impacto econ\u00f4mico positivo;<br \/>\nIV \u2013 elabora\u00e7\u00e3o de plano b\u00e1sico de implanta\u00e7\u00e3o com enfoque na sustentabilidade e na<br \/>\nvaloriza\u00e7\u00e3o cultural;<br \/>\nV \u2013 previs\u00e3o de mecanismos de participa\u00e7\u00e3o dos entes p\u00fablicos, iniciativa privada e<br \/>\nsociedade civil na gest\u00e3o do Distrito.<\/p>\n<p>Art. 4\u00ba A cria\u00e7\u00e3o de Distrito Tur\u00edstico depender\u00e1 de:<\/p>\n<p>I \u2013 proposi\u00e7\u00e3o legislativa acompanhada de justificativa de interesse p\u00fablico;<br \/>\nII \u2013 invent\u00e1rio t\u00e9cnico dos atrativos tur\u00edsticos e infraestrutura existente;<br \/>\nIII \u2013 estudos de impacto econ\u00f4mico, social e ambiental;<br \/>\nIV \u2013 realiza\u00e7\u00e3o de consulta p\u00fablica ampla e transparente, com ades\u00e3o formal dos<br \/>\nmunic\u00edpios e manifesta\u00e7\u00e3o favor\u00e1vel das comunidades envolvidas;<br \/>\nV \u2013 defini\u00e7\u00e3o de objetivos, metas e indicadores de desempenho.<\/p>\n<p>Art. 5\u00ba A gest\u00e3o de cada Distrito Tur\u00edstico ser\u00e1 exercida por<br \/>\num Conselho Gestor Multissetorial, composto por:<\/p>\n<p>I \u2013 representantes do Poder Executivo Estadual;<br \/>\nII \u2013 representantes dos munic\u00edpios abrangidos;<br \/>\nIII \u2013 representantes do setor tur\u00edstico e da iniciativa privada local;<br \/>\nIV \u2013 representantes da sociedade civil organizada;<br \/>\nV \u2013 representantes de universidades e centros de pesquisa com atua\u00e7\u00e3o na \u00e1rea de<br \/>\nturismo&#8221; ao rol de membros do Conselho Gestor Multissetorial.<br \/>\n \u00a7 1\u00ba O Conselho Gestor ser\u00e1 institu\u00eddo por ato do Poder<br \/>\nExecutivo Estadual.<\/p>\n<p>\u00a7 2\u00ba Compete ao Conselho Gestor:<\/p>\n<p>I \u2013 propor a\u00e7\u00f5es estrat\u00e9gicas de desenvolvimento tur\u00edstico;<br \/>\nII \u2013 aprovar planos e metas do Distrito;<br \/>\nIII \u2013 monitorar indicadores;<br \/>\nIV \u2013 fomentar parcerias p\u00fablico-privadas;<br \/>\nV \u2013 assegurar a participa\u00e7\u00e3o democr\u00e1tica e transparente dos segmentos envolvidos.<\/p>\n<p>Art. 6\u00ba Poder\u00e3o ser institu\u00eddos incentivos aos Distritos<br \/>\nTur\u00edsticos, tais como:<\/p>\n<p>I \u2013 apoio t\u00e9cnico e financeiro \u00e0 infraestrutura tur\u00edstica;<br \/>\nII \u2013 pol\u00edticas de cr\u00e9dito, fomento e incentivos fiscais;<br \/>\nIII \u2013 prioridade em programas de qualifica\u00e7\u00e3o e promo\u00e7\u00e3o tur\u00edstica;<br \/>\nIV \u2013 est\u00edmulo ao empreendedorismo e \u00e0 inova\u00e7\u00e3o no setor;<\/p>\n<p>Art. 7\u00ba Os projetos de cria\u00e7\u00e3o e funcionamento dos Distritos<br \/>\nTur\u00edsticos dever\u00e3o conter mecanismos de avalia\u00e7\u00e3o peri\u00f3dica de resultados, podendo<br \/>\nser revisados, ampliados ou alterados, conforme o interesse p\u00fablico.<\/p>\n<p>Art. 8\u00ba Compete aos Munic\u00edpios integrantes dos Distritos<br \/>\nTur\u00edsticos, em articula\u00e7\u00e3o com o Estado e o Conselho Gestor:<\/p>\n<p>I \u2013 adotar medidas de ordenamento territorial e preserva\u00e7\u00e3o patrimonial;<br \/>\nII \u2013 promover a capacita\u00e7\u00e3o profissional e gera\u00e7\u00e3o de renda local;<br \/>\nIII \u2013 elaborar estrat\u00e9gias conjuntas de promo\u00e7\u00e3o tur\u00edstica.<\/p>\n<p>Art. 9\u00ba Esta Lei entra em vigor na data de sua publica\u00e7\u00e3o.<\/p>\n<p>Sala da Sess\u00f5es,     <\/p>\n<p>Deputado Matheus Cadorin<br \/>\n JUSTIFICA\u00c7\u00c3O<\/p>\n<p>O presente Projeto de Lei tem por objetivo instituir os Distritos Tur\u00edsticos no Estado de<br \/>\nSanta Catarina, como instrumento de planejamento territorial e desenvolvimento<br \/>\nregional voltado \u00e0 valoriza\u00e7\u00e3o das potencialidades tur\u00edsticas locais, \u00e0 gera\u00e7\u00e3o de<br \/>\nemprego e renda e ao fortalecimento da identidade cultural das comunidades<br \/>\nenvolvidas.<\/p>\n<p>Santa Catarina possui uma diversidade geogr\u00e1fica e cultural expressiva, com atrativos<br \/>\ntur\u00edsticos distribu\u00eddos entre o litoral, o interior e as regi\u00f5es serranas, abrangendo desde<br \/>\npraias, parques naturais e cidades hist\u00f3ricas at\u00e9 \u00e1reas rurais com voca\u00e7\u00e3o para o<br \/>\necoturismo e o turismo cultural. Nesse cen\u00e1rio, o turismo configura-se como uma das<br \/>\nprincipais alavancas para o crescimento econ\u00f4mico sustent\u00e1vel do Estado.<\/p>\n<p>A proposta traz uma abordagem inovadora, ao permitir a cria\u00e7\u00e3o de distritos com<br \/>\nrecortes territoriais flex\u00edveis, podendo abranger desde bairros e distritos municipais at\u00e9<br \/>\nrotas intermunicipais, sempre que identificada a voca\u00e7\u00e3o tur\u00edstica regional. Busca-se,<br \/>\nassim, superar os modelos tradicionais limitados \u00e0 classifica\u00e7\u00e3o de munic\u00edpios inteiros,<br \/>\nfavorecendo a integra\u00e7\u00e3o e o aproveitamento estrat\u00e9gico de \u00e1reas com potencial<br \/>\ntur\u00edstico comprovado.<\/p>\n<p>A estrutura prevista prev\u00ea a gest\u00e3o compartilhada por meio de Conselhos Gestores<br \/>\nMultissetoriais, com a participa\u00e7\u00e3o do Poder P\u00fablico, da iniciativa privada e da<br \/>\nsociedade civil organizada, assegurando governan\u00e7a democr\u00e1tica e transparente.<br \/>\nTamb\u00e9m est\u00e3o previstas condi\u00e7\u00f5es t\u00e9cnicas m\u00ednimas para a cria\u00e7\u00e3o dos distritos,<br \/>\nmecanismos de incentivo \u00e0 infraestrutura e ao empreendedorismo, est\u00edmulo \u00e0<br \/>\nqualifica\u00e7\u00e3o profissional e obrigatoriedade de planos com foco na sustentabilidade<br \/>\nambiental e valoriza\u00e7\u00e3o cultural.<\/p>\n<p>O turismo, quando estruturado de forma planejada e participativa, gera impactos<br \/>\npositivos em diversas cadeias produtivas, beneficiando setores como hotelaria,<br \/>\ngastronomia, com\u00e9rcio, agricultura e servi\u00e7os. Al\u00e9m disso, contribui para a preserva\u00e7\u00e3o<br \/>\ndo patrim\u00f4nio ambiental e cultural e para a promo\u00e7\u00e3o da imagem do Estado no cen\u00e1rio<br \/>\nnacional e internacional.<\/p>\n<p>Diante do exposto, submeto a mat\u00e9ria \u00e0 aprecia\u00e7\u00e3o desta Casa Legislativa, solicitando<br \/>\no apoio dos Nobres Pares para a aprova\u00e7\u00e3o da presente proposi\u00e7\u00e3o.<br \/>\nELEGIS<br \/>\nDocumento assinado eletronicamente por Matheus Andreis<br \/>\nSistema de Processo<br \/>\nCadorin, em 17\/06\/2025, \u00e0s 14:09.<br \/>\nLegislativo Eletr\u00f4nico<br \/>\nELEGIS<br \/>\nDocumento assinado eletronicamente por Napole\u00e3o Bernardes<br \/>\nSistema de Processo<br \/>\nNeto, em 18\/06\/2025, \u00e0s 09:39.<br \/>\nLegislativo Eletr\u00f4nico<\/article>\n<div style=\"text-align: center\">\n<div style=\"margin-bottom: 20px;\" class=\"et_pb_button_module_wrapper et_pb_button_5_tb_body_wrapper et_pb_button_alignment_center et_pb_module \">\n         <a class=\"et_pb_button et_pb_button_5_tb_body et_hover_enabled et_pb_bg_layout_dark\" style=\"width: 50%;background-color: black;\" href=\"https:\/\/app.legislapp.com.br\" target=\"_blank\" rel=\"noopener\">Visualizar completo na nossa plataforma (30 dias gr\u00e1tis)<\/a><\/p><\/div>\n<p>      <a href=\"https:\/\/play.google.com\/store\/apps\/details?id=br.com.legislapp\"><img decoding=\"async\" style=\"width: 15%; min-width: 130px;\" src=\"https:\/\/www.legislapp.com.br\/wp-content\/uploads\/google-play.png\"><\/a><br \/>\n      <a href=\"https:\/\/apps.apple.com\/us\/app\/legislapp\/id1568929859\"><img decoding=\"async\" style=\"width: 15%; min-width: 130px\" src=\"https:\/\/www.legislapp.com.br\/wp-content\/uploads\/apple-store.png\"><\/a>\n   <\/div>\n","protected":false},"excerpt":{"rendered":"<p>C\u00e2m. Legislativa de SC &#8211; Autoria de Matheus Cadorin Disp\u00f5e sobre os Distritos Tur\u00edsticos no Estado de Santa Catarina e adota outras provid\u00eancias. ASSEMBLEIA LEGISLATIVA GABINETE DEPUTADO ESTADO DE SANTA CATARINA MATHEUS CADORIN PROJETO DE LEI Disp\u00f5e sobre os Distritos Tur\u00edsticos no Estado de Santa Catarina e adota outras provid\u00eancias. Art. 1\u00ba Fica institu\u00eddo o [&hellip;]<\/p>\n","protected":false},"author":1,"featured_media":0,"parent":0,"menu_order":0,"comment_status":"closed","ping_status":"closed","template":"page-template-blank.php","meta":{"_et_pb_use_builder":"","_et_pb_old_content":"","_et_gb_content_width":"1080","ngg_post_thumbnail":0,"footnotes":""},"class_list":["post-7384","page","type-page","status-publish","hentry"],"yoast_head":"<!-- This site is optimized with the Yoast SEO plugin v24.4 - https:\/\/yoast.com\/wordpress\/plugins\/seo\/ -->\n<title>PL.\/0361\/2025 - Matheus Cadorin - Legislapp<\/title>\n<meta name=\"robots\" content=\"index, follow, max-snippet:-1, max-image-preview:large, max-video-preview:-1\" \/>\n<link rel=\"canonical\" href=\"https:\/\/www.legislapp.com.br\/index.php\/cam-legislativa-de-sc-pl-0361-2025-2\/\" \/>\n<meta property=\"og:locale\" content=\"pt_BR\" \/>\n<meta property=\"og:type\" content=\"article\" \/>\n<meta property=\"og:title\" content=\"PL.\/0361\/2025 - Matheus Cadorin - Legislapp\" \/>\n<meta property=\"og:description\" content=\"C\u00e2m. Legislativa de SC &#8211; Autoria de Matheus Cadorin Disp\u00f5e sobre os Distritos Tur\u00edsticos no Estado de Santa Catarina e adota outras provid\u00eancias. ASSEMBLEIA LEGISLATIVA GABINETE DEPUTADO ESTADO DE SANTA CATARINA MATHEUS CADORIN PROJETO DE LEI Disp\u00f5e sobre os Distritos Tur\u00edsticos no Estado de Santa Catarina e adota outras provid\u00eancias. Art. 1\u00ba Fica institu\u00eddo o [&hellip;]\" \/>\n<meta property=\"og:url\" content=\"https:\/\/www.legislapp.com.br\/index.php\/cam-legislativa-de-sc-pl-0361-2025-2\/\" \/>\n<meta property=\"og:site_name\" content=\"Legislapp\" \/>\n<meta property=\"article:publisher\" content=\"https:\/\/www.instagram.com\/legislapp\/\" \/>\n<meta property=\"og:image\" content=\"https:\/\/www.legislapp.com.br\/wp-content\/uploads\/google-play.png\" \/>\n<meta name=\"twitter:card\" content=\"summary_large_image\" \/>\n<meta name=\"twitter:label1\" content=\"Est. tempo de leitura\" \/>\n\t<meta name=\"twitter:data1\" content=\"5 minutos\" \/>\n<script type=\"application\/ld+json\" class=\"yoast-schema-graph\">{\"@context\":\"https:\/\/schema.org\",\"@graph\":[{\"@type\":\"WebPage\",\"@id\":\"https:\/\/www.legislapp.com.br\/index.php\/cam-legislativa-de-sc-pl-0361-2025-2\/\",\"url\":\"https:\/\/www.legislapp.com.br\/index.php\/cam-legislativa-de-sc-pl-0361-2025-2\/\",\"name\":\"PL.\/0361\/2025 - Matheus Cadorin - Legislapp\",\"isPartOf\":{\"@id\":\"https:\/\/www.legislapp.com.br\/#website\"},\"primaryImageOfPage\":{\"@id\":\"https:\/\/www.legislapp.com.br\/index.php\/cam-legislativa-de-sc-pl-0361-2025-2\/#primaryimage\"},\"image\":{\"@id\":\"https:\/\/www.legislapp.com.br\/index.php\/cam-legislativa-de-sc-pl-0361-2025-2\/#primaryimage\"},\"thumbnailUrl\":\"https:\/\/www.legislapp.com.br\/wp-content\/uploads\/google-play.png\",\"datePublished\":\"2025-09-17T16:28:06+00:00\",\"breadcrumb\":{\"@id\":\"https:\/\/www.legislapp.com.br\/index.php\/cam-legislativa-de-sc-pl-0361-2025-2\/#breadcrumb\"},\"inLanguage\":\"pt-BR\",\"potentialAction\":[{\"@type\":\"ReadAction\",\"target\":[\"https:\/\/www.legislapp.com.br\/index.php\/cam-legislativa-de-sc-pl-0361-2025-2\/\"]}]},{\"@type\":\"ImageObject\",\"inLanguage\":\"pt-BR\",\"@id\":\"https:\/\/www.legislapp.com.br\/index.php\/cam-legislativa-de-sc-pl-0361-2025-2\/#primaryimage\",\"url\":\"https:\/\/www.legislapp.com.br\/wp-content\/uploads\/google-play.png\",\"contentUrl\":\"https:\/\/www.legislapp.com.br\/wp-content\/uploads\/google-play.png\",\"width\":564,\"height\":168},{\"@type\":\"BreadcrumbList\",\"@id\":\"https:\/\/www.legislapp.com.br\/index.php\/cam-legislativa-de-sc-pl-0361-2025-2\/#breadcrumb\",\"itemListElement\":[{\"@type\":\"ListItem\",\"position\":1,\"name\":\"In\u00edcio\",\"item\":\"https:\/\/www.legislapp.com.br\/\"},{\"@type\":\"ListItem\",\"position\":2,\"name\":\"PL.\/0361\/2025 &#8211; Matheus Cadorin\"}]},{\"@type\":\"WebSite\",\"@id\":\"https:\/\/www.legislapp.com.br\/#website\",\"url\":\"https:\/\/www.legislapp.com.br\/\",\"name\":\"Legislapp\",\"description\":\"Intelig\u00eancia governamental em tempo real\",\"publisher\":{\"@id\":\"https:\/\/www.legislapp.com.br\/#organization\"},\"potentialAction\":[{\"@type\":\"SearchAction\",\"target\":{\"@type\":\"EntryPoint\",\"urlTemplate\":\"https:\/\/www.legislapp.com.br\/?s={search_term_string}\"},\"query-input\":{\"@type\":\"PropertyValueSpecification\",\"valueRequired\":true,\"valueName\":\"search_term_string\"}}],\"inLanguage\":\"pt-BR\"},{\"@type\":\"Organization\",\"@id\":\"https:\/\/www.legislapp.com.br\/#organization\",\"name\":\"Legislapp Monitoramento e Intelig\u00eancia Governamental\",\"url\":\"https:\/\/www.legislapp.com.br\/\",\"logo\":{\"@type\":\"ImageObject\",\"inLanguage\":\"pt-BR\",\"@id\":\"https:\/\/www.legislapp.com.br\/#\/schema\/logo\/image\/\",\"url\":\"https:\/\/www.legislapp.com.br\/wp-content\/uploads\/icon.png\",\"contentUrl\":\"https:\/\/www.legislapp.com.br\/wp-content\/uploads\/icon.png\",\"width\":1024,\"height\":1024,\"caption\":\"Legislapp Monitoramento e Intelig\u00eancia Governamental\"},\"image\":{\"@id\":\"https:\/\/www.legislapp.com.br\/#\/schema\/logo\/image\/\"},\"sameAs\":[\"https:\/\/www.instagram.com\/legislapp\/\"]}]}<\/script>\n<!-- \/ Yoast SEO plugin. -->","yoast_head_json":{"title":"PL.\/0361\/2025 - Matheus Cadorin - Legislapp","robots":{"index":"index","follow":"follow","max-snippet":"max-snippet:-1","max-image-preview":"max-image-preview:large","max-video-preview":"max-video-preview:-1"},"canonical":"https:\/\/www.legislapp.com.br\/index.php\/cam-legislativa-de-sc-pl-0361-2025-2\/","og_locale":"pt_BR","og_type":"article","og_title":"PL.\/0361\/2025 - Matheus Cadorin - Legislapp","og_description":"C\u00e2m. Legislativa de SC &#8211; Autoria de Matheus Cadorin Disp\u00f5e sobre os Distritos Tur\u00edsticos no Estado de Santa Catarina e adota outras provid\u00eancias. ASSEMBLEIA LEGISLATIVA GABINETE DEPUTADO ESTADO DE SANTA CATARINA MATHEUS CADORIN PROJETO DE LEI Disp\u00f5e sobre os Distritos Tur\u00edsticos no Estado de Santa Catarina e adota outras provid\u00eancias. Art. 1\u00ba Fica institu\u00eddo o [&hellip;]","og_url":"https:\/\/www.legislapp.com.br\/index.php\/cam-legislativa-de-sc-pl-0361-2025-2\/","og_site_name":"Legislapp","article_publisher":"https:\/\/www.instagram.com\/legislapp\/","og_image":[{"url":"https:\/\/www.legislapp.com.br\/wp-content\/uploads\/google-play.png","type":"","width":"","height":""}],"twitter_card":"summary_large_image","twitter_misc":{"Est. tempo de leitura":"5 minutos"},"schema":{"@context":"https:\/\/schema.org","@graph":[{"@type":"WebPage","@id":"https:\/\/www.legislapp.com.br\/index.php\/cam-legislativa-de-sc-pl-0361-2025-2\/","url":"https:\/\/www.legislapp.com.br\/index.php\/cam-legislativa-de-sc-pl-0361-2025-2\/","name":"PL.\/0361\/2025 - Matheus Cadorin - Legislapp","isPartOf":{"@id":"https:\/\/www.legislapp.com.br\/#website"},"primaryImageOfPage":{"@id":"https:\/\/www.legislapp.com.br\/index.php\/cam-legislativa-de-sc-pl-0361-2025-2\/#primaryimage"},"image":{"@id":"https:\/\/www.legislapp.com.br\/index.php\/cam-legislativa-de-sc-pl-0361-2025-2\/#primaryimage"},"thumbnailUrl":"https:\/\/www.legislapp.com.br\/wp-content\/uploads\/google-play.png","datePublished":"2025-09-17T16:28:06+00:00","breadcrumb":{"@id":"https:\/\/www.legislapp.com.br\/index.php\/cam-legislativa-de-sc-pl-0361-2025-2\/#breadcrumb"},"inLanguage":"pt-BR","potentialAction":[{"@type":"ReadAction","target":["https:\/\/www.legislapp.com.br\/index.php\/cam-legislativa-de-sc-pl-0361-2025-2\/"]}]},{"@type":"ImageObject","inLanguage":"pt-BR","@id":"https:\/\/www.legislapp.com.br\/index.php\/cam-legislativa-de-sc-pl-0361-2025-2\/#primaryimage","url":"https:\/\/www.legislapp.com.br\/wp-content\/uploads\/google-play.png","contentUrl":"https:\/\/www.legislapp.com.br\/wp-content\/uploads\/google-play.png","width":564,"height":168},{"@type":"BreadcrumbList","@id":"https:\/\/www.legislapp.com.br\/index.php\/cam-legislativa-de-sc-pl-0361-2025-2\/#breadcrumb","itemListElement":[{"@type":"ListItem","position":1,"name":"In\u00edcio","item":"https:\/\/www.legislapp.com.br\/"},{"@type":"ListItem","position":2,"name":"PL.\/0361\/2025 &#8211; Matheus Cadorin"}]},{"@type":"WebSite","@id":"https:\/\/www.legislapp.com.br\/#website","url":"https:\/\/www.legislapp.com.br\/","name":"Legislapp","description":"Intelig\u00eancia governamental em tempo real","publisher":{"@id":"https:\/\/www.legislapp.com.br\/#organization"},"potentialAction":[{"@type":"SearchAction","target":{"@type":"EntryPoint","urlTemplate":"https:\/\/www.legislapp.com.br\/?s={search_term_string}"},"query-input":{"@type":"PropertyValueSpecification","valueRequired":true,"valueName":"search_term_string"}}],"inLanguage":"pt-BR"},{"@type":"Organization","@id":"https:\/\/www.legislapp.com.br\/#organization","name":"Legislapp Monitoramento e Intelig\u00eancia Governamental","url":"https:\/\/www.legislapp.com.br\/","logo":{"@type":"ImageObject","inLanguage":"pt-BR","@id":"https:\/\/www.legislapp.com.br\/#\/schema\/logo\/image\/","url":"https:\/\/www.legislapp.com.br\/wp-content\/uploads\/icon.png","contentUrl":"https:\/\/www.legislapp.com.br\/wp-content\/uploads\/icon.png","width":1024,"height":1024,"caption":"Legislapp Monitoramento e Intelig\u00eancia Governamental"},"image":{"@id":"https:\/\/www.legislapp.com.br\/#\/schema\/logo\/image\/"},"sameAs":["https:\/\/www.instagram.com\/legislapp\/"]}]}},"_links":{"self":[{"href":"https:\/\/www.legislapp.com.br\/index.php\/wp-json\/wp\/v2\/pages\/7384","targetHints":{"allow":["GET"]}}],"collection":[{"href":"https:\/\/www.legislapp.com.br\/index.php\/wp-json\/wp\/v2\/pages"}],"about":[{"href":"https:\/\/www.legislapp.com.br\/index.php\/wp-json\/wp\/v2\/types\/page"}],"author":[{"embeddable":true,"href":"https:\/\/www.legislapp.com.br\/index.php\/wp-json\/wp\/v2\/users\/1"}],"replies":[{"embeddable":true,"href":"https:\/\/www.legislapp.com.br\/index.php\/wp-json\/wp\/v2\/comments?post=7384"}],"version-history":[{"count":0,"href":"https:\/\/www.legislapp.com.br\/index.php\/wp-json\/wp\/v2\/pages\/7384\/revisions"}],"wp:attachment":[{"href":"https:\/\/www.legislapp.com.br\/index.php\/wp-json\/wp\/v2\/media?parent=7384"}],"curies":[{"name":"wp","href":"https:\/\/api.w.org\/{rel}","templated":true}]}}