{"id":7398,"date":"2025-09-17T13:28:52","date_gmt":"2025-09-17T16:28:52","guid":{"rendered":"https:\/\/www.legislapp.com.br\/index.php\/cam-legislativa-de-sc-mpv-0266-2025-2\/"},"modified":"2025-09-17T13:28:52","modified_gmt":"2025-09-17T16:28:52","slug":"cam-legislativa-de-sc-mpv-0266-2025-2","status":"publish","type":"page","link":"https:\/\/www.legislapp.com.br\/index.php\/cam-legislativa-de-sc-mpv-0266-2025-2\/","title":{"rendered":"MPV\/0266\/2025 &#8211; Governador do Estado"},"content":{"rendered":"<h1 style='text-align: center;'>C\u00e2m. Legislativa de SC &#8211; Autoria de Governador do Estado<\/h3>\n<p><\/p>\n<article style='text-align: center'>Altera o art. 6\u00ba da Lei Complementar n\u00ba 831, de 2023, que institui o Programa Universidade Gratuita e estabelece outras provid\u00eancias, e o art. 7\u00ba da Lei n\u00ba 18.672,   de 2023, que institui o Fundo Estadual de Apoio \u00e0 Manuten\u00e7\u00e3o e ao Desenvolvimento da Educa\u00e7\u00e3o Superior Catarinense (FUMDESC) e a assist\u00eancia financeira para o pagamento das mensalidades dos cursos de gradua\u00e7\u00e3o frequentados por estudantes em institui\u00e7\u00f5es de ensino superior que especifica e estabelece outras provid\u00eancias.<\/article>\n<p><\/p>\n<p style='text-align: center'><a href='https:\/\/app.legislapp.com.br\/#\/busca?termo='><\/a><\/p>\n<p><\/p>\n<article>ESTADO DE SANTA CATARINA<br \/>\nGABINETE DO GOVERNADOR  <\/p>\n<p>MENSAGEM N\u00ba 1038 <\/p>\n<p>EXCELENT\u00cdSSIMO SENHOR PRESIDENTE, SENHORAS<br \/>\nDEPUTADAS E SENHORES DEPUTADOS DA ASSEMBLEIA<br \/>\nLEGISLATIVA DO ESTADO <\/p>\n<p>Nos termos do art. 51 da Constitui\u00e7\u00e3o do Estado, comunico que<br \/>\nadotei a medida provis\u00f3ria inclusa, ora submetida ao exame e \u00e0 delibera\u00e7\u00e3o dessa augusta<br \/>\nCasa Legislativa, que \u201cAltera o art. 6\u00ba da Lei Complementar n\u00ba 831, de 2023, que institui o<br \/>\nPrograma Universidade Gratuita e estabelece outras provid\u00eancias, e o art. 7\u00ba da Lei<br \/>\nn\u00ba 18.672, de 2023, que institui o Fundo Estadual de Apoio \u00e0 Manuten\u00e7\u00e3o e ao<br \/>\nDesenvolvimento da Educa\u00e7\u00e3o Superior Catarinense (FUMDESC) e a assist\u00eancia<br \/>\nfinanceira para o pagamento das mensalidades dos cursos de gradua\u00e7\u00e3o<br \/>\nfrequentados por estudantes em institui\u00e7\u00f5es de ensino superior que especifica e<br \/>\nestabelece outras provid\u00eancias\u201d, acompanhada de exposi\u00e7\u00e3o de motivos da Secretaria de<br \/>\nEstado da Educa\u00e7\u00e3o. <\/p>\n<p>Florian\u00f3polis, 12 de junho de 2025. <\/p>\n<p>JORGINHO MELLO<br \/>\nGovernador do Estado<br \/>\nmsa_mp_SED_125084_25<br \/>\n38<br \/>\nP\u00e1g. 01 de 01 &#8211; Documento assinado digitalmente. Para confer\u00eancia, acesse o site https:\/\/portal.sgpe.sea.sc.gov.br\/portal-externo e informe o processo SED 00125084\/2025 e o c\u00f3digo H236ZJJ5.Assinaturas do documento<\/p>\n<p>C\u00f3digo para verifica\u00e7\u00e3o: H236ZJJ5<\/p>\n<p>Este documento foi assinado digitalmente pelos seguintes signat\u00e1rios nas datas indicadas:<\/p>\n<p>JORGINHO DOS SANTOS MELLO (CPF: 250.XXX.199-XX) em 12\/06\/2025 \u00e0s 22:04:07<br \/>\nEmitido por: &#8220;SGP-e&#8221;, emitido em 14\/04\/2023 &#8211; 11:54:30 e v\u00e1lido at\u00e9 14\/04\/2123 &#8211; 11:54:30.<br \/>\n(Assinatura do sistema)<\/p>\n<p>Para verificar a autenticidade desta c\u00f3pia, acesse o link https:\/\/portal.sgpe.sea.sc.gov.br\/portal-externo\/conferencia-<br \/>\ndocumento\/U0VEXzcwNTRfMDAxMjUwODRfMTI1MDkzXzIwMjVfSDIzNlpKSjU= ou o site<br \/>\nhttps:\/\/portal.sgpe.sea.sc.gov.br\/portal-externo e informe o processo SED 00125084\/2025 e o c\u00f3digo H236ZJJ5<br \/>\nou aponte a c\u00e2mera para o QR Code presente nesta p\u00e1gina para realizar a confer\u00eancia.<\/p>\n<p>                               ESTADO DE SANTA CATARINA<br \/>\n                         SECRETARIA DE ESTADO DA EDUCA\u00c7\u00c3O<br \/>\n                         GABINETE DO SECRET\u00c1RIO<\/p>\n<p>Exposi\u00e7\u00e3o de Motivos n\u00ba 064\/2025                                              Florian\u00f3polis, 10 de junho de 2025.<br \/>\nRefer\u00eancia: Processo SED 125084\/2025<br \/>\nSenhor Governador,<br \/>\nSubmetemos \u00e0 aprecia\u00e7\u00e3o de Vossa Excel\u00eancia a proposta de altera\u00e7\u00e3o do art. 6\u00ba, inciso<br \/>\nIV, da Lei Complementar n\u00ba 831, de 2023, e do art. 7\u00ba, inciso IV, da Lei n\u00ba 18.672, de 2023, que<br \/>\ntem como intuito retirar a obrigatoriedade de o estudante estar matriculado em Institui\u00e7\u00e3o de<br \/>\nEnsino Superior para se inscrever no Programa Universidade Gratuita e no FUMDESC,<br \/>\npromovendo mais acessibilidade, equidade e efetividade da pol\u00edtica p\u00fablica de Educa\u00e7\u00e3o<br \/>\nSuperior.<br \/>\nAtualmente, o requisito de matr\u00edcula imp\u00f5e uma barreira significativa para estudantes em<br \/>\nsitua\u00e7\u00e3o de vulnerabilidade socioecon\u00f4mica, os quais, muitas vezes, n\u00e3o disp\u00f5em dos recursos<br \/>\nfinanceiros necess\u00e1rios para efetivar a matr\u00edcula antes de obter a confirma\u00e7\u00e3o de que ser\u00e3o<br \/>\ncontemplados pelo Programa.<br \/>\nA altera\u00e7\u00e3o permitir\u00e1 que o candidato manifeste interesse de participa\u00e7\u00e3o no Programa<br \/>\nsem a exig\u00eancia da matr\u00edcula institucional. Todavia, a homologa\u00e7\u00e3o do recebimento do benef\u00edcio e<br \/>\no preenchimento dos demais requisitos legais, continuar\u00e3o sendo tarefas executadas pela<br \/>\ninstitui\u00e7\u00e3o e condicionantes \u00e0 concess\u00e3o da assist\u00eancia financeira.<br \/>\nEm outras palavras, compete \u00e0 institui\u00e7\u00e3o, ap\u00f3s valida\u00e7\u00e3o dos requisitos legais,<br \/>\ncadastrais, documentais e financeiros, tornar o estudante matriculado antes de efetivar a<br \/>\nconcess\u00e3o. Isto para garantia de que somente ser\u00e1 beneficiado, de fato, o estudante com Ensino<br \/>\nM\u00e9dio conclu\u00eddo e\/ou aprovado nos vestibulares, promovendo para o estudante a seguran\u00e7a<br \/>\nfinanceira proporcionada pelo Programa, al\u00e9m de mais justi\u00e7a social, inclus\u00e3o educacional e<br \/>\nracionalidade administrativa.<br \/>\nDiante do exposto, aguardamos parecer favor\u00e1vel \u00e0 proposta apresentada.<br \/>\nRespeitosamente,<br \/>\nLuciane Bisognin Ceretta<br \/>\nSecret\u00e1ria de Estado da Educa\u00e7\u00e3o<br \/>\n(assinado digitalmente)<br \/>\n28<br \/>\nP\u00e1g. 01 de 01 &#8211; Documento assinado digitalmente. Para confer\u00eancia, acesse o site https:\/\/portal.sgpe.sea.sc.gov.br\/portal-externo e informe o processo SED 00125084\/2025 e o c\u00f3digo Z8U694OH.Assinaturas do documento<\/p>\n<p>C\u00f3digo para verifica\u00e7\u00e3o: Z8U694OH<\/p>\n<p>Este documento foi assinado digitalmente pelos seguintes signat\u00e1rios nas datas indicadas:<\/p>\n<p>LUCIANE BISOGNIN CERETTA (CPF: 490.XXX.110-XX) em 10\/06\/2025 \u00e0s 19:13:43<br \/>\nEmitido por: &#8220;SGP-e&#8221;, emitido em 04\/08\/2022 &#8211; 17:13:56 e v\u00e1lido at\u00e9 04\/08\/2122 &#8211; 17:13:56.<br \/>\n(Assinatura do sistema)<\/p>\n<p>Para verificar a autenticidade desta c\u00f3pia, acesse o link https:\/\/portal.sgpe.sea.sc.gov.br\/portal-externo\/conferencia-<br \/>\ndocumento\/U0VEXzcwNTRfMDAxMjUwODRfMTI1MDkzXzIwMjVfWjhVNjk0T0g= ou o site<br \/>\nhttps:\/\/portal.sgpe.sea.sc.gov.br\/portal-externo e informe o processo SED 00125084\/2025 e o c\u00f3digo Z8U694OH<br \/>\nou aponte a c\u00e2mera para o QR Code presente nesta p\u00e1gina para realizar a confer\u00eancia.<br \/>\nESTADO DE SANTA CATARINA <\/p>\n<p>MEDIDA PROVIS\u00d3RIA N\u00ba 266, DE 12 DE JUNHO DE 2025 <\/p>\n<p>Altera o art. 6\u00ba da Lei Complementar n\u00ba 831, de 2023, que institui<br \/>\no Programa Universidade Gratuita e estabelece outras<br \/>\nprovid\u00eancias, e o art. 7\u00ba da Lei n\u00ba 18.672, de 2023,<br \/>\nque institui o Fundo Estadual de Apoio \u00e0 Manuten\u00e7\u00e3o e ao<br \/>\nDesenvolvimento da Educa\u00e7\u00e3o Superior Catarinense<br \/>\n(FUMDESC) e a assist\u00eancia financeira para o pagamento das<br \/>\nmensalidades dos cursos de gradua\u00e7\u00e3o frequentados por<br \/>\nestudantes em institui\u00e7\u00f5es de ensino superior que especifica e<br \/>\nestabelece outras provid\u00eancias. <\/p>\n<p>O GOVERNADOR DO ESTADO DE SANTA CATARINA,<br \/>\nno uso da atribui\u00e7\u00e3o que lhe confere o art. 51 da Constitui\u00e7\u00e3o do Estado, adota a seguinte<br \/>\nMedida Provis\u00f3ria, com for\u00e7a de lei: <\/p>\n<p>Art. 1\u00ba O art. 6\u00ba da Lei Complementar n\u00ba 831, de 31 de julho de<br \/>\n2023, passa a vigorar com a seguinte reda\u00e7\u00e3o: <\/p>\n<p>\u201cArt. 6\u00ba &#8230;&#8230;&#8230;&#8230;&#8230;&#8230;&#8230;&#8230;&#8230;&#8230;&#8230;&#8230;&#8230;&#8230;&#8230;&#8230;&#8230;&#8230;&#8230;&#8230;&#8230;&#8230;&#8230;&#8230;&#8230;&#8230;&#8230;&#8230;&#8230;&#8230; <\/p>\n<p>&#8230;&#8230;&#8230;&#8230;&#8230;&#8230;&#8230;&#8230;&#8230;&#8230;&#8230;&#8230;&#8230;&#8230;&#8230;&#8230;&#8230;&#8230;&#8230;&#8230;&#8230;&#8230;&#8230;&#8230;&#8230;&#8230;&#8230;&#8230;&#8230;&#8230;&#8230;&#8230;&#8230;&#8230; <\/p>\n<p>IV \u2013 &#8230;&#8230;&#8230;&#8230;&#8230;&#8230;&#8230;&#8230;&#8230;&#8230;&#8230;&#8230;&#8230;&#8230;&#8230;&#8230;&#8230;&#8230;&#8230;&#8230;&#8230;&#8230;&#8230;&#8230;&#8230;&#8230;&#8230;&#8230;&#8230;&#8230;&#8230;.. <\/p>\n<p>a) 8 (oito) sal\u00e1rios m\u00ednimos nacionais, para o curso de<br \/>\nMedicina; ou <\/p>\n<p>b) 4 (quatro) sal\u00e1rios m\u00ednimos nacionais, para os demais<br \/>\ncursos; e <\/p>\n<p>&#8230;&#8230;&#8230;&#8230;&#8230;&#8230;&#8230;&#8230;&#8230;&#8230;&#8230;&#8230;&#8230;&#8230;&#8230;&#8230;&#8230;&#8230;&#8230;&#8230;&#8230;&#8230;&#8230;&#8230;&#8230;&#8230;&#8230;&#8230;&#8230;&#8230;..\u201d (NR) <\/p>\n<p>Art. 2\u00ba O art. 7\u00ba da Lei n\u00ba 18.672, de 31 de julho de 2023, passa<br \/>\na vigorar com a seguinte reda\u00e7\u00e3o: <\/p>\n<p>\u201cArt. 7\u00ba &#8230;&#8230;&#8230;&#8230;&#8230;&#8230;&#8230;&#8230;&#8230;&#8230;&#8230;&#8230;&#8230;&#8230;&#8230;&#8230;&#8230;&#8230;&#8230;&#8230;&#8230;&#8230;&#8230;&#8230;&#8230;&#8230;&#8230;&#8230;&#8230;&#8230; <\/p>\n<p>&#8230;&#8230;&#8230;&#8230;&#8230;&#8230;&#8230;&#8230;&#8230;&#8230;&#8230;&#8230;&#8230;&#8230;&#8230;&#8230;&#8230;&#8230;&#8230;&#8230;&#8230;&#8230;&#8230;&#8230;&#8230;&#8230;&#8230;&#8230;&#8230;&#8230;&#8230;&#8230;&#8230;&#8230; <\/p>\n<p>IV \u2013 &#8230;&#8230;&#8230;&#8230;&#8230;&#8230;&#8230;&#8230;&#8230;&#8230;&#8230;&#8230;&#8230;&#8230;&#8230;&#8230;&#8230;&#8230;&#8230;&#8230;&#8230;&#8230;&#8230;&#8230;&#8230;&#8230;&#8230;&#8230;&#8230;&#8230;&#8230;.. <\/p>\n<p>a) 8 (oito) sal\u00e1rios m\u00ednimos nacionais, para o curso de<br \/>\nMedicina; ou<br \/>\nMP_266_MSG_1038 1 SED 125084\/2025<br \/>\n36<br \/>\nP\u00e1g. 01 de 02 &#8211; Documento assinado digitalmente. Para confer\u00eancia, acesse o site https:\/\/portal.sgpe.sea.sc.gov.br\/portal-externo e informe o processo SED 00125084\/2025 e o c\u00f3digo 3ISY203Z.ESTADO DE SANTA CATARINA <\/p>\n<p>b) 4 (quatro) sal\u00e1rios m\u00ednimos nacionais, para os demais<br \/>\ncursos; <\/p>\n<p>&#8230;&#8230;&#8230;&#8230;&#8230;&#8230;&#8230;&#8230;&#8230;&#8230;&#8230;&#8230;&#8230;&#8230;&#8230;&#8230;&#8230;&#8230;&#8230;&#8230;&#8230;&#8230;&#8230;&#8230;&#8230;&#8230;&#8230;&#8230;&#8230;&#8230;..\u201d (NR) <\/p>\n<p>Art. 3\u00ba Esta Medida Provis\u00f3ria entra em vigor na data de sua<br \/>\npublica\u00e7\u00e3o. <\/p>\n<p>Florian\u00f3polis, 12 de junho de 2025. <\/p>\n<p>JORGINHO MELLO<br \/>\nGovernador do Estado<br \/>\nMP_266_MSG_1038 2 SED 125084\/2025<br \/>\n37<br \/>\nP\u00e1g. 02 de 02 &#8211; Documento assinado digitalmente. Para confer\u00eancia, acesse o site https:\/\/portal.sgpe.sea.sc.gov.br\/portal-externo e informe o processo SED 00125084\/2025 e o c\u00f3digo 3ISY203Z.Assinaturas do documento<\/p>\n<p>C\u00f3digo para verifica\u00e7\u00e3o: 3ISY203Z<\/p>\n<p>Este documento foi assinado digitalmente pelos seguintes signat\u00e1rios nas datas indicadas:<\/p>\n<p>JORGINHO DOS SANTOS MELLO (CPF: 250.XXX.199-XX) em 12\/06\/2025 \u00e0s 22:04:07<br \/>\nEmitido por: &#8220;SGP-e&#8221;, emitido em 14\/04\/2023 &#8211; 11:54:30 e v\u00e1lido at\u00e9 14\/04\/2123 &#8211; 11:54:30.<br \/>\n(Assinatura do sistema)<\/p>\n<p>Para verificar a autenticidade desta c\u00f3pia, acesse o link https:\/\/portal.sgpe.sea.sc.gov.br\/portal-externo\/conferencia-<br \/>\ndocumento\/U0VEXzcwNTRfMDAxMjUwODRfMTI1MDkzXzIwMjVfM0lTWTIwM1o= ou o site<br \/>\nhttps:\/\/portal.sgpe.sea.sc.gov.br\/portal-externo e informe o processo SED 00125084\/2025 e o c\u00f3digo 3ISY203Z ou<br \/>\naponte a c\u00e2mera para o QR Code presente nesta p\u00e1gina para realizar a confer\u00eancia.<br \/>\n<\/article>\n<div style=\"text-align: center\">\n<div style=\"margin-bottom: 20px;\" class=\"et_pb_button_module_wrapper et_pb_button_5_tb_body_wrapper et_pb_button_alignment_center et_pb_module \">\n         <a class=\"et_pb_button et_pb_button_5_tb_body et_hover_enabled et_pb_bg_layout_dark\" style=\"width: 50%;background-color: black;\" href=\"https:\/\/app.legislapp.com.br\" target=\"_blank\" rel=\"noopener\">Visualizar completo na nossa plataforma (30 dias gr\u00e1tis)<\/a><\/p><\/div>\n<p>      <a href=\"https:\/\/play.google.com\/store\/apps\/details?id=br.com.legislapp\"><img decoding=\"async\" style=\"width: 15%; min-width: 130px;\" src=\"https:\/\/www.legislapp.com.br\/wp-content\/uploads\/google-play.png\"><\/a><br \/>\n      <a href=\"https:\/\/apps.apple.com\/us\/app\/legislapp\/id1568929859\"><img decoding=\"async\" style=\"width: 15%; min-width: 130px\" src=\"https:\/\/www.legislapp.com.br\/wp-content\/uploads\/apple-store.png\"><\/a>\n   <\/div>\n","protected":false},"excerpt":{"rendered":"<p>C\u00e2m. Legislativa de SC &#8211; Autoria de Governador do Estado Altera o art. 6\u00ba da Lei Complementar n\u00ba 831, de 2023, que institui o Programa Universidade Gratuita e estabelece outras provid\u00eancias, e o art. 7\u00ba da Lei n\u00ba 18.672, de 2023, que institui o Fundo Estadual de Apoio \u00e0 Manuten\u00e7\u00e3o e ao Desenvolvimento da Educa\u00e7\u00e3o [&hellip;]<\/p>\n","protected":false},"author":1,"featured_media":0,"parent":0,"menu_order":0,"comment_status":"closed","ping_status":"closed","template":"page-template-blank.php","meta":{"_et_pb_use_builder":"","_et_pb_old_content":"","_et_gb_content_width":"1080","ngg_post_thumbnail":0,"footnotes":""},"class_list":["post-7398","page","type-page","status-publish","hentry"],"yoast_head":"<!-- This site is optimized with the Yoast SEO plugin v24.4 - https:\/\/yoast.com\/wordpress\/plugins\/seo\/ -->\n<title>MPV\/0266\/2025 - Governador do Estado - Legislapp<\/title>\n<meta name=\"robots\" content=\"index, follow, max-snippet:-1, max-image-preview:large, max-video-preview:-1\" \/>\n<link rel=\"canonical\" href=\"https:\/\/www.legislapp.com.br\/index.php\/cam-legislativa-de-sc-mpv-0266-2025-2\/\" \/>\n<meta property=\"og:locale\" content=\"pt_BR\" \/>\n<meta property=\"og:type\" content=\"article\" \/>\n<meta property=\"og:title\" content=\"MPV\/0266\/2025 - Governador do Estado - Legislapp\" \/>\n<meta property=\"og:description\" content=\"C\u00e2m. Legislativa de SC &#8211; Autoria de Governador do Estado Altera o art. 6\u00ba da Lei Complementar n\u00ba 831, de 2023, que institui o Programa Universidade Gratuita e estabelece outras provid\u00eancias, e o art. 7\u00ba da Lei n\u00ba 18.672, de 2023, que institui o Fundo Estadual de Apoio \u00e0 Manuten\u00e7\u00e3o e ao Desenvolvimento da Educa\u00e7\u00e3o [&hellip;]\" \/>\n<meta property=\"og:url\" content=\"https:\/\/www.legislapp.com.br\/index.php\/cam-legislativa-de-sc-mpv-0266-2025-2\/\" \/>\n<meta property=\"og:site_name\" content=\"Legislapp\" \/>\n<meta property=\"article:publisher\" content=\"https:\/\/www.instagram.com\/legislapp\/\" \/>\n<meta property=\"og:image\" content=\"https:\/\/www.legislapp.com.br\/wp-content\/uploads\/google-play.png\" \/>\n<meta name=\"twitter:card\" content=\"summary_large_image\" \/>\n<meta name=\"twitter:label1\" content=\"Est. tempo de leitura\" \/>\n\t<meta name=\"twitter:data1\" content=\"6 minutos\" \/>\n<script type=\"application\/ld+json\" class=\"yoast-schema-graph\">{\"@context\":\"https:\/\/schema.org\",\"@graph\":[{\"@type\":\"WebPage\",\"@id\":\"https:\/\/www.legislapp.com.br\/index.php\/cam-legislativa-de-sc-mpv-0266-2025-2\/\",\"url\":\"https:\/\/www.legislapp.com.br\/index.php\/cam-legislativa-de-sc-mpv-0266-2025-2\/\",\"name\":\"MPV\/0266\/2025 - Governador do Estado - Legislapp\",\"isPartOf\":{\"@id\":\"https:\/\/www.legislapp.com.br\/#website\"},\"primaryImageOfPage\":{\"@id\":\"https:\/\/www.legislapp.com.br\/index.php\/cam-legislativa-de-sc-mpv-0266-2025-2\/#primaryimage\"},\"image\":{\"@id\":\"https:\/\/www.legislapp.com.br\/index.php\/cam-legislativa-de-sc-mpv-0266-2025-2\/#primaryimage\"},\"thumbnailUrl\":\"https:\/\/www.legislapp.com.br\/wp-content\/uploads\/google-play.png\",\"datePublished\":\"2025-09-17T16:28:52+00:00\",\"breadcrumb\":{\"@id\":\"https:\/\/www.legislapp.com.br\/index.php\/cam-legislativa-de-sc-mpv-0266-2025-2\/#breadcrumb\"},\"inLanguage\":\"pt-BR\",\"potentialAction\":[{\"@type\":\"ReadAction\",\"target\":[\"https:\/\/www.legislapp.com.br\/index.php\/cam-legislativa-de-sc-mpv-0266-2025-2\/\"]}]},{\"@type\":\"ImageObject\",\"inLanguage\":\"pt-BR\",\"@id\":\"https:\/\/www.legislapp.com.br\/index.php\/cam-legislativa-de-sc-mpv-0266-2025-2\/#primaryimage\",\"url\":\"https:\/\/www.legislapp.com.br\/wp-content\/uploads\/google-play.png\",\"contentUrl\":\"https:\/\/www.legislapp.com.br\/wp-content\/uploads\/google-play.png\",\"width\":564,\"height\":168},{\"@type\":\"BreadcrumbList\",\"@id\":\"https:\/\/www.legislapp.com.br\/index.php\/cam-legislativa-de-sc-mpv-0266-2025-2\/#breadcrumb\",\"itemListElement\":[{\"@type\":\"ListItem\",\"position\":1,\"name\":\"In\u00edcio\",\"item\":\"https:\/\/www.legislapp.com.br\/\"},{\"@type\":\"ListItem\",\"position\":2,\"name\":\"MPV\/0266\/2025 &#8211; Governador do Estado\"}]},{\"@type\":\"WebSite\",\"@id\":\"https:\/\/www.legislapp.com.br\/#website\",\"url\":\"https:\/\/www.legislapp.com.br\/\",\"name\":\"Legislapp\",\"description\":\"Intelig\u00eancia governamental em tempo real\",\"publisher\":{\"@id\":\"https:\/\/www.legislapp.com.br\/#organization\"},\"potentialAction\":[{\"@type\":\"SearchAction\",\"target\":{\"@type\":\"EntryPoint\",\"urlTemplate\":\"https:\/\/www.legislapp.com.br\/?s={search_term_string}\"},\"query-input\":{\"@type\":\"PropertyValueSpecification\",\"valueRequired\":true,\"valueName\":\"search_term_string\"}}],\"inLanguage\":\"pt-BR\"},{\"@type\":\"Organization\",\"@id\":\"https:\/\/www.legislapp.com.br\/#organization\",\"name\":\"Legislapp Monitoramento e Intelig\u00eancia Governamental\",\"url\":\"https:\/\/www.legislapp.com.br\/\",\"logo\":{\"@type\":\"ImageObject\",\"inLanguage\":\"pt-BR\",\"@id\":\"https:\/\/www.legislapp.com.br\/#\/schema\/logo\/image\/\",\"url\":\"https:\/\/www.legislapp.com.br\/wp-content\/uploads\/icon.png\",\"contentUrl\":\"https:\/\/www.legislapp.com.br\/wp-content\/uploads\/icon.png\",\"width\":1024,\"height\":1024,\"caption\":\"Legislapp Monitoramento e Intelig\u00eancia Governamental\"},\"image\":{\"@id\":\"https:\/\/www.legislapp.com.br\/#\/schema\/logo\/image\/\"},\"sameAs\":[\"https:\/\/www.instagram.com\/legislapp\/\"]}]}<\/script>\n<!-- \/ Yoast SEO plugin. -->","yoast_head_json":{"title":"MPV\/0266\/2025 - Governador do Estado - Legislapp","robots":{"index":"index","follow":"follow","max-snippet":"max-snippet:-1","max-image-preview":"max-image-preview:large","max-video-preview":"max-video-preview:-1"},"canonical":"https:\/\/www.legislapp.com.br\/index.php\/cam-legislativa-de-sc-mpv-0266-2025-2\/","og_locale":"pt_BR","og_type":"article","og_title":"MPV\/0266\/2025 - Governador do Estado - Legislapp","og_description":"C\u00e2m. Legislativa de SC &#8211; Autoria de Governador do Estado Altera o art. 6\u00ba da Lei Complementar n\u00ba 831, de 2023, que institui o Programa Universidade Gratuita e estabelece outras provid\u00eancias, e o art. 7\u00ba da Lei n\u00ba 18.672, de 2023, que institui o Fundo Estadual de Apoio \u00e0 Manuten\u00e7\u00e3o e ao Desenvolvimento da Educa\u00e7\u00e3o [&hellip;]","og_url":"https:\/\/www.legislapp.com.br\/index.php\/cam-legislativa-de-sc-mpv-0266-2025-2\/","og_site_name":"Legislapp","article_publisher":"https:\/\/www.instagram.com\/legislapp\/","og_image":[{"url":"https:\/\/www.legislapp.com.br\/wp-content\/uploads\/google-play.png","type":"","width":"","height":""}],"twitter_card":"summary_large_image","twitter_misc":{"Est. tempo de leitura":"6 minutos"},"schema":{"@context":"https:\/\/schema.org","@graph":[{"@type":"WebPage","@id":"https:\/\/www.legislapp.com.br\/index.php\/cam-legislativa-de-sc-mpv-0266-2025-2\/","url":"https:\/\/www.legislapp.com.br\/index.php\/cam-legislativa-de-sc-mpv-0266-2025-2\/","name":"MPV\/0266\/2025 - Governador do Estado - Legislapp","isPartOf":{"@id":"https:\/\/www.legislapp.com.br\/#website"},"primaryImageOfPage":{"@id":"https:\/\/www.legislapp.com.br\/index.php\/cam-legislativa-de-sc-mpv-0266-2025-2\/#primaryimage"},"image":{"@id":"https:\/\/www.legislapp.com.br\/index.php\/cam-legislativa-de-sc-mpv-0266-2025-2\/#primaryimage"},"thumbnailUrl":"https:\/\/www.legislapp.com.br\/wp-content\/uploads\/google-play.png","datePublished":"2025-09-17T16:28:52+00:00","breadcrumb":{"@id":"https:\/\/www.legislapp.com.br\/index.php\/cam-legislativa-de-sc-mpv-0266-2025-2\/#breadcrumb"},"inLanguage":"pt-BR","potentialAction":[{"@type":"ReadAction","target":["https:\/\/www.legislapp.com.br\/index.php\/cam-legislativa-de-sc-mpv-0266-2025-2\/"]}]},{"@type":"ImageObject","inLanguage":"pt-BR","@id":"https:\/\/www.legislapp.com.br\/index.php\/cam-legislativa-de-sc-mpv-0266-2025-2\/#primaryimage","url":"https:\/\/www.legislapp.com.br\/wp-content\/uploads\/google-play.png","contentUrl":"https:\/\/www.legislapp.com.br\/wp-content\/uploads\/google-play.png","width":564,"height":168},{"@type":"BreadcrumbList","@id":"https:\/\/www.legislapp.com.br\/index.php\/cam-legislativa-de-sc-mpv-0266-2025-2\/#breadcrumb","itemListElement":[{"@type":"ListItem","position":1,"name":"In\u00edcio","item":"https:\/\/www.legislapp.com.br\/"},{"@type":"ListItem","position":2,"name":"MPV\/0266\/2025 &#8211; Governador do Estado"}]},{"@type":"WebSite","@id":"https:\/\/www.legislapp.com.br\/#website","url":"https:\/\/www.legislapp.com.br\/","name":"Legislapp","description":"Intelig\u00eancia governamental em tempo real","publisher":{"@id":"https:\/\/www.legislapp.com.br\/#organization"},"potentialAction":[{"@type":"SearchAction","target":{"@type":"EntryPoint","urlTemplate":"https:\/\/www.legislapp.com.br\/?s={search_term_string}"},"query-input":{"@type":"PropertyValueSpecification","valueRequired":true,"valueName":"search_term_string"}}],"inLanguage":"pt-BR"},{"@type":"Organization","@id":"https:\/\/www.legislapp.com.br\/#organization","name":"Legislapp Monitoramento e Intelig\u00eancia Governamental","url":"https:\/\/www.legislapp.com.br\/","logo":{"@type":"ImageObject","inLanguage":"pt-BR","@id":"https:\/\/www.legislapp.com.br\/#\/schema\/logo\/image\/","url":"https:\/\/www.legislapp.com.br\/wp-content\/uploads\/icon.png","contentUrl":"https:\/\/www.legislapp.com.br\/wp-content\/uploads\/icon.png","width":1024,"height":1024,"caption":"Legislapp Monitoramento e Intelig\u00eancia Governamental"},"image":{"@id":"https:\/\/www.legislapp.com.br\/#\/schema\/logo\/image\/"},"sameAs":["https:\/\/www.instagram.com\/legislapp\/"]}]}},"_links":{"self":[{"href":"https:\/\/www.legislapp.com.br\/index.php\/wp-json\/wp\/v2\/pages\/7398","targetHints":{"allow":["GET"]}}],"collection":[{"href":"https:\/\/www.legislapp.com.br\/index.php\/wp-json\/wp\/v2\/pages"}],"about":[{"href":"https:\/\/www.legislapp.com.br\/index.php\/wp-json\/wp\/v2\/types\/page"}],"author":[{"embeddable":true,"href":"https:\/\/www.legislapp.com.br\/index.php\/wp-json\/wp\/v2\/users\/1"}],"replies":[{"embeddable":true,"href":"https:\/\/www.legislapp.com.br\/index.php\/wp-json\/wp\/v2\/comments?post=7398"}],"version-history":[{"count":0,"href":"https:\/\/www.legislapp.com.br\/index.php\/wp-json\/wp\/v2\/pages\/7398\/revisions"}],"wp:attachment":[{"href":"https:\/\/www.legislapp.com.br\/index.php\/wp-json\/wp\/v2\/media?parent=7398"}],"curies":[{"name":"wp","href":"https:\/\/api.w.org\/{rel}","templated":true}]}}