{"id":7450,"date":"2025-09-17T13:31:45","date_gmt":"2025-09-17T16:31:45","guid":{"rendered":"https:\/\/www.legislapp.com.br\/index.php\/cam-legislativa-de-mg-pl-3856-2025-2\/"},"modified":"2025-09-17T13:31:45","modified_gmt":"2025-09-17T16:31:45","slug":"cam-legislativa-de-mg-pl-3856-2025-2","status":"publish","type":"page","link":"https:\/\/www.legislapp.com.br\/index.php\/cam-legislativa-de-mg-pl-3856-2025-2\/","title":{"rendered":"PL 3856\/2025 &#8211; Deputados"},"content":{"rendered":"<h1 style='text-align: center;'>C\u00e2m. Legislativa de MG &#8211; Autoria de Deputados<\/h3>\n<p><\/p>\n<article style='text-align: center'>Reconhece como de relevante interesse cultural do Estado o evento Pedro<br \/>\nLeopoldo Rodeio Show, realizado no Munic\u00edpio de Pedro Leopoldo.<\/article>\n<p><\/p>\n<p style='text-align: center'><a href='https:\/\/app.legislapp.com.br\/#\/busca?termo='><\/a><\/p>\n<p><\/p>\n<article>Reconhece como de relevante interesse cultural do Estado o evento Pedro Leopoldo Rodeio Show, realizado no Munic\u00edpio de Pedro Leopoldo.<br \/>\nA Assembleia Legislativa do Estado de Minas Gerais decreta:<br \/>\nArt. 1\u00ba \u2013 Fica reconhecido como de relevante interesse cultural do Estado, nos termos da Lei n\u00ba 24.219, de 15 de julho de 2022, o evento Pedro Leopoldo Rodeio Show, realizado anualmente no Munic\u00edpio de Pedro Leopoldo.<br \/>\nArt. 2\u00ba \u2013 O reconhecimento de que trata esta lei, conforme disp\u00f5e o art. 2\u00ba da Lei n\u00ba 24.219, de 2022, tem por objetivo valorizar bens, express\u00f5es e manifesta\u00e7\u00f5es culturais dos diferentes grupos formadores da sociedade mineira.<br \/>\nArt. 3\u00ba \u2013 Esta lei entra em vigor na data de sua publica\u00e7\u00e3o.<br \/>\nSala das Reuni\u00f5es, 27 de maio de 2025.<br \/>\nNayara Rocha (PP), vice-l\u00edder do Governo.<br \/>\nJustifica\u00e7\u00e3o: O Pedro Leopoldo Rodeio Show, realizado anualmente no munic\u00edpio de Pedro Leopoldo, \u00e9 um dos maiores eventos do g\u00eanero no pa\u00eds, destacando-se como importante express\u00e3o da cultura sertaneja e como significativo indutor do turismo e da economia local. Em 2025, o evento alcan\u00e7a sua 20\u00aa edi\u00e7\u00e3o, consolidando duas d\u00e9cadas de trajet\u00f3ria marcadas por impacto cultural, social e econ\u00f4mico.<br \/>\nTradicionalmente realizado na segunda quinzena de junho, o evento atrai, a cada edi\u00e7\u00e3o, um p\u00fablico superior a 60 mil pessoas ao longo de cinco dias de intensa programa\u00e7\u00e3o, com m\u00e9dia de mais de 15 mil visitantes por dia. Participam da festividade n\u00e3o apenas moradores da regi\u00e3o, mas tamb\u00e9m turistas de diversos estados e at\u00e9 do exterior, o que comprova sua relev\u00e2ncia no calend\u00e1rio cultural e tur\u00edstico do Estado.<br \/>\nA programa\u00e7\u00e3o do Pedro Leopoldo Rodeio Show inclui competi\u00e7\u00f5es de rodeio, provas de montaria em touros e apresenta\u00e7\u00f5es musicais com artistas de proje\u00e7\u00e3o nacional, al\u00e9m de diversas atra\u00e7\u00f5es culturais e de entretenimento, promovendo a valoriza\u00e7\u00e3o da identidade sertaneja e o fortalecimento das tradi\u00e7\u00f5es mineiras.\u00a0<br \/>\nEssa expans\u00e3o n\u00e3o apenas fortaleceu a cultura sertaneja, mas tamb\u00e9m impulsionou significativamente a economia local, gerando mais de 1.500 empregos diretos e ultrapassando os 3.000 empregos indiretos em 2024. Importa ressaltar, ainda, o compromisso crescente dos organizadores com a responsabilidade social e ambiental. Em 2024, o evento foi finalista do Pr\u00eamio de Responsabilidade Empresarial no Setor de Eventos \u2013 Prese \u2013, promovido pela Abrape em parceria com a Ambev, destacando-se por a\u00e7\u00f5es voltadas \u00e0 educa\u00e7\u00e3o, \u00e0 inclus\u00e3o social, \u00e0 gest\u00e3o de res\u00edduos e ao incentivo \u00e0 cultura local.<br \/>\nDiante da sua expressiva contribui\u00e7\u00e3o para a valoriza\u00e7\u00e3o da cultura sertaneja, o fomento ao turismo sustent\u00e1vel, o desenvolvimento econ\u00f4mico regional e a promo\u00e7\u00e3o de pr\u00e1ticas sociais e ambientais respons\u00e1veis, o reconhecimento do Pedro Leopoldo Rodeio Show como de relevante interesse cultural alinha-se integralmente aos objetivos da pol\u00edtica estadual de valoriza\u00e7\u00e3o dos bens, express\u00f5es e manifesta\u00e7\u00f5es culturais dos diferentes grupos formadores da sociedade mineira, conforme preconizado pela Lei n\u00ba 24.219, de 15 de julho de 2022.<br \/>\nPor todo o exposto, solicito o apoio dos nobres pares para a aprova\u00e7\u00e3o deste projeto de lei.<br \/>\n\u2013 Semelhante proposi\u00e7\u00e3o foi apresentada anteriormente pelo deputado Douglas Melo. Anexe-se ao Projeto de Lei n\u00ba 307\/2023, nos termos do \u00a7 2\u00ba do art. 173 do Regimento Interno.<\/article>\n<div style=\"text-align: center\">\n<div style=\"margin-bottom: 20px;\" class=\"et_pb_button_module_wrapper et_pb_button_5_tb_body_wrapper et_pb_button_alignment_center et_pb_module \">\n         <a class=\"et_pb_button et_pb_button_5_tb_body et_hover_enabled et_pb_bg_layout_dark\" style=\"width: 50%;background-color: black;\" href=\"https:\/\/app.legislapp.com.br\" target=\"_blank\" rel=\"noopener\">Visualizar completo na nossa plataforma (30 dias gr\u00e1tis)<\/a><\/p><\/div>\n<p>      <a href=\"https:\/\/play.google.com\/store\/apps\/details?id=br.com.legislapp\"><img decoding=\"async\" style=\"width: 15%; min-width: 130px;\" src=\"https:\/\/www.legislapp.com.br\/wp-content\/uploads\/google-play.png\"><\/a><br \/>\n      <a href=\"https:\/\/apps.apple.com\/us\/app\/legislapp\/id1568929859\"><img decoding=\"async\" style=\"width: 15%; min-width: 130px\" src=\"https:\/\/www.legislapp.com.br\/wp-content\/uploads\/apple-store.png\"><\/a>\n   <\/div>\n","protected":false},"excerpt":{"rendered":"<p>C\u00e2m. Legislativa de MG &#8211; Autoria de Deputados Reconhece como de relevante interesse cultural do Estado o evento Pedro Leopoldo Rodeio Show, realizado no Munic\u00edpio de Pedro Leopoldo. Reconhece como de relevante interesse cultural do Estado o evento Pedro Leopoldo Rodeio Show, realizado no Munic\u00edpio de Pedro Leopoldo. A Assembleia Legislativa do Estado de Minas [&hellip;]<\/p>\n","protected":false},"author":1,"featured_media":0,"parent":0,"menu_order":0,"comment_status":"closed","ping_status":"closed","template":"page-template-blank.php","meta":{"_et_pb_use_builder":"","_et_pb_old_content":"","_et_gb_content_width":"1080","ngg_post_thumbnail":0,"footnotes":""},"class_list":["post-7450","page","type-page","status-publish","hentry"],"yoast_head":"<!-- This site is optimized with the Yoast SEO plugin v24.4 - https:\/\/yoast.com\/wordpress\/plugins\/seo\/ -->\n<title>PL 3856\/2025 - Deputados - Legislapp<\/title>\n<meta name=\"robots\" content=\"index, follow, max-snippet:-1, max-image-preview:large, max-video-preview:-1\" \/>\n<link rel=\"canonical\" href=\"https:\/\/www.legislapp.com.br\/index.php\/cam-legislativa-de-mg-pl-3856-2025-2\/\" \/>\n<meta property=\"og:locale\" content=\"pt_BR\" \/>\n<meta property=\"og:type\" content=\"article\" \/>\n<meta property=\"og:title\" content=\"PL 3856\/2025 - Deputados - Legislapp\" \/>\n<meta property=\"og:description\" content=\"C\u00e2m. Legislativa de MG &#8211; Autoria de Deputados Reconhece como de relevante interesse cultural do Estado o evento Pedro Leopoldo Rodeio Show, realizado no Munic\u00edpio de Pedro Leopoldo. Reconhece como de relevante interesse cultural do Estado o evento Pedro Leopoldo Rodeio Show, realizado no Munic\u00edpio de Pedro Leopoldo. A Assembleia Legislativa do Estado de Minas [&hellip;]\" \/>\n<meta property=\"og:url\" content=\"https:\/\/www.legislapp.com.br\/index.php\/cam-legislativa-de-mg-pl-3856-2025-2\/\" \/>\n<meta property=\"og:site_name\" content=\"Legislapp\" \/>\n<meta property=\"article:publisher\" content=\"https:\/\/www.instagram.com\/legislapp\/\" \/>\n<meta property=\"og:image\" content=\"https:\/\/www.legislapp.com.br\/wp-content\/uploads\/google-play.png\" \/>\n<meta name=\"twitter:card\" content=\"summary_large_image\" \/>\n<meta name=\"twitter:label1\" content=\"Est. tempo de leitura\" \/>\n\t<meta name=\"twitter:data1\" content=\"3 minutos\" \/>\n<script type=\"application\/ld+json\" class=\"yoast-schema-graph\">{\"@context\":\"https:\/\/schema.org\",\"@graph\":[{\"@type\":\"WebPage\",\"@id\":\"https:\/\/www.legislapp.com.br\/index.php\/cam-legislativa-de-mg-pl-3856-2025-2\/\",\"url\":\"https:\/\/www.legislapp.com.br\/index.php\/cam-legislativa-de-mg-pl-3856-2025-2\/\",\"name\":\"PL 3856\/2025 - Deputados - Legislapp\",\"isPartOf\":{\"@id\":\"https:\/\/www.legislapp.com.br\/#website\"},\"primaryImageOfPage\":{\"@id\":\"https:\/\/www.legislapp.com.br\/index.php\/cam-legislativa-de-mg-pl-3856-2025-2\/#primaryimage\"},\"image\":{\"@id\":\"https:\/\/www.legislapp.com.br\/index.php\/cam-legislativa-de-mg-pl-3856-2025-2\/#primaryimage\"},\"thumbnailUrl\":\"https:\/\/www.legislapp.com.br\/wp-content\/uploads\/google-play.png\",\"datePublished\":\"2025-09-17T16:31:45+00:00\",\"breadcrumb\":{\"@id\":\"https:\/\/www.legislapp.com.br\/index.php\/cam-legislativa-de-mg-pl-3856-2025-2\/#breadcrumb\"},\"inLanguage\":\"pt-BR\",\"potentialAction\":[{\"@type\":\"ReadAction\",\"target\":[\"https:\/\/www.legislapp.com.br\/index.php\/cam-legislativa-de-mg-pl-3856-2025-2\/\"]}]},{\"@type\":\"ImageObject\",\"inLanguage\":\"pt-BR\",\"@id\":\"https:\/\/www.legislapp.com.br\/index.php\/cam-legislativa-de-mg-pl-3856-2025-2\/#primaryimage\",\"url\":\"https:\/\/www.legislapp.com.br\/wp-content\/uploads\/google-play.png\",\"contentUrl\":\"https:\/\/www.legislapp.com.br\/wp-content\/uploads\/google-play.png\",\"width\":564,\"height\":168},{\"@type\":\"BreadcrumbList\",\"@id\":\"https:\/\/www.legislapp.com.br\/index.php\/cam-legislativa-de-mg-pl-3856-2025-2\/#breadcrumb\",\"itemListElement\":[{\"@type\":\"ListItem\",\"position\":1,\"name\":\"In\u00edcio\",\"item\":\"https:\/\/www.legislapp.com.br\/\"},{\"@type\":\"ListItem\",\"position\":2,\"name\":\"PL 3856\/2025 &#8211; Deputados\"}]},{\"@type\":\"WebSite\",\"@id\":\"https:\/\/www.legislapp.com.br\/#website\",\"url\":\"https:\/\/www.legislapp.com.br\/\",\"name\":\"Legislapp\",\"description\":\"Intelig\u00eancia governamental em tempo real\",\"publisher\":{\"@id\":\"https:\/\/www.legislapp.com.br\/#organization\"},\"potentialAction\":[{\"@type\":\"SearchAction\",\"target\":{\"@type\":\"EntryPoint\",\"urlTemplate\":\"https:\/\/www.legislapp.com.br\/?s={search_term_string}\"},\"query-input\":{\"@type\":\"PropertyValueSpecification\",\"valueRequired\":true,\"valueName\":\"search_term_string\"}}],\"inLanguage\":\"pt-BR\"},{\"@type\":\"Organization\",\"@id\":\"https:\/\/www.legislapp.com.br\/#organization\",\"name\":\"Legislapp Monitoramento e Intelig\u00eancia Governamental\",\"url\":\"https:\/\/www.legislapp.com.br\/\",\"logo\":{\"@type\":\"ImageObject\",\"inLanguage\":\"pt-BR\",\"@id\":\"https:\/\/www.legislapp.com.br\/#\/schema\/logo\/image\/\",\"url\":\"https:\/\/www.legislapp.com.br\/wp-content\/uploads\/icon.png\",\"contentUrl\":\"https:\/\/www.legislapp.com.br\/wp-content\/uploads\/icon.png\",\"width\":1024,\"height\":1024,\"caption\":\"Legislapp Monitoramento e Intelig\u00eancia Governamental\"},\"image\":{\"@id\":\"https:\/\/www.legislapp.com.br\/#\/schema\/logo\/image\/\"},\"sameAs\":[\"https:\/\/www.instagram.com\/legislapp\/\"]}]}<\/script>\n<!-- \/ Yoast SEO plugin. -->","yoast_head_json":{"title":"PL 3856\/2025 - Deputados - Legislapp","robots":{"index":"index","follow":"follow","max-snippet":"max-snippet:-1","max-image-preview":"max-image-preview:large","max-video-preview":"max-video-preview:-1"},"canonical":"https:\/\/www.legislapp.com.br\/index.php\/cam-legislativa-de-mg-pl-3856-2025-2\/","og_locale":"pt_BR","og_type":"article","og_title":"PL 3856\/2025 - Deputados - Legislapp","og_description":"C\u00e2m. Legislativa de MG &#8211; Autoria de Deputados Reconhece como de relevante interesse cultural do Estado o evento Pedro Leopoldo Rodeio Show, realizado no Munic\u00edpio de Pedro Leopoldo. Reconhece como de relevante interesse cultural do Estado o evento Pedro Leopoldo Rodeio Show, realizado no Munic\u00edpio de Pedro Leopoldo. A Assembleia Legislativa do Estado de Minas [&hellip;]","og_url":"https:\/\/www.legislapp.com.br\/index.php\/cam-legislativa-de-mg-pl-3856-2025-2\/","og_site_name":"Legislapp","article_publisher":"https:\/\/www.instagram.com\/legislapp\/","og_image":[{"url":"https:\/\/www.legislapp.com.br\/wp-content\/uploads\/google-play.png","type":"","width":"","height":""}],"twitter_card":"summary_large_image","twitter_misc":{"Est. tempo de leitura":"3 minutos"},"schema":{"@context":"https:\/\/schema.org","@graph":[{"@type":"WebPage","@id":"https:\/\/www.legislapp.com.br\/index.php\/cam-legislativa-de-mg-pl-3856-2025-2\/","url":"https:\/\/www.legislapp.com.br\/index.php\/cam-legislativa-de-mg-pl-3856-2025-2\/","name":"PL 3856\/2025 - Deputados - Legislapp","isPartOf":{"@id":"https:\/\/www.legislapp.com.br\/#website"},"primaryImageOfPage":{"@id":"https:\/\/www.legislapp.com.br\/index.php\/cam-legislativa-de-mg-pl-3856-2025-2\/#primaryimage"},"image":{"@id":"https:\/\/www.legislapp.com.br\/index.php\/cam-legislativa-de-mg-pl-3856-2025-2\/#primaryimage"},"thumbnailUrl":"https:\/\/www.legislapp.com.br\/wp-content\/uploads\/google-play.png","datePublished":"2025-09-17T16:31:45+00:00","breadcrumb":{"@id":"https:\/\/www.legislapp.com.br\/index.php\/cam-legislativa-de-mg-pl-3856-2025-2\/#breadcrumb"},"inLanguage":"pt-BR","potentialAction":[{"@type":"ReadAction","target":["https:\/\/www.legislapp.com.br\/index.php\/cam-legislativa-de-mg-pl-3856-2025-2\/"]}]},{"@type":"ImageObject","inLanguage":"pt-BR","@id":"https:\/\/www.legislapp.com.br\/index.php\/cam-legislativa-de-mg-pl-3856-2025-2\/#primaryimage","url":"https:\/\/www.legislapp.com.br\/wp-content\/uploads\/google-play.png","contentUrl":"https:\/\/www.legislapp.com.br\/wp-content\/uploads\/google-play.png","width":564,"height":168},{"@type":"BreadcrumbList","@id":"https:\/\/www.legislapp.com.br\/index.php\/cam-legislativa-de-mg-pl-3856-2025-2\/#breadcrumb","itemListElement":[{"@type":"ListItem","position":1,"name":"In\u00edcio","item":"https:\/\/www.legislapp.com.br\/"},{"@type":"ListItem","position":2,"name":"PL 3856\/2025 &#8211; Deputados"}]},{"@type":"WebSite","@id":"https:\/\/www.legislapp.com.br\/#website","url":"https:\/\/www.legislapp.com.br\/","name":"Legislapp","description":"Intelig\u00eancia governamental em tempo real","publisher":{"@id":"https:\/\/www.legislapp.com.br\/#organization"},"potentialAction":[{"@type":"SearchAction","target":{"@type":"EntryPoint","urlTemplate":"https:\/\/www.legislapp.com.br\/?s={search_term_string}"},"query-input":{"@type":"PropertyValueSpecification","valueRequired":true,"valueName":"search_term_string"}}],"inLanguage":"pt-BR"},{"@type":"Organization","@id":"https:\/\/www.legislapp.com.br\/#organization","name":"Legislapp Monitoramento e Intelig\u00eancia Governamental","url":"https:\/\/www.legislapp.com.br\/","logo":{"@type":"ImageObject","inLanguage":"pt-BR","@id":"https:\/\/www.legislapp.com.br\/#\/schema\/logo\/image\/","url":"https:\/\/www.legislapp.com.br\/wp-content\/uploads\/icon.png","contentUrl":"https:\/\/www.legislapp.com.br\/wp-content\/uploads\/icon.png","width":1024,"height":1024,"caption":"Legislapp Monitoramento e Intelig\u00eancia Governamental"},"image":{"@id":"https:\/\/www.legislapp.com.br\/#\/schema\/logo\/image\/"},"sameAs":["https:\/\/www.instagram.com\/legislapp\/"]}]}},"_links":{"self":[{"href":"https:\/\/www.legislapp.com.br\/index.php\/wp-json\/wp\/v2\/pages\/7450","targetHints":{"allow":["GET"]}}],"collection":[{"href":"https:\/\/www.legislapp.com.br\/index.php\/wp-json\/wp\/v2\/pages"}],"about":[{"href":"https:\/\/www.legislapp.com.br\/index.php\/wp-json\/wp\/v2\/types\/page"}],"author":[{"embeddable":true,"href":"https:\/\/www.legislapp.com.br\/index.php\/wp-json\/wp\/v2\/users\/1"}],"replies":[{"embeddable":true,"href":"https:\/\/www.legislapp.com.br\/index.php\/wp-json\/wp\/v2\/comments?post=7450"}],"version-history":[{"count":0,"href":"https:\/\/www.legislapp.com.br\/index.php\/wp-json\/wp\/v2\/pages\/7450\/revisions"}],"wp:attachment":[{"href":"https:\/\/www.legislapp.com.br\/index.php\/wp-json\/wp\/v2\/media?parent=7450"}],"curies":[{"name":"wp","href":"https:\/\/api.w.org\/{rel}","templated":true}]}}