{"id":7459,"date":"2025-09-17T13:32:14","date_gmt":"2025-09-17T16:32:14","guid":{"rendered":"https:\/\/www.legislapp.com.br\/index.php\/cam-legislativa-de-mg-pl-3859-2025-2\/"},"modified":"2025-09-17T13:32:14","modified_gmt":"2025-09-17T16:32:14","slug":"cam-legislativa-de-mg-pl-3859-2025-2","status":"publish","type":"page","link":"https:\/\/www.legislapp.com.br\/index.php\/cam-legislativa-de-mg-pl-3859-2025-2\/","title":{"rendered":"PL 3859\/2025 &#8211; Deputados"},"content":{"rendered":"<h1 style='text-align: center;'>C\u00e2m. Legislativa de MG &#8211; Autoria de Deputados<\/h3>\n<p><\/p>\n<article style='text-align: center'>Disp\u00f5e sobre a obrigatoriedade de comunica\u00e7\u00e3o de confirma\u00e7\u00e3o de gravidez<br \/>\nem menores de 14 anos no Estado e d\u00e1 outras provid\u00eancias.<\/article>\n<p><\/p>\n<p style='text-align: center'><a href='https:\/\/app.legislapp.com.br\/#\/busca?termo='><\/a><\/p>\n<p><\/p>\n<article>Disp\u00f5e sobre a obrigatoriedade de comunica\u00e7\u00e3o, \u00e0s autoridades competentes, por profissionais de sa\u00fade e outros, da confirma\u00e7\u00e3o de gravidez em menores de 14 anos no Estado de Minas Gerais e d\u00e1 outras provid\u00eancias.<br \/>\nA Assembleia Legislativa do Estado de Minas Gerais decreta:<br \/>\nArt. 1\u00ba \u2013 Esta lei estabelece a obrigatoriedade de comunica\u00e7\u00e3o de confirma\u00e7\u00e3o de gravidez em menores de 14 anos, visando proteger a sa\u00fade e os direitos da crian\u00e7a e do adolescente, conforme preceitua o Estatuto da Crian\u00e7a e do Adolescente.<br \/>\nArt. 2\u00ba \u2013 Os profissionais de sa\u00fade que atenderem ou realizarem exames que resultem na confirma\u00e7\u00e3o de gravidez em meninas com idade inferior a 14 anos dever\u00e3o comunicar, imediatamente, o fato aos seguintes \u00f3rg\u00e3os:<br \/>\nI \u2013 Conselho Tutelar;<br \/>\nII \u2013 Pol\u00edcia Civil;<br \/>\nIII \u2013 Secretaria de Estado de Sa\u00fade de Minas Gerais;<br \/>\nIV \u2013 Minist\u00e9rio P\u00fablico do Estado de Minas Gerais.<br \/>\nArt. 3\u00ba \u2013 A comunica\u00e7\u00e3o dever\u00e1 ser realizada em at\u00e9 48 horas ap\u00f3s a confirma\u00e7\u00e3o da gravidez, utilizando-se dos meios previstos em legisla\u00e7\u00e3o espec\u00edfica, garantindo sempre a preserva\u00e7\u00e3o da identidade da menor, pelos profissionais e estabelecimentos de sa\u00fade, do ensino p\u00fablicos e privados e pelos profissionais de assist\u00eancia social que tiverem conhecimento do fato em fun\u00e7\u00e3o do respectivo of\u00edcio ou da presta\u00e7\u00e3o de seus servi\u00e7os.<br \/>\n\u00a7 1\u00ba \u2013 Tamb\u00e9m dever\u00e3o efetuar a comunica\u00e7\u00e3o de que trata o caput deste artigo, no prazo de cinco dias contados da ci\u00eancia do fato, os registradores civis das pessoas naturais que tiverem conhecimento de nascimento de crian\u00e7a cuja m\u00e3e seja menor de quatorze anos ao lavrar o respectivo assento.<br \/>\n\u00a7 2\u00ba \u2013 A comunica\u00e7\u00e3o de que trata o caput deste artigo ainda poder\u00e1 ser facultativamente realizada por qualquer pessoa que tiver conhecimento do fato.<br \/>\nArt. 4\u00ba \u2013 Os \u00f3rg\u00e3os que receberem a comunica\u00e7\u00e3o dever\u00e3o tomar as medidas adequadas, conforme a legisla\u00e7\u00e3o vigente, para garantir a prote\u00e7\u00e3o integral da menor, incluindo, mas n\u00e3o se limitando a:<br \/>\nI \u2013 Acompanhamento psicol\u00f3gico e m\u00e9dico da gestante;<br \/>\nII \u2013 Garantia de que os direitos da menor sejam assegurados;<br \/>\nIII \u2013 Investiga\u00e7\u00e3o de poss\u00edveis situa\u00e7\u00f5es de abuso ou explora\u00e7\u00e3o.<br \/>\nArt. 5\u00ba \u2013 O Conselho Tutelar, ap\u00f3s o recebimento de comunica\u00e7\u00e3o de que trata esta Lei, dever\u00e1, no \u00e2mbito de suas compet\u00eancias, adotar, de imediato, todas as provid\u00eancias necess\u00e1rias para a garantia dos direitos da crian\u00e7a ou adolescente, visando, em especial:<br \/>\nI \u2013 o acompanhamento e atendimento \u00e0 sa\u00fade da gestante preconizado no art. 8\u00ba da Lei n\u00ba 8.069, de 13 de julho de 1990 (Estatuto da Crian\u00e7a e do Adolescente);<br \/>\nII \u2013 a frequ\u00eancia escolar da gestante e lactante, de modo que sejam assegurados pelos \u00f3rg\u00e3os e entidades competentes de educa\u00e7\u00e3o e pelas institui\u00e7\u00f5es de ensino;<br \/>\nIII \u2013 a celeridade e a urg\u00eancia necess\u00e1rias ao atendimento de sa\u00fade, preservada a confidencialidade e o princ\u00edpio da interven\u00e7\u00e3o m\u00ednima, conforme o previsto no art. 14 da Lei n\u00ba 13.431, de 4 de abril de 2017;<br \/>\nIV \u2013 a disponibiliza\u00e7\u00e3o de vaga em creche para o filho da gestante menor de quatorze anos com prioridade, quando necess\u00e1rio for;<br \/>\nV \u2013 o acesso a eventuais benef\u00edcios socioassistenciais a que a gestante ou sua fam\u00edlia tenham direito;<br \/>\nVI \u2013 o direito \u00e0 informa\u00e7\u00e3o, em especial sobre quest\u00f5es reprodutivas e de sexualidade;<br \/>\nVII \u2013 na prote\u00e7\u00e3o da pessoa vulner\u00e1vel, menor de 14 anos, confirmada a gravidez, dever\u00e1 promover imediata comunica\u00e7\u00e3o formal \u00e0 autoridade policial, visando apura\u00e7\u00e3o da viola\u00e7\u00e3o do artigo 217-A do C\u00f3digo Penal.<br \/>\nArt. 6\u00ba \u2013 Os dados e informa\u00e7\u00f5es veiculados nas comunica\u00e7\u00f5es de que trata esta Lei poder\u00e3o ser utilizados pelos \u00f3rg\u00e3os e entidades que integram o sistema de garantia de direitos de crian\u00e7as e adolescentes a fim de subsidiar a formula\u00e7\u00e3o de pol\u00edticas p\u00fablicas, inclusive com foco na educa\u00e7\u00e3o sexual e na preven\u00e7\u00e3o \u00e0 viol\u00eancia e abusos sexuais.<br \/>\nArt. 7\u00ba \u2013 As comunica\u00e7\u00f5es de que trata esta Lei dever\u00e3o ser realizadas de modo que n\u00e3o exponham as gestantes a situa\u00e7\u00f5es vexat\u00f3rias ou constrangedoras, cumprindo ser assegurado o sigilo, nos termos da lei, dos dados e informa\u00e7\u00f5es que nelas constem.<br \/>\nArt. 8\u00ba \u2013 O descumprimento das disposi\u00e7\u00f5es desta Lei por parte dos profissionais de sa\u00fade estar\u00e1 sujeito \u00e0s san\u00e7\u00f5es previstas nos conselhos profissionais competentes, al\u00e9m das penalidades legais previstas.<br \/>\nArt. 9\u00ba \u2013 Esta lei entra em vigor na data de sua publica\u00e7\u00e3o.<br \/>\nArt. 10 \u2013 Revogam-se as disposi\u00e7\u00f5es em contr\u00e1rio.<br \/>\nSala das Reuni\u00f5es, 27 de maio de 2025.<br \/>\nMarli Ribeiro (PL)<br \/>\nJustifica\u00e7\u00e3o: O presente projeto de lei tem por objetivo garantir a prote\u00e7\u00e3o de meninas menores de 14 anos que confirmam a gravidez, assegurando que sejam tomadas medidas adequadas para a preserva\u00e7\u00e3o de sua sa\u00fade f\u00edsica e mental, bem como a defesa de seus direitos.<br \/>\nPretendemos, com a presente proposi\u00e7\u00e3o dar melhor tratamento aos casos concernentes \u00e0 gravidez na adolesc\u00eancia, um grave problema de sa\u00fade p\u00fablica, devido, principalmente, \u00e0 sua magnitude e amplitude.<br \/>\nDiversas situa\u00e7\u00f5es adversas podem advir do acontecimento, tais como o abandono escolar e o risco durante a gravidez, pela falta de um pr\u00e9-natal de qualidade.<br \/>\nExistem, ainda, os conflitos familiares que surgem ap\u00f3s a confirma\u00e7\u00e3o e divulga\u00e7\u00e3o da positividade da gravidez, que v\u00e3o desde a n\u00e3o aceita\u00e7\u00e3o pela fam\u00edlia, o incentivo ao aborto pelo parceiro e pela fam\u00edlia, o abandono do parceiro, a discrimina\u00e7\u00e3o social e o afastamento dos grupos de sua conviv\u00eancia, que interferem na estabilidade emocional da menina mulher adolescente.<br \/>\nA presente proposi\u00e7\u00e3o tem por objetivo estabelecer hip\u00f3tese de comunica\u00e7\u00e3o obrigat\u00f3ria pelas institui\u00e7\u00f5es de ensino p\u00fablicas e privadas situadas da exist\u00eancia de ind\u00edcios de gravidez por aluna com menos de 14 anos de idade.<br \/>\nAs institui\u00e7\u00f5es de ensino devem colaborar com a administra\u00e7\u00e3o p\u00fablica, dada \u00e0 natureza p\u00fablica da fun\u00e7\u00e3o que exercem, para auxiliar no desenvolvimento social e na prote\u00e7\u00e3o dos interesses de crian\u00e7as e adolescentes.<br \/>\nA comunica\u00e7\u00e3o ora proposta dever\u00e1 ser feita aos \u00f3rg\u00e3os acima elencados, para que sejam adotadas as medidas legais cab\u00edveis, inclusive a apura\u00e7\u00e3o de eventual crime de estupro de vulner\u00e1vel e o atendimento psicossocial necess\u00e1rio.<br \/>\nEm todos os casos, o procedimento dever\u00e1 ser realizado de forma que n\u00e3o exponha a crian\u00e7a ou adolescente a situa\u00e7\u00f5es vexat\u00f3rias ou constrangedoras, sendo assegurado o sigilo dos seus dados perante terceiros.<br \/>\nA antecipa\u00e7\u00e3o de uma gravidez em uma idade t\u00e3o precoce pode acarretar s\u00e9rias consequ\u00eancias para a vida da menor, incluindo riscos \u00e0 sa\u00fade, viola\u00e7\u00e3o de direitos e necessidade de apoio psicol\u00f3gico e social.<br \/>\nA comunica\u00e7\u00e3o obrigat\u00f3ria aos \u00f3rg\u00e3os competentes visa criar uma rede de prote\u00e7\u00e3o que possa intervir de maneira efetiva e garantir que a menor receba a assist\u00eancia necess\u00e1ria, al\u00e9m de possibilitar a investiga\u00e7\u00e3o de eventuais casos de abuso.<br \/>\n\u2013 Publicado, vai o projeto \u00e0s Comiss\u00f5es de Justi\u00e7a, de Sa\u00fade, do Trabalho e de Administra\u00e7\u00e3o P\u00fablica para parecer, nos termos do art. 188, c\/c o art. 102, do Regimento Interno.<\/article>\n<div style=\"text-align: center\">\n<div style=\"margin-bottom: 20px;\" class=\"et_pb_button_module_wrapper et_pb_button_5_tb_body_wrapper et_pb_button_alignment_center et_pb_module \">\n         <a class=\"et_pb_button et_pb_button_5_tb_body et_hover_enabled et_pb_bg_layout_dark\" style=\"width: 50%;background-color: black;\" href=\"https:\/\/app.legislapp.com.br\" target=\"_blank\" rel=\"noopener\">Visualizar completo na nossa plataforma (30 dias gr\u00e1tis)<\/a><\/p><\/div>\n<p>      <a href=\"https:\/\/play.google.com\/store\/apps\/details?id=br.com.legislapp\"><img decoding=\"async\" style=\"width: 15%; min-width: 130px;\" src=\"https:\/\/www.legislapp.com.br\/wp-content\/uploads\/google-play.png\"><\/a><br \/>\n      <a href=\"https:\/\/apps.apple.com\/us\/app\/legislapp\/id1568929859\"><img decoding=\"async\" style=\"width: 15%; min-width: 130px\" src=\"https:\/\/www.legislapp.com.br\/wp-content\/uploads\/apple-store.png\"><\/a>\n   <\/div>\n","protected":false},"excerpt":{"rendered":"<p>C\u00e2m. Legislativa de MG &#8211; Autoria de Deputados Disp\u00f5e sobre a obrigatoriedade de comunica\u00e7\u00e3o de confirma\u00e7\u00e3o de gravidez em menores de 14 anos no Estado e d\u00e1 outras provid\u00eancias. Disp\u00f5e sobre a obrigatoriedade de comunica\u00e7\u00e3o, \u00e0s autoridades competentes, por profissionais de sa\u00fade e outros, da confirma\u00e7\u00e3o de gravidez em menores de 14 anos no Estado [&hellip;]<\/p>\n","protected":false},"author":1,"featured_media":0,"parent":0,"menu_order":0,"comment_status":"closed","ping_status":"closed","template":"page-template-blank.php","meta":{"_et_pb_use_builder":"","_et_pb_old_content":"","_et_gb_content_width":"1080","ngg_post_thumbnail":0,"footnotes":""},"class_list":["post-7459","page","type-page","status-publish","hentry"],"yoast_head":"<!-- This site is optimized with the Yoast SEO plugin v24.4 - https:\/\/yoast.com\/wordpress\/plugins\/seo\/ -->\n<title>PL 3859\/2025 - Deputados - Legislapp<\/title>\n<meta name=\"robots\" content=\"index, follow, max-snippet:-1, max-image-preview:large, max-video-preview:-1\" \/>\n<link rel=\"canonical\" href=\"https:\/\/www.legislapp.com.br\/index.php\/cam-legislativa-de-mg-pl-3859-2025-2\/\" \/>\n<meta property=\"og:locale\" content=\"pt_BR\" \/>\n<meta property=\"og:type\" content=\"article\" \/>\n<meta property=\"og:title\" content=\"PL 3859\/2025 - Deputados - Legislapp\" \/>\n<meta property=\"og:description\" content=\"C\u00e2m. Legislativa de MG &#8211; Autoria de Deputados Disp\u00f5e sobre a obrigatoriedade de comunica\u00e7\u00e3o de confirma\u00e7\u00e3o de gravidez em menores de 14 anos no Estado e d\u00e1 outras provid\u00eancias. Disp\u00f5e sobre a obrigatoriedade de comunica\u00e7\u00e3o, \u00e0s autoridades competentes, por profissionais de sa\u00fade e outros, da confirma\u00e7\u00e3o de gravidez em menores de 14 anos no Estado [&hellip;]\" \/>\n<meta property=\"og:url\" content=\"https:\/\/www.legislapp.com.br\/index.php\/cam-legislativa-de-mg-pl-3859-2025-2\/\" \/>\n<meta property=\"og:site_name\" content=\"Legislapp\" \/>\n<meta property=\"article:publisher\" content=\"https:\/\/www.instagram.com\/legislapp\/\" \/>\n<meta property=\"og:image\" content=\"https:\/\/www.legislapp.com.br\/wp-content\/uploads\/google-play.png\" \/>\n<meta name=\"twitter:card\" content=\"summary_large_image\" \/>\n<meta name=\"twitter:label1\" content=\"Est. tempo de leitura\" \/>\n\t<meta name=\"twitter:data1\" content=\"6 minutos\" \/>\n<script type=\"application\/ld+json\" class=\"yoast-schema-graph\">{\"@context\":\"https:\/\/schema.org\",\"@graph\":[{\"@type\":\"WebPage\",\"@id\":\"https:\/\/www.legislapp.com.br\/index.php\/cam-legislativa-de-mg-pl-3859-2025-2\/\",\"url\":\"https:\/\/www.legislapp.com.br\/index.php\/cam-legislativa-de-mg-pl-3859-2025-2\/\",\"name\":\"PL 3859\/2025 - Deputados - Legislapp\",\"isPartOf\":{\"@id\":\"https:\/\/www.legislapp.com.br\/#website\"},\"primaryImageOfPage\":{\"@id\":\"https:\/\/www.legislapp.com.br\/index.php\/cam-legislativa-de-mg-pl-3859-2025-2\/#primaryimage\"},\"image\":{\"@id\":\"https:\/\/www.legislapp.com.br\/index.php\/cam-legislativa-de-mg-pl-3859-2025-2\/#primaryimage\"},\"thumbnailUrl\":\"https:\/\/www.legislapp.com.br\/wp-content\/uploads\/google-play.png\",\"datePublished\":\"2025-09-17T16:32:14+00:00\",\"breadcrumb\":{\"@id\":\"https:\/\/www.legislapp.com.br\/index.php\/cam-legislativa-de-mg-pl-3859-2025-2\/#breadcrumb\"},\"inLanguage\":\"pt-BR\",\"potentialAction\":[{\"@type\":\"ReadAction\",\"target\":[\"https:\/\/www.legislapp.com.br\/index.php\/cam-legislativa-de-mg-pl-3859-2025-2\/\"]}]},{\"@type\":\"ImageObject\",\"inLanguage\":\"pt-BR\",\"@id\":\"https:\/\/www.legislapp.com.br\/index.php\/cam-legislativa-de-mg-pl-3859-2025-2\/#primaryimage\",\"url\":\"https:\/\/www.legislapp.com.br\/wp-content\/uploads\/google-play.png\",\"contentUrl\":\"https:\/\/www.legislapp.com.br\/wp-content\/uploads\/google-play.png\",\"width\":564,\"height\":168},{\"@type\":\"BreadcrumbList\",\"@id\":\"https:\/\/www.legislapp.com.br\/index.php\/cam-legislativa-de-mg-pl-3859-2025-2\/#breadcrumb\",\"itemListElement\":[{\"@type\":\"ListItem\",\"position\":1,\"name\":\"In\u00edcio\",\"item\":\"https:\/\/www.legislapp.com.br\/\"},{\"@type\":\"ListItem\",\"position\":2,\"name\":\"PL 3859\/2025 &#8211; Deputados\"}]},{\"@type\":\"WebSite\",\"@id\":\"https:\/\/www.legislapp.com.br\/#website\",\"url\":\"https:\/\/www.legislapp.com.br\/\",\"name\":\"Legislapp\",\"description\":\"Intelig\u00eancia governamental em tempo real\",\"publisher\":{\"@id\":\"https:\/\/www.legislapp.com.br\/#organization\"},\"potentialAction\":[{\"@type\":\"SearchAction\",\"target\":{\"@type\":\"EntryPoint\",\"urlTemplate\":\"https:\/\/www.legislapp.com.br\/?s={search_term_string}\"},\"query-input\":{\"@type\":\"PropertyValueSpecification\",\"valueRequired\":true,\"valueName\":\"search_term_string\"}}],\"inLanguage\":\"pt-BR\"},{\"@type\":\"Organization\",\"@id\":\"https:\/\/www.legislapp.com.br\/#organization\",\"name\":\"Legislapp Monitoramento e Intelig\u00eancia Governamental\",\"url\":\"https:\/\/www.legislapp.com.br\/\",\"logo\":{\"@type\":\"ImageObject\",\"inLanguage\":\"pt-BR\",\"@id\":\"https:\/\/www.legislapp.com.br\/#\/schema\/logo\/image\/\",\"url\":\"https:\/\/www.legislapp.com.br\/wp-content\/uploads\/icon.png\",\"contentUrl\":\"https:\/\/www.legislapp.com.br\/wp-content\/uploads\/icon.png\",\"width\":1024,\"height\":1024,\"caption\":\"Legislapp Monitoramento e Intelig\u00eancia Governamental\"},\"image\":{\"@id\":\"https:\/\/www.legislapp.com.br\/#\/schema\/logo\/image\/\"},\"sameAs\":[\"https:\/\/www.instagram.com\/legislapp\/\"]}]}<\/script>\n<!-- \/ Yoast SEO plugin. -->","yoast_head_json":{"title":"PL 3859\/2025 - Deputados - Legislapp","robots":{"index":"index","follow":"follow","max-snippet":"max-snippet:-1","max-image-preview":"max-image-preview:large","max-video-preview":"max-video-preview:-1"},"canonical":"https:\/\/www.legislapp.com.br\/index.php\/cam-legislativa-de-mg-pl-3859-2025-2\/","og_locale":"pt_BR","og_type":"article","og_title":"PL 3859\/2025 - Deputados - Legislapp","og_description":"C\u00e2m. Legislativa de MG &#8211; Autoria de Deputados Disp\u00f5e sobre a obrigatoriedade de comunica\u00e7\u00e3o de confirma\u00e7\u00e3o de gravidez em menores de 14 anos no Estado e d\u00e1 outras provid\u00eancias. Disp\u00f5e sobre a obrigatoriedade de comunica\u00e7\u00e3o, \u00e0s autoridades competentes, por profissionais de sa\u00fade e outros, da confirma\u00e7\u00e3o de gravidez em menores de 14 anos no Estado [&hellip;]","og_url":"https:\/\/www.legislapp.com.br\/index.php\/cam-legislativa-de-mg-pl-3859-2025-2\/","og_site_name":"Legislapp","article_publisher":"https:\/\/www.instagram.com\/legislapp\/","og_image":[{"url":"https:\/\/www.legislapp.com.br\/wp-content\/uploads\/google-play.png","type":"","width":"","height":""}],"twitter_card":"summary_large_image","twitter_misc":{"Est. tempo de leitura":"6 minutos"},"schema":{"@context":"https:\/\/schema.org","@graph":[{"@type":"WebPage","@id":"https:\/\/www.legislapp.com.br\/index.php\/cam-legislativa-de-mg-pl-3859-2025-2\/","url":"https:\/\/www.legislapp.com.br\/index.php\/cam-legislativa-de-mg-pl-3859-2025-2\/","name":"PL 3859\/2025 - Deputados - Legislapp","isPartOf":{"@id":"https:\/\/www.legislapp.com.br\/#website"},"primaryImageOfPage":{"@id":"https:\/\/www.legislapp.com.br\/index.php\/cam-legislativa-de-mg-pl-3859-2025-2\/#primaryimage"},"image":{"@id":"https:\/\/www.legislapp.com.br\/index.php\/cam-legislativa-de-mg-pl-3859-2025-2\/#primaryimage"},"thumbnailUrl":"https:\/\/www.legislapp.com.br\/wp-content\/uploads\/google-play.png","datePublished":"2025-09-17T16:32:14+00:00","breadcrumb":{"@id":"https:\/\/www.legislapp.com.br\/index.php\/cam-legislativa-de-mg-pl-3859-2025-2\/#breadcrumb"},"inLanguage":"pt-BR","potentialAction":[{"@type":"ReadAction","target":["https:\/\/www.legislapp.com.br\/index.php\/cam-legislativa-de-mg-pl-3859-2025-2\/"]}]},{"@type":"ImageObject","inLanguage":"pt-BR","@id":"https:\/\/www.legislapp.com.br\/index.php\/cam-legislativa-de-mg-pl-3859-2025-2\/#primaryimage","url":"https:\/\/www.legislapp.com.br\/wp-content\/uploads\/google-play.png","contentUrl":"https:\/\/www.legislapp.com.br\/wp-content\/uploads\/google-play.png","width":564,"height":168},{"@type":"BreadcrumbList","@id":"https:\/\/www.legislapp.com.br\/index.php\/cam-legislativa-de-mg-pl-3859-2025-2\/#breadcrumb","itemListElement":[{"@type":"ListItem","position":1,"name":"In\u00edcio","item":"https:\/\/www.legislapp.com.br\/"},{"@type":"ListItem","position":2,"name":"PL 3859\/2025 &#8211; Deputados"}]},{"@type":"WebSite","@id":"https:\/\/www.legislapp.com.br\/#website","url":"https:\/\/www.legislapp.com.br\/","name":"Legislapp","description":"Intelig\u00eancia governamental em tempo real","publisher":{"@id":"https:\/\/www.legislapp.com.br\/#organization"},"potentialAction":[{"@type":"SearchAction","target":{"@type":"EntryPoint","urlTemplate":"https:\/\/www.legislapp.com.br\/?s={search_term_string}"},"query-input":{"@type":"PropertyValueSpecification","valueRequired":true,"valueName":"search_term_string"}}],"inLanguage":"pt-BR"},{"@type":"Organization","@id":"https:\/\/www.legislapp.com.br\/#organization","name":"Legislapp Monitoramento e Intelig\u00eancia Governamental","url":"https:\/\/www.legislapp.com.br\/","logo":{"@type":"ImageObject","inLanguage":"pt-BR","@id":"https:\/\/www.legislapp.com.br\/#\/schema\/logo\/image\/","url":"https:\/\/www.legislapp.com.br\/wp-content\/uploads\/icon.png","contentUrl":"https:\/\/www.legislapp.com.br\/wp-content\/uploads\/icon.png","width":1024,"height":1024,"caption":"Legislapp Monitoramento e Intelig\u00eancia Governamental"},"image":{"@id":"https:\/\/www.legislapp.com.br\/#\/schema\/logo\/image\/"},"sameAs":["https:\/\/www.instagram.com\/legislapp\/"]}]}},"_links":{"self":[{"href":"https:\/\/www.legislapp.com.br\/index.php\/wp-json\/wp\/v2\/pages\/7459","targetHints":{"allow":["GET"]}}],"collection":[{"href":"https:\/\/www.legislapp.com.br\/index.php\/wp-json\/wp\/v2\/pages"}],"about":[{"href":"https:\/\/www.legislapp.com.br\/index.php\/wp-json\/wp\/v2\/types\/page"}],"author":[{"embeddable":true,"href":"https:\/\/www.legislapp.com.br\/index.php\/wp-json\/wp\/v2\/users\/1"}],"replies":[{"embeddable":true,"href":"https:\/\/www.legislapp.com.br\/index.php\/wp-json\/wp\/v2\/comments?post=7459"}],"version-history":[{"count":0,"href":"https:\/\/www.legislapp.com.br\/index.php\/wp-json\/wp\/v2\/pages\/7459\/revisions"}],"wp:attachment":[{"href":"https:\/\/www.legislapp.com.br\/index.php\/wp-json\/wp\/v2\/media?parent=7459"}],"curies":[{"name":"wp","href":"https:\/\/api.w.org\/{rel}","templated":true}]}}