{"id":7463,"date":"2025-09-17T13:32:27","date_gmt":"2025-09-17T16:32:27","guid":{"rendered":"https:\/\/www.legislapp.com.br\/index.php\/cam-legislativa-de-pe-pl-3038-2025-2\/"},"modified":"2025-09-17T13:32:27","modified_gmt":"2025-09-17T16:32:27","slug":"cam-legislativa-de-pe-pl-3038-2025-2","status":"publish","type":"page","link":"https:\/\/www.legislapp.com.br\/index.php\/cam-legislativa-de-pe-pl-3038-2025-2\/","title":{"rendered":"PL 3038\/2025 &#8211; Joel da Harpa"},"content":{"rendered":"<h1 style='text-align: center;'>C\u00e2m. Legislativa de PE &#8211; Autoria de Joel da Harpa<br \/><img src='https:\/\/www.alepe.pe.gov.br\/\/wp-content\/uploads\/2015\/05\/JOEL-DA-HARPA-V2-scaled-e1730987062752.jpg' alt='Joel da Harpa' \/><\/h3>\n<p><\/p>\n<article style='text-align: center'>O presente Projeto de Lei visa alterar o C\u00f3digo Penitenci\u00e1rio do Estado de Pernambuco a fim de assegurar a proibi\u00e7\u00e3o definitiva da atividade de \u201cchaveiros\u201d nos estabelecimentos penais de Pernambuco, bem como coibir a exist\u00eancia de cantinas nas referidas unidades com a finalidade de explora\u00e7\u00e3o econ\u00f4mica.<\/p>\n<p>\u00a0\u00a0\u00a0\u00a0\u00a0A presen\u00e7a de \u201cchaveiros\u201d nos pres\u00eddios de Pernambuco tornou-se alvo recorrente de a\u00e7\u00f5es de \u00f3rg\u00e3os judiciais e de den\u00fancias de policiais penais, que convivem diariamente com o desvio de suas fun\u00e7\u00f5es ora exercidas por detentos.<\/p>\n<p>\u00a0\u00a0\u00a0\u00a0\u00a0Ademais, a exist\u00eancia de cantinas gerenciadas por pessoas privadas de liberdade revela mais um caso de inger\u00eancia dentro dos estabelecimentos penais, registrando o com\u00e9rcio de alimentos, produtos il\u00edcitos e circula\u00e7\u00e3o de dinheiro dentro das unidades.<\/p>\n<p>\u00a0\u00a0\u00a0\u00a0\u00a0Dessa forma, o projeto de lei em tela almeja revogar tais pr\u00e1ticas que corroboram para a inseguran\u00e7a dentro dos estabelecimentos penais e tem reflexo direto na seguran\u00e7a da sociedade civil.\u00a0\u00a0\u00a0\u00a0\u00a0<\/p>\n<p>\u00a0\u00a0\u00a0\u00a0\u00a0Diante o exposto, solicito o valoroso apoio dos Nobres Parlamentares desta Assembleia Legislativa para sua aprova\u00e7\u00e3o.<\/article>\n<p><\/p>\n<p style='text-align: center'><a href='https:\/\/app.legislapp.com.br\/#\/busca?termo='><\/a><\/p>\n<p><\/p>\n<article>\u00a0\u00a0\u00a0\u00a0\u00a0Art. 1\u00ba A Lei n\u00ba 15.755, de 4 de abril de 2016, passa a vigorar com as seguintes altera\u00e7\u00f5es:<\/p>\n<p>\u201cArt. 156-A.\u00a0Fica expressamente proibida, em todos os Estabelecimentos Penais do Estado de Pernambuco, a execu\u00e7\u00e3o de atividades privativas de policiais penais por pessoas privadas de liberdade, quais sejam: (AC)<\/p>\n<p>I &#8211;\u00a0abertura ou fechamento de celas ou port\u00f5es; (AC)<\/p>\n<p>II &#8211;\u00a0vigil\u00e2ncia, guarda ou disciplina de detentos; (AC)<\/p>\n<p>III &#8211;\u00a0controle de movimenta\u00e7\u00e3o, entrada ou sa\u00edda de detentos das celas ou \u00e1reas comuns; e (AC)<\/p>\n<p>IV &#8211;\u00a0distribui\u00e7\u00e3o de alimentos, medicamentos ou outros materiais de uso coletivo. (AC)<\/p>\n<p>Par\u00e1grafo \u00fanico. Ser\u00e1 considerado il\u00edcito administrativo o ato de autoriza\u00e7\u00e3o, omiss\u00e3o ou toler\u00e2ncia da administra\u00e7\u00e3o penitenci\u00e1ria ou de preposto seu, diante da pr\u00e1tica de qualquer das atividades previstas nos incisos deste artigo por pessoa privada de liberdade. (AC)<\/p>\n<p>Art. 156-B. Fica proibido o funcionamento de cantinas ou quaisquer estruturas comerciais internas nos Estabelecimentos Penais do Estado de Pernambuco. (AC)<\/p>\n<p>Par\u00e1grafo \u00fanico. \u00c9 vedada a explora\u00e7\u00e3o econ\u00f4mica por servidor ou pessoa privada de liberdade, da entrega de g\u00eaneros aliment\u00edcios ou materiais de uso coletivo destinados a detentos.\u201d (AC)<\/p>\n<p>\u00a0\u00a0\u00a0\u00a0\u00a0Art. 2\u00ba Esta Lei entra em vigor na data de sua publica\u00e7\u00e3o.<\/article>\n<div style=\"text-align: center\">\n<div style=\"margin-bottom: 20px;\" class=\"et_pb_button_module_wrapper et_pb_button_5_tb_body_wrapper et_pb_button_alignment_center et_pb_module \">\n         <a class=\"et_pb_button et_pb_button_5_tb_body et_hover_enabled et_pb_bg_layout_dark\" style=\"width: 50%;background-color: black;\" href=\"https:\/\/app.legislapp.com.br\" target=\"_blank\" rel=\"noopener\">Visualizar completo na nossa plataforma (30 dias gr\u00e1tis)<\/a><\/p><\/div>\n<p>      <a href=\"https:\/\/play.google.com\/store\/apps\/details?id=br.com.legislapp\"><img decoding=\"async\" style=\"width: 15%; min-width: 130px;\" src=\"https:\/\/www.legislapp.com.br\/wp-content\/uploads\/google-play.png\"><\/a><br \/>\n      <a href=\"https:\/\/apps.apple.com\/us\/app\/legislapp\/id1568929859\"><img decoding=\"async\" style=\"width: 15%; min-width: 130px\" src=\"https:\/\/www.legislapp.com.br\/wp-content\/uploads\/apple-store.png\"><\/a>\n   <\/div>\n","protected":false},"excerpt":{"rendered":"<p>C\u00e2m. Legislativa de PE &#8211; Autoria de Joel da Harpa O presente Projeto de Lei visa alterar o C\u00f3digo Penitenci\u00e1rio do Estado de Pernambuco a fim de assegurar a proibi\u00e7\u00e3o definitiva da atividade de \u201cchaveiros\u201d nos estabelecimentos penais de Pernambuco, bem como coibir a exist\u00eancia de cantinas nas referidas unidades com a finalidade de explora\u00e7\u00e3o [&hellip;]<\/p>\n","protected":false},"author":1,"featured_media":0,"parent":0,"menu_order":0,"comment_status":"closed","ping_status":"closed","template":"page-template-blank.php","meta":{"_et_pb_use_builder":"","_et_pb_old_content":"","_et_gb_content_width":"1080","ngg_post_thumbnail":0,"footnotes":""},"class_list":["post-7463","page","type-page","status-publish","hentry"],"yoast_head":"<!-- This site is optimized with the Yoast SEO plugin v24.4 - https:\/\/yoast.com\/wordpress\/plugins\/seo\/ -->\n<title>PL 3038\/2025 - Joel da Harpa - Legislapp<\/title>\n<meta name=\"robots\" content=\"index, follow, max-snippet:-1, max-image-preview:large, max-video-preview:-1\" \/>\n<link rel=\"canonical\" href=\"https:\/\/www.legislapp.com.br\/index.php\/cam-legislativa-de-pe-pl-3038-2025-2\/\" \/>\n<meta property=\"og:locale\" content=\"pt_BR\" \/>\n<meta property=\"og:type\" content=\"article\" \/>\n<meta property=\"og:title\" content=\"PL 3038\/2025 - Joel da Harpa - Legislapp\" \/>\n<meta property=\"og:description\" content=\"C\u00e2m. Legislativa de PE &#8211; Autoria de Joel da Harpa O presente Projeto de Lei visa alterar o C\u00f3digo Penitenci\u00e1rio do Estado de Pernambuco a fim de assegurar a proibi\u00e7\u00e3o definitiva da atividade de \u201cchaveiros\u201d nos estabelecimentos penais de Pernambuco, bem como coibir a exist\u00eancia de cantinas nas referidas unidades com a finalidade de explora\u00e7\u00e3o [&hellip;]\" \/>\n<meta property=\"og:url\" content=\"https:\/\/www.legislapp.com.br\/index.php\/cam-legislativa-de-pe-pl-3038-2025-2\/\" \/>\n<meta property=\"og:site_name\" content=\"Legislapp\" \/>\n<meta property=\"article:publisher\" content=\"https:\/\/www.instagram.com\/legislapp\/\" \/>\n<meta property=\"og:image\" content=\"https:\/\/www.alepe.pe.gov.br\/\/wp-content\/uploads\/2015\/05\/JOEL-DA-HARPA-V2-scaled-e1730987062752.jpg\" \/>\n<meta name=\"twitter:card\" content=\"summary_large_image\" \/>\n<meta name=\"twitter:label1\" content=\"Est. tempo de leitura\" \/>\n\t<meta name=\"twitter:data1\" content=\"2 minutos\" \/>\n<script type=\"application\/ld+json\" class=\"yoast-schema-graph\">{\"@context\":\"https:\/\/schema.org\",\"@graph\":[{\"@type\":\"WebPage\",\"@id\":\"https:\/\/www.legislapp.com.br\/index.php\/cam-legislativa-de-pe-pl-3038-2025-2\/\",\"url\":\"https:\/\/www.legislapp.com.br\/index.php\/cam-legislativa-de-pe-pl-3038-2025-2\/\",\"name\":\"PL 3038\/2025 - Joel da Harpa - Legislapp\",\"isPartOf\":{\"@id\":\"https:\/\/www.legislapp.com.br\/#website\"},\"primaryImageOfPage\":{\"@id\":\"https:\/\/www.legislapp.com.br\/index.php\/cam-legislativa-de-pe-pl-3038-2025-2\/#primaryimage\"},\"image\":{\"@id\":\"https:\/\/www.legislapp.com.br\/index.php\/cam-legislativa-de-pe-pl-3038-2025-2\/#primaryimage\"},\"thumbnailUrl\":\"https:\/\/www.alepe.pe.gov.br\/\/wp-content\/uploads\/2015\/05\/JOEL-DA-HARPA-V2-scaled-e1730987062752.jpg\",\"datePublished\":\"2025-09-17T16:32:27+00:00\",\"breadcrumb\":{\"@id\":\"https:\/\/www.legislapp.com.br\/index.php\/cam-legislativa-de-pe-pl-3038-2025-2\/#breadcrumb\"},\"inLanguage\":\"pt-BR\",\"potentialAction\":[{\"@type\":\"ReadAction\",\"target\":[\"https:\/\/www.legislapp.com.br\/index.php\/cam-legislativa-de-pe-pl-3038-2025-2\/\"]}]},{\"@type\":\"ImageObject\",\"inLanguage\":\"pt-BR\",\"@id\":\"https:\/\/www.legislapp.com.br\/index.php\/cam-legislativa-de-pe-pl-3038-2025-2\/#primaryimage\",\"url\":\"https:\/\/www.alepe.pe.gov.br\/\/wp-content\/uploads\/2015\/05\/JOEL-DA-HARPA-V2-scaled-e1730987062752.jpg\",\"contentUrl\":\"https:\/\/www.alepe.pe.gov.br\/\/wp-content\/uploads\/2015\/05\/JOEL-DA-HARPA-V2-scaled-e1730987062752.jpg\"},{\"@type\":\"BreadcrumbList\",\"@id\":\"https:\/\/www.legislapp.com.br\/index.php\/cam-legislativa-de-pe-pl-3038-2025-2\/#breadcrumb\",\"itemListElement\":[{\"@type\":\"ListItem\",\"position\":1,\"name\":\"In\u00edcio\",\"item\":\"https:\/\/www.legislapp.com.br\/\"},{\"@type\":\"ListItem\",\"position\":2,\"name\":\"PL 3038\/2025 &#8211; Joel da Harpa\"}]},{\"@type\":\"WebSite\",\"@id\":\"https:\/\/www.legislapp.com.br\/#website\",\"url\":\"https:\/\/www.legislapp.com.br\/\",\"name\":\"Legislapp\",\"description\":\"Intelig\u00eancia governamental em tempo real\",\"publisher\":{\"@id\":\"https:\/\/www.legislapp.com.br\/#organization\"},\"potentialAction\":[{\"@type\":\"SearchAction\",\"target\":{\"@type\":\"EntryPoint\",\"urlTemplate\":\"https:\/\/www.legislapp.com.br\/?s={search_term_string}\"},\"query-input\":{\"@type\":\"PropertyValueSpecification\",\"valueRequired\":true,\"valueName\":\"search_term_string\"}}],\"inLanguage\":\"pt-BR\"},{\"@type\":\"Organization\",\"@id\":\"https:\/\/www.legislapp.com.br\/#organization\",\"name\":\"Legislapp Monitoramento e Intelig\u00eancia Governamental\",\"url\":\"https:\/\/www.legislapp.com.br\/\",\"logo\":{\"@type\":\"ImageObject\",\"inLanguage\":\"pt-BR\",\"@id\":\"https:\/\/www.legislapp.com.br\/#\/schema\/logo\/image\/\",\"url\":\"https:\/\/www.legislapp.com.br\/wp-content\/uploads\/icon.png\",\"contentUrl\":\"https:\/\/www.legislapp.com.br\/wp-content\/uploads\/icon.png\",\"width\":1024,\"height\":1024,\"caption\":\"Legislapp Monitoramento e Intelig\u00eancia Governamental\"},\"image\":{\"@id\":\"https:\/\/www.legislapp.com.br\/#\/schema\/logo\/image\/\"},\"sameAs\":[\"https:\/\/www.instagram.com\/legislapp\/\"]}]}<\/script>\n<!-- \/ Yoast SEO plugin. -->","yoast_head_json":{"title":"PL 3038\/2025 - Joel da Harpa - Legislapp","robots":{"index":"index","follow":"follow","max-snippet":"max-snippet:-1","max-image-preview":"max-image-preview:large","max-video-preview":"max-video-preview:-1"},"canonical":"https:\/\/www.legislapp.com.br\/index.php\/cam-legislativa-de-pe-pl-3038-2025-2\/","og_locale":"pt_BR","og_type":"article","og_title":"PL 3038\/2025 - Joel da Harpa - Legislapp","og_description":"C\u00e2m. Legislativa de PE &#8211; Autoria de Joel da Harpa O presente Projeto de Lei visa alterar o C\u00f3digo Penitenci\u00e1rio do Estado de Pernambuco a fim de assegurar a proibi\u00e7\u00e3o definitiva da atividade de \u201cchaveiros\u201d nos estabelecimentos penais de Pernambuco, bem como coibir a exist\u00eancia de cantinas nas referidas unidades com a finalidade de explora\u00e7\u00e3o [&hellip;]","og_url":"https:\/\/www.legislapp.com.br\/index.php\/cam-legislativa-de-pe-pl-3038-2025-2\/","og_site_name":"Legislapp","article_publisher":"https:\/\/www.instagram.com\/legislapp\/","og_image":[{"url":"https:\/\/www.alepe.pe.gov.br\/\/wp-content\/uploads\/2015\/05\/JOEL-DA-HARPA-V2-scaled-e1730987062752.jpg","type":"","width":"","height":""}],"twitter_card":"summary_large_image","twitter_misc":{"Est. tempo de leitura":"2 minutos"},"schema":{"@context":"https:\/\/schema.org","@graph":[{"@type":"WebPage","@id":"https:\/\/www.legislapp.com.br\/index.php\/cam-legislativa-de-pe-pl-3038-2025-2\/","url":"https:\/\/www.legislapp.com.br\/index.php\/cam-legislativa-de-pe-pl-3038-2025-2\/","name":"PL 3038\/2025 - Joel da Harpa - Legislapp","isPartOf":{"@id":"https:\/\/www.legislapp.com.br\/#website"},"primaryImageOfPage":{"@id":"https:\/\/www.legislapp.com.br\/index.php\/cam-legislativa-de-pe-pl-3038-2025-2\/#primaryimage"},"image":{"@id":"https:\/\/www.legislapp.com.br\/index.php\/cam-legislativa-de-pe-pl-3038-2025-2\/#primaryimage"},"thumbnailUrl":"https:\/\/www.alepe.pe.gov.br\/\/wp-content\/uploads\/2015\/05\/JOEL-DA-HARPA-V2-scaled-e1730987062752.jpg","datePublished":"2025-09-17T16:32:27+00:00","breadcrumb":{"@id":"https:\/\/www.legislapp.com.br\/index.php\/cam-legislativa-de-pe-pl-3038-2025-2\/#breadcrumb"},"inLanguage":"pt-BR","potentialAction":[{"@type":"ReadAction","target":["https:\/\/www.legislapp.com.br\/index.php\/cam-legislativa-de-pe-pl-3038-2025-2\/"]}]},{"@type":"ImageObject","inLanguage":"pt-BR","@id":"https:\/\/www.legislapp.com.br\/index.php\/cam-legislativa-de-pe-pl-3038-2025-2\/#primaryimage","url":"https:\/\/www.alepe.pe.gov.br\/\/wp-content\/uploads\/2015\/05\/JOEL-DA-HARPA-V2-scaled-e1730987062752.jpg","contentUrl":"https:\/\/www.alepe.pe.gov.br\/\/wp-content\/uploads\/2015\/05\/JOEL-DA-HARPA-V2-scaled-e1730987062752.jpg"},{"@type":"BreadcrumbList","@id":"https:\/\/www.legislapp.com.br\/index.php\/cam-legislativa-de-pe-pl-3038-2025-2\/#breadcrumb","itemListElement":[{"@type":"ListItem","position":1,"name":"In\u00edcio","item":"https:\/\/www.legislapp.com.br\/"},{"@type":"ListItem","position":2,"name":"PL 3038\/2025 &#8211; Joel da Harpa"}]},{"@type":"WebSite","@id":"https:\/\/www.legislapp.com.br\/#website","url":"https:\/\/www.legislapp.com.br\/","name":"Legislapp","description":"Intelig\u00eancia governamental em tempo real","publisher":{"@id":"https:\/\/www.legislapp.com.br\/#organization"},"potentialAction":[{"@type":"SearchAction","target":{"@type":"EntryPoint","urlTemplate":"https:\/\/www.legislapp.com.br\/?s={search_term_string}"},"query-input":{"@type":"PropertyValueSpecification","valueRequired":true,"valueName":"search_term_string"}}],"inLanguage":"pt-BR"},{"@type":"Organization","@id":"https:\/\/www.legislapp.com.br\/#organization","name":"Legislapp Monitoramento e Intelig\u00eancia Governamental","url":"https:\/\/www.legislapp.com.br\/","logo":{"@type":"ImageObject","inLanguage":"pt-BR","@id":"https:\/\/www.legislapp.com.br\/#\/schema\/logo\/image\/","url":"https:\/\/www.legislapp.com.br\/wp-content\/uploads\/icon.png","contentUrl":"https:\/\/www.legislapp.com.br\/wp-content\/uploads\/icon.png","width":1024,"height":1024,"caption":"Legislapp Monitoramento e Intelig\u00eancia Governamental"},"image":{"@id":"https:\/\/www.legislapp.com.br\/#\/schema\/logo\/image\/"},"sameAs":["https:\/\/www.instagram.com\/legislapp\/"]}]}},"_links":{"self":[{"href":"https:\/\/www.legislapp.com.br\/index.php\/wp-json\/wp\/v2\/pages\/7463","targetHints":{"allow":["GET"]}}],"collection":[{"href":"https:\/\/www.legislapp.com.br\/index.php\/wp-json\/wp\/v2\/pages"}],"about":[{"href":"https:\/\/www.legislapp.com.br\/index.php\/wp-json\/wp\/v2\/types\/page"}],"author":[{"embeddable":true,"href":"https:\/\/www.legislapp.com.br\/index.php\/wp-json\/wp\/v2\/users\/1"}],"replies":[{"embeddable":true,"href":"https:\/\/www.legislapp.com.br\/index.php\/wp-json\/wp\/v2\/comments?post=7463"}],"version-history":[{"count":0,"href":"https:\/\/www.legislapp.com.br\/index.php\/wp-json\/wp\/v2\/pages\/7463\/revisions"}],"wp:attachment":[{"href":"https:\/\/www.legislapp.com.br\/index.php\/wp-json\/wp\/v2\/media?parent=7463"}],"curies":[{"name":"wp","href":"https:\/\/api.w.org\/{rel}","templated":true}]}}