{"id":7466,"date":"2025-09-17T13:32:37","date_gmt":"2025-09-17T16:32:37","guid":{"rendered":"https:\/\/www.legislapp.com.br\/index.php\/cam-legislativa-de-sc-pl-0353-2025-2\/"},"modified":"2025-09-17T13:32:37","modified_gmt":"2025-09-17T16:32:37","slug":"cam-legislativa-de-sc-pl-0353-2025-2","status":"publish","type":"page","link":"https:\/\/www.legislapp.com.br\/index.php\/cam-legislativa-de-sc-pl-0353-2025-2\/","title":{"rendered":"PL.\/0353\/2025 &#8211; Nilso Berlanda"},"content":{"rendered":"<h1 style='text-align: center;'>C\u00e2m. Legislativa de SC &#8211; Autoria de Nilso Berlanda<\/h3>\n<p><\/p>\n<article style='text-align: center'>Reconhece o Munic\u00edpio de Ca\u00e7ador como Capital Catarinense da Ind\u00fastria da Madeira e altera o Anexo \u00danico da Lei n\u00ba 16.722, de 2015, que &#8220;Consolida as Leis que conferem denomina\u00e7\u00e3o adjetiva aos Munic\u00edpios catarinenses&#8221;.<\/article>\n<p><\/p>\n<p style='text-align: center'><a href='https:\/\/app.legislapp.com.br\/#\/busca?termo='><\/a><\/p>\n<p><\/p>\n<article>ASSEMBLEIA LEGISLATIVA GABINETE DEPUTADO<br \/>\nESTADO DE SANTA CATARINA NILSO BERLANDA<br \/>\nPROJETO DE LEI<\/p>\n<p>Reconhece o Munic\u00edpio de Ca\u00e7ador como Capital<br \/>\nCatarinense da Ind\u00fastria da Madeira e altera o Anexo \u00danico<br \/>\nda Lei n\u00ba 16.722, de 2015, que \u201cConsolida as Leis que<br \/>\nconferem denomina\u00e7\u00e3o adjetiva aos Munic\u00edpios<br \/>\ncatarinenses\u201d.<\/p>\n<p>Art. 1\u00ba O Munic\u00edpio de Ca\u00e7ador fica reconhecido como Capital Catarinense da Ind\u00fastria<br \/>\nda Madeira.<\/p>\n<p>Art. 2\u00ba O Anexo \u00danico da Lei n\u00ba 16.722, de 8 de outubro de 2015, passa a vigorar com<br \/>\na reda\u00e7\u00e3o constante do Anexo \u00danico desta Lei.<\/p>\n<p>Art. 3\u00ba Esta Lei entra em vigor na data de sua publica\u00e7\u00e3o.<\/p>\n<p>Sala das Sess\u00f5es,<\/p>\n<p>Deputado Nilso Berlanda<br \/>\nANEXO \u00daNICO<br \/>\n(Altera o Anexo \u00danico da Lei n\u00ba 16.722, de 8 de outubro de 2015)<\/p>\n<p>\u201cANEXO \u00daNICO<\/p>\n<p>ATRIBUI ADJETIVA\u00c7\u00c3O<\/p>\n<p>MUNIC\u00cdPIO T\u00cdTULO LEI ORIGINAL N\u00ba<br \/>\n&#8230;&#8230;&#8230;&#8230;&#8230;&#8230;&#8230;&#8230;&#8230;&#8230;&#8230;&#8230;&#8230; &#8230;&#8230;&#8230;&#8230;&#8230;&#8230;&#8230;&#8230;&#8230;&#8230;&#8230;&#8230;&#8230; &#8230;&#8230;&#8230;&#8230;&#8230;&#8230;&#8230;&#8230;&#8230;&#8230;&#8230;&#8230;&#8230;<br \/>\nCapital Catarinense da<br \/>\nCa\u00e7ador<br \/>\nInd\u00fastria da Madeira<br \/>\n&#8230;&#8230;&#8230;&#8230;&#8230;&#8230;&#8230;&#8230;&#8230;&#8230;&#8230;&#8230;&#8230; &#8230;&#8230;&#8230;&#8230;&#8230;&#8230;&#8230;&#8230;&#8230;&#8230;&#8230;&#8230;&#8230; &#8230;&#8230;&#8230;&#8230;&#8230;&#8230;&#8230;&#8230;&#8230;&#8230;&#8230;&#8230;&#8230;<br \/>\n                                                                                                                                 (NR)\u201d <\/p>\n<p>JUSTIFICA\u00c7\u00c3O<\/p>\n<p>O presente Projeto de Lei visa reconhecer o Munic\u00edpio de Ca\u00e7ador como a Capital<br \/>\nCatarinense da Ind\u00fastria da Madeira, inscrevendo essa adjetiva\u00e7\u00e3o no Anexo \u00danico da<br \/>\nLei n\u00ba 16.722, de 8 de outubro de 2015.<\/p>\n<p>Desde o in\u00edcio do s\u00e9culo XX, Ca\u00e7ador consolidou-se como um dos principais polos da<br \/>\nind\u00fastria da madeira no Brasil, posi\u00e7\u00e3o que se fortaleceu, na d\u00e9cada de 1940, com o<br \/>\nt\u00edtulo informal de \u201cCapital Brasileira da Madeira\u201d, sendo o munic\u00edpio, \u00e0 \u00e9poca, o maior<br \/>\nprodutor de pinho da Am\u00e9rica do Sul.<\/p>\n<p>Hoje, o setor madeireiro mant\u00e9m protagonismo e \u00e9 o maior respons\u00e1vel pela<br \/>\nmovimenta\u00e7\u00e3o industrial no munic\u00edpio, representando 45,41% do PIB Industrial de<br \/>\nCa\u00e7ador. A for\u00e7a dessa atividade tamb\u00e9m se reflete na empregabilidade, pois, segundo<br \/>\ndados da Federa\u00e7\u00e3o das Ind\u00fastrias do Estado de Santa Catarina (FIESC), s\u00e3o 6.275<br \/>\ntrabalhadores diretamente empregados no setor, distribu\u00eddos em 66 estabelecimentos.<\/p>\n<p>No com\u00e9rcio exterior, o setor madeireiro \u00e9 o l\u00edder em exporta\u00e7\u00f5es em Ca\u00e7ador, com<br \/>\ndestaque para a exporta\u00e7\u00e3o de obras de carpintaria, MDF, m\u00f3veis e outros produtos<br \/>\ntransformados. A movimenta\u00e7\u00e3o financeira anual ultrapassa 24 milh\u00f5es de d\u00f3lares,<br \/>\ntendo como principais destinos os Estados Unidos, Israel, Fran\u00e7a, Porto Rico, Reino<br \/>\nUnido, Canad\u00e1, Ar\u00e1bia Saudita e M\u00e9xico.<\/p>\n<p>Diante disso, o reconhecimento de Ca\u00e7ador como Capital Catarinense da Ind\u00fastria da<br \/>\nMadeira \u00e9 uma forma de valorizar a hist\u00f3ria, a economia e a identidade do munic\u00edpio,<br \/>\nal\u00e9m de fortalecer sua visibilidade institucional e comercial em todo o Estado.<\/p>\n<p>Pelo exposto, solicitamos o apoio dos demais Parlamentares \u00e0 aprova\u00e7\u00e3o desta<br \/>\nproposi\u00e7\u00e3o.<br \/>\nELEGIS<br \/>\nDocumento assinado eletronicamente por Nilso Jos\u00e9 Berlanda,<br \/>\nSistema de Processo<br \/>\nem 11\/06\/2025, \u00e0s 14:28.<br \/>\nLegislativo Eletr\u00f4nico<\/article>\n<div style=\"text-align: center\">\n<div style=\"margin-bottom: 20px;\" class=\"et_pb_button_module_wrapper et_pb_button_5_tb_body_wrapper et_pb_button_alignment_center et_pb_module \">\n         <a class=\"et_pb_button et_pb_button_5_tb_body et_hover_enabled et_pb_bg_layout_dark\" style=\"width: 50%;background-color: black;\" href=\"https:\/\/app.legislapp.com.br\" target=\"_blank\" rel=\"noopener\">Visualizar completo na nossa plataforma (30 dias gr\u00e1tis)<\/a><\/p><\/div>\n<p>      <a href=\"https:\/\/play.google.com\/store\/apps\/details?id=br.com.legislapp\"><img decoding=\"async\" style=\"width: 15%; min-width: 130px;\" src=\"https:\/\/www.legislapp.com.br\/wp-content\/uploads\/google-play.png\"><\/a><br \/>\n      <a href=\"https:\/\/apps.apple.com\/us\/app\/legislapp\/id1568929859\"><img decoding=\"async\" style=\"width: 15%; min-width: 130px\" src=\"https:\/\/www.legislapp.com.br\/wp-content\/uploads\/apple-store.png\"><\/a>\n   <\/div>\n","protected":false},"excerpt":{"rendered":"<p>C\u00e2m. Legislativa de SC &#8211; Autoria de Nilso Berlanda Reconhece o Munic\u00edpio de Ca\u00e7ador como Capital Catarinense da Ind\u00fastria da Madeira e altera o Anexo \u00danico da Lei n\u00ba 16.722, de 2015, que &#8220;Consolida as Leis que conferem denomina\u00e7\u00e3o adjetiva aos Munic\u00edpios catarinenses&#8221;. ASSEMBLEIA LEGISLATIVA GABINETE DEPUTADO ESTADO DE SANTA CATARINA NILSO BERLANDA PROJETO DE [&hellip;]<\/p>\n","protected":false},"author":1,"featured_media":0,"parent":0,"menu_order":0,"comment_status":"closed","ping_status":"closed","template":"page-template-blank.php","meta":{"_et_pb_use_builder":"","_et_pb_old_content":"","_et_gb_content_width":"1080","ngg_post_thumbnail":0,"footnotes":""},"class_list":["post-7466","page","type-page","status-publish","hentry"],"yoast_head":"<!-- This site is optimized with the Yoast SEO plugin v24.4 - https:\/\/yoast.com\/wordpress\/plugins\/seo\/ -->\n<title>PL.\/0353\/2025 - Nilso Berlanda - Legislapp<\/title>\n<meta name=\"robots\" content=\"index, follow, max-snippet:-1, max-image-preview:large, max-video-preview:-1\" \/>\n<link rel=\"canonical\" href=\"https:\/\/www.legislapp.com.br\/index.php\/cam-legislativa-de-sc-pl-0353-2025-2\/\" \/>\n<meta property=\"og:locale\" content=\"pt_BR\" \/>\n<meta property=\"og:type\" content=\"article\" \/>\n<meta property=\"og:title\" content=\"PL.\/0353\/2025 - Nilso Berlanda - Legislapp\" \/>\n<meta property=\"og:description\" content=\"C\u00e2m. Legislativa de SC &#8211; Autoria de Nilso Berlanda Reconhece o Munic\u00edpio de Ca\u00e7ador como Capital Catarinense da Ind\u00fastria da Madeira e altera o Anexo \u00danico da Lei n\u00ba 16.722, de 2015, que &#8220;Consolida as Leis que conferem denomina\u00e7\u00e3o adjetiva aos Munic\u00edpios catarinenses&#8221;. ASSEMBLEIA LEGISLATIVA GABINETE DEPUTADO ESTADO DE SANTA CATARINA NILSO BERLANDA PROJETO DE [&hellip;]\" \/>\n<meta property=\"og:url\" content=\"https:\/\/www.legislapp.com.br\/index.php\/cam-legislativa-de-sc-pl-0353-2025-2\/\" \/>\n<meta property=\"og:site_name\" content=\"Legislapp\" \/>\n<meta property=\"article:publisher\" content=\"https:\/\/www.instagram.com\/legislapp\/\" \/>\n<meta property=\"og:image\" content=\"https:\/\/www.legislapp.com.br\/wp-content\/uploads\/google-play.png\" \/>\n<meta name=\"twitter:card\" content=\"summary_large_image\" \/>\n<meta name=\"twitter:label1\" content=\"Est. tempo de leitura\" \/>\n\t<meta name=\"twitter:data1\" content=\"2 minutos\" \/>\n<script type=\"application\/ld+json\" class=\"yoast-schema-graph\">{\"@context\":\"https:\/\/schema.org\",\"@graph\":[{\"@type\":\"WebPage\",\"@id\":\"https:\/\/www.legislapp.com.br\/index.php\/cam-legislativa-de-sc-pl-0353-2025-2\/\",\"url\":\"https:\/\/www.legislapp.com.br\/index.php\/cam-legislativa-de-sc-pl-0353-2025-2\/\",\"name\":\"PL.\/0353\/2025 - Nilso Berlanda - Legislapp\",\"isPartOf\":{\"@id\":\"https:\/\/www.legislapp.com.br\/#website\"},\"primaryImageOfPage\":{\"@id\":\"https:\/\/www.legislapp.com.br\/index.php\/cam-legislativa-de-sc-pl-0353-2025-2\/#primaryimage\"},\"image\":{\"@id\":\"https:\/\/www.legislapp.com.br\/index.php\/cam-legislativa-de-sc-pl-0353-2025-2\/#primaryimage\"},\"thumbnailUrl\":\"https:\/\/www.legislapp.com.br\/wp-content\/uploads\/google-play.png\",\"datePublished\":\"2025-09-17T16:32:37+00:00\",\"breadcrumb\":{\"@id\":\"https:\/\/www.legislapp.com.br\/index.php\/cam-legislativa-de-sc-pl-0353-2025-2\/#breadcrumb\"},\"inLanguage\":\"pt-BR\",\"potentialAction\":[{\"@type\":\"ReadAction\",\"target\":[\"https:\/\/www.legislapp.com.br\/index.php\/cam-legislativa-de-sc-pl-0353-2025-2\/\"]}]},{\"@type\":\"ImageObject\",\"inLanguage\":\"pt-BR\",\"@id\":\"https:\/\/www.legislapp.com.br\/index.php\/cam-legislativa-de-sc-pl-0353-2025-2\/#primaryimage\",\"url\":\"https:\/\/www.legislapp.com.br\/wp-content\/uploads\/google-play.png\",\"contentUrl\":\"https:\/\/www.legislapp.com.br\/wp-content\/uploads\/google-play.png\",\"width\":564,\"height\":168},{\"@type\":\"BreadcrumbList\",\"@id\":\"https:\/\/www.legislapp.com.br\/index.php\/cam-legislativa-de-sc-pl-0353-2025-2\/#breadcrumb\",\"itemListElement\":[{\"@type\":\"ListItem\",\"position\":1,\"name\":\"In\u00edcio\",\"item\":\"https:\/\/www.legislapp.com.br\/\"},{\"@type\":\"ListItem\",\"position\":2,\"name\":\"PL.\/0353\/2025 &#8211; Nilso Berlanda\"}]},{\"@type\":\"WebSite\",\"@id\":\"https:\/\/www.legislapp.com.br\/#website\",\"url\":\"https:\/\/www.legislapp.com.br\/\",\"name\":\"Legislapp\",\"description\":\"Intelig\u00eancia governamental em tempo real\",\"publisher\":{\"@id\":\"https:\/\/www.legislapp.com.br\/#organization\"},\"potentialAction\":[{\"@type\":\"SearchAction\",\"target\":{\"@type\":\"EntryPoint\",\"urlTemplate\":\"https:\/\/www.legislapp.com.br\/?s={search_term_string}\"},\"query-input\":{\"@type\":\"PropertyValueSpecification\",\"valueRequired\":true,\"valueName\":\"search_term_string\"}}],\"inLanguage\":\"pt-BR\"},{\"@type\":\"Organization\",\"@id\":\"https:\/\/www.legislapp.com.br\/#organization\",\"name\":\"Legislapp Monitoramento e Intelig\u00eancia Governamental\",\"url\":\"https:\/\/www.legislapp.com.br\/\",\"logo\":{\"@type\":\"ImageObject\",\"inLanguage\":\"pt-BR\",\"@id\":\"https:\/\/www.legislapp.com.br\/#\/schema\/logo\/image\/\",\"url\":\"https:\/\/www.legislapp.com.br\/wp-content\/uploads\/icon.png\",\"contentUrl\":\"https:\/\/www.legislapp.com.br\/wp-content\/uploads\/icon.png\",\"width\":1024,\"height\":1024,\"caption\":\"Legislapp Monitoramento e Intelig\u00eancia Governamental\"},\"image\":{\"@id\":\"https:\/\/www.legislapp.com.br\/#\/schema\/logo\/image\/\"},\"sameAs\":[\"https:\/\/www.instagram.com\/legislapp\/\"]}]}<\/script>\n<!-- \/ Yoast SEO plugin. -->","yoast_head_json":{"title":"PL.\/0353\/2025 - Nilso Berlanda - Legislapp","robots":{"index":"index","follow":"follow","max-snippet":"max-snippet:-1","max-image-preview":"max-image-preview:large","max-video-preview":"max-video-preview:-1"},"canonical":"https:\/\/www.legislapp.com.br\/index.php\/cam-legislativa-de-sc-pl-0353-2025-2\/","og_locale":"pt_BR","og_type":"article","og_title":"PL.\/0353\/2025 - Nilso Berlanda - Legislapp","og_description":"C\u00e2m. Legislativa de SC &#8211; Autoria de Nilso Berlanda Reconhece o Munic\u00edpio de Ca\u00e7ador como Capital Catarinense da Ind\u00fastria da Madeira e altera o Anexo \u00danico da Lei n\u00ba 16.722, de 2015, que &#8220;Consolida as Leis que conferem denomina\u00e7\u00e3o adjetiva aos Munic\u00edpios catarinenses&#8221;. ASSEMBLEIA LEGISLATIVA GABINETE DEPUTADO ESTADO DE SANTA CATARINA NILSO BERLANDA PROJETO DE [&hellip;]","og_url":"https:\/\/www.legislapp.com.br\/index.php\/cam-legislativa-de-sc-pl-0353-2025-2\/","og_site_name":"Legislapp","article_publisher":"https:\/\/www.instagram.com\/legislapp\/","og_image":[{"url":"https:\/\/www.legislapp.com.br\/wp-content\/uploads\/google-play.png","type":"","width":"","height":""}],"twitter_card":"summary_large_image","twitter_misc":{"Est. tempo de leitura":"2 minutos"},"schema":{"@context":"https:\/\/schema.org","@graph":[{"@type":"WebPage","@id":"https:\/\/www.legislapp.com.br\/index.php\/cam-legislativa-de-sc-pl-0353-2025-2\/","url":"https:\/\/www.legislapp.com.br\/index.php\/cam-legislativa-de-sc-pl-0353-2025-2\/","name":"PL.\/0353\/2025 - Nilso Berlanda - Legislapp","isPartOf":{"@id":"https:\/\/www.legislapp.com.br\/#website"},"primaryImageOfPage":{"@id":"https:\/\/www.legislapp.com.br\/index.php\/cam-legislativa-de-sc-pl-0353-2025-2\/#primaryimage"},"image":{"@id":"https:\/\/www.legislapp.com.br\/index.php\/cam-legislativa-de-sc-pl-0353-2025-2\/#primaryimage"},"thumbnailUrl":"https:\/\/www.legislapp.com.br\/wp-content\/uploads\/google-play.png","datePublished":"2025-09-17T16:32:37+00:00","breadcrumb":{"@id":"https:\/\/www.legislapp.com.br\/index.php\/cam-legislativa-de-sc-pl-0353-2025-2\/#breadcrumb"},"inLanguage":"pt-BR","potentialAction":[{"@type":"ReadAction","target":["https:\/\/www.legislapp.com.br\/index.php\/cam-legislativa-de-sc-pl-0353-2025-2\/"]}]},{"@type":"ImageObject","inLanguage":"pt-BR","@id":"https:\/\/www.legislapp.com.br\/index.php\/cam-legislativa-de-sc-pl-0353-2025-2\/#primaryimage","url":"https:\/\/www.legislapp.com.br\/wp-content\/uploads\/google-play.png","contentUrl":"https:\/\/www.legislapp.com.br\/wp-content\/uploads\/google-play.png","width":564,"height":168},{"@type":"BreadcrumbList","@id":"https:\/\/www.legislapp.com.br\/index.php\/cam-legislativa-de-sc-pl-0353-2025-2\/#breadcrumb","itemListElement":[{"@type":"ListItem","position":1,"name":"In\u00edcio","item":"https:\/\/www.legislapp.com.br\/"},{"@type":"ListItem","position":2,"name":"PL.\/0353\/2025 &#8211; Nilso Berlanda"}]},{"@type":"WebSite","@id":"https:\/\/www.legislapp.com.br\/#website","url":"https:\/\/www.legislapp.com.br\/","name":"Legislapp","description":"Intelig\u00eancia governamental em tempo real","publisher":{"@id":"https:\/\/www.legislapp.com.br\/#organization"},"potentialAction":[{"@type":"SearchAction","target":{"@type":"EntryPoint","urlTemplate":"https:\/\/www.legislapp.com.br\/?s={search_term_string}"},"query-input":{"@type":"PropertyValueSpecification","valueRequired":true,"valueName":"search_term_string"}}],"inLanguage":"pt-BR"},{"@type":"Organization","@id":"https:\/\/www.legislapp.com.br\/#organization","name":"Legislapp Monitoramento e Intelig\u00eancia Governamental","url":"https:\/\/www.legislapp.com.br\/","logo":{"@type":"ImageObject","inLanguage":"pt-BR","@id":"https:\/\/www.legislapp.com.br\/#\/schema\/logo\/image\/","url":"https:\/\/www.legislapp.com.br\/wp-content\/uploads\/icon.png","contentUrl":"https:\/\/www.legislapp.com.br\/wp-content\/uploads\/icon.png","width":1024,"height":1024,"caption":"Legislapp Monitoramento e Intelig\u00eancia Governamental"},"image":{"@id":"https:\/\/www.legislapp.com.br\/#\/schema\/logo\/image\/"},"sameAs":["https:\/\/www.instagram.com\/legislapp\/"]}]}},"_links":{"self":[{"href":"https:\/\/www.legislapp.com.br\/index.php\/wp-json\/wp\/v2\/pages\/7466","targetHints":{"allow":["GET"]}}],"collection":[{"href":"https:\/\/www.legislapp.com.br\/index.php\/wp-json\/wp\/v2\/pages"}],"about":[{"href":"https:\/\/www.legislapp.com.br\/index.php\/wp-json\/wp\/v2\/types\/page"}],"author":[{"embeddable":true,"href":"https:\/\/www.legislapp.com.br\/index.php\/wp-json\/wp\/v2\/users\/1"}],"replies":[{"embeddable":true,"href":"https:\/\/www.legislapp.com.br\/index.php\/wp-json\/wp\/v2\/comments?post=7466"}],"version-history":[{"count":0,"href":"https:\/\/www.legislapp.com.br\/index.php\/wp-json\/wp\/v2\/pages\/7466\/revisions"}],"wp:attachment":[{"href":"https:\/\/www.legislapp.com.br\/index.php\/wp-json\/wp\/v2\/media?parent=7466"}],"curies":[{"name":"wp","href":"https:\/\/api.w.org\/{rel}","templated":true}]}}