{"id":7468,"date":"2025-09-17T13:32:44","date_gmt":"2025-09-17T16:32:44","guid":{"rendered":"https:\/\/www.legislapp.com.br\/index.php\/cam-legislativa-de-sc-pl-0355-2025-2\/"},"modified":"2025-09-17T13:32:44","modified_gmt":"2025-09-17T16:32:44","slug":"cam-legislativa-de-sc-pl-0355-2025-2","status":"publish","type":"page","link":"https:\/\/www.legislapp.com.br\/index.php\/cam-legislativa-de-sc-pl-0355-2025-2\/","title":{"rendered":"PL.\/0355\/2025 &#8211; M\u00e1rio Motta"},"content":{"rendered":"<h1 style='text-align: center;'>C\u00e2m. Legislativa de SC &#8211; Autoria de M\u00e1rio Motta<\/h3>\n<p><\/p>\n<article style='text-align: center'>Disp\u00f5e sobre a obrigatoriedade dos estabelecimentos p\u00fablicos e privados de sa\u00fade do Estado de Santa Catarina, de comunicarem ao Conselho Tutelar competente, os casos de alta hospitalar de rec\u00e9m-nascidos sem a certid\u00e3o de nascimento, e d\u00e1 outras provid\u00eancias.<\/article>\n<p><\/p>\n<p style='text-align: center'><a href='https:\/\/app.legislapp.com.br\/#\/busca?termo='><\/a><\/p>\n<p><\/p>\n<article>\n<p>PROJETO DE LEI N\u00ba <\/p>\n<p>Disp\u00f5e sobre a obrigatoriedade dos estabelecimentos p\u00fablicos<br \/>\ne privados de sa\u00fade do Estado de Santa Catarina, de<br \/>\ncomunicarem ao Conselho Tutelar competente, os casos de<br \/>\nalta hospitalar de rec\u00e9m-nascidos sem a certid\u00e3o de<br \/>\nnascimento, e d\u00e1 outras provid\u00eancias. <\/p>\n<p>Art. 1\u00ba  Ficam os estabelecimentos de sa\u00fade, p\u00fablicos ou<br \/>\nprivados do Estado de Santa Catarina, obrigados a comunicar ao Conselho Tutelar da<br \/>\nrespectiva regi\u00e3o, os casos de alta hospitalar de rec\u00e9m nascidos, sem a emiss\u00e3o da<br \/>\nrespectiva certid\u00e3o de nascimento. <\/p>\n<p>Art. 2\u00ba A comunica\u00e7\u00e3o ao Conselho Tutelar dever\u00e1 conter as<br \/>\nseguintes informa\u00e7\u00f5es: <\/p>\n<p>I &#8211; nome e endere\u00e7o dos pais ou respons\u00e1veis; <\/p>\n<p>II &#8211; data de nascimento da crian\u00e7a; <\/p>\n<p>Art. 3\u00ba A comunica\u00e7\u00e3o constante da presente lei tem por<br \/>\nobjetivo permitir o acompanhamento do respectivo registro civil, na forma que estabelece<br \/>\no art. 50, da Lei Federal n\u00ba 6.015, de 31 de dezembro de 1973. <\/p>\n<p>Art. 4\u00ba O descumprimento do disposto nesta lei ensejar\u00e1: <\/p>\n<p>I &#8211; advert\u00eancia, na primeira ocorr\u00eancia; e <\/p>\n<p>II &#8211; multa administrativa no valor de R$1.000,00 (mil reais), a<br \/>\ncada reincid\u00eancia. <\/p>\n<p>Art. 5\u00ba O Poder Executivo regulamentar\u00e1 a presente lei nos<br \/>\ntermos do art. 71 da Constitui\u00e7\u00e3o do Estado de Santa Catarina. <\/p>\n<p>Art. 6\u00ba Esta Lei entra em vigor na data de sua publica\u00e7\u00e3o. <\/p>\n<p>Sala das sess\u00f5es, <\/p>\n<p>M\u00c1RIO MOTTA<br \/>\nDeputado Estadual <\/p>\n<p>Pal\u00e1cio Barriga-Verde<br \/>\nRua Dr. Jorge Luz Fontes, 310 \u2013 Sala 110<br \/>\n88020-900 &#8211; Florian\u00f3polis &#8211; SC<br \/>\n(48) 3221.2839<br \/>\n1  <\/p>\n<p>JUSTIFICATIVA <\/p>\n<p>O presente Projeto de Lei tem como finalidade estabelecer a<br \/>\nobrigatoriedade de que as institui\u00e7\u00f5es de sa\u00fade p\u00fablicas e privadas do Estado de<br \/>\nSanta Catarina comuniquem ao Conselho Tutelar competente os casos de alta<br \/>\nhospitalar de rec\u00e9m-nascidos sem a respectiva certid\u00e3o de nascimento. <\/p>\n<p>Visa garantir um direito fundamental de toda crian\u00e7a: o registro<br \/>\ncivil de nascimento, assegurando que, nos casos em que rec\u00e9m-nascidos<br \/>\nrecebam alta hospitalar sem a emiss\u00e3o da certid\u00e3o de nascimento, o Conselho<br \/>\nTutelar competente seja prontamente comunicado pela institui\u00e7\u00e3o de sa\u00fade. <\/p>\n<p>O papel do Conselho Tutelar, nesse contexto, \u00e9 fundamental para<br \/>\nque provid\u00eancias sejam tomadas de forma r\u00e1pida e eficaz, garantindo que a<br \/>\ncertid\u00e3o de nascimento seja devidamente emitida e o rec\u00e9m nascido registrado<br \/>\nperante a sociedade a ao Estado. <\/p>\n<p>Embora o Brasil tenha avan\u00e7ado significativamente no combate<br \/>\nao sub-registro de nascimento, ainda h\u00e1 casos em que crian\u00e7as deixam a<br \/>\nmaternidade sem serem registradas. Em situa\u00e7\u00f5es de vulnerabilidade social, esse<br \/>\nrisco \u00e9 ainda maior. <\/p>\n<p>O registro civil \u00e9 o primeiro passo para o pleno exerc\u00edcio da<br \/>\ncidadania. Sem ele, a crian\u00e7a permanece invis\u00edvel para o Estado, ficando \u00e0<br \/>\nmargem de pol\u00edticas p\u00fablicas essenciais e impedida de acessar direitos b\u00e1sicos,<br \/>\ncomo sa\u00fade, educa\u00e7\u00e3o, assist\u00eancia social e demais garantias previstas na<br \/>\nConstitui\u00e7\u00e3o Federal e no Estatuto da Crian\u00e7a e do Adolescente (ECA). <\/p>\n<p>O presente projeto de lei est\u00e1 alinhado com o artigo 10 do ECA,<br \/>\nque determina que os hospitais e demais estabelecimentos de aten\u00e7\u00e3o \u00e0 sa\u00fade <\/p>\n<p>Pal\u00e1cio Barriga-Verde<br \/>\nRua Dr. Jorge Luz Fontes, 310 \u2013 Sala 110<br \/>\n88020-900 &#8211; Florian\u00f3polis &#8211; SC<br \/>\n(48) 3221.2839<br \/>\n2<br \/>\nde gestantes, p\u00fablicos e privados, devem proceder \u00e0 identifica\u00e7\u00e3o dos<br \/>\nrec\u00e9m-nascidos, inclusive mediante o fornecimento dos meios necess\u00e1rios para o<br \/>\nregistro civil. <\/p>\n<p>Trata-se de uma medida simples, de f\u00e1cil implementa\u00e7\u00e3o, mas<br \/>\nque pode fazer uma grande diferen\u00e7a na vida de muitas crian\u00e7as e fam\u00edlias. Ao<br \/>\ngarantir que nenhuma crian\u00e7a saia de uma unidade de sa\u00fade sem que haja um<br \/>\nacompanhamento adequado para a emiss\u00e3o da certid\u00e3o de nascimento, o Estado<br \/>\nfortalece sua atua\u00e7\u00e3o social e reafirma a import\u00e2ncia de pol\u00edticas p\u00fablicas<br \/>\nvoltadas \u00e0 primeira inf\u00e2ncia. <\/p>\n<p>O Estado de Santa Catarina, ao adotar uma medida como esta,<br \/>\nrefor\u00e7a seu compromisso com a prote\u00e7\u00e3o integral da inf\u00e2ncia e com o<br \/>\nfortalecimento da rede de garantia de direitos, assegurando que nenhuma crian\u00e7a<br \/>\nfique sem o reconhecimento legal de sua exist\u00eancia. <\/p>\n<p>Sala das sess\u00f5es, <\/p>\n<p>M\u00c1RIO MOTTA<br \/>\nDeputado Estadual <\/p>\n<p>Pal\u00e1cio Barriga-Verde<br \/>\nRua Dr. Jorge Luz Fontes, 310 \u2013 Sala 110<br \/>\n88020-900 &#8211; Florian\u00f3polis &#8211; SC<br \/>\n(48) 3221.2839<br \/>\n3 <\/article>\n<div style=\"text-align: center\">\n<div style=\"margin-bottom: 20px;\" class=\"et_pb_button_module_wrapper et_pb_button_5_tb_body_wrapper et_pb_button_alignment_center et_pb_module \">\n         <a class=\"et_pb_button et_pb_button_5_tb_body et_hover_enabled et_pb_bg_layout_dark\" style=\"width: 50%;background-color: black;\" href=\"https:\/\/app.legislapp.com.br\" target=\"_blank\" rel=\"noopener\">Visualizar completo na nossa plataforma (30 dias gr\u00e1tis)<\/a><\/p><\/div>\n<p>      <a href=\"https:\/\/play.google.com\/store\/apps\/details?id=br.com.legislapp\"><img decoding=\"async\" style=\"width: 15%; min-width: 130px;\" src=\"https:\/\/www.legislapp.com.br\/wp-content\/uploads\/google-play.png\"><\/a><br \/>\n      <a href=\"https:\/\/apps.apple.com\/us\/app\/legislapp\/id1568929859\"><img decoding=\"async\" style=\"width: 15%; min-width: 130px\" src=\"https:\/\/www.legislapp.com.br\/wp-content\/uploads\/apple-store.png\"><\/a>\n   <\/div>\n","protected":false},"excerpt":{"rendered":"<p>C\u00e2m. Legislativa de SC &#8211; Autoria de M\u00e1rio Motta Disp\u00f5e sobre a obrigatoriedade dos estabelecimentos p\u00fablicos e privados de sa\u00fade do Estado de Santa Catarina, de comunicarem ao Conselho Tutelar competente, os casos de alta hospitalar de rec\u00e9m-nascidos sem a certid\u00e3o de nascimento, e d\u00e1 outras provid\u00eancias. PROJETO DE LEI N\u00ba Disp\u00f5e sobre a obrigatoriedade [&hellip;]<\/p>\n","protected":false},"author":1,"featured_media":0,"parent":0,"menu_order":0,"comment_status":"closed","ping_status":"closed","template":"page-template-blank.php","meta":{"_et_pb_use_builder":"","_et_pb_old_content":"","_et_gb_content_width":"1080","ngg_post_thumbnail":0,"footnotes":""},"class_list":["post-7468","page","type-page","status-publish","hentry"],"yoast_head":"<!-- This site is optimized with the Yoast SEO plugin v24.4 - https:\/\/yoast.com\/wordpress\/plugins\/seo\/ -->\n<title>PL.\/0355\/2025 - M\u00e1rio Motta - Legislapp<\/title>\n<meta name=\"robots\" content=\"index, follow, max-snippet:-1, max-image-preview:large, max-video-preview:-1\" \/>\n<link rel=\"canonical\" href=\"https:\/\/www.legislapp.com.br\/index.php\/cam-legislativa-de-sc-pl-0355-2025-2\/\" \/>\n<meta property=\"og:locale\" content=\"pt_BR\" \/>\n<meta property=\"og:type\" content=\"article\" \/>\n<meta property=\"og:title\" content=\"PL.\/0355\/2025 - M\u00e1rio Motta - Legislapp\" \/>\n<meta property=\"og:description\" content=\"C\u00e2m. Legislativa de SC &#8211; Autoria de M\u00e1rio Motta Disp\u00f5e sobre a obrigatoriedade dos estabelecimentos p\u00fablicos e privados de sa\u00fade do Estado de Santa Catarina, de comunicarem ao Conselho Tutelar competente, os casos de alta hospitalar de rec\u00e9m-nascidos sem a certid\u00e3o de nascimento, e d\u00e1 outras provid\u00eancias. PROJETO DE LEI N\u00ba Disp\u00f5e sobre a obrigatoriedade [&hellip;]\" \/>\n<meta property=\"og:url\" content=\"https:\/\/www.legislapp.com.br\/index.php\/cam-legislativa-de-sc-pl-0355-2025-2\/\" \/>\n<meta property=\"og:site_name\" content=\"Legislapp\" \/>\n<meta property=\"article:publisher\" content=\"https:\/\/www.instagram.com\/legislapp\/\" \/>\n<meta property=\"og:image\" content=\"https:\/\/www.legislapp.com.br\/wp-content\/uploads\/google-play.png\" \/>\n<meta name=\"twitter:card\" content=\"summary_large_image\" \/>\n<meta name=\"twitter:label1\" content=\"Est. tempo de leitura\" \/>\n\t<meta name=\"twitter:data1\" content=\"4 minutos\" \/>\n<script type=\"application\/ld+json\" class=\"yoast-schema-graph\">{\"@context\":\"https:\/\/schema.org\",\"@graph\":[{\"@type\":\"WebPage\",\"@id\":\"https:\/\/www.legislapp.com.br\/index.php\/cam-legislativa-de-sc-pl-0355-2025-2\/\",\"url\":\"https:\/\/www.legislapp.com.br\/index.php\/cam-legislativa-de-sc-pl-0355-2025-2\/\",\"name\":\"PL.\/0355\/2025 - M\u00e1rio Motta - Legislapp\",\"isPartOf\":{\"@id\":\"https:\/\/www.legislapp.com.br\/#website\"},\"primaryImageOfPage\":{\"@id\":\"https:\/\/www.legislapp.com.br\/index.php\/cam-legislativa-de-sc-pl-0355-2025-2\/#primaryimage\"},\"image\":{\"@id\":\"https:\/\/www.legislapp.com.br\/index.php\/cam-legislativa-de-sc-pl-0355-2025-2\/#primaryimage\"},\"thumbnailUrl\":\"https:\/\/www.legislapp.com.br\/wp-content\/uploads\/google-play.png\",\"datePublished\":\"2025-09-17T16:32:44+00:00\",\"breadcrumb\":{\"@id\":\"https:\/\/www.legislapp.com.br\/index.php\/cam-legislativa-de-sc-pl-0355-2025-2\/#breadcrumb\"},\"inLanguage\":\"pt-BR\",\"potentialAction\":[{\"@type\":\"ReadAction\",\"target\":[\"https:\/\/www.legislapp.com.br\/index.php\/cam-legislativa-de-sc-pl-0355-2025-2\/\"]}]},{\"@type\":\"ImageObject\",\"inLanguage\":\"pt-BR\",\"@id\":\"https:\/\/www.legislapp.com.br\/index.php\/cam-legislativa-de-sc-pl-0355-2025-2\/#primaryimage\",\"url\":\"https:\/\/www.legislapp.com.br\/wp-content\/uploads\/google-play.png\",\"contentUrl\":\"https:\/\/www.legislapp.com.br\/wp-content\/uploads\/google-play.png\",\"width\":564,\"height\":168},{\"@type\":\"BreadcrumbList\",\"@id\":\"https:\/\/www.legislapp.com.br\/index.php\/cam-legislativa-de-sc-pl-0355-2025-2\/#breadcrumb\",\"itemListElement\":[{\"@type\":\"ListItem\",\"position\":1,\"name\":\"In\u00edcio\",\"item\":\"https:\/\/www.legislapp.com.br\/\"},{\"@type\":\"ListItem\",\"position\":2,\"name\":\"PL.\/0355\/2025 &#8211; M\u00e1rio Motta\"}]},{\"@type\":\"WebSite\",\"@id\":\"https:\/\/www.legislapp.com.br\/#website\",\"url\":\"https:\/\/www.legislapp.com.br\/\",\"name\":\"Legislapp\",\"description\":\"Intelig\u00eancia governamental em tempo real\",\"publisher\":{\"@id\":\"https:\/\/www.legislapp.com.br\/#organization\"},\"potentialAction\":[{\"@type\":\"SearchAction\",\"target\":{\"@type\":\"EntryPoint\",\"urlTemplate\":\"https:\/\/www.legislapp.com.br\/?s={search_term_string}\"},\"query-input\":{\"@type\":\"PropertyValueSpecification\",\"valueRequired\":true,\"valueName\":\"search_term_string\"}}],\"inLanguage\":\"pt-BR\"},{\"@type\":\"Organization\",\"@id\":\"https:\/\/www.legislapp.com.br\/#organization\",\"name\":\"Legislapp Monitoramento e Intelig\u00eancia Governamental\",\"url\":\"https:\/\/www.legislapp.com.br\/\",\"logo\":{\"@type\":\"ImageObject\",\"inLanguage\":\"pt-BR\",\"@id\":\"https:\/\/www.legislapp.com.br\/#\/schema\/logo\/image\/\",\"url\":\"https:\/\/www.legislapp.com.br\/wp-content\/uploads\/icon.png\",\"contentUrl\":\"https:\/\/www.legislapp.com.br\/wp-content\/uploads\/icon.png\",\"width\":1024,\"height\":1024,\"caption\":\"Legislapp Monitoramento e Intelig\u00eancia Governamental\"},\"image\":{\"@id\":\"https:\/\/www.legislapp.com.br\/#\/schema\/logo\/image\/\"},\"sameAs\":[\"https:\/\/www.instagram.com\/legislapp\/\"]}]}<\/script>\n<!-- \/ Yoast SEO plugin. -->","yoast_head_json":{"title":"PL.\/0355\/2025 - M\u00e1rio Motta - Legislapp","robots":{"index":"index","follow":"follow","max-snippet":"max-snippet:-1","max-image-preview":"max-image-preview:large","max-video-preview":"max-video-preview:-1"},"canonical":"https:\/\/www.legislapp.com.br\/index.php\/cam-legislativa-de-sc-pl-0355-2025-2\/","og_locale":"pt_BR","og_type":"article","og_title":"PL.\/0355\/2025 - M\u00e1rio Motta - Legislapp","og_description":"C\u00e2m. Legislativa de SC &#8211; Autoria de M\u00e1rio Motta Disp\u00f5e sobre a obrigatoriedade dos estabelecimentos p\u00fablicos e privados de sa\u00fade do Estado de Santa Catarina, de comunicarem ao Conselho Tutelar competente, os casos de alta hospitalar de rec\u00e9m-nascidos sem a certid\u00e3o de nascimento, e d\u00e1 outras provid\u00eancias. PROJETO DE LEI N\u00ba Disp\u00f5e sobre a obrigatoriedade [&hellip;]","og_url":"https:\/\/www.legislapp.com.br\/index.php\/cam-legislativa-de-sc-pl-0355-2025-2\/","og_site_name":"Legislapp","article_publisher":"https:\/\/www.instagram.com\/legislapp\/","og_image":[{"url":"https:\/\/www.legislapp.com.br\/wp-content\/uploads\/google-play.png","type":"","width":"","height":""}],"twitter_card":"summary_large_image","twitter_misc":{"Est. tempo de leitura":"4 minutos"},"schema":{"@context":"https:\/\/schema.org","@graph":[{"@type":"WebPage","@id":"https:\/\/www.legislapp.com.br\/index.php\/cam-legislativa-de-sc-pl-0355-2025-2\/","url":"https:\/\/www.legislapp.com.br\/index.php\/cam-legislativa-de-sc-pl-0355-2025-2\/","name":"PL.\/0355\/2025 - M\u00e1rio Motta - Legislapp","isPartOf":{"@id":"https:\/\/www.legislapp.com.br\/#website"},"primaryImageOfPage":{"@id":"https:\/\/www.legislapp.com.br\/index.php\/cam-legislativa-de-sc-pl-0355-2025-2\/#primaryimage"},"image":{"@id":"https:\/\/www.legislapp.com.br\/index.php\/cam-legislativa-de-sc-pl-0355-2025-2\/#primaryimage"},"thumbnailUrl":"https:\/\/www.legislapp.com.br\/wp-content\/uploads\/google-play.png","datePublished":"2025-09-17T16:32:44+00:00","breadcrumb":{"@id":"https:\/\/www.legislapp.com.br\/index.php\/cam-legislativa-de-sc-pl-0355-2025-2\/#breadcrumb"},"inLanguage":"pt-BR","potentialAction":[{"@type":"ReadAction","target":["https:\/\/www.legislapp.com.br\/index.php\/cam-legislativa-de-sc-pl-0355-2025-2\/"]}]},{"@type":"ImageObject","inLanguage":"pt-BR","@id":"https:\/\/www.legislapp.com.br\/index.php\/cam-legislativa-de-sc-pl-0355-2025-2\/#primaryimage","url":"https:\/\/www.legislapp.com.br\/wp-content\/uploads\/google-play.png","contentUrl":"https:\/\/www.legislapp.com.br\/wp-content\/uploads\/google-play.png","width":564,"height":168},{"@type":"BreadcrumbList","@id":"https:\/\/www.legislapp.com.br\/index.php\/cam-legislativa-de-sc-pl-0355-2025-2\/#breadcrumb","itemListElement":[{"@type":"ListItem","position":1,"name":"In\u00edcio","item":"https:\/\/www.legislapp.com.br\/"},{"@type":"ListItem","position":2,"name":"PL.\/0355\/2025 &#8211; M\u00e1rio Motta"}]},{"@type":"WebSite","@id":"https:\/\/www.legislapp.com.br\/#website","url":"https:\/\/www.legislapp.com.br\/","name":"Legislapp","description":"Intelig\u00eancia governamental em tempo real","publisher":{"@id":"https:\/\/www.legislapp.com.br\/#organization"},"potentialAction":[{"@type":"SearchAction","target":{"@type":"EntryPoint","urlTemplate":"https:\/\/www.legislapp.com.br\/?s={search_term_string}"},"query-input":{"@type":"PropertyValueSpecification","valueRequired":true,"valueName":"search_term_string"}}],"inLanguage":"pt-BR"},{"@type":"Organization","@id":"https:\/\/www.legislapp.com.br\/#organization","name":"Legislapp Monitoramento e Intelig\u00eancia Governamental","url":"https:\/\/www.legislapp.com.br\/","logo":{"@type":"ImageObject","inLanguage":"pt-BR","@id":"https:\/\/www.legislapp.com.br\/#\/schema\/logo\/image\/","url":"https:\/\/www.legislapp.com.br\/wp-content\/uploads\/icon.png","contentUrl":"https:\/\/www.legislapp.com.br\/wp-content\/uploads\/icon.png","width":1024,"height":1024,"caption":"Legislapp Monitoramento e Intelig\u00eancia Governamental"},"image":{"@id":"https:\/\/www.legislapp.com.br\/#\/schema\/logo\/image\/"},"sameAs":["https:\/\/www.instagram.com\/legislapp\/"]}]}},"_links":{"self":[{"href":"https:\/\/www.legislapp.com.br\/index.php\/wp-json\/wp\/v2\/pages\/7468","targetHints":{"allow":["GET"]}}],"collection":[{"href":"https:\/\/www.legislapp.com.br\/index.php\/wp-json\/wp\/v2\/pages"}],"about":[{"href":"https:\/\/www.legislapp.com.br\/index.php\/wp-json\/wp\/v2\/types\/page"}],"author":[{"embeddable":true,"href":"https:\/\/www.legislapp.com.br\/index.php\/wp-json\/wp\/v2\/users\/1"}],"replies":[{"embeddable":true,"href":"https:\/\/www.legislapp.com.br\/index.php\/wp-json\/wp\/v2\/comments?post=7468"}],"version-history":[{"count":0,"href":"https:\/\/www.legislapp.com.br\/index.php\/wp-json\/wp\/v2\/pages\/7468\/revisions"}],"wp:attachment":[{"href":"https:\/\/www.legislapp.com.br\/index.php\/wp-json\/wp\/v2\/media?parent=7468"}],"curies":[{"name":"wp","href":"https:\/\/api.w.org\/{rel}","templated":true}]}}