{"id":7475,"date":"2025-09-17T13:33:07","date_gmt":"2025-09-17T16:33:07","guid":{"rendered":"https:\/\/www.legislapp.com.br\/index.php\/cam-legislativa-de-pe-pl-3027-2025\/"},"modified":"2025-09-17T13:33:07","modified_gmt":"2025-09-17T16:33:07","slug":"cam-legislativa-de-pe-pl-3027-2025","status":"publish","type":"page","link":"https:\/\/www.legislapp.com.br\/index.php\/cam-legislativa-de-pe-pl-3027-2025\/","title":{"rendered":"PL 3027\/2025 &#8211; Renato Antunes"},"content":{"rendered":"<h1 style='text-align: center;'>C\u00e2m. Legislativa de PE &#8211; Autoria de Renato Antunes<br \/><img src='https:\/\/www.alepe.pe.gov.br\/\/wp-content\/uploads\/2023\/02\/RENATO-ANTUNES-1-scaled-e1675861722530.jpg' alt='Renato Antunes' \/><\/h3>\n<p><\/p>\n<article style='text-align: center'>A presente Proposi\u00e7\u00e3o tem como objetivo ampliar o acesso da popula\u00e7\u00e3o pernambucana \u00e0s informa\u00e7\u00f5es p\u00fablicas relativas aos gastos com constru\u00e7\u00f5es e reformas das Unidades de Ensino sob a responsabilidade do Estado de Pernambuco. Ao garantir maior transpar\u00eancia na aplica\u00e7\u00e3o dos recursos p\u00fablicos, o Projeto fortalece os princ\u00edpios da administra\u00e7\u00e3o p\u00fablica, especialmente os da publicidade e da efici\u00eancia.<\/p>\n<p>Ademais, a medida possibilita ao Poder Legislativo o pleno exerc\u00edcio de sua fun\u00e7\u00e3o constitucional de fiscaliza\u00e7\u00e3o dos atos do Poder Executivo. A disponibiliza\u00e7\u00e3o dessas informa\u00e7\u00f5es permite que tanto os parlamentares quanto a sociedade civil acompanhem, analisem e cobrem a correta aplica\u00e7\u00e3o dos recursos destinados \u00e0 educa\u00e7\u00e3o, contribuindo para uma gest\u00e3o mais respons\u00e1vel e participativa.<\/p>\n<p>Importa destacar que esta iniciativa est\u00e1 em conformidade com o disposto no art. 16 da Lei Federal n\u00ba 12.232\/2010, que estabelece normas gerais para licita\u00e7\u00e3o e contrata\u00e7\u00e3o de servi\u00e7os de publicidade pela administra\u00e7\u00e3o p\u00fablica, determinando que:<\/p>\n<p>\u201cArt. 16. As informa\u00e7\u00f5es sobre a execu\u00e7\u00e3o do contrato, com os nomes dos fornecedores de servi\u00e7os especializados e ve\u00edculos, ser\u00e3o divulgadas em s\u00edtio pr\u00f3prio aberto para o contrato na rede mundial de computadores, garantido o livre acesso \u00e0s informa\u00e7\u00f5es por quaisquer interessados.\u201d<\/p>\n<p>Diante do exposto, solicito o apoio dos Nobres Pares para a aprova\u00e7\u00e3o deste Projeto de Lei, por sua relev\u00e2ncia no fortalecimento da transpar\u00eancia, do controle social e da boa governan\u00e7a no \u00e2mbito da educa\u00e7\u00e3o p\u00fablica estadual.<\/article>\n<p><\/p>\n<p style='text-align: center'><a href='https:\/\/app.legislapp.com.br\/#\/busca?termo='><\/a><\/p>\n<p><\/p>\n<article>\u00a0\u00a0\u00a0\u00a0\u00a0Art. 1\u00ba A Lei n\u00ba 12.387, de 17 de junho de 2003, passa a vigorar com os seguintes acr\u00e9scimos:<\/p>\n<p>\u201cArt. 1\u00ba-A. \u00c9 obrigat\u00f3ria a publicidade de informa\u00e7\u00f5es acerca do andamento das constru\u00e7\u00f5es e reformas das Unidades de Ensino administradas pelo Estado de Pernambuco. (AC)\u00a0<\/p>\n<p>\u00a7 1\u00ba Os objetivos da publicidade s\u00e3o: (AC)<\/p>\n<p>I &#8211; promover a transpar\u00eancia das informa\u00e7\u00f5es nos \u00f3rg\u00e3os e entidades da Administra\u00e7\u00e3o P\u00fablica; e (AC)<\/p>\n<p>II &#8211; promover a fiscaliza\u00e7\u00e3o da popula\u00e7\u00e3o acerca do andamento das constru\u00e7\u00f5es e reformas das Unidades de Ensino do Estado de Pernambuco. (AC)<\/p>\n<p>\u00a7 2\u00ba As informa\u00e7\u00f5es dever\u00e3o ser disponibilizadas por meio do: (AC)<\/p>\n<p>I \u00ad- QR Code\u00a0\u2013 Quick Response Code\u00a0disponibilizado em placa no local da obra ou constru\u00e7\u00e3o; (AC)<\/p>\n<p>II &#8211; di\u00e1rio oficial do Estado de Pernambuco; (AC)<\/p>\n<p>III &#8211; s\u00edtio oficial do Governo de Pernambuco; e (AC)<\/p>\n<p>IV &#8211; portal de Transpar\u00eancia do Estado de Pernambuco. (AC)<\/p>\n<p>Art. 1\u00ba-B. Na publicita\u00e7\u00e3o de que trata o art. 1\u00ba-A dever\u00e1 constar, no m\u00ednimo, as seguintes informa\u00e7\u00f5es: (AC)<\/p>\n<p>I &#8211; descri\u00e7\u00e3o da obra; (AC)<\/p>\n<p>II &#8211; localiza\u00e7\u00e3o da Unidade de Ensino; (AC)<\/p>\n<p>III &#8211; empresa (s) contratada (s); (AC)<\/p>\n<p>IV &#8211; valor total para: (AC)<\/p>\n<p>a) a realiza\u00e7\u00e3o da obra; (AC)<\/p>\n<p>b) a compra de equipamentos; e (AC)<\/p>\n<p>c) o pagamento de pessoal necess\u00e1rio ao funcionamento da Unidade de Ensino; (AC)<\/p>\n<p>V &#8211; aditivos aos contratos com as empresas; (AC)<\/p>\n<p>VI \u00ad &#8211; cronograma de projeto e execu\u00e7\u00e3o; (AC)<\/p>\n<p>VII \u00ad &#8211; acompanhamento da execu\u00e7\u00e3o da obra; (AC)<\/p>\n<p>VIII &#8211; justificativa em caso de atraso da obra; e (AC)<\/p>\n<p>IX &#8211; previs\u00e3o atualizada de conclus\u00e3o da obra. (AC)<\/p>\n<p>\u00a7 1\u00ba As informa\u00e7\u00f5es dever\u00e3o ser apresentadas de forma clara e objetiva, utilizando linguagem e formato que garantam f\u00e1cil entendimento ao leitor. (AC)<\/p>\n<p>\u00a7 2\u00ba Dever\u00e1 ser garantida a acessibilidade das informa\u00e7\u00f5es contidas no relat\u00f3rio para as pessoas com defici\u00eancia.\u201d (AC)<\/p>\n<p>\u00a0\u00a0\u00a0\u00a0\u00a0Art. 2\u00ba Esta Lei entra em vigor na data de sua publica\u00e7\u00e3o.<\/article>\n<div style=\"text-align: center\">\n<div style=\"margin-bottom: 20px;\" class=\"et_pb_button_module_wrapper et_pb_button_5_tb_body_wrapper et_pb_button_alignment_center et_pb_module \">\n         <a class=\"et_pb_button et_pb_button_5_tb_body et_hover_enabled et_pb_bg_layout_dark\" style=\"width: 50%;background-color: black;\" href=\"https:\/\/app.legislapp.com.br\" target=\"_blank\" rel=\"noopener\">Visualizar completo na nossa plataforma (30 dias gr\u00e1tis)<\/a><\/p><\/div>\n<p>      <a href=\"https:\/\/play.google.com\/store\/apps\/details?id=br.com.legislapp\"><img decoding=\"async\" style=\"width: 15%; min-width: 130px;\" src=\"https:\/\/www.legislapp.com.br\/wp-content\/uploads\/google-play.png\"><\/a><br \/>\n      <a href=\"https:\/\/apps.apple.com\/us\/app\/legislapp\/id1568929859\"><img decoding=\"async\" style=\"width: 15%; min-width: 130px\" src=\"https:\/\/www.legislapp.com.br\/wp-content\/uploads\/apple-store.png\"><\/a>\n   <\/div>\n","protected":false},"excerpt":{"rendered":"<p>C\u00e2m. Legislativa de PE &#8211; Autoria de Renato Antunes A presente Proposi\u00e7\u00e3o tem como objetivo ampliar o acesso da popula\u00e7\u00e3o pernambucana \u00e0s informa\u00e7\u00f5es p\u00fablicas relativas aos gastos com constru\u00e7\u00f5es e reformas das Unidades de Ensino sob a responsabilidade do Estado de Pernambuco. Ao garantir maior transpar\u00eancia na aplica\u00e7\u00e3o dos recursos p\u00fablicos, o Projeto fortalece os [&hellip;]<\/p>\n","protected":false},"author":1,"featured_media":0,"parent":0,"menu_order":0,"comment_status":"closed","ping_status":"closed","template":"page-template-blank.php","meta":{"_et_pb_use_builder":"","_et_pb_old_content":"","_et_gb_content_width":"1080","ngg_post_thumbnail":0,"footnotes":""},"class_list":["post-7475","page","type-page","status-publish","hentry"],"yoast_head":"<!-- This site is optimized with the Yoast SEO plugin v24.4 - https:\/\/yoast.com\/wordpress\/plugins\/seo\/ -->\n<title>PL 3027\/2025 - Renato Antunes - Legislapp<\/title>\n<meta name=\"robots\" content=\"index, follow, max-snippet:-1, max-image-preview:large, max-video-preview:-1\" \/>\n<link rel=\"canonical\" href=\"https:\/\/www.legislapp.com.br\/index.php\/cam-legislativa-de-pe-pl-3027-2025\/\" \/>\n<meta property=\"og:locale\" content=\"pt_BR\" \/>\n<meta property=\"og:type\" content=\"article\" \/>\n<meta property=\"og:title\" content=\"PL 3027\/2025 - Renato Antunes - Legislapp\" \/>\n<meta property=\"og:description\" content=\"C\u00e2m. Legislativa de PE &#8211; Autoria de Renato Antunes A presente Proposi\u00e7\u00e3o tem como objetivo ampliar o acesso da popula\u00e7\u00e3o pernambucana \u00e0s informa\u00e7\u00f5es p\u00fablicas relativas aos gastos com constru\u00e7\u00f5es e reformas das Unidades de Ensino sob a responsabilidade do Estado de Pernambuco. Ao garantir maior transpar\u00eancia na aplica\u00e7\u00e3o dos recursos p\u00fablicos, o Projeto fortalece os [&hellip;]\" \/>\n<meta property=\"og:url\" content=\"https:\/\/www.legislapp.com.br\/index.php\/cam-legislativa-de-pe-pl-3027-2025\/\" \/>\n<meta property=\"og:site_name\" content=\"Legislapp\" \/>\n<meta property=\"article:publisher\" content=\"https:\/\/www.instagram.com\/legislapp\/\" \/>\n<meta property=\"og:image\" content=\"https:\/\/www.alepe.pe.gov.br\/\/wp-content\/uploads\/2023\/02\/RENATO-ANTUNES-1-scaled-e1675861722530.jpg\" \/>\n<meta name=\"twitter:card\" content=\"summary_large_image\" \/>\n<meta name=\"twitter:label1\" content=\"Est. tempo de leitura\" \/>\n\t<meta name=\"twitter:data1\" content=\"3 minutos\" \/>\n<script type=\"application\/ld+json\" class=\"yoast-schema-graph\">{\"@context\":\"https:\/\/schema.org\",\"@graph\":[{\"@type\":\"WebPage\",\"@id\":\"https:\/\/www.legislapp.com.br\/index.php\/cam-legislativa-de-pe-pl-3027-2025\/\",\"url\":\"https:\/\/www.legislapp.com.br\/index.php\/cam-legislativa-de-pe-pl-3027-2025\/\",\"name\":\"PL 3027\/2025 - Renato Antunes - Legislapp\",\"isPartOf\":{\"@id\":\"https:\/\/www.legislapp.com.br\/#website\"},\"primaryImageOfPage\":{\"@id\":\"https:\/\/www.legislapp.com.br\/index.php\/cam-legislativa-de-pe-pl-3027-2025\/#primaryimage\"},\"image\":{\"@id\":\"https:\/\/www.legislapp.com.br\/index.php\/cam-legislativa-de-pe-pl-3027-2025\/#primaryimage\"},\"thumbnailUrl\":\"https:\/\/www.alepe.pe.gov.br\/\/wp-content\/uploads\/2023\/02\/RENATO-ANTUNES-1-scaled-e1675861722530.jpg\",\"datePublished\":\"2025-09-17T16:33:07+00:00\",\"breadcrumb\":{\"@id\":\"https:\/\/www.legislapp.com.br\/index.php\/cam-legislativa-de-pe-pl-3027-2025\/#breadcrumb\"},\"inLanguage\":\"pt-BR\",\"potentialAction\":[{\"@type\":\"ReadAction\",\"target\":[\"https:\/\/www.legislapp.com.br\/index.php\/cam-legislativa-de-pe-pl-3027-2025\/\"]}]},{\"@type\":\"ImageObject\",\"inLanguage\":\"pt-BR\",\"@id\":\"https:\/\/www.legislapp.com.br\/index.php\/cam-legislativa-de-pe-pl-3027-2025\/#primaryimage\",\"url\":\"https:\/\/www.alepe.pe.gov.br\/\/wp-content\/uploads\/2023\/02\/RENATO-ANTUNES-1-scaled-e1675861722530.jpg\",\"contentUrl\":\"https:\/\/www.alepe.pe.gov.br\/\/wp-content\/uploads\/2023\/02\/RENATO-ANTUNES-1-scaled-e1675861722530.jpg\"},{\"@type\":\"BreadcrumbList\",\"@id\":\"https:\/\/www.legislapp.com.br\/index.php\/cam-legislativa-de-pe-pl-3027-2025\/#breadcrumb\",\"itemListElement\":[{\"@type\":\"ListItem\",\"position\":1,\"name\":\"In\u00edcio\",\"item\":\"https:\/\/www.legislapp.com.br\/\"},{\"@type\":\"ListItem\",\"position\":2,\"name\":\"PL 3027\/2025 &#8211; Renato Antunes\"}]},{\"@type\":\"WebSite\",\"@id\":\"https:\/\/www.legislapp.com.br\/#website\",\"url\":\"https:\/\/www.legislapp.com.br\/\",\"name\":\"Legislapp\",\"description\":\"Intelig\u00eancia governamental em tempo real\",\"publisher\":{\"@id\":\"https:\/\/www.legislapp.com.br\/#organization\"},\"potentialAction\":[{\"@type\":\"SearchAction\",\"target\":{\"@type\":\"EntryPoint\",\"urlTemplate\":\"https:\/\/www.legislapp.com.br\/?s={search_term_string}\"},\"query-input\":{\"@type\":\"PropertyValueSpecification\",\"valueRequired\":true,\"valueName\":\"search_term_string\"}}],\"inLanguage\":\"pt-BR\"},{\"@type\":\"Organization\",\"@id\":\"https:\/\/www.legislapp.com.br\/#organization\",\"name\":\"Legislapp Monitoramento e Intelig\u00eancia Governamental\",\"url\":\"https:\/\/www.legislapp.com.br\/\",\"logo\":{\"@type\":\"ImageObject\",\"inLanguage\":\"pt-BR\",\"@id\":\"https:\/\/www.legislapp.com.br\/#\/schema\/logo\/image\/\",\"url\":\"https:\/\/www.legislapp.com.br\/wp-content\/uploads\/icon.png\",\"contentUrl\":\"https:\/\/www.legislapp.com.br\/wp-content\/uploads\/icon.png\",\"width\":1024,\"height\":1024,\"caption\":\"Legislapp Monitoramento e Intelig\u00eancia Governamental\"},\"image\":{\"@id\":\"https:\/\/www.legislapp.com.br\/#\/schema\/logo\/image\/\"},\"sameAs\":[\"https:\/\/www.instagram.com\/legislapp\/\"]}]}<\/script>\n<!-- \/ Yoast SEO plugin. -->","yoast_head_json":{"title":"PL 3027\/2025 - Renato Antunes - Legislapp","robots":{"index":"index","follow":"follow","max-snippet":"max-snippet:-1","max-image-preview":"max-image-preview:large","max-video-preview":"max-video-preview:-1"},"canonical":"https:\/\/www.legislapp.com.br\/index.php\/cam-legislativa-de-pe-pl-3027-2025\/","og_locale":"pt_BR","og_type":"article","og_title":"PL 3027\/2025 - Renato Antunes - Legislapp","og_description":"C\u00e2m. Legislativa de PE &#8211; Autoria de Renato Antunes A presente Proposi\u00e7\u00e3o tem como objetivo ampliar o acesso da popula\u00e7\u00e3o pernambucana \u00e0s informa\u00e7\u00f5es p\u00fablicas relativas aos gastos com constru\u00e7\u00f5es e reformas das Unidades de Ensino sob a responsabilidade do Estado de Pernambuco. Ao garantir maior transpar\u00eancia na aplica\u00e7\u00e3o dos recursos p\u00fablicos, o Projeto fortalece os [&hellip;]","og_url":"https:\/\/www.legislapp.com.br\/index.php\/cam-legislativa-de-pe-pl-3027-2025\/","og_site_name":"Legislapp","article_publisher":"https:\/\/www.instagram.com\/legislapp\/","og_image":[{"url":"https:\/\/www.alepe.pe.gov.br\/\/wp-content\/uploads\/2023\/02\/RENATO-ANTUNES-1-scaled-e1675861722530.jpg","type":"","width":"","height":""}],"twitter_card":"summary_large_image","twitter_misc":{"Est. tempo de leitura":"3 minutos"},"schema":{"@context":"https:\/\/schema.org","@graph":[{"@type":"WebPage","@id":"https:\/\/www.legislapp.com.br\/index.php\/cam-legislativa-de-pe-pl-3027-2025\/","url":"https:\/\/www.legislapp.com.br\/index.php\/cam-legislativa-de-pe-pl-3027-2025\/","name":"PL 3027\/2025 - Renato Antunes - Legislapp","isPartOf":{"@id":"https:\/\/www.legislapp.com.br\/#website"},"primaryImageOfPage":{"@id":"https:\/\/www.legislapp.com.br\/index.php\/cam-legislativa-de-pe-pl-3027-2025\/#primaryimage"},"image":{"@id":"https:\/\/www.legislapp.com.br\/index.php\/cam-legislativa-de-pe-pl-3027-2025\/#primaryimage"},"thumbnailUrl":"https:\/\/www.alepe.pe.gov.br\/\/wp-content\/uploads\/2023\/02\/RENATO-ANTUNES-1-scaled-e1675861722530.jpg","datePublished":"2025-09-17T16:33:07+00:00","breadcrumb":{"@id":"https:\/\/www.legislapp.com.br\/index.php\/cam-legislativa-de-pe-pl-3027-2025\/#breadcrumb"},"inLanguage":"pt-BR","potentialAction":[{"@type":"ReadAction","target":["https:\/\/www.legislapp.com.br\/index.php\/cam-legislativa-de-pe-pl-3027-2025\/"]}]},{"@type":"ImageObject","inLanguage":"pt-BR","@id":"https:\/\/www.legislapp.com.br\/index.php\/cam-legislativa-de-pe-pl-3027-2025\/#primaryimage","url":"https:\/\/www.alepe.pe.gov.br\/\/wp-content\/uploads\/2023\/02\/RENATO-ANTUNES-1-scaled-e1675861722530.jpg","contentUrl":"https:\/\/www.alepe.pe.gov.br\/\/wp-content\/uploads\/2023\/02\/RENATO-ANTUNES-1-scaled-e1675861722530.jpg"},{"@type":"BreadcrumbList","@id":"https:\/\/www.legislapp.com.br\/index.php\/cam-legislativa-de-pe-pl-3027-2025\/#breadcrumb","itemListElement":[{"@type":"ListItem","position":1,"name":"In\u00edcio","item":"https:\/\/www.legislapp.com.br\/"},{"@type":"ListItem","position":2,"name":"PL 3027\/2025 &#8211; Renato Antunes"}]},{"@type":"WebSite","@id":"https:\/\/www.legislapp.com.br\/#website","url":"https:\/\/www.legislapp.com.br\/","name":"Legislapp","description":"Intelig\u00eancia governamental em tempo real","publisher":{"@id":"https:\/\/www.legislapp.com.br\/#organization"},"potentialAction":[{"@type":"SearchAction","target":{"@type":"EntryPoint","urlTemplate":"https:\/\/www.legislapp.com.br\/?s={search_term_string}"},"query-input":{"@type":"PropertyValueSpecification","valueRequired":true,"valueName":"search_term_string"}}],"inLanguage":"pt-BR"},{"@type":"Organization","@id":"https:\/\/www.legislapp.com.br\/#organization","name":"Legislapp Monitoramento e Intelig\u00eancia Governamental","url":"https:\/\/www.legislapp.com.br\/","logo":{"@type":"ImageObject","inLanguage":"pt-BR","@id":"https:\/\/www.legislapp.com.br\/#\/schema\/logo\/image\/","url":"https:\/\/www.legislapp.com.br\/wp-content\/uploads\/icon.png","contentUrl":"https:\/\/www.legislapp.com.br\/wp-content\/uploads\/icon.png","width":1024,"height":1024,"caption":"Legislapp Monitoramento e Intelig\u00eancia Governamental"},"image":{"@id":"https:\/\/www.legislapp.com.br\/#\/schema\/logo\/image\/"},"sameAs":["https:\/\/www.instagram.com\/legislapp\/"]}]}},"_links":{"self":[{"href":"https:\/\/www.legislapp.com.br\/index.php\/wp-json\/wp\/v2\/pages\/7475","targetHints":{"allow":["GET"]}}],"collection":[{"href":"https:\/\/www.legislapp.com.br\/index.php\/wp-json\/wp\/v2\/pages"}],"about":[{"href":"https:\/\/www.legislapp.com.br\/index.php\/wp-json\/wp\/v2\/types\/page"}],"author":[{"embeddable":true,"href":"https:\/\/www.legislapp.com.br\/index.php\/wp-json\/wp\/v2\/users\/1"}],"replies":[{"embeddable":true,"href":"https:\/\/www.legislapp.com.br\/index.php\/wp-json\/wp\/v2\/comments?post=7475"}],"version-history":[{"count":0,"href":"https:\/\/www.legislapp.com.br\/index.php\/wp-json\/wp\/v2\/pages\/7475\/revisions"}],"wp:attachment":[{"href":"https:\/\/www.legislapp.com.br\/index.php\/wp-json\/wp\/v2\/media?parent=7475"}],"curies":[{"name":"wp","href":"https:\/\/api.w.org\/{rel}","templated":true}]}}