{"id":7477,"date":"2025-09-17T13:33:14","date_gmt":"2025-09-17T16:33:14","guid":{"rendered":"https:\/\/www.legislapp.com.br\/index.php\/cam-legislativa-de-pe-pl-3025-2025-2\/"},"modified":"2025-09-17T13:33:14","modified_gmt":"2025-09-17T16:33:14","slug":"cam-legislativa-de-pe-pl-3025-2025-2","status":"publish","type":"page","link":"https:\/\/www.legislapp.com.br\/index.php\/cam-legislativa-de-pe-pl-3025-2025-2\/","title":{"rendered":"PL 3025\/2025 &#8211; Delegada Gleide Angelo"},"content":{"rendered":"<h1 style='text-align: center;'>C\u00e2m. Legislativa de PE &#8211; Autoria de Delegada Gleide Angelo<br \/><img src='https:\/\/www.alepe.pe.gov.br\/\/wp-content\/uploads\/2019\/02\/GLEIDE-ANGELO-scaled-e1675863599809.jpg' alt='Delegada Gleide Angelo' \/><\/h3>\n<p><\/p>\n<article style='text-align: center'>A presente proposi\u00e7\u00e3o visa promover altera\u00e7\u00f5es na Lei n\u00ba 18.679, de 3 de setembro de 2024, que institui a Campanha de Conscientiza\u00e7\u00e3o e Preven\u00e7\u00e3o contra Crimes Cibern\u00e9ticos, cometidos por meio do uso indevido da intelig\u00eancia artificial, contra crian\u00e7as e adolescentes no \u00e2mbito do Estado de Pernambuco e d\u00e1 outras provid\u00eancias.<\/p>\n<p>\u00a0\u00a0\u00a0\u00a0\u00a0A modifica\u00e7\u00e3o ora pretendida busca instituir infra\u00e7\u00e3o administrativa para os casos em que ocorra produ\u00e7\u00e3o, reprodu\u00e7\u00e3o, oferecimento, com\u00e9rcio, divulga\u00e7\u00e3o, transmiss\u00e3o ou porte que representem crian\u00e7as ou adolescentes em cena de sexo, impl\u00edcito ou explicito, e nudez, bem como a produ\u00e7\u00e3o de imagens de cunho pornogr\u00e1fico com o uso de deepfake. Prev\u00ea, ainda, o valor em dobro da multa quando a crian\u00e7a ou adolescente v\u00edtima do ato for pessoa com defici\u00eancia, especialmente com S\u00edndrome de Down.<\/p>\n<p>\u00a0 \u00a0 \u00a0 A mat\u00e9ria se insere na compet\u00eancia legislativa concorrente dos estados membros para dispor sobre prote\u00e7\u00e3o e integra\u00e7\u00e3o social das pessoas portadoras de defici\u00eancia e sobre prote\u00e7\u00e3o \u00e0 inf\u00e2ncia e \u00e0 juventude, nos termos do art. 24, XIV e XV, da Constitui\u00e7\u00e3o Federal.<\/p>\n<p>\u00a0\u00a0\u00a0\u00a0\u00a0Ademais, do ponto de vista da constitucionalidade material, o projeto se coaduna com o disposto no art. 227 da Carta Magna: \u201c\u00e9 dever da fam\u00edlia, da sociedade e do Estado assegurar \u00e0 crian\u00e7a, ao adolescente e ao jovem, com absoluta prioridade, o direito \u00e0 vida, \u00e0 sa\u00fade, \u00e0 alimenta\u00e7\u00e3o, \u00e0 educa\u00e7\u00e3o, ao lazer, \u00e0 profissionaliza\u00e7\u00e3o, \u00e0 cultura, \u00e0 dignidade, ao respeito, \u00e0 liberdade e \u00e0 conviv\u00eancia familiar e comunit\u00e1ria, al\u00e9m de coloc\u00e1-los a salvo de toda forma de neglig\u00eancia, discrimina\u00e7\u00e3o, explora\u00e7\u00e3o, viol\u00eancia, crueldade e opress\u00e3o\u201d.<\/p>\n<p>\u00a0\u00a0\u00a0\u00a0\u00a0Observa, igualmente, o art. 5\u00ba, X, da Carta Maior que disp\u00f5e: \u201cs\u00e3o inviol\u00e1veis a intimidade, a vida privada, a honra e a imagem das pessoas, assegurado o direito a indeniza\u00e7\u00e3o pelo dano material ou moral decorrente de sua viola\u00e7\u00e3o\u201d.<\/p>\n<p>\u00a0\u00a0\u00a0\u00a0\u00a0Por fim, quanto \u00e0 constitucionalidade formal da proposta, n\u00e3o existe impedimento para a iniciativa parlamentar, pois a mat\u00e9ria n\u00e3o se enquadra nas hip\u00f3teses de iniciativa privativa do Governador do Estado (art. 19, \u00a7 1\u00ba da Constitui\u00e7\u00e3o Estadual), uma vez que n\u00e3o versa sobre cria\u00e7\u00e3o, estrutura\u00e7\u00e3o e atribui\u00e7\u00f5es de \u00f3rg\u00e3os do Poder Executivo.<\/p>\n<p>\u00a0\u00a0\u00a0\u00a0\u00a0Diante do exposto, solicito o valoroso apoio dos Nobres Parlamentares desta Assembleia Legislativa.<\/article>\n<p><\/p>\n<p style='text-align: center'><a href='https:\/\/app.legislapp.com.br\/#\/busca?termo='><\/a><\/p>\n<p><\/p>\n<article>\u00a0\u00a0\u00a0\u00a0\u00a0Art. 1\u00ba A Lei n\u00ba 18.679, de 3 de setembro de 2024, passa a vigorar com os seguintes acr\u00e9scimos:<\/p>\n<p>\u201cArt. 2\u00ba-A. A pr\u00e1tica dos atos a que se refere o inciso V do art. 2\u00ba desta Lei constitui infra\u00e7\u00e3o administrativa, pun\u00edvel com as seguintes penalidades, de forma cumulativa: (AC)<\/p>\n<p>I &#8211; advert\u00eancia; (AC)<\/p>\n<p>II &#8211; multa; e (AC)<\/p>\n<p>III &#8211; determina\u00e7\u00e3o de retirada do conte\u00fado no prazo m\u00e1ximo de 24 (vinte e quatro) horas ap\u00f3s a notifica\u00e7\u00e3o, sob pena de multa di\u00e1ria no valor de R$ 10.000,00 (dez mil reais). (AC)<\/p>\n<p>\u00a7 1\u00ba A multa prevista no inciso II deste artigo ser\u00e1 fixada entre R$ 5.000,00 (cinco mil reais) e R$ 20.000,00 (vinte mil reais), a depender do poder aquisitivo do infrator e das circunst\u00e2ncias da infra\u00e7\u00e3o, tendo seu valor atualizado pelo \u00cdndice de Pre\u00e7os ao Consumidor Amplo &#8211;\u00a0IPCA, ou outro \u00edndice que venha a substitu\u00ed-lo. (AC)<\/p>\n<p>\u00a7 2\u00ba O valor da multa de que trata o \u00a7 1\u00ba ser\u00e1 aplicada em dobro nos casos em que a crian\u00e7a ou adolescente for pessoa com defici\u00eancia, com maior agravante se for pessoa com S\u00edndrome de Down.&#8221; (AC)<\/p>\n<p>\u00a0\u00a0\u00a0\u00a0\u00a0Art. 2\u00ba Esta Lei entra em vigor na data de sua publica\u00e7\u00e3o.<\/article>\n<div style=\"text-align: center\">\n<div style=\"margin-bottom: 20px;\" class=\"et_pb_button_module_wrapper et_pb_button_5_tb_body_wrapper et_pb_button_alignment_center et_pb_module \">\n         <a class=\"et_pb_button et_pb_button_5_tb_body et_hover_enabled et_pb_bg_layout_dark\" style=\"width: 50%;background-color: black;\" href=\"https:\/\/app.legislapp.com.br\" target=\"_blank\" rel=\"noopener\">Visualizar completo na nossa plataforma (30 dias gr\u00e1tis)<\/a><\/p><\/div>\n<p>      <a href=\"https:\/\/play.google.com\/store\/apps\/details?id=br.com.legislapp\"><img decoding=\"async\" style=\"width: 15%; min-width: 130px;\" src=\"https:\/\/www.legislapp.com.br\/wp-content\/uploads\/google-play.png\"><\/a><br \/>\n      <a href=\"https:\/\/apps.apple.com\/us\/app\/legislapp\/id1568929859\"><img decoding=\"async\" style=\"width: 15%; min-width: 130px\" src=\"https:\/\/www.legislapp.com.br\/wp-content\/uploads\/apple-store.png\"><\/a>\n   <\/div>\n","protected":false},"excerpt":{"rendered":"<p>C\u00e2m. Legislativa de PE &#8211; Autoria de Delegada Gleide Angelo A presente proposi\u00e7\u00e3o visa promover altera\u00e7\u00f5es na Lei n\u00ba 18.679, de 3 de setembro de 2024, que institui a Campanha de Conscientiza\u00e7\u00e3o e Preven\u00e7\u00e3o contra Crimes Cibern\u00e9ticos, cometidos por meio do uso indevido da intelig\u00eancia artificial, contra crian\u00e7as e adolescentes no \u00e2mbito do Estado de [&hellip;]<\/p>\n","protected":false},"author":1,"featured_media":0,"parent":0,"menu_order":0,"comment_status":"closed","ping_status":"closed","template":"page-template-blank.php","meta":{"_et_pb_use_builder":"","_et_pb_old_content":"","_et_gb_content_width":"1080","ngg_post_thumbnail":0,"footnotes":""},"class_list":["post-7477","page","type-page","status-publish","hentry"],"yoast_head":"<!-- This site is optimized with the Yoast SEO plugin v24.4 - https:\/\/yoast.com\/wordpress\/plugins\/seo\/ -->\n<title>PL 3025\/2025 - Delegada Gleide Angelo - Legislapp<\/title>\n<meta name=\"robots\" content=\"index, follow, max-snippet:-1, max-image-preview:large, max-video-preview:-1\" \/>\n<link rel=\"canonical\" href=\"https:\/\/www.legislapp.com.br\/index.php\/cam-legislativa-de-pe-pl-3025-2025-2\/\" \/>\n<meta property=\"og:locale\" content=\"pt_BR\" \/>\n<meta property=\"og:type\" content=\"article\" \/>\n<meta property=\"og:title\" content=\"PL 3025\/2025 - Delegada Gleide Angelo - Legislapp\" \/>\n<meta property=\"og:description\" content=\"C\u00e2m. Legislativa de PE &#8211; Autoria de Delegada Gleide Angelo A presente proposi\u00e7\u00e3o visa promover altera\u00e7\u00f5es na Lei n\u00ba 18.679, de 3 de setembro de 2024, que institui a Campanha de Conscientiza\u00e7\u00e3o e Preven\u00e7\u00e3o contra Crimes Cibern\u00e9ticos, cometidos por meio do uso indevido da intelig\u00eancia artificial, contra crian\u00e7as e adolescentes no \u00e2mbito do Estado de [&hellip;]\" \/>\n<meta property=\"og:url\" content=\"https:\/\/www.legislapp.com.br\/index.php\/cam-legislativa-de-pe-pl-3025-2025-2\/\" \/>\n<meta property=\"og:site_name\" content=\"Legislapp\" \/>\n<meta property=\"article:publisher\" content=\"https:\/\/www.instagram.com\/legislapp\/\" \/>\n<meta property=\"og:image\" content=\"https:\/\/www.alepe.pe.gov.br\/\/wp-content\/uploads\/2019\/02\/GLEIDE-ANGELO-scaled-e1675863599809.jpg\" \/>\n<meta name=\"twitter:card\" content=\"summary_large_image\" \/>\n<meta name=\"twitter:label1\" content=\"Est. tempo de leitura\" \/>\n\t<meta name=\"twitter:data1\" content=\"3 minutos\" \/>\n<script type=\"application\/ld+json\" class=\"yoast-schema-graph\">{\"@context\":\"https:\/\/schema.org\",\"@graph\":[{\"@type\":\"WebPage\",\"@id\":\"https:\/\/www.legislapp.com.br\/index.php\/cam-legislativa-de-pe-pl-3025-2025-2\/\",\"url\":\"https:\/\/www.legislapp.com.br\/index.php\/cam-legislativa-de-pe-pl-3025-2025-2\/\",\"name\":\"PL 3025\/2025 - Delegada Gleide Angelo - Legislapp\",\"isPartOf\":{\"@id\":\"https:\/\/www.legislapp.com.br\/#website\"},\"primaryImageOfPage\":{\"@id\":\"https:\/\/www.legislapp.com.br\/index.php\/cam-legislativa-de-pe-pl-3025-2025-2\/#primaryimage\"},\"image\":{\"@id\":\"https:\/\/www.legislapp.com.br\/index.php\/cam-legislativa-de-pe-pl-3025-2025-2\/#primaryimage\"},\"thumbnailUrl\":\"https:\/\/www.alepe.pe.gov.br\/\/wp-content\/uploads\/2019\/02\/GLEIDE-ANGELO-scaled-e1675863599809.jpg\",\"datePublished\":\"2025-09-17T16:33:14+00:00\",\"breadcrumb\":{\"@id\":\"https:\/\/www.legislapp.com.br\/index.php\/cam-legislativa-de-pe-pl-3025-2025-2\/#breadcrumb\"},\"inLanguage\":\"pt-BR\",\"potentialAction\":[{\"@type\":\"ReadAction\",\"target\":[\"https:\/\/www.legislapp.com.br\/index.php\/cam-legislativa-de-pe-pl-3025-2025-2\/\"]}]},{\"@type\":\"ImageObject\",\"inLanguage\":\"pt-BR\",\"@id\":\"https:\/\/www.legislapp.com.br\/index.php\/cam-legislativa-de-pe-pl-3025-2025-2\/#primaryimage\",\"url\":\"https:\/\/www.alepe.pe.gov.br\/\/wp-content\/uploads\/2019\/02\/GLEIDE-ANGELO-scaled-e1675863599809.jpg\",\"contentUrl\":\"https:\/\/www.alepe.pe.gov.br\/\/wp-content\/uploads\/2019\/02\/GLEIDE-ANGELO-scaled-e1675863599809.jpg\"},{\"@type\":\"BreadcrumbList\",\"@id\":\"https:\/\/www.legislapp.com.br\/index.php\/cam-legislativa-de-pe-pl-3025-2025-2\/#breadcrumb\",\"itemListElement\":[{\"@type\":\"ListItem\",\"position\":1,\"name\":\"In\u00edcio\",\"item\":\"https:\/\/www.legislapp.com.br\/\"},{\"@type\":\"ListItem\",\"position\":2,\"name\":\"PL 3025\/2025 &#8211; Delegada Gleide Angelo\"}]},{\"@type\":\"WebSite\",\"@id\":\"https:\/\/www.legislapp.com.br\/#website\",\"url\":\"https:\/\/www.legislapp.com.br\/\",\"name\":\"Legislapp\",\"description\":\"Intelig\u00eancia governamental em tempo real\",\"publisher\":{\"@id\":\"https:\/\/www.legislapp.com.br\/#organization\"},\"potentialAction\":[{\"@type\":\"SearchAction\",\"target\":{\"@type\":\"EntryPoint\",\"urlTemplate\":\"https:\/\/www.legislapp.com.br\/?s={search_term_string}\"},\"query-input\":{\"@type\":\"PropertyValueSpecification\",\"valueRequired\":true,\"valueName\":\"search_term_string\"}}],\"inLanguage\":\"pt-BR\"},{\"@type\":\"Organization\",\"@id\":\"https:\/\/www.legislapp.com.br\/#organization\",\"name\":\"Legislapp Monitoramento e Intelig\u00eancia Governamental\",\"url\":\"https:\/\/www.legislapp.com.br\/\",\"logo\":{\"@type\":\"ImageObject\",\"inLanguage\":\"pt-BR\",\"@id\":\"https:\/\/www.legislapp.com.br\/#\/schema\/logo\/image\/\",\"url\":\"https:\/\/www.legislapp.com.br\/wp-content\/uploads\/icon.png\",\"contentUrl\":\"https:\/\/www.legislapp.com.br\/wp-content\/uploads\/icon.png\",\"width\":1024,\"height\":1024,\"caption\":\"Legislapp Monitoramento e Intelig\u00eancia Governamental\"},\"image\":{\"@id\":\"https:\/\/www.legislapp.com.br\/#\/schema\/logo\/image\/\"},\"sameAs\":[\"https:\/\/www.instagram.com\/legislapp\/\"]}]}<\/script>\n<!-- \/ Yoast SEO plugin. -->","yoast_head_json":{"title":"PL 3025\/2025 - Delegada Gleide Angelo - Legislapp","robots":{"index":"index","follow":"follow","max-snippet":"max-snippet:-1","max-image-preview":"max-image-preview:large","max-video-preview":"max-video-preview:-1"},"canonical":"https:\/\/www.legislapp.com.br\/index.php\/cam-legislativa-de-pe-pl-3025-2025-2\/","og_locale":"pt_BR","og_type":"article","og_title":"PL 3025\/2025 - Delegada Gleide Angelo - Legislapp","og_description":"C\u00e2m. Legislativa de PE &#8211; Autoria de Delegada Gleide Angelo A presente proposi\u00e7\u00e3o visa promover altera\u00e7\u00f5es na Lei n\u00ba 18.679, de 3 de setembro de 2024, que institui a Campanha de Conscientiza\u00e7\u00e3o e Preven\u00e7\u00e3o contra Crimes Cibern\u00e9ticos, cometidos por meio do uso indevido da intelig\u00eancia artificial, contra crian\u00e7as e adolescentes no \u00e2mbito do Estado de [&hellip;]","og_url":"https:\/\/www.legislapp.com.br\/index.php\/cam-legislativa-de-pe-pl-3025-2025-2\/","og_site_name":"Legislapp","article_publisher":"https:\/\/www.instagram.com\/legislapp\/","og_image":[{"url":"https:\/\/www.alepe.pe.gov.br\/\/wp-content\/uploads\/2019\/02\/GLEIDE-ANGELO-scaled-e1675863599809.jpg","type":"","width":"","height":""}],"twitter_card":"summary_large_image","twitter_misc":{"Est. tempo de leitura":"3 minutos"},"schema":{"@context":"https:\/\/schema.org","@graph":[{"@type":"WebPage","@id":"https:\/\/www.legislapp.com.br\/index.php\/cam-legislativa-de-pe-pl-3025-2025-2\/","url":"https:\/\/www.legislapp.com.br\/index.php\/cam-legislativa-de-pe-pl-3025-2025-2\/","name":"PL 3025\/2025 - Delegada Gleide Angelo - Legislapp","isPartOf":{"@id":"https:\/\/www.legislapp.com.br\/#website"},"primaryImageOfPage":{"@id":"https:\/\/www.legislapp.com.br\/index.php\/cam-legislativa-de-pe-pl-3025-2025-2\/#primaryimage"},"image":{"@id":"https:\/\/www.legislapp.com.br\/index.php\/cam-legislativa-de-pe-pl-3025-2025-2\/#primaryimage"},"thumbnailUrl":"https:\/\/www.alepe.pe.gov.br\/\/wp-content\/uploads\/2019\/02\/GLEIDE-ANGELO-scaled-e1675863599809.jpg","datePublished":"2025-09-17T16:33:14+00:00","breadcrumb":{"@id":"https:\/\/www.legislapp.com.br\/index.php\/cam-legislativa-de-pe-pl-3025-2025-2\/#breadcrumb"},"inLanguage":"pt-BR","potentialAction":[{"@type":"ReadAction","target":["https:\/\/www.legislapp.com.br\/index.php\/cam-legislativa-de-pe-pl-3025-2025-2\/"]}]},{"@type":"ImageObject","inLanguage":"pt-BR","@id":"https:\/\/www.legislapp.com.br\/index.php\/cam-legislativa-de-pe-pl-3025-2025-2\/#primaryimage","url":"https:\/\/www.alepe.pe.gov.br\/\/wp-content\/uploads\/2019\/02\/GLEIDE-ANGELO-scaled-e1675863599809.jpg","contentUrl":"https:\/\/www.alepe.pe.gov.br\/\/wp-content\/uploads\/2019\/02\/GLEIDE-ANGELO-scaled-e1675863599809.jpg"},{"@type":"BreadcrumbList","@id":"https:\/\/www.legislapp.com.br\/index.php\/cam-legislativa-de-pe-pl-3025-2025-2\/#breadcrumb","itemListElement":[{"@type":"ListItem","position":1,"name":"In\u00edcio","item":"https:\/\/www.legislapp.com.br\/"},{"@type":"ListItem","position":2,"name":"PL 3025\/2025 &#8211; Delegada Gleide Angelo"}]},{"@type":"WebSite","@id":"https:\/\/www.legislapp.com.br\/#website","url":"https:\/\/www.legislapp.com.br\/","name":"Legislapp","description":"Intelig\u00eancia governamental em tempo real","publisher":{"@id":"https:\/\/www.legislapp.com.br\/#organization"},"potentialAction":[{"@type":"SearchAction","target":{"@type":"EntryPoint","urlTemplate":"https:\/\/www.legislapp.com.br\/?s={search_term_string}"},"query-input":{"@type":"PropertyValueSpecification","valueRequired":true,"valueName":"search_term_string"}}],"inLanguage":"pt-BR"},{"@type":"Organization","@id":"https:\/\/www.legislapp.com.br\/#organization","name":"Legislapp Monitoramento e Intelig\u00eancia Governamental","url":"https:\/\/www.legislapp.com.br\/","logo":{"@type":"ImageObject","inLanguage":"pt-BR","@id":"https:\/\/www.legislapp.com.br\/#\/schema\/logo\/image\/","url":"https:\/\/www.legislapp.com.br\/wp-content\/uploads\/icon.png","contentUrl":"https:\/\/www.legislapp.com.br\/wp-content\/uploads\/icon.png","width":1024,"height":1024,"caption":"Legislapp Monitoramento e Intelig\u00eancia Governamental"},"image":{"@id":"https:\/\/www.legislapp.com.br\/#\/schema\/logo\/image\/"},"sameAs":["https:\/\/www.instagram.com\/legislapp\/"]}]}},"_links":{"self":[{"href":"https:\/\/www.legislapp.com.br\/index.php\/wp-json\/wp\/v2\/pages\/7477","targetHints":{"allow":["GET"]}}],"collection":[{"href":"https:\/\/www.legislapp.com.br\/index.php\/wp-json\/wp\/v2\/pages"}],"about":[{"href":"https:\/\/www.legislapp.com.br\/index.php\/wp-json\/wp\/v2\/types\/page"}],"author":[{"embeddable":true,"href":"https:\/\/www.legislapp.com.br\/index.php\/wp-json\/wp\/v2\/users\/1"}],"replies":[{"embeddable":true,"href":"https:\/\/www.legislapp.com.br\/index.php\/wp-json\/wp\/v2\/comments?post=7477"}],"version-history":[{"count":0,"href":"https:\/\/www.legislapp.com.br\/index.php\/wp-json\/wp\/v2\/pages\/7477\/revisions"}],"wp:attachment":[{"href":"https:\/\/www.legislapp.com.br\/index.php\/wp-json\/wp\/v2\/media?parent=7477"}],"curies":[{"name":"wp","href":"https:\/\/api.w.org\/{rel}","templated":true}]}}