{"id":7487,"date":"2025-09-17T13:33:47","date_gmt":"2025-09-17T16:33:47","guid":{"rendered":"https:\/\/www.legislapp.com.br\/index.php\/cam-legislativa-de-sc-pl-0341-2025-2\/"},"modified":"2025-09-17T13:33:47","modified_gmt":"2025-09-17T16:33:47","slug":"cam-legislativa-de-sc-pl-0341-2025-2","status":"publish","type":"page","link":"https:\/\/www.legislapp.com.br\/index.php\/cam-legislativa-de-sc-pl-0341-2025-2\/","title":{"rendered":"PL.\/0341\/2025 &#8211; Dr. Vicente Caropreso"},"content":{"rendered":"<h1 style='text-align: center;'>C\u00e2m. Legislativa de SC &#8211; Autoria de Dr. Vicente Caropreso<\/h3>\n<p><\/p>\n<article style='text-align: center'>Institui linhas de cuidado especializadas para o atendimento \u00e0s v\u00edtimas de Acidente Vascular Cerebral (AVC) e Infarto Agudo do Mioc\u00e1rdio (IAM), no Estado de Santa Catarina, e estabelece diretrizes para preven\u00e7\u00e3o, diagn\u00f3stico, tratamento priorit\u00e1rio, reabilita\u00e7\u00e3o e monitoramento da qualidade.<\/article>\n<p><\/p>\n<p style='text-align: center'><a href='https:\/\/app.legislapp.com.br\/#\/busca?termo='><\/a><\/p>\n<p><\/p>\n<article>ASSEMBLEIA LEGISLATIVA GABINETE DEPUTADO DR.<br \/>\nESTADO DE SANTA CATARINA VICENTE CAROPRESO<\/p>\n<p>PROJETO DE LEI<\/p>\n<p>Institui linhas de cuidado especializadas para o atendimento<br \/>\n\u00e0s v\u00edtimas de Acidente Vascular Cerebral (AVC) e Infarto<br \/>\nAgudo do Mioc\u00e1rdio (IAM), no Estado de Santa Catarina, e<br \/>\nestabelece diretrizes para preven\u00e7\u00e3o, diagn\u00f3stico, tratamento<br \/>\npriorit\u00e1rio, reabilita\u00e7\u00e3o e monitoramento da qualidade.<\/p>\n<p>Art. 1\u00ba Ficam institu\u00eddas, no \u00e2mbito da Rede Estadual de<br \/>\nSa\u00fade do Estado de Santa Catarina, linhas de cuidado especializadas para o<br \/>\natendimento a v\u00edtimas de Acidente Vascular Cerebral (AVC) e Infarto Agudo do<br \/>\nMioc\u00e1rdio (IAM).<\/p>\n<p>\u00a7 1\u00ba As linhas de cuidado abrangem a\u00e7\u00f5es de preven\u00e7\u00e3o,<br \/>\ndiagn\u00f3stico precoce, tratamento emergencial, reabilita\u00e7\u00e3o e monitoramento da<br \/>\nqualidade.<\/p>\n<p>\u00a7 2\u00ba Para os fins desta Lei, considera-se:<\/p>\n<p>I &#8211; Acidente Vascular Cerebral (AVC): interrup\u00e7\u00e3o ou<br \/>\nrompimento do fluxo sangu\u00edneo cerebral, provocando les\u00e3o neurol\u00f3gica aguda;<\/p>\n<p>II &#8211; Infarto Agudo do Mioc\u00e1rdio (IAM): obstru\u00e7\u00e3o das art\u00e9rias<br \/>\ncoron\u00e1rias que resulta em necrose do tecido card\u00edaco; e<\/p>\n<p>III &#8211; Linha de Cuidado: organiza\u00e7\u00e3o dos servi\u00e7os de sa\u00fade de<br \/>\nforma integrada, cont\u00ednua e centrada no paciente.<\/p>\n<p>Art. 2\u00ba Compete \u00e0 Secretaria de Estado da Sa\u00fade:<\/p>\n<p>I &#8211; estabelecer protocolos cl\u00ednicos baseados em evid\u00eancias;<\/p>\n<p>II &#8211; definir o tempo m\u00e1ximo de resposta para in\u00edcio do<br \/>\ntratamento; e<\/p>\n<p>III &#8211; garantir estrutura hospitalar compat\u00edvel, incluindo<br \/>\nunidades com suporte \u00e0 tromb\u00f3lise e hemodin\u00e2mica.<\/p>\n<p>Art. 3\u00ba A estrutura\u00e7\u00e3o das linhas de cuidado observar\u00e1 os<br \/>\nseguintes princ\u00edpios:<\/p>\n<p>I &#8211; promover educa\u00e7\u00e3o em sa\u00fade sobre sintomas, urg\u00eancia<br \/>\nno atendimento e controle dos fatores de risco;<\/p>\n<p>II &#8211; incentivar ambientes saud\u00e1veis e atividade f\u00edsica regular;<\/p>\n<p>III &#8211; implementar pol\u00edticas p\u00fablicas para redu\u00e7\u00e3o de fatores de<br \/>\nrisco (tabagismo, sedentarismo, alimenta\u00e7\u00e3o inadequada, obesidade, hipertens\u00e3o,<br \/>\ndiabetes e alcoolismo);<\/p>\n<p>IV &#8211; garantir a detec\u00e7\u00e3o e tratamento precoce dos principais<br \/>\nfatores de risco cardiovascular;<br \/>\n V &#8211; estruturar o atendimento pr\u00e9-hospitalar, com prioridade<br \/>\npara os casos de AVC e IAM;<\/p>\n<p>VI &#8211; organizar centros especializados com:<\/p>\n<p>a) unidades de AVC com equipes multidisciplinares treinadas;<\/p>\n<p>b) unidades e Centros de Alta Complexidade com<br \/>\nhemodin\u00e2mica e equipe para atendimento de IAM;<\/p>\n<p>c) tratamentos agudos baseados em evid\u00eancias (tromb\u00f3lise,<br \/>\ntrombectomia, angioplastia prim\u00e1ria);<\/p>\n<p>d) acesso a exames diagn\u00f3sticos (neuroimagem e<br \/>\ncardiol\u00f3gicos);<\/p>\n<p>e) disponibiliza\u00e7\u00e3o de medicamentos para preven\u00e7\u00e3o<br \/>\nsecund\u00e1ria;<\/p>\n<p>f) transi\u00e7\u00e3o assistencial entre alta hospitalar e cuidados<br \/>\ncontinuados; e<\/p>\n<p>g) uso de telemedicina para suporte cl\u00ednico em unidades sem<br \/>\nespecialistas 24h;<\/p>\n<p>VII &#8211; ampliar o acesso \u00e0 reabilita\u00e7\u00e3o no hospital e ap\u00f3s a alta;<\/p>\n<p>VIII &#8211; capacitar os profissionais envolvidos na linha de<br \/>\ncuidado;<\/p>\n<p>IX &#8211; integrar todos os n\u00edveis de aten\u00e7\u00e3o em uma rede<br \/>\ncoordenada; e<\/p>\n<p>X &#8211; monitorar os indicadores de qualidade assistencial.<\/p>\n<p>Art. 4\u00ba O Poder P\u00fablico promover\u00e1 campanhas educativas<br \/>\nsobre preven\u00e7\u00e3o, sinais e sintomas do AVC e IAM, com materiais informativos em<br \/>\nescolas, unidades de sa\u00fade e demais \u00f3rg\u00e3os p\u00fablicos.<\/p>\n<p>Par\u00e1grafo \u00fanico. O Poder P\u00fablico oferecer\u00e1 capacita\u00e7\u00f5es<br \/>\nperi\u00f3dicas aos profissionais da sa\u00fade que atuarem na linha de cuidado.<\/p>\n<p>Art. 5\u00ba Fica institu\u00eddo o \u00cdndice de Qualidade no Atendimento<br \/>\nao AVC e IAM (IQAVC-IAM), com os seguintes indicadores:<\/p>\n<p>I &#8211; tempo m\u00e9dio para in\u00edcio do tratamento ap\u00f3s os sintomas;<\/p>\n<p>II &#8211; n\u00famero de procedimentos com sucesso (tromb\u00f3lise,<br \/>\ntrombectomia e angioplastia); <\/p>\n<p>III &#8211; cobertura do tratamento de urg\u00eancia nas regi\u00f5es do<br \/>\nEstado;<\/p>\n<p>IV &#8211; cobertura dos servi\u00e7os de reabilita\u00e7\u00e3o;<\/p>\n<p>V &#8211; n\u00edvel de satisfa\u00e7\u00e3o dos pacientes e familiares;<\/p>\n<p>VI &#8211; capacidade de detec\u00e7\u00e3o precoce e encaminhamento<br \/>\nadequado; e<\/p>\n<p>VII &#8211; taxa de mortalidade por AVC e IAM no Estado.<br \/>\nArt. 6\u00ba Esta Lei n\u00e3o impede a ado\u00e7\u00e3o de novos tratamentos<br \/>\ne tecnologias, desde que tecnicamente comprovados e aprovados pela Secretaria de<br \/>\nEstado da Sa\u00fade.<\/p>\n<p>Art. 7\u00ba O Poder Executivo regulamentar\u00e1 esta Lei.<\/p>\n<p>Art. 8\u00ba As despesas decorrentes desta Lei correr\u00e3o por conta<br \/>\ndas dota\u00e7\u00f5es or\u00e7ament\u00e1rias pr\u00f3prias, suplementadas se necess\u00e1rio. <\/p>\n<p>Art. 9\u00ba Esta Lei entra em vigor na data de sua publica\u00e7\u00e3o.<\/p>\n<p>Sala da Sess\u00f5es,     <\/p>\n<p>Deputado Dr. Vicente Caropreso<br \/>\n JUSTIFICA\u00c7\u00c3O<\/p>\n<p>O Acidente Vascular Cerebral (AVC) e o Infarto Agudo do<br \/>\nMioc\u00e1rdio (IAM) figuram, desde 2019, como as duas principais causas de mortalidade<br \/>\nno Brasil. De acordo com dados do Portal da Transpar\u00eancia do Registro Civil &#8211; CRC e<br \/>\ndo DATASUS, o AVC ultrapassa, de forma consistente, o infarto como a principal causa<br \/>\nde \u00f3bitos no pa\u00eds, uma situa\u00e7\u00e3o inversa ao padr\u00e3o global.<\/p>\n<p>Em n\u00fameros absolutos, o Brasil registrou, segundo o CRC:<\/p>\n<p>&#8211; 75.553 mortes por AVC em 2019;<br \/>\n&#8211; 76.382 em 2020;<br \/>\n&#8211; 81.822 em 2021;<br \/>\n&#8211; 87.749 em 2022;<br \/>\n&#8211; 84.931 em 2023; e<br \/>\n&#8211; 85.065 \u00f3bitos em 2024.<\/p>\n<p>J\u00e1 o infarto causou, em 2024, 77.477 mortes. No sistema do<br \/>\nDATASUS, o n\u00famero de \u00f3bitos por AVC em 2023 foi de 105.173, considerando os<br \/>\nc\u00f3digos CID I60 a I69 e G45-G46, o que inclui infarto cerebral, AVC isqu\u00eamico,<br \/>\nhemorr\u00e1gico, subaracnoide e n\u00e3o especificado.<\/p>\n<p>Esses dados evidenciam o impacto devastador do AVC e a<br \/>\nnecessidade de pol\u00edticas p\u00fablicas estruturadas para preven\u00e7\u00e3o e aten\u00e7\u00e3o cont\u00ednua. No<br \/>\nBrasil, diferentemente do padr\u00e3o global, o AVC mant\u00e9m-se como causa l\u00edder de<br \/>\nmortalidade, mesmo com uma tend\u00eancia de redu\u00e7\u00e3o mundial, conforme estudo do<br \/>\nGlobal Burden of Disease &#8211; GBD 2019, que apontou 12,2 milh\u00f5es de casos incidentes<br \/>\nde AVC no mundo em 2019, com 6,55 milh\u00f5es de mortes e uma taxa de mortalidade<br \/>\nat\u00e9 3,6 vezes maior em pa\u00edses de baixa renda em compara\u00e7\u00e3o aos pa\u00edses ricos.<\/p>\n<p>Os principais fatores de risco s\u00e3o bem documentados:<br \/>\nhipertens\u00e3o arterial (respons\u00e1vel por 55% dos anos de vida perdidos ajustados por<br \/>\nincapacidade \u2013 DALYs), obesidade, diabetes, polui\u00e7\u00e3o atmosf\u00e9rica e tabagismo.<\/p>\n<p>No Brasil, dados locais refor\u00e7am o cen\u00e1rio. O registro<br \/>\nJOINVASC, da cidade de Joinville\/SC, um dos mais avan\u00e7ados do pa\u00eds, mostra que em<br \/>\n2021 houve 950 novos casos de AVC, com uma letalidade de 12,5% em 30 dias.<br \/>\nEstima-se que a incid\u00eancia nacional anual seja de 232 a 344 mil casos, ou cerca de<br \/>\n978 por dia \u2013 um AVC a cada 1,5 a 2 minutos.<\/p>\n<p>A sobrevida ap\u00f3s um AVC tamb\u00e9m \u00e9 preocupante. Segundo<br \/>\nestudo australiano que acompanhou 313 mil pacientes por 10 anos, a taxa de<br \/>\nrecorr\u00eancia foi de 26% e a taxa de sobreviv\u00eancia ap\u00f3s 5 anos foi de apenas 52%,<br \/>\ncaindo para 36% ap\u00f3s 10 anos. Al\u00e9m disso, um AVC isqu\u00eamico pode reduzir a<br \/>\nexpectativa de vida em 5,5 anos, com perda de at\u00e9 32,7% da expectativa prevista.<\/p>\n<p>A implementa\u00e7\u00e3o de linhas de cuidado especializadas para o<br \/>\natendimento \u00e0s v\u00edtimas de AVC e IAM \u00e9 fundamental para reduzir a mortalidade e as<br \/>\nsequelas associadas a essas condi\u00e7\u00f5es. Estudos indicam que a organiza\u00e7\u00e3o de redes<br \/>\nintegradas de aten\u00e7\u00e3o \u00e0 sa\u00fade, com protocolos bem definidos, pode reduzir a<br \/>\nmortalidade por AVC e IAM em at\u00e9 30% e as sequelas graves em at\u00e9 40%.<\/p>\n<p>Al\u00e9m disso, a cada 1% de aumento no controle populacional<br \/>\nda hipertens\u00e3o arterial, estima-se uma redu\u00e7\u00e3o de 2,9% nos \u00f3bitos por doen\u00e7as<br \/>\ncard\u00edacas isqu\u00eamicas e de 2,37% nos \u00f3bitos por AVC, conforme dados da Organiza\u00e7\u00e3o<br \/>\nPan-Americana da Sa\u00fade &#8211; OPAS.<\/p>\n<p>Diante desse cen\u00e1rio alarmante, torna-se essencial estruturar<br \/>\numa linha de cuidado integrada e especializada para v\u00edtimas de AVC e IAM em Santa<br \/>\nCatarina, com a\u00e7\u00f5es que envolvam preven\u00e7\u00e3o, diagn\u00f3stico precoce, atendimentopriorit\u00e1rio, reabilita\u00e7\u00e3o e monitoramento por indicadores de qualidade. A cria\u00e7\u00e3o do<br \/>\n\u00cdndice de Qualidade no Atendimento ao AVC e IAM (IQAVC-IAM) \u00e9 uma ferramenta<br \/>\nnecess\u00e1ria para acompanhar e aprimorar continuamente os servi\u00e7os prestados.<\/p>\n<p>Esta proposta se alinha a evid\u00eancias cient\u00edficas e \u00e0s<br \/>\nmelhores pr\u00e1ticas internacionais, garantindo ao cidad\u00e3o catarinense acesso qualificado<br \/>\nao cuidado em sa\u00fade cardiovascular, al\u00e9m de contribuir significativamente para a<br \/>\nredu\u00e7\u00e3o de mortes e sequelas evit\u00e1veis.<br \/>\nPor estas raz\u00f5es solicito aos nobres deputados a aprova\u00e7\u00e3o<br \/>\ndo projeto de lei. <\/p>\n<p>Sala da Sess\u00f5es,     <\/p>\n<p>Deputado Dr. Vicente Caropreso<\/p>\n<p>ELEGIS<br \/>\nDocumento assinado eletronicamente por Vicente Augusto<br \/>\nSistema de Processo<br \/>\nCaropreso, em 06\/06\/2025, \u00e0s 15:14.<br \/>\nLegislativo Eletr\u00f4nico<\/article>\n<div style=\"text-align: center\">\n<div style=\"margin-bottom: 20px;\" class=\"et_pb_button_module_wrapper et_pb_button_5_tb_body_wrapper et_pb_button_alignment_center et_pb_module \">\n         <a class=\"et_pb_button et_pb_button_5_tb_body et_hover_enabled et_pb_bg_layout_dark\" style=\"width: 50%;background-color: black;\" href=\"https:\/\/app.legislapp.com.br\" target=\"_blank\" rel=\"noopener\">Visualizar completo na nossa plataforma (30 dias gr\u00e1tis)<\/a><\/p><\/div>\n<p>      <a href=\"https:\/\/play.google.com\/store\/apps\/details?id=br.com.legislapp\"><img decoding=\"async\" style=\"width: 15%; min-width: 130px;\" src=\"https:\/\/www.legislapp.com.br\/wp-content\/uploads\/google-play.png\"><\/a><br \/>\n      <a href=\"https:\/\/apps.apple.com\/us\/app\/legislapp\/id1568929859\"><img decoding=\"async\" style=\"width: 15%; min-width: 130px\" src=\"https:\/\/www.legislapp.com.br\/wp-content\/uploads\/apple-store.png\"><\/a>\n   <\/div>\n","protected":false},"excerpt":{"rendered":"<p>C\u00e2m. Legislativa de SC &#8211; Autoria de Dr. Vicente Caropreso Institui linhas de cuidado especializadas para o atendimento \u00e0s v\u00edtimas de Acidente Vascular Cerebral (AVC) e Infarto Agudo do Mioc\u00e1rdio (IAM), no Estado de Santa Catarina, e estabelece diretrizes para preven\u00e7\u00e3o, diagn\u00f3stico, tratamento priorit\u00e1rio, reabilita\u00e7\u00e3o e monitoramento da qualidade. ASSEMBLEIA LEGISLATIVA GABINETE DEPUTADO DR. ESTADO [&hellip;]<\/p>\n","protected":false},"author":1,"featured_media":0,"parent":0,"menu_order":0,"comment_status":"closed","ping_status":"closed","template":"page-template-blank.php","meta":{"_et_pb_use_builder":"","_et_pb_old_content":"","_et_gb_content_width":"1080","ngg_post_thumbnail":0,"footnotes":""},"class_list":["post-7487","page","type-page","status-publish","hentry"],"yoast_head":"<!-- This site is optimized with the Yoast SEO plugin v24.4 - https:\/\/yoast.com\/wordpress\/plugins\/seo\/ -->\n<title>PL.\/0341\/2025 - Dr. Vicente Caropreso - Legislapp<\/title>\n<meta name=\"robots\" content=\"index, follow, max-snippet:-1, max-image-preview:large, max-video-preview:-1\" \/>\n<link rel=\"canonical\" href=\"https:\/\/www.legislapp.com.br\/index.php\/cam-legislativa-de-sc-pl-0341-2025-2\/\" \/>\n<meta property=\"og:locale\" content=\"pt_BR\" \/>\n<meta property=\"og:type\" content=\"article\" \/>\n<meta property=\"og:title\" content=\"PL.\/0341\/2025 - Dr. Vicente Caropreso - Legislapp\" \/>\n<meta property=\"og:description\" content=\"C\u00e2m. Legislativa de SC &#8211; Autoria de Dr. Vicente Caropreso Institui linhas de cuidado especializadas para o atendimento \u00e0s v\u00edtimas de Acidente Vascular Cerebral (AVC) e Infarto Agudo do Mioc\u00e1rdio (IAM), no Estado de Santa Catarina, e estabelece diretrizes para preven\u00e7\u00e3o, diagn\u00f3stico, tratamento priorit\u00e1rio, reabilita\u00e7\u00e3o e monitoramento da qualidade. ASSEMBLEIA LEGISLATIVA GABINETE DEPUTADO DR. ESTADO [&hellip;]\" \/>\n<meta property=\"og:url\" content=\"https:\/\/www.legislapp.com.br\/index.php\/cam-legislativa-de-sc-pl-0341-2025-2\/\" \/>\n<meta property=\"og:site_name\" content=\"Legislapp\" \/>\n<meta property=\"article:publisher\" content=\"https:\/\/www.instagram.com\/legislapp\/\" \/>\n<meta property=\"og:image\" content=\"https:\/\/www.legislapp.com.br\/wp-content\/uploads\/google-play.png\" \/>\n<meta name=\"twitter:card\" content=\"summary_large_image\" \/>\n<meta name=\"twitter:label1\" content=\"Est. tempo de leitura\" \/>\n\t<meta name=\"twitter:data1\" content=\"7 minutos\" \/>\n<script type=\"application\/ld+json\" class=\"yoast-schema-graph\">{\"@context\":\"https:\/\/schema.org\",\"@graph\":[{\"@type\":\"WebPage\",\"@id\":\"https:\/\/www.legislapp.com.br\/index.php\/cam-legislativa-de-sc-pl-0341-2025-2\/\",\"url\":\"https:\/\/www.legislapp.com.br\/index.php\/cam-legislativa-de-sc-pl-0341-2025-2\/\",\"name\":\"PL.\/0341\/2025 - Dr. Vicente Caropreso - Legislapp\",\"isPartOf\":{\"@id\":\"https:\/\/www.legislapp.com.br\/#website\"},\"primaryImageOfPage\":{\"@id\":\"https:\/\/www.legislapp.com.br\/index.php\/cam-legislativa-de-sc-pl-0341-2025-2\/#primaryimage\"},\"image\":{\"@id\":\"https:\/\/www.legislapp.com.br\/index.php\/cam-legislativa-de-sc-pl-0341-2025-2\/#primaryimage\"},\"thumbnailUrl\":\"https:\/\/www.legislapp.com.br\/wp-content\/uploads\/google-play.png\",\"datePublished\":\"2025-09-17T16:33:47+00:00\",\"breadcrumb\":{\"@id\":\"https:\/\/www.legislapp.com.br\/index.php\/cam-legislativa-de-sc-pl-0341-2025-2\/#breadcrumb\"},\"inLanguage\":\"pt-BR\",\"potentialAction\":[{\"@type\":\"ReadAction\",\"target\":[\"https:\/\/www.legislapp.com.br\/index.php\/cam-legislativa-de-sc-pl-0341-2025-2\/\"]}]},{\"@type\":\"ImageObject\",\"inLanguage\":\"pt-BR\",\"@id\":\"https:\/\/www.legislapp.com.br\/index.php\/cam-legislativa-de-sc-pl-0341-2025-2\/#primaryimage\",\"url\":\"https:\/\/www.legislapp.com.br\/wp-content\/uploads\/google-play.png\",\"contentUrl\":\"https:\/\/www.legislapp.com.br\/wp-content\/uploads\/google-play.png\",\"width\":564,\"height\":168},{\"@type\":\"BreadcrumbList\",\"@id\":\"https:\/\/www.legislapp.com.br\/index.php\/cam-legislativa-de-sc-pl-0341-2025-2\/#breadcrumb\",\"itemListElement\":[{\"@type\":\"ListItem\",\"position\":1,\"name\":\"In\u00edcio\",\"item\":\"https:\/\/www.legislapp.com.br\/\"},{\"@type\":\"ListItem\",\"position\":2,\"name\":\"PL.\/0341\/2025 &#8211; Dr. Vicente Caropreso\"}]},{\"@type\":\"WebSite\",\"@id\":\"https:\/\/www.legislapp.com.br\/#website\",\"url\":\"https:\/\/www.legislapp.com.br\/\",\"name\":\"Legislapp\",\"description\":\"Intelig\u00eancia governamental em tempo real\",\"publisher\":{\"@id\":\"https:\/\/www.legislapp.com.br\/#organization\"},\"potentialAction\":[{\"@type\":\"SearchAction\",\"target\":{\"@type\":\"EntryPoint\",\"urlTemplate\":\"https:\/\/www.legislapp.com.br\/?s={search_term_string}\"},\"query-input\":{\"@type\":\"PropertyValueSpecification\",\"valueRequired\":true,\"valueName\":\"search_term_string\"}}],\"inLanguage\":\"pt-BR\"},{\"@type\":\"Organization\",\"@id\":\"https:\/\/www.legislapp.com.br\/#organization\",\"name\":\"Legislapp Monitoramento e Intelig\u00eancia Governamental\",\"url\":\"https:\/\/www.legislapp.com.br\/\",\"logo\":{\"@type\":\"ImageObject\",\"inLanguage\":\"pt-BR\",\"@id\":\"https:\/\/www.legislapp.com.br\/#\/schema\/logo\/image\/\",\"url\":\"https:\/\/www.legislapp.com.br\/wp-content\/uploads\/icon.png\",\"contentUrl\":\"https:\/\/www.legislapp.com.br\/wp-content\/uploads\/icon.png\",\"width\":1024,\"height\":1024,\"caption\":\"Legislapp Monitoramento e Intelig\u00eancia Governamental\"},\"image\":{\"@id\":\"https:\/\/www.legislapp.com.br\/#\/schema\/logo\/image\/\"},\"sameAs\":[\"https:\/\/www.instagram.com\/legislapp\/\"]}]}<\/script>\n<!-- \/ Yoast SEO plugin. -->","yoast_head_json":{"title":"PL.\/0341\/2025 - Dr. Vicente Caropreso - Legislapp","robots":{"index":"index","follow":"follow","max-snippet":"max-snippet:-1","max-image-preview":"max-image-preview:large","max-video-preview":"max-video-preview:-1"},"canonical":"https:\/\/www.legislapp.com.br\/index.php\/cam-legislativa-de-sc-pl-0341-2025-2\/","og_locale":"pt_BR","og_type":"article","og_title":"PL.\/0341\/2025 - Dr. Vicente Caropreso - Legislapp","og_description":"C\u00e2m. Legislativa de SC &#8211; Autoria de Dr. Vicente Caropreso Institui linhas de cuidado especializadas para o atendimento \u00e0s v\u00edtimas de Acidente Vascular Cerebral (AVC) e Infarto Agudo do Mioc\u00e1rdio (IAM), no Estado de Santa Catarina, e estabelece diretrizes para preven\u00e7\u00e3o, diagn\u00f3stico, tratamento priorit\u00e1rio, reabilita\u00e7\u00e3o e monitoramento da qualidade. ASSEMBLEIA LEGISLATIVA GABINETE DEPUTADO DR. ESTADO [&hellip;]","og_url":"https:\/\/www.legislapp.com.br\/index.php\/cam-legislativa-de-sc-pl-0341-2025-2\/","og_site_name":"Legislapp","article_publisher":"https:\/\/www.instagram.com\/legislapp\/","og_image":[{"url":"https:\/\/www.legislapp.com.br\/wp-content\/uploads\/google-play.png","type":"","width":"","height":""}],"twitter_card":"summary_large_image","twitter_misc":{"Est. tempo de leitura":"7 minutos"},"schema":{"@context":"https:\/\/schema.org","@graph":[{"@type":"WebPage","@id":"https:\/\/www.legislapp.com.br\/index.php\/cam-legislativa-de-sc-pl-0341-2025-2\/","url":"https:\/\/www.legislapp.com.br\/index.php\/cam-legislativa-de-sc-pl-0341-2025-2\/","name":"PL.\/0341\/2025 - Dr. Vicente Caropreso - Legislapp","isPartOf":{"@id":"https:\/\/www.legislapp.com.br\/#website"},"primaryImageOfPage":{"@id":"https:\/\/www.legislapp.com.br\/index.php\/cam-legislativa-de-sc-pl-0341-2025-2\/#primaryimage"},"image":{"@id":"https:\/\/www.legislapp.com.br\/index.php\/cam-legislativa-de-sc-pl-0341-2025-2\/#primaryimage"},"thumbnailUrl":"https:\/\/www.legislapp.com.br\/wp-content\/uploads\/google-play.png","datePublished":"2025-09-17T16:33:47+00:00","breadcrumb":{"@id":"https:\/\/www.legislapp.com.br\/index.php\/cam-legislativa-de-sc-pl-0341-2025-2\/#breadcrumb"},"inLanguage":"pt-BR","potentialAction":[{"@type":"ReadAction","target":["https:\/\/www.legislapp.com.br\/index.php\/cam-legislativa-de-sc-pl-0341-2025-2\/"]}]},{"@type":"ImageObject","inLanguage":"pt-BR","@id":"https:\/\/www.legislapp.com.br\/index.php\/cam-legislativa-de-sc-pl-0341-2025-2\/#primaryimage","url":"https:\/\/www.legislapp.com.br\/wp-content\/uploads\/google-play.png","contentUrl":"https:\/\/www.legislapp.com.br\/wp-content\/uploads\/google-play.png","width":564,"height":168},{"@type":"BreadcrumbList","@id":"https:\/\/www.legislapp.com.br\/index.php\/cam-legislativa-de-sc-pl-0341-2025-2\/#breadcrumb","itemListElement":[{"@type":"ListItem","position":1,"name":"In\u00edcio","item":"https:\/\/www.legislapp.com.br\/"},{"@type":"ListItem","position":2,"name":"PL.\/0341\/2025 &#8211; Dr. Vicente Caropreso"}]},{"@type":"WebSite","@id":"https:\/\/www.legislapp.com.br\/#website","url":"https:\/\/www.legislapp.com.br\/","name":"Legislapp","description":"Intelig\u00eancia governamental em tempo real","publisher":{"@id":"https:\/\/www.legislapp.com.br\/#organization"},"potentialAction":[{"@type":"SearchAction","target":{"@type":"EntryPoint","urlTemplate":"https:\/\/www.legislapp.com.br\/?s={search_term_string}"},"query-input":{"@type":"PropertyValueSpecification","valueRequired":true,"valueName":"search_term_string"}}],"inLanguage":"pt-BR"},{"@type":"Organization","@id":"https:\/\/www.legislapp.com.br\/#organization","name":"Legislapp Monitoramento e Intelig\u00eancia Governamental","url":"https:\/\/www.legislapp.com.br\/","logo":{"@type":"ImageObject","inLanguage":"pt-BR","@id":"https:\/\/www.legislapp.com.br\/#\/schema\/logo\/image\/","url":"https:\/\/www.legislapp.com.br\/wp-content\/uploads\/icon.png","contentUrl":"https:\/\/www.legislapp.com.br\/wp-content\/uploads\/icon.png","width":1024,"height":1024,"caption":"Legislapp Monitoramento e Intelig\u00eancia Governamental"},"image":{"@id":"https:\/\/www.legislapp.com.br\/#\/schema\/logo\/image\/"},"sameAs":["https:\/\/www.instagram.com\/legislapp\/"]}]}},"_links":{"self":[{"href":"https:\/\/www.legislapp.com.br\/index.php\/wp-json\/wp\/v2\/pages\/7487","targetHints":{"allow":["GET"]}}],"collection":[{"href":"https:\/\/www.legislapp.com.br\/index.php\/wp-json\/wp\/v2\/pages"}],"about":[{"href":"https:\/\/www.legislapp.com.br\/index.php\/wp-json\/wp\/v2\/types\/page"}],"author":[{"embeddable":true,"href":"https:\/\/www.legislapp.com.br\/index.php\/wp-json\/wp\/v2\/users\/1"}],"replies":[{"embeddable":true,"href":"https:\/\/www.legislapp.com.br\/index.php\/wp-json\/wp\/v2\/comments?post=7487"}],"version-history":[{"count":0,"href":"https:\/\/www.legislapp.com.br\/index.php\/wp-json\/wp\/v2\/pages\/7487\/revisions"}],"wp:attachment":[{"href":"https:\/\/www.legislapp.com.br\/index.php\/wp-json\/wp\/v2\/media?parent=7487"}],"curies":[{"name":"wp","href":"https:\/\/api.w.org\/{rel}","templated":true}]}}