{"id":7547,"date":"2025-09-17T13:37:06","date_gmt":"2025-09-17T16:37:06","guid":{"rendered":"https:\/\/www.legislapp.com.br\/index.php\/cam-legislativa-de-sc-pl-0339-2025-2\/"},"modified":"2025-09-17T13:37:06","modified_gmt":"2025-09-17T16:37:06","slug":"cam-legislativa-de-sc-pl-0339-2025-2","status":"publish","type":"page","link":"https:\/\/www.legislapp.com.br\/index.php\/cam-legislativa-de-sc-pl-0339-2025-2\/","title":{"rendered":"PL.\/0339\/2025 &#8211; Jair Miotto"},"content":{"rendered":"<h1 style='text-align: center;'>C\u00e2m. Legislativa de SC &#8211; Autoria de Jair Miotto<\/h3>\n<p><\/p>\n<article style='text-align: center'>Disp\u00f5e sobre a leitura b\u00edblica como recurso paradid\u00e1tico nas escolas p\u00fablicas e particulares do Estado de Santa Catarina.<\/article>\n<p><\/p>\n<p style='text-align: center'><a href='https:\/\/app.legislapp.com.br\/#\/busca?termo='><\/a><\/p>\n<p><\/p>\n<article>\n<p>                                                   PROJETO DE LEI  <\/p>\n<p>Disp\u00f5e sobre a leitura b\u00edblica como recurso<br \/>\nparadid\u00e1tico nas escolas p\u00fablicas e particulares<br \/>\ndo Estado de Santa Catarina. <\/p>\n<p>Art. 1\u00ba &#8211; A leitura da B\u00edblia Sagrada poder\u00e1 ser realizada nas escolas p\u00fablicas e<br \/>\nparticulares do Estado de Santa Catarina como recurso paradid\u00e1tico para a dissemina\u00e7\u00e3o<br \/>\ncultural, hist\u00f3rica, geogr\u00e1fica e arqueol\u00f3gica de seu conte\u00fado. <\/p>\n<p>Par\u00e1grafo \u00fanico &#8211; As hist\u00f3rias b\u00edblicas utilizadas dever\u00e3o auxiliar os projetos escolares<br \/>\nde ensino correlatos nas \u00e1reas de Hist\u00f3ria, Literatura, Ensino Religioso, Artes e<br \/>\nFilosofia, bem como outras atividades pedag\u00f3gicas complementares pertinentes. <\/p>\n<p>Art. 2\u00ba &#8211; Nenhum aluno ser\u00e1 obrigado a participar da atividade a que se refere esta lei,<br \/>\nsendo garantida a liberdade religiosa nos termos da Constitui\u00e7\u00e3o Federal. <\/p>\n<p>Art. 3\u00ba &#8211; O Executivo estabelecer\u00e1 crit\u00e9rios, diretrizes e estrat\u00e9gias para viabilizar a<br \/>\nleitura da B\u00edblia Sagrada, conforme estabelecido no art. 1\u00ba desta lei. <\/p>\n<p>Art. 4\u00ba &#8211; As despesas com a execu\u00e7\u00e3o desta lei correr\u00e3o por conta de dota\u00e7\u00f5es<br \/>\nor\u00e7ament\u00e1rias pr\u00f3prias, suplementadas se necess\u00e1rio. <\/p>\n<p>Art. 5\u00ba &#8211; Esta lei entra em vigor na data de sua publica\u00e7\u00e3o. <\/p>\n<p>Sala das Sess\u00f5es, em 04\/06\/2025. <\/p>\n<p>     Jair Miotto<br \/>\nDeputado Estadual <\/p>\n<p>JUSTIFICATIVA <\/p>\n<p>O presente Projeto de Lei tem como objetivo incluir a leitura da B\u00edblia Sagrada<br \/>\nnas escolas p\u00fablicas e particulares como recurso paradid\u00e1tico para a dissemina\u00e7\u00e3o<br \/>\ncultural, hist\u00f3rica, geogr\u00e1fica e arqueol\u00f3gica de seu conte\u00fado.  <\/p>\n<p>De acordo com o Guiness World Records, a B\u00edblia Sagrada \u00e9 o livro mais lido<br \/>\ndo mundo, com mais de cinco bilh\u00f5es de unidades vendidas ao longo da hist\u00f3ria. Esse<br \/>\nfato isolado j\u00e1 confere a este livro sagrado uma import\u00e2ncia maior do que a soma de<br \/>\ntodos os outros livros paradid\u00e1ticos, mas a sua relev\u00e2ncia n\u00e3o para por a\u00ed. A B\u00edblia \u00e9,<br \/>\nal\u00e9m de um livro crist\u00e3o, um livro hist\u00f3rico com descri\u00e7\u00f5es precisas de um tempo<br \/>\nlong\u00ednquo. Mais de meia d\u00fazia dos livros contidos na B\u00edblia s\u00e3o denominados como<br \/>\nhist\u00f3ricos, servindo para contar, de maneira detalhada, a hist\u00f3ria do povo de Israel. De<br \/>\nigual maneira, os quatro primeiros livros do Novo Testamento \u2014 Mateus, Marcos,<br \/>\nLucas e Jo\u00e3o \u2014 dedicam-se a contar a hist\u00f3ria da vida de Jesus Cristo, o ser humano<br \/>\nmais importante que j\u00e1 caminhou por esta terra, bem como os ensinamentos que dera<br \/>\nem seu tempo.  <\/p>\n<p> Portanto, mais do que um livro para crist\u00e3os, a B\u00edblia Sagrada \u00e9 tamb\u00e9m um<br \/>\nlivro rico em hist\u00f3ria, cultura, filosofia, arqueologia e ensinamentos de muito valor,<br \/>\nraz\u00e3o pela qual ser\u00e1 muito proveitoso que nossas crian\u00e7as tenham contato com esse tipo<br \/>\nde conte\u00fado, caso seus respons\u00e1veis legais achem que seja pertinente.  <\/p>\n<p>Por estes motivos, solicito o apoio dos nobres Colegas na sua aprova\u00e7\u00e3o.  <\/p>\n<p>Sala das Sess\u00f5es, em 04\/06\/2025. <\/p>\n<p>     Jair Miotto<br \/>\nDeputado Estadual <\/p>\n<\/article>\n<div style=\"text-align: center\">\n<div style=\"margin-bottom: 20px;\" class=\"et_pb_button_module_wrapper et_pb_button_5_tb_body_wrapper et_pb_button_alignment_center et_pb_module \">\n         <a class=\"et_pb_button et_pb_button_5_tb_body et_hover_enabled et_pb_bg_layout_dark\" style=\"width: 50%;background-color: black;\" href=\"https:\/\/app.legislapp.com.br\" target=\"_blank\" rel=\"noopener\">Visualizar completo na nossa plataforma (30 dias gr\u00e1tis)<\/a><\/p><\/div>\n<p>      <a href=\"https:\/\/play.google.com\/store\/apps\/details?id=br.com.legislapp\"><img decoding=\"async\" style=\"width: 15%; min-width: 130px;\" src=\"https:\/\/www.legislapp.com.br\/wp-content\/uploads\/google-play.png\"><\/a><br \/>\n      <a href=\"https:\/\/apps.apple.com\/us\/app\/legislapp\/id1568929859\"><img decoding=\"async\" style=\"width: 15%; min-width: 130px\" src=\"https:\/\/www.legislapp.com.br\/wp-content\/uploads\/apple-store.png\"><\/a>\n   <\/div>\n","protected":false},"excerpt":{"rendered":"<p>C\u00e2m. Legislativa de SC &#8211; Autoria de Jair Miotto Disp\u00f5e sobre a leitura b\u00edblica como recurso paradid\u00e1tico nas escolas p\u00fablicas e particulares do Estado de Santa Catarina. PROJETO DE LEI Disp\u00f5e sobre a leitura b\u00edblica como recurso paradid\u00e1tico nas escolas p\u00fablicas e particulares do Estado de Santa Catarina. Art. 1\u00ba &#8211; A leitura da B\u00edblia [&hellip;]<\/p>\n","protected":false},"author":1,"featured_media":0,"parent":0,"menu_order":0,"comment_status":"closed","ping_status":"closed","template":"page-template-blank.php","meta":{"_et_pb_use_builder":"","_et_pb_old_content":"","_et_gb_content_width":"1080","ngg_post_thumbnail":0,"footnotes":""},"class_list":["post-7547","page","type-page","status-publish","hentry"],"yoast_head":"<!-- This site is optimized with the Yoast SEO plugin v24.4 - https:\/\/yoast.com\/wordpress\/plugins\/seo\/ -->\n<title>PL.\/0339\/2025 - Jair Miotto - Legislapp<\/title>\n<meta name=\"robots\" content=\"index, follow, max-snippet:-1, max-image-preview:large, max-video-preview:-1\" \/>\n<link rel=\"canonical\" href=\"https:\/\/www.legislapp.com.br\/index.php\/cam-legislativa-de-sc-pl-0339-2025-2\/\" \/>\n<meta property=\"og:locale\" content=\"pt_BR\" \/>\n<meta property=\"og:type\" content=\"article\" \/>\n<meta property=\"og:title\" content=\"PL.\/0339\/2025 - Jair Miotto - Legislapp\" \/>\n<meta property=\"og:description\" content=\"C\u00e2m. Legislativa de SC &#8211; Autoria de Jair Miotto Disp\u00f5e sobre a leitura b\u00edblica como recurso paradid\u00e1tico nas escolas p\u00fablicas e particulares do Estado de Santa Catarina. PROJETO DE LEI Disp\u00f5e sobre a leitura b\u00edblica como recurso paradid\u00e1tico nas escolas p\u00fablicas e particulares do Estado de Santa Catarina. Art. 1\u00ba &#8211; A leitura da B\u00edblia [&hellip;]\" \/>\n<meta property=\"og:url\" content=\"https:\/\/www.legislapp.com.br\/index.php\/cam-legislativa-de-sc-pl-0339-2025-2\/\" \/>\n<meta property=\"og:site_name\" content=\"Legislapp\" \/>\n<meta property=\"article:publisher\" content=\"https:\/\/www.instagram.com\/legislapp\/\" \/>\n<meta property=\"og:image\" content=\"https:\/\/www.legislapp.com.br\/wp-content\/uploads\/google-play.png\" \/>\n<meta name=\"twitter:card\" content=\"summary_large_image\" \/>\n<meta name=\"twitter:label1\" content=\"Est. tempo de leitura\" \/>\n\t<meta name=\"twitter:data1\" content=\"3 minutos\" \/>\n<script type=\"application\/ld+json\" class=\"yoast-schema-graph\">{\"@context\":\"https:\/\/schema.org\",\"@graph\":[{\"@type\":\"WebPage\",\"@id\":\"https:\/\/www.legislapp.com.br\/index.php\/cam-legislativa-de-sc-pl-0339-2025-2\/\",\"url\":\"https:\/\/www.legislapp.com.br\/index.php\/cam-legislativa-de-sc-pl-0339-2025-2\/\",\"name\":\"PL.\/0339\/2025 - Jair Miotto - Legislapp\",\"isPartOf\":{\"@id\":\"https:\/\/www.legislapp.com.br\/#website\"},\"primaryImageOfPage\":{\"@id\":\"https:\/\/www.legislapp.com.br\/index.php\/cam-legislativa-de-sc-pl-0339-2025-2\/#primaryimage\"},\"image\":{\"@id\":\"https:\/\/www.legislapp.com.br\/index.php\/cam-legislativa-de-sc-pl-0339-2025-2\/#primaryimage\"},\"thumbnailUrl\":\"https:\/\/www.legislapp.com.br\/wp-content\/uploads\/google-play.png\",\"datePublished\":\"2025-09-17T16:37:06+00:00\",\"breadcrumb\":{\"@id\":\"https:\/\/www.legislapp.com.br\/index.php\/cam-legislativa-de-sc-pl-0339-2025-2\/#breadcrumb\"},\"inLanguage\":\"pt-BR\",\"potentialAction\":[{\"@type\":\"ReadAction\",\"target\":[\"https:\/\/www.legislapp.com.br\/index.php\/cam-legislativa-de-sc-pl-0339-2025-2\/\"]}]},{\"@type\":\"ImageObject\",\"inLanguage\":\"pt-BR\",\"@id\":\"https:\/\/www.legislapp.com.br\/index.php\/cam-legislativa-de-sc-pl-0339-2025-2\/#primaryimage\",\"url\":\"https:\/\/www.legislapp.com.br\/wp-content\/uploads\/google-play.png\",\"contentUrl\":\"https:\/\/www.legislapp.com.br\/wp-content\/uploads\/google-play.png\",\"width\":564,\"height\":168},{\"@type\":\"BreadcrumbList\",\"@id\":\"https:\/\/www.legislapp.com.br\/index.php\/cam-legislativa-de-sc-pl-0339-2025-2\/#breadcrumb\",\"itemListElement\":[{\"@type\":\"ListItem\",\"position\":1,\"name\":\"In\u00edcio\",\"item\":\"https:\/\/www.legislapp.com.br\/\"},{\"@type\":\"ListItem\",\"position\":2,\"name\":\"PL.\/0339\/2025 &#8211; Jair Miotto\"}]},{\"@type\":\"WebSite\",\"@id\":\"https:\/\/www.legislapp.com.br\/#website\",\"url\":\"https:\/\/www.legislapp.com.br\/\",\"name\":\"Legislapp\",\"description\":\"Intelig\u00eancia governamental em tempo real\",\"publisher\":{\"@id\":\"https:\/\/www.legislapp.com.br\/#organization\"},\"potentialAction\":[{\"@type\":\"SearchAction\",\"target\":{\"@type\":\"EntryPoint\",\"urlTemplate\":\"https:\/\/www.legislapp.com.br\/?s={search_term_string}\"},\"query-input\":{\"@type\":\"PropertyValueSpecification\",\"valueRequired\":true,\"valueName\":\"search_term_string\"}}],\"inLanguage\":\"pt-BR\"},{\"@type\":\"Organization\",\"@id\":\"https:\/\/www.legislapp.com.br\/#organization\",\"name\":\"Legislapp Monitoramento e Intelig\u00eancia Governamental\",\"url\":\"https:\/\/www.legislapp.com.br\/\",\"logo\":{\"@type\":\"ImageObject\",\"inLanguage\":\"pt-BR\",\"@id\":\"https:\/\/www.legislapp.com.br\/#\/schema\/logo\/image\/\",\"url\":\"https:\/\/www.legislapp.com.br\/wp-content\/uploads\/icon.png\",\"contentUrl\":\"https:\/\/www.legislapp.com.br\/wp-content\/uploads\/icon.png\",\"width\":1024,\"height\":1024,\"caption\":\"Legislapp Monitoramento e Intelig\u00eancia Governamental\"},\"image\":{\"@id\":\"https:\/\/www.legislapp.com.br\/#\/schema\/logo\/image\/\"},\"sameAs\":[\"https:\/\/www.instagram.com\/legislapp\/\"]}]}<\/script>\n<!-- \/ Yoast SEO plugin. -->","yoast_head_json":{"title":"PL.\/0339\/2025 - Jair Miotto - Legislapp","robots":{"index":"index","follow":"follow","max-snippet":"max-snippet:-1","max-image-preview":"max-image-preview:large","max-video-preview":"max-video-preview:-1"},"canonical":"https:\/\/www.legislapp.com.br\/index.php\/cam-legislativa-de-sc-pl-0339-2025-2\/","og_locale":"pt_BR","og_type":"article","og_title":"PL.\/0339\/2025 - Jair Miotto - Legislapp","og_description":"C\u00e2m. Legislativa de SC &#8211; Autoria de Jair Miotto Disp\u00f5e sobre a leitura b\u00edblica como recurso paradid\u00e1tico nas escolas p\u00fablicas e particulares do Estado de Santa Catarina. PROJETO DE LEI Disp\u00f5e sobre a leitura b\u00edblica como recurso paradid\u00e1tico nas escolas p\u00fablicas e particulares do Estado de Santa Catarina. Art. 1\u00ba &#8211; A leitura da B\u00edblia [&hellip;]","og_url":"https:\/\/www.legislapp.com.br\/index.php\/cam-legislativa-de-sc-pl-0339-2025-2\/","og_site_name":"Legislapp","article_publisher":"https:\/\/www.instagram.com\/legislapp\/","og_image":[{"url":"https:\/\/www.legislapp.com.br\/wp-content\/uploads\/google-play.png","type":"","width":"","height":""}],"twitter_card":"summary_large_image","twitter_misc":{"Est. tempo de leitura":"3 minutos"},"schema":{"@context":"https:\/\/schema.org","@graph":[{"@type":"WebPage","@id":"https:\/\/www.legislapp.com.br\/index.php\/cam-legislativa-de-sc-pl-0339-2025-2\/","url":"https:\/\/www.legislapp.com.br\/index.php\/cam-legislativa-de-sc-pl-0339-2025-2\/","name":"PL.\/0339\/2025 - Jair Miotto - Legislapp","isPartOf":{"@id":"https:\/\/www.legislapp.com.br\/#website"},"primaryImageOfPage":{"@id":"https:\/\/www.legislapp.com.br\/index.php\/cam-legislativa-de-sc-pl-0339-2025-2\/#primaryimage"},"image":{"@id":"https:\/\/www.legislapp.com.br\/index.php\/cam-legislativa-de-sc-pl-0339-2025-2\/#primaryimage"},"thumbnailUrl":"https:\/\/www.legislapp.com.br\/wp-content\/uploads\/google-play.png","datePublished":"2025-09-17T16:37:06+00:00","breadcrumb":{"@id":"https:\/\/www.legislapp.com.br\/index.php\/cam-legislativa-de-sc-pl-0339-2025-2\/#breadcrumb"},"inLanguage":"pt-BR","potentialAction":[{"@type":"ReadAction","target":["https:\/\/www.legislapp.com.br\/index.php\/cam-legislativa-de-sc-pl-0339-2025-2\/"]}]},{"@type":"ImageObject","inLanguage":"pt-BR","@id":"https:\/\/www.legislapp.com.br\/index.php\/cam-legislativa-de-sc-pl-0339-2025-2\/#primaryimage","url":"https:\/\/www.legislapp.com.br\/wp-content\/uploads\/google-play.png","contentUrl":"https:\/\/www.legislapp.com.br\/wp-content\/uploads\/google-play.png","width":564,"height":168},{"@type":"BreadcrumbList","@id":"https:\/\/www.legislapp.com.br\/index.php\/cam-legislativa-de-sc-pl-0339-2025-2\/#breadcrumb","itemListElement":[{"@type":"ListItem","position":1,"name":"In\u00edcio","item":"https:\/\/www.legislapp.com.br\/"},{"@type":"ListItem","position":2,"name":"PL.\/0339\/2025 &#8211; Jair Miotto"}]},{"@type":"WebSite","@id":"https:\/\/www.legislapp.com.br\/#website","url":"https:\/\/www.legislapp.com.br\/","name":"Legislapp","description":"Intelig\u00eancia governamental em tempo real","publisher":{"@id":"https:\/\/www.legislapp.com.br\/#organization"},"potentialAction":[{"@type":"SearchAction","target":{"@type":"EntryPoint","urlTemplate":"https:\/\/www.legislapp.com.br\/?s={search_term_string}"},"query-input":{"@type":"PropertyValueSpecification","valueRequired":true,"valueName":"search_term_string"}}],"inLanguage":"pt-BR"},{"@type":"Organization","@id":"https:\/\/www.legislapp.com.br\/#organization","name":"Legislapp Monitoramento e Intelig\u00eancia Governamental","url":"https:\/\/www.legislapp.com.br\/","logo":{"@type":"ImageObject","inLanguage":"pt-BR","@id":"https:\/\/www.legislapp.com.br\/#\/schema\/logo\/image\/","url":"https:\/\/www.legislapp.com.br\/wp-content\/uploads\/icon.png","contentUrl":"https:\/\/www.legislapp.com.br\/wp-content\/uploads\/icon.png","width":1024,"height":1024,"caption":"Legislapp Monitoramento e Intelig\u00eancia Governamental"},"image":{"@id":"https:\/\/www.legislapp.com.br\/#\/schema\/logo\/image\/"},"sameAs":["https:\/\/www.instagram.com\/legislapp\/"]}]}},"_links":{"self":[{"href":"https:\/\/www.legislapp.com.br\/index.php\/wp-json\/wp\/v2\/pages\/7547","targetHints":{"allow":["GET"]}}],"collection":[{"href":"https:\/\/www.legislapp.com.br\/index.php\/wp-json\/wp\/v2\/pages"}],"about":[{"href":"https:\/\/www.legislapp.com.br\/index.php\/wp-json\/wp\/v2\/types\/page"}],"author":[{"embeddable":true,"href":"https:\/\/www.legislapp.com.br\/index.php\/wp-json\/wp\/v2\/users\/1"}],"replies":[{"embeddable":true,"href":"https:\/\/www.legislapp.com.br\/index.php\/wp-json\/wp\/v2\/comments?post=7547"}],"version-history":[{"count":0,"href":"https:\/\/www.legislapp.com.br\/index.php\/wp-json\/wp\/v2\/pages\/7547\/revisions"}],"wp:attachment":[{"href":"https:\/\/www.legislapp.com.br\/index.php\/wp-json\/wp\/v2\/media?parent=7547"}],"curies":[{"name":"wp","href":"https:\/\/api.w.org\/{rel}","templated":true}]}}