{"id":7581,"date":"2025-09-17T13:38:59","date_gmt":"2025-09-17T16:38:59","guid":{"rendered":"https:\/\/www.legislapp.com.br\/index.php\/cam-legislativa-de-pe-pl-2996-2025\/"},"modified":"2025-09-17T13:38:59","modified_gmt":"2025-09-17T16:38:59","slug":"cam-legislativa-de-pe-pl-2996-2025","status":"publish","type":"page","link":"https:\/\/www.legislapp.com.br\/index.php\/cam-legislativa-de-pe-pl-2996-2025\/","title":{"rendered":"PL 2996\/2025 &#8211; Jo\u00e3o Paulo"},"content":{"rendered":"<h1 style='text-align: center;'>C\u00e2m. Legislativa de PE &#8211; Autoria de Jo\u00e3o Paulo<br \/><img src='https:\/\/www.alepe.pe.gov.br\/\/wp-content\/uploads\/2019\/02\/JOAO-PAULO-scaled-e1675860369744.jpg' alt='Jo\u00e3o Paulo' \/><\/h3>\n<p><\/p>\n<article style='text-align: center'>O presente Projeto de Lei tem por objetivo aperfei\u00e7oar a Lei n\u00ba 12.469, de 2003, a fim de proibir a procria\u00e7\u00e3o e a entrada de c\u00e3es das ra\u00e7as Pitbull e Pitbul Terrier no Estado de Pernambuco.<\/p>\n<p>A altera\u00e7\u00e3o ora proposta visa proteger a integridade f\u00edsica e psicol\u00f3gica da popula\u00e7\u00e3o pernambucana por meio da proibi\u00e7\u00e3o da procria\u00e7\u00e3o e da entrada de c\u00e3es das ra\u00e7as Pitbull e Pitbull Terrier no Estado de Pernambuco. Essas ra\u00e7as s\u00e3o conhecidas por sua for\u00e7a f\u00edsica acentuada, musculatura robusta e elevado potencial ofensivo. Embora nem todos os exemplares apresentem comportamento agressivo, o risco latente de ataques, especialmente quando n\u00e3o h\u00e1 socializa\u00e7\u00e3o adequada ou controle respons\u00e1vel por parte do propriet\u00e1rio, representa uma amea\u00e7a concreta \u00e0 seguran\u00e7a p\u00fablica, \u00e0 sa\u00fade e \u00e0 vida das pessoas. Nesse contexto, a proposta busca estabelecer uma barreira preventiva eficaz, a fim de evitar a multiplica\u00e7\u00e3o e o ingresso desses animais no territ\u00f3rio estadual.<\/p>\n<p>Enalte\u00e7a-se que a combina\u00e7\u00e3o entre o porte m\u00e9dio-grande, a for\u00e7a desproporcional e o potencial de agressividade inerente \u00e0 ra\u00e7a pode gerar situa\u00e7\u00f5es de extremo perigo, sobretudo para crian\u00e7as, idosos e pessoas com defici\u00eancia, que s\u00e3o mais vulner\u00e1veis a ataques. Esses epis\u00f3dios, al\u00e9m de causarem les\u00f5es f\u00edsicas graves ou fatais, costumam gerar traumas psicol\u00f3gicos profundos e duradouros nas v\u00edtimas e em seus familiares. Ademais, as consequ\u00eancias de tais ataques frequentemente exigem interna\u00e7\u00f5es prolongadas, reabilita\u00e7\u00e3o f\u00edsica e acompanhamento psicol\u00f3gico, gerando custos adicionais ao sistema p\u00fablico de sa\u00fade e \u00e0 seguridade social, que poderiam ser evitados por meio de pol\u00edticas p\u00fablicas de controle efetivo.<\/p>\n<p>Vale ainda destacar, que a realidade pernambucana exige a medida ora proposta, tendo em vista os v\u00e1rios casos de ataques de c\u00e3es da mencionada ra\u00e7a, os quais tem vitimados muitas pessoas, conforme noticiou o Di\u00e1rio de Pernambuco:<\/p>\n<p>Os recentes ataques de c\u00e3es da ra\u00e7a Pitbull reacendeu o debate sobre a responsabilidade dos tutores nesses casos, al\u00e9m de evidenciar a dificuldade de fiscaliza\u00e7\u00e3o e registro desses animais. Este ano, foram registrados em m\u00e9dia, pelo\u00a0Diario de Pernambuco, um ataque a cada 21 dias, em todo estado.<\/p>\n<p>\u00a0<\/p>\n<p>O caso mais recente aconteceu nesta segunda-feira (14), na cidade de S\u00e3o Louren\u00e7o da Mata, que provocou a morte de um beb\u00ea de tr\u00eas meses de idade. (Dispon\u00edvel em: https:\/\/www.diariodepernambuco.com.br\/noticia\/vidaurbana\/2025\/04\/<\/p>\n<p>pernambuco-registra-um-ataque-de-pitbull-a-cada-21-dias.html)<\/p>\n<p>\u00a0<\/p>\n<p>Assim, a proibi\u00e7\u00e3o ora proposta representa um avan\u00e7o legislativo no sentido de mitigar riscos evidentes \u00e0 seguran\u00e7a p\u00fablica, \u00e0 sa\u00fade e \u00e0 vida. Dessa forma, a medida contribui para a preserva\u00e7\u00e3o da ordem p\u00fablica, da sa\u00fade coletiva e do bem-estar social no Estado de Pernambuco.<\/p>\n<p>Diante do exposto, solicito o valoroso apoio dos Nobres Parlamentares da Assembleia Legislativa.<\/article>\n<p><\/p>\n<p style='text-align: center'><a href='https:\/\/app.legislapp.com.br\/#\/busca?termo='><\/a><\/p>\n<p><\/p>\n<article>\u00a0\u00a0\u00a0\u00a0\u00a0Art. 1\u00ba A Lei n\u00ba 12.469, de 18 de novembro de 2003, passa a vigorar com as seguintes altera\u00e7\u00f5es:<\/p>\n<p>\u201cArt. 4\u00ba-A. Fica proibida a procria\u00e7\u00e3o e a entrada de c\u00e3es das ra\u00e7as Pitbull e Pitbul Terrier no Estado de Pernambuco.&#8221; (AC)<\/p>\n<p>\u00a0\u00a0\u00a0\u00a0\u00a0Art. 2\u00ba Esta Lei entra em vigor na data de sua publica\u00e7\u00e3o.<\/article>\n<div style=\"text-align: center\">\n<div style=\"margin-bottom: 20px;\" class=\"et_pb_button_module_wrapper et_pb_button_5_tb_body_wrapper et_pb_button_alignment_center et_pb_module \">\n         <a class=\"et_pb_button et_pb_button_5_tb_body et_hover_enabled et_pb_bg_layout_dark\" style=\"width: 50%;background-color: black;\" href=\"https:\/\/app.legislapp.com.br\" target=\"_blank\" rel=\"noopener\">Visualizar completo na nossa plataforma (30 dias gr\u00e1tis)<\/a><\/p><\/div>\n<p>      <a href=\"https:\/\/play.google.com\/store\/apps\/details?id=br.com.legislapp\"><img decoding=\"async\" style=\"width: 15%; min-width: 130px;\" src=\"https:\/\/www.legislapp.com.br\/wp-content\/uploads\/google-play.png\"><\/a><br \/>\n      <a href=\"https:\/\/apps.apple.com\/us\/app\/legislapp\/id1568929859\"><img decoding=\"async\" style=\"width: 15%; min-width: 130px\" src=\"https:\/\/www.legislapp.com.br\/wp-content\/uploads\/apple-store.png\"><\/a>\n   <\/div>\n","protected":false},"excerpt":{"rendered":"<p>C\u00e2m. Legislativa de PE &#8211; Autoria de Jo\u00e3o Paulo O presente Projeto de Lei tem por objetivo aperfei\u00e7oar a Lei n\u00ba 12.469, de 2003, a fim de proibir a procria\u00e7\u00e3o e a entrada de c\u00e3es das ra\u00e7as Pitbull e Pitbul Terrier no Estado de Pernambuco. A altera\u00e7\u00e3o ora proposta visa proteger a integridade f\u00edsica e [&hellip;]<\/p>\n","protected":false},"author":1,"featured_media":0,"parent":0,"menu_order":0,"comment_status":"closed","ping_status":"closed","template":"page-template-blank.php","meta":{"_et_pb_use_builder":"","_et_pb_old_content":"","_et_gb_content_width":"1080","ngg_post_thumbnail":0,"footnotes":""},"class_list":["post-7581","page","type-page","status-publish","hentry"],"yoast_head":"<!-- This site is optimized with the Yoast SEO plugin v24.4 - https:\/\/yoast.com\/wordpress\/plugins\/seo\/ -->\n<title>PL 2996\/2025 - Jo\u00e3o Paulo - Legislapp<\/title>\n<meta name=\"robots\" content=\"index, follow, max-snippet:-1, max-image-preview:large, max-video-preview:-1\" \/>\n<link rel=\"canonical\" href=\"https:\/\/www.legislapp.com.br\/index.php\/cam-legislativa-de-pe-pl-2996-2025\/\" \/>\n<meta property=\"og:locale\" content=\"pt_BR\" \/>\n<meta property=\"og:type\" content=\"article\" \/>\n<meta property=\"og:title\" content=\"PL 2996\/2025 - Jo\u00e3o Paulo - Legislapp\" \/>\n<meta property=\"og:description\" content=\"C\u00e2m. Legislativa de PE &#8211; Autoria de Jo\u00e3o Paulo O presente Projeto de Lei tem por objetivo aperfei\u00e7oar a Lei n\u00ba 12.469, de 2003, a fim de proibir a procria\u00e7\u00e3o e a entrada de c\u00e3es das ra\u00e7as Pitbull e Pitbul Terrier no Estado de Pernambuco. A altera\u00e7\u00e3o ora proposta visa proteger a integridade f\u00edsica e [&hellip;]\" \/>\n<meta property=\"og:url\" content=\"https:\/\/www.legislapp.com.br\/index.php\/cam-legislativa-de-pe-pl-2996-2025\/\" \/>\n<meta property=\"og:site_name\" content=\"Legislapp\" \/>\n<meta property=\"article:publisher\" content=\"https:\/\/www.instagram.com\/legislapp\/\" \/>\n<meta property=\"og:image\" content=\"https:\/\/www.alepe.pe.gov.br\/\/wp-content\/uploads\/2019\/02\/JOAO-PAULO-scaled-e1675860369744.jpg\" \/>\n<meta name=\"twitter:card\" content=\"summary_large_image\" \/>\n<meta name=\"twitter:label1\" content=\"Est. tempo de leitura\" \/>\n\t<meta name=\"twitter:data1\" content=\"3 minutos\" \/>\n<script type=\"application\/ld+json\" class=\"yoast-schema-graph\">{\"@context\":\"https:\/\/schema.org\",\"@graph\":[{\"@type\":\"WebPage\",\"@id\":\"https:\/\/www.legislapp.com.br\/index.php\/cam-legislativa-de-pe-pl-2996-2025\/\",\"url\":\"https:\/\/www.legislapp.com.br\/index.php\/cam-legislativa-de-pe-pl-2996-2025\/\",\"name\":\"PL 2996\/2025 - Jo\u00e3o Paulo - Legislapp\",\"isPartOf\":{\"@id\":\"https:\/\/www.legislapp.com.br\/#website\"},\"primaryImageOfPage\":{\"@id\":\"https:\/\/www.legislapp.com.br\/index.php\/cam-legislativa-de-pe-pl-2996-2025\/#primaryimage\"},\"image\":{\"@id\":\"https:\/\/www.legislapp.com.br\/index.php\/cam-legislativa-de-pe-pl-2996-2025\/#primaryimage\"},\"thumbnailUrl\":\"https:\/\/www.alepe.pe.gov.br\/\/wp-content\/uploads\/2019\/02\/JOAO-PAULO-scaled-e1675860369744.jpg\",\"datePublished\":\"2025-09-17T16:38:59+00:00\",\"breadcrumb\":{\"@id\":\"https:\/\/www.legislapp.com.br\/index.php\/cam-legislativa-de-pe-pl-2996-2025\/#breadcrumb\"},\"inLanguage\":\"pt-BR\",\"potentialAction\":[{\"@type\":\"ReadAction\",\"target\":[\"https:\/\/www.legislapp.com.br\/index.php\/cam-legislativa-de-pe-pl-2996-2025\/\"]}]},{\"@type\":\"ImageObject\",\"inLanguage\":\"pt-BR\",\"@id\":\"https:\/\/www.legislapp.com.br\/index.php\/cam-legislativa-de-pe-pl-2996-2025\/#primaryimage\",\"url\":\"https:\/\/www.alepe.pe.gov.br\/\/wp-content\/uploads\/2019\/02\/JOAO-PAULO-scaled-e1675860369744.jpg\",\"contentUrl\":\"https:\/\/www.alepe.pe.gov.br\/\/wp-content\/uploads\/2019\/02\/JOAO-PAULO-scaled-e1675860369744.jpg\"},{\"@type\":\"BreadcrumbList\",\"@id\":\"https:\/\/www.legislapp.com.br\/index.php\/cam-legislativa-de-pe-pl-2996-2025\/#breadcrumb\",\"itemListElement\":[{\"@type\":\"ListItem\",\"position\":1,\"name\":\"In\u00edcio\",\"item\":\"https:\/\/www.legislapp.com.br\/\"},{\"@type\":\"ListItem\",\"position\":2,\"name\":\"PL 2996\/2025 &#8211; Jo\u00e3o Paulo\"}]},{\"@type\":\"WebSite\",\"@id\":\"https:\/\/www.legislapp.com.br\/#website\",\"url\":\"https:\/\/www.legislapp.com.br\/\",\"name\":\"Legislapp\",\"description\":\"Intelig\u00eancia governamental em tempo real\",\"publisher\":{\"@id\":\"https:\/\/www.legislapp.com.br\/#organization\"},\"potentialAction\":[{\"@type\":\"SearchAction\",\"target\":{\"@type\":\"EntryPoint\",\"urlTemplate\":\"https:\/\/www.legislapp.com.br\/?s={search_term_string}\"},\"query-input\":{\"@type\":\"PropertyValueSpecification\",\"valueRequired\":true,\"valueName\":\"search_term_string\"}}],\"inLanguage\":\"pt-BR\"},{\"@type\":\"Organization\",\"@id\":\"https:\/\/www.legislapp.com.br\/#organization\",\"name\":\"Legislapp Monitoramento e Intelig\u00eancia Governamental\",\"url\":\"https:\/\/www.legislapp.com.br\/\",\"logo\":{\"@type\":\"ImageObject\",\"inLanguage\":\"pt-BR\",\"@id\":\"https:\/\/www.legislapp.com.br\/#\/schema\/logo\/image\/\",\"url\":\"https:\/\/www.legislapp.com.br\/wp-content\/uploads\/icon.png\",\"contentUrl\":\"https:\/\/www.legislapp.com.br\/wp-content\/uploads\/icon.png\",\"width\":1024,\"height\":1024,\"caption\":\"Legislapp Monitoramento e Intelig\u00eancia Governamental\"},\"image\":{\"@id\":\"https:\/\/www.legislapp.com.br\/#\/schema\/logo\/image\/\"},\"sameAs\":[\"https:\/\/www.instagram.com\/legislapp\/\"]}]}<\/script>\n<!-- \/ Yoast SEO plugin. -->","yoast_head_json":{"title":"PL 2996\/2025 - Jo\u00e3o Paulo - Legislapp","robots":{"index":"index","follow":"follow","max-snippet":"max-snippet:-1","max-image-preview":"max-image-preview:large","max-video-preview":"max-video-preview:-1"},"canonical":"https:\/\/www.legislapp.com.br\/index.php\/cam-legislativa-de-pe-pl-2996-2025\/","og_locale":"pt_BR","og_type":"article","og_title":"PL 2996\/2025 - Jo\u00e3o Paulo - Legislapp","og_description":"C\u00e2m. Legislativa de PE &#8211; Autoria de Jo\u00e3o Paulo O presente Projeto de Lei tem por objetivo aperfei\u00e7oar a Lei n\u00ba 12.469, de 2003, a fim de proibir a procria\u00e7\u00e3o e a entrada de c\u00e3es das ra\u00e7as Pitbull e Pitbul Terrier no Estado de Pernambuco. A altera\u00e7\u00e3o ora proposta visa proteger a integridade f\u00edsica e [&hellip;]","og_url":"https:\/\/www.legislapp.com.br\/index.php\/cam-legislativa-de-pe-pl-2996-2025\/","og_site_name":"Legislapp","article_publisher":"https:\/\/www.instagram.com\/legislapp\/","og_image":[{"url":"https:\/\/www.alepe.pe.gov.br\/\/wp-content\/uploads\/2019\/02\/JOAO-PAULO-scaled-e1675860369744.jpg","type":"","width":"","height":""}],"twitter_card":"summary_large_image","twitter_misc":{"Est. tempo de leitura":"3 minutos"},"schema":{"@context":"https:\/\/schema.org","@graph":[{"@type":"WebPage","@id":"https:\/\/www.legislapp.com.br\/index.php\/cam-legislativa-de-pe-pl-2996-2025\/","url":"https:\/\/www.legislapp.com.br\/index.php\/cam-legislativa-de-pe-pl-2996-2025\/","name":"PL 2996\/2025 - Jo\u00e3o Paulo - Legislapp","isPartOf":{"@id":"https:\/\/www.legislapp.com.br\/#website"},"primaryImageOfPage":{"@id":"https:\/\/www.legislapp.com.br\/index.php\/cam-legislativa-de-pe-pl-2996-2025\/#primaryimage"},"image":{"@id":"https:\/\/www.legislapp.com.br\/index.php\/cam-legislativa-de-pe-pl-2996-2025\/#primaryimage"},"thumbnailUrl":"https:\/\/www.alepe.pe.gov.br\/\/wp-content\/uploads\/2019\/02\/JOAO-PAULO-scaled-e1675860369744.jpg","datePublished":"2025-09-17T16:38:59+00:00","breadcrumb":{"@id":"https:\/\/www.legislapp.com.br\/index.php\/cam-legislativa-de-pe-pl-2996-2025\/#breadcrumb"},"inLanguage":"pt-BR","potentialAction":[{"@type":"ReadAction","target":["https:\/\/www.legislapp.com.br\/index.php\/cam-legislativa-de-pe-pl-2996-2025\/"]}]},{"@type":"ImageObject","inLanguage":"pt-BR","@id":"https:\/\/www.legislapp.com.br\/index.php\/cam-legislativa-de-pe-pl-2996-2025\/#primaryimage","url":"https:\/\/www.alepe.pe.gov.br\/\/wp-content\/uploads\/2019\/02\/JOAO-PAULO-scaled-e1675860369744.jpg","contentUrl":"https:\/\/www.alepe.pe.gov.br\/\/wp-content\/uploads\/2019\/02\/JOAO-PAULO-scaled-e1675860369744.jpg"},{"@type":"BreadcrumbList","@id":"https:\/\/www.legislapp.com.br\/index.php\/cam-legislativa-de-pe-pl-2996-2025\/#breadcrumb","itemListElement":[{"@type":"ListItem","position":1,"name":"In\u00edcio","item":"https:\/\/www.legislapp.com.br\/"},{"@type":"ListItem","position":2,"name":"PL 2996\/2025 &#8211; Jo\u00e3o Paulo"}]},{"@type":"WebSite","@id":"https:\/\/www.legislapp.com.br\/#website","url":"https:\/\/www.legislapp.com.br\/","name":"Legislapp","description":"Intelig\u00eancia governamental em tempo real","publisher":{"@id":"https:\/\/www.legislapp.com.br\/#organization"},"potentialAction":[{"@type":"SearchAction","target":{"@type":"EntryPoint","urlTemplate":"https:\/\/www.legislapp.com.br\/?s={search_term_string}"},"query-input":{"@type":"PropertyValueSpecification","valueRequired":true,"valueName":"search_term_string"}}],"inLanguage":"pt-BR"},{"@type":"Organization","@id":"https:\/\/www.legislapp.com.br\/#organization","name":"Legislapp Monitoramento e Intelig\u00eancia Governamental","url":"https:\/\/www.legislapp.com.br\/","logo":{"@type":"ImageObject","inLanguage":"pt-BR","@id":"https:\/\/www.legislapp.com.br\/#\/schema\/logo\/image\/","url":"https:\/\/www.legislapp.com.br\/wp-content\/uploads\/icon.png","contentUrl":"https:\/\/www.legislapp.com.br\/wp-content\/uploads\/icon.png","width":1024,"height":1024,"caption":"Legislapp Monitoramento e Intelig\u00eancia Governamental"},"image":{"@id":"https:\/\/www.legislapp.com.br\/#\/schema\/logo\/image\/"},"sameAs":["https:\/\/www.instagram.com\/legislapp\/"]}]}},"_links":{"self":[{"href":"https:\/\/www.legislapp.com.br\/index.php\/wp-json\/wp\/v2\/pages\/7581","targetHints":{"allow":["GET"]}}],"collection":[{"href":"https:\/\/www.legislapp.com.br\/index.php\/wp-json\/wp\/v2\/pages"}],"about":[{"href":"https:\/\/www.legislapp.com.br\/index.php\/wp-json\/wp\/v2\/types\/page"}],"author":[{"embeddable":true,"href":"https:\/\/www.legislapp.com.br\/index.php\/wp-json\/wp\/v2\/users\/1"}],"replies":[{"embeddable":true,"href":"https:\/\/www.legislapp.com.br\/index.php\/wp-json\/wp\/v2\/comments?post=7581"}],"version-history":[{"count":0,"href":"https:\/\/www.legislapp.com.br\/index.php\/wp-json\/wp\/v2\/pages\/7581\/revisions"}],"wp:attachment":[{"href":"https:\/\/www.legislapp.com.br\/index.php\/wp-json\/wp\/v2\/media?parent=7581"}],"curies":[{"name":"wp","href":"https:\/\/api.w.org\/{rel}","templated":true}]}}