{"id":7605,"date":"2025-09-17T13:40:19","date_gmt":"2025-09-17T16:40:19","guid":{"rendered":"https:\/\/www.legislapp.com.br\/index.php\/cam-legislativa-de-mg-pl-3785-2025-2\/"},"modified":"2025-09-17T13:40:19","modified_gmt":"2025-09-17T16:40:19","slug":"cam-legislativa-de-mg-pl-3785-2025-2","status":"publish","type":"page","link":"https:\/\/www.legislapp.com.br\/index.php\/cam-legislativa-de-mg-pl-3785-2025-2\/","title":{"rendered":"PL 3785\/2025 &#8211; Deputados"},"content":{"rendered":"<h1 style='text-align: center;'>C\u00e2m. Legislativa de MG &#8211; Autoria de Deputados<\/h3>\n<p><\/p>\n<article style='text-align: center'>Institui a pol\u00edtica estadual de preven\u00e7\u00e3o e enfrentamento da tortura no<br \/>\nEstado.<\/article>\n<p><\/p>\n<p style='text-align: center'><a href='https:\/\/app.legislapp.com.br\/#\/busca?termo='><\/a><\/p>\n<p><\/p>\n<article>Institui a pol\u00edtica estadual de preven\u00e7\u00e3o e enfrentamento \u00e0 tortura no Estado de Minas Gerais e d\u00e1 outras provid\u00eancias.<br \/>\nA Assembleia Legislativa do Estado de Minas Gerais decreta:<br \/>\nArt. 1\u00ba \u2013 Fica institu\u00edda a pol\u00edtica estadual de preven\u00e7\u00e3o e enfrentamento \u00e0 tortura, com o objetivo de prevenir, coibir e erradicar a pr\u00e1tica de tortura e outros tratamentos ou penas cru\u00e9is, desumanas ou degradantes, especialmente em estabelecimentos de prisionais do estado.<br \/>\nArt. 2\u00ba \u2013 S\u00e3o objetivos da pol\u00edtica de que trata esta lei:<br \/>\nI \u2013 fomentar a cria\u00e7\u00e3o, consolida\u00e7\u00e3o e fortalecimento de mecanismos e pr\u00e1ticas de preven\u00e7\u00e3o e combate \u00e0 tortura no Estado, em especial no sistema prisional, socioeducativo e demais institui\u00e7\u00f5es de priva\u00e7\u00e3o de liberdade;<br \/>\nII \u2013 garantir a apura\u00e7\u00e3o c\u00e9lere e eficaz de den\u00fancias de tortura, assegurando a responsabiliza\u00e7\u00e3o administrativa de agentes p\u00fablicos ou privados eventualmente envolvidos;<br \/>\nIII \u2013 fortalecer estrat\u00e9gias voltadas \u00e0 preven\u00e7\u00e3o da tortura e outros maus-tratos, integrando-se ao Sistema Nacional de Preven\u00e7\u00e3o e Combate \u00e0 Tortura, nos termos do art. 2\u00ba, \u00a72\u00ba da Lei Federal n\u00ba 12.847, de 2 de agosto de 2013;<br \/>\nIV \u2013 promover a articula\u00e7\u00e3o entre \u00f3rg\u00e3os do Executivo, Legislativo, Judici\u00e1rio, Minist\u00e9rio P\u00fablico, Defensoria P\u00fablica e sociedade civil, para a formula\u00e7\u00e3o e execu\u00e7\u00e3o de a\u00e7\u00f5es de preven\u00e7\u00e3o e enfrentamento \u00e0 tortura;<br \/>\nV \u2013 apoiar e desenvolver campanhas de conscientiza\u00e7\u00e3o e educa\u00e7\u00e3o em direitos humanos, com foco na preven\u00e7\u00e3o da tortura e na promo\u00e7\u00e3o da dignidade da pessoa humana;<br \/>\nVI \u2013 garantir o acesso \u00e0 informa\u00e7\u00e3o sobre direitos fundamentais, especialmente no interior de unidades de priva\u00e7\u00e3o de liberdade;<br \/>\nVII \u2013 adotar medidas espec\u00edficas de combate a pr\u00e1ticas de tortura, maus-tratos e abusos institucionais.<br \/>\nArt. 3\u00ba \u2013 S\u00e3o diretrizes da pol\u00edtica estadual de que trata esta lei:<br \/>\nI \u2013 respeito irrestrito aos direitos humanos, com \u00eanfase na dignidade das pessoas privadas de liberdade, independentemente da forma ou fundamento legal da priva\u00e7\u00e3o;<br \/>\nII \u2013 coopera\u00e7\u00e3o entre as esferas de governo e os poderes constitu\u00eddos para a efetiva\u00e7\u00e3o das garantias de preven\u00e7\u00e3o e enfrentamento \u00e0 tortura;<br \/>\nIII \u2013 ado\u00e7\u00e3o, pelos \u00f3rg\u00e3os estaduais competentes, de protocolos e procedimentos que assegurem a preven\u00e7\u00e3o de pr\u00e1ticas violadoras de direitos;<br \/>\nIV \u2013 ampla divulga\u00e7\u00e3o dos canais e formas de den\u00fancia de pr\u00e1ticas de tortura e maus-tratos, inclusive nos ambientes de priva\u00e7\u00e3o de liberdade;<br \/>\nV \u2013 garantia de sigilo das informa\u00e7\u00f5es prestadas por v\u00edtimas, testemunhas e denunciantes, bem como prote\u00e7\u00e3o contra repres\u00e1lias.<br \/>\nArt. 4\u00ba \u2013 O Poder Executivo regulamentar\u00e1 esta Lei, no que couber, no prazo de 90 (noventa) dias, contados da data de sua publica\u00e7\u00e3o.<br \/>\nArt. 5\u00ba \u2013 Esta lei entra em vigor na data de sua publica\u00e7\u00e3o.<br \/>\nSala das Reuni\u00f5es, 15 de maio de 2025.<br \/>\nAndr\u00e9ia de Jesus (PT)<br \/>\nJustifica\u00e7\u00e3o: O presente Projeto de Lei visa instituir a Pol\u00edtica Estadual de Preven\u00e7\u00e3o e Enfrentamento \u00e0 Tortura no Estado de Minas Gerais, em resposta \u00e0 alarmante realidade de viola\u00e7\u00f5es de direitos humanos no sistema prisional estadual.<br \/>\nDe acordo com o \u201cRelat\u00f3rio Anual de Atividades &#8211; Conselho Estadual de Defesa dos Direitos Humanos de Minas Gerais 2023\u201d, em 2023, foram registradas 775 den\u00fancias de viola\u00e7\u00f5es em 43 unidades prisionais mineiras, representando um aumento de 21% em rela\u00e7\u00e3o a 2022. As den\u00fancias incluem pr\u00e1ticas de tortura f\u00edsica e psicol\u00f3gica, espancamentos, afogamentos, uso desproporcional de armamentos menos letais, al\u00e9m de condi\u00e7\u00f5es degradantes como fome, falta de \u00e1gua, superlota\u00e7\u00e3o e aus\u00eancia de assist\u00eancia \u00e0 sa\u00fade.<br \/>\nTais pr\u00e1ticas evidenciam uma cultura institucional de viol\u00eancia e impunidade, que contraria os princ\u00edpios fundamentais dos direitos humanos e do Estado Democr\u00e1tico de Direito.<br \/>\nRelat\u00f3rios do Mecanismo Nacional de Preven\u00e7\u00e3o e Combate \u00e0 Tortura \u2013 MNPCT \u2013 corroboram essas den\u00fancias, destacando casos de espancamentos, choques el\u00e9tricos, queimaduras com cigarro e uso de armamentos menos letais, resultando em les\u00f5es graves e at\u00e9 perda de \u00f3rg\u00e3os.<br \/>\nDiante desse cen\u00e1rio, \u00e9 imperativo que o Estado de Minas Gerais adote medidas eficazes para prevenir e combater a tortura e outros tratamentos ou penas cru\u00e9is, desumanos ou degradantes. A implementa\u00e7\u00e3o de uma pol\u00edtica estadual espec\u00edfica permitir\u00e1 a articula\u00e7\u00e3o entre os diferentes \u00f3rg\u00e3os e poderes, a promo\u00e7\u00e3o de a\u00e7\u00f5es educativas e preventivas, o fortalecimento dos mecanismos de controle e fiscaliza\u00e7\u00e3o, e a garantia de prote\u00e7\u00e3o \u00e0s v\u00edtimas e denunciantes.<br \/>\nA aprova\u00e7\u00e3o deste Projeto de Lei representa um compromisso do Estado com a dignidade da pessoa humana, a justi\u00e7a e a legalidade, e \u00e9 um passo fundamental para a constru\u00e7\u00e3o de um sistema prisional mais justo, humanizado e respeitador dos direitos fundamentais.<br \/>\n\u2013 Publicado, vai o projeto \u00e0s Comiss\u00f5es de Justi\u00e7a, de Direitos Humanos e de Seguran\u00e7a P\u00fablica para parecer, nos termos do art. 188, c\/c o art. 102, do Regimento Interno.<\/article>\n<div style=\"text-align: center\">\n<div style=\"margin-bottom: 20px;\" class=\"et_pb_button_module_wrapper et_pb_button_5_tb_body_wrapper et_pb_button_alignment_center et_pb_module \">\n         <a class=\"et_pb_button et_pb_button_5_tb_body et_hover_enabled et_pb_bg_layout_dark\" style=\"width: 50%;background-color: black;\" href=\"https:\/\/app.legislapp.com.br\" target=\"_blank\" rel=\"noopener\">Visualizar completo na nossa plataforma (30 dias gr\u00e1tis)<\/a><\/p><\/div>\n<p>      <a href=\"https:\/\/play.google.com\/store\/apps\/details?id=br.com.legislapp\"><img decoding=\"async\" style=\"width: 15%; min-width: 130px;\" src=\"https:\/\/www.legislapp.com.br\/wp-content\/uploads\/google-play.png\"><\/a><br \/>\n      <a href=\"https:\/\/apps.apple.com\/us\/app\/legislapp\/id1568929859\"><img decoding=\"async\" style=\"width: 15%; min-width: 130px\" src=\"https:\/\/www.legislapp.com.br\/wp-content\/uploads\/apple-store.png\"><\/a>\n   <\/div>\n","protected":false},"excerpt":{"rendered":"<p>C\u00e2m. Legislativa de MG &#8211; Autoria de Deputados Institui a pol\u00edtica estadual de preven\u00e7\u00e3o e enfrentamento da tortura no Estado. Institui a pol\u00edtica estadual de preven\u00e7\u00e3o e enfrentamento \u00e0 tortura no Estado de Minas Gerais e d\u00e1 outras provid\u00eancias. A Assembleia Legislativa do Estado de Minas Gerais decreta: Art. 1\u00ba \u2013 Fica institu\u00edda a pol\u00edtica [&hellip;]<\/p>\n","protected":false},"author":1,"featured_media":0,"parent":0,"menu_order":0,"comment_status":"closed","ping_status":"closed","template":"page-template-blank.php","meta":{"_et_pb_use_builder":"","_et_pb_old_content":"","_et_gb_content_width":"1080","ngg_post_thumbnail":0,"footnotes":""},"class_list":["post-7605","page","type-page","status-publish","hentry"],"yoast_head":"<!-- This site is optimized with the Yoast SEO plugin v24.4 - https:\/\/yoast.com\/wordpress\/plugins\/seo\/ -->\n<title>PL 3785\/2025 - Deputados - Legislapp<\/title>\n<meta name=\"robots\" content=\"index, follow, max-snippet:-1, max-image-preview:large, max-video-preview:-1\" \/>\n<link rel=\"canonical\" href=\"https:\/\/www.legislapp.com.br\/index.php\/cam-legislativa-de-mg-pl-3785-2025-2\/\" \/>\n<meta property=\"og:locale\" content=\"pt_BR\" \/>\n<meta property=\"og:type\" content=\"article\" \/>\n<meta property=\"og:title\" content=\"PL 3785\/2025 - Deputados - Legislapp\" \/>\n<meta property=\"og:description\" content=\"C\u00e2m. Legislativa de MG &#8211; Autoria de Deputados Institui a pol\u00edtica estadual de preven\u00e7\u00e3o e enfrentamento da tortura no Estado. Institui a pol\u00edtica estadual de preven\u00e7\u00e3o e enfrentamento \u00e0 tortura no Estado de Minas Gerais e d\u00e1 outras provid\u00eancias. A Assembleia Legislativa do Estado de Minas Gerais decreta: Art. 1\u00ba \u2013 Fica institu\u00edda a pol\u00edtica [&hellip;]\" \/>\n<meta property=\"og:url\" content=\"https:\/\/www.legislapp.com.br\/index.php\/cam-legislativa-de-mg-pl-3785-2025-2\/\" \/>\n<meta property=\"og:site_name\" content=\"Legislapp\" \/>\n<meta property=\"article:publisher\" content=\"https:\/\/www.instagram.com\/legislapp\/\" \/>\n<meta property=\"og:image\" content=\"https:\/\/www.legislapp.com.br\/wp-content\/uploads\/google-play.png\" \/>\n<meta name=\"twitter:card\" content=\"summary_large_image\" \/>\n<meta name=\"twitter:label1\" content=\"Est. tempo de leitura\" \/>\n\t<meta name=\"twitter:data1\" content=\"4 minutos\" \/>\n<script type=\"application\/ld+json\" class=\"yoast-schema-graph\">{\"@context\":\"https:\/\/schema.org\",\"@graph\":[{\"@type\":\"WebPage\",\"@id\":\"https:\/\/www.legislapp.com.br\/index.php\/cam-legislativa-de-mg-pl-3785-2025-2\/\",\"url\":\"https:\/\/www.legislapp.com.br\/index.php\/cam-legislativa-de-mg-pl-3785-2025-2\/\",\"name\":\"PL 3785\/2025 - Deputados - Legislapp\",\"isPartOf\":{\"@id\":\"https:\/\/www.legislapp.com.br\/#website\"},\"primaryImageOfPage\":{\"@id\":\"https:\/\/www.legislapp.com.br\/index.php\/cam-legislativa-de-mg-pl-3785-2025-2\/#primaryimage\"},\"image\":{\"@id\":\"https:\/\/www.legislapp.com.br\/index.php\/cam-legislativa-de-mg-pl-3785-2025-2\/#primaryimage\"},\"thumbnailUrl\":\"https:\/\/www.legislapp.com.br\/wp-content\/uploads\/google-play.png\",\"datePublished\":\"2025-09-17T16:40:19+00:00\",\"breadcrumb\":{\"@id\":\"https:\/\/www.legislapp.com.br\/index.php\/cam-legislativa-de-mg-pl-3785-2025-2\/#breadcrumb\"},\"inLanguage\":\"pt-BR\",\"potentialAction\":[{\"@type\":\"ReadAction\",\"target\":[\"https:\/\/www.legislapp.com.br\/index.php\/cam-legislativa-de-mg-pl-3785-2025-2\/\"]}]},{\"@type\":\"ImageObject\",\"inLanguage\":\"pt-BR\",\"@id\":\"https:\/\/www.legislapp.com.br\/index.php\/cam-legislativa-de-mg-pl-3785-2025-2\/#primaryimage\",\"url\":\"https:\/\/www.legislapp.com.br\/wp-content\/uploads\/google-play.png\",\"contentUrl\":\"https:\/\/www.legislapp.com.br\/wp-content\/uploads\/google-play.png\",\"width\":564,\"height\":168},{\"@type\":\"BreadcrumbList\",\"@id\":\"https:\/\/www.legislapp.com.br\/index.php\/cam-legislativa-de-mg-pl-3785-2025-2\/#breadcrumb\",\"itemListElement\":[{\"@type\":\"ListItem\",\"position\":1,\"name\":\"In\u00edcio\",\"item\":\"https:\/\/www.legislapp.com.br\/\"},{\"@type\":\"ListItem\",\"position\":2,\"name\":\"PL 3785\/2025 &#8211; Deputados\"}]},{\"@type\":\"WebSite\",\"@id\":\"https:\/\/www.legislapp.com.br\/#website\",\"url\":\"https:\/\/www.legislapp.com.br\/\",\"name\":\"Legislapp\",\"description\":\"Intelig\u00eancia governamental em tempo real\",\"publisher\":{\"@id\":\"https:\/\/www.legislapp.com.br\/#organization\"},\"potentialAction\":[{\"@type\":\"SearchAction\",\"target\":{\"@type\":\"EntryPoint\",\"urlTemplate\":\"https:\/\/www.legislapp.com.br\/?s={search_term_string}\"},\"query-input\":{\"@type\":\"PropertyValueSpecification\",\"valueRequired\":true,\"valueName\":\"search_term_string\"}}],\"inLanguage\":\"pt-BR\"},{\"@type\":\"Organization\",\"@id\":\"https:\/\/www.legislapp.com.br\/#organization\",\"name\":\"Legislapp Monitoramento e Intelig\u00eancia Governamental\",\"url\":\"https:\/\/www.legislapp.com.br\/\",\"logo\":{\"@type\":\"ImageObject\",\"inLanguage\":\"pt-BR\",\"@id\":\"https:\/\/www.legislapp.com.br\/#\/schema\/logo\/image\/\",\"url\":\"https:\/\/www.legislapp.com.br\/wp-content\/uploads\/icon.png\",\"contentUrl\":\"https:\/\/www.legislapp.com.br\/wp-content\/uploads\/icon.png\",\"width\":1024,\"height\":1024,\"caption\":\"Legislapp Monitoramento e Intelig\u00eancia Governamental\"},\"image\":{\"@id\":\"https:\/\/www.legislapp.com.br\/#\/schema\/logo\/image\/\"},\"sameAs\":[\"https:\/\/www.instagram.com\/legislapp\/\"]}]}<\/script>\n<!-- \/ Yoast SEO plugin. -->","yoast_head_json":{"title":"PL 3785\/2025 - Deputados - Legislapp","robots":{"index":"index","follow":"follow","max-snippet":"max-snippet:-1","max-image-preview":"max-image-preview:large","max-video-preview":"max-video-preview:-1"},"canonical":"https:\/\/www.legislapp.com.br\/index.php\/cam-legislativa-de-mg-pl-3785-2025-2\/","og_locale":"pt_BR","og_type":"article","og_title":"PL 3785\/2025 - Deputados - Legislapp","og_description":"C\u00e2m. Legislativa de MG &#8211; Autoria de Deputados Institui a pol\u00edtica estadual de preven\u00e7\u00e3o e enfrentamento da tortura no Estado. Institui a pol\u00edtica estadual de preven\u00e7\u00e3o e enfrentamento \u00e0 tortura no Estado de Minas Gerais e d\u00e1 outras provid\u00eancias. A Assembleia Legislativa do Estado de Minas Gerais decreta: Art. 1\u00ba \u2013 Fica institu\u00edda a pol\u00edtica [&hellip;]","og_url":"https:\/\/www.legislapp.com.br\/index.php\/cam-legislativa-de-mg-pl-3785-2025-2\/","og_site_name":"Legislapp","article_publisher":"https:\/\/www.instagram.com\/legislapp\/","og_image":[{"url":"https:\/\/www.legislapp.com.br\/wp-content\/uploads\/google-play.png","type":"","width":"","height":""}],"twitter_card":"summary_large_image","twitter_misc":{"Est. tempo de leitura":"4 minutos"},"schema":{"@context":"https:\/\/schema.org","@graph":[{"@type":"WebPage","@id":"https:\/\/www.legislapp.com.br\/index.php\/cam-legislativa-de-mg-pl-3785-2025-2\/","url":"https:\/\/www.legislapp.com.br\/index.php\/cam-legislativa-de-mg-pl-3785-2025-2\/","name":"PL 3785\/2025 - Deputados - Legislapp","isPartOf":{"@id":"https:\/\/www.legislapp.com.br\/#website"},"primaryImageOfPage":{"@id":"https:\/\/www.legislapp.com.br\/index.php\/cam-legislativa-de-mg-pl-3785-2025-2\/#primaryimage"},"image":{"@id":"https:\/\/www.legislapp.com.br\/index.php\/cam-legislativa-de-mg-pl-3785-2025-2\/#primaryimage"},"thumbnailUrl":"https:\/\/www.legislapp.com.br\/wp-content\/uploads\/google-play.png","datePublished":"2025-09-17T16:40:19+00:00","breadcrumb":{"@id":"https:\/\/www.legislapp.com.br\/index.php\/cam-legislativa-de-mg-pl-3785-2025-2\/#breadcrumb"},"inLanguage":"pt-BR","potentialAction":[{"@type":"ReadAction","target":["https:\/\/www.legislapp.com.br\/index.php\/cam-legislativa-de-mg-pl-3785-2025-2\/"]}]},{"@type":"ImageObject","inLanguage":"pt-BR","@id":"https:\/\/www.legislapp.com.br\/index.php\/cam-legislativa-de-mg-pl-3785-2025-2\/#primaryimage","url":"https:\/\/www.legislapp.com.br\/wp-content\/uploads\/google-play.png","contentUrl":"https:\/\/www.legislapp.com.br\/wp-content\/uploads\/google-play.png","width":564,"height":168},{"@type":"BreadcrumbList","@id":"https:\/\/www.legislapp.com.br\/index.php\/cam-legislativa-de-mg-pl-3785-2025-2\/#breadcrumb","itemListElement":[{"@type":"ListItem","position":1,"name":"In\u00edcio","item":"https:\/\/www.legislapp.com.br\/"},{"@type":"ListItem","position":2,"name":"PL 3785\/2025 &#8211; Deputados"}]},{"@type":"WebSite","@id":"https:\/\/www.legislapp.com.br\/#website","url":"https:\/\/www.legislapp.com.br\/","name":"Legislapp","description":"Intelig\u00eancia governamental em tempo real","publisher":{"@id":"https:\/\/www.legislapp.com.br\/#organization"},"potentialAction":[{"@type":"SearchAction","target":{"@type":"EntryPoint","urlTemplate":"https:\/\/www.legislapp.com.br\/?s={search_term_string}"},"query-input":{"@type":"PropertyValueSpecification","valueRequired":true,"valueName":"search_term_string"}}],"inLanguage":"pt-BR"},{"@type":"Organization","@id":"https:\/\/www.legislapp.com.br\/#organization","name":"Legislapp Monitoramento e Intelig\u00eancia Governamental","url":"https:\/\/www.legislapp.com.br\/","logo":{"@type":"ImageObject","inLanguage":"pt-BR","@id":"https:\/\/www.legislapp.com.br\/#\/schema\/logo\/image\/","url":"https:\/\/www.legislapp.com.br\/wp-content\/uploads\/icon.png","contentUrl":"https:\/\/www.legislapp.com.br\/wp-content\/uploads\/icon.png","width":1024,"height":1024,"caption":"Legislapp Monitoramento e Intelig\u00eancia Governamental"},"image":{"@id":"https:\/\/www.legislapp.com.br\/#\/schema\/logo\/image\/"},"sameAs":["https:\/\/www.instagram.com\/legislapp\/"]}]}},"_links":{"self":[{"href":"https:\/\/www.legislapp.com.br\/index.php\/wp-json\/wp\/v2\/pages\/7605","targetHints":{"allow":["GET"]}}],"collection":[{"href":"https:\/\/www.legislapp.com.br\/index.php\/wp-json\/wp\/v2\/pages"}],"about":[{"href":"https:\/\/www.legislapp.com.br\/index.php\/wp-json\/wp\/v2\/types\/page"}],"author":[{"embeddable":true,"href":"https:\/\/www.legislapp.com.br\/index.php\/wp-json\/wp\/v2\/users\/1"}],"replies":[{"embeddable":true,"href":"https:\/\/www.legislapp.com.br\/index.php\/wp-json\/wp\/v2\/comments?post=7605"}],"version-history":[{"count":0,"href":"https:\/\/www.legislapp.com.br\/index.php\/wp-json\/wp\/v2\/pages\/7605\/revisions"}],"wp:attachment":[{"href":"https:\/\/www.legislapp.com.br\/index.php\/wp-json\/wp\/v2\/media?parent=7605"}],"curies":[{"name":"wp","href":"https:\/\/api.w.org\/{rel}","templated":true}]}}