{"id":7680,"date":"2025-09-17T13:44:27","date_gmt":"2025-09-17T16:44:27","guid":{"rendered":"https:\/\/www.legislapp.com.br\/index.php\/cam-legislativa-de-sc-pl-0303-2025-2\/"},"modified":"2025-09-17T13:44:27","modified_gmt":"2025-09-17T16:44:27","slug":"cam-legislativa-de-sc-pl-0303-2025-2","status":"publish","type":"page","link":"https:\/\/www.legislapp.com.br\/index.php\/cam-legislativa-de-sc-pl-0303-2025-2\/","title":{"rendered":"PL.\/0303\/2025 &#8211; Nilso Berlanda"},"content":{"rendered":"<h1 style='text-align: center;'>C\u00e2m. Legislativa de SC &#8211; Autoria de Nilso Berlanda<\/h3>\n<p><\/p>\n<article style='text-align: center'>Institui o Dia Estadual de Valoriza\u00e7\u00e3o e Reconhecimento do Servi\u00e7o Social do Com\u00e9rcio (Sesc) e do Servi\u00e7o Nacional de Aprendizagem Comercial (Senac) e altera o Anexo \u00danico da Lei n\u00ba 18.531, de 2022, que &#8220;Consolida as leis que instituem datas e eventos alusivos no \u00e2mbito do Estado de Santa  Catarina e estabelece o Calend\u00e1rio Oficial do Estado&#8221;.<\/article>\n<p><\/p>\n<p style='text-align: center'><a href='https:\/\/app.legislapp.com.br\/#\/busca?termo='><\/a><\/p>\n<p><\/p>\n<article>ASSEMBLEIA LEGISLATIVA GABINETE DEPUTADO<br \/>\nESTADO DE SANTA CATARINA NILSO BERLANDA<br \/>\nPROJETO DE LEI N\u00ba<\/p>\n<p>Institui o Dia Estadual de Valoriza\u00e7\u00e3o e Reconhecimento do<br \/>\nServi\u00e7o Social do Com\u00e9rcio (Sesc) e do Servi\u00e7o Nacional de<br \/>\nAprendizagem Comercial (Senac) e altera o Anexo \u00danico da<br \/>\nLei n\u00ba 18.531, de 2022, que \u201cConsolida as leis que instituem<br \/>\ndatas e eventos alusivos no \u00e2mbito do Estado de Santa<br \/>\nCatarina e estabelece o Calend\u00e1rio Oficial do Estado\u201d.<\/p>\n<p>Art. 1\u00ba Fica institu\u00eddo, em Santa Catarina, o Dia Estadual de Valoriza\u00e7\u00e3o e<br \/>\nReconhecimento do Servi\u00e7o Social do Com\u00e9rcio (Sesc) e do Servi\u00e7o Nacional de<br \/>\nAprendizagem Comercial (Senac), a ser celebrado, anualmente, no dia 16 de maio.<\/p>\n<p>Art. 2\u00ba O Dia Estadual de que trata esta Lei tem por objetivo destacar a import\u00e2ncia das<br \/>\natividades desenvolvidas pelo Sesc e pelo Senac em prol do desenvolvimento social,<br \/>\ncultural e educacional dos trabalhadores do com\u00e9rcio, de seus dependentes e da<br \/>\nsociedade em geral, com \u00eanfase no acesso a servi\u00e7os e programas nas \u00e1reas de cultura,<br \/>\nsa\u00fade, educa\u00e7\u00e3o, esporte, lazer e qualifica\u00e7\u00e3o profissional.<\/p>\n<p>Art. 3\u00ba O Poder P\u00fablico, em colabora\u00e7\u00e3o com a sociedade civil, poder\u00e1 organizar a\u00e7\u00f5es<br \/>\nalusivas ao Dia Estadual de Valoriza\u00e7\u00e3o e Reconhecimento do Sesc e do Senac, com o<br \/>\nobjetivo de promover o conhecimento e a divulga\u00e7\u00e3o do impacto positivo dessas<br \/>\ninstitui\u00e7\u00f5es no desenvolvimento local.<\/p>\n<p>Art. 4\u00ba O Anexo \u00danico da Lei n\u00ba 18.531, de 5 de dezembro de 2022, passa a vigorar com<br \/>\na reda\u00e7\u00e3o dada pelo Anexo \u00danico desta Lei.<\/p>\n<p>Art. 5\u00ba Esta Lei entra em vigor na data de sua publica\u00e7\u00e3o.<\/p>\n<p>Sala das Sess\u00f5es,<\/p>\n<p>Deputado Nilso Berlanda<\/p>\n<p>\u00daANEXO \u00daNICO<br \/>\n(Altera o Anexo \u00danico da Lei n\u00ba 18.531, de 5 de dezembro de 2022)<\/p>\n<p>\u2018ANEXO \u00daNICO<br \/>\nCALEND\u00c1RIO OFICIAL DO ESTADO DE SANTA CATARINA<\/p>\n<p>&#8230;&#8230;&#8230;&#8230;&#8230;&#8230;&#8230;&#8230;&#8230;&#8230;&#8230;&#8230;&#8230;&#8230;&#8230;&#8230;&#8230;&#8230;&#8230;&#8230;&#8230;&#8230;&#8230;&#8230;&#8230;&#8230;&#8230;&#8230;&#8230;&#8230;&#8230;&#8230;&#8230;&#8230;&#8230;&#8230;&#8230;&#8230;&#8230;&#8230;&#8230;&#8230;&#8230;&#8230;&#8230;&#8230;&#8230;..<\/p>\n<p>MAIO<\/p>\n<p>DIAS<br \/>\nLEI<br \/>\nORIGINAL N\u00ba<br \/>\n&#8230;&#8230;&#8230;&#8230;&#8230;&#8230;&#8230;&#8230;&#8230;&#8230;&#8230;&#8230;&#8230;&#8230;&#8230;&#8230;&#8230;&#8230;&#8230;&#8230;&#8230;&#8230;&#8230;&#8230;&#8230;&#8230;&#8230;&#8230;&#8230;&#8230;<br \/>\n&#8230;&#8230;. &#8230;&#8230;&#8230;&#8230;&#8230;&#8230;&#8230;&#8230;..<br \/>\n16 Dia Estadual de Valoriza\u00e7\u00e3o e Reconhecimento do<\/p>\n<p>Servi\u00e7o Social do Com\u00e9rcio (Sesc) e do Servi\u00e7o<br \/>\nNacional de Aprendizagem Comercial (Senac)<br \/>\nCom o objetivo de destacar a import\u00e2ncia das<br \/>\natividades desenvolvidas pelo Sesc e pelo Senac em<br \/>\nprol do desenvolvimento social, cultural e educacional<br \/>\ndos trabalhadores do com\u00e9rcio, de seus dependentes e<br \/>\nda sociedade em geral, com \u00eanfase no acesso a<br \/>\nservi\u00e7os e programas nas \u00e1reas de cultura, sa\u00fade,<br \/>\neduca\u00e7\u00e3o, esporte, lazer e qualifica\u00e7\u00e3o profissional.<br \/>\n&#8230;&#8230; &#8230;&#8230;&#8230;&#8230;&#8230;&#8230;&#8230;&#8230;&#8230;&#8230;&#8230;&#8230;&#8230;&#8230;&#8230;&#8230;&#8230;&#8230;&#8230;&#8230;&#8230;&#8230;&#8230;&#8230;&#8230;&#8230;&#8230;&#8230;&#8230;&#8230; &#8230;&#8230;&#8230;&#8230;&#8230;&#8230;&#8230;&#8230;..<br \/>\n&#8230;&#8230;&#8230;&#8230;&#8230;&#8230;&#8230;&#8230;&#8230;&#8230;&#8230;&#8230;&#8230;&#8230;&#8230;&#8230;&#8230;&#8230;&#8230;&#8230;&#8230;&#8230;&#8230;&#8230;&#8230;&#8230;&#8230;&#8230;&#8230;&#8230;&#8230;&#8230;&#8230;&#8230;&#8230;&#8230;&#8230;&#8230;&#8230;&#8230;&#8230;&#8230;&#8230;&#8230;.\u2019 (NR)\u201d<br \/>\n JUSTIFICA\u00c7\u00c3O<\/p>\n<p>O Servi\u00e7o Social do Com\u00e9rcio (Sesc) e o Servi\u00e7o Nacional de Aprendizagem Comercial<br \/>\n(Senac) desempenham papel fundamental no desenvolvimento social e econ\u00f4mico do<br \/>\nBrasil desde a sua cria\u00e7\u00e3o, em 1946. <\/p>\n<p>O Sesc \u00e9 reconhecido pela promo\u00e7\u00e3o da inclus\u00e3o social, por meio do acesso a servi\u00e7os<br \/>\nnas \u00e1reas de sa\u00fade, cultura, educa\u00e7\u00e3o, esporte e lazer, voltados prioritariamente aos<br \/>\ntrabalhadores do com\u00e9rcio e seus dependentes. Suas a\u00e7\u00f5es contribuem diretamente<br \/>\npara a melhoria da qualidade de vida, o fortalecimento da cidadania e a valoriza\u00e7\u00e3o da<br \/>\ncultura local.<\/p>\n<p>Por sua vez, o Senac \u00e9 refer\u00eancia nacional na forma\u00e7\u00e3o profissional, ao oferecer cursos<br \/>\nt\u00e9cnicos e programas de capacita\u00e7\u00e3o que acompanham as demandas do mercado de<br \/>\ntrabalho. Suas iniciativas visam preparar os alunos para os desafios da economia<br \/>\ncontempor\u00e2nea, com \u00eanfase na inova\u00e7\u00e3o, na tecnologia e na digitaliza\u00e7\u00e3o, al\u00e9m de<br \/>\npromover a qualifica\u00e7\u00e3o que impulsiona o desenvolvimento econ\u00f4mico e social.<\/p>\n<p>Instituir o Dia Estadual de Valoriza\u00e7\u00e3o e Reconhecimento do Sesc e do Senac \u00e9<br \/>\nreconhecer a import\u00e2ncia hist\u00f3rica e social dessas institui\u00e7\u00f5es, assim como homenagear<br \/>\nos milhares de profissionais dedicados que, diariamente, contribuem para a educa\u00e7\u00e3o,<br \/>\nsa\u00fade, lazer, cultura e qualifica\u00e7\u00e3o em todas as regi\u00f5es de Santa Catarina.<\/p>\n<p>Este reconhecimento p\u00fablico tamb\u00e9m visa ampliar a visibilidade das a\u00e7\u00f5es dessas<br \/>\nentidades junto \u00e0 sociedade, com a participa\u00e7\u00e3o da comunidade e dos poderes p\u00fablicos<br \/>\nno apoio e fortalecimento das iniciativas que promovem a qualifica\u00e7\u00e3o profissional e o<br \/>\nbem-estar coletivo.<\/p>\n<p>Assim, este Projeto refor\u00e7a o compromisso com a valoriza\u00e7\u00e3o das institui\u00e7\u00f5es que s\u00e3o<br \/>\npilares do desenvolvimento social e econ\u00f4mico do estado, o que consolida a relev\u00e2ncia<br \/>\ndo Sesc e do Senac para a constru\u00e7\u00e3o de uma sociedade mais justa, inclusiva e<br \/>\npreparada para os desafios do futuro.<\/p>\n<p>ELEGIS<br \/>\nDocumento assinado eletronicamente por Nilso Jos\u00e9 Berlanda, em<br \/>\nSistema de Processo<br \/>\n28\/05\/2025, \u00e0s 18:53.<br \/>\nLegislativo Eletr\u00f4nico<\/article>\n<div style=\"text-align: center\">\n<div style=\"margin-bottom: 20px;\" class=\"et_pb_button_module_wrapper et_pb_button_5_tb_body_wrapper et_pb_button_alignment_center et_pb_module \">\n         <a class=\"et_pb_button et_pb_button_5_tb_body et_hover_enabled et_pb_bg_layout_dark\" style=\"width: 50%;background-color: black;\" href=\"https:\/\/app.legislapp.com.br\" target=\"_blank\" rel=\"noopener\">Visualizar completo na nossa plataforma (30 dias gr\u00e1tis)<\/a><\/p><\/div>\n<p>      <a href=\"https:\/\/play.google.com\/store\/apps\/details?id=br.com.legislapp\"><img decoding=\"async\" style=\"width: 15%; min-width: 130px;\" src=\"https:\/\/www.legislapp.com.br\/wp-content\/uploads\/google-play.png\"><\/a><br \/>\n      <a href=\"https:\/\/apps.apple.com\/us\/app\/legislapp\/id1568929859\"><img decoding=\"async\" style=\"width: 15%; min-width: 130px\" src=\"https:\/\/www.legislapp.com.br\/wp-content\/uploads\/apple-store.png\"><\/a>\n   <\/div>\n","protected":false},"excerpt":{"rendered":"<p>C\u00e2m. Legislativa de SC &#8211; Autoria de Nilso Berlanda Institui o Dia Estadual de Valoriza\u00e7\u00e3o e Reconhecimento do Servi\u00e7o Social do Com\u00e9rcio (Sesc) e do Servi\u00e7o Nacional de Aprendizagem Comercial (Senac) e altera o Anexo \u00danico da Lei n\u00ba 18.531, de 2022, que &#8220;Consolida as leis que instituem datas e eventos alusivos no \u00e2mbito do [&hellip;]<\/p>\n","protected":false},"author":1,"featured_media":0,"parent":0,"menu_order":0,"comment_status":"closed","ping_status":"closed","template":"page-template-blank.php","meta":{"_et_pb_use_builder":"","_et_pb_old_content":"","_et_gb_content_width":"1080","ngg_post_thumbnail":0,"footnotes":""},"class_list":["post-7680","page","type-page","status-publish","hentry"],"yoast_head":"<!-- This site is optimized with the Yoast SEO plugin v24.4 - https:\/\/yoast.com\/wordpress\/plugins\/seo\/ -->\n<title>PL.\/0303\/2025 - Nilso Berlanda - Legislapp<\/title>\n<meta name=\"robots\" content=\"index, follow, max-snippet:-1, max-image-preview:large, max-video-preview:-1\" \/>\n<link rel=\"canonical\" href=\"https:\/\/www.legislapp.com.br\/index.php\/cam-legislativa-de-sc-pl-0303-2025-2\/\" \/>\n<meta property=\"og:locale\" content=\"pt_BR\" \/>\n<meta property=\"og:type\" content=\"article\" \/>\n<meta property=\"og:title\" content=\"PL.\/0303\/2025 - Nilso Berlanda - Legislapp\" \/>\n<meta property=\"og:description\" content=\"C\u00e2m. Legislativa de SC &#8211; Autoria de Nilso Berlanda Institui o Dia Estadual de Valoriza\u00e7\u00e3o e Reconhecimento do Servi\u00e7o Social do Com\u00e9rcio (Sesc) e do Servi\u00e7o Nacional de Aprendizagem Comercial (Senac) e altera o Anexo \u00danico da Lei n\u00ba 18.531, de 2022, que &#8220;Consolida as leis que instituem datas e eventos alusivos no \u00e2mbito do [&hellip;]\" \/>\n<meta property=\"og:url\" content=\"https:\/\/www.legislapp.com.br\/index.php\/cam-legislativa-de-sc-pl-0303-2025-2\/\" \/>\n<meta property=\"og:site_name\" content=\"Legislapp\" \/>\n<meta property=\"article:publisher\" content=\"https:\/\/www.instagram.com\/legislapp\/\" \/>\n<meta property=\"og:image\" content=\"https:\/\/www.legislapp.com.br\/wp-content\/uploads\/google-play.png\" \/>\n<meta name=\"twitter:card\" content=\"summary_large_image\" \/>\n<meta name=\"twitter:label1\" content=\"Est. tempo de leitura\" \/>\n\t<meta name=\"twitter:data1\" content=\"4 minutos\" \/>\n<script type=\"application\/ld+json\" class=\"yoast-schema-graph\">{\"@context\":\"https:\/\/schema.org\",\"@graph\":[{\"@type\":\"WebPage\",\"@id\":\"https:\/\/www.legislapp.com.br\/index.php\/cam-legislativa-de-sc-pl-0303-2025-2\/\",\"url\":\"https:\/\/www.legislapp.com.br\/index.php\/cam-legislativa-de-sc-pl-0303-2025-2\/\",\"name\":\"PL.\/0303\/2025 - Nilso Berlanda - Legislapp\",\"isPartOf\":{\"@id\":\"https:\/\/www.legislapp.com.br\/#website\"},\"primaryImageOfPage\":{\"@id\":\"https:\/\/www.legislapp.com.br\/index.php\/cam-legislativa-de-sc-pl-0303-2025-2\/#primaryimage\"},\"image\":{\"@id\":\"https:\/\/www.legislapp.com.br\/index.php\/cam-legislativa-de-sc-pl-0303-2025-2\/#primaryimage\"},\"thumbnailUrl\":\"https:\/\/www.legislapp.com.br\/wp-content\/uploads\/google-play.png\",\"datePublished\":\"2025-09-17T16:44:27+00:00\",\"breadcrumb\":{\"@id\":\"https:\/\/www.legislapp.com.br\/index.php\/cam-legislativa-de-sc-pl-0303-2025-2\/#breadcrumb\"},\"inLanguage\":\"pt-BR\",\"potentialAction\":[{\"@type\":\"ReadAction\",\"target\":[\"https:\/\/www.legislapp.com.br\/index.php\/cam-legislativa-de-sc-pl-0303-2025-2\/\"]}]},{\"@type\":\"ImageObject\",\"inLanguage\":\"pt-BR\",\"@id\":\"https:\/\/www.legislapp.com.br\/index.php\/cam-legislativa-de-sc-pl-0303-2025-2\/#primaryimage\",\"url\":\"https:\/\/www.legislapp.com.br\/wp-content\/uploads\/google-play.png\",\"contentUrl\":\"https:\/\/www.legislapp.com.br\/wp-content\/uploads\/google-play.png\",\"width\":564,\"height\":168},{\"@type\":\"BreadcrumbList\",\"@id\":\"https:\/\/www.legislapp.com.br\/index.php\/cam-legislativa-de-sc-pl-0303-2025-2\/#breadcrumb\",\"itemListElement\":[{\"@type\":\"ListItem\",\"position\":1,\"name\":\"In\u00edcio\",\"item\":\"https:\/\/www.legislapp.com.br\/\"},{\"@type\":\"ListItem\",\"position\":2,\"name\":\"PL.\/0303\/2025 &#8211; Nilso Berlanda\"}]},{\"@type\":\"WebSite\",\"@id\":\"https:\/\/www.legislapp.com.br\/#website\",\"url\":\"https:\/\/www.legislapp.com.br\/\",\"name\":\"Legislapp\",\"description\":\"Intelig\u00eancia governamental em tempo real\",\"publisher\":{\"@id\":\"https:\/\/www.legislapp.com.br\/#organization\"},\"potentialAction\":[{\"@type\":\"SearchAction\",\"target\":{\"@type\":\"EntryPoint\",\"urlTemplate\":\"https:\/\/www.legislapp.com.br\/?s={search_term_string}\"},\"query-input\":{\"@type\":\"PropertyValueSpecification\",\"valueRequired\":true,\"valueName\":\"search_term_string\"}}],\"inLanguage\":\"pt-BR\"},{\"@type\":\"Organization\",\"@id\":\"https:\/\/www.legislapp.com.br\/#organization\",\"name\":\"Legislapp Monitoramento e Intelig\u00eancia Governamental\",\"url\":\"https:\/\/www.legislapp.com.br\/\",\"logo\":{\"@type\":\"ImageObject\",\"inLanguage\":\"pt-BR\",\"@id\":\"https:\/\/www.legislapp.com.br\/#\/schema\/logo\/image\/\",\"url\":\"https:\/\/www.legislapp.com.br\/wp-content\/uploads\/icon.png\",\"contentUrl\":\"https:\/\/www.legislapp.com.br\/wp-content\/uploads\/icon.png\",\"width\":1024,\"height\":1024,\"caption\":\"Legislapp Monitoramento e Intelig\u00eancia Governamental\"},\"image\":{\"@id\":\"https:\/\/www.legislapp.com.br\/#\/schema\/logo\/image\/\"},\"sameAs\":[\"https:\/\/www.instagram.com\/legislapp\/\"]}]}<\/script>\n<!-- \/ Yoast SEO plugin. -->","yoast_head_json":{"title":"PL.\/0303\/2025 - Nilso Berlanda - Legislapp","robots":{"index":"index","follow":"follow","max-snippet":"max-snippet:-1","max-image-preview":"max-image-preview:large","max-video-preview":"max-video-preview:-1"},"canonical":"https:\/\/www.legislapp.com.br\/index.php\/cam-legislativa-de-sc-pl-0303-2025-2\/","og_locale":"pt_BR","og_type":"article","og_title":"PL.\/0303\/2025 - Nilso Berlanda - Legislapp","og_description":"C\u00e2m. Legislativa de SC &#8211; Autoria de Nilso Berlanda Institui o Dia Estadual de Valoriza\u00e7\u00e3o e Reconhecimento do Servi\u00e7o Social do Com\u00e9rcio (Sesc) e do Servi\u00e7o Nacional de Aprendizagem Comercial (Senac) e altera o Anexo \u00danico da Lei n\u00ba 18.531, de 2022, que &#8220;Consolida as leis que instituem datas e eventos alusivos no \u00e2mbito do [&hellip;]","og_url":"https:\/\/www.legislapp.com.br\/index.php\/cam-legislativa-de-sc-pl-0303-2025-2\/","og_site_name":"Legislapp","article_publisher":"https:\/\/www.instagram.com\/legislapp\/","og_image":[{"url":"https:\/\/www.legislapp.com.br\/wp-content\/uploads\/google-play.png","type":"","width":"","height":""}],"twitter_card":"summary_large_image","twitter_misc":{"Est. tempo de leitura":"4 minutos"},"schema":{"@context":"https:\/\/schema.org","@graph":[{"@type":"WebPage","@id":"https:\/\/www.legislapp.com.br\/index.php\/cam-legislativa-de-sc-pl-0303-2025-2\/","url":"https:\/\/www.legislapp.com.br\/index.php\/cam-legislativa-de-sc-pl-0303-2025-2\/","name":"PL.\/0303\/2025 - Nilso Berlanda - Legislapp","isPartOf":{"@id":"https:\/\/www.legislapp.com.br\/#website"},"primaryImageOfPage":{"@id":"https:\/\/www.legislapp.com.br\/index.php\/cam-legislativa-de-sc-pl-0303-2025-2\/#primaryimage"},"image":{"@id":"https:\/\/www.legislapp.com.br\/index.php\/cam-legislativa-de-sc-pl-0303-2025-2\/#primaryimage"},"thumbnailUrl":"https:\/\/www.legislapp.com.br\/wp-content\/uploads\/google-play.png","datePublished":"2025-09-17T16:44:27+00:00","breadcrumb":{"@id":"https:\/\/www.legislapp.com.br\/index.php\/cam-legislativa-de-sc-pl-0303-2025-2\/#breadcrumb"},"inLanguage":"pt-BR","potentialAction":[{"@type":"ReadAction","target":["https:\/\/www.legislapp.com.br\/index.php\/cam-legislativa-de-sc-pl-0303-2025-2\/"]}]},{"@type":"ImageObject","inLanguage":"pt-BR","@id":"https:\/\/www.legislapp.com.br\/index.php\/cam-legislativa-de-sc-pl-0303-2025-2\/#primaryimage","url":"https:\/\/www.legislapp.com.br\/wp-content\/uploads\/google-play.png","contentUrl":"https:\/\/www.legislapp.com.br\/wp-content\/uploads\/google-play.png","width":564,"height":168},{"@type":"BreadcrumbList","@id":"https:\/\/www.legislapp.com.br\/index.php\/cam-legislativa-de-sc-pl-0303-2025-2\/#breadcrumb","itemListElement":[{"@type":"ListItem","position":1,"name":"In\u00edcio","item":"https:\/\/www.legislapp.com.br\/"},{"@type":"ListItem","position":2,"name":"PL.\/0303\/2025 &#8211; Nilso Berlanda"}]},{"@type":"WebSite","@id":"https:\/\/www.legislapp.com.br\/#website","url":"https:\/\/www.legislapp.com.br\/","name":"Legislapp","description":"Intelig\u00eancia governamental em tempo real","publisher":{"@id":"https:\/\/www.legislapp.com.br\/#organization"},"potentialAction":[{"@type":"SearchAction","target":{"@type":"EntryPoint","urlTemplate":"https:\/\/www.legislapp.com.br\/?s={search_term_string}"},"query-input":{"@type":"PropertyValueSpecification","valueRequired":true,"valueName":"search_term_string"}}],"inLanguage":"pt-BR"},{"@type":"Organization","@id":"https:\/\/www.legislapp.com.br\/#organization","name":"Legislapp Monitoramento e Intelig\u00eancia Governamental","url":"https:\/\/www.legislapp.com.br\/","logo":{"@type":"ImageObject","inLanguage":"pt-BR","@id":"https:\/\/www.legislapp.com.br\/#\/schema\/logo\/image\/","url":"https:\/\/www.legislapp.com.br\/wp-content\/uploads\/icon.png","contentUrl":"https:\/\/www.legislapp.com.br\/wp-content\/uploads\/icon.png","width":1024,"height":1024,"caption":"Legislapp Monitoramento e Intelig\u00eancia Governamental"},"image":{"@id":"https:\/\/www.legislapp.com.br\/#\/schema\/logo\/image\/"},"sameAs":["https:\/\/www.instagram.com\/legislapp\/"]}]}},"_links":{"self":[{"href":"https:\/\/www.legislapp.com.br\/index.php\/wp-json\/wp\/v2\/pages\/7680","targetHints":{"allow":["GET"]}}],"collection":[{"href":"https:\/\/www.legislapp.com.br\/index.php\/wp-json\/wp\/v2\/pages"}],"about":[{"href":"https:\/\/www.legislapp.com.br\/index.php\/wp-json\/wp\/v2\/types\/page"}],"author":[{"embeddable":true,"href":"https:\/\/www.legislapp.com.br\/index.php\/wp-json\/wp\/v2\/users\/1"}],"replies":[{"embeddable":true,"href":"https:\/\/www.legislapp.com.br\/index.php\/wp-json\/wp\/v2\/comments?post=7680"}],"version-history":[{"count":0,"href":"https:\/\/www.legislapp.com.br\/index.php\/wp-json\/wp\/v2\/pages\/7680\/revisions"}],"wp:attachment":[{"href":"https:\/\/www.legislapp.com.br\/index.php\/wp-json\/wp\/v2\/media?parent=7680"}],"curies":[{"name":"wp","href":"https:\/\/api.w.org\/{rel}","templated":true}]}}