{"id":7689,"date":"2025-09-17T13:44:59","date_gmt":"2025-09-17T16:44:59","guid":{"rendered":"https:\/\/www.legislapp.com.br\/index.php\/cam-legislativa-de-pe-pl-2971-2025-2\/"},"modified":"2025-09-17T13:44:59","modified_gmt":"2025-09-17T16:44:59","slug":"cam-legislativa-de-pe-pl-2971-2025-2","status":"publish","type":"page","link":"https:\/\/www.legislapp.com.br\/index.php\/cam-legislativa-de-pe-pl-2971-2025-2\/","title":{"rendered":"PL 2971\/2025 &#8211; RAQUEL TEIXEIRA LYRA LUCENA"},"content":{"rendered":"<h1 style='text-align: center;'>C\u00e2m. Legislativa de PE &#8211; Autoria de RAQUEL TEIXEIRA LYRA LUCENA<\/h3>\n<p><\/p>\n<article style='text-align: center'>MENSAGEM N\u00ba 15\/2025.<\/p>\n<p>Recife, 27 de maio de 2025.<\/p>\n<p>Senhor Presidente,<\/p>\n<p>Tenho a honra de encaminhar para aprecia\u00e7\u00e3o dessa Augusta Casa em observ\u00e2ncia ao disposto no \u00a7 1\u00ba do art. 4\u00ba e inciso IV do art. 15 da Constitui\u00e7\u00e3o Estadual, o anexo Projeto de Lei que autoriza o Estado de Pernambuco a doar, com encargo, ao Munic\u00edpio de Inaj\u00e1, os im\u00f3veis que indica.<\/p>\n<p>A proposi\u00e7\u00e3o tem o objetivo de viabilizar a constru\u00e7\u00e3o, instala\u00e7\u00e3o e o funcionamento de Unidade B\u00e1sica de Sa\u00fade \u2013 UBS, o que beneficiar\u00e1 a popula\u00e7\u00e3o do Munic\u00edpio de Inaj\u00e1.<\/p>\n<p>Certa da compreens\u00e3o dos membros que comp\u00f5em essa Casa na aprecia\u00e7\u00e3o da mat\u00e9ria que ora submeto \u00e0 sua considera\u00e7\u00e3o, solicito a observ\u00e2ncia do regime de urg\u00eancia de que trata o art. 21 da Constitui\u00e7\u00e3o Estadual, na tramita\u00e7\u00e3o do anexo Projeto de Lei, pelas raz\u00f5es acima discriminadas.<\/p>\n<p>Valho-me do ensejo para renovar a Vossa Excel\u00eancia e aos seus dignos Pares protestos de elevado apre\u00e7o e considera\u00e7\u00e3o.<\/p>\n<p>RAQUEL TEIXEIRA LYRA LUCENA<br \/>\nGovernadora do Estado<\/p>\n<p>Excelent\u00edssimo Senhor<br \/>\nDeputado \u00c1LVARO PORTO DE BARROS<br \/>\nDD. Presidente da Assembleia Legislativa do Estado de Pernambuco<br \/>\nNESTA<\/article>\n<p><\/p>\n<p style='text-align: center'><a href='https:\/\/app.legislapp.com.br\/#\/busca?termo='><\/a><\/p>\n<p><\/p>\n<article>\u00a0\u00a0\u00a0\u00a0\u00a0Art. 1\u00ba Fica o Estado de Pernambuco autorizado a doar, com encargo, ao Munic\u00edpio de Inaj\u00e1, os im\u00f3veis, de sua propriedade, situados na Avenida Cristo Rei, n\u00ba 314 ? n\u00ba 320, Centro, Munic\u00edpio de Inaj\u00e1, neste Estado, devidamente registrados no Cart\u00f3rio \u00danico de Inaj\u00e1, sob o registro de n\u00ba 2695.<\/p>\n<p>\u00a0\u00a0\u00a0\u00a0\u00a0Par\u00e1grafo \u00fanico. A doa\u00e7\u00e3o de que trata o caput ser\u00e1 formalizada mediante escritura p\u00fablica, devidamente lavrada e registrada em cart\u00f3rio competente, na qual constar\u00e3o as condi\u00e7\u00f5es e as obriga\u00e7\u00f5es pactuadas<\/p>\n<p>\u00a0\u00a0\u00a0\u00a0\u00a0Art. 2\u00ba A doa\u00e7\u00e3o de que trata o art. 1\u00ba ter\u00e1 como encargo a constru\u00e7\u00e3o, instala\u00e7\u00e3o e o funcionamento de Unidade B\u00e1sica de Sa\u00fade &#8211; UBS.<\/p>\n<p>\u00a0\u00a0\u00a0\u00a0\u00a0Par\u00e1grafo \u00fanico. O cumprimento do encargo previsto no caput dever\u00e1 ser iniciado em at\u00e9 24 (vinte e quatro) meses, contados a partir da lavratura de escritura p\u00fablica de doa\u00e7\u00e3o.<\/p>\n<p>\u00a0\u00a0\u00a0\u00a0\u00a0Art. 3\u00ba Os im\u00f3veis objeto da doa\u00e7\u00e3o devem destinar-se exclusivamente aos fins previstos no art. 2\u00ba, obrigando-se o donat\u00e1rio a dar-lhe a destina\u00e7\u00e3o devida, bem como a mant\u00ea-lo em bom estado de conserva\u00e7\u00e3o e de uso.<\/p>\n<p>\u00a0\u00a0\u00a0\u00a0\u00a0\u00a7 1\u00ba O descumprimento de qualquer das obriga\u00e7\u00f5es contidas nesta Lei pelo donat\u00e1rio implicar\u00e1 em revers\u00e3o autom\u00e1tica da doa\u00e7\u00e3o.<\/p>\n<p>\u00a0\u00a0\u00a0\u00a0\u00a0\u00a7 2\u00ba Cessadas as raz\u00f5es que justificaram a doa\u00e7\u00e3o, os bens im\u00f3veis ser\u00e3o revertidos ao patrim\u00f4nio do Estado de Pernambuco, vedada sua aliena\u00e7\u00e3o pelo donat\u00e1rio.<\/p>\n<p>\u00a0\u00a0\u00a0\u00a0\u00a0Art. 4\u00ba Esta Lei entra em vigor na data de sua publica\u00e7\u00e3o.<\/article>\n<div style=\"text-align: center\">\n<div style=\"margin-bottom: 20px;\" class=\"et_pb_button_module_wrapper et_pb_button_5_tb_body_wrapper et_pb_button_alignment_center et_pb_module \">\n         <a class=\"et_pb_button et_pb_button_5_tb_body et_hover_enabled et_pb_bg_layout_dark\" style=\"width: 50%;background-color: black;\" href=\"https:\/\/app.legislapp.com.br\" target=\"_blank\" rel=\"noopener\">Visualizar completo na nossa plataforma (30 dias gr\u00e1tis)<\/a><\/p><\/div>\n<p>      <a href=\"https:\/\/play.google.com\/store\/apps\/details?id=br.com.legislapp\"><img decoding=\"async\" style=\"width: 15%; min-width: 130px;\" src=\"https:\/\/www.legislapp.com.br\/wp-content\/uploads\/google-play.png\"><\/a><br \/>\n      <a href=\"https:\/\/apps.apple.com\/us\/app\/legislapp\/id1568929859\"><img decoding=\"async\" style=\"width: 15%; min-width: 130px\" src=\"https:\/\/www.legislapp.com.br\/wp-content\/uploads\/apple-store.png\"><\/a>\n   <\/div>\n","protected":false},"excerpt":{"rendered":"<p>C\u00e2m. Legislativa de PE &#8211; Autoria de RAQUEL TEIXEIRA LYRA LUCENA MENSAGEM N\u00ba 15\/2025. Recife, 27 de maio de 2025. Senhor Presidente, Tenho a honra de encaminhar para aprecia\u00e7\u00e3o dessa Augusta Casa em observ\u00e2ncia ao disposto no \u00a7 1\u00ba do art. 4\u00ba e inciso IV do art. 15 da Constitui\u00e7\u00e3o Estadual, o anexo Projeto de [&hellip;]<\/p>\n","protected":false},"author":1,"featured_media":0,"parent":0,"menu_order":0,"comment_status":"closed","ping_status":"closed","template":"page-template-blank.php","meta":{"_et_pb_use_builder":"","_et_pb_old_content":"","_et_gb_content_width":"1080","ngg_post_thumbnail":0,"footnotes":""},"class_list":["post-7689","page","type-page","status-publish","hentry"],"yoast_head":"<!-- This site is optimized with the Yoast SEO plugin v24.4 - https:\/\/yoast.com\/wordpress\/plugins\/seo\/ -->\n<title>PL 2971\/2025 - RAQUEL TEIXEIRA LYRA LUCENA - Legislapp<\/title>\n<meta name=\"robots\" content=\"index, follow, max-snippet:-1, max-image-preview:large, max-video-preview:-1\" \/>\n<link rel=\"canonical\" href=\"https:\/\/www.legislapp.com.br\/index.php\/cam-legislativa-de-pe-pl-2971-2025-2\/\" \/>\n<meta property=\"og:locale\" content=\"pt_BR\" \/>\n<meta property=\"og:type\" content=\"article\" \/>\n<meta property=\"og:title\" content=\"PL 2971\/2025 - RAQUEL TEIXEIRA LYRA LUCENA - Legislapp\" \/>\n<meta property=\"og:description\" content=\"C\u00e2m. Legislativa de PE &#8211; Autoria de RAQUEL TEIXEIRA LYRA LUCENA MENSAGEM N\u00ba 15\/2025. Recife, 27 de maio de 2025. Senhor Presidente, Tenho a honra de encaminhar para aprecia\u00e7\u00e3o dessa Augusta Casa em observ\u00e2ncia ao disposto no \u00a7 1\u00ba do art. 4\u00ba e inciso IV do art. 15 da Constitui\u00e7\u00e3o Estadual, o anexo Projeto de [&hellip;]\" \/>\n<meta property=\"og:url\" content=\"https:\/\/www.legislapp.com.br\/index.php\/cam-legislativa-de-pe-pl-2971-2025-2\/\" \/>\n<meta property=\"og:site_name\" content=\"Legislapp\" \/>\n<meta property=\"article:publisher\" content=\"https:\/\/www.instagram.com\/legislapp\/\" \/>\n<meta property=\"og:image\" content=\"https:\/\/www.legislapp.com.br\/wp-content\/uploads\/google-play.png\" \/>\n<meta name=\"twitter:card\" content=\"summary_large_image\" \/>\n<meta name=\"twitter:label1\" content=\"Est. tempo de leitura\" \/>\n\t<meta name=\"twitter:data1\" content=\"2 minutos\" \/>\n<script type=\"application\/ld+json\" class=\"yoast-schema-graph\">{\"@context\":\"https:\/\/schema.org\",\"@graph\":[{\"@type\":\"WebPage\",\"@id\":\"https:\/\/www.legislapp.com.br\/index.php\/cam-legislativa-de-pe-pl-2971-2025-2\/\",\"url\":\"https:\/\/www.legislapp.com.br\/index.php\/cam-legislativa-de-pe-pl-2971-2025-2\/\",\"name\":\"PL 2971\/2025 - RAQUEL TEIXEIRA LYRA LUCENA - Legislapp\",\"isPartOf\":{\"@id\":\"https:\/\/www.legislapp.com.br\/#website\"},\"primaryImageOfPage\":{\"@id\":\"https:\/\/www.legislapp.com.br\/index.php\/cam-legislativa-de-pe-pl-2971-2025-2\/#primaryimage\"},\"image\":{\"@id\":\"https:\/\/www.legislapp.com.br\/index.php\/cam-legislativa-de-pe-pl-2971-2025-2\/#primaryimage\"},\"thumbnailUrl\":\"https:\/\/www.legislapp.com.br\/wp-content\/uploads\/google-play.png\",\"datePublished\":\"2025-09-17T16:44:59+00:00\",\"breadcrumb\":{\"@id\":\"https:\/\/www.legislapp.com.br\/index.php\/cam-legislativa-de-pe-pl-2971-2025-2\/#breadcrumb\"},\"inLanguage\":\"pt-BR\",\"potentialAction\":[{\"@type\":\"ReadAction\",\"target\":[\"https:\/\/www.legislapp.com.br\/index.php\/cam-legislativa-de-pe-pl-2971-2025-2\/\"]}]},{\"@type\":\"ImageObject\",\"inLanguage\":\"pt-BR\",\"@id\":\"https:\/\/www.legislapp.com.br\/index.php\/cam-legislativa-de-pe-pl-2971-2025-2\/#primaryimage\",\"url\":\"https:\/\/www.legislapp.com.br\/wp-content\/uploads\/google-play.png\",\"contentUrl\":\"https:\/\/www.legislapp.com.br\/wp-content\/uploads\/google-play.png\",\"width\":564,\"height\":168},{\"@type\":\"BreadcrumbList\",\"@id\":\"https:\/\/www.legislapp.com.br\/index.php\/cam-legislativa-de-pe-pl-2971-2025-2\/#breadcrumb\",\"itemListElement\":[{\"@type\":\"ListItem\",\"position\":1,\"name\":\"In\u00edcio\",\"item\":\"https:\/\/www.legislapp.com.br\/\"},{\"@type\":\"ListItem\",\"position\":2,\"name\":\"PL 2971\/2025 &#8211; RAQUEL TEIXEIRA LYRA LUCENA\"}]},{\"@type\":\"WebSite\",\"@id\":\"https:\/\/www.legislapp.com.br\/#website\",\"url\":\"https:\/\/www.legislapp.com.br\/\",\"name\":\"Legislapp\",\"description\":\"Intelig\u00eancia governamental em tempo real\",\"publisher\":{\"@id\":\"https:\/\/www.legislapp.com.br\/#organization\"},\"potentialAction\":[{\"@type\":\"SearchAction\",\"target\":{\"@type\":\"EntryPoint\",\"urlTemplate\":\"https:\/\/www.legislapp.com.br\/?s={search_term_string}\"},\"query-input\":{\"@type\":\"PropertyValueSpecification\",\"valueRequired\":true,\"valueName\":\"search_term_string\"}}],\"inLanguage\":\"pt-BR\"},{\"@type\":\"Organization\",\"@id\":\"https:\/\/www.legislapp.com.br\/#organization\",\"name\":\"Legislapp Monitoramento e Intelig\u00eancia Governamental\",\"url\":\"https:\/\/www.legislapp.com.br\/\",\"logo\":{\"@type\":\"ImageObject\",\"inLanguage\":\"pt-BR\",\"@id\":\"https:\/\/www.legislapp.com.br\/#\/schema\/logo\/image\/\",\"url\":\"https:\/\/www.legislapp.com.br\/wp-content\/uploads\/icon.png\",\"contentUrl\":\"https:\/\/www.legislapp.com.br\/wp-content\/uploads\/icon.png\",\"width\":1024,\"height\":1024,\"caption\":\"Legislapp Monitoramento e Intelig\u00eancia Governamental\"},\"image\":{\"@id\":\"https:\/\/www.legislapp.com.br\/#\/schema\/logo\/image\/\"},\"sameAs\":[\"https:\/\/www.instagram.com\/legislapp\/\"]}]}<\/script>\n<!-- \/ Yoast SEO plugin. -->","yoast_head_json":{"title":"PL 2971\/2025 - RAQUEL TEIXEIRA LYRA LUCENA - Legislapp","robots":{"index":"index","follow":"follow","max-snippet":"max-snippet:-1","max-image-preview":"max-image-preview:large","max-video-preview":"max-video-preview:-1"},"canonical":"https:\/\/www.legislapp.com.br\/index.php\/cam-legislativa-de-pe-pl-2971-2025-2\/","og_locale":"pt_BR","og_type":"article","og_title":"PL 2971\/2025 - RAQUEL TEIXEIRA LYRA LUCENA - Legislapp","og_description":"C\u00e2m. Legislativa de PE &#8211; Autoria de RAQUEL TEIXEIRA LYRA LUCENA MENSAGEM N\u00ba 15\/2025. Recife, 27 de maio de 2025. Senhor Presidente, Tenho a honra de encaminhar para aprecia\u00e7\u00e3o dessa Augusta Casa em observ\u00e2ncia ao disposto no \u00a7 1\u00ba do art. 4\u00ba e inciso IV do art. 15 da Constitui\u00e7\u00e3o Estadual, o anexo Projeto de [&hellip;]","og_url":"https:\/\/www.legislapp.com.br\/index.php\/cam-legislativa-de-pe-pl-2971-2025-2\/","og_site_name":"Legislapp","article_publisher":"https:\/\/www.instagram.com\/legislapp\/","og_image":[{"url":"https:\/\/www.legislapp.com.br\/wp-content\/uploads\/google-play.png","type":"","width":"","height":""}],"twitter_card":"summary_large_image","twitter_misc":{"Est. tempo de leitura":"2 minutos"},"schema":{"@context":"https:\/\/schema.org","@graph":[{"@type":"WebPage","@id":"https:\/\/www.legislapp.com.br\/index.php\/cam-legislativa-de-pe-pl-2971-2025-2\/","url":"https:\/\/www.legislapp.com.br\/index.php\/cam-legislativa-de-pe-pl-2971-2025-2\/","name":"PL 2971\/2025 - RAQUEL TEIXEIRA LYRA LUCENA - Legislapp","isPartOf":{"@id":"https:\/\/www.legislapp.com.br\/#website"},"primaryImageOfPage":{"@id":"https:\/\/www.legislapp.com.br\/index.php\/cam-legislativa-de-pe-pl-2971-2025-2\/#primaryimage"},"image":{"@id":"https:\/\/www.legislapp.com.br\/index.php\/cam-legislativa-de-pe-pl-2971-2025-2\/#primaryimage"},"thumbnailUrl":"https:\/\/www.legislapp.com.br\/wp-content\/uploads\/google-play.png","datePublished":"2025-09-17T16:44:59+00:00","breadcrumb":{"@id":"https:\/\/www.legislapp.com.br\/index.php\/cam-legislativa-de-pe-pl-2971-2025-2\/#breadcrumb"},"inLanguage":"pt-BR","potentialAction":[{"@type":"ReadAction","target":["https:\/\/www.legislapp.com.br\/index.php\/cam-legislativa-de-pe-pl-2971-2025-2\/"]}]},{"@type":"ImageObject","inLanguage":"pt-BR","@id":"https:\/\/www.legislapp.com.br\/index.php\/cam-legislativa-de-pe-pl-2971-2025-2\/#primaryimage","url":"https:\/\/www.legislapp.com.br\/wp-content\/uploads\/google-play.png","contentUrl":"https:\/\/www.legislapp.com.br\/wp-content\/uploads\/google-play.png","width":564,"height":168},{"@type":"BreadcrumbList","@id":"https:\/\/www.legislapp.com.br\/index.php\/cam-legislativa-de-pe-pl-2971-2025-2\/#breadcrumb","itemListElement":[{"@type":"ListItem","position":1,"name":"In\u00edcio","item":"https:\/\/www.legislapp.com.br\/"},{"@type":"ListItem","position":2,"name":"PL 2971\/2025 &#8211; RAQUEL TEIXEIRA LYRA LUCENA"}]},{"@type":"WebSite","@id":"https:\/\/www.legislapp.com.br\/#website","url":"https:\/\/www.legislapp.com.br\/","name":"Legislapp","description":"Intelig\u00eancia governamental em tempo real","publisher":{"@id":"https:\/\/www.legislapp.com.br\/#organization"},"potentialAction":[{"@type":"SearchAction","target":{"@type":"EntryPoint","urlTemplate":"https:\/\/www.legislapp.com.br\/?s={search_term_string}"},"query-input":{"@type":"PropertyValueSpecification","valueRequired":true,"valueName":"search_term_string"}}],"inLanguage":"pt-BR"},{"@type":"Organization","@id":"https:\/\/www.legislapp.com.br\/#organization","name":"Legislapp Monitoramento e Intelig\u00eancia Governamental","url":"https:\/\/www.legislapp.com.br\/","logo":{"@type":"ImageObject","inLanguage":"pt-BR","@id":"https:\/\/www.legislapp.com.br\/#\/schema\/logo\/image\/","url":"https:\/\/www.legislapp.com.br\/wp-content\/uploads\/icon.png","contentUrl":"https:\/\/www.legislapp.com.br\/wp-content\/uploads\/icon.png","width":1024,"height":1024,"caption":"Legislapp Monitoramento e Intelig\u00eancia Governamental"},"image":{"@id":"https:\/\/www.legislapp.com.br\/#\/schema\/logo\/image\/"},"sameAs":["https:\/\/www.instagram.com\/legislapp\/"]}]}},"_links":{"self":[{"href":"https:\/\/www.legislapp.com.br\/index.php\/wp-json\/wp\/v2\/pages\/7689","targetHints":{"allow":["GET"]}}],"collection":[{"href":"https:\/\/www.legislapp.com.br\/index.php\/wp-json\/wp\/v2\/pages"}],"about":[{"href":"https:\/\/www.legislapp.com.br\/index.php\/wp-json\/wp\/v2\/types\/page"}],"author":[{"embeddable":true,"href":"https:\/\/www.legislapp.com.br\/index.php\/wp-json\/wp\/v2\/users\/1"}],"replies":[{"embeddable":true,"href":"https:\/\/www.legislapp.com.br\/index.php\/wp-json\/wp\/v2\/comments?post=7689"}],"version-history":[{"count":0,"href":"https:\/\/www.legislapp.com.br\/index.php\/wp-json\/wp\/v2\/pages\/7689\/revisions"}],"wp:attachment":[{"href":"https:\/\/www.legislapp.com.br\/index.php\/wp-json\/wp\/v2\/media?parent=7689"}],"curies":[{"name":"wp","href":"https:\/\/api.w.org\/{rel}","templated":true}]}}