{"id":7706,"date":"2025-09-17T13:45:56","date_gmt":"2025-09-17T16:45:56","guid":{"rendered":"https:\/\/www.legislapp.com.br\/index.php\/cam-legislativa-de-sc-pl-0286-2025\/"},"modified":"2025-09-17T13:45:56","modified_gmt":"2025-09-17T16:45:56","slug":"cam-legislativa-de-sc-pl-0286-2025","status":"publish","type":"page","link":"https:\/\/www.legislapp.com.br\/index.php\/cam-legislativa-de-sc-pl-0286-2025\/","title":{"rendered":"PL.\/0286\/2025 &#8211; Padre Pedro Baldissera"},"content":{"rendered":"<h1 style='text-align: center;'>C\u00e2m. Legislativa de SC &#8211; Autoria de Padre Pedro Baldissera<\/h3>\n<p><\/p>\n<article style='text-align: center'>Institui o Dia Estadual de S\u00e3o Jo\u00e3o Maria, a ser celebrado anualmente no dia 03 de Maio, e altera o Anexo \u00danico da Lei n\u00ba 18.531, de 2022, que Consolida as leis que instituem datas e eventos alusivos no \u00e2mbito do Estado de Santa Catarina e estabelece o Calend\u00e1rio Oficial do Estado para incluir referida data alusiva no Calend\u00e1rio Oficial do Estado de Santa Catarina.<\/article>\n<p><\/p>\n<p style='text-align: center'><a href='https:\/\/app.legislapp.com.br\/#\/busca?termo='><\/a><\/p>\n<p><\/p>\n<article>GABINETE DEPUTADO<br \/>\nASSEMBLEIA LEGISLATIVA<br \/>\nPADRE PEDRO<br \/>\nESTADO DE SANTA CATARINA<br \/>\nBALDISSERA<\/p>\n<p>PROJETO DE LEI <\/p>\n<p>Institui o Dia Estadual de S\u00e3o Jo\u00e3o Maria, a ser celebrado<br \/>\nanualmente no dia 03 de Maio, e altera o Anexo \u00danico da Lei<br \/>\nn\u00ba 18.531, de 2022, que Consolida as leis que instituem datas<br \/>\ne eventos alusivos no \u00e2mbito do Estado de Santa Catarina e<br \/>\nestabelece o Calend\u00e1rio Oficial do Estado para incluir referida<br \/>\ndata alusiva no Calend\u00e1rio Oficial do Estado de Santa<br \/>\nCatarina.<\/p>\n<p>Art. 1\u00ba Fica institu\u00eddo, no \u00e2mbito do Estado de Santa Catarina,<br \/>\no Dia Estadual de S\u00e3o Jo\u00e3o Maria, a ser celebrado, anualmente, no dia 03 de Maio.<\/p>\n<p>Art. 2\u00ba O Anexo \u00danico da Lei n\u00ba 18.531, de 5 de dezembro de<br \/>\n2022, passa a vigorar com a altera\u00e7\u00e3o constante do Anexo \u00fanico desta Lei.<\/p>\n<p>Art. 3\u00ba Esta Lei entra em vigor na data de sua publica\u00e7\u00e3o.<\/p>\n<p>Sala das Sess\u00f5es,<\/p>\n<p>Deputado Padre Pedro Baldissera<\/p>\n<p>ANEXO \u00daNICO<br \/>\n(Altera o Anexo \u00danico da Lei n\u00ba 18.531, de 5 de dezembro de 2022)<\/p>\n<p>ANEXO \u00daNICO<br \/>\nCALEND\u00c1RIO OFICIAL DO ESTADO DE SANTA CATARINA<br \/>\n&#8230;&#8230;&#8230;&#8230;&#8230;&#8230;&#8230;&#8230;&#8230;&#8230;&#8230;&#8230;&#8230;&#8230;&#8230;&#8230;&#8230;&#8230;&#8230;&#8230;&#8230;&#8230;&#8230;&#8230;&#8230;&#8230;&#8230;&#8230;&#8230;&#8230;&#8230;&#8230;&#8230;&#8230;&#8230;&#8230;&#8230;&#8230;&#8230;&#8230;&#8230;&#8230;&#8230;&#8230;&#8230;&#8230;&#8230;..<br \/>\nDIA MAIO LEI ORIGINAL N\u00ba<br \/>\n&#8230;&#8230;&#8230;&#8230;&#8230;&#8230;&#8230;&#8230; &#8230;&#8230;&#8230;&#8230;&#8230;&#8230;&#8230;&#8230; &#8230;&#8230;&#8230;&#8230;&#8230;&#8230;&#8230;&#8230;<br \/>\n03 Institui o Dia Estadual<br \/>\nde S\u00e3o Jo\u00e3o Maria a<br \/>\nser celebrado<br \/>\nanualmente no dia 03<br \/>\nde Maio.<br \/>\n&#8230;&#8230;&#8230;&#8230;&#8230;&#8230;&#8230;&#8230; &#8230;&#8230;&#8230;&#8230;&#8230;&#8230;&#8230;&#8230; &#8230;&#8230;&#8230;&#8230;&#8230;&#8230;&#8230;&#8230;<br \/>\n&#8230;&#8230;&#8230;&#8230;&#8230;&#8230;&#8230;&#8230;&#8230;&#8230;&#8230;&#8230;&#8230;&#8230;&#8230;&#8230;&#8230;&#8230;&#8230;&#8230;&#8230;&#8230;&#8230;&#8230;&#8230;&#8230;&#8230;&#8230;&#8230;&#8230;&#8230;&#8230;&#8230;&#8230;&#8230;&#8230;&#8230;&#8230;&#8230;&#8230;..&#8221; (NR)<br \/>\n JUSTIFICA\u00c7\u00c3O<\/p>\n<p>O presente Projeto de Lei tem por objetivo instituir, no \u00e2mbito do Estado de Santa<br \/>\nCatarina, o Dia Estadual de S\u00e3o Jo\u00e3o Maria, a ser celebrado anualmente no dia 3 de<br \/>\nmaio.<\/p>\n<p>A proposta encontra respaldo na tradi\u00e7\u00e3o secular de in\u00fameras comunidades da Regi\u00e3o<br \/>\ndo Vale do Contestado e de outras regi\u00f5es catarinenses, que, desde gera\u00e7\u00f5es<br \/>\npassadas, preservam a mem\u00f3ria, a f\u00e9 e os ensinamentos de S\u00e3o Jo\u00e3o Maria. Esse dia<br \/>\n\u00e9 lembrado por meio de lendas e relatos registrados em jornais, livros, document\u00e1rios,<br \/>\nbem como pela transmiss\u00e3o oral de hist\u00f3rias que atravessam gera\u00e7\u00f5es.<\/p>\n<p>De acordo com registros hist\u00f3ricos e relatos orais, em diversos munic\u00edpios do Vale do<br \/>\nContestado, S\u00e3o Jo\u00e3o Maria deixou um legado espiritual materializado nas cruzes que<br \/>\nele pr\u00f3prio \u201cplantou\u201d em pontos espec\u00edficos, bem como nos chamados pocinhos \u2014 as<br \/>\n\u00c1guas Santas \u2014 e nos pousinhos, locais onde repousava durante suas peregrina\u00e7\u00f5es.<br \/>\nEsses espa\u00e7os s\u00e3o, at\u00e9 hoje, considerados sagrados pelos devotos e devotas,<br \/>\nconhecidos como joaninos e joaninas, que praticam sua f\u00e9 cabocla e realizam romarias,<br \/>\nrezas e prociss\u00f5es nesses locais.<\/p>\n<p>Esses pontos de devo\u00e7\u00e3o, mapeados por estudiosos da Esta\u00e7\u00e3o Contestado, vinculada<br \/>\n\u00e0 UDESC, s\u00e3o s\u00edmbolos de resist\u00eancia cultural, f\u00e9 e identidade das comunidades<br \/>\ncaboclas. A cren\u00e7a popular atribui \u00e0s cruzes, \u00e0s \u00e1guas e aos pousos o poder de<br \/>\nproteger as pessoas e as comunidades contra doen\u00e7as, pestes e outros males.<\/p>\n<p>Ressalta-se que, tradicionalmente, o dia 3 de maio \u00e9 considerado pelas comunidades<br \/>\ncaboclas um \u201cdia santo\u201d, reservado para manifesta\u00e7\u00f5es de f\u00e9, ora\u00e7\u00f5es e prociss\u00f5es,<br \/>\nsendo comum que atividades laborais sejam suspensas, salvo em casos de extrema<br \/>\nnecessidade.<\/p>\n<p>A presente proposi\u00e7\u00e3o se fundamenta em pesquisas de renomados estudiosos da f\u00e9<br \/>\ncabocla, como a antrop\u00f3loga T\u00e2nia Welter, que cunhou os termos joaninas e joaninos, e<br \/>\no historiador Rog\u00e9rio Rosa, cujos trabalhos evidenciam a import\u00e2ncia hist\u00f3rica, social e<br \/>\ncultural dessa tradi\u00e7\u00e3o.<\/p>\n<p>Importante destacar que este projeto n\u00e3o nasce de uma iniciativa isolada. Pelo<br \/>\ncontr\u00e1rio, conta com o amplo respaldo de 26 cartas de apoio formalizadas por<br \/>\nentidades, movimentos culturais, associa\u00e7\u00f5es comunit\u00e1rias e lideran\u00e7as religiosas de<br \/>\ncinco regi\u00f5es do Estado \u2014 Norte, Planalto Sul, Meio-Oeste, Oeste e Extremo Oeste.<br \/>\nSoma-se a esse conjunto um abaixo-assinado com 195 assinaturas, que expressa, de<br \/>\nforma inequ\u00edvoca, o desejo das comunidades pela oficializa\u00e7\u00e3o do Dia Estadual de S\u00e3o<br \/>\nJo\u00e3o Maria, como reconhecimento \u00e0 f\u00e9, \u00e0 hist\u00f3ria e \u00e0 resist\u00eancia cultural do povo<br \/>\ncaboclo de Santa Catarina.<\/p>\n<p>Instituir o Dia Estadual de S\u00e3o Jo\u00e3o Maria representa n\u00e3o apenas o reconhecimento<br \/>\nformal de uma manifesta\u00e7\u00e3o cultural e religiosa profundamente enraizada na hist\u00f3ria<br \/>\ncatarinense, mas tamb\u00e9m uma forma simb\u00f3lica de o Estado de Santa Catarina<br \/>\ncontribuir para a repara\u00e7\u00e3o da d\u00edvida hist\u00f3rica decorrente do tr\u00e1gico epis\u00f3dio da Guerra<br \/>\ndo Contestado (1912-1916), cujas marcas permanecem vivas na mem\u00f3ria das<br \/>\ncomunidades atingidas.<\/p>\n<p>Diante do exposto, solicito o apoio dos nobres pares para a aprova\u00e7\u00e3o deste Projeto de<br \/>\nLei, que visa preservar, valorizar e reconhecer a f\u00e9, a cultura e a hist\u00f3ria do povo<br \/>\ncaboclo catarinense.<br \/>\nELEGIS<br \/>\nDocumento assinado eletronicamente por Padre Pedro<br \/>\nSistema de Processo<br \/>\nBaldissera, em 27\/05\/2025, \u00e0s 11:34.<br \/>\nLegislativo Eletr\u00f4nico<\/article>\n<div style=\"text-align: center\">\n<div style=\"margin-bottom: 20px;\" class=\"et_pb_button_module_wrapper et_pb_button_5_tb_body_wrapper et_pb_button_alignment_center et_pb_module \">\n         <a class=\"et_pb_button et_pb_button_5_tb_body et_hover_enabled et_pb_bg_layout_dark\" style=\"width: 50%;background-color: black;\" href=\"https:\/\/app.legislapp.com.br\" target=\"_blank\" rel=\"noopener\">Visualizar completo na nossa plataforma (30 dias gr\u00e1tis)<\/a><\/p><\/div>\n<p>      <a href=\"https:\/\/play.google.com\/store\/apps\/details?id=br.com.legislapp\"><img decoding=\"async\" style=\"width: 15%; min-width: 130px;\" src=\"https:\/\/www.legislapp.com.br\/wp-content\/uploads\/google-play.png\"><\/a><br \/>\n      <a href=\"https:\/\/apps.apple.com\/us\/app\/legislapp\/id1568929859\"><img decoding=\"async\" style=\"width: 15%; min-width: 130px\" src=\"https:\/\/www.legislapp.com.br\/wp-content\/uploads\/apple-store.png\"><\/a>\n   <\/div>\n","protected":false},"excerpt":{"rendered":"<p>C\u00e2m. Legislativa de SC &#8211; Autoria de Padre Pedro Baldissera Institui o Dia Estadual de S\u00e3o Jo\u00e3o Maria, a ser celebrado anualmente no dia 03 de Maio, e altera o Anexo \u00danico da Lei n\u00ba 18.531, de 2022, que Consolida as leis que instituem datas e eventos alusivos no \u00e2mbito do Estado de Santa Catarina [&hellip;]<\/p>\n","protected":false},"author":1,"featured_media":0,"parent":0,"menu_order":0,"comment_status":"closed","ping_status":"closed","template":"page-template-blank.php","meta":{"_et_pb_use_builder":"","_et_pb_old_content":"","_et_gb_content_width":"1080","ngg_post_thumbnail":0,"footnotes":""},"class_list":["post-7706","page","type-page","status-publish","hentry"],"yoast_head":"<!-- This site is optimized with the Yoast SEO plugin v24.4 - https:\/\/yoast.com\/wordpress\/plugins\/seo\/ -->\n<title>PL.\/0286\/2025 - Padre Pedro Baldissera - Legislapp<\/title>\n<meta name=\"robots\" content=\"index, follow, max-snippet:-1, max-image-preview:large, max-video-preview:-1\" \/>\n<link rel=\"canonical\" href=\"https:\/\/www.legislapp.com.br\/index.php\/cam-legislativa-de-sc-pl-0286-2025\/\" \/>\n<meta property=\"og:locale\" content=\"pt_BR\" \/>\n<meta property=\"og:type\" content=\"article\" \/>\n<meta property=\"og:title\" content=\"PL.\/0286\/2025 - Padre Pedro Baldissera - Legislapp\" \/>\n<meta property=\"og:description\" content=\"C\u00e2m. Legislativa de SC &#8211; Autoria de Padre Pedro Baldissera Institui o Dia Estadual de S\u00e3o Jo\u00e3o Maria, a ser celebrado anualmente no dia 03 de Maio, e altera o Anexo \u00danico da Lei n\u00ba 18.531, de 2022, que Consolida as leis que instituem datas e eventos alusivos no \u00e2mbito do Estado de Santa Catarina [&hellip;]\" \/>\n<meta property=\"og:url\" content=\"https:\/\/www.legislapp.com.br\/index.php\/cam-legislativa-de-sc-pl-0286-2025\/\" \/>\n<meta property=\"og:site_name\" content=\"Legislapp\" \/>\n<meta property=\"article:publisher\" content=\"https:\/\/www.instagram.com\/legislapp\/\" \/>\n<meta property=\"og:image\" content=\"https:\/\/www.legislapp.com.br\/wp-content\/uploads\/google-play.png\" \/>\n<meta name=\"twitter:card\" content=\"summary_large_image\" \/>\n<meta name=\"twitter:label1\" content=\"Est. tempo de leitura\" \/>\n\t<meta name=\"twitter:data1\" content=\"4 minutos\" \/>\n<script type=\"application\/ld+json\" class=\"yoast-schema-graph\">{\"@context\":\"https:\/\/schema.org\",\"@graph\":[{\"@type\":\"WebPage\",\"@id\":\"https:\/\/www.legislapp.com.br\/index.php\/cam-legislativa-de-sc-pl-0286-2025\/\",\"url\":\"https:\/\/www.legislapp.com.br\/index.php\/cam-legislativa-de-sc-pl-0286-2025\/\",\"name\":\"PL.\/0286\/2025 - Padre Pedro Baldissera - Legislapp\",\"isPartOf\":{\"@id\":\"https:\/\/www.legislapp.com.br\/#website\"},\"primaryImageOfPage\":{\"@id\":\"https:\/\/www.legislapp.com.br\/index.php\/cam-legislativa-de-sc-pl-0286-2025\/#primaryimage\"},\"image\":{\"@id\":\"https:\/\/www.legislapp.com.br\/index.php\/cam-legislativa-de-sc-pl-0286-2025\/#primaryimage\"},\"thumbnailUrl\":\"https:\/\/www.legislapp.com.br\/wp-content\/uploads\/google-play.png\",\"datePublished\":\"2025-09-17T16:45:56+00:00\",\"breadcrumb\":{\"@id\":\"https:\/\/www.legislapp.com.br\/index.php\/cam-legislativa-de-sc-pl-0286-2025\/#breadcrumb\"},\"inLanguage\":\"pt-BR\",\"potentialAction\":[{\"@type\":\"ReadAction\",\"target\":[\"https:\/\/www.legislapp.com.br\/index.php\/cam-legislativa-de-sc-pl-0286-2025\/\"]}]},{\"@type\":\"ImageObject\",\"inLanguage\":\"pt-BR\",\"@id\":\"https:\/\/www.legislapp.com.br\/index.php\/cam-legislativa-de-sc-pl-0286-2025\/#primaryimage\",\"url\":\"https:\/\/www.legislapp.com.br\/wp-content\/uploads\/google-play.png\",\"contentUrl\":\"https:\/\/www.legislapp.com.br\/wp-content\/uploads\/google-play.png\",\"width\":564,\"height\":168},{\"@type\":\"BreadcrumbList\",\"@id\":\"https:\/\/www.legislapp.com.br\/index.php\/cam-legislativa-de-sc-pl-0286-2025\/#breadcrumb\",\"itemListElement\":[{\"@type\":\"ListItem\",\"position\":1,\"name\":\"In\u00edcio\",\"item\":\"https:\/\/www.legislapp.com.br\/\"},{\"@type\":\"ListItem\",\"position\":2,\"name\":\"PL.\/0286\/2025 &#8211; Padre Pedro Baldissera\"}]},{\"@type\":\"WebSite\",\"@id\":\"https:\/\/www.legislapp.com.br\/#website\",\"url\":\"https:\/\/www.legislapp.com.br\/\",\"name\":\"Legislapp\",\"description\":\"Intelig\u00eancia governamental em tempo real\",\"publisher\":{\"@id\":\"https:\/\/www.legislapp.com.br\/#organization\"},\"potentialAction\":[{\"@type\":\"SearchAction\",\"target\":{\"@type\":\"EntryPoint\",\"urlTemplate\":\"https:\/\/www.legislapp.com.br\/?s={search_term_string}\"},\"query-input\":{\"@type\":\"PropertyValueSpecification\",\"valueRequired\":true,\"valueName\":\"search_term_string\"}}],\"inLanguage\":\"pt-BR\"},{\"@type\":\"Organization\",\"@id\":\"https:\/\/www.legislapp.com.br\/#organization\",\"name\":\"Legislapp Monitoramento e Intelig\u00eancia Governamental\",\"url\":\"https:\/\/www.legislapp.com.br\/\",\"logo\":{\"@type\":\"ImageObject\",\"inLanguage\":\"pt-BR\",\"@id\":\"https:\/\/www.legislapp.com.br\/#\/schema\/logo\/image\/\",\"url\":\"https:\/\/www.legislapp.com.br\/wp-content\/uploads\/icon.png\",\"contentUrl\":\"https:\/\/www.legislapp.com.br\/wp-content\/uploads\/icon.png\",\"width\":1024,\"height\":1024,\"caption\":\"Legislapp Monitoramento e Intelig\u00eancia Governamental\"},\"image\":{\"@id\":\"https:\/\/www.legislapp.com.br\/#\/schema\/logo\/image\/\"},\"sameAs\":[\"https:\/\/www.instagram.com\/legislapp\/\"]}]}<\/script>\n<!-- \/ Yoast SEO plugin. -->","yoast_head_json":{"title":"PL.\/0286\/2025 - Padre Pedro Baldissera - Legislapp","robots":{"index":"index","follow":"follow","max-snippet":"max-snippet:-1","max-image-preview":"max-image-preview:large","max-video-preview":"max-video-preview:-1"},"canonical":"https:\/\/www.legislapp.com.br\/index.php\/cam-legislativa-de-sc-pl-0286-2025\/","og_locale":"pt_BR","og_type":"article","og_title":"PL.\/0286\/2025 - Padre Pedro Baldissera - Legislapp","og_description":"C\u00e2m. Legislativa de SC &#8211; Autoria de Padre Pedro Baldissera Institui o Dia Estadual de S\u00e3o Jo\u00e3o Maria, a ser celebrado anualmente no dia 03 de Maio, e altera o Anexo \u00danico da Lei n\u00ba 18.531, de 2022, que Consolida as leis que instituem datas e eventos alusivos no \u00e2mbito do Estado de Santa Catarina [&hellip;]","og_url":"https:\/\/www.legislapp.com.br\/index.php\/cam-legislativa-de-sc-pl-0286-2025\/","og_site_name":"Legislapp","article_publisher":"https:\/\/www.instagram.com\/legislapp\/","og_image":[{"url":"https:\/\/www.legislapp.com.br\/wp-content\/uploads\/google-play.png","type":"","width":"","height":""}],"twitter_card":"summary_large_image","twitter_misc":{"Est. tempo de leitura":"4 minutos"},"schema":{"@context":"https:\/\/schema.org","@graph":[{"@type":"WebPage","@id":"https:\/\/www.legislapp.com.br\/index.php\/cam-legislativa-de-sc-pl-0286-2025\/","url":"https:\/\/www.legislapp.com.br\/index.php\/cam-legislativa-de-sc-pl-0286-2025\/","name":"PL.\/0286\/2025 - Padre Pedro Baldissera - Legislapp","isPartOf":{"@id":"https:\/\/www.legislapp.com.br\/#website"},"primaryImageOfPage":{"@id":"https:\/\/www.legislapp.com.br\/index.php\/cam-legislativa-de-sc-pl-0286-2025\/#primaryimage"},"image":{"@id":"https:\/\/www.legislapp.com.br\/index.php\/cam-legislativa-de-sc-pl-0286-2025\/#primaryimage"},"thumbnailUrl":"https:\/\/www.legislapp.com.br\/wp-content\/uploads\/google-play.png","datePublished":"2025-09-17T16:45:56+00:00","breadcrumb":{"@id":"https:\/\/www.legislapp.com.br\/index.php\/cam-legislativa-de-sc-pl-0286-2025\/#breadcrumb"},"inLanguage":"pt-BR","potentialAction":[{"@type":"ReadAction","target":["https:\/\/www.legislapp.com.br\/index.php\/cam-legislativa-de-sc-pl-0286-2025\/"]}]},{"@type":"ImageObject","inLanguage":"pt-BR","@id":"https:\/\/www.legislapp.com.br\/index.php\/cam-legislativa-de-sc-pl-0286-2025\/#primaryimage","url":"https:\/\/www.legislapp.com.br\/wp-content\/uploads\/google-play.png","contentUrl":"https:\/\/www.legislapp.com.br\/wp-content\/uploads\/google-play.png","width":564,"height":168},{"@type":"BreadcrumbList","@id":"https:\/\/www.legislapp.com.br\/index.php\/cam-legislativa-de-sc-pl-0286-2025\/#breadcrumb","itemListElement":[{"@type":"ListItem","position":1,"name":"In\u00edcio","item":"https:\/\/www.legislapp.com.br\/"},{"@type":"ListItem","position":2,"name":"PL.\/0286\/2025 &#8211; Padre Pedro Baldissera"}]},{"@type":"WebSite","@id":"https:\/\/www.legislapp.com.br\/#website","url":"https:\/\/www.legislapp.com.br\/","name":"Legislapp","description":"Intelig\u00eancia governamental em tempo real","publisher":{"@id":"https:\/\/www.legislapp.com.br\/#organization"},"potentialAction":[{"@type":"SearchAction","target":{"@type":"EntryPoint","urlTemplate":"https:\/\/www.legislapp.com.br\/?s={search_term_string}"},"query-input":{"@type":"PropertyValueSpecification","valueRequired":true,"valueName":"search_term_string"}}],"inLanguage":"pt-BR"},{"@type":"Organization","@id":"https:\/\/www.legislapp.com.br\/#organization","name":"Legislapp Monitoramento e Intelig\u00eancia Governamental","url":"https:\/\/www.legislapp.com.br\/","logo":{"@type":"ImageObject","inLanguage":"pt-BR","@id":"https:\/\/www.legislapp.com.br\/#\/schema\/logo\/image\/","url":"https:\/\/www.legislapp.com.br\/wp-content\/uploads\/icon.png","contentUrl":"https:\/\/www.legislapp.com.br\/wp-content\/uploads\/icon.png","width":1024,"height":1024,"caption":"Legislapp Monitoramento e Intelig\u00eancia Governamental"},"image":{"@id":"https:\/\/www.legislapp.com.br\/#\/schema\/logo\/image\/"},"sameAs":["https:\/\/www.instagram.com\/legislapp\/"]}]}},"_links":{"self":[{"href":"https:\/\/www.legislapp.com.br\/index.php\/wp-json\/wp\/v2\/pages\/7706","targetHints":{"allow":["GET"]}}],"collection":[{"href":"https:\/\/www.legislapp.com.br\/index.php\/wp-json\/wp\/v2\/pages"}],"about":[{"href":"https:\/\/www.legislapp.com.br\/index.php\/wp-json\/wp\/v2\/types\/page"}],"author":[{"embeddable":true,"href":"https:\/\/www.legislapp.com.br\/index.php\/wp-json\/wp\/v2\/users\/1"}],"replies":[{"embeddable":true,"href":"https:\/\/www.legislapp.com.br\/index.php\/wp-json\/wp\/v2\/comments?post=7706"}],"version-history":[{"count":0,"href":"https:\/\/www.legislapp.com.br\/index.php\/wp-json\/wp\/v2\/pages\/7706\/revisions"}],"wp:attachment":[{"href":"https:\/\/www.legislapp.com.br\/index.php\/wp-json\/wp\/v2\/media?parent=7706"}],"curies":[{"name":"wp","href":"https:\/\/api.w.org\/{rel}","templated":true}]}}