{"id":7707,"date":"2025-09-17T13:45:58","date_gmt":"2025-09-17T16:45:58","guid":{"rendered":"https:\/\/www.legislapp.com.br\/index.php\/cam-legislativa-de-sc-pl-0293-2025-2\/"},"modified":"2025-09-17T13:45:58","modified_gmt":"2025-09-17T16:45:58","slug":"cam-legislativa-de-sc-pl-0293-2025-2","status":"publish","type":"page","link":"https:\/\/www.legislapp.com.br\/index.php\/cam-legislativa-de-sc-pl-0293-2025-2\/","title":{"rendered":"PL.\/0293\/2025 &#8211; Thiago Morastoni"},"content":{"rendered":"<h1 style='text-align: center;'>C\u00e2m. Legislativa de SC &#8211; Autoria de Thiago Morastoni<\/h3>\n<p><\/p>\n<article style='text-align: center'>Institui o Programa Catarinense de Apoio \u00e0 Participa\u00e7\u00e3o em Miss\u00f5es e Feiras Internacionais &#8211; PROCAMFI &#8211; e d\u00e1 outras provid\u00eancias.<\/article>\n<p><\/p>\n<p style='text-align: center'><a href='https:\/\/app.legislapp.com.br\/#\/busca?termo='><\/a><\/p>\n<p><\/p>\n<article>ASSEMBLEIA LEGISLATIVA GABINETE DEPUTADO<br \/>\nESTADO DE SANTA CATARINA THIAGO MORASTONI<\/p>\n<p>PROJETO DE LEI<\/p>\n<p>Institui o Programa Catarinense de Apoio \u00e0 Participa\u00e7\u00e3o em<br \/>\nMiss\u00f5es e Feiras Internacionais \u2013 PROCAMFI \u2013 e d\u00e1 outras<br \/>\nprovid\u00eancias.<\/p>\n<p>Art. 1\u00ba Fica institu\u00eddo, no \u00e2mbito do Estado de Santa<br \/>\nCatarina, o Programa Catarinense de Apoio \u00e0 Participa\u00e7\u00e3o em Miss\u00f5es e Feiras<br \/>\nInternacionais (PROCAMFI), com o objetivo de estimular a inser\u00e7\u00e3o internacional de<br \/>\nempresas catarinenses e a capta\u00e7\u00e3o de investimentos estrangeiros.<\/p>\n<p>Art. 2\u00ba O PROCAMFI compreende a concess\u00e3o de incentivos<br \/>\nfiscais e apoio t\u00e9cnico a micro, pequenas, m\u00e9dias e grandes empresas sediadas em<br \/>\nSanta Catarina que:<\/p>\n<p>I participem de feiras, rodadas de neg\u00f3cios, miss\u00f5es<br \/>\ncomerciais ou eventos de promo\u00e7\u00e3o comercial no exterior;<\/p>\n<p>II apresentem plano de internacionaliza\u00e7\u00e3o contendo metas<br \/>\nde exporta\u00e7\u00e3o ou capta\u00e7\u00e3o de investimentos estrangeiros;  <\/p>\n<p>III estejam regularmente registradas no Sistema Integrado de<br \/>\nCom\u00e9rcio Exterior (Siscomex) ou plataforma oficial equivalente.<\/p>\n<p>Art. 3\u00ba As empresas habilitadas poder\u00e3o ter acesso aos<br \/>\nseguintes benef\u00edcios, conforme regulamenta\u00e7\u00e3o do Poder Executivo:  <\/p>\n<p>I cr\u00e9dito presumido de ICMS sobre produtos ou servi\u00e7os<br \/>\ndestinados \u00e0 exporta\u00e7\u00e3o, vinculados \u00e0s atividades do programa;<\/p>\n<p>II acesso priorit\u00e1rio a linhas de financiamento com foco em<br \/>\ninternacionaliza\u00e7\u00e3o junto a institui\u00e7\u00f5es como BADESC, BRDE e FINEP; e  <\/p>\n<p>III apoio t\u00e9cnico da Secretaria de Estado da Ind\u00fastria, do<br \/>\nCom\u00e9rcio e do Servi\u00e7o (SICOS) para organiza\u00e7\u00e3o log\u00edstica, orienta\u00e7\u00e3o comercial e<br \/>\ncertifica\u00e7\u00f5es internacionais.<\/p>\n<p>Art. 4\u00ba A ades\u00e3o ao PROCAMFI depender\u00e1 da apresenta\u00e7\u00e3o,<br \/>\npor parte da empresa interessada, de projeto espec\u00edfico junto \u00e0 SICOS, contendo:<\/p>\n<p>  I cronograma de participa\u00e7\u00e3o em feiras, miss\u00f5es ou eventos<br \/>\ninternacionais;<\/p>\n<p>II plano de a\u00e7\u00e3o com metas claras de exporta\u00e7\u00e3o ou atra\u00e7\u00e3o<br \/>\nde investimentos; e  <\/p>\n<p>III  relat\u00f3rio de desempenho exportador a ser apresentado no<br \/>\nprazo de at\u00e9 12 (doze) meses ap\u00f3s cada participa\u00e7\u00e3o aprovada, contendo indicadores<br \/>\nde impacto.<\/p>\n<p> Art 5\u00ba A Secretaria de Estado da Fazenda editar\u00e1 normas<br \/>\ncomplementares para a operacionaliza\u00e7\u00e3o dos incentivos fiscais previstos nesta Lei,<br \/>\nobservadas as disposi\u00e7\u00f5es da Lei Complementar n\u00ba 160\/2017 e do Conv\u00eanio ICMS n\u00ba<br \/>\n190\/2017.<\/p>\n<p>Art. 6\u00ba Art. 6\u00ba Esta Lei entra em vigor na data de sua<br \/>\npublica\u00e7\u00e3o.<\/p>\n<p>Sala da Sess\u00f5es,     <\/p>\n<p>Deputado THIAGO MORASTONI<br \/>\n JUSTIFICA\u00c7\u00c3O<\/p>\n<p>O presente Projeto de Lei visa instituir, no Estado de Santa Catarina, o Programa<br \/>\nCatarinense de Apoio \u00e0 Participa\u00e7\u00e3o em Miss\u00f5es e Feiras Internacionais (PROCAMFI),<br \/>\ncomo instrumento de fortalecimento da base exportadora do estado e de promo\u00e7\u00e3o da<br \/>\ninternacionaliza\u00e7\u00e3o de empresas catarinenses.<\/p>\n<p>Atualmente, menos de 1% das empresas do Estado exportam regularmente, sendo que<br \/>\na maioria enfrenta dificuldades para acessar mercados externos devido a barreiras de<br \/>\ncusto, desconhecimento de oportunidades e aus\u00eancia de incentivo fiscal \u00e0 prospec\u00e7\u00e3o<br \/>\ninternacional.<\/p>\n<p>A participa\u00e7\u00e3o em feiras e miss\u00f5es comerciais \u00e9 uma das estrat\u00e9gias mais eficazes<br \/>\npara ampliar o alcance de produtos catarinenses e atrair investimentos. No entanto,<br \/>\nsem incentivos adequados, pequenas e m\u00e9dias empresas ficam \u00e0 margem dessas<br \/>\niniciativas, o que limita o potencial do Estado em ampliar sua competitividade global.<\/p>\n<p>Com o PROCAMFI, Santa Catarina poder\u00e1 estimular de forma estruturada a presen\u00e7a<br \/>\nde seus empreendedores no mercado internacional, por meio de incentivos vinculados<br \/>\nao desempenho exportador e \u00e0 capta\u00e7\u00e3o de investimentos. A proposta prev\u00ea<br \/>\ncontrapartidas concretas, como a apresenta\u00e7\u00e3o de relat\u00f3rios p\u00f3s-evento, metas de<br \/>\ndesempenho e an\u00e1lise por comiss\u00e3o t\u00e9cnica.<\/p>\n<p>Entre os benef\u00edcios esperados, destacam-se:<br \/>\n\u2013 a diversifica\u00e7\u00e3o da pauta exportadora do Estado;<br \/>\n\u2013 o fortalecimento das cadeias produtivas locais;<br \/>\n\u2013 o posicionamento internacional estrat\u00e9gico de marcas catarinenses;<br \/>\n\u2013 a gera\u00e7\u00e3o de emprego e renda a partir do aumento da competitividade e inova\u00e7\u00e3o.<\/p>\n<p>Diante do exposto, solicita-se o apoio dos nobres parlamentares para aprova\u00e7\u00e3o da<br \/>\npresente proposta legislativa.<br \/>\nELEGIS<br \/>\nDocumento assinado eletronicamente por Thiago da Silva<br \/>\nSistema de Processo<br \/>\nMorastoni, em 27\/05\/2025, \u00e0s 11:45.<br \/>\nLegislativo Eletr\u00f4nico<\/article>\n<div style=\"text-align: center\">\n<div style=\"margin-bottom: 20px;\" class=\"et_pb_button_module_wrapper et_pb_button_5_tb_body_wrapper et_pb_button_alignment_center et_pb_module \">\n         <a class=\"et_pb_button et_pb_button_5_tb_body et_hover_enabled et_pb_bg_layout_dark\" style=\"width: 50%;background-color: black;\" href=\"https:\/\/app.legislapp.com.br\" target=\"_blank\" rel=\"noopener\">Visualizar completo na nossa plataforma (30 dias gr\u00e1tis)<\/a><\/p><\/div>\n<p>      <a href=\"https:\/\/play.google.com\/store\/apps\/details?id=br.com.legislapp\"><img decoding=\"async\" style=\"width: 15%; min-width: 130px;\" src=\"https:\/\/www.legislapp.com.br\/wp-content\/uploads\/google-play.png\"><\/a><br \/>\n      <a href=\"https:\/\/apps.apple.com\/us\/app\/legislapp\/id1568929859\"><img decoding=\"async\" style=\"width: 15%; min-width: 130px\" src=\"https:\/\/www.legislapp.com.br\/wp-content\/uploads\/apple-store.png\"><\/a>\n   <\/div>\n","protected":false},"excerpt":{"rendered":"<p>C\u00e2m. Legislativa de SC &#8211; Autoria de Thiago Morastoni Institui o Programa Catarinense de Apoio \u00e0 Participa\u00e7\u00e3o em Miss\u00f5es e Feiras Internacionais &#8211; PROCAMFI &#8211; e d\u00e1 outras provid\u00eancias. ASSEMBLEIA LEGISLATIVA GABINETE DEPUTADO ESTADO DE SANTA CATARINA THIAGO MORASTONI PROJETO DE LEI Institui o Programa Catarinense de Apoio \u00e0 Participa\u00e7\u00e3o em Miss\u00f5es e Feiras Internacionais [&hellip;]<\/p>\n","protected":false},"author":1,"featured_media":0,"parent":0,"menu_order":0,"comment_status":"closed","ping_status":"closed","template":"page-template-blank.php","meta":{"_et_pb_use_builder":"","_et_pb_old_content":"","_et_gb_content_width":"1080","ngg_post_thumbnail":0,"footnotes":""},"class_list":["post-7707","page","type-page","status-publish","hentry"],"yoast_head":"<!-- This site is optimized with the Yoast SEO plugin v24.4 - https:\/\/yoast.com\/wordpress\/plugins\/seo\/ -->\n<title>PL.\/0293\/2025 - Thiago Morastoni - Legislapp<\/title>\n<meta name=\"robots\" content=\"index, follow, max-snippet:-1, max-image-preview:large, max-video-preview:-1\" \/>\n<link rel=\"canonical\" href=\"https:\/\/www.legislapp.com.br\/index.php\/cam-legislativa-de-sc-pl-0293-2025-2\/\" \/>\n<meta property=\"og:locale\" content=\"pt_BR\" \/>\n<meta property=\"og:type\" content=\"article\" \/>\n<meta property=\"og:title\" content=\"PL.\/0293\/2025 - Thiago Morastoni - Legislapp\" \/>\n<meta property=\"og:description\" content=\"C\u00e2m. Legislativa de SC &#8211; Autoria de Thiago Morastoni Institui o Programa Catarinense de Apoio \u00e0 Participa\u00e7\u00e3o em Miss\u00f5es e Feiras Internacionais &#8211; PROCAMFI &#8211; e d\u00e1 outras provid\u00eancias. ASSEMBLEIA LEGISLATIVA GABINETE DEPUTADO ESTADO DE SANTA CATARINA THIAGO MORASTONI PROJETO DE LEI Institui o Programa Catarinense de Apoio \u00e0 Participa\u00e7\u00e3o em Miss\u00f5es e Feiras Internacionais [&hellip;]\" \/>\n<meta property=\"og:url\" content=\"https:\/\/www.legislapp.com.br\/index.php\/cam-legislativa-de-sc-pl-0293-2025-2\/\" \/>\n<meta property=\"og:site_name\" content=\"Legislapp\" \/>\n<meta property=\"article:publisher\" content=\"https:\/\/www.instagram.com\/legislapp\/\" \/>\n<meta property=\"og:image\" content=\"https:\/\/www.legislapp.com.br\/wp-content\/uploads\/google-play.png\" \/>\n<meta name=\"twitter:card\" content=\"summary_large_image\" \/>\n<meta name=\"twitter:label1\" content=\"Est. tempo de leitura\" \/>\n\t<meta name=\"twitter:data1\" content=\"3 minutos\" \/>\n<script type=\"application\/ld+json\" class=\"yoast-schema-graph\">{\"@context\":\"https:\/\/schema.org\",\"@graph\":[{\"@type\":\"WebPage\",\"@id\":\"https:\/\/www.legislapp.com.br\/index.php\/cam-legislativa-de-sc-pl-0293-2025-2\/\",\"url\":\"https:\/\/www.legislapp.com.br\/index.php\/cam-legislativa-de-sc-pl-0293-2025-2\/\",\"name\":\"PL.\/0293\/2025 - Thiago Morastoni - Legislapp\",\"isPartOf\":{\"@id\":\"https:\/\/www.legislapp.com.br\/#website\"},\"primaryImageOfPage\":{\"@id\":\"https:\/\/www.legislapp.com.br\/index.php\/cam-legislativa-de-sc-pl-0293-2025-2\/#primaryimage\"},\"image\":{\"@id\":\"https:\/\/www.legislapp.com.br\/index.php\/cam-legislativa-de-sc-pl-0293-2025-2\/#primaryimage\"},\"thumbnailUrl\":\"https:\/\/www.legislapp.com.br\/wp-content\/uploads\/google-play.png\",\"datePublished\":\"2025-09-17T16:45:58+00:00\",\"breadcrumb\":{\"@id\":\"https:\/\/www.legislapp.com.br\/index.php\/cam-legislativa-de-sc-pl-0293-2025-2\/#breadcrumb\"},\"inLanguage\":\"pt-BR\",\"potentialAction\":[{\"@type\":\"ReadAction\",\"target\":[\"https:\/\/www.legislapp.com.br\/index.php\/cam-legislativa-de-sc-pl-0293-2025-2\/\"]}]},{\"@type\":\"ImageObject\",\"inLanguage\":\"pt-BR\",\"@id\":\"https:\/\/www.legislapp.com.br\/index.php\/cam-legislativa-de-sc-pl-0293-2025-2\/#primaryimage\",\"url\":\"https:\/\/www.legislapp.com.br\/wp-content\/uploads\/google-play.png\",\"contentUrl\":\"https:\/\/www.legislapp.com.br\/wp-content\/uploads\/google-play.png\",\"width\":564,\"height\":168},{\"@type\":\"BreadcrumbList\",\"@id\":\"https:\/\/www.legislapp.com.br\/index.php\/cam-legislativa-de-sc-pl-0293-2025-2\/#breadcrumb\",\"itemListElement\":[{\"@type\":\"ListItem\",\"position\":1,\"name\":\"In\u00edcio\",\"item\":\"https:\/\/www.legislapp.com.br\/\"},{\"@type\":\"ListItem\",\"position\":2,\"name\":\"PL.\/0293\/2025 &#8211; Thiago Morastoni\"}]},{\"@type\":\"WebSite\",\"@id\":\"https:\/\/www.legislapp.com.br\/#website\",\"url\":\"https:\/\/www.legislapp.com.br\/\",\"name\":\"Legislapp\",\"description\":\"Intelig\u00eancia governamental em tempo real\",\"publisher\":{\"@id\":\"https:\/\/www.legislapp.com.br\/#organization\"},\"potentialAction\":[{\"@type\":\"SearchAction\",\"target\":{\"@type\":\"EntryPoint\",\"urlTemplate\":\"https:\/\/www.legislapp.com.br\/?s={search_term_string}\"},\"query-input\":{\"@type\":\"PropertyValueSpecification\",\"valueRequired\":true,\"valueName\":\"search_term_string\"}}],\"inLanguage\":\"pt-BR\"},{\"@type\":\"Organization\",\"@id\":\"https:\/\/www.legislapp.com.br\/#organization\",\"name\":\"Legislapp Monitoramento e Intelig\u00eancia Governamental\",\"url\":\"https:\/\/www.legislapp.com.br\/\",\"logo\":{\"@type\":\"ImageObject\",\"inLanguage\":\"pt-BR\",\"@id\":\"https:\/\/www.legislapp.com.br\/#\/schema\/logo\/image\/\",\"url\":\"https:\/\/www.legislapp.com.br\/wp-content\/uploads\/icon.png\",\"contentUrl\":\"https:\/\/www.legislapp.com.br\/wp-content\/uploads\/icon.png\",\"width\":1024,\"height\":1024,\"caption\":\"Legislapp Monitoramento e Intelig\u00eancia Governamental\"},\"image\":{\"@id\":\"https:\/\/www.legislapp.com.br\/#\/schema\/logo\/image\/\"},\"sameAs\":[\"https:\/\/www.instagram.com\/legislapp\/\"]}]}<\/script>\n<!-- \/ Yoast SEO plugin. -->","yoast_head_json":{"title":"PL.\/0293\/2025 - Thiago Morastoni - Legislapp","robots":{"index":"index","follow":"follow","max-snippet":"max-snippet:-1","max-image-preview":"max-image-preview:large","max-video-preview":"max-video-preview:-1"},"canonical":"https:\/\/www.legislapp.com.br\/index.php\/cam-legislativa-de-sc-pl-0293-2025-2\/","og_locale":"pt_BR","og_type":"article","og_title":"PL.\/0293\/2025 - Thiago Morastoni - Legislapp","og_description":"C\u00e2m. Legislativa de SC &#8211; Autoria de Thiago Morastoni Institui o Programa Catarinense de Apoio \u00e0 Participa\u00e7\u00e3o em Miss\u00f5es e Feiras Internacionais &#8211; PROCAMFI &#8211; e d\u00e1 outras provid\u00eancias. ASSEMBLEIA LEGISLATIVA GABINETE DEPUTADO ESTADO DE SANTA CATARINA THIAGO MORASTONI PROJETO DE LEI Institui o Programa Catarinense de Apoio \u00e0 Participa\u00e7\u00e3o em Miss\u00f5es e Feiras Internacionais [&hellip;]","og_url":"https:\/\/www.legislapp.com.br\/index.php\/cam-legislativa-de-sc-pl-0293-2025-2\/","og_site_name":"Legislapp","article_publisher":"https:\/\/www.instagram.com\/legislapp\/","og_image":[{"url":"https:\/\/www.legislapp.com.br\/wp-content\/uploads\/google-play.png","type":"","width":"","height":""}],"twitter_card":"summary_large_image","twitter_misc":{"Est. tempo de leitura":"3 minutos"},"schema":{"@context":"https:\/\/schema.org","@graph":[{"@type":"WebPage","@id":"https:\/\/www.legislapp.com.br\/index.php\/cam-legislativa-de-sc-pl-0293-2025-2\/","url":"https:\/\/www.legislapp.com.br\/index.php\/cam-legislativa-de-sc-pl-0293-2025-2\/","name":"PL.\/0293\/2025 - Thiago Morastoni - Legislapp","isPartOf":{"@id":"https:\/\/www.legislapp.com.br\/#website"},"primaryImageOfPage":{"@id":"https:\/\/www.legislapp.com.br\/index.php\/cam-legislativa-de-sc-pl-0293-2025-2\/#primaryimage"},"image":{"@id":"https:\/\/www.legislapp.com.br\/index.php\/cam-legislativa-de-sc-pl-0293-2025-2\/#primaryimage"},"thumbnailUrl":"https:\/\/www.legislapp.com.br\/wp-content\/uploads\/google-play.png","datePublished":"2025-09-17T16:45:58+00:00","breadcrumb":{"@id":"https:\/\/www.legislapp.com.br\/index.php\/cam-legislativa-de-sc-pl-0293-2025-2\/#breadcrumb"},"inLanguage":"pt-BR","potentialAction":[{"@type":"ReadAction","target":["https:\/\/www.legislapp.com.br\/index.php\/cam-legislativa-de-sc-pl-0293-2025-2\/"]}]},{"@type":"ImageObject","inLanguage":"pt-BR","@id":"https:\/\/www.legislapp.com.br\/index.php\/cam-legislativa-de-sc-pl-0293-2025-2\/#primaryimage","url":"https:\/\/www.legislapp.com.br\/wp-content\/uploads\/google-play.png","contentUrl":"https:\/\/www.legislapp.com.br\/wp-content\/uploads\/google-play.png","width":564,"height":168},{"@type":"BreadcrumbList","@id":"https:\/\/www.legislapp.com.br\/index.php\/cam-legislativa-de-sc-pl-0293-2025-2\/#breadcrumb","itemListElement":[{"@type":"ListItem","position":1,"name":"In\u00edcio","item":"https:\/\/www.legislapp.com.br\/"},{"@type":"ListItem","position":2,"name":"PL.\/0293\/2025 &#8211; Thiago Morastoni"}]},{"@type":"WebSite","@id":"https:\/\/www.legislapp.com.br\/#website","url":"https:\/\/www.legislapp.com.br\/","name":"Legislapp","description":"Intelig\u00eancia governamental em tempo real","publisher":{"@id":"https:\/\/www.legislapp.com.br\/#organization"},"potentialAction":[{"@type":"SearchAction","target":{"@type":"EntryPoint","urlTemplate":"https:\/\/www.legislapp.com.br\/?s={search_term_string}"},"query-input":{"@type":"PropertyValueSpecification","valueRequired":true,"valueName":"search_term_string"}}],"inLanguage":"pt-BR"},{"@type":"Organization","@id":"https:\/\/www.legislapp.com.br\/#organization","name":"Legislapp Monitoramento e Intelig\u00eancia Governamental","url":"https:\/\/www.legislapp.com.br\/","logo":{"@type":"ImageObject","inLanguage":"pt-BR","@id":"https:\/\/www.legislapp.com.br\/#\/schema\/logo\/image\/","url":"https:\/\/www.legislapp.com.br\/wp-content\/uploads\/icon.png","contentUrl":"https:\/\/www.legislapp.com.br\/wp-content\/uploads\/icon.png","width":1024,"height":1024,"caption":"Legislapp Monitoramento e Intelig\u00eancia Governamental"},"image":{"@id":"https:\/\/www.legislapp.com.br\/#\/schema\/logo\/image\/"},"sameAs":["https:\/\/www.instagram.com\/legislapp\/"]}]}},"_links":{"self":[{"href":"https:\/\/www.legislapp.com.br\/index.php\/wp-json\/wp\/v2\/pages\/7707","targetHints":{"allow":["GET"]}}],"collection":[{"href":"https:\/\/www.legislapp.com.br\/index.php\/wp-json\/wp\/v2\/pages"}],"about":[{"href":"https:\/\/www.legislapp.com.br\/index.php\/wp-json\/wp\/v2\/types\/page"}],"author":[{"embeddable":true,"href":"https:\/\/www.legislapp.com.br\/index.php\/wp-json\/wp\/v2\/users\/1"}],"replies":[{"embeddable":true,"href":"https:\/\/www.legislapp.com.br\/index.php\/wp-json\/wp\/v2\/comments?post=7707"}],"version-history":[{"count":0,"href":"https:\/\/www.legislapp.com.br\/index.php\/wp-json\/wp\/v2\/pages\/7707\/revisions"}],"wp:attachment":[{"href":"https:\/\/www.legislapp.com.br\/index.php\/wp-json\/wp\/v2\/media?parent=7707"}],"curies":[{"name":"wp","href":"https:\/\/api.w.org\/{rel}","templated":true}]}}