{"id":7710,"date":"2025-09-17T13:46:08","date_gmt":"2025-09-17T16:46:08","guid":{"rendered":"https:\/\/www.legislapp.com.br\/index.php\/cam-legislativa-de-sc-of-0012-2025-2\/"},"modified":"2025-09-17T13:46:08","modified_gmt":"2025-09-17T16:46:08","slug":"cam-legislativa-de-sc-of-0012-2025-2","status":"publish","type":"page","link":"https:\/\/www.legislapp.com.br\/index.php\/cam-legislativa-de-sc-of-0012-2025-2\/","title":{"rendered":"OF.\/0012\/2025 &#8211; Tribunal de Contas do Estado"},"content":{"rendered":"<h1 style='text-align: center;'>C\u00e2m. Legislativa de SC &#8211; Autoria de Tribunal de Contas do Estado<\/h3>\n<p><\/p>\n<article style='text-align: center'>Encaminha links de acessos e Parecer da Controladoria, referentes ao Relat\u00f3rio de Atividades do Tribunal de Contas do Estado de Santa Catarina (TCE\/SC), primeiro trimestre do exerc\u00edcio de 2025 (janeiro, fevereiro e mar\u00e7o).<\/article>\n<p><\/p>\n<p style='text-align: center'><a href='https:\/\/app.legislapp.com.br\/#\/busca?termo='><\/a><\/p>\n<p><\/p>\n<article>\n<p>Of\u00edcio SEI\/T CE\/SC\/PRES\/GAP\/259\/2025<\/p>\n<p>Florian\u00f3polis, 23 de maio de 2025.<\/p>\n<p>Ao Excelent\u00edssimo Senhor<br \/>\nDeputado Estadual JULIO CESAR GARCIA<br \/>\nPresidente da Assembleia Legislativ a do Estado de Santa Catarina (Alesc)<\/p>\n<p>Assunto: encaminhamento de Parecer da Controladoria e de Relat\u00f3rio de Atividades do Tribunal de Contas do Estado de Santa Catarina (TCE\/SC) \u2013<br \/>\nprimeiro trimestre do exerc\u00edcio de 2025 (janeiro, fevereiro e mar\u00e7o) \u2013 Processo SEI 25.0.000002390-9.<\/p>\n<p>Senhor Presidente,<br \/>\nCom meus cordiais cumprimentos, encaminho a Vossa Excel\u00eancia, em conformidade com o disposto no art. 59, \u00a7 4\u00ba, da Constitui\u00e7 \u00e3o Estadual, no art.<br \/>\n112, par\u00e1grafo \u00fanico, da Lei Complementar n. 202\/2000, e no art. 296, da Resolu\u00e7\u00e3o N. TC-06\/2001, o Relat\u00f3rio de Atividades do Tribunal de Contas do<br \/>\nEstado de Santa Catarina (TCE\/SC) \u2013 primeiro trimestre do exerc\u00edcio de 2025 \u2013, abrangendo os seguintes documentos:<br \/>\n1 \u2013 link de acesso ao Relat\u00f3rio de Atividades do TCE\/SC \u2013 primeiro trimestre do exerc\u00edcio de 2025, contemplando a atua\u00e7\u00e3o e os trabalhos realizados<br \/>\nno per\u00edodo, bem como as previs\u00f5es, as altera\u00e7\u00f5es e as execu\u00e7\u00f5es or\u00e7ament\u00e1rias e ?nanceiras;<br \/>\n2 \u2013 Parecer n. CONT 025\/2025, da Controladoria do TCE\/SC, sobre o Relat\u00f3rio de Atividades do TCE\/SC \u2013 primeiro trimestre do exerc\u00edcio ?nanceiro<br \/>\n2025; e<br \/>\n3 \u2013 link de acesso \u00e0 an\u00e1lise dos atos de pessoal, das di\u00e1rias pagas a servidores e aos membros, das presta\u00e7\u00f5es de contas, das notas de empenho e dos<br \/>\nbalancetes cont\u00e1beis dos meses de janeiro a mar\u00e7o de 2025, correspondentes ao 1\u00ba trimestre do exerc\u00edcio de 2025.<br \/>\nOs procedimentos descritos nos documentos anexos demonstram a pol\u00edtic a deste Tribunal de disponibilizar, com transpar\u00eancia e solicitude, todas as<br \/>\ninforma\u00e7\u00f5es necess\u00e1rias, de modo a fazer cumprir o que determina a Constitui\u00e7 \u00e3o Estadual.<br \/>\nPor ?m, registro que este Tribunal de Contas se coloca \u00e0 disposi\u00e7\u00e3o de Vossa Excel\u00eancia e das Comiss\u00f5es que comp\u00f5em essa Casa Legislativ a para<br \/>\nquaisquer outros esclarecimentos que se mostrarem necess\u00e1rios.<br \/>\nAtenciosamente,<\/p>\n<p>Conselheiro Herneus Jo\u00e3o De Nadal<br \/>\nPresidente<br \/>\nDocumento assinado eletronicamente por Herneus Jo\u00e3o De Nadal, Presidente, em 23\/05\/2025, \u00e0s 16:20, conforme art. 1\u00ba, III, &#8220;b&#8221;, da Lei 11.419\/2006.<br \/>\nA autenticidade do documento pode ser conferida no site https:\/\/sei.tce.sc.gov.br\/sei\/validador informando o c\u00f3digo verificador 0593650 e o c\u00f3digo CRC<br \/>\nC8D31EDF.<br \/>\nRua Bulc\u00e3o Viana, 90 | Centro | Florian\u00f3polis\/SC | 88020-160 | +55 48 3221-3606<br \/>\nhttp:\/\/w ww.tcesc.tc.br | presidencia@tcesc.tc.br<\/p>\n<p>Of\u00edcio SEI\/TCE\/SC\/PRES\/GAP\/259\/2025 (1731598)         SEI 25.0.000021490-9 \/ pg. 1 <\/p>\n<p>TRIBUNAL DE CONTAS DO ESTADO DE SANTA CATARINA<br \/>\nControladoria (CONT) <\/p>\n<p>ORIGEM Tribunal de Contas do Estado de Santa Catarina<br \/>\nINTERESSADO Sr. Herneus Jo\u00e3o De Nadal &#8211; Conselheiro Presidente<br \/>\nParecer do \u00d3rg\u00e3o Central de Controle Interno sobre o Relat\u00f3rio de<br \/>\nASSUNTO<br \/>\nAtividades do TCE\/SC \u2013 1\u00ba Trimestre de 2025<br \/>\nPARECER N\u00ba CONT \u2013 025\/2025 <\/p>\n<p>Com base nas compet\u00eancias atribu\u00eddas pelos artigos 74 da Constitui\u00e7\u00e3o Federal,<br \/>\n62 da Constitui\u00e7\u00e3o Estadual de Santa Catarina, 60 da Lei Complementar N. 202 (Lei Org\u00e2nica) e<br \/>\n26 da Resolu\u00e7\u00e3o N. TC-0149\/2019 deste Tribunal de Contas, analisamos o Relat\u00f3rio de<br \/>\nAtividades do 1\u00ba trimestre de 2025 deste \u00f3rg\u00e3o.<br \/>\nNossa an\u00e1lise foi conduzida de acordo com as Normas Brasileiras de Auditoria do<br \/>\nSetor P\u00fablico (NBASP) e compreendeu o exame da previs\u00e3o, altera\u00e7\u00f5es e execu\u00e7\u00e3o or\u00e7ament\u00e1ria,<br \/>\nbem como da execu\u00e7\u00e3o financeira; processos licitat\u00f3rios, contratos e seus aditivos, dispensas e<br \/>\ninexigibilidades (por meio de auditoria das contrata\u00e7\u00f5es \u2013 processo n. 24.0.000005911-7); atos de<br \/>\npessoal; di\u00e1rias pagas a servidores; balancetes cont\u00e1beis e demais atividades desta Corte de<br \/>\nContas.<br \/>\nEm nossa opini\u00e3o, o Relat\u00f3rio de Atividades do 1\u00ba Trimestre do Tribunal de<br \/>\nContas do Estado de Santa Catarina representa adequadamente, em todos os aspectos relevantes,<br \/>\nas atividades realizadas no per\u00edodo de janeiro a mar\u00e7o de 2025.  <\/p>\n<p>Florian\u00f3polis, 15 de maio de 2025.  <\/p>\n<p>GABRIEL AUGUSTO SCHIOCHET <\/p>\n<p>Auditor Fiscal de Controle Externo<br \/>\nControladoria &#8211; CONT <\/p>\n<p>Documento assinado com certifica\u00e7\u00e3o digital padr\u00e3o ICP-Brasil (Medida Provis\u00f3ria n\u00ba. 2.200-2, de 24\/08\/2001)<br \/>\n___________________________<br \/>\nGabriel Augusto Schiochet<br \/>\nAuditor Fiscal de Controle Externo<br \/>\nCoordenador de Auditoria Interna <\/p>\n<p>Parecer N\u00b0 CONT &#8211; 025\/2025 (1731612)         SEI 25.0.000021490-9 \/ pg. 2<\/article>\n<div style=\"text-align: center\">\n<div style=\"margin-bottom: 20px;\" class=\"et_pb_button_module_wrapper et_pb_button_5_tb_body_wrapper et_pb_button_alignment_center et_pb_module \">\n         <a class=\"et_pb_button et_pb_button_5_tb_body et_hover_enabled et_pb_bg_layout_dark\" style=\"width: 50%;background-color: black;\" href=\"https:\/\/app.legislapp.com.br\" target=\"_blank\" rel=\"noopener\">Visualizar completo na nossa plataforma (30 dias gr\u00e1tis)<\/a><\/p><\/div>\n<p>      <a href=\"https:\/\/play.google.com\/store\/apps\/details?id=br.com.legislapp\"><img decoding=\"async\" style=\"width: 15%; min-width: 130px;\" src=\"https:\/\/www.legislapp.com.br\/wp-content\/uploads\/google-play.png\"><\/a><br \/>\n      <a href=\"https:\/\/apps.apple.com\/us\/app\/legislapp\/id1568929859\"><img decoding=\"async\" style=\"width: 15%; min-width: 130px\" src=\"https:\/\/www.legislapp.com.br\/wp-content\/uploads\/apple-store.png\"><\/a>\n   <\/div>\n","protected":false},"excerpt":{"rendered":"<p>C\u00e2m. Legislativa de SC &#8211; Autoria de Tribunal de Contas do Estado Encaminha links de acessos e Parecer da Controladoria, referentes ao Relat\u00f3rio de Atividades do Tribunal de Contas do Estado de Santa Catarina (TCE\/SC), primeiro trimestre do exerc\u00edcio de 2025 (janeiro, fevereiro e mar\u00e7o). Of\u00edcio SEI\/T CE\/SC\/PRES\/GAP\/259\/2025 Florian\u00f3polis, 23 de maio de 2025. Ao [&hellip;]<\/p>\n","protected":false},"author":1,"featured_media":0,"parent":0,"menu_order":0,"comment_status":"closed","ping_status":"closed","template":"page-template-blank.php","meta":{"_et_pb_use_builder":"","_et_pb_old_content":"","_et_gb_content_width":"1080","ngg_post_thumbnail":0,"footnotes":""},"class_list":["post-7710","page","type-page","status-publish","hentry"],"yoast_head":"<!-- This site is optimized with the Yoast SEO plugin v24.4 - https:\/\/yoast.com\/wordpress\/plugins\/seo\/ -->\n<title>OF.\/0012\/2025 - Tribunal de Contas do Estado - Legislapp<\/title>\n<meta name=\"robots\" content=\"index, follow, max-snippet:-1, max-image-preview:large, max-video-preview:-1\" \/>\n<link rel=\"canonical\" href=\"https:\/\/www.legislapp.com.br\/index.php\/cam-legislativa-de-sc-of-0012-2025-2\/\" \/>\n<meta property=\"og:locale\" content=\"pt_BR\" \/>\n<meta property=\"og:type\" content=\"article\" \/>\n<meta property=\"og:title\" content=\"OF.\/0012\/2025 - Tribunal de Contas do Estado - Legislapp\" \/>\n<meta property=\"og:description\" content=\"C\u00e2m. Legislativa de SC &#8211; Autoria de Tribunal de Contas do Estado Encaminha links de acessos e Parecer da Controladoria, referentes ao Relat\u00f3rio de Atividades do Tribunal de Contas do Estado de Santa Catarina (TCE\/SC), primeiro trimestre do exerc\u00edcio de 2025 (janeiro, fevereiro e mar\u00e7o). Of\u00edcio SEI\/T CE\/SC\/PRES\/GAP\/259\/2025 Florian\u00f3polis, 23 de maio de 2025. Ao [&hellip;]\" \/>\n<meta property=\"og:url\" content=\"https:\/\/www.legislapp.com.br\/index.php\/cam-legislativa-de-sc-of-0012-2025-2\/\" \/>\n<meta property=\"og:site_name\" content=\"Legislapp\" \/>\n<meta property=\"article:publisher\" content=\"https:\/\/www.instagram.com\/legislapp\/\" \/>\n<meta property=\"og:image\" content=\"https:\/\/www.legislapp.com.br\/wp-content\/uploads\/google-play.png\" \/>\n<meta name=\"twitter:card\" content=\"summary_large_image\" \/>\n<meta name=\"twitter:label1\" content=\"Est. tempo de leitura\" \/>\n\t<meta name=\"twitter:data1\" content=\"4 minutos\" \/>\n<script type=\"application\/ld+json\" class=\"yoast-schema-graph\">{\"@context\":\"https:\/\/schema.org\",\"@graph\":[{\"@type\":\"WebPage\",\"@id\":\"https:\/\/www.legislapp.com.br\/index.php\/cam-legislativa-de-sc-of-0012-2025-2\/\",\"url\":\"https:\/\/www.legislapp.com.br\/index.php\/cam-legislativa-de-sc-of-0012-2025-2\/\",\"name\":\"OF.\/0012\/2025 - Tribunal de Contas do Estado - Legislapp\",\"isPartOf\":{\"@id\":\"https:\/\/www.legislapp.com.br\/#website\"},\"primaryImageOfPage\":{\"@id\":\"https:\/\/www.legislapp.com.br\/index.php\/cam-legislativa-de-sc-of-0012-2025-2\/#primaryimage\"},\"image\":{\"@id\":\"https:\/\/www.legislapp.com.br\/index.php\/cam-legislativa-de-sc-of-0012-2025-2\/#primaryimage\"},\"thumbnailUrl\":\"https:\/\/www.legislapp.com.br\/wp-content\/uploads\/google-play.png\",\"datePublished\":\"2025-09-17T16:46:08+00:00\",\"breadcrumb\":{\"@id\":\"https:\/\/www.legislapp.com.br\/index.php\/cam-legislativa-de-sc-of-0012-2025-2\/#breadcrumb\"},\"inLanguage\":\"pt-BR\",\"potentialAction\":[{\"@type\":\"ReadAction\",\"target\":[\"https:\/\/www.legislapp.com.br\/index.php\/cam-legislativa-de-sc-of-0012-2025-2\/\"]}]},{\"@type\":\"ImageObject\",\"inLanguage\":\"pt-BR\",\"@id\":\"https:\/\/www.legislapp.com.br\/index.php\/cam-legislativa-de-sc-of-0012-2025-2\/#primaryimage\",\"url\":\"https:\/\/www.legislapp.com.br\/wp-content\/uploads\/google-play.png\",\"contentUrl\":\"https:\/\/www.legislapp.com.br\/wp-content\/uploads\/google-play.png\",\"width\":564,\"height\":168},{\"@type\":\"BreadcrumbList\",\"@id\":\"https:\/\/www.legislapp.com.br\/index.php\/cam-legislativa-de-sc-of-0012-2025-2\/#breadcrumb\",\"itemListElement\":[{\"@type\":\"ListItem\",\"position\":1,\"name\":\"In\u00edcio\",\"item\":\"https:\/\/www.legislapp.com.br\/\"},{\"@type\":\"ListItem\",\"position\":2,\"name\":\"OF.\/0012\/2025 &#8211; Tribunal de Contas do Estado\"}]},{\"@type\":\"WebSite\",\"@id\":\"https:\/\/www.legislapp.com.br\/#website\",\"url\":\"https:\/\/www.legislapp.com.br\/\",\"name\":\"Legislapp\",\"description\":\"Intelig\u00eancia governamental em tempo real\",\"publisher\":{\"@id\":\"https:\/\/www.legislapp.com.br\/#organization\"},\"potentialAction\":[{\"@type\":\"SearchAction\",\"target\":{\"@type\":\"EntryPoint\",\"urlTemplate\":\"https:\/\/www.legislapp.com.br\/?s={search_term_string}\"},\"query-input\":{\"@type\":\"PropertyValueSpecification\",\"valueRequired\":true,\"valueName\":\"search_term_string\"}}],\"inLanguage\":\"pt-BR\"},{\"@type\":\"Organization\",\"@id\":\"https:\/\/www.legislapp.com.br\/#organization\",\"name\":\"Legislapp Monitoramento e Intelig\u00eancia Governamental\",\"url\":\"https:\/\/www.legislapp.com.br\/\",\"logo\":{\"@type\":\"ImageObject\",\"inLanguage\":\"pt-BR\",\"@id\":\"https:\/\/www.legislapp.com.br\/#\/schema\/logo\/image\/\",\"url\":\"https:\/\/www.legislapp.com.br\/wp-content\/uploads\/icon.png\",\"contentUrl\":\"https:\/\/www.legislapp.com.br\/wp-content\/uploads\/icon.png\",\"width\":1024,\"height\":1024,\"caption\":\"Legislapp Monitoramento e Intelig\u00eancia Governamental\"},\"image\":{\"@id\":\"https:\/\/www.legislapp.com.br\/#\/schema\/logo\/image\/\"},\"sameAs\":[\"https:\/\/www.instagram.com\/legislapp\/\"]}]}<\/script>\n<!-- \/ Yoast SEO plugin. -->","yoast_head_json":{"title":"OF.\/0012\/2025 - Tribunal de Contas do Estado - Legislapp","robots":{"index":"index","follow":"follow","max-snippet":"max-snippet:-1","max-image-preview":"max-image-preview:large","max-video-preview":"max-video-preview:-1"},"canonical":"https:\/\/www.legislapp.com.br\/index.php\/cam-legislativa-de-sc-of-0012-2025-2\/","og_locale":"pt_BR","og_type":"article","og_title":"OF.\/0012\/2025 - Tribunal de Contas do Estado - Legislapp","og_description":"C\u00e2m. Legislativa de SC &#8211; Autoria de Tribunal de Contas do Estado Encaminha links de acessos e Parecer da Controladoria, referentes ao Relat\u00f3rio de Atividades do Tribunal de Contas do Estado de Santa Catarina (TCE\/SC), primeiro trimestre do exerc\u00edcio de 2025 (janeiro, fevereiro e mar\u00e7o). Of\u00edcio SEI\/T CE\/SC\/PRES\/GAP\/259\/2025 Florian\u00f3polis, 23 de maio de 2025. Ao [&hellip;]","og_url":"https:\/\/www.legislapp.com.br\/index.php\/cam-legislativa-de-sc-of-0012-2025-2\/","og_site_name":"Legislapp","article_publisher":"https:\/\/www.instagram.com\/legislapp\/","og_image":[{"url":"https:\/\/www.legislapp.com.br\/wp-content\/uploads\/google-play.png","type":"","width":"","height":""}],"twitter_card":"summary_large_image","twitter_misc":{"Est. tempo de leitura":"4 minutos"},"schema":{"@context":"https:\/\/schema.org","@graph":[{"@type":"WebPage","@id":"https:\/\/www.legislapp.com.br\/index.php\/cam-legislativa-de-sc-of-0012-2025-2\/","url":"https:\/\/www.legislapp.com.br\/index.php\/cam-legislativa-de-sc-of-0012-2025-2\/","name":"OF.\/0012\/2025 - Tribunal de Contas do Estado - Legislapp","isPartOf":{"@id":"https:\/\/www.legislapp.com.br\/#website"},"primaryImageOfPage":{"@id":"https:\/\/www.legislapp.com.br\/index.php\/cam-legislativa-de-sc-of-0012-2025-2\/#primaryimage"},"image":{"@id":"https:\/\/www.legislapp.com.br\/index.php\/cam-legislativa-de-sc-of-0012-2025-2\/#primaryimage"},"thumbnailUrl":"https:\/\/www.legislapp.com.br\/wp-content\/uploads\/google-play.png","datePublished":"2025-09-17T16:46:08+00:00","breadcrumb":{"@id":"https:\/\/www.legislapp.com.br\/index.php\/cam-legislativa-de-sc-of-0012-2025-2\/#breadcrumb"},"inLanguage":"pt-BR","potentialAction":[{"@type":"ReadAction","target":["https:\/\/www.legislapp.com.br\/index.php\/cam-legislativa-de-sc-of-0012-2025-2\/"]}]},{"@type":"ImageObject","inLanguage":"pt-BR","@id":"https:\/\/www.legislapp.com.br\/index.php\/cam-legislativa-de-sc-of-0012-2025-2\/#primaryimage","url":"https:\/\/www.legislapp.com.br\/wp-content\/uploads\/google-play.png","contentUrl":"https:\/\/www.legislapp.com.br\/wp-content\/uploads\/google-play.png","width":564,"height":168},{"@type":"BreadcrumbList","@id":"https:\/\/www.legislapp.com.br\/index.php\/cam-legislativa-de-sc-of-0012-2025-2\/#breadcrumb","itemListElement":[{"@type":"ListItem","position":1,"name":"In\u00edcio","item":"https:\/\/www.legislapp.com.br\/"},{"@type":"ListItem","position":2,"name":"OF.\/0012\/2025 &#8211; Tribunal de Contas do Estado"}]},{"@type":"WebSite","@id":"https:\/\/www.legislapp.com.br\/#website","url":"https:\/\/www.legislapp.com.br\/","name":"Legislapp","description":"Intelig\u00eancia governamental em tempo real","publisher":{"@id":"https:\/\/www.legislapp.com.br\/#organization"},"potentialAction":[{"@type":"SearchAction","target":{"@type":"EntryPoint","urlTemplate":"https:\/\/www.legislapp.com.br\/?s={search_term_string}"},"query-input":{"@type":"PropertyValueSpecification","valueRequired":true,"valueName":"search_term_string"}}],"inLanguage":"pt-BR"},{"@type":"Organization","@id":"https:\/\/www.legislapp.com.br\/#organization","name":"Legislapp Monitoramento e Intelig\u00eancia Governamental","url":"https:\/\/www.legislapp.com.br\/","logo":{"@type":"ImageObject","inLanguage":"pt-BR","@id":"https:\/\/www.legislapp.com.br\/#\/schema\/logo\/image\/","url":"https:\/\/www.legislapp.com.br\/wp-content\/uploads\/icon.png","contentUrl":"https:\/\/www.legislapp.com.br\/wp-content\/uploads\/icon.png","width":1024,"height":1024,"caption":"Legislapp Monitoramento e Intelig\u00eancia Governamental"},"image":{"@id":"https:\/\/www.legislapp.com.br\/#\/schema\/logo\/image\/"},"sameAs":["https:\/\/www.instagram.com\/legislapp\/"]}]}},"_links":{"self":[{"href":"https:\/\/www.legislapp.com.br\/index.php\/wp-json\/wp\/v2\/pages\/7710","targetHints":{"allow":["GET"]}}],"collection":[{"href":"https:\/\/www.legislapp.com.br\/index.php\/wp-json\/wp\/v2\/pages"}],"about":[{"href":"https:\/\/www.legislapp.com.br\/index.php\/wp-json\/wp\/v2\/types\/page"}],"author":[{"embeddable":true,"href":"https:\/\/www.legislapp.com.br\/index.php\/wp-json\/wp\/v2\/users\/1"}],"replies":[{"embeddable":true,"href":"https:\/\/www.legislapp.com.br\/index.php\/wp-json\/wp\/v2\/comments?post=7710"}],"version-history":[{"count":0,"href":"https:\/\/www.legislapp.com.br\/index.php\/wp-json\/wp\/v2\/pages\/7710\/revisions"}],"wp:attachment":[{"href":"https:\/\/www.legislapp.com.br\/index.php\/wp-json\/wp\/v2\/media?parent=7710"}],"curies":[{"name":"wp","href":"https:\/\/api.w.org\/{rel}","templated":true}]}}