{"id":7719,"date":"2025-09-17T13:46:36","date_gmt":"2025-09-17T16:46:36","guid":{"rendered":"https:\/\/www.legislapp.com.br\/index.php\/cam-legislativa-de-mg-pl-3749-2025\/"},"modified":"2025-09-17T13:46:36","modified_gmt":"2025-09-17T16:46:36","slug":"cam-legislativa-de-mg-pl-3749-2025","status":"publish","type":"page","link":"https:\/\/www.legislapp.com.br\/index.php\/cam-legislativa-de-mg-pl-3749-2025\/","title":{"rendered":"PL 3749\/2025 &#8211; Deputados"},"content":{"rendered":"<h1 style='text-align: center;'>C\u00e2m. Legislativa de MG &#8211; Autoria de Deputados<\/h3>\n<p><\/p>\n<article style='text-align: center'>Altera a Lei 21156 de 17\/1\/2014, que institui a pol\u00edtica estadual de<br \/>\ndesenvolvimento rural sustent\u00e1vel da agricultura familiar. (Acrescenta<br \/>\nprinc\u00edpios \u00e0 pol\u00edtica estadual de desenvolvimento agr\u00edcola.)<\/article>\n<p><\/p>\n<p style='text-align: center'><a href='https:\/\/app.legislapp.com.br\/#\/busca?termo='><\/a><\/p>\n<p><\/p>\n<article>Altera a Lei n\u00ba 21.156 de 17\/1\/2014, que Institui a Pol\u00edtica Estadual de Desenvolvimento Rural Sustent\u00e1vel da Agricultura Familiar.<br \/>\nA Assembleia Legislativa do Estado de Minas Gerais decreta:<br \/>\nArt. 1\u00ba \u2013 Fica acrescentado no art. 20 da Lei n\u00ba 21.156, de 17\/1\/2014, os seguintes incisos e al\u00edneas.<br \/>\nI \u2013 XX \u2013 servi\u00e7os e produtos com a finalidade de melhoramento gen\u00e9tico da produ\u00e7\u00e3o agropecu\u00e1ria;<br \/>\nII \u2013 XXI \u2013 mudas e sementes de esp\u00e9cie produtivas ou que tenham finalidade de restaura\u00e7\u00e3o ambiental;<br \/>\nIII \u2013 XXIII \u2013 capacita\u00e7\u00f5es e consultorias tecnol\u00f3gicas, de gest\u00e3o, de marketing e\/ou sanit\u00e1rias;<br \/>\nIV \u2013 XXIV \u2013 outros produtos, equipamentos e servi\u00e7os ligados ao setor agropecu\u00e1rio e pesqueiro;<br \/>\nV \u2013 XXV \u2013 inclus\u00e3o de novas tecnologias adaptadas \u00e1 agricultura:<br \/>\na) GPS \u2013 utilizado para mapeamento de \u00e1reas, controle de m\u00e1quinas e localiza\u00e7\u00e3o precisa para aplica\u00e7\u00e3o de insumos;<br \/>\nb) Sensores \u2013 medem par\u00e2metros ambientais (temperatura, umidade, etc.), identificam pragas e doen\u00e7as, e monitoram a sa\u00fade das culturas;<br \/>\nc) Drones \u2013 permitem o monitoramento visual de \u00e1reas, identifica\u00e7\u00e3o de problemas em culturas, e coleta de dados para an\u00e1lise;<br \/>\nd) Imagens de Sat\u00e9lite \u2013 oferecem uma vis\u00e3o ampla da produ\u00e7\u00e3o, auxiliando no monitoramento de \u00e1reas, identifica\u00e7\u00e3o de zonas problem\u00e1ticas, e an\u00e1lise de vegeta\u00e7\u00e3o.<br \/>\ne) Software de Gest\u00e3o \u2013 ferramentas que integram dados e informa\u00e7\u00f5es de diversas \u00e1reas da propriedade, auxiliando na gest\u00e3o de processos, insumos, e tomada de decis\u00f5es.<br \/>\nf) Internet das Coisas \u2013 permite a coleta e transmiss\u00e3o de dados em tempo real, possibilitando o monitoramento e controle remoto de diversas atividades agr\u00edcolas.<br \/>\ng) Biotecnologia \u2013 intelig\u00eancia Artificial (IA), utilizada em diversas aplica\u00e7\u00f5es, como an\u00e1lise de dados, previs\u00e3o de safra, e automa\u00e7\u00e3o de processos.<br \/>\nh) Rob\u00f3tica e Automa\u00e7\u00e3o \u2013 utiliza\u00e7\u00e3o de rob\u00f4s e sistemas automatizados para diversas tarefas, como plantio, colheita, e irriga\u00e7\u00e3o e utiliza\u00e7\u00e3o de rob\u00f4s e sistemas automatizados para diversas tarefas, como plantio, colheita, e irriga\u00e7\u00e3o.<br \/>\ni) Blockchain \u2013 tecnologia que garante a seguran\u00e7a e rastreabilidade dos produtos agr\u00edcolas, desde a produ\u00e7\u00e3o at\u00e9 o consumidor.<br \/>\nj) Plataformas de Agricultura Digital \u2013 sistemas que conectam diferentes ferramentas e informa\u00e7\u00f5es, proporcionando uma vis\u00e3o integrada da produ\u00e7\u00e3o e auxiliando na tomada de decis\u00f5es.<br \/>\nArt. 2\u00ba \u2013 Esta lei entra em vigor na data de sua publica\u00e7\u00e3o.<br \/>\nSala das Reuni\u00f5es, 12 de maio de 2025.<br \/>\nCarlos Henrique (Republicanos), presidente da Comiss\u00e3o de Reda\u00e7\u00e3o.<br \/>\nJustifica\u00e7\u00e3o: Com o avan\u00e7o tecnol\u00f3gico aplicado ao setor de agroneg\u00f3cios, em especial na agricultura, as novas tecnologias digitais est\u00e3o produzindo mudan\u00e7as profundas na organiza\u00e7\u00e3o da sociedade, perpassando todas as esferas, da economia \u00e0 cultura. Na economia muitos dos impactos s\u00e3o vis\u00edveis assim como muitas das tend\u00eancias j\u00e1 s\u00e3o claras escoradas em um processo de robotiza\u00e7\u00e3o dos sistemas produtivos e nas rela\u00e7\u00f5es de trabalho. De outro lado, v\u00ea-se que o alcance dos impactos das tecnologias digitais na sociedade ainda precisa ser mais bem dimensionado e analisado, mas o pouco que j\u00e1 se sabe permite afirmar que essas tecnologias provocar\u00e3o mudan\u00e7as radicais no modo de produzir e no estilo de vida das sociedades e a agricultura n\u00e3o est\u00e1 fora deste processo. Ao contr\u00e1rio, no Brasil a agricultura e o agroneg\u00f3cio em geral est\u00e3o de fato na lideran\u00e7a em muitas \u00e1reas nas quais as tecnologias digitais v\u00eam se difundindo rapidamente.<br \/>\nParte inerente \u00e0 agricultura digital envolve promover um uso mais eficiente de \u00e1gua, de defensivos agr\u00edcolas e de outros insumos necess\u00e1rios. Em alguns segmentos essa nova onda de inova\u00e7\u00e3o j\u00e1 est\u00e1 produzindo mudan\u00e7as significativas, e tudo indica que o potencial \u00e9 grande, e que ao longo da pr\u00f3xima d\u00e9cada ocorrer\u00e1 um abrangente redesenho no setor, sabemos bem que as tecnologias e as inova\u00e7\u00f5es n\u00e3o s\u00e3o neutras. Alguns consideram que a revolu\u00e7\u00e3o digital abre novas oportunidades para os pequenos e m\u00e9dios produtores, j\u00e1 que contribui para superar algumas das desvantagens de escala, tem potencial para reduzir custos de transa\u00e7\u00e3o, para conect\u00e1-los a mercados inalcan\u00e7\u00e1veis atualmente, oportunidades se abrir\u00e3o tamb\u00e9m para pequenos e m\u00e9dios produtores al\u00e9m das empresas rurais.<br \/>\n\u2013 Publicado, vai o projeto \u00e0s Comiss\u00f5es de Justi\u00e7a e de Agropecu\u00e1ria para parecer, nos termos do art. 188, c\/c o art. 102, do Regimento Interno.<\/article>\n<div style=\"text-align: center\">\n<div style=\"margin-bottom: 20px;\" class=\"et_pb_button_module_wrapper et_pb_button_5_tb_body_wrapper et_pb_button_alignment_center et_pb_module \">\n         <a class=\"et_pb_button et_pb_button_5_tb_body et_hover_enabled et_pb_bg_layout_dark\" style=\"width: 50%;background-color: black;\" href=\"https:\/\/app.legislapp.com.br\" target=\"_blank\" rel=\"noopener\">Visualizar completo na nossa plataforma (30 dias gr\u00e1tis)<\/a><\/p><\/div>\n<p>      <a href=\"https:\/\/play.google.com\/store\/apps\/details?id=br.com.legislapp\"><img decoding=\"async\" style=\"width: 15%; min-width: 130px;\" src=\"https:\/\/www.legislapp.com.br\/wp-content\/uploads\/google-play.png\"><\/a><br \/>\n      <a href=\"https:\/\/apps.apple.com\/us\/app\/legislapp\/id1568929859\"><img decoding=\"async\" style=\"width: 15%; min-width: 130px\" src=\"https:\/\/www.legislapp.com.br\/wp-content\/uploads\/apple-store.png\"><\/a>\n   <\/div>\n","protected":false},"excerpt":{"rendered":"<p>C\u00e2m. Legislativa de MG &#8211; Autoria de Deputados Altera a Lei 21156 de 17\/1\/2014, que institui a pol\u00edtica estadual de desenvolvimento rural sustent\u00e1vel da agricultura familiar. (Acrescenta princ\u00edpios \u00e0 pol\u00edtica estadual de desenvolvimento agr\u00edcola.) Altera a Lei n\u00ba 21.156 de 17\/1\/2014, que Institui a Pol\u00edtica Estadual de Desenvolvimento Rural Sustent\u00e1vel da Agricultura Familiar. A Assembleia [&hellip;]<\/p>\n","protected":false},"author":1,"featured_media":0,"parent":0,"menu_order":0,"comment_status":"closed","ping_status":"closed","template":"page-template-blank.php","meta":{"_et_pb_use_builder":"","_et_pb_old_content":"","_et_gb_content_width":"1080","ngg_post_thumbnail":0,"footnotes":""},"class_list":["post-7719","page","type-page","status-publish","hentry"],"yoast_head":"<!-- This site is optimized with the Yoast SEO plugin v24.4 - https:\/\/yoast.com\/wordpress\/plugins\/seo\/ -->\n<title>PL 3749\/2025 - Deputados - Legislapp<\/title>\n<meta name=\"robots\" content=\"index, follow, max-snippet:-1, max-image-preview:large, max-video-preview:-1\" \/>\n<link rel=\"canonical\" href=\"https:\/\/www.legislapp.com.br\/index.php\/cam-legislativa-de-mg-pl-3749-2025\/\" \/>\n<meta property=\"og:locale\" content=\"pt_BR\" \/>\n<meta property=\"og:type\" content=\"article\" \/>\n<meta property=\"og:title\" content=\"PL 3749\/2025 - Deputados - Legislapp\" \/>\n<meta property=\"og:description\" content=\"C\u00e2m. Legislativa de MG &#8211; Autoria de Deputados Altera a Lei 21156 de 17\/1\/2014, que institui a pol\u00edtica estadual de desenvolvimento rural sustent\u00e1vel da agricultura familiar. (Acrescenta princ\u00edpios \u00e0 pol\u00edtica estadual de desenvolvimento agr\u00edcola.) Altera a Lei n\u00ba 21.156 de 17\/1\/2014, que Institui a Pol\u00edtica Estadual de Desenvolvimento Rural Sustent\u00e1vel da Agricultura Familiar. A Assembleia [&hellip;]\" \/>\n<meta property=\"og:url\" content=\"https:\/\/www.legislapp.com.br\/index.php\/cam-legislativa-de-mg-pl-3749-2025\/\" \/>\n<meta property=\"og:site_name\" content=\"Legislapp\" \/>\n<meta property=\"article:publisher\" content=\"https:\/\/www.instagram.com\/legislapp\/\" \/>\n<meta property=\"og:image\" content=\"https:\/\/www.legislapp.com.br\/wp-content\/uploads\/google-play.png\" \/>\n<meta name=\"twitter:card\" content=\"summary_large_image\" \/>\n<meta name=\"twitter:label1\" content=\"Est. tempo de leitura\" \/>\n\t<meta name=\"twitter:data1\" content=\"4 minutos\" \/>\n<script type=\"application\/ld+json\" class=\"yoast-schema-graph\">{\"@context\":\"https:\/\/schema.org\",\"@graph\":[{\"@type\":\"WebPage\",\"@id\":\"https:\/\/www.legislapp.com.br\/index.php\/cam-legislativa-de-mg-pl-3749-2025\/\",\"url\":\"https:\/\/www.legislapp.com.br\/index.php\/cam-legislativa-de-mg-pl-3749-2025\/\",\"name\":\"PL 3749\/2025 - Deputados - Legislapp\",\"isPartOf\":{\"@id\":\"https:\/\/www.legislapp.com.br\/#website\"},\"primaryImageOfPage\":{\"@id\":\"https:\/\/www.legislapp.com.br\/index.php\/cam-legislativa-de-mg-pl-3749-2025\/#primaryimage\"},\"image\":{\"@id\":\"https:\/\/www.legislapp.com.br\/index.php\/cam-legislativa-de-mg-pl-3749-2025\/#primaryimage\"},\"thumbnailUrl\":\"https:\/\/www.legislapp.com.br\/wp-content\/uploads\/google-play.png\",\"datePublished\":\"2025-09-17T16:46:36+00:00\",\"breadcrumb\":{\"@id\":\"https:\/\/www.legislapp.com.br\/index.php\/cam-legislativa-de-mg-pl-3749-2025\/#breadcrumb\"},\"inLanguage\":\"pt-BR\",\"potentialAction\":[{\"@type\":\"ReadAction\",\"target\":[\"https:\/\/www.legislapp.com.br\/index.php\/cam-legislativa-de-mg-pl-3749-2025\/\"]}]},{\"@type\":\"ImageObject\",\"inLanguage\":\"pt-BR\",\"@id\":\"https:\/\/www.legislapp.com.br\/index.php\/cam-legislativa-de-mg-pl-3749-2025\/#primaryimage\",\"url\":\"https:\/\/www.legislapp.com.br\/wp-content\/uploads\/google-play.png\",\"contentUrl\":\"https:\/\/www.legislapp.com.br\/wp-content\/uploads\/google-play.png\",\"width\":564,\"height\":168},{\"@type\":\"BreadcrumbList\",\"@id\":\"https:\/\/www.legislapp.com.br\/index.php\/cam-legislativa-de-mg-pl-3749-2025\/#breadcrumb\",\"itemListElement\":[{\"@type\":\"ListItem\",\"position\":1,\"name\":\"In\u00edcio\",\"item\":\"https:\/\/www.legislapp.com.br\/\"},{\"@type\":\"ListItem\",\"position\":2,\"name\":\"PL 3749\/2025 &#8211; Deputados\"}]},{\"@type\":\"WebSite\",\"@id\":\"https:\/\/www.legislapp.com.br\/#website\",\"url\":\"https:\/\/www.legislapp.com.br\/\",\"name\":\"Legislapp\",\"description\":\"Intelig\u00eancia governamental em tempo real\",\"publisher\":{\"@id\":\"https:\/\/www.legislapp.com.br\/#organization\"},\"potentialAction\":[{\"@type\":\"SearchAction\",\"target\":{\"@type\":\"EntryPoint\",\"urlTemplate\":\"https:\/\/www.legislapp.com.br\/?s={search_term_string}\"},\"query-input\":{\"@type\":\"PropertyValueSpecification\",\"valueRequired\":true,\"valueName\":\"search_term_string\"}}],\"inLanguage\":\"pt-BR\"},{\"@type\":\"Organization\",\"@id\":\"https:\/\/www.legislapp.com.br\/#organization\",\"name\":\"Legislapp Monitoramento e Intelig\u00eancia Governamental\",\"url\":\"https:\/\/www.legislapp.com.br\/\",\"logo\":{\"@type\":\"ImageObject\",\"inLanguage\":\"pt-BR\",\"@id\":\"https:\/\/www.legislapp.com.br\/#\/schema\/logo\/image\/\",\"url\":\"https:\/\/www.legislapp.com.br\/wp-content\/uploads\/icon.png\",\"contentUrl\":\"https:\/\/www.legislapp.com.br\/wp-content\/uploads\/icon.png\",\"width\":1024,\"height\":1024,\"caption\":\"Legislapp Monitoramento e Intelig\u00eancia Governamental\"},\"image\":{\"@id\":\"https:\/\/www.legislapp.com.br\/#\/schema\/logo\/image\/\"},\"sameAs\":[\"https:\/\/www.instagram.com\/legislapp\/\"]}]}<\/script>\n<!-- \/ Yoast SEO plugin. -->","yoast_head_json":{"title":"PL 3749\/2025 - Deputados - Legislapp","robots":{"index":"index","follow":"follow","max-snippet":"max-snippet:-1","max-image-preview":"max-image-preview:large","max-video-preview":"max-video-preview:-1"},"canonical":"https:\/\/www.legislapp.com.br\/index.php\/cam-legislativa-de-mg-pl-3749-2025\/","og_locale":"pt_BR","og_type":"article","og_title":"PL 3749\/2025 - Deputados - Legislapp","og_description":"C\u00e2m. Legislativa de MG &#8211; Autoria de Deputados Altera a Lei 21156 de 17\/1\/2014, que institui a pol\u00edtica estadual de desenvolvimento rural sustent\u00e1vel da agricultura familiar. (Acrescenta princ\u00edpios \u00e0 pol\u00edtica estadual de desenvolvimento agr\u00edcola.) Altera a Lei n\u00ba 21.156 de 17\/1\/2014, que Institui a Pol\u00edtica Estadual de Desenvolvimento Rural Sustent\u00e1vel da Agricultura Familiar. A Assembleia [&hellip;]","og_url":"https:\/\/www.legislapp.com.br\/index.php\/cam-legislativa-de-mg-pl-3749-2025\/","og_site_name":"Legislapp","article_publisher":"https:\/\/www.instagram.com\/legislapp\/","og_image":[{"url":"https:\/\/www.legislapp.com.br\/wp-content\/uploads\/google-play.png","type":"","width":"","height":""}],"twitter_card":"summary_large_image","twitter_misc":{"Est. tempo de leitura":"4 minutos"},"schema":{"@context":"https:\/\/schema.org","@graph":[{"@type":"WebPage","@id":"https:\/\/www.legislapp.com.br\/index.php\/cam-legislativa-de-mg-pl-3749-2025\/","url":"https:\/\/www.legislapp.com.br\/index.php\/cam-legislativa-de-mg-pl-3749-2025\/","name":"PL 3749\/2025 - Deputados - Legislapp","isPartOf":{"@id":"https:\/\/www.legislapp.com.br\/#website"},"primaryImageOfPage":{"@id":"https:\/\/www.legislapp.com.br\/index.php\/cam-legislativa-de-mg-pl-3749-2025\/#primaryimage"},"image":{"@id":"https:\/\/www.legislapp.com.br\/index.php\/cam-legislativa-de-mg-pl-3749-2025\/#primaryimage"},"thumbnailUrl":"https:\/\/www.legislapp.com.br\/wp-content\/uploads\/google-play.png","datePublished":"2025-09-17T16:46:36+00:00","breadcrumb":{"@id":"https:\/\/www.legislapp.com.br\/index.php\/cam-legislativa-de-mg-pl-3749-2025\/#breadcrumb"},"inLanguage":"pt-BR","potentialAction":[{"@type":"ReadAction","target":["https:\/\/www.legislapp.com.br\/index.php\/cam-legislativa-de-mg-pl-3749-2025\/"]}]},{"@type":"ImageObject","inLanguage":"pt-BR","@id":"https:\/\/www.legislapp.com.br\/index.php\/cam-legislativa-de-mg-pl-3749-2025\/#primaryimage","url":"https:\/\/www.legislapp.com.br\/wp-content\/uploads\/google-play.png","contentUrl":"https:\/\/www.legislapp.com.br\/wp-content\/uploads\/google-play.png","width":564,"height":168},{"@type":"BreadcrumbList","@id":"https:\/\/www.legislapp.com.br\/index.php\/cam-legislativa-de-mg-pl-3749-2025\/#breadcrumb","itemListElement":[{"@type":"ListItem","position":1,"name":"In\u00edcio","item":"https:\/\/www.legislapp.com.br\/"},{"@type":"ListItem","position":2,"name":"PL 3749\/2025 &#8211; Deputados"}]},{"@type":"WebSite","@id":"https:\/\/www.legislapp.com.br\/#website","url":"https:\/\/www.legislapp.com.br\/","name":"Legislapp","description":"Intelig\u00eancia governamental em tempo real","publisher":{"@id":"https:\/\/www.legislapp.com.br\/#organization"},"potentialAction":[{"@type":"SearchAction","target":{"@type":"EntryPoint","urlTemplate":"https:\/\/www.legislapp.com.br\/?s={search_term_string}"},"query-input":{"@type":"PropertyValueSpecification","valueRequired":true,"valueName":"search_term_string"}}],"inLanguage":"pt-BR"},{"@type":"Organization","@id":"https:\/\/www.legislapp.com.br\/#organization","name":"Legislapp Monitoramento e Intelig\u00eancia Governamental","url":"https:\/\/www.legislapp.com.br\/","logo":{"@type":"ImageObject","inLanguage":"pt-BR","@id":"https:\/\/www.legislapp.com.br\/#\/schema\/logo\/image\/","url":"https:\/\/www.legislapp.com.br\/wp-content\/uploads\/icon.png","contentUrl":"https:\/\/www.legislapp.com.br\/wp-content\/uploads\/icon.png","width":1024,"height":1024,"caption":"Legislapp Monitoramento e Intelig\u00eancia Governamental"},"image":{"@id":"https:\/\/www.legislapp.com.br\/#\/schema\/logo\/image\/"},"sameAs":["https:\/\/www.instagram.com\/legislapp\/"]}]}},"_links":{"self":[{"href":"https:\/\/www.legislapp.com.br\/index.php\/wp-json\/wp\/v2\/pages\/7719","targetHints":{"allow":["GET"]}}],"collection":[{"href":"https:\/\/www.legislapp.com.br\/index.php\/wp-json\/wp\/v2\/pages"}],"about":[{"href":"https:\/\/www.legislapp.com.br\/index.php\/wp-json\/wp\/v2\/types\/page"}],"author":[{"embeddable":true,"href":"https:\/\/www.legislapp.com.br\/index.php\/wp-json\/wp\/v2\/users\/1"}],"replies":[{"embeddable":true,"href":"https:\/\/www.legislapp.com.br\/index.php\/wp-json\/wp\/v2\/comments?post=7719"}],"version-history":[{"count":0,"href":"https:\/\/www.legislapp.com.br\/index.php\/wp-json\/wp\/v2\/pages\/7719\/revisions"}],"wp:attachment":[{"href":"https:\/\/www.legislapp.com.br\/index.php\/wp-json\/wp\/v2\/media?parent=7719"}],"curies":[{"name":"wp","href":"https:\/\/api.w.org\/{rel}","templated":true}]}}