{"id":7727,"date":"2025-09-17T13:47:02","date_gmt":"2025-09-17T16:47:02","guid":{"rendered":"https:\/\/www.legislapp.com.br\/index.php\/cam-legislativa-de-pe-prc-2958-2025-5\/"},"modified":"2025-09-17T13:47:02","modified_gmt":"2025-09-17T16:47:02","slug":"cam-legislativa-de-pe-prc-2958-2025-5","status":"publish","type":"page","link":"https:\/\/www.legislapp.com.br\/index.php\/cam-legislativa-de-pe-prc-2958-2025-5\/","title":{"rendered":"PRC 2958\/2025 &#8211; Jo\u00e3ozinho Ten\u00f3rio"},"content":{"rendered":"<h1 style='text-align: center;'>C\u00e2m. Legislativa de PE &#8211; Autoria de Jo\u00e3ozinho Ten\u00f3rio<br \/><img src='https:\/\/www.alepe.pe.gov.br\/\/wp-content\/uploads\/2023\/02\/JOAZINHO-TENORIO-scaled-e1676403006659.jpg' alt='Jo\u00e3ozinho Ten\u00f3rio' \/><\/h3>\n<p><\/p>\n<article style='text-align: center'>Nascido em Portugal, no ano de 1928, Jos\u00e9 Maria de Prada iniciou em 1953 sua jornada de f\u00e9 e fidelidade aos princ\u00edpios da Igreja Cat\u00f3lica, quando foi ordenado padre. O mission\u00e1rio redentorista atuou em Angola, na \u00c1frica, at\u00e9 1975, quando seguiu para o Brasil.<\/p>\n<p>Em terras brasileiras, Jos\u00e9 Maria de Prada morou em Gar\u00e7as\/SP, e em Exu\/PE. Foi nomeado p\u00e1roco do Munic\u00edpio de Salgueiro, cidade em que foi assassinado por defender a indissolubilidade do casamento.<\/p>\n<p>Certa vez, um homem daquela cidade o procurou para se casar, no entanto, j\u00e1 era casado. Desconfiado da vers\u00e3o do homem, o p\u00e1roco entrou em contato com a par\u00f3quia da outra cidade e conseguiu uma certid\u00e3o de casamento dele. Por ser casado, o sacramento do matrim\u00f4nio n\u00e3o poderia ser realizado. Mediante a recusa do Pe. Prada, o indiv\u00edduo disse que o mataria, mas o padre n\u00e3o quebrou as regras da Igreja.<\/p>\n<p>No dia 29 de abril de 1991, \u00e0s 11h, o homem contrariado tirou a vida do servo de Deus dentro da estrutura da secret\u00e1ria paroquial da Igreja de Santo Ant\u00f4nio. A missa de corpo presente de Pe. Prada teve participa\u00e7\u00e3o de todo clero da Diocese Petrolina e de uma multid\u00e3o de fi\u00e9is do Munic\u00edpio de Salgueiro. No enterro o caix\u00e3o foi coberto com a camisa ensanguentada do padre. O assassino de Pe. Jos\u00e9 Maria permanece livre ap\u00f3s 25 anos do homic\u00eddio.<\/p>\n<p>Passados 25 anos de seu mart\u00edrio, a Igreja particular de Salgueiro prestou suas homenagens a este grande homem que deu sua vida para defender a f\u00e9. A diocese construiu um memorial, em mosaico, na pra\u00e7a da Igreja Catedral para lembrar as virtudes e o ato de coragem e f\u00e9 desse grande servidor do Reino de Deus<\/p>\n<p>Diante de tal hist\u00f3rico de vida, a inclus\u00e3o do nome do padre Jos\u00e9 Maria de Prada no Livro do Pante\u00e3o dos Her\u00f3is e das Hero\u00ednas de Pernambuco &#8211;\u00a0Fernando Santa Cruz, o consagra e o eterniza, reconhecendo sua trajet\u00f3ria religiosa de luta pela retid\u00e3o e justi\u00e7a.<\/p>\n<p>Tendo em vista, assim, a vida p\u00fablica do Pe. Prada, solicito o apoio dos nobres pares para a aprova\u00e7\u00e3o do presente Projeto de Resolu\u00e7\u00e3o.<\/article>\n<p><\/p>\n<p style='text-align: center'><a href='https:\/\/app.legislapp.com.br\/#\/busca?termo='><\/a><\/p>\n<p><\/p>\n<article>\u00a0\u00a0\u00a0\u00a0\u00a0Art. 1\u00ba Fica inscrito o nome do Padre Jos\u00e9 Maria Prada no Livro do Pante\u00e3o dos Her\u00f3is e das Hero\u00ednas de Pernambuco &#8211;\u00a0Fernando Santa Cruz, depositado no Museu Pal\u00e1cio Joaquim Nabuco.<\/p>\n<p>\u00a0\u00a0\u00a0\u00a0\u00a0Art. 2\u00ba Esta Resolu\u00e7\u00e3o entra em vigor na data de sua publica\u00e7\u00e3o.<\/article>\n<div style=\"text-align: center\">\n<div style=\"margin-bottom: 20px;\" class=\"et_pb_button_module_wrapper et_pb_button_5_tb_body_wrapper et_pb_button_alignment_center et_pb_module \">\n         <a class=\"et_pb_button et_pb_button_5_tb_body et_hover_enabled et_pb_bg_layout_dark\" style=\"width: 50%;background-color: black;\" href=\"https:\/\/app.legislapp.com.br\" target=\"_blank\" rel=\"noopener\">Visualizar completo na nossa plataforma (30 dias gr\u00e1tis)<\/a><\/p><\/div>\n<p>      <a href=\"https:\/\/play.google.com\/store\/apps\/details?id=br.com.legislapp\"><img decoding=\"async\" style=\"width: 15%; min-width: 130px;\" src=\"https:\/\/www.legislapp.com.br\/wp-content\/uploads\/google-play.png\"><\/a><br \/>\n      <a href=\"https:\/\/apps.apple.com\/us\/app\/legislapp\/id1568929859\"><img decoding=\"async\" style=\"width: 15%; min-width: 130px\" src=\"https:\/\/www.legislapp.com.br\/wp-content\/uploads\/apple-store.png\"><\/a>\n   <\/div>\n","protected":false},"excerpt":{"rendered":"<p>C\u00e2m. Legislativa de PE &#8211; Autoria de Jo\u00e3ozinho Ten\u00f3rio Nascido em Portugal, no ano de 1928, Jos\u00e9 Maria de Prada iniciou em 1953 sua jornada de f\u00e9 e fidelidade aos princ\u00edpios da Igreja Cat\u00f3lica, quando foi ordenado padre. O mission\u00e1rio redentorista atuou em Angola, na \u00c1frica, at\u00e9 1975, quando seguiu para o Brasil. Em terras [&hellip;]<\/p>\n","protected":false},"author":1,"featured_media":0,"parent":0,"menu_order":0,"comment_status":"closed","ping_status":"closed","template":"page-template-blank.php","meta":{"_et_pb_use_builder":"","_et_pb_old_content":"","_et_gb_content_width":"1080","ngg_post_thumbnail":0,"footnotes":""},"class_list":["post-7727","page","type-page","status-publish","hentry"],"yoast_head":"<!-- This site is optimized with the Yoast SEO plugin v24.4 - https:\/\/yoast.com\/wordpress\/plugins\/seo\/ -->\n<title>PRC 2958\/2025 - Jo\u00e3ozinho Ten\u00f3rio - Legislapp<\/title>\n<meta name=\"robots\" content=\"index, follow, max-snippet:-1, max-image-preview:large, max-video-preview:-1\" \/>\n<link rel=\"canonical\" href=\"https:\/\/www.legislapp.com.br\/index.php\/cam-legislativa-de-pe-prc-2958-2025-5\/\" \/>\n<meta property=\"og:locale\" content=\"pt_BR\" \/>\n<meta property=\"og:type\" content=\"article\" \/>\n<meta property=\"og:title\" content=\"PRC 2958\/2025 - Jo\u00e3ozinho Ten\u00f3rio - Legislapp\" \/>\n<meta property=\"og:description\" content=\"C\u00e2m. Legislativa de PE &#8211; Autoria de Jo\u00e3ozinho Ten\u00f3rio Nascido em Portugal, no ano de 1928, Jos\u00e9 Maria de Prada iniciou em 1953 sua jornada de f\u00e9 e fidelidade aos princ\u00edpios da Igreja Cat\u00f3lica, quando foi ordenado padre. O mission\u00e1rio redentorista atuou em Angola, na \u00c1frica, at\u00e9 1975, quando seguiu para o Brasil. Em terras [&hellip;]\" \/>\n<meta property=\"og:url\" content=\"https:\/\/www.legislapp.com.br\/index.php\/cam-legislativa-de-pe-prc-2958-2025-5\/\" \/>\n<meta property=\"og:site_name\" content=\"Legislapp\" \/>\n<meta property=\"article:publisher\" content=\"https:\/\/www.instagram.com\/legislapp\/\" \/>\n<meta property=\"og:image\" content=\"https:\/\/www.alepe.pe.gov.br\/\/wp-content\/uploads\/2023\/02\/JOAZINHO-TENORIO-scaled-e1676403006659.jpg\" \/>\n<meta name=\"twitter:card\" content=\"summary_large_image\" \/>\n<meta name=\"twitter:label1\" content=\"Est. tempo de leitura\" \/>\n\t<meta name=\"twitter:data1\" content=\"2 minutos\" \/>\n<script type=\"application\/ld+json\" class=\"yoast-schema-graph\">{\"@context\":\"https:\/\/schema.org\",\"@graph\":[{\"@type\":\"WebPage\",\"@id\":\"https:\/\/www.legislapp.com.br\/index.php\/cam-legislativa-de-pe-prc-2958-2025-5\/\",\"url\":\"https:\/\/www.legislapp.com.br\/index.php\/cam-legislativa-de-pe-prc-2958-2025-5\/\",\"name\":\"PRC 2958\/2025 - Jo\u00e3ozinho Ten\u00f3rio - Legislapp\",\"isPartOf\":{\"@id\":\"https:\/\/www.legislapp.com.br\/#website\"},\"primaryImageOfPage\":{\"@id\":\"https:\/\/www.legislapp.com.br\/index.php\/cam-legislativa-de-pe-prc-2958-2025-5\/#primaryimage\"},\"image\":{\"@id\":\"https:\/\/www.legislapp.com.br\/index.php\/cam-legislativa-de-pe-prc-2958-2025-5\/#primaryimage\"},\"thumbnailUrl\":\"https:\/\/www.alepe.pe.gov.br\/\/wp-content\/uploads\/2023\/02\/JOAZINHO-TENORIO-scaled-e1676403006659.jpg\",\"datePublished\":\"2025-09-17T16:47:02+00:00\",\"breadcrumb\":{\"@id\":\"https:\/\/www.legislapp.com.br\/index.php\/cam-legislativa-de-pe-prc-2958-2025-5\/#breadcrumb\"},\"inLanguage\":\"pt-BR\",\"potentialAction\":[{\"@type\":\"ReadAction\",\"target\":[\"https:\/\/www.legislapp.com.br\/index.php\/cam-legislativa-de-pe-prc-2958-2025-5\/\"]}]},{\"@type\":\"ImageObject\",\"inLanguage\":\"pt-BR\",\"@id\":\"https:\/\/www.legislapp.com.br\/index.php\/cam-legislativa-de-pe-prc-2958-2025-5\/#primaryimage\",\"url\":\"https:\/\/www.alepe.pe.gov.br\/\/wp-content\/uploads\/2023\/02\/JOAZINHO-TENORIO-scaled-e1676403006659.jpg\",\"contentUrl\":\"https:\/\/www.alepe.pe.gov.br\/\/wp-content\/uploads\/2023\/02\/JOAZINHO-TENORIO-scaled-e1676403006659.jpg\"},{\"@type\":\"BreadcrumbList\",\"@id\":\"https:\/\/www.legislapp.com.br\/index.php\/cam-legislativa-de-pe-prc-2958-2025-5\/#breadcrumb\",\"itemListElement\":[{\"@type\":\"ListItem\",\"position\":1,\"name\":\"In\u00edcio\",\"item\":\"https:\/\/www.legislapp.com.br\/\"},{\"@type\":\"ListItem\",\"position\":2,\"name\":\"PRC 2958\/2025 &#8211; Jo\u00e3ozinho Ten\u00f3rio\"}]},{\"@type\":\"WebSite\",\"@id\":\"https:\/\/www.legislapp.com.br\/#website\",\"url\":\"https:\/\/www.legislapp.com.br\/\",\"name\":\"Legislapp\",\"description\":\"Intelig\u00eancia governamental em tempo real\",\"publisher\":{\"@id\":\"https:\/\/www.legislapp.com.br\/#organization\"},\"potentialAction\":[{\"@type\":\"SearchAction\",\"target\":{\"@type\":\"EntryPoint\",\"urlTemplate\":\"https:\/\/www.legislapp.com.br\/?s={search_term_string}\"},\"query-input\":{\"@type\":\"PropertyValueSpecification\",\"valueRequired\":true,\"valueName\":\"search_term_string\"}}],\"inLanguage\":\"pt-BR\"},{\"@type\":\"Organization\",\"@id\":\"https:\/\/www.legislapp.com.br\/#organization\",\"name\":\"Legislapp Monitoramento e Intelig\u00eancia Governamental\",\"url\":\"https:\/\/www.legislapp.com.br\/\",\"logo\":{\"@type\":\"ImageObject\",\"inLanguage\":\"pt-BR\",\"@id\":\"https:\/\/www.legislapp.com.br\/#\/schema\/logo\/image\/\",\"url\":\"https:\/\/www.legislapp.com.br\/wp-content\/uploads\/icon.png\",\"contentUrl\":\"https:\/\/www.legislapp.com.br\/wp-content\/uploads\/icon.png\",\"width\":1024,\"height\":1024,\"caption\":\"Legislapp Monitoramento e Intelig\u00eancia Governamental\"},\"image\":{\"@id\":\"https:\/\/www.legislapp.com.br\/#\/schema\/logo\/image\/\"},\"sameAs\":[\"https:\/\/www.instagram.com\/legislapp\/\"]}]}<\/script>\n<!-- \/ Yoast SEO plugin. -->","yoast_head_json":{"title":"PRC 2958\/2025 - Jo\u00e3ozinho Ten\u00f3rio - Legislapp","robots":{"index":"index","follow":"follow","max-snippet":"max-snippet:-1","max-image-preview":"max-image-preview:large","max-video-preview":"max-video-preview:-1"},"canonical":"https:\/\/www.legislapp.com.br\/index.php\/cam-legislativa-de-pe-prc-2958-2025-5\/","og_locale":"pt_BR","og_type":"article","og_title":"PRC 2958\/2025 - Jo\u00e3ozinho Ten\u00f3rio - Legislapp","og_description":"C\u00e2m. Legislativa de PE &#8211; Autoria de Jo\u00e3ozinho Ten\u00f3rio Nascido em Portugal, no ano de 1928, Jos\u00e9 Maria de Prada iniciou em 1953 sua jornada de f\u00e9 e fidelidade aos princ\u00edpios da Igreja Cat\u00f3lica, quando foi ordenado padre. O mission\u00e1rio redentorista atuou em Angola, na \u00c1frica, at\u00e9 1975, quando seguiu para o Brasil. Em terras [&hellip;]","og_url":"https:\/\/www.legislapp.com.br\/index.php\/cam-legislativa-de-pe-prc-2958-2025-5\/","og_site_name":"Legislapp","article_publisher":"https:\/\/www.instagram.com\/legislapp\/","og_image":[{"url":"https:\/\/www.alepe.pe.gov.br\/\/wp-content\/uploads\/2023\/02\/JOAZINHO-TENORIO-scaled-e1676403006659.jpg","type":"","width":"","height":""}],"twitter_card":"summary_large_image","twitter_misc":{"Est. tempo de leitura":"2 minutos"},"schema":{"@context":"https:\/\/schema.org","@graph":[{"@type":"WebPage","@id":"https:\/\/www.legislapp.com.br\/index.php\/cam-legislativa-de-pe-prc-2958-2025-5\/","url":"https:\/\/www.legislapp.com.br\/index.php\/cam-legislativa-de-pe-prc-2958-2025-5\/","name":"PRC 2958\/2025 - Jo\u00e3ozinho Ten\u00f3rio - Legislapp","isPartOf":{"@id":"https:\/\/www.legislapp.com.br\/#website"},"primaryImageOfPage":{"@id":"https:\/\/www.legislapp.com.br\/index.php\/cam-legislativa-de-pe-prc-2958-2025-5\/#primaryimage"},"image":{"@id":"https:\/\/www.legislapp.com.br\/index.php\/cam-legislativa-de-pe-prc-2958-2025-5\/#primaryimage"},"thumbnailUrl":"https:\/\/www.alepe.pe.gov.br\/\/wp-content\/uploads\/2023\/02\/JOAZINHO-TENORIO-scaled-e1676403006659.jpg","datePublished":"2025-09-17T16:47:02+00:00","breadcrumb":{"@id":"https:\/\/www.legislapp.com.br\/index.php\/cam-legislativa-de-pe-prc-2958-2025-5\/#breadcrumb"},"inLanguage":"pt-BR","potentialAction":[{"@type":"ReadAction","target":["https:\/\/www.legislapp.com.br\/index.php\/cam-legislativa-de-pe-prc-2958-2025-5\/"]}]},{"@type":"ImageObject","inLanguage":"pt-BR","@id":"https:\/\/www.legislapp.com.br\/index.php\/cam-legislativa-de-pe-prc-2958-2025-5\/#primaryimage","url":"https:\/\/www.alepe.pe.gov.br\/\/wp-content\/uploads\/2023\/02\/JOAZINHO-TENORIO-scaled-e1676403006659.jpg","contentUrl":"https:\/\/www.alepe.pe.gov.br\/\/wp-content\/uploads\/2023\/02\/JOAZINHO-TENORIO-scaled-e1676403006659.jpg"},{"@type":"BreadcrumbList","@id":"https:\/\/www.legislapp.com.br\/index.php\/cam-legislativa-de-pe-prc-2958-2025-5\/#breadcrumb","itemListElement":[{"@type":"ListItem","position":1,"name":"In\u00edcio","item":"https:\/\/www.legislapp.com.br\/"},{"@type":"ListItem","position":2,"name":"PRC 2958\/2025 &#8211; Jo\u00e3ozinho Ten\u00f3rio"}]},{"@type":"WebSite","@id":"https:\/\/www.legislapp.com.br\/#website","url":"https:\/\/www.legislapp.com.br\/","name":"Legislapp","description":"Intelig\u00eancia governamental em tempo real","publisher":{"@id":"https:\/\/www.legislapp.com.br\/#organization"},"potentialAction":[{"@type":"SearchAction","target":{"@type":"EntryPoint","urlTemplate":"https:\/\/www.legislapp.com.br\/?s={search_term_string}"},"query-input":{"@type":"PropertyValueSpecification","valueRequired":true,"valueName":"search_term_string"}}],"inLanguage":"pt-BR"},{"@type":"Organization","@id":"https:\/\/www.legislapp.com.br\/#organization","name":"Legislapp Monitoramento e Intelig\u00eancia Governamental","url":"https:\/\/www.legislapp.com.br\/","logo":{"@type":"ImageObject","inLanguage":"pt-BR","@id":"https:\/\/www.legislapp.com.br\/#\/schema\/logo\/image\/","url":"https:\/\/www.legislapp.com.br\/wp-content\/uploads\/icon.png","contentUrl":"https:\/\/www.legislapp.com.br\/wp-content\/uploads\/icon.png","width":1024,"height":1024,"caption":"Legislapp Monitoramento e Intelig\u00eancia Governamental"},"image":{"@id":"https:\/\/www.legislapp.com.br\/#\/schema\/logo\/image\/"},"sameAs":["https:\/\/www.instagram.com\/legislapp\/"]}]}},"_links":{"self":[{"href":"https:\/\/www.legislapp.com.br\/index.php\/wp-json\/wp\/v2\/pages\/7727","targetHints":{"allow":["GET"]}}],"collection":[{"href":"https:\/\/www.legislapp.com.br\/index.php\/wp-json\/wp\/v2\/pages"}],"about":[{"href":"https:\/\/www.legislapp.com.br\/index.php\/wp-json\/wp\/v2\/types\/page"}],"author":[{"embeddable":true,"href":"https:\/\/www.legislapp.com.br\/index.php\/wp-json\/wp\/v2\/users\/1"}],"replies":[{"embeddable":true,"href":"https:\/\/www.legislapp.com.br\/index.php\/wp-json\/wp\/v2\/comments?post=7727"}],"version-history":[{"count":0,"href":"https:\/\/www.legislapp.com.br\/index.php\/wp-json\/wp\/v2\/pages\/7727\/revisions"}],"wp:attachment":[{"href":"https:\/\/www.legislapp.com.br\/index.php\/wp-json\/wp\/v2\/media?parent=7727"}],"curies":[{"name":"wp","href":"https:\/\/api.w.org\/{rel}","templated":true}]}}