{"id":7733,"date":"2025-09-17T13:47:21","date_gmt":"2025-09-17T16:47:21","guid":{"rendered":"https:\/\/www.legislapp.com.br\/index.php\/cam-legislativa-de-mg-pl-3743-2025\/"},"modified":"2025-09-17T13:47:21","modified_gmt":"2025-09-17T16:47:21","slug":"cam-legislativa-de-mg-pl-3743-2025","status":"publish","type":"page","link":"https:\/\/www.legislapp.com.br\/index.php\/cam-legislativa-de-mg-pl-3743-2025\/","title":{"rendered":"PL 3743\/2025 &#8211; Deputados"},"content":{"rendered":"<h1 style='text-align: center;'>C\u00e2m. Legislativa de MG &#8211; Autoria de Deputados<\/h3>\n<p><\/p>\n<article style='text-align: center'>Regulamenta a pr\u00e1tica esportivas &#8220;airsoft&#8221; e &#8220;paintball&#8221; no Estado.<\/article>\n<p><\/p>\n<p style='text-align: center'><a href='https:\/\/app.legislapp.com.br\/#\/busca?termo='><\/a><\/p>\n<p><\/p>\n<article>Regulamenta a pr\u00e1tica dos esportes airsoft e paintball no Estado de Minas Gerais.<br \/>\nA Assembleia Legislativa do Estado de Minas Gerais decreta:<br \/>\nArt. 1\u00ba \u2013 Para os efeitos desta lei, considera-se:<br \/>\nI \u2013 Airsoft \u2013 esporte que simula combate armado, com a utiliza\u00e7\u00e3o de r\u00e9plicas de armas de fogo que projetam bolas de pl\u00e1stico de 6mm de di\u00e2metro e com 0,2g, por a\u00e7\u00e3o de molas, press\u00e3o, bateria ou el\u00e9trica, podendo ser realizado de forma\u00a0individual ou coletiva, em ambientes fechados ou ao ar livre.<br \/>\nII \u2013 Paintball \u2013\u00a0esporte de combate individual ou em equipes, que utiliza marcadores de ar comprimido, como nitrog\u00eanio ou CO2, para projetar bolas com tinta colorida, em campos abertos.<br \/>\nArt. 2\u00ba \u2013 Os marcadores\/armas de press\u00e3o de airsoft e paintball dever\u00e3o\u00a0apresentar na extremidade do cano, identificador na colora\u00e7\u00e3o laranja fluorescente ou vermelha viva, com, no m\u00ednimo, 1cm (um cent\u00edmetro), para distingui-las das armas de fogo, de r\u00e9plica ou de simulacros.<br \/>\nPar\u00e1grafo \u00fanico \u2013 Ficam dispensados, do identificador de que trata o caput deste artigo, os marcadores\/arma de press\u00e3o que possam ser distinguidos da arma de fogo, de r\u00e9plica ou simulacros.<br \/>\nArt. 3\u00ba \u2013 As armas de airsoft poder\u00e3o ser utilizadas em todo territ\u00f3rio nacional, desde que devidamente cadastradas nos termos desta lei, exclusivamente para a pr\u00e1tica de airsoft.<br \/>\nArt. 4\u00ba \u2013 \u00c9 proibida a comercializa\u00e7\u00e3o de armas de airsoft para menores de dezoito anos.<br \/>\nArt. 5\u00ba \u2013 Para adquirir os equipamentos, o comprador \u2013 maior de 18 anos,\u00a0 dever\u00e1 ser registrado em uma federa\u00e7\u00e3o de airsoft ou de paintball, se atleta profissional.<br \/>\nArt. 6\u00ba \u2013 No caso de pessoa jur\u00eddica, ser\u00e1 exigida, al\u00e9m da regularidade do estabelecimento, filia\u00e7\u00e3o a uma federa\u00e7\u00e3o do esporte.<br \/>\nArt. 7\u00ba \u2013 Fica autorizada a pr\u00e1tica de airsoft e paintball para maiores de 18 anos.<br \/>\nArt. 8\u00ba \u2013 Os adolescentes, com idade m\u00ednima de 16 anos, poder\u00e3o praticar airsoft em estandes de tiro, desde que acompanhados do respons\u00e1vel.<br \/>\nArt. 9\u00ba \u2013 \u00c9 obrigat\u00f3rio ao atleta de airsoft e paintball a utiliza\u00e7\u00e3o de m\u00e1scara e\/ou de \u00f3culos de prote\u00e7\u00e3o, destinados exclusivamente ao esporte, durante todo o per\u00edodo da pr\u00e1tica esportiva.<br \/>\nArt. 10 \u2013 Os estabelecimentos de\u00a0airsoft e paintball dever\u00e3o estar registrados no Comando do Ex\u00e9rcito, conforme \u00a7\u00a7 3\u00ba e 4\u00ba do art. 34 do Decreto n\u00ba 11.615\/2023.<br \/>\nArt. 11 \u2013 O estande de tiro para airsoft ou paintball deve estar autorizado pelo poder p\u00fablico municipal e deve atender as condi\u00e7\u00f5es de seguran\u00e7a operacional, conforme especificado na ITA n\u00ba 10, de 4 de julho de 2017.<br \/>\nArt. 12 \u2013 Esta lei entra em vigor na data de sua publica\u00e7\u00e3o.<br \/>\nSala das Reuni\u00f5es, 14 de outubro de 2024.<br \/>\nBosco (Cidadania), respons\u00e1vel da Frente Parlamentar em Defesa do Ensino T\u00e9cnico e Profissionalizante do Estado de Minas Gerais, vice-l\u00edder do Governo, respons\u00e1vel da Frente Parlamentar em defesa da duplica\u00e7\u00e3o da BR-262 no trecho entre Uberaba e Belo Horizonte, ouvidor e vice-presidente da Comiss\u00e3o Extraordin\u00e1ria de Turismo e Gastronomia.<br \/>\nJustifica\u00e7\u00e3o: As pr\u00e1ticas de airsoft e paintball t\u00eam-se popularizado no pa\u00eds, sendo cada vez maior no Brasil a quantidade de pessoas que praticam as modalidades esportivas.\u00a0<br \/>\nA falta de previs\u00e3o legal sobre as pr\u00e1ticas no pa\u00eds d\u00e1 margem \u00e0 ocorr\u00eancia de situa\u00e7\u00f5es nocivas, com les\u00f5es graves \u00e0s pessoas, atrelada \u00e0 pouca idade m\u00ednima solicitada para a atividade \u2013 motivo que tem levado jovens a se ferirem durante o esporte, uma vez que n\u00e3o obedecem \u00e0s medidas de seguran\u00e7a necess\u00e1rias, como utiliza\u00e7\u00e3o de coletes e m\u00e1scaras de seguran\u00e7a.<br \/>\nDesta feita, visando garantir a integridade de nossas crian\u00e7as e adolescentes, o Projeto de Lei que se apresenta, visa aumentar para 18 anos a idade m\u00ednima para a pr\u00e1tica de airsoft e paintball, e de 16 anos, em estande de tiros, desde que estejam acompanhados dos pais ou respons\u00e1veis.<br \/>\n\u2013 Semelhante proposi\u00e7\u00e3o foi apresentada anteriormente pelo deputado Lucas Lasmar. Anexe-se ao Projeto de Lei n\u00ba 2.901\/2024, nos termos do \u00a7 2\u00ba do art. 173 do Regimento Interno.<\/article>\n<div style=\"text-align: center\">\n<div style=\"margin-bottom: 20px;\" class=\"et_pb_button_module_wrapper et_pb_button_5_tb_body_wrapper et_pb_button_alignment_center et_pb_module \">\n         <a class=\"et_pb_button et_pb_button_5_tb_body et_hover_enabled et_pb_bg_layout_dark\" style=\"width: 50%;background-color: black;\" href=\"https:\/\/app.legislapp.com.br\" target=\"_blank\" rel=\"noopener\">Visualizar completo na nossa plataforma (30 dias gr\u00e1tis)<\/a><\/p><\/div>\n<p>      <a href=\"https:\/\/play.google.com\/store\/apps\/details?id=br.com.legislapp\"><img decoding=\"async\" style=\"width: 15%; min-width: 130px;\" src=\"https:\/\/www.legislapp.com.br\/wp-content\/uploads\/google-play.png\"><\/a><br \/>\n      <a href=\"https:\/\/apps.apple.com\/us\/app\/legislapp\/id1568929859\"><img decoding=\"async\" style=\"width: 15%; min-width: 130px\" src=\"https:\/\/www.legislapp.com.br\/wp-content\/uploads\/apple-store.png\"><\/a>\n   <\/div>\n","protected":false},"excerpt":{"rendered":"<p>C\u00e2m. Legislativa de MG &#8211; Autoria de Deputados Regulamenta a pr\u00e1tica esportivas &#8220;airsoft&#8221; e &#8220;paintball&#8221; no Estado. Regulamenta a pr\u00e1tica dos esportes airsoft e paintball no Estado de Minas Gerais. A Assembleia Legislativa do Estado de Minas Gerais decreta: Art. 1\u00ba \u2013 Para os efeitos desta lei, considera-se: I \u2013 Airsoft \u2013 esporte que simula [&hellip;]<\/p>\n","protected":false},"author":1,"featured_media":0,"parent":0,"menu_order":0,"comment_status":"closed","ping_status":"closed","template":"page-template-blank.php","meta":{"_et_pb_use_builder":"","_et_pb_old_content":"","_et_gb_content_width":"1080","ngg_post_thumbnail":0,"footnotes":""},"class_list":["post-7733","page","type-page","status-publish","hentry"],"yoast_head":"<!-- This site is optimized with the Yoast SEO plugin v24.4 - https:\/\/yoast.com\/wordpress\/plugins\/seo\/ -->\n<title>PL 3743\/2025 - Deputados - Legislapp<\/title>\n<meta name=\"robots\" content=\"index, follow, max-snippet:-1, max-image-preview:large, max-video-preview:-1\" \/>\n<link rel=\"canonical\" href=\"https:\/\/www.legislapp.com.br\/index.php\/cam-legislativa-de-mg-pl-3743-2025\/\" \/>\n<meta property=\"og:locale\" content=\"pt_BR\" \/>\n<meta property=\"og:type\" content=\"article\" \/>\n<meta property=\"og:title\" content=\"PL 3743\/2025 - Deputados - Legislapp\" \/>\n<meta property=\"og:description\" content=\"C\u00e2m. Legislativa de MG &#8211; Autoria de Deputados Regulamenta a pr\u00e1tica esportivas &#8220;airsoft&#8221; e &#8220;paintball&#8221; no Estado. Regulamenta a pr\u00e1tica dos esportes airsoft e paintball no Estado de Minas Gerais. A Assembleia Legislativa do Estado de Minas Gerais decreta: Art. 1\u00ba \u2013 Para os efeitos desta lei, considera-se: I \u2013 Airsoft \u2013 esporte que simula [&hellip;]\" \/>\n<meta property=\"og:url\" content=\"https:\/\/www.legislapp.com.br\/index.php\/cam-legislativa-de-mg-pl-3743-2025\/\" \/>\n<meta property=\"og:site_name\" content=\"Legislapp\" \/>\n<meta property=\"article:publisher\" content=\"https:\/\/www.instagram.com\/legislapp\/\" \/>\n<meta property=\"og:image\" content=\"https:\/\/www.legislapp.com.br\/wp-content\/uploads\/google-play.png\" \/>\n<meta name=\"twitter:card\" content=\"summary_large_image\" \/>\n<meta name=\"twitter:label1\" content=\"Est. tempo de leitura\" \/>\n\t<meta name=\"twitter:data1\" content=\"3 minutos\" \/>\n<script type=\"application\/ld+json\" class=\"yoast-schema-graph\">{\"@context\":\"https:\/\/schema.org\",\"@graph\":[{\"@type\":\"WebPage\",\"@id\":\"https:\/\/www.legislapp.com.br\/index.php\/cam-legislativa-de-mg-pl-3743-2025\/\",\"url\":\"https:\/\/www.legislapp.com.br\/index.php\/cam-legislativa-de-mg-pl-3743-2025\/\",\"name\":\"PL 3743\/2025 - Deputados - Legislapp\",\"isPartOf\":{\"@id\":\"https:\/\/www.legislapp.com.br\/#website\"},\"primaryImageOfPage\":{\"@id\":\"https:\/\/www.legislapp.com.br\/index.php\/cam-legislativa-de-mg-pl-3743-2025\/#primaryimage\"},\"image\":{\"@id\":\"https:\/\/www.legislapp.com.br\/index.php\/cam-legislativa-de-mg-pl-3743-2025\/#primaryimage\"},\"thumbnailUrl\":\"https:\/\/www.legislapp.com.br\/wp-content\/uploads\/google-play.png\",\"datePublished\":\"2025-09-17T16:47:21+00:00\",\"breadcrumb\":{\"@id\":\"https:\/\/www.legislapp.com.br\/index.php\/cam-legislativa-de-mg-pl-3743-2025\/#breadcrumb\"},\"inLanguage\":\"pt-BR\",\"potentialAction\":[{\"@type\":\"ReadAction\",\"target\":[\"https:\/\/www.legislapp.com.br\/index.php\/cam-legislativa-de-mg-pl-3743-2025\/\"]}]},{\"@type\":\"ImageObject\",\"inLanguage\":\"pt-BR\",\"@id\":\"https:\/\/www.legislapp.com.br\/index.php\/cam-legislativa-de-mg-pl-3743-2025\/#primaryimage\",\"url\":\"https:\/\/www.legislapp.com.br\/wp-content\/uploads\/google-play.png\",\"contentUrl\":\"https:\/\/www.legislapp.com.br\/wp-content\/uploads\/google-play.png\",\"width\":564,\"height\":168},{\"@type\":\"BreadcrumbList\",\"@id\":\"https:\/\/www.legislapp.com.br\/index.php\/cam-legislativa-de-mg-pl-3743-2025\/#breadcrumb\",\"itemListElement\":[{\"@type\":\"ListItem\",\"position\":1,\"name\":\"In\u00edcio\",\"item\":\"https:\/\/www.legislapp.com.br\/\"},{\"@type\":\"ListItem\",\"position\":2,\"name\":\"PL 3743\/2025 &#8211; Deputados\"}]},{\"@type\":\"WebSite\",\"@id\":\"https:\/\/www.legislapp.com.br\/#website\",\"url\":\"https:\/\/www.legislapp.com.br\/\",\"name\":\"Legislapp\",\"description\":\"Intelig\u00eancia governamental em tempo real\",\"publisher\":{\"@id\":\"https:\/\/www.legislapp.com.br\/#organization\"},\"potentialAction\":[{\"@type\":\"SearchAction\",\"target\":{\"@type\":\"EntryPoint\",\"urlTemplate\":\"https:\/\/www.legislapp.com.br\/?s={search_term_string}\"},\"query-input\":{\"@type\":\"PropertyValueSpecification\",\"valueRequired\":true,\"valueName\":\"search_term_string\"}}],\"inLanguage\":\"pt-BR\"},{\"@type\":\"Organization\",\"@id\":\"https:\/\/www.legislapp.com.br\/#organization\",\"name\":\"Legislapp Monitoramento e Intelig\u00eancia Governamental\",\"url\":\"https:\/\/www.legislapp.com.br\/\",\"logo\":{\"@type\":\"ImageObject\",\"inLanguage\":\"pt-BR\",\"@id\":\"https:\/\/www.legislapp.com.br\/#\/schema\/logo\/image\/\",\"url\":\"https:\/\/www.legislapp.com.br\/wp-content\/uploads\/icon.png\",\"contentUrl\":\"https:\/\/www.legislapp.com.br\/wp-content\/uploads\/icon.png\",\"width\":1024,\"height\":1024,\"caption\":\"Legislapp Monitoramento e Intelig\u00eancia Governamental\"},\"image\":{\"@id\":\"https:\/\/www.legislapp.com.br\/#\/schema\/logo\/image\/\"},\"sameAs\":[\"https:\/\/www.instagram.com\/legislapp\/\"]}]}<\/script>\n<!-- \/ Yoast SEO plugin. -->","yoast_head_json":{"title":"PL 3743\/2025 - Deputados - Legislapp","robots":{"index":"index","follow":"follow","max-snippet":"max-snippet:-1","max-image-preview":"max-image-preview:large","max-video-preview":"max-video-preview:-1"},"canonical":"https:\/\/www.legislapp.com.br\/index.php\/cam-legislativa-de-mg-pl-3743-2025\/","og_locale":"pt_BR","og_type":"article","og_title":"PL 3743\/2025 - Deputados - Legislapp","og_description":"C\u00e2m. Legislativa de MG &#8211; Autoria de Deputados Regulamenta a pr\u00e1tica esportivas &#8220;airsoft&#8221; e &#8220;paintball&#8221; no Estado. Regulamenta a pr\u00e1tica dos esportes airsoft e paintball no Estado de Minas Gerais. A Assembleia Legislativa do Estado de Minas Gerais decreta: Art. 1\u00ba \u2013 Para os efeitos desta lei, considera-se: I \u2013 Airsoft \u2013 esporte que simula [&hellip;]","og_url":"https:\/\/www.legislapp.com.br\/index.php\/cam-legislativa-de-mg-pl-3743-2025\/","og_site_name":"Legislapp","article_publisher":"https:\/\/www.instagram.com\/legislapp\/","og_image":[{"url":"https:\/\/www.legislapp.com.br\/wp-content\/uploads\/google-play.png","type":"","width":"","height":""}],"twitter_card":"summary_large_image","twitter_misc":{"Est. tempo de leitura":"3 minutos"},"schema":{"@context":"https:\/\/schema.org","@graph":[{"@type":"WebPage","@id":"https:\/\/www.legislapp.com.br\/index.php\/cam-legislativa-de-mg-pl-3743-2025\/","url":"https:\/\/www.legislapp.com.br\/index.php\/cam-legislativa-de-mg-pl-3743-2025\/","name":"PL 3743\/2025 - Deputados - Legislapp","isPartOf":{"@id":"https:\/\/www.legislapp.com.br\/#website"},"primaryImageOfPage":{"@id":"https:\/\/www.legislapp.com.br\/index.php\/cam-legislativa-de-mg-pl-3743-2025\/#primaryimage"},"image":{"@id":"https:\/\/www.legislapp.com.br\/index.php\/cam-legislativa-de-mg-pl-3743-2025\/#primaryimage"},"thumbnailUrl":"https:\/\/www.legislapp.com.br\/wp-content\/uploads\/google-play.png","datePublished":"2025-09-17T16:47:21+00:00","breadcrumb":{"@id":"https:\/\/www.legislapp.com.br\/index.php\/cam-legislativa-de-mg-pl-3743-2025\/#breadcrumb"},"inLanguage":"pt-BR","potentialAction":[{"@type":"ReadAction","target":["https:\/\/www.legislapp.com.br\/index.php\/cam-legislativa-de-mg-pl-3743-2025\/"]}]},{"@type":"ImageObject","inLanguage":"pt-BR","@id":"https:\/\/www.legislapp.com.br\/index.php\/cam-legislativa-de-mg-pl-3743-2025\/#primaryimage","url":"https:\/\/www.legislapp.com.br\/wp-content\/uploads\/google-play.png","contentUrl":"https:\/\/www.legislapp.com.br\/wp-content\/uploads\/google-play.png","width":564,"height":168},{"@type":"BreadcrumbList","@id":"https:\/\/www.legislapp.com.br\/index.php\/cam-legislativa-de-mg-pl-3743-2025\/#breadcrumb","itemListElement":[{"@type":"ListItem","position":1,"name":"In\u00edcio","item":"https:\/\/www.legislapp.com.br\/"},{"@type":"ListItem","position":2,"name":"PL 3743\/2025 &#8211; Deputados"}]},{"@type":"WebSite","@id":"https:\/\/www.legislapp.com.br\/#website","url":"https:\/\/www.legislapp.com.br\/","name":"Legislapp","description":"Intelig\u00eancia governamental em tempo real","publisher":{"@id":"https:\/\/www.legislapp.com.br\/#organization"},"potentialAction":[{"@type":"SearchAction","target":{"@type":"EntryPoint","urlTemplate":"https:\/\/www.legislapp.com.br\/?s={search_term_string}"},"query-input":{"@type":"PropertyValueSpecification","valueRequired":true,"valueName":"search_term_string"}}],"inLanguage":"pt-BR"},{"@type":"Organization","@id":"https:\/\/www.legislapp.com.br\/#organization","name":"Legislapp Monitoramento e Intelig\u00eancia Governamental","url":"https:\/\/www.legislapp.com.br\/","logo":{"@type":"ImageObject","inLanguage":"pt-BR","@id":"https:\/\/www.legislapp.com.br\/#\/schema\/logo\/image\/","url":"https:\/\/www.legislapp.com.br\/wp-content\/uploads\/icon.png","contentUrl":"https:\/\/www.legislapp.com.br\/wp-content\/uploads\/icon.png","width":1024,"height":1024,"caption":"Legislapp Monitoramento e Intelig\u00eancia Governamental"},"image":{"@id":"https:\/\/www.legislapp.com.br\/#\/schema\/logo\/image\/"},"sameAs":["https:\/\/www.instagram.com\/legislapp\/"]}]}},"_links":{"self":[{"href":"https:\/\/www.legislapp.com.br\/index.php\/wp-json\/wp\/v2\/pages\/7733","targetHints":{"allow":["GET"]}}],"collection":[{"href":"https:\/\/www.legislapp.com.br\/index.php\/wp-json\/wp\/v2\/pages"}],"about":[{"href":"https:\/\/www.legislapp.com.br\/index.php\/wp-json\/wp\/v2\/types\/page"}],"author":[{"embeddable":true,"href":"https:\/\/www.legislapp.com.br\/index.php\/wp-json\/wp\/v2\/users\/1"}],"replies":[{"embeddable":true,"href":"https:\/\/www.legislapp.com.br\/index.php\/wp-json\/wp\/v2\/comments?post=7733"}],"version-history":[{"count":0,"href":"https:\/\/www.legislapp.com.br\/index.php\/wp-json\/wp\/v2\/pages\/7733\/revisions"}],"wp:attachment":[{"href":"https:\/\/www.legislapp.com.br\/index.php\/wp-json\/wp\/v2\/media?parent=7733"}],"curies":[{"name":"wp","href":"https:\/\/api.w.org\/{rel}","templated":true}]}}