{"id":7741,"date":"2025-09-17T13:47:53","date_gmt":"2025-09-17T16:47:53","guid":{"rendered":"https:\/\/www.legislapp.com.br\/index.php\/cam-legislativa-de-sc-pl-0279-2025\/"},"modified":"2025-09-17T13:47:53","modified_gmt":"2025-09-17T16:47:53","slug":"cam-legislativa-de-sc-pl-0279-2025","status":"publish","type":"page","link":"https:\/\/www.legislapp.com.br\/index.php\/cam-legislativa-de-sc-pl-0279-2025\/","title":{"rendered":"PL.\/0279\/2025 &#8211; M\u00e1rio Motta"},"content":{"rendered":"<h1 style='text-align: center;'>C\u00e2m. Legislativa de SC &#8211; Autoria de M\u00e1rio Motta<\/h3>\n<p><\/p>\n<article style='text-align: center'>Declara de utilidade p\u00fablica a Associa\u00e7\u00e3o Catarinense de Escalada e Montanhismo, com sede no munic\u00edpio de Florian\u00f3polis, e altera o Anexo \u00fanico da Lei 18.278, de 2021, que &#8220;Consolida os atos normativos que concedem o T\u00edtulo de Utilidade P\u00fablica no \u00e2mbito do Estado de Santa Catarina&#8221;.<\/article>\n<p><\/p>\n<p style='text-align: center'><a href='https:\/\/app.legislapp.com.br\/#\/busca?termo='><\/a><\/p>\n<p><\/p>\n<article>\n<p>PROJETO DE LEI N\u00ba <\/p>\n<p>Declara de utilidade p\u00fablica a Associa\u00e7\u00e3o Catarinense de<br \/>\nEscalada e Montanhismo, com sede no munic\u00edpio de<br \/>\nFlorian\u00f3polis, e altera o Anexo \u00fanico da Lei 18.278, de 2021,<br \/>\nque \u201cConsolida os atos normativos que concedem o T\u00edtulo de<br \/>\nUtilidade P\u00fablica no \u00e2mbito do Estado de Santa Catarina. <\/p>\n<p>Art. 1\u00ba Fica declarada de utilidade p\u00fablica estadual a<br \/>\nAssocia\u00e7\u00e3o Catarinense de Escalada e Montanhismo &#8211; ACEM, com sede no munic\u00edpio de<br \/>\nFlorian\u00f3polis\/SC. <\/p>\n<p>Art. 2\u00ba O Anexo \u00danico da Lei n\u00b0 Lei 18.278, de dezembro de<br \/>\n2021, passa a vigorar com a altera\u00e7\u00e3o constante do Anexo \u00danico desta Lei.  <\/p>\n<p>Art. 3\u00ba Esta Lei entra em vigor na data de sua publica\u00e7\u00e3o. <\/p>\n<p>Sala das Sess\u00f5es,  <\/p>\n<p>M\u00c1RIO MOTTA<br \/>\nDeputado Estadual <\/p>\n<p>Pal\u00e1cio Barriga-Verde<br \/>\nRua Dr. Jorge Luz Fontes, 310 \u2013 Sala 110<br \/>\n88020-900 &#8211; Florian\u00f3polis &#8211; SC<br \/>\n(48) 3221.2839 <\/p>\n<p>1  <\/p>\n<p>ANEXO \u00daNICO <\/p>\n<p>(ALTERA O ANEXO \u00daNICO DA LEI N\u00ba  Lei 18.278, DE DEZEMBRO DE  2021) <\/p>\n<p>\u201cANEXO \u00daNICO<br \/>\nENTIDADES DECLARADAS DE UTILIDADE P\u00daBLICA <\/p>\n<p>\u2026\u2026\u2026\u2026\u2026\u2026\u2026\u2026\u2026\u2026\u2026\u2026\u2026\u2026\u2026\u2026\u2026\u2026\u2026\u2026\u2026\u2026\u2026\u2026\u2026\u2026\u2026\u2026\u2026\u2026\u2026\u2026\u2026\u2026\u2026\u2026\u2026\u2026\u2026 <\/p>\n<p>FLORIAN\u00d3POLIS LEIS<br \/>\n\u2026\u2026\u2026\u2026\u2026\u2026\u2026\u2026\u2026\u2026\u2026\u2026. \u2026\u2026\u2026\u2026\u2026\u2026\u2026\u2026\u2026\u2026\u2026\u2026.<br \/>\nAssocia\u00e7\u00e3o Catarinense de Escalada e<br \/>\nMontanhismo, com sede no munic\u00edpio de<br \/>\nFlorian\u00f3polis. <\/p>\n<p>\u2026\u2026\u2026\u2026\u2026\u2026\u2026\u2026\u2026\u2026\u2026\u2026. \u2026\u2026\u2026\u2026\u2026\u2026\u2026\u2026\u2026\u2026\u2026\u2026. <\/p>\n<p>\u2026\u2026\u2026\u2026\u2026\u2026\u2026\u2026\u2026\u2026\u2026\u2026\u2026\u2026\u2026\u2026\u2026\u2026\u2026\u2026\u2026\u2026\u2026\u2026\u2026\u2026\u2026\u2026\u2026\u2026\u2026\u2026\u2026\u2026\u2026\u2026\u2026\u201d (NR) <\/p>\n<p>Sala das Sess\u00f5es,  <\/p>\n<p>M\u00c1RIO MOTTA<br \/>\nDeputado Estadual <\/p>\n<p>Pal\u00e1cio Barriga-Verde<br \/>\nRua Dr. Jorge Luz Fontes, 310 \u2013 Sala 110<br \/>\n88020-900 &#8211; Florian\u00f3polis &#8211; SC<br \/>\n(48) 3221.2839 <\/p>\n<p>2  <\/p>\n<p>JUSTIFICATIVA <\/p>\n<p>O presente Projeto de Lei visa reconhecer como de utilidade p\u00fablica<br \/>\nestadual a Associa\u00e7\u00e3o Catarinense de Escalada e Montanhismo \u2013 ACEM,<br \/>\nentidade com destacada atua\u00e7\u00e3o na promo\u00e7\u00e3o e estrutura\u00e7\u00e3o do montanhismo e<br \/>\nda escalada em Santa Catarina, especialmente na regi\u00e3o da Grande<br \/>\nFlorian\u00f3polis.<br \/>\nComposta por volunt\u00e1rios, atletas, instrutores e entusiastas da<br \/>\natividade, a ACEM atua h\u00e1 anos no fortalecimento de uma cultura esportiva<br \/>\npautada na seguran\u00e7a, no respeito ao meio ambiente e na qualifica\u00e7\u00e3o t\u00e9cnica de<br \/>\nseus praticantes. Sua presen\u00e7a ativa em a\u00e7\u00f5es educativas, ambientais e<br \/>\nesportivas confere \u00e0 entidade um papel estrat\u00e9gico no desenvolvimento<br \/>\nsustent\u00e1vel do esporte em \u00e1reas naturais do estado.<br \/>\nA associa\u00e7\u00e3o realiza, de forma cont\u00ednua, atividades de mapeamento de<br \/>\ntrilhas e vias de escalada, orienta\u00e7\u00f5es sobre condutas respons\u00e1veis na natureza,<br \/>\ncursos de capacita\u00e7\u00e3o e encontros comunit\u00e1rios voltados tanto \u00e0 inicia\u00e7\u00e3o quanto<br \/>\nao aperfei\u00e7oamento de montanhistas e escaladores.<br \/>\nA ACEM tamb\u00e9m se destaca por estimular o uso consciente e<br \/>\nordenado das \u00e1reas naturais, desenvolvendo iniciativas que conciliam o turismo<br \/>\necol\u00f3gico, a pr\u00e1tica esportiva e a preserva\u00e7\u00e3o ambiental. Sua atua\u00e7\u00e3o contribui,<br \/>\nportanto, para ampliar o acesso seguro a espa\u00e7os p\u00fablicos, valorizar o patrim\u00f4nio<br \/>\nnatural catarinense e fomentar o esporte como ferramenta de educa\u00e7\u00e3o e<br \/>\ncidadania.<br \/>\nReconhecer a ACEM como entidade de utilidade p\u00fablica estadual n\u00e3o<br \/>\napenas faz justi\u00e7a \u00e0 sua relev\u00e2ncia e legitimidade perante a sociedade, como<br \/>\ntamb\u00e9m viabiliza a amplia\u00e7\u00e3o de parcerias institucionais e o acesso a<br \/>\ninstrumentos que fortale\u00e7am suas a\u00e7\u00f5es em todo o territ\u00f3rio catarinense. <\/p>\n<p>Pal\u00e1cio Barriga-Verde<br \/>\nRua Dr. Jorge Luz Fontes, 310 \u2013 Sala 110<br \/>\n88020-900 &#8211; Florian\u00f3polis &#8211; SC<br \/>\n(48) 3221.2839 <\/p>\n<p>3<br \/>\nDiante do exposto, e considerando o impacto positivo das atividades<br \/>\npromovidas pela associa\u00e7\u00e3o em diversas dimens\u00f5es \u2014 esportiva, ambiental,<br \/>\neducacional e social \u2014, conto com o apoio dos Nobres Pares para a aprova\u00e7\u00e3o<br \/>\nda presente proposi\u00e7\u00e3o legislativa. <\/p>\n<p>Sala das Sess\u00f5es,  <\/p>\n<p>M\u00c1RIO MOTTA<br \/>\nDeputado Estadual <\/p>\n<p>Pal\u00e1cio Barriga-Verde<br \/>\nRua Dr. Jorge Luz Fontes, 310 \u2013 Sala 110<br \/>\n88020-900 &#8211; Florian\u00f3polis &#8211; SC<br \/>\n(48) 3221.2839 <\/p>\n<p>4 <\/article>\n<div style=\"text-align: center\">\n<div style=\"margin-bottom: 20px;\" class=\"et_pb_button_module_wrapper et_pb_button_5_tb_body_wrapper et_pb_button_alignment_center et_pb_module \">\n         <a class=\"et_pb_button et_pb_button_5_tb_body et_hover_enabled et_pb_bg_layout_dark\" style=\"width: 50%;background-color: black;\" href=\"https:\/\/app.legislapp.com.br\" target=\"_blank\" rel=\"noopener\">Visualizar completo na nossa plataforma (30 dias gr\u00e1tis)<\/a><\/p><\/div>\n<p>      <a href=\"https:\/\/play.google.com\/store\/apps\/details?id=br.com.legislapp\"><img decoding=\"async\" style=\"width: 15%; min-width: 130px;\" src=\"https:\/\/www.legislapp.com.br\/wp-content\/uploads\/google-play.png\"><\/a><br \/>\n      <a href=\"https:\/\/apps.apple.com\/us\/app\/legislapp\/id1568929859\"><img decoding=\"async\" style=\"width: 15%; min-width: 130px\" src=\"https:\/\/www.legislapp.com.br\/wp-content\/uploads\/apple-store.png\"><\/a>\n   <\/div>\n","protected":false},"excerpt":{"rendered":"<p>C\u00e2m. Legislativa de SC &#8211; Autoria de M\u00e1rio Motta Declara de utilidade p\u00fablica a Associa\u00e7\u00e3o Catarinense de Escalada e Montanhismo, com sede no munic\u00edpio de Florian\u00f3polis, e altera o Anexo \u00fanico da Lei 18.278, de 2021, que &#8220;Consolida os atos normativos que concedem o T\u00edtulo de Utilidade P\u00fablica no \u00e2mbito do Estado de Santa Catarina&#8221;. [&hellip;]<\/p>\n","protected":false},"author":1,"featured_media":0,"parent":0,"menu_order":0,"comment_status":"closed","ping_status":"closed","template":"page-template-blank.php","meta":{"_et_pb_use_builder":"","_et_pb_old_content":"","_et_gb_content_width":"1080","ngg_post_thumbnail":0,"footnotes":""},"class_list":["post-7741","page","type-page","status-publish","hentry"],"yoast_head":"<!-- This site is optimized with the Yoast SEO plugin v24.4 - https:\/\/yoast.com\/wordpress\/plugins\/seo\/ -->\n<title>PL.\/0279\/2025 - M\u00e1rio Motta - Legislapp<\/title>\n<meta name=\"robots\" content=\"index, follow, max-snippet:-1, max-image-preview:large, max-video-preview:-1\" \/>\n<link rel=\"canonical\" href=\"https:\/\/www.legislapp.com.br\/index.php\/cam-legislativa-de-sc-pl-0279-2025\/\" \/>\n<meta property=\"og:locale\" content=\"pt_BR\" \/>\n<meta property=\"og:type\" content=\"article\" \/>\n<meta property=\"og:title\" content=\"PL.\/0279\/2025 - M\u00e1rio Motta - Legislapp\" \/>\n<meta property=\"og:description\" content=\"C\u00e2m. Legislativa de SC &#8211; Autoria de M\u00e1rio Motta Declara de utilidade p\u00fablica a Associa\u00e7\u00e3o Catarinense de Escalada e Montanhismo, com sede no munic\u00edpio de Florian\u00f3polis, e altera o Anexo \u00fanico da Lei 18.278, de 2021, que &#8220;Consolida os atos normativos que concedem o T\u00edtulo de Utilidade P\u00fablica no \u00e2mbito do Estado de Santa Catarina&#8221;. [&hellip;]\" \/>\n<meta property=\"og:url\" content=\"https:\/\/www.legislapp.com.br\/index.php\/cam-legislativa-de-sc-pl-0279-2025\/\" \/>\n<meta property=\"og:site_name\" content=\"Legislapp\" \/>\n<meta property=\"article:publisher\" content=\"https:\/\/www.instagram.com\/legislapp\/\" \/>\n<meta property=\"og:image\" content=\"https:\/\/www.legislapp.com.br\/wp-content\/uploads\/google-play.png\" \/>\n<meta name=\"twitter:card\" content=\"summary_large_image\" \/>\n<meta name=\"twitter:label1\" content=\"Est. tempo de leitura\" \/>\n\t<meta name=\"twitter:data1\" content=\"3 minutos\" \/>\n<script type=\"application\/ld+json\" class=\"yoast-schema-graph\">{\"@context\":\"https:\/\/schema.org\",\"@graph\":[{\"@type\":\"WebPage\",\"@id\":\"https:\/\/www.legislapp.com.br\/index.php\/cam-legislativa-de-sc-pl-0279-2025\/\",\"url\":\"https:\/\/www.legislapp.com.br\/index.php\/cam-legislativa-de-sc-pl-0279-2025\/\",\"name\":\"PL.\/0279\/2025 - M\u00e1rio Motta - Legislapp\",\"isPartOf\":{\"@id\":\"https:\/\/www.legislapp.com.br\/#website\"},\"primaryImageOfPage\":{\"@id\":\"https:\/\/www.legislapp.com.br\/index.php\/cam-legislativa-de-sc-pl-0279-2025\/#primaryimage\"},\"image\":{\"@id\":\"https:\/\/www.legislapp.com.br\/index.php\/cam-legislativa-de-sc-pl-0279-2025\/#primaryimage\"},\"thumbnailUrl\":\"https:\/\/www.legislapp.com.br\/wp-content\/uploads\/google-play.png\",\"datePublished\":\"2025-09-17T16:47:53+00:00\",\"breadcrumb\":{\"@id\":\"https:\/\/www.legislapp.com.br\/index.php\/cam-legislativa-de-sc-pl-0279-2025\/#breadcrumb\"},\"inLanguage\":\"pt-BR\",\"potentialAction\":[{\"@type\":\"ReadAction\",\"target\":[\"https:\/\/www.legislapp.com.br\/index.php\/cam-legislativa-de-sc-pl-0279-2025\/\"]}]},{\"@type\":\"ImageObject\",\"inLanguage\":\"pt-BR\",\"@id\":\"https:\/\/www.legislapp.com.br\/index.php\/cam-legislativa-de-sc-pl-0279-2025\/#primaryimage\",\"url\":\"https:\/\/www.legislapp.com.br\/wp-content\/uploads\/google-play.png\",\"contentUrl\":\"https:\/\/www.legislapp.com.br\/wp-content\/uploads\/google-play.png\",\"width\":564,\"height\":168},{\"@type\":\"BreadcrumbList\",\"@id\":\"https:\/\/www.legislapp.com.br\/index.php\/cam-legislativa-de-sc-pl-0279-2025\/#breadcrumb\",\"itemListElement\":[{\"@type\":\"ListItem\",\"position\":1,\"name\":\"In\u00edcio\",\"item\":\"https:\/\/www.legislapp.com.br\/\"},{\"@type\":\"ListItem\",\"position\":2,\"name\":\"PL.\/0279\/2025 &#8211; M\u00e1rio Motta\"}]},{\"@type\":\"WebSite\",\"@id\":\"https:\/\/www.legislapp.com.br\/#website\",\"url\":\"https:\/\/www.legislapp.com.br\/\",\"name\":\"Legislapp\",\"description\":\"Intelig\u00eancia governamental em tempo real\",\"publisher\":{\"@id\":\"https:\/\/www.legislapp.com.br\/#organization\"},\"potentialAction\":[{\"@type\":\"SearchAction\",\"target\":{\"@type\":\"EntryPoint\",\"urlTemplate\":\"https:\/\/www.legislapp.com.br\/?s={search_term_string}\"},\"query-input\":{\"@type\":\"PropertyValueSpecification\",\"valueRequired\":true,\"valueName\":\"search_term_string\"}}],\"inLanguage\":\"pt-BR\"},{\"@type\":\"Organization\",\"@id\":\"https:\/\/www.legislapp.com.br\/#organization\",\"name\":\"Legislapp Monitoramento e Intelig\u00eancia Governamental\",\"url\":\"https:\/\/www.legislapp.com.br\/\",\"logo\":{\"@type\":\"ImageObject\",\"inLanguage\":\"pt-BR\",\"@id\":\"https:\/\/www.legislapp.com.br\/#\/schema\/logo\/image\/\",\"url\":\"https:\/\/www.legislapp.com.br\/wp-content\/uploads\/icon.png\",\"contentUrl\":\"https:\/\/www.legislapp.com.br\/wp-content\/uploads\/icon.png\",\"width\":1024,\"height\":1024,\"caption\":\"Legislapp Monitoramento e Intelig\u00eancia Governamental\"},\"image\":{\"@id\":\"https:\/\/www.legislapp.com.br\/#\/schema\/logo\/image\/\"},\"sameAs\":[\"https:\/\/www.instagram.com\/legislapp\/\"]}]}<\/script>\n<!-- \/ Yoast SEO plugin. -->","yoast_head_json":{"title":"PL.\/0279\/2025 - M\u00e1rio Motta - Legislapp","robots":{"index":"index","follow":"follow","max-snippet":"max-snippet:-1","max-image-preview":"max-image-preview:large","max-video-preview":"max-video-preview:-1"},"canonical":"https:\/\/www.legislapp.com.br\/index.php\/cam-legislativa-de-sc-pl-0279-2025\/","og_locale":"pt_BR","og_type":"article","og_title":"PL.\/0279\/2025 - M\u00e1rio Motta - Legislapp","og_description":"C\u00e2m. Legislativa de SC &#8211; Autoria de M\u00e1rio Motta Declara de utilidade p\u00fablica a Associa\u00e7\u00e3o Catarinense de Escalada e Montanhismo, com sede no munic\u00edpio de Florian\u00f3polis, e altera o Anexo \u00fanico da Lei 18.278, de 2021, que &#8220;Consolida os atos normativos que concedem o T\u00edtulo de Utilidade P\u00fablica no \u00e2mbito do Estado de Santa Catarina&#8221;. [&hellip;]","og_url":"https:\/\/www.legislapp.com.br\/index.php\/cam-legislativa-de-sc-pl-0279-2025\/","og_site_name":"Legislapp","article_publisher":"https:\/\/www.instagram.com\/legislapp\/","og_image":[{"url":"https:\/\/www.legislapp.com.br\/wp-content\/uploads\/google-play.png","type":"","width":"","height":""}],"twitter_card":"summary_large_image","twitter_misc":{"Est. tempo de leitura":"3 minutos"},"schema":{"@context":"https:\/\/schema.org","@graph":[{"@type":"WebPage","@id":"https:\/\/www.legislapp.com.br\/index.php\/cam-legislativa-de-sc-pl-0279-2025\/","url":"https:\/\/www.legislapp.com.br\/index.php\/cam-legislativa-de-sc-pl-0279-2025\/","name":"PL.\/0279\/2025 - M\u00e1rio Motta - Legislapp","isPartOf":{"@id":"https:\/\/www.legislapp.com.br\/#website"},"primaryImageOfPage":{"@id":"https:\/\/www.legislapp.com.br\/index.php\/cam-legislativa-de-sc-pl-0279-2025\/#primaryimage"},"image":{"@id":"https:\/\/www.legislapp.com.br\/index.php\/cam-legislativa-de-sc-pl-0279-2025\/#primaryimage"},"thumbnailUrl":"https:\/\/www.legislapp.com.br\/wp-content\/uploads\/google-play.png","datePublished":"2025-09-17T16:47:53+00:00","breadcrumb":{"@id":"https:\/\/www.legislapp.com.br\/index.php\/cam-legislativa-de-sc-pl-0279-2025\/#breadcrumb"},"inLanguage":"pt-BR","potentialAction":[{"@type":"ReadAction","target":["https:\/\/www.legislapp.com.br\/index.php\/cam-legislativa-de-sc-pl-0279-2025\/"]}]},{"@type":"ImageObject","inLanguage":"pt-BR","@id":"https:\/\/www.legislapp.com.br\/index.php\/cam-legislativa-de-sc-pl-0279-2025\/#primaryimage","url":"https:\/\/www.legislapp.com.br\/wp-content\/uploads\/google-play.png","contentUrl":"https:\/\/www.legislapp.com.br\/wp-content\/uploads\/google-play.png","width":564,"height":168},{"@type":"BreadcrumbList","@id":"https:\/\/www.legislapp.com.br\/index.php\/cam-legislativa-de-sc-pl-0279-2025\/#breadcrumb","itemListElement":[{"@type":"ListItem","position":1,"name":"In\u00edcio","item":"https:\/\/www.legislapp.com.br\/"},{"@type":"ListItem","position":2,"name":"PL.\/0279\/2025 &#8211; M\u00e1rio Motta"}]},{"@type":"WebSite","@id":"https:\/\/www.legislapp.com.br\/#website","url":"https:\/\/www.legislapp.com.br\/","name":"Legislapp","description":"Intelig\u00eancia governamental em tempo real","publisher":{"@id":"https:\/\/www.legislapp.com.br\/#organization"},"potentialAction":[{"@type":"SearchAction","target":{"@type":"EntryPoint","urlTemplate":"https:\/\/www.legislapp.com.br\/?s={search_term_string}"},"query-input":{"@type":"PropertyValueSpecification","valueRequired":true,"valueName":"search_term_string"}}],"inLanguage":"pt-BR"},{"@type":"Organization","@id":"https:\/\/www.legislapp.com.br\/#organization","name":"Legislapp Monitoramento e Intelig\u00eancia Governamental","url":"https:\/\/www.legislapp.com.br\/","logo":{"@type":"ImageObject","inLanguage":"pt-BR","@id":"https:\/\/www.legislapp.com.br\/#\/schema\/logo\/image\/","url":"https:\/\/www.legislapp.com.br\/wp-content\/uploads\/icon.png","contentUrl":"https:\/\/www.legislapp.com.br\/wp-content\/uploads\/icon.png","width":1024,"height":1024,"caption":"Legislapp Monitoramento e Intelig\u00eancia Governamental"},"image":{"@id":"https:\/\/www.legislapp.com.br\/#\/schema\/logo\/image\/"},"sameAs":["https:\/\/www.instagram.com\/legislapp\/"]}]}},"_links":{"self":[{"href":"https:\/\/www.legislapp.com.br\/index.php\/wp-json\/wp\/v2\/pages\/7741","targetHints":{"allow":["GET"]}}],"collection":[{"href":"https:\/\/www.legislapp.com.br\/index.php\/wp-json\/wp\/v2\/pages"}],"about":[{"href":"https:\/\/www.legislapp.com.br\/index.php\/wp-json\/wp\/v2\/types\/page"}],"author":[{"embeddable":true,"href":"https:\/\/www.legislapp.com.br\/index.php\/wp-json\/wp\/v2\/users\/1"}],"replies":[{"embeddable":true,"href":"https:\/\/www.legislapp.com.br\/index.php\/wp-json\/wp\/v2\/comments?post=7741"}],"version-history":[{"count":0,"href":"https:\/\/www.legislapp.com.br\/index.php\/wp-json\/wp\/v2\/pages\/7741\/revisions"}],"wp:attachment":[{"href":"https:\/\/www.legislapp.com.br\/index.php\/wp-json\/wp\/v2\/media?parent=7741"}],"curies":[{"name":"wp","href":"https:\/\/api.w.org\/{rel}","templated":true}]}}