{"id":7744,"date":"2025-09-17T13:48:03","date_gmt":"2025-09-17T16:48:03","guid":{"rendered":"https:\/\/www.legislapp.com.br\/index.php\/cam-legislativa-de-sc-mpv-0265-2025\/"},"modified":"2025-09-17T13:48:03","modified_gmt":"2025-09-17T16:48:03","slug":"cam-legislativa-de-sc-mpv-0265-2025","status":"publish","type":"page","link":"https:\/\/www.legislapp.com.br\/index.php\/cam-legislativa-de-sc-mpv-0265-2025\/","title":{"rendered":"MPV\/0265\/2025 &#8211; Governador do Estado"},"content":{"rendered":"<h1 style='text-align: center;'>C\u00e2m. Legislativa de SC &#8211; Autoria de Governador do Estado<\/h3>\n<p><\/p>\n<article style='text-align: center'>Altera o art. 4\u00ba da Lei n\u00ba 18.672, de 2023, que institui o Fundo Estadual de Apoio \u00e0 Manuten\u00e7\u00e3o e ao Desenvolvimento da Educa\u00e7\u00e3o Superior Catarinense (FUMDESC) e a assist\u00eancia financeira para o pagamento das mensalidades dos cursos de gradua\u00e7\u00e3o frequentados por estudantes em institui\u00e7\u00f5es de ensino superior que especifica e estabelece outras provid\u00eancias.<\/article>\n<p><\/p>\n<p style='text-align: center'><a href='https:\/\/app.legislapp.com.br\/#\/busca?termo='><\/a><\/p>\n<p><\/p>\n<article>ESTADO DE SANTA CATARINA<br \/>\nGABINETE DO GOVERNADOR  <\/p>\n<p>MENSAGEM N\u00ba 1016 <\/p>\n<p>EXCELENT\u00cdSSIMO SENHOR PRESIDENTE, SENHORAS<br \/>\nDEPUTADAS E SENHORES DEPUTADOS DA ASSEMBLEIA<br \/>\nLEGISLATIVA DO ESTADO <\/p>\n<p>Nos termos do art. 51 da Constitui\u00e7\u00e3o do Estado, comunico que<br \/>\nadotei a medida provis\u00f3ria inclusa, ora submetida ao exame e \u00e0 delibera\u00e7\u00e3o dessa augusta<br \/>\nCasa Legislativa, que \u201cAltera o art. 4\u00ba da Lei n\u00ba 18.672, de 2023, que institui o Fundo<br \/>\nEstadual de Apoio \u00e0 Manuten\u00e7\u00e3o e ao Desenvolvimento da Educa\u00e7\u00e3o Superior<br \/>\nCatarinense (FUMDESC) e a assist\u00eancia financeira para o pagamento das mensalidades<br \/>\ndos cursos de gradua\u00e7\u00e3o frequentados por estudantes em institui\u00e7\u00f5es de ensino superior<br \/>\nque especifica e estabelece outras provid\u00eancias\u201d. <\/p>\n<p>Florian\u00f3polis, 21 de maio de 2025. <\/p>\n<p>JORGINHO MELLO<br \/>\nGovernador do Estado<br \/>\nmsa_mp_SED_108439_25<br \/>\n38<br \/>\nP\u00e1g. 01 de 01 &#8211; Documento assinado digitalmente. Para confer\u00eancia, acesse o site https:\/\/portal.sgpe.sea.sc.gov.br\/portal-externo e informe o processo SED 00108439\/2025 e o c\u00f3digo 7P48CV4M.Assinaturas do documento<\/p>\n<p>C\u00f3digo para verifica\u00e7\u00e3o: 7P48CV4M<\/p>\n<p>Este documento foi assinado digitalmente pelos seguintes signat\u00e1rios nas datas indicadas:<\/p>\n<p>JORGINHO DOS SANTOS MELLO (CPF: 250.XXX.199-XX) em 21\/05\/2025 \u00e0s 13:45:31<br \/>\nEmitido por: &#8220;SGP-e&#8221;, emitido em 14\/04\/2023 &#8211; 11:54:30 e v\u00e1lido at\u00e9 14\/04\/2123 &#8211; 11:54:30.<br \/>\n(Assinatura do sistema)<\/p>\n<p>Para verificar a autenticidade desta c\u00f3pia, acesse o link https:\/\/portal.sgpe.sea.sc.gov.br\/portal-externo\/conferencia-<br \/>\ndocumento\/U0VEXzcwNTRfMDAxMDg0MzlfMTA4NDQ4XzIwMjVfN1A0OENWNE0= ou o site<br \/>\nhttps:\/\/portal.sgpe.sea.sc.gov.br\/portal-externo e informe o processo SED 00108439\/2025 e o c\u00f3digo 7P48CV4M<br \/>\nou aponte a c\u00e2mera para o QR Code presente nesta p\u00e1gina para realizar a confer\u00eancia.<br \/>\nESTADO DE SANTA CATARINA<br \/>\nSECRETARIA DE ESTADO DA EDUCA\u00c7\u00c3O<br \/>\nGABINETE DO SECRET\u00c1RIO <\/p>\n<p>Exposi\u00e7\u00e3o de Motivos n\u00ba 024\/2025                                               Florian\u00f3polis, 21 de maio de 2025. <\/p>\n<p>Refer\u00eancia: Processo SED 108439\/2025 <\/p>\n<p>Senhor Governador, <\/p>\n<p>Submetemos \u00e0 aprecia\u00e7\u00e3o de Vossa Excel\u00eancia a presente Exposi\u00e7\u00e3o de Motivos, que<br \/>\nfundamenta a necessidade de altera\u00e7\u00e3o do art. 4\u00ba da Lei n\u00ba 18.672, de 31 de julho de 2023.<br \/>\nTal altera\u00e7\u00e3o tem o objetivo de aprimorar a destina\u00e7\u00e3o dos recursos do Fundo de Manuten\u00e7\u00e3o e<br \/>\nDesenvolvimento da Educa\u00e7\u00e3o Superior Catarinense \u2013 FUMDESC, em conson\u00e2ncia com o que<br \/>\ndisp\u00f5es a legisla\u00e7\u00e3o e o aprimoramento cont\u00ednuo das pol\u00edticas p\u00fablicas. <\/p>\n<p>A proposta inclui os \u00a7\u00a7 3\u00ba e 4\u00ba no referido artigo, com vistas a autorizar a redistribui\u00e7\u00e3o<br \/>\nproporcional dos recursos excedentes entre as mantenedoras que possuam estudantes inscritos e<br \/>\nn\u00e3o contemplados, ap\u00f3s a distribui\u00e7\u00e3o prevista no caput e no \u00a7 6\u00ba do art. 11 da Lei. Essa medida<br \/>\ntem por finalidade ampliar a assist\u00eancia financeira aos estudantes, e garantir que o montante dos<br \/>\nrecursos seja destinado ao atendimento aos estudantes matriculados em curso de gradua\u00e7\u00e3o. <\/p>\n<p>Com isso, assegura-se que eventuais saldos financeiros retornem ao pr\u00f3prio Fundo,<br \/>\nrefor\u00e7ando o compromisso do Estado com a amplia\u00e7\u00e3o do acesso ao ensino superior e a<br \/>\ncontinuidade das pol\u00edticas p\u00fablicas, promovendo o uso dos recursos p\u00fablicos, com vistas ao<br \/>\natendimento ao direito constitucional. <\/p>\n<p>Destacamos, ainda, a urg\u00eancia e relev\u00e2ncia da ado\u00e7\u00e3o imediata da medida proposta,<br \/>\nconsiderando a iminente execu\u00e7\u00e3o or\u00e7ament\u00e1ria do exerc\u00edcio em curso e a necessidade de<br \/>\nassegurar o pleno atendimento aos estudantes. <\/p>\n<p>Assim, submetemos a presente proposta \u00e0 aprecia\u00e7\u00e3o de Vossa Excel\u00eancia, certos de que<br \/>\nsua reconhecida dedica\u00e7\u00e3o ao aprimoramento das pol\u00edticas p\u00fablicas resultar\u00e1 na acolhida da<br \/>\nmedida ora apresentada, em benef\u00edcio dos estudantes do ensino superior do Estado de Santa<br \/>\nCatarina. <\/p>\n<p>Respeitosamente,  <\/p>\n<p>(assinado digitalmente)<br \/>\nPatr\u00edcia Lueders<br \/>\nSecret\u00e1ria de Estado da Educa\u00e7\u00e3o, designada <\/p>\n<p>40<br \/>\nP\u00e1g. 01 de 01 &#8211; Documento assinado digitalmente. Para confer\u00eancia, acesse o site https:\/\/portal.sgpe.sea.sc.gov.br\/portal-externo e informe o processo SED 00108439\/2025 e o c\u00f3digo Y290NOK8.Assinaturas do documento<\/p>\n<p>C\u00f3digo para verifica\u00e7\u00e3o: Y290NOK8<\/p>\n<p>Este documento foi assinado digitalmente pelos seguintes signat\u00e1rios nas datas indicadas:<\/p>\n<p>PATRICIA LUEDERS (CPF: 027.XXX.569-XX) em 21\/05\/2025 \u00e0s 13:46:25<br \/>\nEmitido por: &#8220;SGP-e&#8221;, emitido em 19\/10\/2020 &#8211; 16:08:04 e v\u00e1lido at\u00e9 19\/10\/2120 &#8211; 16:08:04.<br \/>\n(Assinatura do sistema)<\/p>\n<p>Para verificar a autenticidade desta c\u00f3pia, acesse o link https:\/\/portal.sgpe.sea.sc.gov.br\/portal-externo\/conferencia-<br \/>\ndocumento\/U0VEXzcwNTRfMDAxMDg0MzlfMTA4NDQ4XzIwMjVfWTI5ME5PSzg= ou o site<br \/>\nhttps:\/\/portal.sgpe.sea.sc.gov.br\/portal-externo e informe o processo SED 00108439\/2025 e o c\u00f3digo Y290NOK8<br \/>\nou aponte a c\u00e2mera para o QR Code presente nesta p\u00e1gina para realizar a confer\u00eancia.<br \/>\nESTADO DE SANTA CATARINA <\/p>\n<p>MEDIDA PROVIS\u00d3RIA N\u00ba 265, DE 21 DE MAIO DE 2025 <\/p>\n<p>Altera o art. 4\u00ba da Lei n\u00ba 18.672, de 2023, que institui o Fundo<br \/>\nEstadual de Apoio \u00e0 Manuten\u00e7\u00e3o e ao Desenvolvimento da<br \/>\nEduca\u00e7\u00e3o Superior Catarinense (FUMDESC) e a assist\u00eancia<br \/>\nfinanceira para o pagamento das mensalidades dos cursos de<br \/>\ngradua\u00e7\u00e3o frequentados por estudantes em institui\u00e7\u00f5es de<br \/>\nensino superior que especifica e estabelece outras provid\u00eancias. <\/p>\n<p>O GOVERNADOR DO ESTADO DE SANTA CATARINA,<br \/>\nno uso da atribui\u00e7\u00e3o que lhe confere o art. 51 da Constitui\u00e7\u00e3o do Estado, adota a seguinte<br \/>\nMedida Provis\u00f3ria, com for\u00e7a de lei: <\/p>\n<p>Art. 1\u00ba O art. 4\u00ba da Lei n\u00ba 18.672, de 31 de julho de 2023, passa<br \/>\na vigorar com a seguinte reda\u00e7\u00e3o: <\/p>\n<p>\u201cArt. 4\u00ba &#8230;&#8230;&#8230;&#8230;&#8230;&#8230;&#8230;&#8230;&#8230;&#8230;&#8230;&#8230;&#8230;&#8230;&#8230;&#8230;&#8230;&#8230;&#8230;&#8230;&#8230;&#8230;&#8230;&#8230;&#8230;&#8230;&#8230;&#8230;&#8230;&#8230; <\/p>\n<p>&#8230;&#8230;&#8230;&#8230;&#8230;&#8230;&#8230;&#8230;&#8230;&#8230;&#8230;&#8230;&#8230;&#8230;&#8230;&#8230;&#8230;&#8230;&#8230;&#8230;&#8230;&#8230;&#8230;&#8230;&#8230;&#8230;&#8230;&#8230;&#8230;&#8230;&#8230;&#8230;&#8230;&#8230; <\/p>\n<p>\u00a7 3\u00ba Ap\u00f3s a distribui\u00e7\u00e3o do valor da assist\u00eancia financeira na<br \/>\nforma do caput e do \u00a7 6\u00ba do art. 11 desta Lei, fica autorizada, no 2\u00ba (segundo) semestre de<br \/>\ncada exerc\u00edcio, a redistribui\u00e7\u00e3o dos recursos excedentes do FUMDESC,<br \/>\nproporcionalmente ao N\u00famero Total de Estudantes Matriculados (NTE). <\/p>\n<p>\u00a7 4\u00ba Os recursos excedentes do FUMDESC, que ser\u00e3o apurados<br \/>\nao final de cada exerc\u00edcio, dever\u00e3o ser destinados para complementar o Programa<br \/>\nUniversidade Gratuita, nos termos da Lei Complementar n\u00ba 831, de 31 de julho de 2023,<br \/>\nobservado o disposto no \u00a7 3\u00ba deste artigo.\u201d (NR) <\/p>\n<p>Art. 2\u00ba Excepcionalmente no exerc\u00edcio de 2025, fica autorizada<br \/>\na redistribui\u00e7\u00e3o dos recursos excedentes de que trata o \u00a7 3\u00ba do art. 4\u00ba da Lei n\u00ba 18.672, de<br \/>\n2023, na reda\u00e7\u00e3o dada pelo art. 1\u00ba desta Medida Provis\u00f3ria, tamb\u00e9m no 1\u00ba (primeiro)<br \/>\nsemestre. <\/p>\n<p>Art. 3\u00ba Esta Medida Provis\u00f3ria entra em vigor na data de sua<br \/>\npublica\u00e7\u00e3o. <\/p>\n<p>Florian\u00f3polis, 21 de maio de 2025. <\/p>\n<p>JORGINHO MELLO<br \/>\nGovernador do Estado<br \/>\nMP_265_MSG_1016  SED 108439\/2025<br \/>\n37<br \/>\nP\u00e1g. 01 de 01 &#8211; Documento assinado digitalmente. Para confer\u00eancia, acesse o site https:\/\/portal.sgpe.sea.sc.gov.br\/portal-externo e informe o processo SED 00108439\/2025 e o c\u00f3digo 0RW7K2H5.Assinaturas do documento<\/p>\n<p>C\u00f3digo para verifica\u00e7\u00e3o: 0RW7K2H5<\/p>\n<p>Este documento foi assinado digitalmente pelos seguintes signat\u00e1rios nas datas indicadas:<\/p>\n<p>JORGINHO DOS SANTOS MELLO (CPF: 250.XXX.199-XX) em 21\/05\/2025 \u00e0s 13:45:31<br \/>\nEmitido por: &#8220;SGP-e&#8221;, emitido em 14\/04\/2023 &#8211; 11:54:30 e v\u00e1lido at\u00e9 14\/04\/2123 &#8211; 11:54:30.<br \/>\n(Assinatura do sistema)<\/p>\n<p>Para verificar a autenticidade desta c\u00f3pia, acesse o link https:\/\/portal.sgpe.sea.sc.gov.br\/portal-externo\/conferencia-<br \/>\ndocumento\/U0VEXzcwNTRfMDAxMDg0MzlfMTA4NDQ4XzIwMjVfMFJXN0sySDU= ou o site<br \/>\nhttps:\/\/portal.sgpe.sea.sc.gov.br\/portal-externo e informe o processo SED 00108439\/2025 e o c\u00f3digo 0RW7K2H5<br \/>\nou aponte a c\u00e2mera para o QR Code presente nesta p\u00e1gina para realizar a confer\u00eancia.<br \/>\n<\/article>\n<div style=\"text-align: center\">\n<div style=\"margin-bottom: 20px;\" class=\"et_pb_button_module_wrapper et_pb_button_5_tb_body_wrapper et_pb_button_alignment_center et_pb_module \">\n         <a class=\"et_pb_button et_pb_button_5_tb_body et_hover_enabled et_pb_bg_layout_dark\" style=\"width: 50%;background-color: black;\" href=\"https:\/\/app.legislapp.com.br\" target=\"_blank\" rel=\"noopener\">Visualizar completo na nossa plataforma (30 dias gr\u00e1tis)<\/a><\/p><\/div>\n<p>      <a href=\"https:\/\/play.google.com\/store\/apps\/details?id=br.com.legislapp\"><img decoding=\"async\" style=\"width: 15%; min-width: 130px;\" src=\"https:\/\/www.legislapp.com.br\/wp-content\/uploads\/google-play.png\"><\/a><br \/>\n      <a href=\"https:\/\/apps.apple.com\/us\/app\/legislapp\/id1568929859\"><img decoding=\"async\" style=\"width: 15%; min-width: 130px\" src=\"https:\/\/www.legislapp.com.br\/wp-content\/uploads\/apple-store.png\"><\/a>\n   <\/div>\n","protected":false},"excerpt":{"rendered":"<p>C\u00e2m. Legislativa de SC &#8211; Autoria de Governador do Estado Altera o art. 4\u00ba da Lei n\u00ba 18.672, de 2023, que institui o Fundo Estadual de Apoio \u00e0 Manuten\u00e7\u00e3o e ao Desenvolvimento da Educa\u00e7\u00e3o Superior Catarinense (FUMDESC) e a assist\u00eancia financeira para o pagamento das mensalidades dos cursos de gradua\u00e7\u00e3o frequentados por estudantes em institui\u00e7\u00f5es [&hellip;]<\/p>\n","protected":false},"author":1,"featured_media":0,"parent":0,"menu_order":0,"comment_status":"closed","ping_status":"closed","template":"page-template-blank.php","meta":{"_et_pb_use_builder":"","_et_pb_old_content":"","_et_gb_content_width":"1080","ngg_post_thumbnail":0,"footnotes":""},"class_list":["post-7744","page","type-page","status-publish","hentry"],"yoast_head":"<!-- This site is optimized with the Yoast SEO plugin v24.4 - https:\/\/yoast.com\/wordpress\/plugins\/seo\/ -->\n<title>MPV\/0265\/2025 - Governador do Estado - Legislapp<\/title>\n<meta name=\"robots\" content=\"index, follow, max-snippet:-1, max-image-preview:large, max-video-preview:-1\" \/>\n<link rel=\"canonical\" href=\"https:\/\/www.legislapp.com.br\/index.php\/cam-legislativa-de-sc-mpv-0265-2025\/\" \/>\n<meta property=\"og:locale\" content=\"pt_BR\" \/>\n<meta property=\"og:type\" content=\"article\" \/>\n<meta property=\"og:title\" content=\"MPV\/0265\/2025 - Governador do Estado - Legislapp\" \/>\n<meta property=\"og:description\" content=\"C\u00e2m. Legislativa de SC &#8211; Autoria de Governador do Estado Altera o art. 4\u00ba da Lei n\u00ba 18.672, de 2023, que institui o Fundo Estadual de Apoio \u00e0 Manuten\u00e7\u00e3o e ao Desenvolvimento da Educa\u00e7\u00e3o Superior Catarinense (FUMDESC) e a assist\u00eancia financeira para o pagamento das mensalidades dos cursos de gradua\u00e7\u00e3o frequentados por estudantes em institui\u00e7\u00f5es [&hellip;]\" \/>\n<meta property=\"og:url\" content=\"https:\/\/www.legislapp.com.br\/index.php\/cam-legislativa-de-sc-mpv-0265-2025\/\" \/>\n<meta property=\"og:site_name\" content=\"Legislapp\" \/>\n<meta property=\"article:publisher\" content=\"https:\/\/www.instagram.com\/legislapp\/\" \/>\n<meta property=\"og:image\" content=\"https:\/\/www.legislapp.com.br\/wp-content\/uploads\/google-play.png\" \/>\n<meta name=\"twitter:card\" content=\"summary_large_image\" \/>\n<meta name=\"twitter:label1\" content=\"Est. tempo de leitura\" \/>\n\t<meta name=\"twitter:data1\" content=\"6 minutos\" \/>\n<script type=\"application\/ld+json\" class=\"yoast-schema-graph\">{\"@context\":\"https:\/\/schema.org\",\"@graph\":[{\"@type\":\"WebPage\",\"@id\":\"https:\/\/www.legislapp.com.br\/index.php\/cam-legislativa-de-sc-mpv-0265-2025\/\",\"url\":\"https:\/\/www.legislapp.com.br\/index.php\/cam-legislativa-de-sc-mpv-0265-2025\/\",\"name\":\"MPV\/0265\/2025 - Governador do Estado - Legislapp\",\"isPartOf\":{\"@id\":\"https:\/\/www.legislapp.com.br\/#website\"},\"primaryImageOfPage\":{\"@id\":\"https:\/\/www.legislapp.com.br\/index.php\/cam-legislativa-de-sc-mpv-0265-2025\/#primaryimage\"},\"image\":{\"@id\":\"https:\/\/www.legislapp.com.br\/index.php\/cam-legislativa-de-sc-mpv-0265-2025\/#primaryimage\"},\"thumbnailUrl\":\"https:\/\/www.legislapp.com.br\/wp-content\/uploads\/google-play.png\",\"datePublished\":\"2025-09-17T16:48:03+00:00\",\"breadcrumb\":{\"@id\":\"https:\/\/www.legislapp.com.br\/index.php\/cam-legislativa-de-sc-mpv-0265-2025\/#breadcrumb\"},\"inLanguage\":\"pt-BR\",\"potentialAction\":[{\"@type\":\"ReadAction\",\"target\":[\"https:\/\/www.legislapp.com.br\/index.php\/cam-legislativa-de-sc-mpv-0265-2025\/\"]}]},{\"@type\":\"ImageObject\",\"inLanguage\":\"pt-BR\",\"@id\":\"https:\/\/www.legislapp.com.br\/index.php\/cam-legislativa-de-sc-mpv-0265-2025\/#primaryimage\",\"url\":\"https:\/\/www.legislapp.com.br\/wp-content\/uploads\/google-play.png\",\"contentUrl\":\"https:\/\/www.legislapp.com.br\/wp-content\/uploads\/google-play.png\",\"width\":564,\"height\":168},{\"@type\":\"BreadcrumbList\",\"@id\":\"https:\/\/www.legislapp.com.br\/index.php\/cam-legislativa-de-sc-mpv-0265-2025\/#breadcrumb\",\"itemListElement\":[{\"@type\":\"ListItem\",\"position\":1,\"name\":\"In\u00edcio\",\"item\":\"https:\/\/www.legislapp.com.br\/\"},{\"@type\":\"ListItem\",\"position\":2,\"name\":\"MPV\/0265\/2025 &#8211; Governador do Estado\"}]},{\"@type\":\"WebSite\",\"@id\":\"https:\/\/www.legislapp.com.br\/#website\",\"url\":\"https:\/\/www.legislapp.com.br\/\",\"name\":\"Legislapp\",\"description\":\"Intelig\u00eancia governamental em tempo real\",\"publisher\":{\"@id\":\"https:\/\/www.legislapp.com.br\/#organization\"},\"potentialAction\":[{\"@type\":\"SearchAction\",\"target\":{\"@type\":\"EntryPoint\",\"urlTemplate\":\"https:\/\/www.legislapp.com.br\/?s={search_term_string}\"},\"query-input\":{\"@type\":\"PropertyValueSpecification\",\"valueRequired\":true,\"valueName\":\"search_term_string\"}}],\"inLanguage\":\"pt-BR\"},{\"@type\":\"Organization\",\"@id\":\"https:\/\/www.legislapp.com.br\/#organization\",\"name\":\"Legislapp Monitoramento e Intelig\u00eancia Governamental\",\"url\":\"https:\/\/www.legislapp.com.br\/\",\"logo\":{\"@type\":\"ImageObject\",\"inLanguage\":\"pt-BR\",\"@id\":\"https:\/\/www.legislapp.com.br\/#\/schema\/logo\/image\/\",\"url\":\"https:\/\/www.legislapp.com.br\/wp-content\/uploads\/icon.png\",\"contentUrl\":\"https:\/\/www.legislapp.com.br\/wp-content\/uploads\/icon.png\",\"width\":1024,\"height\":1024,\"caption\":\"Legislapp Monitoramento e Intelig\u00eancia Governamental\"},\"image\":{\"@id\":\"https:\/\/www.legislapp.com.br\/#\/schema\/logo\/image\/\"},\"sameAs\":[\"https:\/\/www.instagram.com\/legislapp\/\"]}]}<\/script>\n<!-- \/ Yoast SEO plugin. -->","yoast_head_json":{"title":"MPV\/0265\/2025 - Governador do Estado - Legislapp","robots":{"index":"index","follow":"follow","max-snippet":"max-snippet:-1","max-image-preview":"max-image-preview:large","max-video-preview":"max-video-preview:-1"},"canonical":"https:\/\/www.legislapp.com.br\/index.php\/cam-legislativa-de-sc-mpv-0265-2025\/","og_locale":"pt_BR","og_type":"article","og_title":"MPV\/0265\/2025 - Governador do Estado - Legislapp","og_description":"C\u00e2m. Legislativa de SC &#8211; Autoria de Governador do Estado Altera o art. 4\u00ba da Lei n\u00ba 18.672, de 2023, que institui o Fundo Estadual de Apoio \u00e0 Manuten\u00e7\u00e3o e ao Desenvolvimento da Educa\u00e7\u00e3o Superior Catarinense (FUMDESC) e a assist\u00eancia financeira para o pagamento das mensalidades dos cursos de gradua\u00e7\u00e3o frequentados por estudantes em institui\u00e7\u00f5es [&hellip;]","og_url":"https:\/\/www.legislapp.com.br\/index.php\/cam-legislativa-de-sc-mpv-0265-2025\/","og_site_name":"Legislapp","article_publisher":"https:\/\/www.instagram.com\/legislapp\/","og_image":[{"url":"https:\/\/www.legislapp.com.br\/wp-content\/uploads\/google-play.png","type":"","width":"","height":""}],"twitter_card":"summary_large_image","twitter_misc":{"Est. tempo de leitura":"6 minutos"},"schema":{"@context":"https:\/\/schema.org","@graph":[{"@type":"WebPage","@id":"https:\/\/www.legislapp.com.br\/index.php\/cam-legislativa-de-sc-mpv-0265-2025\/","url":"https:\/\/www.legislapp.com.br\/index.php\/cam-legislativa-de-sc-mpv-0265-2025\/","name":"MPV\/0265\/2025 - Governador do Estado - Legislapp","isPartOf":{"@id":"https:\/\/www.legislapp.com.br\/#website"},"primaryImageOfPage":{"@id":"https:\/\/www.legislapp.com.br\/index.php\/cam-legislativa-de-sc-mpv-0265-2025\/#primaryimage"},"image":{"@id":"https:\/\/www.legislapp.com.br\/index.php\/cam-legislativa-de-sc-mpv-0265-2025\/#primaryimage"},"thumbnailUrl":"https:\/\/www.legislapp.com.br\/wp-content\/uploads\/google-play.png","datePublished":"2025-09-17T16:48:03+00:00","breadcrumb":{"@id":"https:\/\/www.legislapp.com.br\/index.php\/cam-legislativa-de-sc-mpv-0265-2025\/#breadcrumb"},"inLanguage":"pt-BR","potentialAction":[{"@type":"ReadAction","target":["https:\/\/www.legislapp.com.br\/index.php\/cam-legislativa-de-sc-mpv-0265-2025\/"]}]},{"@type":"ImageObject","inLanguage":"pt-BR","@id":"https:\/\/www.legislapp.com.br\/index.php\/cam-legislativa-de-sc-mpv-0265-2025\/#primaryimage","url":"https:\/\/www.legislapp.com.br\/wp-content\/uploads\/google-play.png","contentUrl":"https:\/\/www.legislapp.com.br\/wp-content\/uploads\/google-play.png","width":564,"height":168},{"@type":"BreadcrumbList","@id":"https:\/\/www.legislapp.com.br\/index.php\/cam-legislativa-de-sc-mpv-0265-2025\/#breadcrumb","itemListElement":[{"@type":"ListItem","position":1,"name":"In\u00edcio","item":"https:\/\/www.legislapp.com.br\/"},{"@type":"ListItem","position":2,"name":"MPV\/0265\/2025 &#8211; Governador do Estado"}]},{"@type":"WebSite","@id":"https:\/\/www.legislapp.com.br\/#website","url":"https:\/\/www.legislapp.com.br\/","name":"Legislapp","description":"Intelig\u00eancia governamental em tempo real","publisher":{"@id":"https:\/\/www.legislapp.com.br\/#organization"},"potentialAction":[{"@type":"SearchAction","target":{"@type":"EntryPoint","urlTemplate":"https:\/\/www.legislapp.com.br\/?s={search_term_string}"},"query-input":{"@type":"PropertyValueSpecification","valueRequired":true,"valueName":"search_term_string"}}],"inLanguage":"pt-BR"},{"@type":"Organization","@id":"https:\/\/www.legislapp.com.br\/#organization","name":"Legislapp Monitoramento e Intelig\u00eancia Governamental","url":"https:\/\/www.legislapp.com.br\/","logo":{"@type":"ImageObject","inLanguage":"pt-BR","@id":"https:\/\/www.legislapp.com.br\/#\/schema\/logo\/image\/","url":"https:\/\/www.legislapp.com.br\/wp-content\/uploads\/icon.png","contentUrl":"https:\/\/www.legislapp.com.br\/wp-content\/uploads\/icon.png","width":1024,"height":1024,"caption":"Legislapp Monitoramento e Intelig\u00eancia Governamental"},"image":{"@id":"https:\/\/www.legislapp.com.br\/#\/schema\/logo\/image\/"},"sameAs":["https:\/\/www.instagram.com\/legislapp\/"]}]}},"_links":{"self":[{"href":"https:\/\/www.legislapp.com.br\/index.php\/wp-json\/wp\/v2\/pages\/7744","targetHints":{"allow":["GET"]}}],"collection":[{"href":"https:\/\/www.legislapp.com.br\/index.php\/wp-json\/wp\/v2\/pages"}],"about":[{"href":"https:\/\/www.legislapp.com.br\/index.php\/wp-json\/wp\/v2\/types\/page"}],"author":[{"embeddable":true,"href":"https:\/\/www.legislapp.com.br\/index.php\/wp-json\/wp\/v2\/users\/1"}],"replies":[{"embeddable":true,"href":"https:\/\/www.legislapp.com.br\/index.php\/wp-json\/wp\/v2\/comments?post=7744"}],"version-history":[{"count":0,"href":"https:\/\/www.legislapp.com.br\/index.php\/wp-json\/wp\/v2\/pages\/7744\/revisions"}],"wp:attachment":[{"href":"https:\/\/www.legislapp.com.br\/index.php\/wp-json\/wp\/v2\/media?parent=7744"}],"curies":[{"name":"wp","href":"https:\/\/api.w.org\/{rel}","templated":true}]}}