{"id":7746,"date":"2025-09-17T13:48:09","date_gmt":"2025-09-17T16:48:09","guid":{"rendered":"https:\/\/www.legislapp.com.br\/index.php\/cam-legislativa-de-sc-pec-0004-2025\/"},"modified":"2025-09-17T13:48:09","modified_gmt":"2025-09-17T16:48:09","slug":"cam-legislativa-de-sc-pec-0004-2025","status":"publish","type":"page","link":"https:\/\/www.legislapp.com.br\/index.php\/cam-legislativa-de-sc-pec-0004-2025\/","title":{"rendered":"PEC\/0004\/2025 &#8211; Jess\u00e9 Lopes"},"content":{"rendered":"<h1 style='text-align: center;'>C\u00e2m. Legislativa de SC &#8211; Autoria de Jess\u00e9 Lopes<\/h3>\n<p><\/p>\n<article style='text-align: center'>Acrescenta art. 169-A \u00e0 Constitui\u00e7\u00e3o do Estado de Santa Catarina, para dispor sobre a ado\u00e7\u00e3o de a\u00e7\u00f5es afirmativas exclusivamente com base em crit\u00e9rios socioecon\u00f4micos nas institui\u00e7\u00f5es estaduais de ensino superior.<\/article>\n<p><\/p>\n<p style='text-align: center'><a href='https:\/\/app.legislapp.com.br\/#\/busca?termo='><\/a><\/p>\n<p><\/p>\n<article>ASSEMBLEIA LEGISLATIVA GABINETE DEPUTADO<br \/>\nESTADO DE SANTA CATARINA JESS\u00c9 LOPES<\/p>\n<p>PROPOSTA DE EMENDA \u00c0 CONSTITUI\u00c7\u00c3O DO ESTADO <\/p>\n<p>Acrescenta art. 169-A \u00e0 Constitui\u00e7\u00e3o do Estado de Santa<br \/>\nCatarina, para dispor sobre a ado\u00e7\u00e3o de a\u00e7\u00f5es afirmativas<br \/>\nexclusivamente com base em crit\u00e9rios socioecon\u00f4micos nas<br \/>\ninstitui\u00e7\u00f5es estaduais de ensino superior.<\/p>\n<p>Art. 1\u00ba Fica acrescentado art. 169-A \u00e0 Constitui\u00e7\u00e3o do<br \/>\nEstado, com a seguinte reda\u00e7\u00e3o:<\/p>\n<p>Art. 169-A. No \u00e2mbito das institui\u00e7\u00f5es p\u00fablicas estaduais de<br \/>\nensino superior, as pol\u00edticas de a\u00e7\u00f5es afirmativas destinadas<br \/>\nao ingresso de estudantes dever\u00e3o observar crit\u00e9rios<br \/>\nexclusivamente socioecon\u00f4micos.<\/p>\n<p>\u00a71\u00ba. \u00c9 vedada a ado\u00e7\u00e3o de crit\u00e9rios baseados<br \/>\nexclusivamente em ra\u00e7a, etnia ou cor para reserva de vagas<br \/>\nou concess\u00e3o de benef\u00edcios educacionais.<\/p>\n<p>\u00a72\u00ba. As institui\u00e7\u00f5es p\u00fablicas estaduais de ensino superior<br \/>\npoder\u00e3o implementar mecanismos que garantam o acesso<br \/>\nde estudantes oriundos de fam\u00edlias de baixa renda,<br \/>\npriorizando egressos de escolas p\u00fablicas estaduais.<\/p>\n<p>\u00a73\u00ba. A regulamenta\u00e7\u00e3o desta pol\u00edtica caber\u00e1 \u00e0s<br \/>\nuniversidades estaduais, respeitada a autonomia<br \/>\nuniversit\u00e1ria, desde que em conformidade com o disposto<br \/>\nneste artigo.<\/p>\n<p>Art. 2\u00ba Esta Emenda \u00e0 Constitui\u00e7\u00e3o do Estado entra em vigor<br \/>\nna data de sua publica\u00e7\u00e3o.<\/p>\n<p>Sala das Sess\u00f5es,<\/p>\n<p>Deputado Jess\u00e9 Lopes (PL\/SC) e demais signat\u00e1rios.<\/p>\n<p>J US T I F I CAT I VA<\/p>\n<p>A Proposta de Emenda \u00e0 Constitui\u00e7\u00e3o do Estado de Santa<br \/>\nCatarina visa assegurar a igualdade de oportunidades no acesso ao ensino superior<br \/>\nestadual, restringindo as a\u00e7\u00f5es afirmativas a crit\u00e9rios exclusivamente socioecon\u00f4micos.<br \/>\nEssa medida busca priorizar estudantes de baixa renda, especialmente oriundos da<br \/>\nrede p\u00fablica, como forma de enfrentar as desigualdades educacionais de maneira<br \/>\nobjetiva e abrangente.<\/p>\n<p>Ao promover crit\u00e9rios baseados na vulnerabilidade<br \/>\nsocioecon\u00f4mica, a proposta refor\u00e7a os princ\u00edpios da igualdade material e da dignidade<br \/>\nda pessoa humana, garantindo que as pol\u00edticas inclusivas atendam diretamente os<br \/>\nmais necessitados, independentemente de ra\u00e7a, etnia ou cor.<\/p>\n<p>Por entender que esta Casa Legislativa deve priorizar a<br \/>\njusti\u00e7a social e a universalidade de acesso \u00e0 educa\u00e7\u00e3o, solicita-se a aprova\u00e7\u00e3o desta<br \/>\nproposta, que contribuir\u00e1 para fortalecer o papel transformador da educa\u00e7\u00e3o e<br \/>\npromover maior equidade no estado de Santa Catarina.<\/p>\n<p>Sala das Sess\u00f5es,<\/p>\n<p>Deputado Jess\u00e9 Lopes (PL\/SC) e demais signat\u00e1rios.<\/p>\n<p>ELEGIS<br \/>\nDocumento assinado eletronicamente por Ana Caroline<br \/>\nSistema de Processo<br \/>\nCampagnolo, em 11\/12\/2024, \u00e0s 15:40.<br \/>\nLegislativo Eletr\u00f4nico<br \/>\nELEGIS<br \/>\nDocumento assinado eletronicamente por Ivan Naatz, em<br \/>\nSistema de Processo<br \/>\n23\/05\/2025, \u00e0s 11:23.<br \/>\nLegislativo Eletr\u00f4nico<br \/>\nELEGIS<br \/>\nDocumento assinado eletronicamente por Jess\u00e9 de Faria Lopes,<br \/>\nSistema de Processo<br \/>\nem 11\/12\/2024, \u00e0s 15:02.<br \/>\nLegislativo Eletr\u00f4nico<br \/>\nELEGIS<br \/>\nDocumento assinado eletronicamente por Maur\u00edcio Jos\u00e9<br \/>\nSistema de Processo<br \/>\nEskudlark, em 22\/05\/2025, \u00e0s 13:13.<br \/>\nLegislativo Eletr\u00f4nico<br \/>\nELEGIS<br \/>\nDocumento assinado eletronicamente por Nilso Jos\u00e9 Berlanda,<br \/>\nSistema de Processo<br \/>\nem 13\/12\/2024, \u00e0s 11:41.<br \/>\nLegislativo Eletr\u00f4nico<br \/>\nELEGIS<br \/>\nDocumento assinado eletronicamente por Carlos Henrique de<br \/>\nSistema de Processo<br \/>\nLima, em 11\/12\/2024, \u00e0s 16:45.<br \/>\nLegislativo Eletr\u00f4nicoELEGIS<br \/>\nDocumento assinado eletronicamente por Volnei Weber, em<br \/>\nSistema de Processo<br \/>\n22\/05\/2025, \u00e0s 21:10.<br \/>\nLegislativo Eletr\u00f4nico<br \/>\nELEGIS<br \/>\nDocumento assinado eletronicamente por Ant\u00eddio Aleixo<br \/>\nSistema de Processo<br \/>\nLunelli, em 11\/12\/2024, \u00e0s 17:32.<br \/>\nLegislativo Eletr\u00f4nico<br \/>\nELEGIS<br \/>\nDocumento assinado eletronicamente por Carlos Humberto<br \/>\nSistema de Processo<br \/>\nMetzner Silva, em 22\/05\/2025, \u00e0s 11:33.<br \/>\nLegislativo Eletr\u00f4nico<br \/>\nELEGIS<br \/>\nDocumento assinado eletronicamente por Edilson Massocco, em<br \/>\nSistema de Processo<br \/>\n11\/12\/2024, \u00e0s 16:55.<br \/>\nLegislativo Eletr\u00f4nico<br \/>\nELEGIS<br \/>\nDocumento assinado eletronicamente por Egidio Maciel<br \/>\nSistema de Processo<br \/>\nFerrari, em 17\/12\/2024, \u00e0s 13:25.<br \/>\nLegislativo Eletr\u00f4nico<br \/>\nELEGIS<br \/>\nDocumento assinado eletronicamente por Estener Soratto da<br \/>\nSistema de Processo<br \/>\nSilva Junior, em 11\/12\/2024, \u00e0s 16:50.<br \/>\nLegislativo Eletr\u00f4nico<br \/>\nELEGIS<br \/>\nDocumento assinado eletronicamente por Lucas Felipe Melo<br \/>\nSistema de Processo<br \/>\nNeves, em 11\/12\/2024, \u00e0s 18:45.<br \/>\nLegislativo Eletr\u00f4nico<br \/>\nELEGIS<br \/>\nDocumento assinado eletronicamente por Marcos da Rosa, em<br \/>\nSistema de Processo<br \/>\n23\/05\/2025, \u00e0s 10:28.<br \/>\nLegislativo Eletr\u00f4nico<br \/>\nELEGIS<br \/>\nDocumento assinado eletronicamente por Matheus Andreis<br \/>\nSistema de Processo<br \/>\nCadorin, em 21\/05\/2025, \u00e0s 16:40.<br \/>\nLegislativo Eletr\u00f4nico<br \/>\nELEGIS<br \/>\nDocumento assinado eletronicamente por Oscar Gutz, em<br \/>\nSistema de Processo<br \/>\n11\/12\/2024, \u00e0s 18:33.<br \/>\nLegislativo Eletr\u00f4nico<br \/>\nELEGIS<br \/>\nDocumento assinado eletronicamente por Maur\u00edcio Fernando<br \/>\nSistema de Processo<br \/>\nPeixer, em 22\/05\/2025, \u00e0s 11:15.<br \/>\nLegislativo Eletr\u00f4nico<br \/>\nELEGIS<br \/>\nDocumento assinado eletronicamente por Alexander Brasil<br \/>\nSistema de Processo<br \/>\nAlves Pereira, em 06\/03\/2025, \u00e0s 13:50.<br \/>\nLegislativo Eletr\u00f4nico<br \/>\nELEGIS<br \/>\nDocumento assinado eletronicamente por Silvio Cardoso<br \/>\nSistema de Processo<br \/>\nJunior, em 06\/03\/2025, \u00e0s 07:27.<br \/>\nLegislativo Eletr\u00f4nico<br \/>\nELEGIS<br \/>\nDocumento assinado eletronicamente por Thiago da Silva<br \/>\nSistema de Processo<br \/>\nMorastoni, em 22\/05\/2025, \u00e0s 15:13.<br \/>\nLegislativo Eletr\u00f4nico<\/article>\n<div style=\"text-align: center\">\n<div style=\"margin-bottom: 20px;\" class=\"et_pb_button_module_wrapper et_pb_button_5_tb_body_wrapper et_pb_button_alignment_center et_pb_module \">\n         <a class=\"et_pb_button et_pb_button_5_tb_body et_hover_enabled et_pb_bg_layout_dark\" style=\"width: 50%;background-color: black;\" href=\"https:\/\/app.legislapp.com.br\" target=\"_blank\" rel=\"noopener\">Visualizar completo na nossa plataforma (30 dias gr\u00e1tis)<\/a><\/p><\/div>\n<p>      <a href=\"https:\/\/play.google.com\/store\/apps\/details?id=br.com.legislapp\"><img decoding=\"async\" style=\"width: 15%; min-width: 130px;\" src=\"https:\/\/www.legislapp.com.br\/wp-content\/uploads\/google-play.png\"><\/a><br \/>\n      <a href=\"https:\/\/apps.apple.com\/us\/app\/legislapp\/id1568929859\"><img decoding=\"async\" style=\"width: 15%; min-width: 130px\" src=\"https:\/\/www.legislapp.com.br\/wp-content\/uploads\/apple-store.png\"><\/a>\n   <\/div>\n","protected":false},"excerpt":{"rendered":"<p>C\u00e2m. Legislativa de SC &#8211; Autoria de Jess\u00e9 Lopes Acrescenta art. 169-A \u00e0 Constitui\u00e7\u00e3o do Estado de Santa Catarina, para dispor sobre a ado\u00e7\u00e3o de a\u00e7\u00f5es afirmativas exclusivamente com base em crit\u00e9rios socioecon\u00f4micos nas institui\u00e7\u00f5es estaduais de ensino superior. ASSEMBLEIA LEGISLATIVA GABINETE DEPUTADO ESTADO DE SANTA CATARINA JESS\u00c9 LOPES PROPOSTA DE EMENDA \u00c0 CONSTITUI\u00c7\u00c3O DO [&hellip;]<\/p>\n","protected":false},"author":1,"featured_media":0,"parent":0,"menu_order":0,"comment_status":"closed","ping_status":"closed","template":"page-template-blank.php","meta":{"_et_pb_use_builder":"","_et_pb_old_content":"","_et_gb_content_width":"1080","ngg_post_thumbnail":0,"footnotes":""},"class_list":["post-7746","page","type-page","status-publish","hentry"],"yoast_head":"<!-- This site is optimized with the Yoast SEO plugin v24.4 - https:\/\/yoast.com\/wordpress\/plugins\/seo\/ -->\n<title>PEC\/0004\/2025 - Jess\u00e9 Lopes - Legislapp<\/title>\n<meta name=\"robots\" content=\"index, follow, max-snippet:-1, max-image-preview:large, max-video-preview:-1\" \/>\n<link rel=\"canonical\" href=\"https:\/\/www.legislapp.com.br\/index.php\/cam-legislativa-de-sc-pec-0004-2025\/\" \/>\n<meta property=\"og:locale\" content=\"pt_BR\" \/>\n<meta property=\"og:type\" content=\"article\" \/>\n<meta property=\"og:title\" content=\"PEC\/0004\/2025 - Jess\u00e9 Lopes - Legislapp\" \/>\n<meta property=\"og:description\" content=\"C\u00e2m. Legislativa de SC &#8211; Autoria de Jess\u00e9 Lopes Acrescenta art. 169-A \u00e0 Constitui\u00e7\u00e3o do Estado de Santa Catarina, para dispor sobre a ado\u00e7\u00e3o de a\u00e7\u00f5es afirmativas exclusivamente com base em crit\u00e9rios socioecon\u00f4micos nas institui\u00e7\u00f5es estaduais de ensino superior. ASSEMBLEIA LEGISLATIVA GABINETE DEPUTADO ESTADO DE SANTA CATARINA JESS\u00c9 LOPES PROPOSTA DE EMENDA \u00c0 CONSTITUI\u00c7\u00c3O DO [&hellip;]\" \/>\n<meta property=\"og:url\" content=\"https:\/\/www.legislapp.com.br\/index.php\/cam-legislativa-de-sc-pec-0004-2025\/\" \/>\n<meta property=\"og:site_name\" content=\"Legislapp\" \/>\n<meta property=\"article:publisher\" content=\"https:\/\/www.instagram.com\/legislapp\/\" \/>\n<meta property=\"og:image\" content=\"https:\/\/www.legislapp.com.br\/wp-content\/uploads\/google-play.png\" \/>\n<meta name=\"twitter:card\" content=\"summary_large_image\" \/>\n<meta name=\"twitter:label1\" content=\"Est. tempo de leitura\" \/>\n\t<meta name=\"twitter:data1\" content=\"4 minutos\" \/>\n<script type=\"application\/ld+json\" class=\"yoast-schema-graph\">{\"@context\":\"https:\/\/schema.org\",\"@graph\":[{\"@type\":\"WebPage\",\"@id\":\"https:\/\/www.legislapp.com.br\/index.php\/cam-legislativa-de-sc-pec-0004-2025\/\",\"url\":\"https:\/\/www.legislapp.com.br\/index.php\/cam-legislativa-de-sc-pec-0004-2025\/\",\"name\":\"PEC\/0004\/2025 - Jess\u00e9 Lopes - Legislapp\",\"isPartOf\":{\"@id\":\"https:\/\/www.legislapp.com.br\/#website\"},\"primaryImageOfPage\":{\"@id\":\"https:\/\/www.legislapp.com.br\/index.php\/cam-legislativa-de-sc-pec-0004-2025\/#primaryimage\"},\"image\":{\"@id\":\"https:\/\/www.legislapp.com.br\/index.php\/cam-legislativa-de-sc-pec-0004-2025\/#primaryimage\"},\"thumbnailUrl\":\"https:\/\/www.legislapp.com.br\/wp-content\/uploads\/google-play.png\",\"datePublished\":\"2025-09-17T16:48:09+00:00\",\"breadcrumb\":{\"@id\":\"https:\/\/www.legislapp.com.br\/index.php\/cam-legislativa-de-sc-pec-0004-2025\/#breadcrumb\"},\"inLanguage\":\"pt-BR\",\"potentialAction\":[{\"@type\":\"ReadAction\",\"target\":[\"https:\/\/www.legislapp.com.br\/index.php\/cam-legislativa-de-sc-pec-0004-2025\/\"]}]},{\"@type\":\"ImageObject\",\"inLanguage\":\"pt-BR\",\"@id\":\"https:\/\/www.legislapp.com.br\/index.php\/cam-legislativa-de-sc-pec-0004-2025\/#primaryimage\",\"url\":\"https:\/\/www.legislapp.com.br\/wp-content\/uploads\/google-play.png\",\"contentUrl\":\"https:\/\/www.legislapp.com.br\/wp-content\/uploads\/google-play.png\",\"width\":564,\"height\":168},{\"@type\":\"BreadcrumbList\",\"@id\":\"https:\/\/www.legislapp.com.br\/index.php\/cam-legislativa-de-sc-pec-0004-2025\/#breadcrumb\",\"itemListElement\":[{\"@type\":\"ListItem\",\"position\":1,\"name\":\"In\u00edcio\",\"item\":\"https:\/\/www.legislapp.com.br\/\"},{\"@type\":\"ListItem\",\"position\":2,\"name\":\"PEC\/0004\/2025 &#8211; Jess\u00e9 Lopes\"}]},{\"@type\":\"WebSite\",\"@id\":\"https:\/\/www.legislapp.com.br\/#website\",\"url\":\"https:\/\/www.legislapp.com.br\/\",\"name\":\"Legislapp\",\"description\":\"Intelig\u00eancia governamental em tempo real\",\"publisher\":{\"@id\":\"https:\/\/www.legislapp.com.br\/#organization\"},\"potentialAction\":[{\"@type\":\"SearchAction\",\"target\":{\"@type\":\"EntryPoint\",\"urlTemplate\":\"https:\/\/www.legislapp.com.br\/?s={search_term_string}\"},\"query-input\":{\"@type\":\"PropertyValueSpecification\",\"valueRequired\":true,\"valueName\":\"search_term_string\"}}],\"inLanguage\":\"pt-BR\"},{\"@type\":\"Organization\",\"@id\":\"https:\/\/www.legislapp.com.br\/#organization\",\"name\":\"Legislapp Monitoramento e Intelig\u00eancia Governamental\",\"url\":\"https:\/\/www.legislapp.com.br\/\",\"logo\":{\"@type\":\"ImageObject\",\"inLanguage\":\"pt-BR\",\"@id\":\"https:\/\/www.legislapp.com.br\/#\/schema\/logo\/image\/\",\"url\":\"https:\/\/www.legislapp.com.br\/wp-content\/uploads\/icon.png\",\"contentUrl\":\"https:\/\/www.legislapp.com.br\/wp-content\/uploads\/icon.png\",\"width\":1024,\"height\":1024,\"caption\":\"Legislapp Monitoramento e Intelig\u00eancia Governamental\"},\"image\":{\"@id\":\"https:\/\/www.legislapp.com.br\/#\/schema\/logo\/image\/\"},\"sameAs\":[\"https:\/\/www.instagram.com\/legislapp\/\"]}]}<\/script>\n<!-- \/ Yoast SEO plugin. -->","yoast_head_json":{"title":"PEC\/0004\/2025 - Jess\u00e9 Lopes - Legislapp","robots":{"index":"index","follow":"follow","max-snippet":"max-snippet:-1","max-image-preview":"max-image-preview:large","max-video-preview":"max-video-preview:-1"},"canonical":"https:\/\/www.legislapp.com.br\/index.php\/cam-legislativa-de-sc-pec-0004-2025\/","og_locale":"pt_BR","og_type":"article","og_title":"PEC\/0004\/2025 - Jess\u00e9 Lopes - Legislapp","og_description":"C\u00e2m. Legislativa de SC &#8211; Autoria de Jess\u00e9 Lopes Acrescenta art. 169-A \u00e0 Constitui\u00e7\u00e3o do Estado de Santa Catarina, para dispor sobre a ado\u00e7\u00e3o de a\u00e7\u00f5es afirmativas exclusivamente com base em crit\u00e9rios socioecon\u00f4micos nas institui\u00e7\u00f5es estaduais de ensino superior. ASSEMBLEIA LEGISLATIVA GABINETE DEPUTADO ESTADO DE SANTA CATARINA JESS\u00c9 LOPES PROPOSTA DE EMENDA \u00c0 CONSTITUI\u00c7\u00c3O DO [&hellip;]","og_url":"https:\/\/www.legislapp.com.br\/index.php\/cam-legislativa-de-sc-pec-0004-2025\/","og_site_name":"Legislapp","article_publisher":"https:\/\/www.instagram.com\/legislapp\/","og_image":[{"url":"https:\/\/www.legislapp.com.br\/wp-content\/uploads\/google-play.png","type":"","width":"","height":""}],"twitter_card":"summary_large_image","twitter_misc":{"Est. tempo de leitura":"4 minutos"},"schema":{"@context":"https:\/\/schema.org","@graph":[{"@type":"WebPage","@id":"https:\/\/www.legislapp.com.br\/index.php\/cam-legislativa-de-sc-pec-0004-2025\/","url":"https:\/\/www.legislapp.com.br\/index.php\/cam-legislativa-de-sc-pec-0004-2025\/","name":"PEC\/0004\/2025 - Jess\u00e9 Lopes - Legislapp","isPartOf":{"@id":"https:\/\/www.legislapp.com.br\/#website"},"primaryImageOfPage":{"@id":"https:\/\/www.legislapp.com.br\/index.php\/cam-legislativa-de-sc-pec-0004-2025\/#primaryimage"},"image":{"@id":"https:\/\/www.legislapp.com.br\/index.php\/cam-legislativa-de-sc-pec-0004-2025\/#primaryimage"},"thumbnailUrl":"https:\/\/www.legislapp.com.br\/wp-content\/uploads\/google-play.png","datePublished":"2025-09-17T16:48:09+00:00","breadcrumb":{"@id":"https:\/\/www.legislapp.com.br\/index.php\/cam-legislativa-de-sc-pec-0004-2025\/#breadcrumb"},"inLanguage":"pt-BR","potentialAction":[{"@type":"ReadAction","target":["https:\/\/www.legislapp.com.br\/index.php\/cam-legislativa-de-sc-pec-0004-2025\/"]}]},{"@type":"ImageObject","inLanguage":"pt-BR","@id":"https:\/\/www.legislapp.com.br\/index.php\/cam-legislativa-de-sc-pec-0004-2025\/#primaryimage","url":"https:\/\/www.legislapp.com.br\/wp-content\/uploads\/google-play.png","contentUrl":"https:\/\/www.legislapp.com.br\/wp-content\/uploads\/google-play.png","width":564,"height":168},{"@type":"BreadcrumbList","@id":"https:\/\/www.legislapp.com.br\/index.php\/cam-legislativa-de-sc-pec-0004-2025\/#breadcrumb","itemListElement":[{"@type":"ListItem","position":1,"name":"In\u00edcio","item":"https:\/\/www.legislapp.com.br\/"},{"@type":"ListItem","position":2,"name":"PEC\/0004\/2025 &#8211; Jess\u00e9 Lopes"}]},{"@type":"WebSite","@id":"https:\/\/www.legislapp.com.br\/#website","url":"https:\/\/www.legislapp.com.br\/","name":"Legislapp","description":"Intelig\u00eancia governamental em tempo real","publisher":{"@id":"https:\/\/www.legislapp.com.br\/#organization"},"potentialAction":[{"@type":"SearchAction","target":{"@type":"EntryPoint","urlTemplate":"https:\/\/www.legislapp.com.br\/?s={search_term_string}"},"query-input":{"@type":"PropertyValueSpecification","valueRequired":true,"valueName":"search_term_string"}}],"inLanguage":"pt-BR"},{"@type":"Organization","@id":"https:\/\/www.legislapp.com.br\/#organization","name":"Legislapp Monitoramento e Intelig\u00eancia Governamental","url":"https:\/\/www.legislapp.com.br\/","logo":{"@type":"ImageObject","inLanguage":"pt-BR","@id":"https:\/\/www.legislapp.com.br\/#\/schema\/logo\/image\/","url":"https:\/\/www.legislapp.com.br\/wp-content\/uploads\/icon.png","contentUrl":"https:\/\/www.legislapp.com.br\/wp-content\/uploads\/icon.png","width":1024,"height":1024,"caption":"Legislapp Monitoramento e Intelig\u00eancia Governamental"},"image":{"@id":"https:\/\/www.legislapp.com.br\/#\/schema\/logo\/image\/"},"sameAs":["https:\/\/www.instagram.com\/legislapp\/"]}]}},"_links":{"self":[{"href":"https:\/\/www.legislapp.com.br\/index.php\/wp-json\/wp\/v2\/pages\/7746","targetHints":{"allow":["GET"]}}],"collection":[{"href":"https:\/\/www.legislapp.com.br\/index.php\/wp-json\/wp\/v2\/pages"}],"about":[{"href":"https:\/\/www.legislapp.com.br\/index.php\/wp-json\/wp\/v2\/types\/page"}],"author":[{"embeddable":true,"href":"https:\/\/www.legislapp.com.br\/index.php\/wp-json\/wp\/v2\/users\/1"}],"replies":[{"embeddable":true,"href":"https:\/\/www.legislapp.com.br\/index.php\/wp-json\/wp\/v2\/comments?post=7746"}],"version-history":[{"count":0,"href":"https:\/\/www.legislapp.com.br\/index.php\/wp-json\/wp\/v2\/pages\/7746\/revisions"}],"wp:attachment":[{"href":"https:\/\/www.legislapp.com.br\/index.php\/wp-json\/wp\/v2\/media?parent=7746"}],"curies":[{"name":"wp","href":"https:\/\/api.w.org\/{rel}","templated":true}]}}