{"id":7771,"date":"2025-09-17T13:49:31","date_gmt":"2025-09-17T16:49:31","guid":{"rendered":"https:\/\/www.legislapp.com.br\/index.php\/cam-legislativa-de-pe-pl-2942-2025\/"},"modified":"2025-09-17T13:49:31","modified_gmt":"2025-09-17T16:49:31","slug":"cam-legislativa-de-pe-pl-2942-2025","status":"publish","type":"page","link":"https:\/\/www.legislapp.com.br\/index.php\/cam-legislativa-de-pe-pl-2942-2025\/","title":{"rendered":"PL 2942\/2025 &#8211; Renato Antunes"},"content":{"rendered":"<h1 style='text-align: center;'>C\u00e2m. Legislativa de PE &#8211; Autoria de Renato Antunes<br \/><img src='https:\/\/www.alepe.pe.gov.br\/\/wp-content\/uploads\/2023\/02\/RENATO-ANTUNES-1-scaled-e1675861722530.jpg' alt='Renato Antunes' \/><\/h3>\n<p><\/p>\n<article style='text-align: center'>O presente Projeto de Lei pretende a reinstitui\u00e7\u00e3o do benef\u00edcio de n\u00e3o cobran\u00e7a de ICMS nas contas de servi\u00e7os p\u00fablicos estaduais &#8211; energia e \u00e1gua &#8211; de igrejas, templos de qualquer culto, Santas Casas de Miseric\u00f3rdia, Associa\u00e7\u00f5es Brasileiras Beneficentes de Reabilita\u00e7\u00e3o &#8211; ABBRs, Associa\u00e7\u00e3o Fluminense de Reabilita\u00e7\u00e3o &#8211; AFR, Associa\u00e7\u00f5es de Pais e Amigos dos Excepcionais &#8211; APAEs e Associa\u00e7\u00f5es Pestalozzi, que anteriormente vigorava no Estado de Pernambuco.<\/p>\n<p>A isen\u00e7\u00e3o de ICMS para os templos religiosos e entidades beneficentes que desenvolvem trabalhos sociais de apoio a comunidade se trata uma quest\u00e3o que envolve o respeito a liberdade religiosa e a promo\u00e7\u00e3o de pol\u00edticas de desenvolvimento social, direitos fundamentais garantidos na Carta Magna brasileira. Essa isen\u00e7\u00e3o reconhece o papel social relevante que essas entidades desempenham na sociedade e nas comunidades locais, auxiliando a popula\u00e7\u00e3o mais carente, servindo de apoio para crian\u00e7as e idosos e promovendo atividades de lazer, cultura e aproxima\u00e7\u00e3o comunit\u00e1ria.<\/p>\n<p>Os templos religiosos s\u00e3o espa\u00e7os de acolhimento, orienta\u00e7\u00e3o e conforto para as pessoas que buscam praticar sua f\u00e9 e expressar suas cren\u00e7as. Eles tamb\u00e9m desenvolvem a\u00e7\u00f5es sociais de grande valor, como aux\u00edlio aos mais pobres, distribui\u00e7\u00e3o de alimentos e roupas, assist\u00eancia aos enfermos e idosos, al\u00e9m de organizarem eventos culturais, que valorizam a diversidade e a integra\u00e7\u00e3o social.<\/p>\n<p>A isen\u00e7\u00e3o do ICMS incidente no fornecimento de energia el\u00e9trica e g\u00e1s e \u00e1gua para templos religiosos e entidades beneficentes possibilita que essas entidades mantenham suas atividades de apoio a comunidade e da popula\u00e7\u00e3o mais carente sem comprometer sua sustentabilidade financeira e administrativa, haja vista estarem desenvolvendo atividades de interesse p\u00fablico, algumas delas inclusive que seriam de atribui\u00e7\u00e3o da administra\u00e7\u00e3o p\u00fablica, como, por exemplo, as atividades de assist\u00eancia social e acolhimento que desenvolvem.<\/p>\n<p>Vale ainda elucidar que essa desonera\u00e7\u00e3o n\u00e3o \u00e9 uma prerrogativa apenas no nosso pa\u00eds, mas tamb\u00e9m de outros pa\u00edses que reconhecem a import\u00e2ncia dessas entidades para o bem-estar social, como, por exemplo, Fran\u00e7a e Estados Unidos.<\/p>\n<p>Portanto, a isen\u00e7\u00e3o de ICMS para templos religiosos e entidades beneficentes que desenvolvem trabalhos para a comunidade se trata de medida que visa garantir a liberdade religiosa e a valoriza\u00e7\u00e3o do trabalho social que essas entidades realizam, contribuindo para o desenvolvimento humano e social da popula\u00e7\u00e3o Pernambucana, revelando o forte interesse p\u00fablico que envolve esta pol\u00edtica.<\/article>\n<p><\/p>\n<p style='text-align: center'><a href='https:\/\/app.legislapp.com.br\/#\/busca?termo='><\/a><\/p>\n<p><\/p>\n<article>\u00a0\u00a0\u00a0\u00a0\u00a0Art. 1\u00ba Fica proibida,\u00a0no ambito do Estado de Pernambuco, a cobran\u00e7a do Imposto sobre Circula\u00e7\u00e3o de Mercadorias e Servi\u00e7os &#8211; ICMS nas conta-contratos de servi\u00e7os p\u00fablicos de fornecimento de energia el\u00e9trica e \u00e1gua pot\u00e1vel e esgotamento sanit\u00e1rio de:<\/p>\n<p>\u00a0\u00a0\u00a0\u00a0\u00a0I &#8211;\u00a0igrejas;<\/p>\n<p>\u00a0\u00a0\u00a0\u00a0\u00a0II &#8211;\u00a0 templos de qualquer culto;<\/p>\n<p>\u00a0\u00a0\u00a0\u00a0\u00a0III &#8211; santas casas de miseric\u00f3rdia;<\/p>\n<p>\u00a0\u00a0\u00a0\u00a0\u00a0IV &#8211; associa\u00e7\u00f5es brasileiras beneficentes de reabilita\u00e7\u00e3o &#8211;\u00a0ABBRs; e<\/p>\n<p>\u00a0\u00a0\u00a0\u00a0\u00a0V &#8211; associa\u00e7\u00f5es e centros de Reabilita\u00e7\u00e3o e Associa\u00e7\u00f5es de Pais e Amigos dos Excepcionais &#8211;\u00a0APAEs.<\/p>\n<p>\u00a0\u00a0\u00a0\u00a0\u00a0\u00a7 1\u00ba Os im\u00f3veis atrelados as conta-contratos devem ser de propriedade das entidades referidas nos incisos I a V deste artigo\u00a0ou estarem, comprovadamente, sob sua posse direta.<\/p>\n<p>\u00a0\u00a0\u00a0\u00a0\u00a0\u00a7 2\u00ba Para fazer jus ao benef\u00edcio previsto no caput deste artigo, os templos de qualquer culto e as demais institui\u00e7\u00f5es mencionadas dever\u00e3o formular requerimento perante a Secretaria de Estado de Fazenda demonstrando a destina\u00e7\u00e3o institucional do im\u00f3vel imune compat\u00edvel com suas finalidades essenciais.<\/p>\n<p>\u00a0\u00a0\u00a0\u00a0\u00a0\u00a7 3\u00ba Nos casos em que o im\u00f3vel n\u00e3o for pr\u00f3prio, a comprova\u00e7\u00e3o do funcionamento dever\u00e1 se dar atrav\u00e9s de contrato de loca\u00e7\u00e3o ou comodato devidamente registrado, da justificativa de posse judicial ou outro meio que lhe valha.<\/p>\n<p>\u00a0\u00a0\u00a0\u00a0\u00a0Art. 2\u00ba Fica o Estado de Pernambuco desobrigado de restituir os cr\u00e9ditos tribut\u00e1rios arrecadados at\u00e9 a data da vig\u00eancia desta Lei.<\/p>\n<p>\u00a0\u00a0\u00a0\u00a0\u00a0Art. 3\u00ba As concession\u00e1rias de servi\u00e7o p\u00fablico, para os fins desta Lei, dever\u00e3o mencionar, no documento fiscal que emitirem para as entidades previstas no art. 1\u00ba, que a presta\u00e7\u00e3o ou a opera\u00e7\u00e3o est\u00e1 amparada pela isen\u00e7\u00e3o prevista nesta Lei.<\/p>\n<p>\u00a0\u00a0\u00a0\u00a0\u00a0Par\u00e1grafo \u00fanico. O n\u00e3o cumprimento do disposto neste artigo sujeitar\u00e1 as concession\u00e1rias de servi\u00e7os p\u00fablicos ao recolhimento do imposto sobre opera\u00e7\u00f5es relativas \u00e0 circula\u00e7\u00e3o de mercadorias e sobre presta\u00e7\u00f5es de servi\u00e7os de transporte interestadual e intermunicipal e de comunica\u00e7\u00e3o, ICMS, que deixarem de incluir nos documentos fiscais emitidos.<\/p>\n<p>\u00a0\u00a0\u00a0\u00a0\u00a0Art. 4\u00ba Esta Lei entra em vigor na data de sua publica\u00e7\u00e3o, produzindo efeitos at\u00e9 31 de dezembro de 2030.<\/article>\n<div style=\"text-align: center\">\n<div style=\"margin-bottom: 20px;\" class=\"et_pb_button_module_wrapper et_pb_button_5_tb_body_wrapper et_pb_button_alignment_center et_pb_module \">\n         <a class=\"et_pb_button et_pb_button_5_tb_body et_hover_enabled et_pb_bg_layout_dark\" style=\"width: 50%;background-color: black;\" href=\"https:\/\/app.legislapp.com.br\" target=\"_blank\" rel=\"noopener\">Visualizar completo na nossa plataforma (30 dias gr\u00e1tis)<\/a><\/p><\/div>\n<p>      <a href=\"https:\/\/play.google.com\/store\/apps\/details?id=br.com.legislapp\"><img decoding=\"async\" style=\"width: 15%; min-width: 130px;\" src=\"https:\/\/www.legislapp.com.br\/wp-content\/uploads\/google-play.png\"><\/a><br \/>\n      <a href=\"https:\/\/apps.apple.com\/us\/app\/legislapp\/id1568929859\"><img decoding=\"async\" style=\"width: 15%; min-width: 130px\" src=\"https:\/\/www.legislapp.com.br\/wp-content\/uploads\/apple-store.png\"><\/a>\n   <\/div>\n","protected":false},"excerpt":{"rendered":"<p>C\u00e2m. Legislativa de PE &#8211; Autoria de Renato Antunes O presente Projeto de Lei pretende a reinstitui\u00e7\u00e3o do benef\u00edcio de n\u00e3o cobran\u00e7a de ICMS nas contas de servi\u00e7os p\u00fablicos estaduais &#8211; energia e \u00e1gua &#8211; de igrejas, templos de qualquer culto, Santas Casas de Miseric\u00f3rdia, Associa\u00e7\u00f5es Brasileiras Beneficentes de Reabilita\u00e7\u00e3o &#8211; ABBRs, Associa\u00e7\u00e3o Fluminense de [&hellip;]<\/p>\n","protected":false},"author":1,"featured_media":0,"parent":0,"menu_order":0,"comment_status":"closed","ping_status":"closed","template":"page-template-blank.php","meta":{"_et_pb_use_builder":"","_et_pb_old_content":"","_et_gb_content_width":"1080","ngg_post_thumbnail":0,"footnotes":""},"class_list":["post-7771","page","type-page","status-publish","hentry"],"yoast_head":"<!-- This site is optimized with the Yoast SEO plugin v24.4 - https:\/\/yoast.com\/wordpress\/plugins\/seo\/ -->\n<title>PL 2942\/2025 - Renato Antunes - Legislapp<\/title>\n<meta name=\"robots\" content=\"index, follow, max-snippet:-1, max-image-preview:large, max-video-preview:-1\" \/>\n<link rel=\"canonical\" href=\"https:\/\/www.legislapp.com.br\/index.php\/cam-legislativa-de-pe-pl-2942-2025\/\" \/>\n<meta property=\"og:locale\" content=\"pt_BR\" \/>\n<meta property=\"og:type\" content=\"article\" \/>\n<meta property=\"og:title\" content=\"PL 2942\/2025 - Renato Antunes - Legislapp\" \/>\n<meta property=\"og:description\" content=\"C\u00e2m. Legislativa de PE &#8211; Autoria de Renato Antunes O presente Projeto de Lei pretende a reinstitui\u00e7\u00e3o do benef\u00edcio de n\u00e3o cobran\u00e7a de ICMS nas contas de servi\u00e7os p\u00fablicos estaduais &#8211; energia e \u00e1gua &#8211; de igrejas, templos de qualquer culto, Santas Casas de Miseric\u00f3rdia, Associa\u00e7\u00f5es Brasileiras Beneficentes de Reabilita\u00e7\u00e3o &#8211; ABBRs, Associa\u00e7\u00e3o Fluminense de [&hellip;]\" \/>\n<meta property=\"og:url\" content=\"https:\/\/www.legislapp.com.br\/index.php\/cam-legislativa-de-pe-pl-2942-2025\/\" \/>\n<meta property=\"og:site_name\" content=\"Legislapp\" \/>\n<meta property=\"article:publisher\" content=\"https:\/\/www.instagram.com\/legislapp\/\" \/>\n<meta property=\"og:image\" content=\"https:\/\/www.alepe.pe.gov.br\/\/wp-content\/uploads\/2023\/02\/RENATO-ANTUNES-1-scaled-e1675861722530.jpg\" \/>\n<meta name=\"twitter:card\" content=\"summary_large_image\" \/>\n<meta name=\"twitter:label1\" content=\"Est. tempo de leitura\" \/>\n\t<meta name=\"twitter:data1\" content=\"4 minutos\" \/>\n<script type=\"application\/ld+json\" class=\"yoast-schema-graph\">{\"@context\":\"https:\/\/schema.org\",\"@graph\":[{\"@type\":\"WebPage\",\"@id\":\"https:\/\/www.legislapp.com.br\/index.php\/cam-legislativa-de-pe-pl-2942-2025\/\",\"url\":\"https:\/\/www.legislapp.com.br\/index.php\/cam-legislativa-de-pe-pl-2942-2025\/\",\"name\":\"PL 2942\/2025 - Renato Antunes - Legislapp\",\"isPartOf\":{\"@id\":\"https:\/\/www.legislapp.com.br\/#website\"},\"primaryImageOfPage\":{\"@id\":\"https:\/\/www.legislapp.com.br\/index.php\/cam-legislativa-de-pe-pl-2942-2025\/#primaryimage\"},\"image\":{\"@id\":\"https:\/\/www.legislapp.com.br\/index.php\/cam-legislativa-de-pe-pl-2942-2025\/#primaryimage\"},\"thumbnailUrl\":\"https:\/\/www.alepe.pe.gov.br\/\/wp-content\/uploads\/2023\/02\/RENATO-ANTUNES-1-scaled-e1675861722530.jpg\",\"datePublished\":\"2025-09-17T16:49:31+00:00\",\"breadcrumb\":{\"@id\":\"https:\/\/www.legislapp.com.br\/index.php\/cam-legislativa-de-pe-pl-2942-2025\/#breadcrumb\"},\"inLanguage\":\"pt-BR\",\"potentialAction\":[{\"@type\":\"ReadAction\",\"target\":[\"https:\/\/www.legislapp.com.br\/index.php\/cam-legislativa-de-pe-pl-2942-2025\/\"]}]},{\"@type\":\"ImageObject\",\"inLanguage\":\"pt-BR\",\"@id\":\"https:\/\/www.legislapp.com.br\/index.php\/cam-legislativa-de-pe-pl-2942-2025\/#primaryimage\",\"url\":\"https:\/\/www.alepe.pe.gov.br\/\/wp-content\/uploads\/2023\/02\/RENATO-ANTUNES-1-scaled-e1675861722530.jpg\",\"contentUrl\":\"https:\/\/www.alepe.pe.gov.br\/\/wp-content\/uploads\/2023\/02\/RENATO-ANTUNES-1-scaled-e1675861722530.jpg\"},{\"@type\":\"BreadcrumbList\",\"@id\":\"https:\/\/www.legislapp.com.br\/index.php\/cam-legislativa-de-pe-pl-2942-2025\/#breadcrumb\",\"itemListElement\":[{\"@type\":\"ListItem\",\"position\":1,\"name\":\"In\u00edcio\",\"item\":\"https:\/\/www.legislapp.com.br\/\"},{\"@type\":\"ListItem\",\"position\":2,\"name\":\"PL 2942\/2025 &#8211; Renato Antunes\"}]},{\"@type\":\"WebSite\",\"@id\":\"https:\/\/www.legislapp.com.br\/#website\",\"url\":\"https:\/\/www.legislapp.com.br\/\",\"name\":\"Legislapp\",\"description\":\"Intelig\u00eancia governamental em tempo real\",\"publisher\":{\"@id\":\"https:\/\/www.legislapp.com.br\/#organization\"},\"potentialAction\":[{\"@type\":\"SearchAction\",\"target\":{\"@type\":\"EntryPoint\",\"urlTemplate\":\"https:\/\/www.legislapp.com.br\/?s={search_term_string}\"},\"query-input\":{\"@type\":\"PropertyValueSpecification\",\"valueRequired\":true,\"valueName\":\"search_term_string\"}}],\"inLanguage\":\"pt-BR\"},{\"@type\":\"Organization\",\"@id\":\"https:\/\/www.legislapp.com.br\/#organization\",\"name\":\"Legislapp Monitoramento e Intelig\u00eancia Governamental\",\"url\":\"https:\/\/www.legislapp.com.br\/\",\"logo\":{\"@type\":\"ImageObject\",\"inLanguage\":\"pt-BR\",\"@id\":\"https:\/\/www.legislapp.com.br\/#\/schema\/logo\/image\/\",\"url\":\"https:\/\/www.legislapp.com.br\/wp-content\/uploads\/icon.png\",\"contentUrl\":\"https:\/\/www.legislapp.com.br\/wp-content\/uploads\/icon.png\",\"width\":1024,\"height\":1024,\"caption\":\"Legislapp Monitoramento e Intelig\u00eancia Governamental\"},\"image\":{\"@id\":\"https:\/\/www.legislapp.com.br\/#\/schema\/logo\/image\/\"},\"sameAs\":[\"https:\/\/www.instagram.com\/legislapp\/\"]}]}<\/script>\n<!-- \/ Yoast SEO plugin. -->","yoast_head_json":{"title":"PL 2942\/2025 - Renato Antunes - Legislapp","robots":{"index":"index","follow":"follow","max-snippet":"max-snippet:-1","max-image-preview":"max-image-preview:large","max-video-preview":"max-video-preview:-1"},"canonical":"https:\/\/www.legislapp.com.br\/index.php\/cam-legislativa-de-pe-pl-2942-2025\/","og_locale":"pt_BR","og_type":"article","og_title":"PL 2942\/2025 - Renato Antunes - Legislapp","og_description":"C\u00e2m. Legislativa de PE &#8211; Autoria de Renato Antunes O presente Projeto de Lei pretende a reinstitui\u00e7\u00e3o do benef\u00edcio de n\u00e3o cobran\u00e7a de ICMS nas contas de servi\u00e7os p\u00fablicos estaduais &#8211; energia e \u00e1gua &#8211; de igrejas, templos de qualquer culto, Santas Casas de Miseric\u00f3rdia, Associa\u00e7\u00f5es Brasileiras Beneficentes de Reabilita\u00e7\u00e3o &#8211; ABBRs, Associa\u00e7\u00e3o Fluminense de [&hellip;]","og_url":"https:\/\/www.legislapp.com.br\/index.php\/cam-legislativa-de-pe-pl-2942-2025\/","og_site_name":"Legislapp","article_publisher":"https:\/\/www.instagram.com\/legislapp\/","og_image":[{"url":"https:\/\/www.alepe.pe.gov.br\/\/wp-content\/uploads\/2023\/02\/RENATO-ANTUNES-1-scaled-e1675861722530.jpg","type":"","width":"","height":""}],"twitter_card":"summary_large_image","twitter_misc":{"Est. tempo de leitura":"4 minutos"},"schema":{"@context":"https:\/\/schema.org","@graph":[{"@type":"WebPage","@id":"https:\/\/www.legislapp.com.br\/index.php\/cam-legislativa-de-pe-pl-2942-2025\/","url":"https:\/\/www.legislapp.com.br\/index.php\/cam-legislativa-de-pe-pl-2942-2025\/","name":"PL 2942\/2025 - Renato Antunes - Legislapp","isPartOf":{"@id":"https:\/\/www.legislapp.com.br\/#website"},"primaryImageOfPage":{"@id":"https:\/\/www.legislapp.com.br\/index.php\/cam-legislativa-de-pe-pl-2942-2025\/#primaryimage"},"image":{"@id":"https:\/\/www.legislapp.com.br\/index.php\/cam-legislativa-de-pe-pl-2942-2025\/#primaryimage"},"thumbnailUrl":"https:\/\/www.alepe.pe.gov.br\/\/wp-content\/uploads\/2023\/02\/RENATO-ANTUNES-1-scaled-e1675861722530.jpg","datePublished":"2025-09-17T16:49:31+00:00","breadcrumb":{"@id":"https:\/\/www.legislapp.com.br\/index.php\/cam-legislativa-de-pe-pl-2942-2025\/#breadcrumb"},"inLanguage":"pt-BR","potentialAction":[{"@type":"ReadAction","target":["https:\/\/www.legislapp.com.br\/index.php\/cam-legislativa-de-pe-pl-2942-2025\/"]}]},{"@type":"ImageObject","inLanguage":"pt-BR","@id":"https:\/\/www.legislapp.com.br\/index.php\/cam-legislativa-de-pe-pl-2942-2025\/#primaryimage","url":"https:\/\/www.alepe.pe.gov.br\/\/wp-content\/uploads\/2023\/02\/RENATO-ANTUNES-1-scaled-e1675861722530.jpg","contentUrl":"https:\/\/www.alepe.pe.gov.br\/\/wp-content\/uploads\/2023\/02\/RENATO-ANTUNES-1-scaled-e1675861722530.jpg"},{"@type":"BreadcrumbList","@id":"https:\/\/www.legislapp.com.br\/index.php\/cam-legislativa-de-pe-pl-2942-2025\/#breadcrumb","itemListElement":[{"@type":"ListItem","position":1,"name":"In\u00edcio","item":"https:\/\/www.legislapp.com.br\/"},{"@type":"ListItem","position":2,"name":"PL 2942\/2025 &#8211; Renato Antunes"}]},{"@type":"WebSite","@id":"https:\/\/www.legislapp.com.br\/#website","url":"https:\/\/www.legislapp.com.br\/","name":"Legislapp","description":"Intelig\u00eancia governamental em tempo real","publisher":{"@id":"https:\/\/www.legislapp.com.br\/#organization"},"potentialAction":[{"@type":"SearchAction","target":{"@type":"EntryPoint","urlTemplate":"https:\/\/www.legislapp.com.br\/?s={search_term_string}"},"query-input":{"@type":"PropertyValueSpecification","valueRequired":true,"valueName":"search_term_string"}}],"inLanguage":"pt-BR"},{"@type":"Organization","@id":"https:\/\/www.legislapp.com.br\/#organization","name":"Legislapp Monitoramento e Intelig\u00eancia Governamental","url":"https:\/\/www.legislapp.com.br\/","logo":{"@type":"ImageObject","inLanguage":"pt-BR","@id":"https:\/\/www.legislapp.com.br\/#\/schema\/logo\/image\/","url":"https:\/\/www.legislapp.com.br\/wp-content\/uploads\/icon.png","contentUrl":"https:\/\/www.legislapp.com.br\/wp-content\/uploads\/icon.png","width":1024,"height":1024,"caption":"Legislapp Monitoramento e Intelig\u00eancia Governamental"},"image":{"@id":"https:\/\/www.legislapp.com.br\/#\/schema\/logo\/image\/"},"sameAs":["https:\/\/www.instagram.com\/legislapp\/"]}]}},"_links":{"self":[{"href":"https:\/\/www.legislapp.com.br\/index.php\/wp-json\/wp\/v2\/pages\/7771","targetHints":{"allow":["GET"]}}],"collection":[{"href":"https:\/\/www.legislapp.com.br\/index.php\/wp-json\/wp\/v2\/pages"}],"about":[{"href":"https:\/\/www.legislapp.com.br\/index.php\/wp-json\/wp\/v2\/types\/page"}],"author":[{"embeddable":true,"href":"https:\/\/www.legislapp.com.br\/index.php\/wp-json\/wp\/v2\/users\/1"}],"replies":[{"embeddable":true,"href":"https:\/\/www.legislapp.com.br\/index.php\/wp-json\/wp\/v2\/comments?post=7771"}],"version-history":[{"count":0,"href":"https:\/\/www.legislapp.com.br\/index.php\/wp-json\/wp\/v2\/pages\/7771\/revisions"}],"wp:attachment":[{"href":"https:\/\/www.legislapp.com.br\/index.php\/wp-json\/wp\/v2\/media?parent=7771"}],"curies":[{"name":"wp","href":"https:\/\/api.w.org\/{rel}","templated":true}]}}